{"id":12738,"date":"2025-12-12T17:46:39","date_gmt":"2025-12-12T16:46:39","guid":{"rendered":"https:\/\/test.ecbeaute.com\/?post_type=product&#038;p=12738"},"modified":"2025-12-12T17:46:43","modified_gmt":"2025-12-12T16:46:43","slug":"la-roche-posay-toleriane-vernis-silicium-rouge-parfait","status":"publish","type":"product","link":"https:\/\/paracherkaoui.ma\/index.php\/produit\/la-roche-posay-toleriane-vernis-silicium-rouge-parfait\/","title":{"rendered":"LA ROCHE POSAY TOLERIANE VERNIS SILICIUM ROUGE PARFAIT"},"content":{"rendered":"<p>Ce vernis offre une couleur intense, brillante et longue tenue, tout en apportant un soin quotidien. Le silicium aide \u00e0 fortifier l\u2019ongle en profondeur, tandis que le Mexoryl XL agit comme un filtre UV puissant, maintenant la teinte \u00e9clatante plus longtemps. R\u00e9sultat : vos ongles sont non seulement beaux, mais aussi plus forts, jour apr\u00e8s jour.<br \/>\nCon\u00e7u pour les peaux les plus sensibles, il est hypoallerg\u00e9nique et formul\u00e9 sans formol, tolu\u00e8ne, colophane ni nickel. Ses billes m\u00e9langeuses sans nickel assurent une r\u00e9partition homog\u00e8ne de la couleur, et ses pigments anti-migration respectent la couleur naturelle de l\u2019ongle.<br \/>\nId\u00e9al pour toutes celles et ceux qui recherchent un vernis alliant performance cosm\u00e9tique et soin dermatologique, le Toleriane Vernis Silicium Rouge Parfait allie \u00e9l\u00e9gance, intensit\u00e9 et s\u00e9curit\u00e9.<br \/>\nConseils d&rsquo;utilisation<br \/>\nAppliquez le vernis sur des ongles propres et secs.<br \/>\n\u00c9talez une couche uniforme de la base vers l\u2019extr\u00e9mit\u00e9 de l\u2019ongle.<br \/>\nPour un rendu optimal, appliquez une seconde couche apr\u00e8s s\u00e9chage de la premi\u00e8re.<br \/>\nLaissez bien s\u00e9cher.<br \/>\nComposition<br \/>\nBUTYL ACETATE, ETHYL ACETATE, PHTHALIC ANHYDRIDE\/GLYCERIN\/GLYCIDYL DECANOATE COPOLYMER, NITROCELLULOSE, ISOPROPYL ALCOHOL, ETHYL TOSYLAMIDE, ACETYL TRIBUTYL CITRATE, STEARALKONIUM HECTORITE, DROMETRIZOLE TRISILOXANE, SILICA, CITRIC ACID, ALUMINA, OXIDIZED POLYETHYLENE, CI 77002, ALUMINUM HYDROXIDE, CI 77891, TITANIUM DIOXIDE, MICA, CI 77120, BARIUM SULFATE, CI 77491, CI 77499, IRON OXIDES, CI 15850, RED 7 LAKE, RED 6 LAKE, CI 19140, YELLOW 5 LAKE, CI 77510, FERRIC FERROCYANIDE, CI 42090, BLUE 1 LAKE<\/p>\n","protected":false},"excerpt":{"rendered":"<p>Ce vernis offre une couleur intense, brillante et longue tenue, tout en apportant un soin quotidien. Le silicium aide \u00e0<\/p>\n","protected":false},"featured_media":12797,"comment_status":"open","ping_status":"closed","template":"","meta":[],"product_brand":[132],"product_cat":[168],"product_tag":[],"class_list":{"0":"post-12738","1":"product","2":"type-product","3":"status-publish","4":"has-post-thumbnail","6":"product_brand-la-roche-posay","7":"product_cat-vernis-et-soins-des-ongles","9":"first","10":"instock","11":"sale","12":"shipping-taxable","13":"purchasable","14":"product-type-simple"},"yoast_head":"<!-- This site is optimized with the Yoast SEO plugin v26.6 - https:\/\/yoast.com\/wordpress\/plugins\/seo\/ -->\r\n<title>LA ROCHE POSAY TOLERIANE VERNIS SILICIUM ROUGE PARFAIT - Paracherkaoui.ma<\/title>\r\n<meta name=\"robots\" content=\"index, follow, max-snippet:-1, max-image-preview:large, max-video-preview:-1\" \/>\r\n<link rel=\"canonical\" href=\"https:\/\/paracherkaoui.ma\/index.php\/produit\/la-roche-posay-toleriane-vernis-silicium-rouge-parfait\/\" \/>\r\n<meta property=\"og:locale\" content=\"fr_FR\" \/>\r\n<meta property=\"og:type\" content=\"article\" \/>\r\n<meta property=\"og:title\" content=\"LA ROCHE POSAY TOLERIANE VERNIS SILICIUM ROUGE PARFAIT - Paracherkaoui.ma\" \/>\r\n<meta property=\"og:description\" content=\"Ce vernis offre une couleur intense, brillante et longue tenue, tout en apportant un soin quotidien. Le silicium aide \u00e0\" \/>\r\n<meta property=\"og:url\" content=\"https:\/\/paracherkaoui.ma\/index.php\/produit\/la-roche-posay-toleriane-vernis-silicium-rouge-parfait\/\" \/>\r\n<meta property=\"og:site_name\" content=\"Paracherkaoui.ma\" \/>\r\n<meta property=\"article:modified_time\" content=\"2025-12-12T16:46:43+00:00\" \/>\r\n<meta property=\"og:image\" content=\"https:\/\/paracherkaoui.ma\/wp-content\/uploads\/2025\/12\/la-roche-posay-la-roche-posay-toleriane-vernis-silicium-rouge-parfait-vernis-et-soins-des-ongles.jpg\" \/>\r\n\t<meta property=\"og:image:width\" content=\"700\" \/>\r\n\t<meta property=\"og:image:height\" content=\"700\" \/>\r\n\t<meta property=\"og:image:type\" content=\"image\/jpeg\" \/>\r\n<meta name=\"twitter:card\" content=\"summary_large_image\" \/>\r\n<meta name=\"twitter:label1\" content=\"Dur\u00e9e de lecture estim\u00e9e\" \/>\n\t<meta name=\"twitter:data1\" content=\"1 minute\" \/>\r\n<script type=\"application\/ld+json\" class=\"yoast-schema-graph\">{\"@context\":\"https:\/\/schema.org\",\"@graph\":[{\"@type\":\"WebPage\",\"@id\":\"https:\/\/paracherkaoui.ma\/index.php\/produit\/la-roche-posay-toleriane-vernis-silicium-rouge-parfait\/\",\"url\":\"https:\/\/paracherkaoui.ma\/index.php\/produit\/la-roche-posay-toleriane-vernis-silicium-rouge-parfait\/\",\"name\":\"LA ROCHE POSAY TOLERIANE VERNIS SILICIUM ROUGE PARFAIT - Paracherkaoui.ma\",\"isPartOf\":{\"@id\":\"https:\/\/paracherkaoui.ma\/#website\"},\"primaryImageOfPage\":{\"@id\":\"https:\/\/paracherkaoui.ma\/index.php\/produit\/la-roche-posay-toleriane-vernis-silicium-rouge-parfait\/#primaryimage\"},\"image\":{\"@id\":\"https:\/\/paracherkaoui.ma\/index.php\/produit\/la-roche-posay-toleriane-vernis-silicium-rouge-parfait\/#primaryimage\"},\"thumbnailUrl\":\"https:\/\/paracherkaoui.ma\/wp-content\/uploads\/2025\/12\/la-roche-posay-la-roche-posay-toleriane-vernis-silicium-rouge-parfait-vernis-et-soins-des-ongles.jpg\",\"datePublished\":\"2025-12-12T16:46:39+00:00\",\"dateModified\":\"2025-12-12T16:46:43+00:00\",\"breadcrumb\":{\"@id\":\"https:\/\/paracherkaoui.ma\/index.php\/produit\/la-roche-posay-toleriane-vernis-silicium-rouge-parfait\/#breadcrumb\"},\"inLanguage\":\"fr-FR\",\"potentialAction\":[{\"@type\":\"ReadAction\",\"target\":[\"https:\/\/paracherkaoui.ma\/index.php\/produit\/la-roche-posay-toleriane-vernis-silicium-rouge-parfait\/\"]}]},{\"@type\":\"ImageObject\",\"inLanguage\":\"fr-FR\",\"@id\":\"https:\/\/paracherkaoui.ma\/index.php\/produit\/la-roche-posay-toleriane-vernis-silicium-rouge-parfait\/#primaryimage\",\"url\":\"https:\/\/paracherkaoui.ma\/wp-content\/uploads\/2025\/12\/la-roche-posay-la-roche-posay-toleriane-vernis-silicium-rouge-parfait-vernis-et-soins-des-ongles.jpg\",\"contentUrl\":\"https:\/\/paracherkaoui.ma\/wp-content\/uploads\/2025\/12\/la-roche-posay-la-roche-posay-toleriane-vernis-silicium-rouge-parfait-vernis-et-soins-des-ongles.jpg\",\"width\":700,\"height\":700},{\"@type\":\"BreadcrumbList\",\"@id\":\"https:\/\/paracherkaoui.ma\/index.php\/produit\/la-roche-posay-toleriane-vernis-silicium-rouge-parfait\/#breadcrumb\",\"itemListElement\":[{\"@type\":\"ListItem\",\"position\":1,\"name\":\"Accueil\",\"item\":\"https:\/\/paracherkaoui.ma\/\"},{\"@type\":\"ListItem\",\"position\":2,\"name\":\"Boutique\",\"item\":\"https:\/\/paracherkaoui.ma\/index.php\/boutique\/\"},{\"@type\":\"ListItem\",\"position\":3,\"name\":\"LA ROCHE POSAY TOLERIANE VERNIS SILICIUM ROUGE PARFAIT\"}]},{\"@type\":\"WebSite\",\"@id\":\"https:\/\/paracherkaoui.ma\/#website\",\"url\":\"https:\/\/paracherkaoui.ma\/\",\"name\":\"Paracherkaoui.ma\",\"description\":\"Achetez en ligne sur Paracherkaoui.ma\",\"potentialAction\":[{\"@type\":\"SearchAction\",\"target\":{\"@type\":\"EntryPoint\",\"urlTemplate\":\"https:\/\/paracherkaoui.ma\/?s={search_term_string}\"},\"query-input\":{\"@type\":\"PropertyValueSpecification\",\"valueRequired\":true,\"valueName\":\"search_term_string\"}}],\"inLanguage\":\"fr-FR\"}]}<\/script>\r\n<!-- \/ Yoast SEO plugin. -->","yoast_head_json":{"title":"LA ROCHE POSAY TOLERIANE VERNIS SILICIUM ROUGE PARFAIT - Paracherkaoui.ma","robots":{"index":"index","follow":"follow","max-snippet":"max-snippet:-1","max-image-preview":"max-image-preview:large","max-video-preview":"max-video-preview:-1"},"canonical":"https:\/\/paracherkaoui.ma\/index.php\/produit\/la-roche-posay-toleriane-vernis-silicium-rouge-parfait\/","og_locale":"fr_FR","og_type":"article","og_title":"LA ROCHE POSAY TOLERIANE VERNIS SILICIUM ROUGE PARFAIT - Paracherkaoui.ma","og_description":"Ce vernis offre une couleur intense, brillante et longue tenue, tout en apportant un soin quotidien. Le silicium aide \u00e0","og_url":"https:\/\/paracherkaoui.ma\/index.php\/produit\/la-roche-posay-toleriane-vernis-silicium-rouge-parfait\/","og_site_name":"Paracherkaoui.ma","article_modified_time":"2025-12-12T16:46:43+00:00","og_image":[{"width":700,"height":700,"url":"https:\/\/paracherkaoui.ma\/wp-content\/uploads\/2025\/12\/la-roche-posay-la-roche-posay-toleriane-vernis-silicium-rouge-parfait-vernis-et-soins-des-ongles.jpg","type":"image\/jpeg"}],"twitter_card":"summary_large_image","twitter_misc":{"Dur\u00e9e de lecture estim\u00e9e":"1 minute"},"schema":{"@context":"https:\/\/schema.org","@graph":[{"@type":"WebPage","@id":"https:\/\/paracherkaoui.ma\/index.php\/produit\/la-roche-posay-toleriane-vernis-silicium-rouge-parfait\/","url":"https:\/\/paracherkaoui.ma\/index.php\/produit\/la-roche-posay-toleriane-vernis-silicium-rouge-parfait\/","name":"LA ROCHE POSAY TOLERIANE VERNIS SILICIUM ROUGE PARFAIT - Paracherkaoui.ma","isPartOf":{"@id":"https:\/\/paracherkaoui.ma\/#website"},"primaryImageOfPage":{"@id":"https:\/\/paracherkaoui.ma\/index.php\/produit\/la-roche-posay-toleriane-vernis-silicium-rouge-parfait\/#primaryimage"},"image":{"@id":"https:\/\/paracherkaoui.ma\/index.php\/produit\/la-roche-posay-toleriane-vernis-silicium-rouge-parfait\/#primaryimage"},"thumbnailUrl":"https:\/\/paracherkaoui.ma\/wp-content\/uploads\/2025\/12\/la-roche-posay-la-roche-posay-toleriane-vernis-silicium-rouge-parfait-vernis-et-soins-des-ongles.jpg","datePublished":"2025-12-12T16:46:39+00:00","dateModified":"2025-12-12T16:46:43+00:00","breadcrumb":{"@id":"https:\/\/paracherkaoui.ma\/index.php\/produit\/la-roche-posay-toleriane-vernis-silicium-rouge-parfait\/#breadcrumb"},"inLanguage":"fr-FR","potentialAction":[{"@type":"ReadAction","target":["https:\/\/paracherkaoui.ma\/index.php\/produit\/la-roche-posay-toleriane-vernis-silicium-rouge-parfait\/"]}]},{"@type":"ImageObject","inLanguage":"fr-FR","@id":"https:\/\/paracherkaoui.ma\/index.php\/produit\/la-roche-posay-toleriane-vernis-silicium-rouge-parfait\/#primaryimage","url":"https:\/\/paracherkaoui.ma\/wp-content\/uploads\/2025\/12\/la-roche-posay-la-roche-posay-toleriane-vernis-silicium-rouge-parfait-vernis-et-soins-des-ongles.jpg","contentUrl":"https:\/\/paracherkaoui.ma\/wp-content\/uploads\/2025\/12\/la-roche-posay-la-roche-posay-toleriane-vernis-silicium-rouge-parfait-vernis-et-soins-des-ongles.jpg","width":700,"height":700},{"@type":"BreadcrumbList","@id":"https:\/\/paracherkaoui.ma\/index.php\/produit\/la-roche-posay-toleriane-vernis-silicium-rouge-parfait\/#breadcrumb","itemListElement":[{"@type":"ListItem","position":1,"name":"Accueil","item":"https:\/\/paracherkaoui.ma\/"},{"@type":"ListItem","position":2,"name":"Boutique","item":"https:\/\/paracherkaoui.ma\/index.php\/boutique\/"},{"@type":"ListItem","position":3,"name":"LA ROCHE POSAY TOLERIANE VERNIS SILICIUM ROUGE PARFAIT"}]},{"@type":"WebSite","@id":"https:\/\/paracherkaoui.ma\/#website","url":"https:\/\/paracherkaoui.ma\/","name":"Paracherkaoui.ma","description":"Achetez en ligne sur Paracherkaoui.ma","potentialAction":[{"@type":"SearchAction","target":{"@type":"EntryPoint","urlTemplate":"https:\/\/paracherkaoui.ma\/?s={search_term_string}"},"query-input":{"@type":"PropertyValueSpecification","valueRequired":true,"valueName":"search_term_string"}}],"inLanguage":"fr-FR"}]}},"_links":{"self":[{"href":"https:\/\/paracherkaoui.ma\/index.php\/wp-json\/wp\/v2\/product\/12738","targetHints":{"allow":["GET"]}}],"collection":[{"href":"https:\/\/paracherkaoui.ma\/index.php\/wp-json\/wp\/v2\/product"}],"about":[{"href":"https:\/\/paracherkaoui.ma\/index.php\/wp-json\/wp\/v2\/types\/product"}],"replies":[{"embeddable":true,"href":"https:\/\/paracherkaoui.ma\/index.php\/wp-json\/wp\/v2\/comments?post=12738"}],"version-history":[{"count":1,"href":"https:\/\/paracherkaoui.ma\/index.php\/wp-json\/wp\/v2\/product\/12738\/revisions"}],"predecessor-version":[{"id":12798,"href":"https:\/\/paracherkaoui.ma\/index.php\/wp-json\/wp\/v2\/product\/12738\/revisions\/12798"}],"wp:featuredmedia":[{"embeddable":true,"href":"https:\/\/paracherkaoui.ma\/index.php\/wp-json\/wp\/v2\/media\/12797"}],"wp:attachment":[{"href":"https:\/\/paracherkaoui.ma\/index.php\/wp-json\/wp\/v2\/media?parent=12738"}],"wp:term":[{"taxonomy":"product_brand","embeddable":true,"href":"https:\/\/paracherkaoui.ma\/index.php\/wp-json\/wp\/v2\/product_brand?post=12738"},{"taxonomy":"product_cat","embeddable":true,"href":"https:\/\/paracherkaoui.ma\/index.php\/wp-json\/wp\/v2\/product_cat?post=12738"},{"taxonomy":"product_tag","embeddable":true,"href":"https:\/\/paracherkaoui.ma\/index.php\/wp-json\/wp\/v2\/product_tag?post=12738"}],"curies":[{"name":"wp","href":"https:\/\/api.w.org\/{rel}","templated":true}]}}