{"id":12732,"date":"2025-12-12T17:46:39","date_gmt":"2025-12-12T16:46:39","guid":{"rendered":"https:\/\/test.ecbeaute.com\/?post_type=product&#038;p=12732"},"modified":"2025-12-12T17:46:42","modified_gmt":"2025-12-12T16:46:42","slug":"la-roche-posay-toleriane-correcteur-de-teint-mineral-compact-poudre-doree-n15-spf-25","status":"publish","type":"product","link":"https:\/\/paracherkaoui.ma\/index.php\/produit\/la-roche-posay-toleriane-correcteur-de-teint-mineral-compact-poudre-doree-n15-spf-25\/","title":{"rendered":"LA ROCHE POSAY TOLERIANE CORRECTEUR DE TEINT MINERAL COMPACT POUDRE DOREE N15 SPF 25"},"content":{"rendered":"<p>Enrichi en perlite, ce fond de teint absorbe l\u2019humidit\u00e9 et l\u2019exc\u00e8s de s\u00e9bum pour une peau nette et sans brillance toute la journ\u00e9e. Le nylon-12, ingr\u00e9dient \u00e0 haute capacit\u00e9 absorbante, renforce l\u2019effet matifiant, tandis que la L-Lysine, un acide amin\u00e9 essentiel, favorise la r\u00e9g\u00e9n\u00e9ration cellulaire pour maintenir une peau saine. Sa formule non com\u00e9dog\u00e8ne, hypoallerg\u00e9nique et sans parfum assure une tol\u00e9rance maximale, m\u00eame sur les peaux les plus intol\u00e9rantes.<br \/>\nDot\u00e9 d\u2019une protection solaire SPF 25 (UVA\/UVB), Toleriane Teint Mineral prot\u00e8ge la peau contre les agressions du soleil tout en sublimant le teint. R\u00e9sultat : un teint unifi\u00e9, des imperfections visiblement r\u00e9duites jour apr\u00e8s jour et un effet peau nue naturel.<br \/>\nUtilis\u00e9 quotidiennement, il contribue \u00e0 am\u00e9liorer la texture de la peau. Apr\u00e8s 4 semaines d\u2019utilisation, 60 % des imperfections sont diminu\u00e9es, et 90 % des femmes constatent une peau visiblement plus belle.*<br \/>\n*Test clinique r\u00e9alis\u00e9 sur 40 femmes.<br \/>\nConseils d&rsquo;utilisation<br \/>\nPr\u00e9levez une petite quantit\u00e9 de poudre avec l\u2019\u00e9ponge fournie.<br \/>\nAppliquez sur le visage par touches, en \u00e9tirant de l\u2019int\u00e9rieur vers l\u2019ext\u00e9rieur.<br \/>\nN\u2019oubliez pas d\u2019unifier le cou en estompant \u00e0 la base.<br \/>\nR\u00e9appliquez dans la journ\u00e9e pour les retouches si besoin.<br \/>\nComposition INCI<br \/>\nTALC, NYLON-12, DIMETHICONE, TITANIUM DIOXIDE, MAGNESIUM STEARATE, TRIISOCETYL CITRATE, STEARIC ACID, TRIMETHYLSILOXYSILICATE, CAPRYLYL GLYCOL, PARAFFINUM LIQUIDUM, CETYL DIMETHICONE, METHYL METHACRYLATE\/GLYCOL DIMETHACRYLATE CROSSPOLYMER, ALUMINUM HYDROXIDE, LAUROYL LYSINE, CI 77891, CI 77163, CI 77492, CI 77499, CI 77491, MICA<\/p>\n","protected":false},"excerpt":{"rendered":"<p>Enrichi en perlite, ce fond de teint absorbe l\u2019humidit\u00e9 et l\u2019exc\u00e8s de s\u00e9bum pour une peau nette et sans brillance<\/p>\n","protected":false},"featured_media":12785,"comment_status":"open","ping_status":"closed","template":"","meta":[],"product_brand":[132],"product_cat":[167],"product_tag":[],"class_list":{"0":"post-12732","1":"product","2":"type-product","3":"status-publish","4":"has-post-thumbnail","6":"product_brand-la-roche-posay","7":"product_cat-cremes-teintees-et-fonds-de-teint","9":"first","10":"instock","11":"sale","12":"shipping-taxable","13":"purchasable","14":"product-type-simple"},"yoast_head":"<!-- This site is optimized with the Yoast SEO plugin v26.6 - https:\/\/yoast.com\/wordpress\/plugins\/seo\/ -->\r\n<title>LA ROCHE POSAY TOLERIANE CORRECTEUR DE TEINT MINERAL COMPACT POUDRE DOREE N15 SPF 25 - Paracherkaoui.ma<\/title>\r\n<meta name=\"robots\" content=\"index, follow, max-snippet:-1, max-image-preview:large, max-video-preview:-1\" \/>\r\n<link rel=\"canonical\" href=\"https:\/\/paracherkaoui.ma\/index.php\/produit\/la-roche-posay-toleriane-correcteur-de-teint-mineral-compact-poudre-doree-n15-spf-25\/\" \/>\r\n<meta property=\"og:locale\" content=\"fr_FR\" \/>\r\n<meta property=\"og:type\" content=\"article\" \/>\r\n<meta property=\"og:title\" content=\"LA ROCHE POSAY TOLERIANE CORRECTEUR DE TEINT MINERAL COMPACT POUDRE DOREE N15 SPF 25 - Paracherkaoui.ma\" \/>\r\n<meta property=\"og:description\" content=\"Enrichi en perlite, ce fond de teint absorbe l\u2019humidit\u00e9 et l\u2019exc\u00e8s de s\u00e9bum pour une peau nette et sans brillance\" \/>\r\n<meta property=\"og:url\" content=\"https:\/\/paracherkaoui.ma\/index.php\/produit\/la-roche-posay-toleriane-correcteur-de-teint-mineral-compact-poudre-doree-n15-spf-25\/\" \/>\r\n<meta property=\"og:site_name\" content=\"Paracherkaoui.ma\" \/>\r\n<meta property=\"article:modified_time\" content=\"2025-12-12T16:46:42+00:00\" \/>\r\n<meta property=\"og:image\" content=\"https:\/\/paracherkaoui.ma\/wp-content\/uploads\/2025\/12\/la-roche-posay-la-roche-posay-toleriane-correcteur-de-teint-mineral-compact-poudre-doree-n15-spf-25-cremes-teintees-et-fonds-de-.jpg\" \/>\r\n\t<meta property=\"og:image:width\" content=\"700\" \/>\r\n\t<meta property=\"og:image:height\" content=\"700\" \/>\r\n\t<meta property=\"og:image:type\" content=\"image\/jpeg\" \/>\r\n<meta name=\"twitter:card\" content=\"summary_large_image\" \/>\r\n<meta name=\"twitter:label1\" content=\"Dur\u00e9e de lecture estim\u00e9e\" \/>\n\t<meta name=\"twitter:data1\" content=\"1 minute\" \/>\r\n<script type=\"application\/ld+json\" class=\"yoast-schema-graph\">{\"@context\":\"https:\/\/schema.org\",\"@graph\":[{\"@type\":\"WebPage\",\"@id\":\"https:\/\/paracherkaoui.ma\/index.php\/produit\/la-roche-posay-toleriane-correcteur-de-teint-mineral-compact-poudre-doree-n15-spf-25\/\",\"url\":\"https:\/\/paracherkaoui.ma\/index.php\/produit\/la-roche-posay-toleriane-correcteur-de-teint-mineral-compact-poudre-doree-n15-spf-25\/\",\"name\":\"LA ROCHE POSAY TOLERIANE CORRECTEUR DE TEINT MINERAL COMPACT POUDRE DOREE N15 SPF 25 - Paracherkaoui.ma\",\"isPartOf\":{\"@id\":\"https:\/\/paracherkaoui.ma\/#website\"},\"primaryImageOfPage\":{\"@id\":\"https:\/\/paracherkaoui.ma\/index.php\/produit\/la-roche-posay-toleriane-correcteur-de-teint-mineral-compact-poudre-doree-n15-spf-25\/#primaryimage\"},\"image\":{\"@id\":\"https:\/\/paracherkaoui.ma\/index.php\/produit\/la-roche-posay-toleriane-correcteur-de-teint-mineral-compact-poudre-doree-n15-spf-25\/#primaryimage\"},\"thumbnailUrl\":\"https:\/\/paracherkaoui.ma\/wp-content\/uploads\/2025\/12\/la-roche-posay-la-roche-posay-toleriane-correcteur-de-teint-mineral-compact-poudre-doree-n15-spf-25-cremes-teintees-et-fonds-de-.jpg\",\"datePublished\":\"2025-12-12T16:46:39+00:00\",\"dateModified\":\"2025-12-12T16:46:42+00:00\",\"breadcrumb\":{\"@id\":\"https:\/\/paracherkaoui.ma\/index.php\/produit\/la-roche-posay-toleriane-correcteur-de-teint-mineral-compact-poudre-doree-n15-spf-25\/#breadcrumb\"},\"inLanguage\":\"fr-FR\",\"potentialAction\":[{\"@type\":\"ReadAction\",\"target\":[\"https:\/\/paracherkaoui.ma\/index.php\/produit\/la-roche-posay-toleriane-correcteur-de-teint-mineral-compact-poudre-doree-n15-spf-25\/\"]}]},{\"@type\":\"ImageObject\",\"inLanguage\":\"fr-FR\",\"@id\":\"https:\/\/paracherkaoui.ma\/index.php\/produit\/la-roche-posay-toleriane-correcteur-de-teint-mineral-compact-poudre-doree-n15-spf-25\/#primaryimage\",\"url\":\"https:\/\/paracherkaoui.ma\/wp-content\/uploads\/2025\/12\/la-roche-posay-la-roche-posay-toleriane-correcteur-de-teint-mineral-compact-poudre-doree-n15-spf-25-cremes-teintees-et-fonds-de-.jpg\",\"contentUrl\":\"https:\/\/paracherkaoui.ma\/wp-content\/uploads\/2025\/12\/la-roche-posay-la-roche-posay-toleriane-correcteur-de-teint-mineral-compact-poudre-doree-n15-spf-25-cremes-teintees-et-fonds-de-.jpg\",\"width\":700,\"height\":700},{\"@type\":\"BreadcrumbList\",\"@id\":\"https:\/\/paracherkaoui.ma\/index.php\/produit\/la-roche-posay-toleriane-correcteur-de-teint-mineral-compact-poudre-doree-n15-spf-25\/#breadcrumb\",\"itemListElement\":[{\"@type\":\"ListItem\",\"position\":1,\"name\":\"Accueil\",\"item\":\"https:\/\/paracherkaoui.ma\/\"},{\"@type\":\"ListItem\",\"position\":2,\"name\":\"Boutique\",\"item\":\"https:\/\/paracherkaoui.ma\/index.php\/boutique\/\"},{\"@type\":\"ListItem\",\"position\":3,\"name\":\"LA ROCHE POSAY TOLERIANE CORRECTEUR DE TEINT MINERAL COMPACT POUDRE DOREE N15 SPF 25\"}]},{\"@type\":\"WebSite\",\"@id\":\"https:\/\/paracherkaoui.ma\/#website\",\"url\":\"https:\/\/paracherkaoui.ma\/\",\"name\":\"Paracherkaoui.ma\",\"description\":\"Achetez en ligne sur Paracherkaoui.ma\",\"potentialAction\":[{\"@type\":\"SearchAction\",\"target\":{\"@type\":\"EntryPoint\",\"urlTemplate\":\"https:\/\/paracherkaoui.ma\/?s={search_term_string}\"},\"query-input\":{\"@type\":\"PropertyValueSpecification\",\"valueRequired\":true,\"valueName\":\"search_term_string\"}}],\"inLanguage\":\"fr-FR\"}]}<\/script>\r\n<!-- \/ Yoast SEO plugin. -->","yoast_head_json":{"title":"LA ROCHE POSAY TOLERIANE CORRECTEUR DE TEINT MINERAL COMPACT POUDRE DOREE N15 SPF 25 - Paracherkaoui.ma","robots":{"index":"index","follow":"follow","max-snippet":"max-snippet:-1","max-image-preview":"max-image-preview:large","max-video-preview":"max-video-preview:-1"},"canonical":"https:\/\/paracherkaoui.ma\/index.php\/produit\/la-roche-posay-toleriane-correcteur-de-teint-mineral-compact-poudre-doree-n15-spf-25\/","og_locale":"fr_FR","og_type":"article","og_title":"LA ROCHE POSAY TOLERIANE CORRECTEUR DE TEINT MINERAL COMPACT POUDRE DOREE N15 SPF 25 - Paracherkaoui.ma","og_description":"Enrichi en perlite, ce fond de teint absorbe l\u2019humidit\u00e9 et l\u2019exc\u00e8s de s\u00e9bum pour une peau nette et sans brillance","og_url":"https:\/\/paracherkaoui.ma\/index.php\/produit\/la-roche-posay-toleriane-correcteur-de-teint-mineral-compact-poudre-doree-n15-spf-25\/","og_site_name":"Paracherkaoui.ma","article_modified_time":"2025-12-12T16:46:42+00:00","og_image":[{"width":700,"height":700,"url":"https:\/\/paracherkaoui.ma\/wp-content\/uploads\/2025\/12\/la-roche-posay-la-roche-posay-toleriane-correcteur-de-teint-mineral-compact-poudre-doree-n15-spf-25-cremes-teintees-et-fonds-de-.jpg","type":"image\/jpeg"}],"twitter_card":"summary_large_image","twitter_misc":{"Dur\u00e9e de lecture estim\u00e9e":"1 minute"},"schema":{"@context":"https:\/\/schema.org","@graph":[{"@type":"WebPage","@id":"https:\/\/paracherkaoui.ma\/index.php\/produit\/la-roche-posay-toleriane-correcteur-de-teint-mineral-compact-poudre-doree-n15-spf-25\/","url":"https:\/\/paracherkaoui.ma\/index.php\/produit\/la-roche-posay-toleriane-correcteur-de-teint-mineral-compact-poudre-doree-n15-spf-25\/","name":"LA ROCHE POSAY TOLERIANE CORRECTEUR DE TEINT MINERAL COMPACT POUDRE DOREE N15 SPF 25 - Paracherkaoui.ma","isPartOf":{"@id":"https:\/\/paracherkaoui.ma\/#website"},"primaryImageOfPage":{"@id":"https:\/\/paracherkaoui.ma\/index.php\/produit\/la-roche-posay-toleriane-correcteur-de-teint-mineral-compact-poudre-doree-n15-spf-25\/#primaryimage"},"image":{"@id":"https:\/\/paracherkaoui.ma\/index.php\/produit\/la-roche-posay-toleriane-correcteur-de-teint-mineral-compact-poudre-doree-n15-spf-25\/#primaryimage"},"thumbnailUrl":"https:\/\/paracherkaoui.ma\/wp-content\/uploads\/2025\/12\/la-roche-posay-la-roche-posay-toleriane-correcteur-de-teint-mineral-compact-poudre-doree-n15-spf-25-cremes-teintees-et-fonds-de-.jpg","datePublished":"2025-12-12T16:46:39+00:00","dateModified":"2025-12-12T16:46:42+00:00","breadcrumb":{"@id":"https:\/\/paracherkaoui.ma\/index.php\/produit\/la-roche-posay-toleriane-correcteur-de-teint-mineral-compact-poudre-doree-n15-spf-25\/#breadcrumb"},"inLanguage":"fr-FR","potentialAction":[{"@type":"ReadAction","target":["https:\/\/paracherkaoui.ma\/index.php\/produit\/la-roche-posay-toleriane-correcteur-de-teint-mineral-compact-poudre-doree-n15-spf-25\/"]}]},{"@type":"ImageObject","inLanguage":"fr-FR","@id":"https:\/\/paracherkaoui.ma\/index.php\/produit\/la-roche-posay-toleriane-correcteur-de-teint-mineral-compact-poudre-doree-n15-spf-25\/#primaryimage","url":"https:\/\/paracherkaoui.ma\/wp-content\/uploads\/2025\/12\/la-roche-posay-la-roche-posay-toleriane-correcteur-de-teint-mineral-compact-poudre-doree-n15-spf-25-cremes-teintees-et-fonds-de-.jpg","contentUrl":"https:\/\/paracherkaoui.ma\/wp-content\/uploads\/2025\/12\/la-roche-posay-la-roche-posay-toleriane-correcteur-de-teint-mineral-compact-poudre-doree-n15-spf-25-cremes-teintees-et-fonds-de-.jpg","width":700,"height":700},{"@type":"BreadcrumbList","@id":"https:\/\/paracherkaoui.ma\/index.php\/produit\/la-roche-posay-toleriane-correcteur-de-teint-mineral-compact-poudre-doree-n15-spf-25\/#breadcrumb","itemListElement":[{"@type":"ListItem","position":1,"name":"Accueil","item":"https:\/\/paracherkaoui.ma\/"},{"@type":"ListItem","position":2,"name":"Boutique","item":"https:\/\/paracherkaoui.ma\/index.php\/boutique\/"},{"@type":"ListItem","position":3,"name":"LA ROCHE POSAY TOLERIANE CORRECTEUR DE TEINT MINERAL COMPACT POUDRE DOREE N15 SPF 25"}]},{"@type":"WebSite","@id":"https:\/\/paracherkaoui.ma\/#website","url":"https:\/\/paracherkaoui.ma\/","name":"Paracherkaoui.ma","description":"Achetez en ligne sur Paracherkaoui.ma","potentialAction":[{"@type":"SearchAction","target":{"@type":"EntryPoint","urlTemplate":"https:\/\/paracherkaoui.ma\/?s={search_term_string}"},"query-input":{"@type":"PropertyValueSpecification","valueRequired":true,"valueName":"search_term_string"}}],"inLanguage":"fr-FR"}]}},"_links":{"self":[{"href":"https:\/\/paracherkaoui.ma\/index.php\/wp-json\/wp\/v2\/product\/12732","targetHints":{"allow":["GET"]}}],"collection":[{"href":"https:\/\/paracherkaoui.ma\/index.php\/wp-json\/wp\/v2\/product"}],"about":[{"href":"https:\/\/paracherkaoui.ma\/index.php\/wp-json\/wp\/v2\/types\/product"}],"replies":[{"embeddable":true,"href":"https:\/\/paracherkaoui.ma\/index.php\/wp-json\/wp\/v2\/comments?post=12732"}],"version-history":[{"count":1,"href":"https:\/\/paracherkaoui.ma\/index.php\/wp-json\/wp\/v2\/product\/12732\/revisions"}],"predecessor-version":[{"id":12786,"href":"https:\/\/paracherkaoui.ma\/index.php\/wp-json\/wp\/v2\/product\/12732\/revisions\/12786"}],"wp:featuredmedia":[{"embeddable":true,"href":"https:\/\/paracherkaoui.ma\/index.php\/wp-json\/wp\/v2\/media\/12785"}],"wp:attachment":[{"href":"https:\/\/paracherkaoui.ma\/index.php\/wp-json\/wp\/v2\/media?parent=12732"}],"wp:term":[{"taxonomy":"product_brand","embeddable":true,"href":"https:\/\/paracherkaoui.ma\/index.php\/wp-json\/wp\/v2\/product_brand?post=12732"},{"taxonomy":"product_cat","embeddable":true,"href":"https:\/\/paracherkaoui.ma\/index.php\/wp-json\/wp\/v2\/product_cat?post=12732"},{"taxonomy":"product_tag","embeddable":true,"href":"https:\/\/paracherkaoui.ma\/index.php\/wp-json\/wp\/v2\/product_tag?post=12732"}],"curies":[{"name":"wp","href":"https:\/\/api.w.org\/{rel}","templated":true}]}}