{"id":12728,"date":"2025-12-12T17:46:39","date_gmt":"2025-12-12T16:46:39","guid":{"rendered":"https:\/\/test.ecbeaute.com\/?post_type=product&#038;p=12728"},"modified":"2025-12-12T17:46:42","modified_gmt":"2025-12-12T16:46:42","slug":"isdin-fotoprotector-compact-arena-spf-50-10-g","status":"publish","type":"product","link":"https:\/\/paracherkaoui.ma\/index.php\/produit\/isdin-fotoprotector-compact-arena-spf-50-10-g\/","title":{"rendered":"ISDIN FOTOPROTECTOR COMPACT ARENA SPF 50+ 10 G"},"content":{"rendered":"<p>Ce produit est sp\u00e9cialement con\u00e7u pour matifier et unifier le teint, estompant ainsi les imperfections et procurant un fini naturel. Sa formule sans huile et non com\u00e9dog\u00e8ne le rend id\u00e9al pour les peaux mixtes \u00e0 grasses, \u00e9vitant l&rsquo;obstruction des pores et les brillances ind\u00e9sirables. De plus, il convient aux peaux sensibles et atopiques, garantissant une tol\u00e9rance optimale pour tous les types de peau.<br \/>\nL&rsquo;ISDIN Fotoprotector Compact Arena est \u00e9galement tr\u00e8s r\u00e9sistant \u00e0 l&rsquo;eau, assurant une tenue impeccable tout au long de la journ\u00e9e, m\u00eame en cas de transpiration ou d&rsquo;exposition \u00e0 l&rsquo;humidit\u00e9. Son application est ais\u00e9e gr\u00e2ce \u00e0 l&rsquo;\u00e9ponge fournie, permettant une r\u00e9partition uniforme du produit pour un r\u00e9sultat homog\u00e8ne et sans d\u00e9marcations.<br \/>\nConseils d&rsquo;utilisation<br \/>\nApplication initiale : \u00c0 l&rsquo;aide de l&rsquo;\u00e9ponge, appliquez uniform\u00e9ment le fond de teint sur une peau s\u00e8che, en effectuant de l\u00e9gers tapotements pour bien estomper le produit sur le visage, le cou et le d\u00e9collet\u00e9.<br \/>\nMoment d&rsquo;application : Il est recommand\u00e9 d&rsquo;appliquer le produit environ 30 minutes avant toute exposition au soleil pour une protection optimale.<br \/>\nRenouvellement : Pour maintenir une protection efficace, r\u00e9appliquez toutes les deux heures, ainsi qu&rsquo;apr\u00e8s avoir transpir\u00e9, nag\u00e9 ou vous \u00eatre essuy\u00e9 avec une serviette.<br \/>\nComposition<br \/>\nBHT, Butyl Methoxydibenzoylmethane, Butylene Glycol Cocoate, C12-15 Alkyl Benzoate, CI 77491 (Iron Oxides), CI 77492 (Iron Oxides), CI 77891 (Titanium Dioxide), Ethylhexyl Salicylate, Hydrogenated Castor Oil, Isostearyl Neopentanoate, Octocrylene, Pentaerythrityl Tetra-Di-T-Butyl Hydroxyhydrocinnamate, Polymethyl Methacrylate, PPG-15 Stearyl Ether, Silica, Silica Dimethyl Silylate, Tocopheryl Acetate<br \/>\nEn int\u00e9grant l&rsquo;ISDIN Fotoprotector Compact Arena SPF 50+ dans votre routine beaut\u00e9, vous assurez \u00e0 votre peau une protection solaire optimale tout en b\u00e9n\u00e9ficiant d&rsquo;un maquillage impeccable et longue dur\u00e9e.<\/p>\n","protected":false},"excerpt":{"rendered":"<p>Ce produit est sp\u00e9cialement con\u00e7u pour matifier et unifier le teint, estompant ainsi les imperfections et procurant un fini naturel.<\/p>\n","protected":false},"featured_media":12777,"comment_status":"open","ping_status":"closed","template":"","meta":[],"product_brand":[135],"product_cat":[167],"product_tag":[],"class_list":{"0":"post-12728","1":"product","2":"type-product","3":"status-publish","4":"has-post-thumbnail","6":"product_brand-isdin","7":"product_cat-cremes-teintees-et-fonds-de-teint","9":"first","10":"instock","11":"sale","12":"shipping-taxable","13":"purchasable","14":"product-type-simple"},"yoast_head":"<!-- This site is optimized with the Yoast SEO plugin v26.6 - https:\/\/yoast.com\/wordpress\/plugins\/seo\/ -->\r\n<title>ISDIN FOTOPROTECTOR COMPACT ARENA SPF 50+ 10 G - Paracherkaoui.ma<\/title>\r\n<meta name=\"robots\" content=\"index, follow, max-snippet:-1, max-image-preview:large, max-video-preview:-1\" \/>\r\n<link rel=\"canonical\" href=\"https:\/\/paracherkaoui.ma\/index.php\/produit\/isdin-fotoprotector-compact-arena-spf-50-10-g\/\" \/>\r\n<meta property=\"og:locale\" content=\"fr_FR\" \/>\r\n<meta property=\"og:type\" content=\"article\" \/>\r\n<meta property=\"og:title\" content=\"ISDIN FOTOPROTECTOR COMPACT ARENA SPF 50+ 10 G - Paracherkaoui.ma\" \/>\r\n<meta property=\"og:description\" content=\"Ce produit est sp\u00e9cialement con\u00e7u pour matifier et unifier le teint, estompant ainsi les imperfections et procurant un fini naturel.\" \/>\r\n<meta property=\"og:url\" content=\"https:\/\/paracherkaoui.ma\/index.php\/produit\/isdin-fotoprotector-compact-arena-spf-50-10-g\/\" \/>\r\n<meta property=\"og:site_name\" content=\"Paracherkaoui.ma\" \/>\r\n<meta property=\"article:modified_time\" content=\"2025-12-12T16:46:42+00:00\" \/>\r\n<meta property=\"og:image\" content=\"https:\/\/paracherkaoui.ma\/wp-content\/uploads\/2025\/12\/isdin-isdin-fotoprotector-compact-arena-spf-50-10-g-poudres.jpg\" \/>\r\n\t<meta property=\"og:image:width\" content=\"700\" \/>\r\n\t<meta property=\"og:image:height\" content=\"700\" \/>\r\n\t<meta property=\"og:image:type\" content=\"image\/jpeg\" \/>\r\n<meta name=\"twitter:card\" content=\"summary_large_image\" \/>\r\n<meta name=\"twitter:label1\" content=\"Dur\u00e9e de lecture estim\u00e9e\" \/>\n\t<meta name=\"twitter:data1\" content=\"1 minute\" \/>\r\n<script type=\"application\/ld+json\" class=\"yoast-schema-graph\">{\"@context\":\"https:\/\/schema.org\",\"@graph\":[{\"@type\":\"WebPage\",\"@id\":\"https:\/\/paracherkaoui.ma\/index.php\/produit\/isdin-fotoprotector-compact-arena-spf-50-10-g\/\",\"url\":\"https:\/\/paracherkaoui.ma\/index.php\/produit\/isdin-fotoprotector-compact-arena-spf-50-10-g\/\",\"name\":\"ISDIN FOTOPROTECTOR COMPACT ARENA SPF 50+ 10 G - Paracherkaoui.ma\",\"isPartOf\":{\"@id\":\"https:\/\/paracherkaoui.ma\/#website\"},\"primaryImageOfPage\":{\"@id\":\"https:\/\/paracherkaoui.ma\/index.php\/produit\/isdin-fotoprotector-compact-arena-spf-50-10-g\/#primaryimage\"},\"image\":{\"@id\":\"https:\/\/paracherkaoui.ma\/index.php\/produit\/isdin-fotoprotector-compact-arena-spf-50-10-g\/#primaryimage\"},\"thumbnailUrl\":\"https:\/\/paracherkaoui.ma\/wp-content\/uploads\/2025\/12\/isdin-isdin-fotoprotector-compact-arena-spf-50-10-g-poudres.jpg\",\"datePublished\":\"2025-12-12T16:46:39+00:00\",\"dateModified\":\"2025-12-12T16:46:42+00:00\",\"breadcrumb\":{\"@id\":\"https:\/\/paracherkaoui.ma\/index.php\/produit\/isdin-fotoprotector-compact-arena-spf-50-10-g\/#breadcrumb\"},\"inLanguage\":\"fr-FR\",\"potentialAction\":[{\"@type\":\"ReadAction\",\"target\":[\"https:\/\/paracherkaoui.ma\/index.php\/produit\/isdin-fotoprotector-compact-arena-spf-50-10-g\/\"]}]},{\"@type\":\"ImageObject\",\"inLanguage\":\"fr-FR\",\"@id\":\"https:\/\/paracherkaoui.ma\/index.php\/produit\/isdin-fotoprotector-compact-arena-spf-50-10-g\/#primaryimage\",\"url\":\"https:\/\/paracherkaoui.ma\/wp-content\/uploads\/2025\/12\/isdin-isdin-fotoprotector-compact-arena-spf-50-10-g-poudres.jpg\",\"contentUrl\":\"https:\/\/paracherkaoui.ma\/wp-content\/uploads\/2025\/12\/isdin-isdin-fotoprotector-compact-arena-spf-50-10-g-poudres.jpg\",\"width\":700,\"height\":700},{\"@type\":\"BreadcrumbList\",\"@id\":\"https:\/\/paracherkaoui.ma\/index.php\/produit\/isdin-fotoprotector-compact-arena-spf-50-10-g\/#breadcrumb\",\"itemListElement\":[{\"@type\":\"ListItem\",\"position\":1,\"name\":\"Accueil\",\"item\":\"https:\/\/paracherkaoui.ma\/\"},{\"@type\":\"ListItem\",\"position\":2,\"name\":\"Boutique\",\"item\":\"https:\/\/paracherkaoui.ma\/index.php\/boutique\/\"},{\"@type\":\"ListItem\",\"position\":3,\"name\":\"ISDIN FOTOPROTECTOR COMPACT ARENA SPF 50+ 10 G\"}]},{\"@type\":\"WebSite\",\"@id\":\"https:\/\/paracherkaoui.ma\/#website\",\"url\":\"https:\/\/paracherkaoui.ma\/\",\"name\":\"Paracherkaoui.ma\",\"description\":\"Achetez en ligne sur Paracherkaoui.ma\",\"potentialAction\":[{\"@type\":\"SearchAction\",\"target\":{\"@type\":\"EntryPoint\",\"urlTemplate\":\"https:\/\/paracherkaoui.ma\/?s={search_term_string}\"},\"query-input\":{\"@type\":\"PropertyValueSpecification\",\"valueRequired\":true,\"valueName\":\"search_term_string\"}}],\"inLanguage\":\"fr-FR\"}]}<\/script>\r\n<!-- \/ Yoast SEO plugin. -->","yoast_head_json":{"title":"ISDIN FOTOPROTECTOR COMPACT ARENA SPF 50+ 10 G - Paracherkaoui.ma","robots":{"index":"index","follow":"follow","max-snippet":"max-snippet:-1","max-image-preview":"max-image-preview:large","max-video-preview":"max-video-preview:-1"},"canonical":"https:\/\/paracherkaoui.ma\/index.php\/produit\/isdin-fotoprotector-compact-arena-spf-50-10-g\/","og_locale":"fr_FR","og_type":"article","og_title":"ISDIN FOTOPROTECTOR COMPACT ARENA SPF 50+ 10 G - Paracherkaoui.ma","og_description":"Ce produit est sp\u00e9cialement con\u00e7u pour matifier et unifier le teint, estompant ainsi les imperfections et procurant un fini naturel.","og_url":"https:\/\/paracherkaoui.ma\/index.php\/produit\/isdin-fotoprotector-compact-arena-spf-50-10-g\/","og_site_name":"Paracherkaoui.ma","article_modified_time":"2025-12-12T16:46:42+00:00","og_image":[{"width":700,"height":700,"url":"https:\/\/paracherkaoui.ma\/wp-content\/uploads\/2025\/12\/isdin-isdin-fotoprotector-compact-arena-spf-50-10-g-poudres.jpg","type":"image\/jpeg"}],"twitter_card":"summary_large_image","twitter_misc":{"Dur\u00e9e de lecture estim\u00e9e":"1 minute"},"schema":{"@context":"https:\/\/schema.org","@graph":[{"@type":"WebPage","@id":"https:\/\/paracherkaoui.ma\/index.php\/produit\/isdin-fotoprotector-compact-arena-spf-50-10-g\/","url":"https:\/\/paracherkaoui.ma\/index.php\/produit\/isdin-fotoprotector-compact-arena-spf-50-10-g\/","name":"ISDIN FOTOPROTECTOR COMPACT ARENA SPF 50+ 10 G - Paracherkaoui.ma","isPartOf":{"@id":"https:\/\/paracherkaoui.ma\/#website"},"primaryImageOfPage":{"@id":"https:\/\/paracherkaoui.ma\/index.php\/produit\/isdin-fotoprotector-compact-arena-spf-50-10-g\/#primaryimage"},"image":{"@id":"https:\/\/paracherkaoui.ma\/index.php\/produit\/isdin-fotoprotector-compact-arena-spf-50-10-g\/#primaryimage"},"thumbnailUrl":"https:\/\/paracherkaoui.ma\/wp-content\/uploads\/2025\/12\/isdin-isdin-fotoprotector-compact-arena-spf-50-10-g-poudres.jpg","datePublished":"2025-12-12T16:46:39+00:00","dateModified":"2025-12-12T16:46:42+00:00","breadcrumb":{"@id":"https:\/\/paracherkaoui.ma\/index.php\/produit\/isdin-fotoprotector-compact-arena-spf-50-10-g\/#breadcrumb"},"inLanguage":"fr-FR","potentialAction":[{"@type":"ReadAction","target":["https:\/\/paracherkaoui.ma\/index.php\/produit\/isdin-fotoprotector-compact-arena-spf-50-10-g\/"]}]},{"@type":"ImageObject","inLanguage":"fr-FR","@id":"https:\/\/paracherkaoui.ma\/index.php\/produit\/isdin-fotoprotector-compact-arena-spf-50-10-g\/#primaryimage","url":"https:\/\/paracherkaoui.ma\/wp-content\/uploads\/2025\/12\/isdin-isdin-fotoprotector-compact-arena-spf-50-10-g-poudres.jpg","contentUrl":"https:\/\/paracherkaoui.ma\/wp-content\/uploads\/2025\/12\/isdin-isdin-fotoprotector-compact-arena-spf-50-10-g-poudres.jpg","width":700,"height":700},{"@type":"BreadcrumbList","@id":"https:\/\/paracherkaoui.ma\/index.php\/produit\/isdin-fotoprotector-compact-arena-spf-50-10-g\/#breadcrumb","itemListElement":[{"@type":"ListItem","position":1,"name":"Accueil","item":"https:\/\/paracherkaoui.ma\/"},{"@type":"ListItem","position":2,"name":"Boutique","item":"https:\/\/paracherkaoui.ma\/index.php\/boutique\/"},{"@type":"ListItem","position":3,"name":"ISDIN FOTOPROTECTOR COMPACT ARENA SPF 50+ 10 G"}]},{"@type":"WebSite","@id":"https:\/\/paracherkaoui.ma\/#website","url":"https:\/\/paracherkaoui.ma\/","name":"Paracherkaoui.ma","description":"Achetez en ligne sur Paracherkaoui.ma","potentialAction":[{"@type":"SearchAction","target":{"@type":"EntryPoint","urlTemplate":"https:\/\/paracherkaoui.ma\/?s={search_term_string}"},"query-input":{"@type":"PropertyValueSpecification","valueRequired":true,"valueName":"search_term_string"}}],"inLanguage":"fr-FR"}]}},"_links":{"self":[{"href":"https:\/\/paracherkaoui.ma\/index.php\/wp-json\/wp\/v2\/product\/12728","targetHints":{"allow":["GET"]}}],"collection":[{"href":"https:\/\/paracherkaoui.ma\/index.php\/wp-json\/wp\/v2\/product"}],"about":[{"href":"https:\/\/paracherkaoui.ma\/index.php\/wp-json\/wp\/v2\/types\/product"}],"replies":[{"embeddable":true,"href":"https:\/\/paracherkaoui.ma\/index.php\/wp-json\/wp\/v2\/comments?post=12728"}],"version-history":[{"count":1,"href":"https:\/\/paracherkaoui.ma\/index.php\/wp-json\/wp\/v2\/product\/12728\/revisions"}],"predecessor-version":[{"id":12778,"href":"https:\/\/paracherkaoui.ma\/index.php\/wp-json\/wp\/v2\/product\/12728\/revisions\/12778"}],"wp:featuredmedia":[{"embeddable":true,"href":"https:\/\/paracherkaoui.ma\/index.php\/wp-json\/wp\/v2\/media\/12777"}],"wp:attachment":[{"href":"https:\/\/paracherkaoui.ma\/index.php\/wp-json\/wp\/v2\/media?parent=12728"}],"wp:term":[{"taxonomy":"product_brand","embeddable":true,"href":"https:\/\/paracherkaoui.ma\/index.php\/wp-json\/wp\/v2\/product_brand?post=12728"},{"taxonomy":"product_cat","embeddable":true,"href":"https:\/\/paracherkaoui.ma\/index.php\/wp-json\/wp\/v2\/product_cat?post=12728"},{"taxonomy":"product_tag","embeddable":true,"href":"https:\/\/paracherkaoui.ma\/index.php\/wp-json\/wp\/v2\/product_tag?post=12728"}],"curies":[{"name":"wp","href":"https:\/\/api.w.org\/{rel}","templated":true}]}}