{"id":12716,"date":"2025-12-12T17:46:38","date_gmt":"2025-12-12T16:46:38","guid":{"rendered":"https:\/\/test.ecbeaute.com\/?post_type=product&#038;p=12716"},"modified":"2025-12-12T17:46:40","modified_gmt":"2025-12-12T16:46:40","slug":"bioderma-abcderm-cold-cream-creme-visage-et-corps-nourrissante-45-ml","status":"publish","type":"product","link":"https:\/\/paracherkaoui.ma\/index.php\/produit\/bioderma-abcderm-cold-cream-creme-visage-et-corps-nourrissante-45-ml\/","title":{"rendered":"BIODERMA ABCDERM COLD CREAM CREME VISAGE ET CORPS NOURRISSANTE 45 ML"},"content":{"rendered":"<p>D\u00e9couvrez la cr\u00e8me id\u00e9ale pour les peaux normales \u00e0 s\u00e8ches fragilis\u00e9es par les agressions ext\u00e9rieures. Formul\u00e9e avec soin, cette cr\u00e8me enrichie en huile de noyau d\u2019abricot et en cire d\u2019abeille offre une solution hydratante et nourrissante, parfaite pour redonner vie et \u00e9clat \u00e0 votre peau.<br \/>\nL&rsquo;huile de noyau d\u2019abricot, reconnue pour ses propri\u00e9t\u00e9s \u00e9mollientes, p\u00e9n\u00e8tre rapidement dans l&rsquo;\u00e9piderme, apportant une hydratation profonde sans laisser de film gras. Elle aide \u00e0 restaurer l\u2019\u00e9lasticit\u00e9 de la peau, la rendant douce et souple au toucher. Enrichie en vitamines A et E, elle prot\u00e8ge \u00e9galement la peau contre les radicaux libres et les signes du vieillissement pr\u00e9matur\u00e9.<br \/>\nLa cire d\u2019abeille, quant \u00e0 elle, forme une barri\u00e8re protectrice naturelle qui pr\u00e9serve l&rsquo;hydratation et prot\u00e8ge contre les agressions ext\u00e9rieures telles que le vent, le froid et la pollution. Sa texture onctueuse et agr\u00e9able facilite l&rsquo;application de la cr\u00e8me, laissant la peau confortable et apais\u00e9e.<br \/>\nCette cr\u00e8me est sp\u00e9cialement con\u00e7ue pour les peaux normales \u00e0 s\u00e8ches, qui ont tendance \u00e0 se dess\u00e9cher et \u00e0 se fragiliser face aux agressions environnementales. Utilis\u00e9e quotidiennement, elle r\u00e9pare, nourrit et prot\u00e8ge votre peau, lui redonnant toute sa douceur et son \u00e9clat naturel.<br \/>\nConseils d&rsquo;utilisation :<br \/>\nAppliquez une noisette de cr\u00e8me sur votre visage et votre cou, matin et soir.<\/p>\n","protected":false},"excerpt":{"rendered":"<p>D\u00e9couvrez la cr\u00e8me id\u00e9ale pour les peaux normales \u00e0 s\u00e8ches fragilis\u00e9es par les agressions ext\u00e9rieures. Formul\u00e9e avec soin, cette cr\u00e8me<\/p>\n","protected":false},"featured_media":12753,"comment_status":"open","ping_status":"closed","template":"","meta":[],"product_brand":[164],"product_cat":[163],"product_tag":[],"class_list":{"0":"post-12716","1":"product","2":"type-product","3":"status-publish","4":"has-post-thumbnail","6":"product_brand-abcderm","7":"product_cat-enfants","9":"first","10":"instock","11":"sale","12":"shipping-taxable","13":"purchasable","14":"product-type-simple"},"yoast_head":"<!-- This site is optimized with the Yoast SEO plugin v26.6 - https:\/\/yoast.com\/wordpress\/plugins\/seo\/ -->\r\n<title>BIODERMA ABCDERM COLD CREAM CREME VISAGE ET CORPS NOURRISSANTE 45 ML - Paracherkaoui.ma<\/title>\r\n<meta name=\"robots\" content=\"index, follow, max-snippet:-1, max-image-preview:large, max-video-preview:-1\" \/>\r\n<link rel=\"canonical\" href=\"https:\/\/paracherkaoui.ma\/index.php\/produit\/bioderma-abcderm-cold-cream-creme-visage-et-corps-nourrissante-45-ml\/\" \/>\r\n<meta property=\"og:locale\" content=\"fr_FR\" \/>\r\n<meta property=\"og:type\" content=\"article\" \/>\r\n<meta property=\"og:title\" content=\"BIODERMA ABCDERM COLD CREAM CREME VISAGE ET CORPS NOURRISSANTE 45 ML - Paracherkaoui.ma\" \/>\r\n<meta property=\"og:description\" content=\"D\u00e9couvrez la cr\u00e8me id\u00e9ale pour les peaux normales \u00e0 s\u00e8ches fragilis\u00e9es par les agressions ext\u00e9rieures. Formul\u00e9e avec soin, cette cr\u00e8me\" \/>\r\n<meta property=\"og:url\" content=\"https:\/\/paracherkaoui.ma\/index.php\/produit\/bioderma-abcderm-cold-cream-creme-visage-et-corps-nourrissante-45-ml\/\" \/>\r\n<meta property=\"og:site_name\" content=\"Paracherkaoui.ma\" \/>\r\n<meta property=\"article:modified_time\" content=\"2025-12-12T16:46:40+00:00\" \/>\r\n<meta property=\"og:image\" content=\"https:\/\/paracherkaoui.ma\/wp-content\/uploads\/2025\/12\/abcderm-bioderma-abcderm-cold-cream-creme-visage-et-corps-nourrissante-45-ml-soins-visage-et-corps.jpg\" \/>\r\n\t<meta property=\"og:image:width\" content=\"700\" \/>\r\n\t<meta property=\"og:image:height\" content=\"700\" \/>\r\n\t<meta property=\"og:image:type\" content=\"image\/jpeg\" \/>\r\n<meta name=\"twitter:card\" content=\"summary_large_image\" \/>\r\n<meta name=\"twitter:label1\" content=\"Dur\u00e9e de lecture estim\u00e9e\" \/>\n\t<meta name=\"twitter:data1\" content=\"1 minute\" \/>\r\n<script type=\"application\/ld+json\" class=\"yoast-schema-graph\">{\"@context\":\"https:\/\/schema.org\",\"@graph\":[{\"@type\":\"WebPage\",\"@id\":\"https:\/\/paracherkaoui.ma\/index.php\/produit\/bioderma-abcderm-cold-cream-creme-visage-et-corps-nourrissante-45-ml\/\",\"url\":\"https:\/\/paracherkaoui.ma\/index.php\/produit\/bioderma-abcderm-cold-cream-creme-visage-et-corps-nourrissante-45-ml\/\",\"name\":\"BIODERMA ABCDERM COLD CREAM CREME VISAGE ET CORPS NOURRISSANTE 45 ML - Paracherkaoui.ma\",\"isPartOf\":{\"@id\":\"https:\/\/paracherkaoui.ma\/#website\"},\"primaryImageOfPage\":{\"@id\":\"https:\/\/paracherkaoui.ma\/index.php\/produit\/bioderma-abcderm-cold-cream-creme-visage-et-corps-nourrissante-45-ml\/#primaryimage\"},\"image\":{\"@id\":\"https:\/\/paracherkaoui.ma\/index.php\/produit\/bioderma-abcderm-cold-cream-creme-visage-et-corps-nourrissante-45-ml\/#primaryimage\"},\"thumbnailUrl\":\"https:\/\/paracherkaoui.ma\/wp-content\/uploads\/2025\/12\/abcderm-bioderma-abcderm-cold-cream-creme-visage-et-corps-nourrissante-45-ml-soins-visage-et-corps.jpg\",\"datePublished\":\"2025-12-12T16:46:38+00:00\",\"dateModified\":\"2025-12-12T16:46:40+00:00\",\"breadcrumb\":{\"@id\":\"https:\/\/paracherkaoui.ma\/index.php\/produit\/bioderma-abcderm-cold-cream-creme-visage-et-corps-nourrissante-45-ml\/#breadcrumb\"},\"inLanguage\":\"fr-FR\",\"potentialAction\":[{\"@type\":\"ReadAction\",\"target\":[\"https:\/\/paracherkaoui.ma\/index.php\/produit\/bioderma-abcderm-cold-cream-creme-visage-et-corps-nourrissante-45-ml\/\"]}]},{\"@type\":\"ImageObject\",\"inLanguage\":\"fr-FR\",\"@id\":\"https:\/\/paracherkaoui.ma\/index.php\/produit\/bioderma-abcderm-cold-cream-creme-visage-et-corps-nourrissante-45-ml\/#primaryimage\",\"url\":\"https:\/\/paracherkaoui.ma\/wp-content\/uploads\/2025\/12\/abcderm-bioderma-abcderm-cold-cream-creme-visage-et-corps-nourrissante-45-ml-soins-visage-et-corps.jpg\",\"contentUrl\":\"https:\/\/paracherkaoui.ma\/wp-content\/uploads\/2025\/12\/abcderm-bioderma-abcderm-cold-cream-creme-visage-et-corps-nourrissante-45-ml-soins-visage-et-corps.jpg\",\"width\":700,\"height\":700},{\"@type\":\"BreadcrumbList\",\"@id\":\"https:\/\/paracherkaoui.ma\/index.php\/produit\/bioderma-abcderm-cold-cream-creme-visage-et-corps-nourrissante-45-ml\/#breadcrumb\",\"itemListElement\":[{\"@type\":\"ListItem\",\"position\":1,\"name\":\"Accueil\",\"item\":\"https:\/\/paracherkaoui.ma\/\"},{\"@type\":\"ListItem\",\"position\":2,\"name\":\"Boutique\",\"item\":\"https:\/\/paracherkaoui.ma\/index.php\/boutique\/\"},{\"@type\":\"ListItem\",\"position\":3,\"name\":\"BIODERMA ABCDERM COLD CREAM CREME VISAGE ET CORPS NOURRISSANTE 45 ML\"}]},{\"@type\":\"WebSite\",\"@id\":\"https:\/\/paracherkaoui.ma\/#website\",\"url\":\"https:\/\/paracherkaoui.ma\/\",\"name\":\"Paracherkaoui.ma\",\"description\":\"Achetez en ligne sur Paracherkaoui.ma\",\"potentialAction\":[{\"@type\":\"SearchAction\",\"target\":{\"@type\":\"EntryPoint\",\"urlTemplate\":\"https:\/\/paracherkaoui.ma\/?s={search_term_string}\"},\"query-input\":{\"@type\":\"PropertyValueSpecification\",\"valueRequired\":true,\"valueName\":\"search_term_string\"}}],\"inLanguage\":\"fr-FR\"}]}<\/script>\r\n<!-- \/ Yoast SEO plugin. -->","yoast_head_json":{"title":"BIODERMA ABCDERM COLD CREAM CREME VISAGE ET CORPS NOURRISSANTE 45 ML - Paracherkaoui.ma","robots":{"index":"index","follow":"follow","max-snippet":"max-snippet:-1","max-image-preview":"max-image-preview:large","max-video-preview":"max-video-preview:-1"},"canonical":"https:\/\/paracherkaoui.ma\/index.php\/produit\/bioderma-abcderm-cold-cream-creme-visage-et-corps-nourrissante-45-ml\/","og_locale":"fr_FR","og_type":"article","og_title":"BIODERMA ABCDERM COLD CREAM CREME VISAGE ET CORPS NOURRISSANTE 45 ML - Paracherkaoui.ma","og_description":"D\u00e9couvrez la cr\u00e8me id\u00e9ale pour les peaux normales \u00e0 s\u00e8ches fragilis\u00e9es par les agressions ext\u00e9rieures. Formul\u00e9e avec soin, cette cr\u00e8me","og_url":"https:\/\/paracherkaoui.ma\/index.php\/produit\/bioderma-abcderm-cold-cream-creme-visage-et-corps-nourrissante-45-ml\/","og_site_name":"Paracherkaoui.ma","article_modified_time":"2025-12-12T16:46:40+00:00","og_image":[{"width":700,"height":700,"url":"https:\/\/paracherkaoui.ma\/wp-content\/uploads\/2025\/12\/abcderm-bioderma-abcderm-cold-cream-creme-visage-et-corps-nourrissante-45-ml-soins-visage-et-corps.jpg","type":"image\/jpeg"}],"twitter_card":"summary_large_image","twitter_misc":{"Dur\u00e9e de lecture estim\u00e9e":"1 minute"},"schema":{"@context":"https:\/\/schema.org","@graph":[{"@type":"WebPage","@id":"https:\/\/paracherkaoui.ma\/index.php\/produit\/bioderma-abcderm-cold-cream-creme-visage-et-corps-nourrissante-45-ml\/","url":"https:\/\/paracherkaoui.ma\/index.php\/produit\/bioderma-abcderm-cold-cream-creme-visage-et-corps-nourrissante-45-ml\/","name":"BIODERMA ABCDERM COLD CREAM CREME VISAGE ET CORPS NOURRISSANTE 45 ML - Paracherkaoui.ma","isPartOf":{"@id":"https:\/\/paracherkaoui.ma\/#website"},"primaryImageOfPage":{"@id":"https:\/\/paracherkaoui.ma\/index.php\/produit\/bioderma-abcderm-cold-cream-creme-visage-et-corps-nourrissante-45-ml\/#primaryimage"},"image":{"@id":"https:\/\/paracherkaoui.ma\/index.php\/produit\/bioderma-abcderm-cold-cream-creme-visage-et-corps-nourrissante-45-ml\/#primaryimage"},"thumbnailUrl":"https:\/\/paracherkaoui.ma\/wp-content\/uploads\/2025\/12\/abcderm-bioderma-abcderm-cold-cream-creme-visage-et-corps-nourrissante-45-ml-soins-visage-et-corps.jpg","datePublished":"2025-12-12T16:46:38+00:00","dateModified":"2025-12-12T16:46:40+00:00","breadcrumb":{"@id":"https:\/\/paracherkaoui.ma\/index.php\/produit\/bioderma-abcderm-cold-cream-creme-visage-et-corps-nourrissante-45-ml\/#breadcrumb"},"inLanguage":"fr-FR","potentialAction":[{"@type":"ReadAction","target":["https:\/\/paracherkaoui.ma\/index.php\/produit\/bioderma-abcderm-cold-cream-creme-visage-et-corps-nourrissante-45-ml\/"]}]},{"@type":"ImageObject","inLanguage":"fr-FR","@id":"https:\/\/paracherkaoui.ma\/index.php\/produit\/bioderma-abcderm-cold-cream-creme-visage-et-corps-nourrissante-45-ml\/#primaryimage","url":"https:\/\/paracherkaoui.ma\/wp-content\/uploads\/2025\/12\/abcderm-bioderma-abcderm-cold-cream-creme-visage-et-corps-nourrissante-45-ml-soins-visage-et-corps.jpg","contentUrl":"https:\/\/paracherkaoui.ma\/wp-content\/uploads\/2025\/12\/abcderm-bioderma-abcderm-cold-cream-creme-visage-et-corps-nourrissante-45-ml-soins-visage-et-corps.jpg","width":700,"height":700},{"@type":"BreadcrumbList","@id":"https:\/\/paracherkaoui.ma\/index.php\/produit\/bioderma-abcderm-cold-cream-creme-visage-et-corps-nourrissante-45-ml\/#breadcrumb","itemListElement":[{"@type":"ListItem","position":1,"name":"Accueil","item":"https:\/\/paracherkaoui.ma\/"},{"@type":"ListItem","position":2,"name":"Boutique","item":"https:\/\/paracherkaoui.ma\/index.php\/boutique\/"},{"@type":"ListItem","position":3,"name":"BIODERMA ABCDERM COLD CREAM CREME VISAGE ET CORPS NOURRISSANTE 45 ML"}]},{"@type":"WebSite","@id":"https:\/\/paracherkaoui.ma\/#website","url":"https:\/\/paracherkaoui.ma\/","name":"Paracherkaoui.ma","description":"Achetez en ligne sur Paracherkaoui.ma","potentialAction":[{"@type":"SearchAction","target":{"@type":"EntryPoint","urlTemplate":"https:\/\/paracherkaoui.ma\/?s={search_term_string}"},"query-input":{"@type":"PropertyValueSpecification","valueRequired":true,"valueName":"search_term_string"}}],"inLanguage":"fr-FR"}]}},"_links":{"self":[{"href":"https:\/\/paracherkaoui.ma\/index.php\/wp-json\/wp\/v2\/product\/12716","targetHints":{"allow":["GET"]}}],"collection":[{"href":"https:\/\/paracherkaoui.ma\/index.php\/wp-json\/wp\/v2\/product"}],"about":[{"href":"https:\/\/paracherkaoui.ma\/index.php\/wp-json\/wp\/v2\/types\/product"}],"replies":[{"embeddable":true,"href":"https:\/\/paracherkaoui.ma\/index.php\/wp-json\/wp\/v2\/comments?post=12716"}],"version-history":[{"count":1,"href":"https:\/\/paracherkaoui.ma\/index.php\/wp-json\/wp\/v2\/product\/12716\/revisions"}],"predecessor-version":[{"id":12754,"href":"https:\/\/paracherkaoui.ma\/index.php\/wp-json\/wp\/v2\/product\/12716\/revisions\/12754"}],"wp:featuredmedia":[{"embeddable":true,"href":"https:\/\/paracherkaoui.ma\/index.php\/wp-json\/wp\/v2\/media\/12753"}],"wp:attachment":[{"href":"https:\/\/paracherkaoui.ma\/index.php\/wp-json\/wp\/v2\/media?parent=12716"}],"wp:term":[{"taxonomy":"product_brand","embeddable":true,"href":"https:\/\/paracherkaoui.ma\/index.php\/wp-json\/wp\/v2\/product_brand?post=12716"},{"taxonomy":"product_cat","embeddable":true,"href":"https:\/\/paracherkaoui.ma\/index.php\/wp-json\/wp\/v2\/product_cat?post=12716"},{"taxonomy":"product_tag","embeddable":true,"href":"https:\/\/paracherkaoui.ma\/index.php\/wp-json\/wp\/v2\/product_tag?post=12716"}],"curies":[{"name":"wp","href":"https:\/\/api.w.org\/{rel}","templated":true}]}}