{"id":12714,"date":"2025-12-12T17:46:38","date_gmt":"2025-12-12T16:46:38","guid":{"rendered":"https:\/\/test.ecbeaute.com\/?post_type=product&#038;p=12714"},"modified":"2025-12-12T17:46:40","modified_gmt":"2025-12-12T16:46:40","slug":"uriage-bebe-1er-baume-oleo-apaisant-anti-gratage-200-ml","status":"publish","type":"product","link":"https:\/\/paracherkaoui.ma\/index.php\/produit\/uriage-bebe-1er-baume-oleo-apaisant-anti-gratage-200-ml\/","title":{"rendered":"URIAGE BEBE 1ER BAUME OLEO APAISANT ANTI GRATAGE 200 ML"},"content":{"rendered":"<p>Les b\u00e9b\u00e9s ont d\u00e9sormais droit \u00e0 leur 1er Baume ol\u00e9o-apaisant anti-grattage d\u00e9velopp\u00e9 par la marque Uriage et reprenant la formule sp\u00e9cifique\u00a0de sa gamme de soins dermatologiques X\u00e9mose destin\u00e9e aux peaux s\u00e8ches \u00e0 tendance atopique.<br \/>\nDu fait de sa grande finesse et de son \u00ab\u00a0immaturit\u00e9\u00a0\u00bb, l&rsquo;\u00e9piderme des nourrissons est particuli\u00e8rement expos\u00e9 aux agressions ext\u00e9rieures qui gravitent dans l&rsquo;air ambiant. Il s&rsquo;agit des bact\u00e9ries, des impuret\u00e9s, de la poussi\u00e8re ou plus simplement de la variation de temp\u00e9ratures due \u00e0 l&rsquo;air climatis\u00e9. La peau est ainsi sujette au dess\u00e8chement et aux rougeurs qui peuvent l&rsquo;irriter et la fragiliser plus encore.<\/p>\n<p>Le 1er Baume ol\u00e9o-apaisant Uriage s&rsquo;adresse aux plus petits et leur offrent un soin apaisant et protecteur, gr\u00e2ce \u00e0 sa formule X\u00e9mose. Il contient du beurre de karit\u00e9\u00a0associ\u00e9 \u00e0 de l&rsquo;huile d&rsquo;illip\u00e9 qui apportent, tous deux, les lipides indispensables \u00e0 la constitution d&rsquo;un film gras destin\u00e9 \u00e0 prot\u00e9ger la peau de toutes les agressions ext\u00e9rieures. Cette barri\u00e8re cutan\u00e9e naturelle s&rsquo;\u00e9vertue \u00e9galement \u00e0 freiner l&rsquo;\u00e9vaporation de l&rsquo;eau afin de pr\u00e9server une bonne hydratation des couches profondes de l&rsquo;\u00e9piderme. Cette formule a le m\u00e9rite de r\u00e9duire la sensation de d\u00e9mangeaisons et de progressivement espacer les p\u00e9riodes de grattage, jusqu&rsquo;\u00e0 ce que la peau ait gagn\u00e9 en maturit\u00e9.<br \/>\nAppliquer matin et\/ou soir sur une peau propre<br \/>\nVisage et corps<\/p>\n","protected":false},"excerpt":{"rendered":"<p>Les b\u00e9b\u00e9s ont d\u00e9sormais droit \u00e0 leur 1er Baume ol\u00e9o-apaisant anti-grattage d\u00e9velopp\u00e9 par la marque Uriage et reprenant la formule<\/p>\n","protected":false},"featured_media":12749,"comment_status":"open","ping_status":"closed","template":"","meta":[],"product_brand":[130],"product_cat":[163],"product_tag":[],"class_list":{"0":"post-12714","1":"product","2":"type-product","3":"status-publish","4":"has-post-thumbnail","6":"product_brand-uriage","7":"product_cat-enfants","9":"first","10":"instock","11":"sale","12":"shipping-taxable","13":"purchasable","14":"product-type-simple"},"yoast_head":"<!-- This site is optimized with the Yoast SEO plugin v26.6 - https:\/\/yoast.com\/wordpress\/plugins\/seo\/ -->\r\n<title>URIAGE BEBE 1ER BAUME OLEO APAISANT ANTI GRATAGE 200 ML - Paracherkaoui.ma<\/title>\r\n<meta name=\"robots\" content=\"index, follow, max-snippet:-1, max-image-preview:large, max-video-preview:-1\" \/>\r\n<link rel=\"canonical\" href=\"https:\/\/paracherkaoui.ma\/index.php\/produit\/uriage-bebe-1er-baume-oleo-apaisant-anti-gratage-200-ml\/\" \/>\r\n<meta property=\"og:locale\" content=\"fr_FR\" \/>\r\n<meta property=\"og:type\" content=\"article\" \/>\r\n<meta property=\"og:title\" content=\"URIAGE BEBE 1ER BAUME OLEO APAISANT ANTI GRATAGE 200 ML - Paracherkaoui.ma\" \/>\r\n<meta property=\"og:description\" content=\"Les b\u00e9b\u00e9s ont d\u00e9sormais droit \u00e0 leur 1er Baume ol\u00e9o-apaisant anti-grattage d\u00e9velopp\u00e9 par la marque Uriage et reprenant la formule\" \/>\r\n<meta property=\"og:url\" content=\"https:\/\/paracherkaoui.ma\/index.php\/produit\/uriage-bebe-1er-baume-oleo-apaisant-anti-gratage-200-ml\/\" \/>\r\n<meta property=\"og:site_name\" content=\"Paracherkaoui.ma\" \/>\r\n<meta property=\"article:modified_time\" content=\"2025-12-12T16:46:40+00:00\" \/>\r\n<meta property=\"og:image\" content=\"https:\/\/paracherkaoui.ma\/wp-content\/uploads\/2025\/12\/uriage-bebe-1er-baume-oleo-apaisant-anti-gratage-200-ml.jpg\" \/>\r\n\t<meta property=\"og:image:width\" content=\"700\" \/>\r\n\t<meta property=\"og:image:height\" content=\"700\" \/>\r\n\t<meta property=\"og:image:type\" content=\"image\/jpeg\" \/>\r\n<meta name=\"twitter:card\" content=\"summary_large_image\" \/>\r\n<meta name=\"twitter:label1\" content=\"Dur\u00e9e de lecture estim\u00e9e\" \/>\n\t<meta name=\"twitter:data1\" content=\"1 minute\" \/>\r\n<script type=\"application\/ld+json\" class=\"yoast-schema-graph\">{\"@context\":\"https:\/\/schema.org\",\"@graph\":[{\"@type\":\"WebPage\",\"@id\":\"https:\/\/paracherkaoui.ma\/index.php\/produit\/uriage-bebe-1er-baume-oleo-apaisant-anti-gratage-200-ml\/\",\"url\":\"https:\/\/paracherkaoui.ma\/index.php\/produit\/uriage-bebe-1er-baume-oleo-apaisant-anti-gratage-200-ml\/\",\"name\":\"URIAGE BEBE 1ER BAUME OLEO APAISANT ANTI GRATAGE 200 ML - Paracherkaoui.ma\",\"isPartOf\":{\"@id\":\"https:\/\/paracherkaoui.ma\/#website\"},\"primaryImageOfPage\":{\"@id\":\"https:\/\/paracherkaoui.ma\/index.php\/produit\/uriage-bebe-1er-baume-oleo-apaisant-anti-gratage-200-ml\/#primaryimage\"},\"image\":{\"@id\":\"https:\/\/paracherkaoui.ma\/index.php\/produit\/uriage-bebe-1er-baume-oleo-apaisant-anti-gratage-200-ml\/#primaryimage\"},\"thumbnailUrl\":\"https:\/\/paracherkaoui.ma\/wp-content\/uploads\/2025\/12\/uriage-bebe-1er-baume-oleo-apaisant-anti-gratage-200-ml.jpg\",\"datePublished\":\"2025-12-12T16:46:38+00:00\",\"dateModified\":\"2025-12-12T16:46:40+00:00\",\"breadcrumb\":{\"@id\":\"https:\/\/paracherkaoui.ma\/index.php\/produit\/uriage-bebe-1er-baume-oleo-apaisant-anti-gratage-200-ml\/#breadcrumb\"},\"inLanguage\":\"fr-FR\",\"potentialAction\":[{\"@type\":\"ReadAction\",\"target\":[\"https:\/\/paracherkaoui.ma\/index.php\/produit\/uriage-bebe-1er-baume-oleo-apaisant-anti-gratage-200-ml\/\"]}]},{\"@type\":\"ImageObject\",\"inLanguage\":\"fr-FR\",\"@id\":\"https:\/\/paracherkaoui.ma\/index.php\/produit\/uriage-bebe-1er-baume-oleo-apaisant-anti-gratage-200-ml\/#primaryimage\",\"url\":\"https:\/\/paracherkaoui.ma\/wp-content\/uploads\/2025\/12\/uriage-bebe-1er-baume-oleo-apaisant-anti-gratage-200-ml.jpg\",\"contentUrl\":\"https:\/\/paracherkaoui.ma\/wp-content\/uploads\/2025\/12\/uriage-bebe-1er-baume-oleo-apaisant-anti-gratage-200-ml.jpg\",\"width\":700,\"height\":700},{\"@type\":\"BreadcrumbList\",\"@id\":\"https:\/\/paracherkaoui.ma\/index.php\/produit\/uriage-bebe-1er-baume-oleo-apaisant-anti-gratage-200-ml\/#breadcrumb\",\"itemListElement\":[{\"@type\":\"ListItem\",\"position\":1,\"name\":\"Accueil\",\"item\":\"https:\/\/paracherkaoui.ma\/\"},{\"@type\":\"ListItem\",\"position\":2,\"name\":\"Boutique\",\"item\":\"https:\/\/paracherkaoui.ma\/index.php\/boutique\/\"},{\"@type\":\"ListItem\",\"position\":3,\"name\":\"URIAGE BEBE 1ER BAUME OLEO APAISANT ANTI GRATAGE 200 ML\"}]},{\"@type\":\"WebSite\",\"@id\":\"https:\/\/paracherkaoui.ma\/#website\",\"url\":\"https:\/\/paracherkaoui.ma\/\",\"name\":\"Paracherkaoui.ma\",\"description\":\"Achetez en ligne sur Paracherkaoui.ma\",\"potentialAction\":[{\"@type\":\"SearchAction\",\"target\":{\"@type\":\"EntryPoint\",\"urlTemplate\":\"https:\/\/paracherkaoui.ma\/?s={search_term_string}\"},\"query-input\":{\"@type\":\"PropertyValueSpecification\",\"valueRequired\":true,\"valueName\":\"search_term_string\"}}],\"inLanguage\":\"fr-FR\"}]}<\/script>\r\n<!-- \/ Yoast SEO plugin. -->","yoast_head_json":{"title":"URIAGE BEBE 1ER BAUME OLEO APAISANT ANTI GRATAGE 200 ML - Paracherkaoui.ma","robots":{"index":"index","follow":"follow","max-snippet":"max-snippet:-1","max-image-preview":"max-image-preview:large","max-video-preview":"max-video-preview:-1"},"canonical":"https:\/\/paracherkaoui.ma\/index.php\/produit\/uriage-bebe-1er-baume-oleo-apaisant-anti-gratage-200-ml\/","og_locale":"fr_FR","og_type":"article","og_title":"URIAGE BEBE 1ER BAUME OLEO APAISANT ANTI GRATAGE 200 ML - Paracherkaoui.ma","og_description":"Les b\u00e9b\u00e9s ont d\u00e9sormais droit \u00e0 leur 1er Baume ol\u00e9o-apaisant anti-grattage d\u00e9velopp\u00e9 par la marque Uriage et reprenant la formule","og_url":"https:\/\/paracherkaoui.ma\/index.php\/produit\/uriage-bebe-1er-baume-oleo-apaisant-anti-gratage-200-ml\/","og_site_name":"Paracherkaoui.ma","article_modified_time":"2025-12-12T16:46:40+00:00","og_image":[{"width":700,"height":700,"url":"https:\/\/paracherkaoui.ma\/wp-content\/uploads\/2025\/12\/uriage-bebe-1er-baume-oleo-apaisant-anti-gratage-200-ml.jpg","type":"image\/jpeg"}],"twitter_card":"summary_large_image","twitter_misc":{"Dur\u00e9e de lecture estim\u00e9e":"1 minute"},"schema":{"@context":"https:\/\/schema.org","@graph":[{"@type":"WebPage","@id":"https:\/\/paracherkaoui.ma\/index.php\/produit\/uriage-bebe-1er-baume-oleo-apaisant-anti-gratage-200-ml\/","url":"https:\/\/paracherkaoui.ma\/index.php\/produit\/uriage-bebe-1er-baume-oleo-apaisant-anti-gratage-200-ml\/","name":"URIAGE BEBE 1ER BAUME OLEO APAISANT ANTI GRATAGE 200 ML - Paracherkaoui.ma","isPartOf":{"@id":"https:\/\/paracherkaoui.ma\/#website"},"primaryImageOfPage":{"@id":"https:\/\/paracherkaoui.ma\/index.php\/produit\/uriage-bebe-1er-baume-oleo-apaisant-anti-gratage-200-ml\/#primaryimage"},"image":{"@id":"https:\/\/paracherkaoui.ma\/index.php\/produit\/uriage-bebe-1er-baume-oleo-apaisant-anti-gratage-200-ml\/#primaryimage"},"thumbnailUrl":"https:\/\/paracherkaoui.ma\/wp-content\/uploads\/2025\/12\/uriage-bebe-1er-baume-oleo-apaisant-anti-gratage-200-ml.jpg","datePublished":"2025-12-12T16:46:38+00:00","dateModified":"2025-12-12T16:46:40+00:00","breadcrumb":{"@id":"https:\/\/paracherkaoui.ma\/index.php\/produit\/uriage-bebe-1er-baume-oleo-apaisant-anti-gratage-200-ml\/#breadcrumb"},"inLanguage":"fr-FR","potentialAction":[{"@type":"ReadAction","target":["https:\/\/paracherkaoui.ma\/index.php\/produit\/uriage-bebe-1er-baume-oleo-apaisant-anti-gratage-200-ml\/"]}]},{"@type":"ImageObject","inLanguage":"fr-FR","@id":"https:\/\/paracherkaoui.ma\/index.php\/produit\/uriage-bebe-1er-baume-oleo-apaisant-anti-gratage-200-ml\/#primaryimage","url":"https:\/\/paracherkaoui.ma\/wp-content\/uploads\/2025\/12\/uriage-bebe-1er-baume-oleo-apaisant-anti-gratage-200-ml.jpg","contentUrl":"https:\/\/paracherkaoui.ma\/wp-content\/uploads\/2025\/12\/uriage-bebe-1er-baume-oleo-apaisant-anti-gratage-200-ml.jpg","width":700,"height":700},{"@type":"BreadcrumbList","@id":"https:\/\/paracherkaoui.ma\/index.php\/produit\/uriage-bebe-1er-baume-oleo-apaisant-anti-gratage-200-ml\/#breadcrumb","itemListElement":[{"@type":"ListItem","position":1,"name":"Accueil","item":"https:\/\/paracherkaoui.ma\/"},{"@type":"ListItem","position":2,"name":"Boutique","item":"https:\/\/paracherkaoui.ma\/index.php\/boutique\/"},{"@type":"ListItem","position":3,"name":"URIAGE BEBE 1ER BAUME OLEO APAISANT ANTI GRATAGE 200 ML"}]},{"@type":"WebSite","@id":"https:\/\/paracherkaoui.ma\/#website","url":"https:\/\/paracherkaoui.ma\/","name":"Paracherkaoui.ma","description":"Achetez en ligne sur Paracherkaoui.ma","potentialAction":[{"@type":"SearchAction","target":{"@type":"EntryPoint","urlTemplate":"https:\/\/paracherkaoui.ma\/?s={search_term_string}"},"query-input":{"@type":"PropertyValueSpecification","valueRequired":true,"valueName":"search_term_string"}}],"inLanguage":"fr-FR"}]}},"_links":{"self":[{"href":"https:\/\/paracherkaoui.ma\/index.php\/wp-json\/wp\/v2\/product\/12714","targetHints":{"allow":["GET"]}}],"collection":[{"href":"https:\/\/paracherkaoui.ma\/index.php\/wp-json\/wp\/v2\/product"}],"about":[{"href":"https:\/\/paracherkaoui.ma\/index.php\/wp-json\/wp\/v2\/types\/product"}],"replies":[{"embeddable":true,"href":"https:\/\/paracherkaoui.ma\/index.php\/wp-json\/wp\/v2\/comments?post=12714"}],"version-history":[{"count":1,"href":"https:\/\/paracherkaoui.ma\/index.php\/wp-json\/wp\/v2\/product\/12714\/revisions"}],"predecessor-version":[{"id":12750,"href":"https:\/\/paracherkaoui.ma\/index.php\/wp-json\/wp\/v2\/product\/12714\/revisions\/12750"}],"wp:featuredmedia":[{"embeddable":true,"href":"https:\/\/paracherkaoui.ma\/index.php\/wp-json\/wp\/v2\/media\/12749"}],"wp:attachment":[{"href":"https:\/\/paracherkaoui.ma\/index.php\/wp-json\/wp\/v2\/media?parent=12714"}],"wp:term":[{"taxonomy":"product_brand","embeddable":true,"href":"https:\/\/paracherkaoui.ma\/index.php\/wp-json\/wp\/v2\/product_brand?post=12714"},{"taxonomy":"product_cat","embeddable":true,"href":"https:\/\/paracherkaoui.ma\/index.php\/wp-json\/wp\/v2\/product_cat?post=12714"},{"taxonomy":"product_tag","embeddable":true,"href":"https:\/\/paracherkaoui.ma\/index.php\/wp-json\/wp\/v2\/product_tag?post=12714"}],"curies":[{"name":"wp","href":"https:\/\/api.w.org\/{rel}","templated":true}]}}