{"id":12709,"date":"2025-12-12T17:46:38","date_gmt":"2025-12-12T16:46:38","guid":{"rendered":"https:\/\/test.ecbeaute.com\/?post_type=product&#038;p=12709"},"modified":"2025-12-12T17:46:39","modified_gmt":"2025-12-12T16:46:39","slug":"cetaphil-sun-lipsomal-lotion-enfants-spf-50-150ml","status":"publish","type":"product","link":"https:\/\/paracherkaoui.ma\/index.php\/produit\/cetaphil-sun-lipsomal-lotion-enfants-spf-50-150ml\/","title":{"rendered":"CETAPHIL SUN LIPSOMAL LOTION ENFANTS SPF 50+ 150ML"},"content":{"rendered":"<p>Lotion pour enfants pour prot\u00e9ger du soleil 150 ml, qui est sp\u00e9cialement con\u00e7u\u00a0pour prot\u00e9ger contre les UVA et UVB et le produit contient \u00e9galement du panth\u00e9nol, de l\u2019aloe vera et de la glyc\u00e9rine pour nourrir la peau d\u00e9licate de b\u00e9b<br \/>\nConseils d&rsquo;utilisation:<br \/>\nAppliquer une quantit\u00e9 de lotion sur peau s\u00e8che et bien masser.<\/p>\n","protected":false},"excerpt":{"rendered":"<p>Lotion pour enfants pour prot\u00e9ger du soleil 150 ml, qui est sp\u00e9cialement con\u00e7u\u00a0pour prot\u00e9ger contre les UVA et UVB et<\/p>\n","protected":false},"featured_media":12739,"comment_status":"open","ping_status":"closed","template":"","meta":[],"product_brand":[150],"product_cat":[163],"product_tag":[],"class_list":{"0":"post-12709","1":"product","2":"type-product","3":"status-publish","4":"has-post-thumbnail","6":"product_brand-cetaphil","7":"product_cat-enfants","9":"first","10":"instock","11":"sale","12":"shipping-taxable","13":"purchasable","14":"product-type-simple"},"yoast_head":"<!-- This site is optimized with the Yoast SEO plugin v26.6 - https:\/\/yoast.com\/wordpress\/plugins\/seo\/ -->\r\n<title>CETAPHIL SUN LIPSOMAL LOTION ENFANTS SPF 50+ 150ML - Paracherkaoui.ma<\/title>\r\n<meta name=\"robots\" content=\"index, follow, max-snippet:-1, max-image-preview:large, max-video-preview:-1\" \/>\r\n<link rel=\"canonical\" href=\"https:\/\/paracherkaoui.ma\/index.php\/produit\/cetaphil-sun-lipsomal-lotion-enfants-spf-50-150ml\/\" \/>\r\n<meta property=\"og:locale\" content=\"fr_FR\" \/>\r\n<meta property=\"og:type\" content=\"article\" \/>\r\n<meta property=\"og:title\" content=\"CETAPHIL SUN LIPSOMAL LOTION ENFANTS SPF 50+ 150ML - Paracherkaoui.ma\" \/>\r\n<meta property=\"og:description\" content=\"Lotion pour enfants pour prot\u00e9ger du soleil 150 ml, qui est sp\u00e9cialement con\u00e7u\u00a0pour prot\u00e9ger contre les UVA et UVB et\" \/>\r\n<meta property=\"og:url\" content=\"https:\/\/paracherkaoui.ma\/index.php\/produit\/cetaphil-sun-lipsomal-lotion-enfants-spf-50-150ml\/\" \/>\r\n<meta property=\"og:site_name\" content=\"Paracherkaoui.ma\" \/>\r\n<meta property=\"article:modified_time\" content=\"2025-12-12T16:46:39+00:00\" \/>\r\n<meta property=\"og:image\" content=\"https:\/\/paracherkaoui.ma\/wp-content\/uploads\/2025\/12\/cetaphil-cetaphil-sun-lipsomal-lotion-enfants-spf-50-150ml-solaires-enfants.jpg\" \/>\r\n\t<meta property=\"og:image:width\" content=\"700\" \/>\r\n\t<meta property=\"og:image:height\" content=\"700\" \/>\r\n\t<meta property=\"og:image:type\" content=\"image\/jpeg\" \/>\r\n<meta name=\"twitter:card\" content=\"summary_large_image\" \/>\r\n<script type=\"application\/ld+json\" class=\"yoast-schema-graph\">{\"@context\":\"https:\/\/schema.org\",\"@graph\":[{\"@type\":\"WebPage\",\"@id\":\"https:\/\/paracherkaoui.ma\/index.php\/produit\/cetaphil-sun-lipsomal-lotion-enfants-spf-50-150ml\/\",\"url\":\"https:\/\/paracherkaoui.ma\/index.php\/produit\/cetaphil-sun-lipsomal-lotion-enfants-spf-50-150ml\/\",\"name\":\"CETAPHIL SUN LIPSOMAL LOTION ENFANTS SPF 50+ 150ML - Paracherkaoui.ma\",\"isPartOf\":{\"@id\":\"https:\/\/paracherkaoui.ma\/#website\"},\"primaryImageOfPage\":{\"@id\":\"https:\/\/paracherkaoui.ma\/index.php\/produit\/cetaphil-sun-lipsomal-lotion-enfants-spf-50-150ml\/#primaryimage\"},\"image\":{\"@id\":\"https:\/\/paracherkaoui.ma\/index.php\/produit\/cetaphil-sun-lipsomal-lotion-enfants-spf-50-150ml\/#primaryimage\"},\"thumbnailUrl\":\"https:\/\/paracherkaoui.ma\/wp-content\/uploads\/2025\/12\/cetaphil-cetaphil-sun-lipsomal-lotion-enfants-spf-50-150ml-solaires-enfants.jpg\",\"datePublished\":\"2025-12-12T16:46:38+00:00\",\"dateModified\":\"2025-12-12T16:46:39+00:00\",\"breadcrumb\":{\"@id\":\"https:\/\/paracherkaoui.ma\/index.php\/produit\/cetaphil-sun-lipsomal-lotion-enfants-spf-50-150ml\/#breadcrumb\"},\"inLanguage\":\"fr-FR\",\"potentialAction\":[{\"@type\":\"ReadAction\",\"target\":[\"https:\/\/paracherkaoui.ma\/index.php\/produit\/cetaphil-sun-lipsomal-lotion-enfants-spf-50-150ml\/\"]}]},{\"@type\":\"ImageObject\",\"inLanguage\":\"fr-FR\",\"@id\":\"https:\/\/paracherkaoui.ma\/index.php\/produit\/cetaphil-sun-lipsomal-lotion-enfants-spf-50-150ml\/#primaryimage\",\"url\":\"https:\/\/paracherkaoui.ma\/wp-content\/uploads\/2025\/12\/cetaphil-cetaphil-sun-lipsomal-lotion-enfants-spf-50-150ml-solaires-enfants.jpg\",\"contentUrl\":\"https:\/\/paracherkaoui.ma\/wp-content\/uploads\/2025\/12\/cetaphil-cetaphil-sun-lipsomal-lotion-enfants-spf-50-150ml-solaires-enfants.jpg\",\"width\":700,\"height\":700},{\"@type\":\"BreadcrumbList\",\"@id\":\"https:\/\/paracherkaoui.ma\/index.php\/produit\/cetaphil-sun-lipsomal-lotion-enfants-spf-50-150ml\/#breadcrumb\",\"itemListElement\":[{\"@type\":\"ListItem\",\"position\":1,\"name\":\"Accueil\",\"item\":\"https:\/\/paracherkaoui.ma\/\"},{\"@type\":\"ListItem\",\"position\":2,\"name\":\"Boutique\",\"item\":\"https:\/\/paracherkaoui.ma\/index.php\/boutique\/\"},{\"@type\":\"ListItem\",\"position\":3,\"name\":\"CETAPHIL SUN LIPSOMAL LOTION ENFANTS SPF 50+ 150ML\"}]},{\"@type\":\"WebSite\",\"@id\":\"https:\/\/paracherkaoui.ma\/#website\",\"url\":\"https:\/\/paracherkaoui.ma\/\",\"name\":\"Paracherkaoui.ma\",\"description\":\"Achetez en ligne sur Paracherkaoui.ma\",\"potentialAction\":[{\"@type\":\"SearchAction\",\"target\":{\"@type\":\"EntryPoint\",\"urlTemplate\":\"https:\/\/paracherkaoui.ma\/?s={search_term_string}\"},\"query-input\":{\"@type\":\"PropertyValueSpecification\",\"valueRequired\":true,\"valueName\":\"search_term_string\"}}],\"inLanguage\":\"fr-FR\"}]}<\/script>\r\n<!-- \/ Yoast SEO plugin. -->","yoast_head_json":{"title":"CETAPHIL SUN LIPSOMAL LOTION ENFANTS SPF 50+ 150ML - Paracherkaoui.ma","robots":{"index":"index","follow":"follow","max-snippet":"max-snippet:-1","max-image-preview":"max-image-preview:large","max-video-preview":"max-video-preview:-1"},"canonical":"https:\/\/paracherkaoui.ma\/index.php\/produit\/cetaphil-sun-lipsomal-lotion-enfants-spf-50-150ml\/","og_locale":"fr_FR","og_type":"article","og_title":"CETAPHIL SUN LIPSOMAL LOTION ENFANTS SPF 50+ 150ML - Paracherkaoui.ma","og_description":"Lotion pour enfants pour prot\u00e9ger du soleil 150 ml, qui est sp\u00e9cialement con\u00e7u\u00a0pour prot\u00e9ger contre les UVA et UVB et","og_url":"https:\/\/paracherkaoui.ma\/index.php\/produit\/cetaphil-sun-lipsomal-lotion-enfants-spf-50-150ml\/","og_site_name":"Paracherkaoui.ma","article_modified_time":"2025-12-12T16:46:39+00:00","og_image":[{"width":700,"height":700,"url":"https:\/\/paracherkaoui.ma\/wp-content\/uploads\/2025\/12\/cetaphil-cetaphil-sun-lipsomal-lotion-enfants-spf-50-150ml-solaires-enfants.jpg","type":"image\/jpeg"}],"twitter_card":"summary_large_image","schema":{"@context":"https:\/\/schema.org","@graph":[{"@type":"WebPage","@id":"https:\/\/paracherkaoui.ma\/index.php\/produit\/cetaphil-sun-lipsomal-lotion-enfants-spf-50-150ml\/","url":"https:\/\/paracherkaoui.ma\/index.php\/produit\/cetaphil-sun-lipsomal-lotion-enfants-spf-50-150ml\/","name":"CETAPHIL SUN LIPSOMAL LOTION ENFANTS SPF 50+ 150ML - Paracherkaoui.ma","isPartOf":{"@id":"https:\/\/paracherkaoui.ma\/#website"},"primaryImageOfPage":{"@id":"https:\/\/paracherkaoui.ma\/index.php\/produit\/cetaphil-sun-lipsomal-lotion-enfants-spf-50-150ml\/#primaryimage"},"image":{"@id":"https:\/\/paracherkaoui.ma\/index.php\/produit\/cetaphil-sun-lipsomal-lotion-enfants-spf-50-150ml\/#primaryimage"},"thumbnailUrl":"https:\/\/paracherkaoui.ma\/wp-content\/uploads\/2025\/12\/cetaphil-cetaphil-sun-lipsomal-lotion-enfants-spf-50-150ml-solaires-enfants.jpg","datePublished":"2025-12-12T16:46:38+00:00","dateModified":"2025-12-12T16:46:39+00:00","breadcrumb":{"@id":"https:\/\/paracherkaoui.ma\/index.php\/produit\/cetaphil-sun-lipsomal-lotion-enfants-spf-50-150ml\/#breadcrumb"},"inLanguage":"fr-FR","potentialAction":[{"@type":"ReadAction","target":["https:\/\/paracherkaoui.ma\/index.php\/produit\/cetaphil-sun-lipsomal-lotion-enfants-spf-50-150ml\/"]}]},{"@type":"ImageObject","inLanguage":"fr-FR","@id":"https:\/\/paracherkaoui.ma\/index.php\/produit\/cetaphil-sun-lipsomal-lotion-enfants-spf-50-150ml\/#primaryimage","url":"https:\/\/paracherkaoui.ma\/wp-content\/uploads\/2025\/12\/cetaphil-cetaphil-sun-lipsomal-lotion-enfants-spf-50-150ml-solaires-enfants.jpg","contentUrl":"https:\/\/paracherkaoui.ma\/wp-content\/uploads\/2025\/12\/cetaphil-cetaphil-sun-lipsomal-lotion-enfants-spf-50-150ml-solaires-enfants.jpg","width":700,"height":700},{"@type":"BreadcrumbList","@id":"https:\/\/paracherkaoui.ma\/index.php\/produit\/cetaphil-sun-lipsomal-lotion-enfants-spf-50-150ml\/#breadcrumb","itemListElement":[{"@type":"ListItem","position":1,"name":"Accueil","item":"https:\/\/paracherkaoui.ma\/"},{"@type":"ListItem","position":2,"name":"Boutique","item":"https:\/\/paracherkaoui.ma\/index.php\/boutique\/"},{"@type":"ListItem","position":3,"name":"CETAPHIL SUN LIPSOMAL LOTION ENFANTS SPF 50+ 150ML"}]},{"@type":"WebSite","@id":"https:\/\/paracherkaoui.ma\/#website","url":"https:\/\/paracherkaoui.ma\/","name":"Paracherkaoui.ma","description":"Achetez en ligne sur Paracherkaoui.ma","potentialAction":[{"@type":"SearchAction","target":{"@type":"EntryPoint","urlTemplate":"https:\/\/paracherkaoui.ma\/?s={search_term_string}"},"query-input":{"@type":"PropertyValueSpecification","valueRequired":true,"valueName":"search_term_string"}}],"inLanguage":"fr-FR"}]}},"_links":{"self":[{"href":"https:\/\/paracherkaoui.ma\/index.php\/wp-json\/wp\/v2\/product\/12709","targetHints":{"allow":["GET"]}}],"collection":[{"href":"https:\/\/paracherkaoui.ma\/index.php\/wp-json\/wp\/v2\/product"}],"about":[{"href":"https:\/\/paracherkaoui.ma\/index.php\/wp-json\/wp\/v2\/types\/product"}],"replies":[{"embeddable":true,"href":"https:\/\/paracherkaoui.ma\/index.php\/wp-json\/wp\/v2\/comments?post=12709"}],"version-history":[{"count":1,"href":"https:\/\/paracherkaoui.ma\/index.php\/wp-json\/wp\/v2\/product\/12709\/revisions"}],"predecessor-version":[{"id":12740,"href":"https:\/\/paracherkaoui.ma\/index.php\/wp-json\/wp\/v2\/product\/12709\/revisions\/12740"}],"wp:featuredmedia":[{"embeddable":true,"href":"https:\/\/paracherkaoui.ma\/index.php\/wp-json\/wp\/v2\/media\/12739"}],"wp:attachment":[{"href":"https:\/\/paracherkaoui.ma\/index.php\/wp-json\/wp\/v2\/media?parent=12709"}],"wp:term":[{"taxonomy":"product_brand","embeddable":true,"href":"https:\/\/paracherkaoui.ma\/index.php\/wp-json\/wp\/v2\/product_brand?post=12709"},{"taxonomy":"product_cat","embeddable":true,"href":"https:\/\/paracherkaoui.ma\/index.php\/wp-json\/wp\/v2\/product_cat?post=12709"},{"taxonomy":"product_tag","embeddable":true,"href":"https:\/\/paracherkaoui.ma\/index.php\/wp-json\/wp\/v2\/product_tag?post=12709"}],"curies":[{"name":"wp","href":"https:\/\/api.w.org\/{rel}","templated":true}]}}