{"id":12633,"date":"2025-12-12T17:46:33","date_gmt":"2025-12-12T16:46:33","guid":{"rendered":"https:\/\/test.ecbeaute.com\/?post_type=product&#038;p=12633"},"modified":"2025-12-12T17:46:35","modified_gmt":"2025-12-12T16:46:35","slug":"uriage-bebe-1ere-creme-lavante-1-l","status":"publish","type":"product","link":"https:\/\/paracherkaoui.ma\/index.php\/produit\/uriage-bebe-1ere-creme-lavante-1-l\/","title":{"rendered":"URIAGE BEBE 1ERE CREME LAVANTE 1 L"},"content":{"rendered":"<p>INDICATIONS :<br \/>\nTr\u00e8s agr\u00e9ablement parfum\u00e9, ce soin 2 en 1 nettoyant et nourrissant laisse la peau parfaitement propre, douce et hydrat\u00e9e.<br \/>\nPR\u00c9SENTATION :<br \/>\n1 Flacon pompe de 1000 ml<br \/>\nCONSEILS D&rsquo;UTILISATION :<br \/>\nBien faire mousser sur une peau mouill\u00e9e et rincer. Usage quotidien.<br \/>\nCOMPOSITION :<br \/>\nAQUA (WATER) &#8211; MAGNESIUM LAURETH SULFATE &#8211; DECYL GLUCOSIDE \u2013 GLYCERIN &#8211; COCAMIDOPROPYL BETAINE \u2013 PARFUM (FRAGRANCE) \u2013 STYRENE\/ACRYLATES COPOLYMER &#8211; SODIUM CHLORIDE &#8211; PEG-120 METHYL GLUCOSE DIOLEATE &#8211; DMDM HYDANTOIN &#8211; CITRIC ACID &#8211; SHOREA STENOPTERA (SHOREA STENOPTERA BUTTER).<\/p>\n","protected":false},"excerpt":{"rendered":"<p>INDICATIONS : Tr\u00e8s agr\u00e9ablement parfum\u00e9, ce soin 2 en 1 nettoyant et nourrissant laisse la peau parfaitement propre, douce et<\/p>\n","protected":false},"featured_media":12677,"comment_status":"open","ping_status":"closed","template":"","meta":[],"product_brand":[130],"product_cat":[163],"product_tag":[],"class_list":{"0":"post-12633","1":"product","2":"type-product","3":"status-publish","4":"has-post-thumbnail","6":"product_brand-uriage","7":"product_cat-enfants","9":"first","10":"instock","11":"sale","12":"shipping-taxable","13":"purchasable","14":"product-type-simple"},"yoast_head":"<!-- This site is optimized with the Yoast SEO plugin v26.6 - https:\/\/yoast.com\/wordpress\/plugins\/seo\/ -->\r\n<title>URIAGE BEBE 1ERE CREME LAVANTE 1 L - Paracherkaoui.ma<\/title>\r\n<meta name=\"robots\" content=\"index, follow, max-snippet:-1, max-image-preview:large, max-video-preview:-1\" \/>\r\n<link rel=\"canonical\" href=\"https:\/\/paracherkaoui.ma\/index.php\/produit\/uriage-bebe-1ere-creme-lavante-1-l\/\" \/>\r\n<meta property=\"og:locale\" content=\"fr_FR\" \/>\r\n<meta property=\"og:type\" content=\"article\" \/>\r\n<meta property=\"og:title\" content=\"URIAGE BEBE 1ERE CREME LAVANTE 1 L - Paracherkaoui.ma\" \/>\r\n<meta property=\"og:description\" content=\"INDICATIONS : Tr\u00e8s agr\u00e9ablement parfum\u00e9, ce soin 2 en 1 nettoyant et nourrissant laisse la peau parfaitement propre, douce et\" \/>\r\n<meta property=\"og:url\" content=\"https:\/\/paracherkaoui.ma\/index.php\/produit\/uriage-bebe-1ere-creme-lavante-1-l\/\" \/>\r\n<meta property=\"og:site_name\" content=\"Paracherkaoui.ma\" \/>\r\n<meta property=\"article:modified_time\" content=\"2025-12-12T16:46:35+00:00\" \/>\r\n<meta property=\"og:image\" content=\"https:\/\/paracherkaoui.ma\/wp-content\/uploads\/2025\/12\/uriage-bebe-1ere-creme-lavante-1-l.jpg\" \/>\r\n\t<meta property=\"og:image:width\" content=\"700\" \/>\r\n\t<meta property=\"og:image:height\" content=\"700\" \/>\r\n\t<meta property=\"og:image:type\" content=\"image\/jpeg\" \/>\r\n<meta name=\"twitter:card\" content=\"summary_large_image\" \/>\r\n<script type=\"application\/ld+json\" class=\"yoast-schema-graph\">{\"@context\":\"https:\/\/schema.org\",\"@graph\":[{\"@type\":\"WebPage\",\"@id\":\"https:\/\/paracherkaoui.ma\/index.php\/produit\/uriage-bebe-1ere-creme-lavante-1-l\/\",\"url\":\"https:\/\/paracherkaoui.ma\/index.php\/produit\/uriage-bebe-1ere-creme-lavante-1-l\/\",\"name\":\"URIAGE BEBE 1ERE CREME LAVANTE 1 L - Paracherkaoui.ma\",\"isPartOf\":{\"@id\":\"https:\/\/paracherkaoui.ma\/#website\"},\"primaryImageOfPage\":{\"@id\":\"https:\/\/paracherkaoui.ma\/index.php\/produit\/uriage-bebe-1ere-creme-lavante-1-l\/#primaryimage\"},\"image\":{\"@id\":\"https:\/\/paracherkaoui.ma\/index.php\/produit\/uriage-bebe-1ere-creme-lavante-1-l\/#primaryimage\"},\"thumbnailUrl\":\"https:\/\/paracherkaoui.ma\/wp-content\/uploads\/2025\/12\/uriage-bebe-1ere-creme-lavante-1-l.jpg\",\"datePublished\":\"2025-12-12T16:46:33+00:00\",\"dateModified\":\"2025-12-12T16:46:35+00:00\",\"breadcrumb\":{\"@id\":\"https:\/\/paracherkaoui.ma\/index.php\/produit\/uriage-bebe-1ere-creme-lavante-1-l\/#breadcrumb\"},\"inLanguage\":\"fr-FR\",\"potentialAction\":[{\"@type\":\"ReadAction\",\"target\":[\"https:\/\/paracherkaoui.ma\/index.php\/produit\/uriage-bebe-1ere-creme-lavante-1-l\/\"]}]},{\"@type\":\"ImageObject\",\"inLanguage\":\"fr-FR\",\"@id\":\"https:\/\/paracherkaoui.ma\/index.php\/produit\/uriage-bebe-1ere-creme-lavante-1-l\/#primaryimage\",\"url\":\"https:\/\/paracherkaoui.ma\/wp-content\/uploads\/2025\/12\/uriage-bebe-1ere-creme-lavante-1-l.jpg\",\"contentUrl\":\"https:\/\/paracherkaoui.ma\/wp-content\/uploads\/2025\/12\/uriage-bebe-1ere-creme-lavante-1-l.jpg\",\"width\":700,\"height\":700},{\"@type\":\"BreadcrumbList\",\"@id\":\"https:\/\/paracherkaoui.ma\/index.php\/produit\/uriage-bebe-1ere-creme-lavante-1-l\/#breadcrumb\",\"itemListElement\":[{\"@type\":\"ListItem\",\"position\":1,\"name\":\"Accueil\",\"item\":\"https:\/\/paracherkaoui.ma\/\"},{\"@type\":\"ListItem\",\"position\":2,\"name\":\"Boutique\",\"item\":\"https:\/\/paracherkaoui.ma\/index.php\/boutique\/\"},{\"@type\":\"ListItem\",\"position\":3,\"name\":\"URIAGE BEBE 1ERE CREME LAVANTE 1 L\"}]},{\"@type\":\"WebSite\",\"@id\":\"https:\/\/paracherkaoui.ma\/#website\",\"url\":\"https:\/\/paracherkaoui.ma\/\",\"name\":\"Paracherkaoui.ma\",\"description\":\"Achetez en ligne sur Paracherkaoui.ma\",\"potentialAction\":[{\"@type\":\"SearchAction\",\"target\":{\"@type\":\"EntryPoint\",\"urlTemplate\":\"https:\/\/paracherkaoui.ma\/?s={search_term_string}\"},\"query-input\":{\"@type\":\"PropertyValueSpecification\",\"valueRequired\":true,\"valueName\":\"search_term_string\"}}],\"inLanguage\":\"fr-FR\"}]}<\/script>\r\n<!-- \/ Yoast SEO plugin. -->","yoast_head_json":{"title":"URIAGE BEBE 1ERE CREME LAVANTE 1 L - Paracherkaoui.ma","robots":{"index":"index","follow":"follow","max-snippet":"max-snippet:-1","max-image-preview":"max-image-preview:large","max-video-preview":"max-video-preview:-1"},"canonical":"https:\/\/paracherkaoui.ma\/index.php\/produit\/uriage-bebe-1ere-creme-lavante-1-l\/","og_locale":"fr_FR","og_type":"article","og_title":"URIAGE BEBE 1ERE CREME LAVANTE 1 L - Paracherkaoui.ma","og_description":"INDICATIONS : Tr\u00e8s agr\u00e9ablement parfum\u00e9, ce soin 2 en 1 nettoyant et nourrissant laisse la peau parfaitement propre, douce et","og_url":"https:\/\/paracherkaoui.ma\/index.php\/produit\/uriage-bebe-1ere-creme-lavante-1-l\/","og_site_name":"Paracherkaoui.ma","article_modified_time":"2025-12-12T16:46:35+00:00","og_image":[{"width":700,"height":700,"url":"https:\/\/paracherkaoui.ma\/wp-content\/uploads\/2025\/12\/uriage-bebe-1ere-creme-lavante-1-l.jpg","type":"image\/jpeg"}],"twitter_card":"summary_large_image","schema":{"@context":"https:\/\/schema.org","@graph":[{"@type":"WebPage","@id":"https:\/\/paracherkaoui.ma\/index.php\/produit\/uriage-bebe-1ere-creme-lavante-1-l\/","url":"https:\/\/paracherkaoui.ma\/index.php\/produit\/uriage-bebe-1ere-creme-lavante-1-l\/","name":"URIAGE BEBE 1ERE CREME LAVANTE 1 L - Paracherkaoui.ma","isPartOf":{"@id":"https:\/\/paracherkaoui.ma\/#website"},"primaryImageOfPage":{"@id":"https:\/\/paracherkaoui.ma\/index.php\/produit\/uriage-bebe-1ere-creme-lavante-1-l\/#primaryimage"},"image":{"@id":"https:\/\/paracherkaoui.ma\/index.php\/produit\/uriage-bebe-1ere-creme-lavante-1-l\/#primaryimage"},"thumbnailUrl":"https:\/\/paracherkaoui.ma\/wp-content\/uploads\/2025\/12\/uriage-bebe-1ere-creme-lavante-1-l.jpg","datePublished":"2025-12-12T16:46:33+00:00","dateModified":"2025-12-12T16:46:35+00:00","breadcrumb":{"@id":"https:\/\/paracherkaoui.ma\/index.php\/produit\/uriage-bebe-1ere-creme-lavante-1-l\/#breadcrumb"},"inLanguage":"fr-FR","potentialAction":[{"@type":"ReadAction","target":["https:\/\/paracherkaoui.ma\/index.php\/produit\/uriage-bebe-1ere-creme-lavante-1-l\/"]}]},{"@type":"ImageObject","inLanguage":"fr-FR","@id":"https:\/\/paracherkaoui.ma\/index.php\/produit\/uriage-bebe-1ere-creme-lavante-1-l\/#primaryimage","url":"https:\/\/paracherkaoui.ma\/wp-content\/uploads\/2025\/12\/uriage-bebe-1ere-creme-lavante-1-l.jpg","contentUrl":"https:\/\/paracherkaoui.ma\/wp-content\/uploads\/2025\/12\/uriage-bebe-1ere-creme-lavante-1-l.jpg","width":700,"height":700},{"@type":"BreadcrumbList","@id":"https:\/\/paracherkaoui.ma\/index.php\/produit\/uriage-bebe-1ere-creme-lavante-1-l\/#breadcrumb","itemListElement":[{"@type":"ListItem","position":1,"name":"Accueil","item":"https:\/\/paracherkaoui.ma\/"},{"@type":"ListItem","position":2,"name":"Boutique","item":"https:\/\/paracherkaoui.ma\/index.php\/boutique\/"},{"@type":"ListItem","position":3,"name":"URIAGE BEBE 1ERE CREME LAVANTE 1 L"}]},{"@type":"WebSite","@id":"https:\/\/paracherkaoui.ma\/#website","url":"https:\/\/paracherkaoui.ma\/","name":"Paracherkaoui.ma","description":"Achetez en ligne sur Paracherkaoui.ma","potentialAction":[{"@type":"SearchAction","target":{"@type":"EntryPoint","urlTemplate":"https:\/\/paracherkaoui.ma\/?s={search_term_string}"},"query-input":{"@type":"PropertyValueSpecification","valueRequired":true,"valueName":"search_term_string"}}],"inLanguage":"fr-FR"}]}},"_links":{"self":[{"href":"https:\/\/paracherkaoui.ma\/index.php\/wp-json\/wp\/v2\/product\/12633","targetHints":{"allow":["GET"]}}],"collection":[{"href":"https:\/\/paracherkaoui.ma\/index.php\/wp-json\/wp\/v2\/product"}],"about":[{"href":"https:\/\/paracherkaoui.ma\/index.php\/wp-json\/wp\/v2\/types\/product"}],"replies":[{"embeddable":true,"href":"https:\/\/paracherkaoui.ma\/index.php\/wp-json\/wp\/v2\/comments?post=12633"}],"version-history":[{"count":1,"href":"https:\/\/paracherkaoui.ma\/index.php\/wp-json\/wp\/v2\/product\/12633\/revisions"}],"predecessor-version":[{"id":12678,"href":"https:\/\/paracherkaoui.ma\/index.php\/wp-json\/wp\/v2\/product\/12633\/revisions\/12678"}],"wp:featuredmedia":[{"embeddable":true,"href":"https:\/\/paracherkaoui.ma\/index.php\/wp-json\/wp\/v2\/media\/12677"}],"wp:attachment":[{"href":"https:\/\/paracherkaoui.ma\/index.php\/wp-json\/wp\/v2\/media?parent=12633"}],"wp:term":[{"taxonomy":"product_brand","embeddable":true,"href":"https:\/\/paracherkaoui.ma\/index.php\/wp-json\/wp\/v2\/product_brand?post=12633"},{"taxonomy":"product_cat","embeddable":true,"href":"https:\/\/paracherkaoui.ma\/index.php\/wp-json\/wp\/v2\/product_cat?post=12633"},{"taxonomy":"product_tag","embeddable":true,"href":"https:\/\/paracherkaoui.ma\/index.php\/wp-json\/wp\/v2\/product_tag?post=12633"}],"curies":[{"name":"wp","href":"https:\/\/api.w.org\/{rel}","templated":true}]}}