{"id":12632,"date":"2025-12-12T17:46:33","date_gmt":"2025-12-12T16:46:33","guid":{"rendered":"https:\/\/test.ecbeaute.com\/?post_type=product&#038;p=12632"},"modified":"2025-12-12T17:46:35","modified_gmt":"2025-12-12T16:46:35","slug":"uriage-bebe-1er-lait-hydratant-500-ml","status":"publish","type":"product","link":"https:\/\/paracherkaoui.ma\/index.php\/produit\/uriage-bebe-1er-lait-hydratant-500-ml\/","title":{"rendered":"URIAGE BEBE 1er LAIT HYDRATANT 500 ML"},"content":{"rendered":"<p>DESCRIPTION<\/p>\n<p>A base d&rsquo;Eau Thermale d&rsquo;Uriage apaisante, ce lait est indispensable pour restaurer le confort de la peau parfois dess\u00e9ch\u00e9e par le frottement des v\u00eatements et l\u2019environnement ext\u00e9rieur. Texture fondante et d\u00e9licatement parfum\u00e9e qui laisse la peau du b\u00e9b\u00e9 souple, douce et hydrat\u00e9e.<br \/>\nHydratation des couches sup\u00e9rieures de l&rsquo;\u00e9piderme.<br \/>\nCONSEILS D&rsquo;UTILISATION<\/p>\n<p>Appliquer en l\u00e9gers massages sur une peau propre et s\u00e8che.<br \/>\nCOMPOSITION<\/p>\n<p>Eau Thermale d\u2019Uriage<br \/>\nBeurre de Karit\u00e9<br \/>\nBeurre d\u2019Illip\u00e9<br \/>\nGlyc\u00e9rine<br \/>\nAloe vera<\/p>\n<p>Hypoallerg\u00e9nique, Non com\u00e9dog\u00e8ne<\/p>\n","protected":false},"excerpt":{"rendered":"<p>DESCRIPTION A base d&rsquo;Eau Thermale d&rsquo;Uriage apaisante, ce lait est indispensable pour restaurer le confort de la peau parfois dess\u00e9ch\u00e9e<\/p>\n","protected":false},"featured_media":12675,"comment_status":"open","ping_status":"closed","template":"","meta":[],"product_brand":[130],"product_cat":[163],"product_tag":[],"class_list":{"0":"post-12632","1":"product","2":"type-product","3":"status-publish","4":"has-post-thumbnail","6":"product_brand-uriage","7":"product_cat-enfants","9":"first","10":"instock","11":"sale","12":"shipping-taxable","13":"purchasable","14":"product-type-simple"},"yoast_head":"<!-- This site is optimized with the Yoast SEO plugin v26.6 - https:\/\/yoast.com\/wordpress\/plugins\/seo\/ -->\r\n<title>URIAGE BEBE 1er LAIT HYDRATANT 500 ML - Paracherkaoui.ma<\/title>\r\n<meta name=\"robots\" content=\"index, follow, max-snippet:-1, max-image-preview:large, max-video-preview:-1\" \/>\r\n<link rel=\"canonical\" href=\"https:\/\/paracherkaoui.ma\/index.php\/produit\/uriage-bebe-1er-lait-hydratant-500-ml\/\" \/>\r\n<meta property=\"og:locale\" content=\"fr_FR\" \/>\r\n<meta property=\"og:type\" content=\"article\" \/>\r\n<meta property=\"og:title\" content=\"URIAGE BEBE 1er LAIT HYDRATANT 500 ML - Paracherkaoui.ma\" \/>\r\n<meta property=\"og:description\" content=\"DESCRIPTION A base d&rsquo;Eau Thermale d&rsquo;Uriage apaisante, ce lait est indispensable pour restaurer le confort de la peau parfois dess\u00e9ch\u00e9e\" \/>\r\n<meta property=\"og:url\" content=\"https:\/\/paracherkaoui.ma\/index.php\/produit\/uriage-bebe-1er-lait-hydratant-500-ml\/\" \/>\r\n<meta property=\"og:site_name\" content=\"Paracherkaoui.ma\" \/>\r\n<meta property=\"article:modified_time\" content=\"2025-12-12T16:46:35+00:00\" \/>\r\n<meta property=\"og:image\" content=\"https:\/\/paracherkaoui.ma\/wp-content\/uploads\/2025\/12\/uriage-uriage-bebe-1er-lait-hydratant-500-ml-soins-visage-et-corps.jpg\" \/>\r\n\t<meta property=\"og:image:width\" content=\"700\" \/>\r\n\t<meta property=\"og:image:height\" content=\"700\" \/>\r\n\t<meta property=\"og:image:type\" content=\"image\/jpeg\" \/>\r\n<meta name=\"twitter:card\" content=\"summary_large_image\" \/>\r\n<script type=\"application\/ld+json\" class=\"yoast-schema-graph\">{\"@context\":\"https:\/\/schema.org\",\"@graph\":[{\"@type\":\"WebPage\",\"@id\":\"https:\/\/paracherkaoui.ma\/index.php\/produit\/uriage-bebe-1er-lait-hydratant-500-ml\/\",\"url\":\"https:\/\/paracherkaoui.ma\/index.php\/produit\/uriage-bebe-1er-lait-hydratant-500-ml\/\",\"name\":\"URIAGE BEBE 1er LAIT HYDRATANT 500 ML - Paracherkaoui.ma\",\"isPartOf\":{\"@id\":\"https:\/\/paracherkaoui.ma\/#website\"},\"primaryImageOfPage\":{\"@id\":\"https:\/\/paracherkaoui.ma\/index.php\/produit\/uriage-bebe-1er-lait-hydratant-500-ml\/#primaryimage\"},\"image\":{\"@id\":\"https:\/\/paracherkaoui.ma\/index.php\/produit\/uriage-bebe-1er-lait-hydratant-500-ml\/#primaryimage\"},\"thumbnailUrl\":\"https:\/\/paracherkaoui.ma\/wp-content\/uploads\/2025\/12\/uriage-uriage-bebe-1er-lait-hydratant-500-ml-soins-visage-et-corps.jpg\",\"datePublished\":\"2025-12-12T16:46:33+00:00\",\"dateModified\":\"2025-12-12T16:46:35+00:00\",\"breadcrumb\":{\"@id\":\"https:\/\/paracherkaoui.ma\/index.php\/produit\/uriage-bebe-1er-lait-hydratant-500-ml\/#breadcrumb\"},\"inLanguage\":\"fr-FR\",\"potentialAction\":[{\"@type\":\"ReadAction\",\"target\":[\"https:\/\/paracherkaoui.ma\/index.php\/produit\/uriage-bebe-1er-lait-hydratant-500-ml\/\"]}]},{\"@type\":\"ImageObject\",\"inLanguage\":\"fr-FR\",\"@id\":\"https:\/\/paracherkaoui.ma\/index.php\/produit\/uriage-bebe-1er-lait-hydratant-500-ml\/#primaryimage\",\"url\":\"https:\/\/paracherkaoui.ma\/wp-content\/uploads\/2025\/12\/uriage-uriage-bebe-1er-lait-hydratant-500-ml-soins-visage-et-corps.jpg\",\"contentUrl\":\"https:\/\/paracherkaoui.ma\/wp-content\/uploads\/2025\/12\/uriage-uriage-bebe-1er-lait-hydratant-500-ml-soins-visage-et-corps.jpg\",\"width\":700,\"height\":700},{\"@type\":\"BreadcrumbList\",\"@id\":\"https:\/\/paracherkaoui.ma\/index.php\/produit\/uriage-bebe-1er-lait-hydratant-500-ml\/#breadcrumb\",\"itemListElement\":[{\"@type\":\"ListItem\",\"position\":1,\"name\":\"Accueil\",\"item\":\"https:\/\/paracherkaoui.ma\/\"},{\"@type\":\"ListItem\",\"position\":2,\"name\":\"Boutique\",\"item\":\"https:\/\/paracherkaoui.ma\/index.php\/boutique\/\"},{\"@type\":\"ListItem\",\"position\":3,\"name\":\"URIAGE BEBE 1er LAIT HYDRATANT 500 ML\"}]},{\"@type\":\"WebSite\",\"@id\":\"https:\/\/paracherkaoui.ma\/#website\",\"url\":\"https:\/\/paracherkaoui.ma\/\",\"name\":\"Paracherkaoui.ma\",\"description\":\"Achetez en ligne sur Paracherkaoui.ma\",\"potentialAction\":[{\"@type\":\"SearchAction\",\"target\":{\"@type\":\"EntryPoint\",\"urlTemplate\":\"https:\/\/paracherkaoui.ma\/?s={search_term_string}\"},\"query-input\":{\"@type\":\"PropertyValueSpecification\",\"valueRequired\":true,\"valueName\":\"search_term_string\"}}],\"inLanguage\":\"fr-FR\"}]}<\/script>\r\n<!-- \/ Yoast SEO plugin. -->","yoast_head_json":{"title":"URIAGE BEBE 1er LAIT HYDRATANT 500 ML - Paracherkaoui.ma","robots":{"index":"index","follow":"follow","max-snippet":"max-snippet:-1","max-image-preview":"max-image-preview:large","max-video-preview":"max-video-preview:-1"},"canonical":"https:\/\/paracherkaoui.ma\/index.php\/produit\/uriage-bebe-1er-lait-hydratant-500-ml\/","og_locale":"fr_FR","og_type":"article","og_title":"URIAGE BEBE 1er LAIT HYDRATANT 500 ML - Paracherkaoui.ma","og_description":"DESCRIPTION A base d&rsquo;Eau Thermale d&rsquo;Uriage apaisante, ce lait est indispensable pour restaurer le confort de la peau parfois dess\u00e9ch\u00e9e","og_url":"https:\/\/paracherkaoui.ma\/index.php\/produit\/uriage-bebe-1er-lait-hydratant-500-ml\/","og_site_name":"Paracherkaoui.ma","article_modified_time":"2025-12-12T16:46:35+00:00","og_image":[{"width":700,"height":700,"url":"https:\/\/paracherkaoui.ma\/wp-content\/uploads\/2025\/12\/uriage-uriage-bebe-1er-lait-hydratant-500-ml-soins-visage-et-corps.jpg","type":"image\/jpeg"}],"twitter_card":"summary_large_image","schema":{"@context":"https:\/\/schema.org","@graph":[{"@type":"WebPage","@id":"https:\/\/paracherkaoui.ma\/index.php\/produit\/uriage-bebe-1er-lait-hydratant-500-ml\/","url":"https:\/\/paracherkaoui.ma\/index.php\/produit\/uriage-bebe-1er-lait-hydratant-500-ml\/","name":"URIAGE BEBE 1er LAIT HYDRATANT 500 ML - Paracherkaoui.ma","isPartOf":{"@id":"https:\/\/paracherkaoui.ma\/#website"},"primaryImageOfPage":{"@id":"https:\/\/paracherkaoui.ma\/index.php\/produit\/uriage-bebe-1er-lait-hydratant-500-ml\/#primaryimage"},"image":{"@id":"https:\/\/paracherkaoui.ma\/index.php\/produit\/uriage-bebe-1er-lait-hydratant-500-ml\/#primaryimage"},"thumbnailUrl":"https:\/\/paracherkaoui.ma\/wp-content\/uploads\/2025\/12\/uriage-uriage-bebe-1er-lait-hydratant-500-ml-soins-visage-et-corps.jpg","datePublished":"2025-12-12T16:46:33+00:00","dateModified":"2025-12-12T16:46:35+00:00","breadcrumb":{"@id":"https:\/\/paracherkaoui.ma\/index.php\/produit\/uriage-bebe-1er-lait-hydratant-500-ml\/#breadcrumb"},"inLanguage":"fr-FR","potentialAction":[{"@type":"ReadAction","target":["https:\/\/paracherkaoui.ma\/index.php\/produit\/uriage-bebe-1er-lait-hydratant-500-ml\/"]}]},{"@type":"ImageObject","inLanguage":"fr-FR","@id":"https:\/\/paracherkaoui.ma\/index.php\/produit\/uriage-bebe-1er-lait-hydratant-500-ml\/#primaryimage","url":"https:\/\/paracherkaoui.ma\/wp-content\/uploads\/2025\/12\/uriage-uriage-bebe-1er-lait-hydratant-500-ml-soins-visage-et-corps.jpg","contentUrl":"https:\/\/paracherkaoui.ma\/wp-content\/uploads\/2025\/12\/uriage-uriage-bebe-1er-lait-hydratant-500-ml-soins-visage-et-corps.jpg","width":700,"height":700},{"@type":"BreadcrumbList","@id":"https:\/\/paracherkaoui.ma\/index.php\/produit\/uriage-bebe-1er-lait-hydratant-500-ml\/#breadcrumb","itemListElement":[{"@type":"ListItem","position":1,"name":"Accueil","item":"https:\/\/paracherkaoui.ma\/"},{"@type":"ListItem","position":2,"name":"Boutique","item":"https:\/\/paracherkaoui.ma\/index.php\/boutique\/"},{"@type":"ListItem","position":3,"name":"URIAGE BEBE 1er LAIT HYDRATANT 500 ML"}]},{"@type":"WebSite","@id":"https:\/\/paracherkaoui.ma\/#website","url":"https:\/\/paracherkaoui.ma\/","name":"Paracherkaoui.ma","description":"Achetez en ligne sur Paracherkaoui.ma","potentialAction":[{"@type":"SearchAction","target":{"@type":"EntryPoint","urlTemplate":"https:\/\/paracherkaoui.ma\/?s={search_term_string}"},"query-input":{"@type":"PropertyValueSpecification","valueRequired":true,"valueName":"search_term_string"}}],"inLanguage":"fr-FR"}]}},"_links":{"self":[{"href":"https:\/\/paracherkaoui.ma\/index.php\/wp-json\/wp\/v2\/product\/12632","targetHints":{"allow":["GET"]}}],"collection":[{"href":"https:\/\/paracherkaoui.ma\/index.php\/wp-json\/wp\/v2\/product"}],"about":[{"href":"https:\/\/paracherkaoui.ma\/index.php\/wp-json\/wp\/v2\/types\/product"}],"replies":[{"embeddable":true,"href":"https:\/\/paracherkaoui.ma\/index.php\/wp-json\/wp\/v2\/comments?post=12632"}],"version-history":[{"count":1,"href":"https:\/\/paracherkaoui.ma\/index.php\/wp-json\/wp\/v2\/product\/12632\/revisions"}],"predecessor-version":[{"id":12676,"href":"https:\/\/paracherkaoui.ma\/index.php\/wp-json\/wp\/v2\/product\/12632\/revisions\/12676"}],"wp:featuredmedia":[{"embeddable":true,"href":"https:\/\/paracherkaoui.ma\/index.php\/wp-json\/wp\/v2\/media\/12675"}],"wp:attachment":[{"href":"https:\/\/paracherkaoui.ma\/index.php\/wp-json\/wp\/v2\/media?parent=12632"}],"wp:term":[{"taxonomy":"product_brand","embeddable":true,"href":"https:\/\/paracherkaoui.ma\/index.php\/wp-json\/wp\/v2\/product_brand?post=12632"},{"taxonomy":"product_cat","embeddable":true,"href":"https:\/\/paracherkaoui.ma\/index.php\/wp-json\/wp\/v2\/product_cat?post=12632"},{"taxonomy":"product_tag","embeddable":true,"href":"https:\/\/paracherkaoui.ma\/index.php\/wp-json\/wp\/v2\/product_tag?post=12632"}],"curies":[{"name":"wp","href":"https:\/\/api.w.org\/{rel}","templated":true}]}}