{"id":12627,"date":"2025-12-12T17:46:32","date_gmt":"2025-12-12T16:46:32","guid":{"rendered":"https:\/\/test.ecbeaute.com\/?post_type=product&#038;p=12627"},"modified":"2025-12-12T17:46:35","modified_gmt":"2025-12-12T16:46:35","slug":"klorane-bebe-shampoing-demelant-au-calendula-200-ml","status":"publish","type":"product","link":"https:\/\/paracherkaoui.ma\/index.php\/produit\/klorane-bebe-shampoing-demelant-au-calendula-200-ml\/","title":{"rendered":"KLORANE BEBE SHAMPOING DEMELANT AU CALENDULA 200 ML"},"content":{"rendered":"<p>Le Shampoing Klorane B\u00e9b\u00e9 aux fleurs de Calendula issues de culture BIO est sp\u00e9cialement doux pour nettoyer, d\u00e9m\u00ealer et respecter les cheveux fins et le cuir chevelu sensible des nourrissons. Sa formule totalement biod\u00e9gradable et test\u00e9e sous contr\u00f4le p\u00e9diatrique contient des agents d\u00e9m\u00ealants, pour des cheveux souples et soyeux d\u00e8s la sortie du bain. Son parfum relaxant enveloppe d&rsquo;une bulle de douceur le moment d\u00e9licat du coiffage.<br \/>\nLes bienfaits:<br \/>\nNettoie : sa texture agr\u00e9ablement moussante lave efficacement et en douceur les cheveux et le cuir chevelu des tout-petits, sans piquer les yeux.<br \/>\nD\u00e9m\u00eale : la formule enrichie en agents d\u00e9m\u00ealants facilite le coiffage des cheveux d\u00e9licats et pr\u00e9vient les n\u0153uds et tiraillements.<br \/>\nRespecte : le Shampoing respecte l&rsquo;\u00e9quilibre fragile du cuir chevelu et des cheveux fins, \u00e9vitant ainsi irritations et dess\u00e8chements apr\u00e8s le bain.<br \/>\nConseils d&rsquo;utilisation:<br \/>\nFaire mousser sur les cheveux pr\u00e9alablement mouill\u00e9s. Rincer en cas de contact avec les yeux.<\/p>\n","protected":false},"excerpt":{"rendered":"<p>Le Shampoing Klorane B\u00e9b\u00e9 aux fleurs de Calendula issues de culture BIO est sp\u00e9cialement doux pour nettoyer, d\u00e9m\u00ealer et respecter<\/p>\n","protected":false},"featured_media":12665,"comment_status":"open","ping_status":"closed","template":"","meta":[],"product_brand":[145],"product_cat":[163],"product_tag":[],"class_list":{"0":"post-12627","1":"product","2":"type-product","3":"status-publish","4":"has-post-thumbnail","6":"product_brand-klorane","7":"product_cat-enfants","9":"first","10":"instock","11":"sale","12":"shipping-taxable","13":"purchasable","14":"product-type-simple"},"yoast_head":"<!-- This site is optimized with the Yoast SEO plugin v26.6 - https:\/\/yoast.com\/wordpress\/plugins\/seo\/ -->\r\n<title>KLORANE BEBE SHAMPOING DEMELANT AU CALENDULA 200 ML - Paracherkaoui.ma<\/title>\r\n<meta name=\"robots\" content=\"index, follow, max-snippet:-1, max-image-preview:large, max-video-preview:-1\" \/>\r\n<link rel=\"canonical\" href=\"https:\/\/paracherkaoui.ma\/index.php\/produit\/klorane-bebe-shampoing-demelant-au-calendula-200-ml\/\" \/>\r\n<meta property=\"og:locale\" content=\"fr_FR\" \/>\r\n<meta property=\"og:type\" content=\"article\" \/>\r\n<meta property=\"og:title\" content=\"KLORANE BEBE SHAMPOING DEMELANT AU CALENDULA 200 ML - Paracherkaoui.ma\" \/>\r\n<meta property=\"og:description\" content=\"Le Shampoing Klorane B\u00e9b\u00e9 aux fleurs de Calendula issues de culture BIO est sp\u00e9cialement doux pour nettoyer, d\u00e9m\u00ealer et respecter\" \/>\r\n<meta property=\"og:url\" content=\"https:\/\/paracherkaoui.ma\/index.php\/produit\/klorane-bebe-shampoing-demelant-au-calendula-200-ml\/\" \/>\r\n<meta property=\"og:site_name\" content=\"Paracherkaoui.ma\" \/>\r\n<meta property=\"article:modified_time\" content=\"2025-12-12T16:46:35+00:00\" \/>\r\n<meta property=\"og:image\" content=\"https:\/\/paracherkaoui.ma\/wp-content\/uploads\/2025\/12\/klorane-klorane-bebe-shampoing-demelant-au-calendula-200-ml-visage-corps-cheveux.jpg\" \/>\r\n\t<meta property=\"og:image:width\" content=\"700\" \/>\r\n\t<meta property=\"og:image:height\" content=\"700\" \/>\r\n\t<meta property=\"og:image:type\" content=\"image\/jpeg\" \/>\r\n<meta name=\"twitter:card\" content=\"summary_large_image\" \/>\r\n<meta name=\"twitter:label1\" content=\"Dur\u00e9e de lecture estim\u00e9e\" \/>\n\t<meta name=\"twitter:data1\" content=\"1 minute\" \/>\r\n<script type=\"application\/ld+json\" class=\"yoast-schema-graph\">{\"@context\":\"https:\/\/schema.org\",\"@graph\":[{\"@type\":\"WebPage\",\"@id\":\"https:\/\/paracherkaoui.ma\/index.php\/produit\/klorane-bebe-shampoing-demelant-au-calendula-200-ml\/\",\"url\":\"https:\/\/paracherkaoui.ma\/index.php\/produit\/klorane-bebe-shampoing-demelant-au-calendula-200-ml\/\",\"name\":\"KLORANE BEBE SHAMPOING DEMELANT AU CALENDULA 200 ML - Paracherkaoui.ma\",\"isPartOf\":{\"@id\":\"https:\/\/paracherkaoui.ma\/#website\"},\"primaryImageOfPage\":{\"@id\":\"https:\/\/paracherkaoui.ma\/index.php\/produit\/klorane-bebe-shampoing-demelant-au-calendula-200-ml\/#primaryimage\"},\"image\":{\"@id\":\"https:\/\/paracherkaoui.ma\/index.php\/produit\/klorane-bebe-shampoing-demelant-au-calendula-200-ml\/#primaryimage\"},\"thumbnailUrl\":\"https:\/\/paracherkaoui.ma\/wp-content\/uploads\/2025\/12\/klorane-klorane-bebe-shampoing-demelant-au-calendula-200-ml-visage-corps-cheveux.jpg\",\"datePublished\":\"2025-12-12T16:46:32+00:00\",\"dateModified\":\"2025-12-12T16:46:35+00:00\",\"breadcrumb\":{\"@id\":\"https:\/\/paracherkaoui.ma\/index.php\/produit\/klorane-bebe-shampoing-demelant-au-calendula-200-ml\/#breadcrumb\"},\"inLanguage\":\"fr-FR\",\"potentialAction\":[{\"@type\":\"ReadAction\",\"target\":[\"https:\/\/paracherkaoui.ma\/index.php\/produit\/klorane-bebe-shampoing-demelant-au-calendula-200-ml\/\"]}]},{\"@type\":\"ImageObject\",\"inLanguage\":\"fr-FR\",\"@id\":\"https:\/\/paracherkaoui.ma\/index.php\/produit\/klorane-bebe-shampoing-demelant-au-calendula-200-ml\/#primaryimage\",\"url\":\"https:\/\/paracherkaoui.ma\/wp-content\/uploads\/2025\/12\/klorane-klorane-bebe-shampoing-demelant-au-calendula-200-ml-visage-corps-cheveux.jpg\",\"contentUrl\":\"https:\/\/paracherkaoui.ma\/wp-content\/uploads\/2025\/12\/klorane-klorane-bebe-shampoing-demelant-au-calendula-200-ml-visage-corps-cheveux.jpg\",\"width\":700,\"height\":700},{\"@type\":\"BreadcrumbList\",\"@id\":\"https:\/\/paracherkaoui.ma\/index.php\/produit\/klorane-bebe-shampoing-demelant-au-calendula-200-ml\/#breadcrumb\",\"itemListElement\":[{\"@type\":\"ListItem\",\"position\":1,\"name\":\"Accueil\",\"item\":\"https:\/\/paracherkaoui.ma\/\"},{\"@type\":\"ListItem\",\"position\":2,\"name\":\"Boutique\",\"item\":\"https:\/\/paracherkaoui.ma\/index.php\/boutique\/\"},{\"@type\":\"ListItem\",\"position\":3,\"name\":\"KLORANE BEBE SHAMPOING DEMELANT AU CALENDULA 200 ML\"}]},{\"@type\":\"WebSite\",\"@id\":\"https:\/\/paracherkaoui.ma\/#website\",\"url\":\"https:\/\/paracherkaoui.ma\/\",\"name\":\"Paracherkaoui.ma\",\"description\":\"Achetez en ligne sur Paracherkaoui.ma\",\"potentialAction\":[{\"@type\":\"SearchAction\",\"target\":{\"@type\":\"EntryPoint\",\"urlTemplate\":\"https:\/\/paracherkaoui.ma\/?s={search_term_string}\"},\"query-input\":{\"@type\":\"PropertyValueSpecification\",\"valueRequired\":true,\"valueName\":\"search_term_string\"}}],\"inLanguage\":\"fr-FR\"}]}<\/script>\r\n<!-- \/ Yoast SEO plugin. -->","yoast_head_json":{"title":"KLORANE BEBE SHAMPOING DEMELANT AU CALENDULA 200 ML - Paracherkaoui.ma","robots":{"index":"index","follow":"follow","max-snippet":"max-snippet:-1","max-image-preview":"max-image-preview:large","max-video-preview":"max-video-preview:-1"},"canonical":"https:\/\/paracherkaoui.ma\/index.php\/produit\/klorane-bebe-shampoing-demelant-au-calendula-200-ml\/","og_locale":"fr_FR","og_type":"article","og_title":"KLORANE BEBE SHAMPOING DEMELANT AU CALENDULA 200 ML - Paracherkaoui.ma","og_description":"Le Shampoing Klorane B\u00e9b\u00e9 aux fleurs de Calendula issues de culture BIO est sp\u00e9cialement doux pour nettoyer, d\u00e9m\u00ealer et respecter","og_url":"https:\/\/paracherkaoui.ma\/index.php\/produit\/klorane-bebe-shampoing-demelant-au-calendula-200-ml\/","og_site_name":"Paracherkaoui.ma","article_modified_time":"2025-12-12T16:46:35+00:00","og_image":[{"width":700,"height":700,"url":"https:\/\/paracherkaoui.ma\/wp-content\/uploads\/2025\/12\/klorane-klorane-bebe-shampoing-demelant-au-calendula-200-ml-visage-corps-cheveux.jpg","type":"image\/jpeg"}],"twitter_card":"summary_large_image","twitter_misc":{"Dur\u00e9e de lecture estim\u00e9e":"1 minute"},"schema":{"@context":"https:\/\/schema.org","@graph":[{"@type":"WebPage","@id":"https:\/\/paracherkaoui.ma\/index.php\/produit\/klorane-bebe-shampoing-demelant-au-calendula-200-ml\/","url":"https:\/\/paracherkaoui.ma\/index.php\/produit\/klorane-bebe-shampoing-demelant-au-calendula-200-ml\/","name":"KLORANE BEBE SHAMPOING DEMELANT AU CALENDULA 200 ML - Paracherkaoui.ma","isPartOf":{"@id":"https:\/\/paracherkaoui.ma\/#website"},"primaryImageOfPage":{"@id":"https:\/\/paracherkaoui.ma\/index.php\/produit\/klorane-bebe-shampoing-demelant-au-calendula-200-ml\/#primaryimage"},"image":{"@id":"https:\/\/paracherkaoui.ma\/index.php\/produit\/klorane-bebe-shampoing-demelant-au-calendula-200-ml\/#primaryimage"},"thumbnailUrl":"https:\/\/paracherkaoui.ma\/wp-content\/uploads\/2025\/12\/klorane-klorane-bebe-shampoing-demelant-au-calendula-200-ml-visage-corps-cheveux.jpg","datePublished":"2025-12-12T16:46:32+00:00","dateModified":"2025-12-12T16:46:35+00:00","breadcrumb":{"@id":"https:\/\/paracherkaoui.ma\/index.php\/produit\/klorane-bebe-shampoing-demelant-au-calendula-200-ml\/#breadcrumb"},"inLanguage":"fr-FR","potentialAction":[{"@type":"ReadAction","target":["https:\/\/paracherkaoui.ma\/index.php\/produit\/klorane-bebe-shampoing-demelant-au-calendula-200-ml\/"]}]},{"@type":"ImageObject","inLanguage":"fr-FR","@id":"https:\/\/paracherkaoui.ma\/index.php\/produit\/klorane-bebe-shampoing-demelant-au-calendula-200-ml\/#primaryimage","url":"https:\/\/paracherkaoui.ma\/wp-content\/uploads\/2025\/12\/klorane-klorane-bebe-shampoing-demelant-au-calendula-200-ml-visage-corps-cheveux.jpg","contentUrl":"https:\/\/paracherkaoui.ma\/wp-content\/uploads\/2025\/12\/klorane-klorane-bebe-shampoing-demelant-au-calendula-200-ml-visage-corps-cheveux.jpg","width":700,"height":700},{"@type":"BreadcrumbList","@id":"https:\/\/paracherkaoui.ma\/index.php\/produit\/klorane-bebe-shampoing-demelant-au-calendula-200-ml\/#breadcrumb","itemListElement":[{"@type":"ListItem","position":1,"name":"Accueil","item":"https:\/\/paracherkaoui.ma\/"},{"@type":"ListItem","position":2,"name":"Boutique","item":"https:\/\/paracherkaoui.ma\/index.php\/boutique\/"},{"@type":"ListItem","position":3,"name":"KLORANE BEBE SHAMPOING DEMELANT AU CALENDULA 200 ML"}]},{"@type":"WebSite","@id":"https:\/\/paracherkaoui.ma\/#website","url":"https:\/\/paracherkaoui.ma\/","name":"Paracherkaoui.ma","description":"Achetez en ligne sur Paracherkaoui.ma","potentialAction":[{"@type":"SearchAction","target":{"@type":"EntryPoint","urlTemplate":"https:\/\/paracherkaoui.ma\/?s={search_term_string}"},"query-input":{"@type":"PropertyValueSpecification","valueRequired":true,"valueName":"search_term_string"}}],"inLanguage":"fr-FR"}]}},"_links":{"self":[{"href":"https:\/\/paracherkaoui.ma\/index.php\/wp-json\/wp\/v2\/product\/12627","targetHints":{"allow":["GET"]}}],"collection":[{"href":"https:\/\/paracherkaoui.ma\/index.php\/wp-json\/wp\/v2\/product"}],"about":[{"href":"https:\/\/paracherkaoui.ma\/index.php\/wp-json\/wp\/v2\/types\/product"}],"replies":[{"embeddable":true,"href":"https:\/\/paracherkaoui.ma\/index.php\/wp-json\/wp\/v2\/comments?post=12627"}],"version-history":[{"count":1,"href":"https:\/\/paracherkaoui.ma\/index.php\/wp-json\/wp\/v2\/product\/12627\/revisions"}],"predecessor-version":[{"id":12666,"href":"https:\/\/paracherkaoui.ma\/index.php\/wp-json\/wp\/v2\/product\/12627\/revisions\/12666"}],"wp:featuredmedia":[{"embeddable":true,"href":"https:\/\/paracherkaoui.ma\/index.php\/wp-json\/wp\/v2\/media\/12665"}],"wp:attachment":[{"href":"https:\/\/paracherkaoui.ma\/index.php\/wp-json\/wp\/v2\/media?parent=12627"}],"wp:term":[{"taxonomy":"product_brand","embeddable":true,"href":"https:\/\/paracherkaoui.ma\/index.php\/wp-json\/wp\/v2\/product_brand?post=12627"},{"taxonomy":"product_cat","embeddable":true,"href":"https:\/\/paracherkaoui.ma\/index.php\/wp-json\/wp\/v2\/product_cat?post=12627"},{"taxonomy":"product_tag","embeddable":true,"href":"https:\/\/paracherkaoui.ma\/index.php\/wp-json\/wp\/v2\/product_tag?post=12627"}],"curies":[{"name":"wp","href":"https:\/\/api.w.org\/{rel}","templated":true}]}}