{"id":12621,"date":"2025-12-12T17:46:32","date_gmt":"2025-12-12T16:46:32","guid":{"rendered":"https:\/\/test.ecbeaute.com\/?post_type=product&#038;p=12621"},"modified":"2025-12-12T17:46:34","modified_gmt":"2025-12-12T16:46:34","slug":"uriage-bebe-1ere-lingettes-deau-nettoyantes-70","status":"publish","type":"product","link":"https:\/\/paracherkaoui.ma\/index.php\/produit\/uriage-bebe-1ere-lingettes-deau-nettoyantes-70\/","title":{"rendered":"URIAGE BEBE 1ERE LINGETTES D&rsquo;EAU NETTOYANTES * 70"},"content":{"rendered":"<p>B\u00e9n\u00e9fices produit<br \/>\nNettoie parfaitement votre tout petit en douceur. Pratique, s&rsquo;utilise 3 en 1: visage, corps et si\u00e8ge.<br \/>\nFiche d\u00e9taill\u00e9e<br \/>\nConcentr\u00e9e en Eau Thermale d\u2019Uriage apaisante, 1\u00e8re Eau est enrichie en actifs hydratants et adoucissants et est d\u00e9licatement parfum\u00e9e. Nettoyant sans rin\u00e7age, indispensable \u00e0 la maison, \u00e0 emporter en voyage&#8230; Hydratant et apaisant. Recommand\u00e9 et utilis\u00e9 en maternit\u00e9.<br \/>\nConseil d&rsquo;utilisation<br \/>\nInutile de rincer.<br \/>\nComposition<br \/>\nEau Thermale d\u2019Uriage &#8211; Agents nettoyants doux &#8211; Glyc\u00e9rine &#8211; Aloe vera. Sans paraben &#8211; Sans alcool. Haute tol\u00e9rance : Non com\u00e9dog\u00e8ne &#8211; Hypoallerg\u00e9nique.<\/p>\n","protected":false},"excerpt":{"rendered":"<p>B\u00e9n\u00e9fices produit Nettoie parfaitement votre tout petit en douceur. Pratique, s&rsquo;utilise 3 en 1: visage, corps et si\u00e8ge. Fiche d\u00e9taill\u00e9e<\/p>\n","protected":false},"featured_media":12653,"comment_status":"open","ping_status":"closed","template":"","meta":[],"product_brand":[130],"product_cat":[163],"product_tag":[],"class_list":{"0":"post-12621","1":"product","2":"type-product","3":"status-publish","4":"has-post-thumbnail","6":"product_brand-uriage","7":"product_cat-enfants","9":"first","10":"instock","11":"sale","12":"shipping-taxable","13":"purchasable","14":"product-type-simple"},"yoast_head":"<!-- This site is optimized with the Yoast SEO plugin v26.6 - https:\/\/yoast.com\/wordpress\/plugins\/seo\/ -->\r\n<title>URIAGE BEBE 1ERE LINGETTES D&#039;EAU NETTOYANTES * 70 - Paracherkaoui.ma<\/title>\r\n<meta name=\"robots\" content=\"index, follow, max-snippet:-1, max-image-preview:large, max-video-preview:-1\" \/>\r\n<link rel=\"canonical\" href=\"https:\/\/paracherkaoui.ma\/index.php\/produit\/uriage-bebe-1ere-lingettes-deau-nettoyantes-70\/\" \/>\r\n<meta property=\"og:locale\" content=\"fr_FR\" \/>\r\n<meta property=\"og:type\" content=\"article\" \/>\r\n<meta property=\"og:title\" content=\"URIAGE BEBE 1ERE LINGETTES D&#039;EAU NETTOYANTES * 70 - Paracherkaoui.ma\" \/>\r\n<meta property=\"og:description\" content=\"B\u00e9n\u00e9fices produit Nettoie parfaitement votre tout petit en douceur. Pratique, s&rsquo;utilise 3 en 1: visage, corps et si\u00e8ge. Fiche d\u00e9taill\u00e9e\" \/>\r\n<meta property=\"og:url\" content=\"https:\/\/paracherkaoui.ma\/index.php\/produit\/uriage-bebe-1ere-lingettes-deau-nettoyantes-70\/\" \/>\r\n<meta property=\"og:site_name\" content=\"Paracherkaoui.ma\" \/>\r\n<meta property=\"article:modified_time\" content=\"2025-12-12T16:46:34+00:00\" \/>\r\n<meta property=\"og:image\" content=\"https:\/\/paracherkaoui.ma\/wp-content\/uploads\/2025\/12\/uriage-bebe-1ere-lingettes-d-eau-nettoyantes-70.jpg\" \/>\r\n\t<meta property=\"og:image:width\" content=\"700\" \/>\r\n\t<meta property=\"og:image:height\" content=\"700\" \/>\r\n\t<meta property=\"og:image:type\" content=\"image\/jpeg\" \/>\r\n<meta name=\"twitter:card\" content=\"summary_large_image\" \/>\r\n<script type=\"application\/ld+json\" class=\"yoast-schema-graph\">{\"@context\":\"https:\/\/schema.org\",\"@graph\":[{\"@type\":\"WebPage\",\"@id\":\"https:\/\/paracherkaoui.ma\/index.php\/produit\/uriage-bebe-1ere-lingettes-deau-nettoyantes-70\/\",\"url\":\"https:\/\/paracherkaoui.ma\/index.php\/produit\/uriage-bebe-1ere-lingettes-deau-nettoyantes-70\/\",\"name\":\"URIAGE BEBE 1ERE LINGETTES D'EAU NETTOYANTES * 70 - Paracherkaoui.ma\",\"isPartOf\":{\"@id\":\"https:\/\/paracherkaoui.ma\/#website\"},\"primaryImageOfPage\":{\"@id\":\"https:\/\/paracherkaoui.ma\/index.php\/produit\/uriage-bebe-1ere-lingettes-deau-nettoyantes-70\/#primaryimage\"},\"image\":{\"@id\":\"https:\/\/paracherkaoui.ma\/index.php\/produit\/uriage-bebe-1ere-lingettes-deau-nettoyantes-70\/#primaryimage\"},\"thumbnailUrl\":\"https:\/\/paracherkaoui.ma\/wp-content\/uploads\/2025\/12\/uriage-bebe-1ere-lingettes-d-eau-nettoyantes-70.jpg\",\"datePublished\":\"2025-12-12T16:46:32+00:00\",\"dateModified\":\"2025-12-12T16:46:34+00:00\",\"breadcrumb\":{\"@id\":\"https:\/\/paracherkaoui.ma\/index.php\/produit\/uriage-bebe-1ere-lingettes-deau-nettoyantes-70\/#breadcrumb\"},\"inLanguage\":\"fr-FR\",\"potentialAction\":[{\"@type\":\"ReadAction\",\"target\":[\"https:\/\/paracherkaoui.ma\/index.php\/produit\/uriage-bebe-1ere-lingettes-deau-nettoyantes-70\/\"]}]},{\"@type\":\"ImageObject\",\"inLanguage\":\"fr-FR\",\"@id\":\"https:\/\/paracherkaoui.ma\/index.php\/produit\/uriage-bebe-1ere-lingettes-deau-nettoyantes-70\/#primaryimage\",\"url\":\"https:\/\/paracherkaoui.ma\/wp-content\/uploads\/2025\/12\/uriage-bebe-1ere-lingettes-d-eau-nettoyantes-70.jpg\",\"contentUrl\":\"https:\/\/paracherkaoui.ma\/wp-content\/uploads\/2025\/12\/uriage-bebe-1ere-lingettes-d-eau-nettoyantes-70.jpg\",\"width\":700,\"height\":700},{\"@type\":\"BreadcrumbList\",\"@id\":\"https:\/\/paracherkaoui.ma\/index.php\/produit\/uriage-bebe-1ere-lingettes-deau-nettoyantes-70\/#breadcrumb\",\"itemListElement\":[{\"@type\":\"ListItem\",\"position\":1,\"name\":\"Accueil\",\"item\":\"https:\/\/paracherkaoui.ma\/\"},{\"@type\":\"ListItem\",\"position\":2,\"name\":\"Boutique\",\"item\":\"https:\/\/paracherkaoui.ma\/index.php\/boutique\/\"},{\"@type\":\"ListItem\",\"position\":3,\"name\":\"URIAGE BEBE 1ERE LINGETTES D&rsquo;EAU NETTOYANTES * 70\"}]},{\"@type\":\"WebSite\",\"@id\":\"https:\/\/paracherkaoui.ma\/#website\",\"url\":\"https:\/\/paracherkaoui.ma\/\",\"name\":\"Paracherkaoui.ma\",\"description\":\"Achetez en ligne sur Paracherkaoui.ma\",\"potentialAction\":[{\"@type\":\"SearchAction\",\"target\":{\"@type\":\"EntryPoint\",\"urlTemplate\":\"https:\/\/paracherkaoui.ma\/?s={search_term_string}\"},\"query-input\":{\"@type\":\"PropertyValueSpecification\",\"valueRequired\":true,\"valueName\":\"search_term_string\"}}],\"inLanguage\":\"fr-FR\"}]}<\/script>\r\n<!-- \/ Yoast SEO plugin. -->","yoast_head_json":{"title":"URIAGE BEBE 1ERE LINGETTES D'EAU NETTOYANTES * 70 - Paracherkaoui.ma","robots":{"index":"index","follow":"follow","max-snippet":"max-snippet:-1","max-image-preview":"max-image-preview:large","max-video-preview":"max-video-preview:-1"},"canonical":"https:\/\/paracherkaoui.ma\/index.php\/produit\/uriage-bebe-1ere-lingettes-deau-nettoyantes-70\/","og_locale":"fr_FR","og_type":"article","og_title":"URIAGE BEBE 1ERE LINGETTES D'EAU NETTOYANTES * 70 - Paracherkaoui.ma","og_description":"B\u00e9n\u00e9fices produit Nettoie parfaitement votre tout petit en douceur. Pratique, s&rsquo;utilise 3 en 1: visage, corps et si\u00e8ge. Fiche d\u00e9taill\u00e9e","og_url":"https:\/\/paracherkaoui.ma\/index.php\/produit\/uriage-bebe-1ere-lingettes-deau-nettoyantes-70\/","og_site_name":"Paracherkaoui.ma","article_modified_time":"2025-12-12T16:46:34+00:00","og_image":[{"width":700,"height":700,"url":"https:\/\/paracherkaoui.ma\/wp-content\/uploads\/2025\/12\/uriage-bebe-1ere-lingettes-d-eau-nettoyantes-70.jpg","type":"image\/jpeg"}],"twitter_card":"summary_large_image","schema":{"@context":"https:\/\/schema.org","@graph":[{"@type":"WebPage","@id":"https:\/\/paracherkaoui.ma\/index.php\/produit\/uriage-bebe-1ere-lingettes-deau-nettoyantes-70\/","url":"https:\/\/paracherkaoui.ma\/index.php\/produit\/uriage-bebe-1ere-lingettes-deau-nettoyantes-70\/","name":"URIAGE BEBE 1ERE LINGETTES D'EAU NETTOYANTES * 70 - Paracherkaoui.ma","isPartOf":{"@id":"https:\/\/paracherkaoui.ma\/#website"},"primaryImageOfPage":{"@id":"https:\/\/paracherkaoui.ma\/index.php\/produit\/uriage-bebe-1ere-lingettes-deau-nettoyantes-70\/#primaryimage"},"image":{"@id":"https:\/\/paracherkaoui.ma\/index.php\/produit\/uriage-bebe-1ere-lingettes-deau-nettoyantes-70\/#primaryimage"},"thumbnailUrl":"https:\/\/paracherkaoui.ma\/wp-content\/uploads\/2025\/12\/uriage-bebe-1ere-lingettes-d-eau-nettoyantes-70.jpg","datePublished":"2025-12-12T16:46:32+00:00","dateModified":"2025-12-12T16:46:34+00:00","breadcrumb":{"@id":"https:\/\/paracherkaoui.ma\/index.php\/produit\/uriage-bebe-1ere-lingettes-deau-nettoyantes-70\/#breadcrumb"},"inLanguage":"fr-FR","potentialAction":[{"@type":"ReadAction","target":["https:\/\/paracherkaoui.ma\/index.php\/produit\/uriage-bebe-1ere-lingettes-deau-nettoyantes-70\/"]}]},{"@type":"ImageObject","inLanguage":"fr-FR","@id":"https:\/\/paracherkaoui.ma\/index.php\/produit\/uriage-bebe-1ere-lingettes-deau-nettoyantes-70\/#primaryimage","url":"https:\/\/paracherkaoui.ma\/wp-content\/uploads\/2025\/12\/uriage-bebe-1ere-lingettes-d-eau-nettoyantes-70.jpg","contentUrl":"https:\/\/paracherkaoui.ma\/wp-content\/uploads\/2025\/12\/uriage-bebe-1ere-lingettes-d-eau-nettoyantes-70.jpg","width":700,"height":700},{"@type":"BreadcrumbList","@id":"https:\/\/paracherkaoui.ma\/index.php\/produit\/uriage-bebe-1ere-lingettes-deau-nettoyantes-70\/#breadcrumb","itemListElement":[{"@type":"ListItem","position":1,"name":"Accueil","item":"https:\/\/paracherkaoui.ma\/"},{"@type":"ListItem","position":2,"name":"Boutique","item":"https:\/\/paracherkaoui.ma\/index.php\/boutique\/"},{"@type":"ListItem","position":3,"name":"URIAGE BEBE 1ERE LINGETTES D&rsquo;EAU NETTOYANTES * 70"}]},{"@type":"WebSite","@id":"https:\/\/paracherkaoui.ma\/#website","url":"https:\/\/paracherkaoui.ma\/","name":"Paracherkaoui.ma","description":"Achetez en ligne sur Paracherkaoui.ma","potentialAction":[{"@type":"SearchAction","target":{"@type":"EntryPoint","urlTemplate":"https:\/\/paracherkaoui.ma\/?s={search_term_string}"},"query-input":{"@type":"PropertyValueSpecification","valueRequired":true,"valueName":"search_term_string"}}],"inLanguage":"fr-FR"}]}},"_links":{"self":[{"href":"https:\/\/paracherkaoui.ma\/index.php\/wp-json\/wp\/v2\/product\/12621","targetHints":{"allow":["GET"]}}],"collection":[{"href":"https:\/\/paracherkaoui.ma\/index.php\/wp-json\/wp\/v2\/product"}],"about":[{"href":"https:\/\/paracherkaoui.ma\/index.php\/wp-json\/wp\/v2\/types\/product"}],"replies":[{"embeddable":true,"href":"https:\/\/paracherkaoui.ma\/index.php\/wp-json\/wp\/v2\/comments?post=12621"}],"version-history":[{"count":1,"href":"https:\/\/paracherkaoui.ma\/index.php\/wp-json\/wp\/v2\/product\/12621\/revisions"}],"predecessor-version":[{"id":12654,"href":"https:\/\/paracherkaoui.ma\/index.php\/wp-json\/wp\/v2\/product\/12621\/revisions\/12654"}],"wp:featuredmedia":[{"embeddable":true,"href":"https:\/\/paracherkaoui.ma\/index.php\/wp-json\/wp\/v2\/media\/12653"}],"wp:attachment":[{"href":"https:\/\/paracherkaoui.ma\/index.php\/wp-json\/wp\/v2\/media?parent=12621"}],"wp:term":[{"taxonomy":"product_brand","embeddable":true,"href":"https:\/\/paracherkaoui.ma\/index.php\/wp-json\/wp\/v2\/product_brand?post=12621"},{"taxonomy":"product_cat","embeddable":true,"href":"https:\/\/paracherkaoui.ma\/index.php\/wp-json\/wp\/v2\/product_cat?post=12621"},{"taxonomy":"product_tag","embeddable":true,"href":"https:\/\/paracherkaoui.ma\/index.php\/wp-json\/wp\/v2\/product_tag?post=12621"}],"curies":[{"name":"wp","href":"https:\/\/api.w.org\/{rel}","templated":true}]}}