{"id":12554,"date":"2025-12-12T17:46:27","date_gmt":"2025-12-12T16:46:27","guid":{"rendered":"https:\/\/test.ecbeaute.com\/?post_type=product&#038;p=12554"},"modified":"2025-12-12T17:46:29","modified_gmt":"2025-12-12T16:46:29","slug":"cetaphil-bright-healthy-radiance-brightness-refresh-toner-150ml-2","status":"publish","type":"product","link":"https:\/\/paracherkaoui.ma\/index.php\/produit\/cetaphil-bright-healthy-radiance-brightness-refresh-toner-150ml-2\/","title":{"rendered":"CETAPHIL BRIGHT HEALTHY RADIANCE BRIGHTNESS REFRESH TONER 150ML"},"content":{"rendered":"<p>Cetaphil Bright Healthy Radiance Brightness Refresh Toner est un toner perfecteur de peau qui donne \u00e0 votre peau une luminosit\u00e9 et une hydratation instantan\u00e9es.Dot\u00e9e de la technologie GentleBright, cette formule hypoallerg\u00e9nique sans parfum a \u00e9t\u00e9 d\u00e9velopp\u00e9e et test\u00e9e cliniquement sous contr\u00f4le dermatologique pour \u00eatre douce m\u00eame pour les peaux les plus sensibles.<\/p>\n","protected":false},"excerpt":{"rendered":"<p>Cetaphil Bright Healthy Radiance Brightness Refresh Toner est un toner perfecteur de peau qui donne \u00e0 votre peau une luminosit\u00e9<\/p>\n","protected":false},"featured_media":11971,"comment_status":"open","ping_status":"closed","template":"","meta":[],"product_brand":[150],"product_cat":[161],"product_tag":[],"class_list":{"0":"post-12554","1":"product","2":"type-product","3":"status-publish","4":"has-post-thumbnail","6":"product_brand-cetaphil","7":"product_cat-hygiene-visage","9":"first","10":"instock","11":"sale","12":"shipping-taxable","13":"purchasable","14":"product-type-simple"},"yoast_head":"<!-- This site is optimized with the Yoast SEO plugin v26.6 - https:\/\/yoast.com\/wordpress\/plugins\/seo\/ -->\r\n<title>CETAPHIL BRIGHT HEALTHY RADIANCE BRIGHTNESS REFRESH TONER 150ML - Paracherkaoui.ma<\/title>\r\n<meta name=\"robots\" content=\"index, follow, max-snippet:-1, max-image-preview:large, max-video-preview:-1\" \/>\r\n<link rel=\"canonical\" href=\"https:\/\/paracherkaoui.ma\/index.php\/produit\/cetaphil-bright-healthy-radiance-brightness-refresh-toner-150ml-2\/\" \/>\r\n<meta property=\"og:locale\" content=\"fr_FR\" \/>\r\n<meta property=\"og:type\" content=\"article\" \/>\r\n<meta property=\"og:title\" content=\"CETAPHIL BRIGHT HEALTHY RADIANCE BRIGHTNESS REFRESH TONER 150ML - Paracherkaoui.ma\" \/>\r\n<meta property=\"og:description\" content=\"Cetaphil Bright Healthy Radiance Brightness Refresh Toner est un toner perfecteur de peau qui donne \u00e0 votre peau une luminosit\u00e9\" \/>\r\n<meta property=\"og:url\" content=\"https:\/\/paracherkaoui.ma\/index.php\/produit\/cetaphil-bright-healthy-radiance-brightness-refresh-toner-150ml-2\/\" \/>\r\n<meta property=\"og:site_name\" content=\"Paracherkaoui.ma\" \/>\r\n<meta property=\"article:modified_time\" content=\"2025-12-12T16:46:29+00:00\" \/>\r\n<meta property=\"og:image\" content=\"https:\/\/paracherkaoui.ma\/wp-content\/uploads\/2025\/12\/cetaphil-cetaphil-bright-healthy-radiance-brightness-refresh-toner-150ml-nettoyants-visage.jpg\" \/>\r\n\t<meta property=\"og:image:width\" content=\"700\" \/>\r\n\t<meta property=\"og:image:height\" content=\"700\" \/>\r\n\t<meta property=\"og:image:type\" content=\"image\/jpeg\" \/>\r\n<meta name=\"twitter:card\" content=\"summary_large_image\" \/>\r\n<script type=\"application\/ld+json\" class=\"yoast-schema-graph\">{\"@context\":\"https:\/\/schema.org\",\"@graph\":[{\"@type\":\"WebPage\",\"@id\":\"https:\/\/paracherkaoui.ma\/index.php\/produit\/cetaphil-bright-healthy-radiance-brightness-refresh-toner-150ml-2\/\",\"url\":\"https:\/\/paracherkaoui.ma\/index.php\/produit\/cetaphil-bright-healthy-radiance-brightness-refresh-toner-150ml-2\/\",\"name\":\"CETAPHIL BRIGHT HEALTHY RADIANCE BRIGHTNESS REFRESH TONER 150ML - Paracherkaoui.ma\",\"isPartOf\":{\"@id\":\"https:\/\/paracherkaoui.ma\/#website\"},\"primaryImageOfPage\":{\"@id\":\"https:\/\/paracherkaoui.ma\/index.php\/produit\/cetaphil-bright-healthy-radiance-brightness-refresh-toner-150ml-2\/#primaryimage\"},\"image\":{\"@id\":\"https:\/\/paracherkaoui.ma\/index.php\/produit\/cetaphil-bright-healthy-radiance-brightness-refresh-toner-150ml-2\/#primaryimage\"},\"thumbnailUrl\":\"https:\/\/paracherkaoui.ma\/wp-content\/uploads\/2025\/12\/cetaphil-cetaphil-bright-healthy-radiance-brightness-refresh-toner-150ml-nettoyants-visage.jpg\",\"datePublished\":\"2025-12-12T16:46:27+00:00\",\"dateModified\":\"2025-12-12T16:46:29+00:00\",\"breadcrumb\":{\"@id\":\"https:\/\/paracherkaoui.ma\/index.php\/produit\/cetaphil-bright-healthy-radiance-brightness-refresh-toner-150ml-2\/#breadcrumb\"},\"inLanguage\":\"fr-FR\",\"potentialAction\":[{\"@type\":\"ReadAction\",\"target\":[\"https:\/\/paracherkaoui.ma\/index.php\/produit\/cetaphil-bright-healthy-radiance-brightness-refresh-toner-150ml-2\/\"]}]},{\"@type\":\"ImageObject\",\"inLanguage\":\"fr-FR\",\"@id\":\"https:\/\/paracherkaoui.ma\/index.php\/produit\/cetaphil-bright-healthy-radiance-brightness-refresh-toner-150ml-2\/#primaryimage\",\"url\":\"https:\/\/paracherkaoui.ma\/wp-content\/uploads\/2025\/12\/cetaphil-cetaphil-bright-healthy-radiance-brightness-refresh-toner-150ml-nettoyants-visage.jpg\",\"contentUrl\":\"https:\/\/paracherkaoui.ma\/wp-content\/uploads\/2025\/12\/cetaphil-cetaphil-bright-healthy-radiance-brightness-refresh-toner-150ml-nettoyants-visage.jpg\",\"width\":700,\"height\":700},{\"@type\":\"BreadcrumbList\",\"@id\":\"https:\/\/paracherkaoui.ma\/index.php\/produit\/cetaphil-bright-healthy-radiance-brightness-refresh-toner-150ml-2\/#breadcrumb\",\"itemListElement\":[{\"@type\":\"ListItem\",\"position\":1,\"name\":\"Accueil\",\"item\":\"https:\/\/paracherkaoui.ma\/\"},{\"@type\":\"ListItem\",\"position\":2,\"name\":\"Boutique\",\"item\":\"https:\/\/paracherkaoui.ma\/index.php\/boutique\/\"},{\"@type\":\"ListItem\",\"position\":3,\"name\":\"CETAPHIL BRIGHT HEALTHY RADIANCE BRIGHTNESS REFRESH TONER 150ML\"}]},{\"@type\":\"WebSite\",\"@id\":\"https:\/\/paracherkaoui.ma\/#website\",\"url\":\"https:\/\/paracherkaoui.ma\/\",\"name\":\"Paracherkaoui.ma\",\"description\":\"Achetez en ligne sur Paracherkaoui.ma\",\"potentialAction\":[{\"@type\":\"SearchAction\",\"target\":{\"@type\":\"EntryPoint\",\"urlTemplate\":\"https:\/\/paracherkaoui.ma\/?s={search_term_string}\"},\"query-input\":{\"@type\":\"PropertyValueSpecification\",\"valueRequired\":true,\"valueName\":\"search_term_string\"}}],\"inLanguage\":\"fr-FR\"}]}<\/script>\r\n<!-- \/ Yoast SEO plugin. -->","yoast_head_json":{"title":"CETAPHIL BRIGHT HEALTHY RADIANCE BRIGHTNESS REFRESH TONER 150ML - Paracherkaoui.ma","robots":{"index":"index","follow":"follow","max-snippet":"max-snippet:-1","max-image-preview":"max-image-preview:large","max-video-preview":"max-video-preview:-1"},"canonical":"https:\/\/paracherkaoui.ma\/index.php\/produit\/cetaphil-bright-healthy-radiance-brightness-refresh-toner-150ml-2\/","og_locale":"fr_FR","og_type":"article","og_title":"CETAPHIL BRIGHT HEALTHY RADIANCE BRIGHTNESS REFRESH TONER 150ML - Paracherkaoui.ma","og_description":"Cetaphil Bright Healthy Radiance Brightness Refresh Toner est un toner perfecteur de peau qui donne \u00e0 votre peau une luminosit\u00e9","og_url":"https:\/\/paracherkaoui.ma\/index.php\/produit\/cetaphil-bright-healthy-radiance-brightness-refresh-toner-150ml-2\/","og_site_name":"Paracherkaoui.ma","article_modified_time":"2025-12-12T16:46:29+00:00","og_image":[{"width":700,"height":700,"url":"https:\/\/paracherkaoui.ma\/wp-content\/uploads\/2025\/12\/cetaphil-cetaphil-bright-healthy-radiance-brightness-refresh-toner-150ml-nettoyants-visage.jpg","type":"image\/jpeg"}],"twitter_card":"summary_large_image","schema":{"@context":"https:\/\/schema.org","@graph":[{"@type":"WebPage","@id":"https:\/\/paracherkaoui.ma\/index.php\/produit\/cetaphil-bright-healthy-radiance-brightness-refresh-toner-150ml-2\/","url":"https:\/\/paracherkaoui.ma\/index.php\/produit\/cetaphil-bright-healthy-radiance-brightness-refresh-toner-150ml-2\/","name":"CETAPHIL BRIGHT HEALTHY RADIANCE BRIGHTNESS REFRESH TONER 150ML - Paracherkaoui.ma","isPartOf":{"@id":"https:\/\/paracherkaoui.ma\/#website"},"primaryImageOfPage":{"@id":"https:\/\/paracherkaoui.ma\/index.php\/produit\/cetaphil-bright-healthy-radiance-brightness-refresh-toner-150ml-2\/#primaryimage"},"image":{"@id":"https:\/\/paracherkaoui.ma\/index.php\/produit\/cetaphil-bright-healthy-radiance-brightness-refresh-toner-150ml-2\/#primaryimage"},"thumbnailUrl":"https:\/\/paracherkaoui.ma\/wp-content\/uploads\/2025\/12\/cetaphil-cetaphil-bright-healthy-radiance-brightness-refresh-toner-150ml-nettoyants-visage.jpg","datePublished":"2025-12-12T16:46:27+00:00","dateModified":"2025-12-12T16:46:29+00:00","breadcrumb":{"@id":"https:\/\/paracherkaoui.ma\/index.php\/produit\/cetaphil-bright-healthy-radiance-brightness-refresh-toner-150ml-2\/#breadcrumb"},"inLanguage":"fr-FR","potentialAction":[{"@type":"ReadAction","target":["https:\/\/paracherkaoui.ma\/index.php\/produit\/cetaphil-bright-healthy-radiance-brightness-refresh-toner-150ml-2\/"]}]},{"@type":"ImageObject","inLanguage":"fr-FR","@id":"https:\/\/paracherkaoui.ma\/index.php\/produit\/cetaphil-bright-healthy-radiance-brightness-refresh-toner-150ml-2\/#primaryimage","url":"https:\/\/paracherkaoui.ma\/wp-content\/uploads\/2025\/12\/cetaphil-cetaphil-bright-healthy-radiance-brightness-refresh-toner-150ml-nettoyants-visage.jpg","contentUrl":"https:\/\/paracherkaoui.ma\/wp-content\/uploads\/2025\/12\/cetaphil-cetaphil-bright-healthy-radiance-brightness-refresh-toner-150ml-nettoyants-visage.jpg","width":700,"height":700},{"@type":"BreadcrumbList","@id":"https:\/\/paracherkaoui.ma\/index.php\/produit\/cetaphil-bright-healthy-radiance-brightness-refresh-toner-150ml-2\/#breadcrumb","itemListElement":[{"@type":"ListItem","position":1,"name":"Accueil","item":"https:\/\/paracherkaoui.ma\/"},{"@type":"ListItem","position":2,"name":"Boutique","item":"https:\/\/paracherkaoui.ma\/index.php\/boutique\/"},{"@type":"ListItem","position":3,"name":"CETAPHIL BRIGHT HEALTHY RADIANCE BRIGHTNESS REFRESH TONER 150ML"}]},{"@type":"WebSite","@id":"https:\/\/paracherkaoui.ma\/#website","url":"https:\/\/paracherkaoui.ma\/","name":"Paracherkaoui.ma","description":"Achetez en ligne sur Paracherkaoui.ma","potentialAction":[{"@type":"SearchAction","target":{"@type":"EntryPoint","urlTemplate":"https:\/\/paracherkaoui.ma\/?s={search_term_string}"},"query-input":{"@type":"PropertyValueSpecification","valueRequired":true,"valueName":"search_term_string"}}],"inLanguage":"fr-FR"}]}},"_links":{"self":[{"href":"https:\/\/paracherkaoui.ma\/index.php\/wp-json\/wp\/v2\/product\/12554","targetHints":{"allow":["GET"]}}],"collection":[{"href":"https:\/\/paracherkaoui.ma\/index.php\/wp-json\/wp\/v2\/product"}],"about":[{"href":"https:\/\/paracherkaoui.ma\/index.php\/wp-json\/wp\/v2\/types\/product"}],"replies":[{"embeddable":true,"href":"https:\/\/paracherkaoui.ma\/index.php\/wp-json\/wp\/v2\/comments?post=12554"}],"version-history":[{"count":1,"href":"https:\/\/paracherkaoui.ma\/index.php\/wp-json\/wp\/v2\/product\/12554\/revisions"}],"predecessor-version":[{"id":12594,"href":"https:\/\/paracherkaoui.ma\/index.php\/wp-json\/wp\/v2\/product\/12554\/revisions\/12594"}],"wp:featuredmedia":[{"embeddable":true,"href":"https:\/\/paracherkaoui.ma\/index.php\/wp-json\/wp\/v2\/media\/11971"}],"wp:attachment":[{"href":"https:\/\/paracherkaoui.ma\/index.php\/wp-json\/wp\/v2\/media?parent=12554"}],"wp:term":[{"taxonomy":"product_brand","embeddable":true,"href":"https:\/\/paracherkaoui.ma\/index.php\/wp-json\/wp\/v2\/product_brand?post=12554"},{"taxonomy":"product_cat","embeddable":true,"href":"https:\/\/paracherkaoui.ma\/index.php\/wp-json\/wp\/v2\/product_cat?post=12554"},{"taxonomy":"product_tag","embeddable":true,"href":"https:\/\/paracherkaoui.ma\/index.php\/wp-json\/wp\/v2\/product_tag?post=12554"}],"curies":[{"name":"wp","href":"https:\/\/api.w.org\/{rel}","templated":true}]}}