{"id":12482,"date":"2025-12-12T17:46:21","date_gmt":"2025-12-12T16:46:21","guid":{"rendered":"https:\/\/test.ecbeaute.com\/?post_type=product&#038;p=12482"},"modified":"2025-12-12T17:46:24","modified_gmt":"2025-12-12T16:46:24","slug":"svr-physiopure-eau-micellaire-200-ml","status":"publish","type":"product","link":"https:\/\/paracherkaoui.ma\/index.php\/produit\/svr-physiopure-eau-micellaire-200-ml\/","title":{"rendered":"SVR PHYSIOPURE EAU MICELLAIRE 200 ML"},"content":{"rendered":"<p>SVR PHYSIOPURE Eau Micellaire. L&rsquo;eau micellaire Physiopure au magn\u00e9sium oxyg\u00e9nant est une eau nettoyante, d\u00e9maquillante et puret\u00e9 douceur pour les peaux sensibles. L&rsquo;eau micellaire d\u00e9maquille et nettoie en un seul geste. Elle \u00e9limine efficacement les impuret\u00e9s pour une peau nette et oxyg\u00e9n\u00e9e. Sa formule est adapt\u00e9e pour retirer tous les maquillages, m\u00eame waterproof, du visage, des yeux et des l\u00e8vres. pH physiologique et parfum agr\u00e9able. Sans alcool. Sans savon. Sans paraben.<br \/>\nConseils d&rsquo;utilisation:<br \/>\nAppliquer \u00e0 l&rsquo;aide d&rsquo;un coton. Ne pas rincer<\/p>\n","protected":false},"excerpt":{"rendered":"<p>SVR PHYSIOPURE Eau Micellaire. L&rsquo;eau micellaire Physiopure au magn\u00e9sium oxyg\u00e9nant est une eau nettoyante, d\u00e9maquillante et puret\u00e9 douceur pour les<\/p>\n","protected":false},"featured_media":12529,"comment_status":"open","ping_status":"closed","template":"","meta":[],"product_brand":[133],"product_cat":[161],"product_tag":[],"class_list":{"0":"post-12482","1":"product","2":"type-product","3":"status-publish","4":"has-post-thumbnail","6":"product_brand-svr","7":"product_cat-hygiene-visage","9":"first","10":"instock","11":"sale","12":"shipping-taxable","13":"purchasable","14":"product-type-simple"},"yoast_head":"<!-- This site is optimized with the Yoast SEO plugin v26.6 - https:\/\/yoast.com\/wordpress\/plugins\/seo\/ -->\r\n<title>SVR PHYSIOPURE EAU MICELLAIRE 200 ML - Paracherkaoui.ma<\/title>\r\n<meta name=\"robots\" content=\"index, follow, max-snippet:-1, max-image-preview:large, max-video-preview:-1\" \/>\r\n<link rel=\"canonical\" href=\"https:\/\/paracherkaoui.ma\/index.php\/produit\/svr-physiopure-eau-micellaire-200-ml\/\" \/>\r\n<meta property=\"og:locale\" content=\"fr_FR\" \/>\r\n<meta property=\"og:type\" content=\"article\" \/>\r\n<meta property=\"og:title\" content=\"SVR PHYSIOPURE EAU MICELLAIRE 200 ML - Paracherkaoui.ma\" \/>\r\n<meta property=\"og:description\" content=\"SVR PHYSIOPURE Eau Micellaire. L&rsquo;eau micellaire Physiopure au magn\u00e9sium oxyg\u00e9nant est une eau nettoyante, d\u00e9maquillante et puret\u00e9 douceur pour les\" \/>\r\n<meta property=\"og:url\" content=\"https:\/\/paracherkaoui.ma\/index.php\/produit\/svr-physiopure-eau-micellaire-200-ml\/\" \/>\r\n<meta property=\"og:site_name\" content=\"Paracherkaoui.ma\" \/>\r\n<meta property=\"article:modified_time\" content=\"2025-12-12T16:46:24+00:00\" \/>\r\n<meta property=\"og:image\" content=\"https:\/\/paracherkaoui.ma\/wp-content\/uploads\/2025\/12\/svr-svr-physiopure-eau-micellaire-200-ml-accueil.jpg\" \/>\r\n\t<meta property=\"og:image:width\" content=\"700\" \/>\r\n\t<meta property=\"og:image:height\" content=\"700\" \/>\r\n\t<meta property=\"og:image:type\" content=\"image\/jpeg\" \/>\r\n<meta name=\"twitter:card\" content=\"summary_large_image\" \/>\r\n<script type=\"application\/ld+json\" class=\"yoast-schema-graph\">{\"@context\":\"https:\/\/schema.org\",\"@graph\":[{\"@type\":\"WebPage\",\"@id\":\"https:\/\/paracherkaoui.ma\/index.php\/produit\/svr-physiopure-eau-micellaire-200-ml\/\",\"url\":\"https:\/\/paracherkaoui.ma\/index.php\/produit\/svr-physiopure-eau-micellaire-200-ml\/\",\"name\":\"SVR PHYSIOPURE EAU MICELLAIRE 200 ML - Paracherkaoui.ma\",\"isPartOf\":{\"@id\":\"https:\/\/paracherkaoui.ma\/#website\"},\"primaryImageOfPage\":{\"@id\":\"https:\/\/paracherkaoui.ma\/index.php\/produit\/svr-physiopure-eau-micellaire-200-ml\/#primaryimage\"},\"image\":{\"@id\":\"https:\/\/paracherkaoui.ma\/index.php\/produit\/svr-physiopure-eau-micellaire-200-ml\/#primaryimage\"},\"thumbnailUrl\":\"https:\/\/paracherkaoui.ma\/wp-content\/uploads\/2025\/12\/svr-svr-physiopure-eau-micellaire-200-ml-accueil.jpg\",\"datePublished\":\"2025-12-12T16:46:21+00:00\",\"dateModified\":\"2025-12-12T16:46:24+00:00\",\"breadcrumb\":{\"@id\":\"https:\/\/paracherkaoui.ma\/index.php\/produit\/svr-physiopure-eau-micellaire-200-ml\/#breadcrumb\"},\"inLanguage\":\"fr-FR\",\"potentialAction\":[{\"@type\":\"ReadAction\",\"target\":[\"https:\/\/paracherkaoui.ma\/index.php\/produit\/svr-physiopure-eau-micellaire-200-ml\/\"]}]},{\"@type\":\"ImageObject\",\"inLanguage\":\"fr-FR\",\"@id\":\"https:\/\/paracherkaoui.ma\/index.php\/produit\/svr-physiopure-eau-micellaire-200-ml\/#primaryimage\",\"url\":\"https:\/\/paracherkaoui.ma\/wp-content\/uploads\/2025\/12\/svr-svr-physiopure-eau-micellaire-200-ml-accueil.jpg\",\"contentUrl\":\"https:\/\/paracherkaoui.ma\/wp-content\/uploads\/2025\/12\/svr-svr-physiopure-eau-micellaire-200-ml-accueil.jpg\",\"width\":700,\"height\":700},{\"@type\":\"BreadcrumbList\",\"@id\":\"https:\/\/paracherkaoui.ma\/index.php\/produit\/svr-physiopure-eau-micellaire-200-ml\/#breadcrumb\",\"itemListElement\":[{\"@type\":\"ListItem\",\"position\":1,\"name\":\"Accueil\",\"item\":\"https:\/\/paracherkaoui.ma\/\"},{\"@type\":\"ListItem\",\"position\":2,\"name\":\"Boutique\",\"item\":\"https:\/\/paracherkaoui.ma\/index.php\/boutique\/\"},{\"@type\":\"ListItem\",\"position\":3,\"name\":\"SVR PHYSIOPURE EAU MICELLAIRE 200 ML\"}]},{\"@type\":\"WebSite\",\"@id\":\"https:\/\/paracherkaoui.ma\/#website\",\"url\":\"https:\/\/paracherkaoui.ma\/\",\"name\":\"Paracherkaoui.ma\",\"description\":\"Achetez en ligne sur Paracherkaoui.ma\",\"potentialAction\":[{\"@type\":\"SearchAction\",\"target\":{\"@type\":\"EntryPoint\",\"urlTemplate\":\"https:\/\/paracherkaoui.ma\/?s={search_term_string}\"},\"query-input\":{\"@type\":\"PropertyValueSpecification\",\"valueRequired\":true,\"valueName\":\"search_term_string\"}}],\"inLanguage\":\"fr-FR\"}]}<\/script>\r\n<!-- \/ Yoast SEO plugin. -->","yoast_head_json":{"title":"SVR PHYSIOPURE EAU MICELLAIRE 200 ML - Paracherkaoui.ma","robots":{"index":"index","follow":"follow","max-snippet":"max-snippet:-1","max-image-preview":"max-image-preview:large","max-video-preview":"max-video-preview:-1"},"canonical":"https:\/\/paracherkaoui.ma\/index.php\/produit\/svr-physiopure-eau-micellaire-200-ml\/","og_locale":"fr_FR","og_type":"article","og_title":"SVR PHYSIOPURE EAU MICELLAIRE 200 ML - Paracherkaoui.ma","og_description":"SVR PHYSIOPURE Eau Micellaire. L&rsquo;eau micellaire Physiopure au magn\u00e9sium oxyg\u00e9nant est une eau nettoyante, d\u00e9maquillante et puret\u00e9 douceur pour les","og_url":"https:\/\/paracherkaoui.ma\/index.php\/produit\/svr-physiopure-eau-micellaire-200-ml\/","og_site_name":"Paracherkaoui.ma","article_modified_time":"2025-12-12T16:46:24+00:00","og_image":[{"width":700,"height":700,"url":"https:\/\/paracherkaoui.ma\/wp-content\/uploads\/2025\/12\/svr-svr-physiopure-eau-micellaire-200-ml-accueil.jpg","type":"image\/jpeg"}],"twitter_card":"summary_large_image","schema":{"@context":"https:\/\/schema.org","@graph":[{"@type":"WebPage","@id":"https:\/\/paracherkaoui.ma\/index.php\/produit\/svr-physiopure-eau-micellaire-200-ml\/","url":"https:\/\/paracherkaoui.ma\/index.php\/produit\/svr-physiopure-eau-micellaire-200-ml\/","name":"SVR PHYSIOPURE EAU MICELLAIRE 200 ML - Paracherkaoui.ma","isPartOf":{"@id":"https:\/\/paracherkaoui.ma\/#website"},"primaryImageOfPage":{"@id":"https:\/\/paracherkaoui.ma\/index.php\/produit\/svr-physiopure-eau-micellaire-200-ml\/#primaryimage"},"image":{"@id":"https:\/\/paracherkaoui.ma\/index.php\/produit\/svr-physiopure-eau-micellaire-200-ml\/#primaryimage"},"thumbnailUrl":"https:\/\/paracherkaoui.ma\/wp-content\/uploads\/2025\/12\/svr-svr-physiopure-eau-micellaire-200-ml-accueil.jpg","datePublished":"2025-12-12T16:46:21+00:00","dateModified":"2025-12-12T16:46:24+00:00","breadcrumb":{"@id":"https:\/\/paracherkaoui.ma\/index.php\/produit\/svr-physiopure-eau-micellaire-200-ml\/#breadcrumb"},"inLanguage":"fr-FR","potentialAction":[{"@type":"ReadAction","target":["https:\/\/paracherkaoui.ma\/index.php\/produit\/svr-physiopure-eau-micellaire-200-ml\/"]}]},{"@type":"ImageObject","inLanguage":"fr-FR","@id":"https:\/\/paracherkaoui.ma\/index.php\/produit\/svr-physiopure-eau-micellaire-200-ml\/#primaryimage","url":"https:\/\/paracherkaoui.ma\/wp-content\/uploads\/2025\/12\/svr-svr-physiopure-eau-micellaire-200-ml-accueil.jpg","contentUrl":"https:\/\/paracherkaoui.ma\/wp-content\/uploads\/2025\/12\/svr-svr-physiopure-eau-micellaire-200-ml-accueil.jpg","width":700,"height":700},{"@type":"BreadcrumbList","@id":"https:\/\/paracherkaoui.ma\/index.php\/produit\/svr-physiopure-eau-micellaire-200-ml\/#breadcrumb","itemListElement":[{"@type":"ListItem","position":1,"name":"Accueil","item":"https:\/\/paracherkaoui.ma\/"},{"@type":"ListItem","position":2,"name":"Boutique","item":"https:\/\/paracherkaoui.ma\/index.php\/boutique\/"},{"@type":"ListItem","position":3,"name":"SVR PHYSIOPURE EAU MICELLAIRE 200 ML"}]},{"@type":"WebSite","@id":"https:\/\/paracherkaoui.ma\/#website","url":"https:\/\/paracherkaoui.ma\/","name":"Paracherkaoui.ma","description":"Achetez en ligne sur Paracherkaoui.ma","potentialAction":[{"@type":"SearchAction","target":{"@type":"EntryPoint","urlTemplate":"https:\/\/paracherkaoui.ma\/?s={search_term_string}"},"query-input":{"@type":"PropertyValueSpecification","valueRequired":true,"valueName":"search_term_string"}}],"inLanguage":"fr-FR"}]}},"_links":{"self":[{"href":"https:\/\/paracherkaoui.ma\/index.php\/wp-json\/wp\/v2\/product\/12482","targetHints":{"allow":["GET"]}}],"collection":[{"href":"https:\/\/paracherkaoui.ma\/index.php\/wp-json\/wp\/v2\/product"}],"about":[{"href":"https:\/\/paracherkaoui.ma\/index.php\/wp-json\/wp\/v2\/types\/product"}],"replies":[{"embeddable":true,"href":"https:\/\/paracherkaoui.ma\/index.php\/wp-json\/wp\/v2\/comments?post=12482"}],"version-history":[{"count":1,"href":"https:\/\/paracherkaoui.ma\/index.php\/wp-json\/wp\/v2\/product\/12482\/revisions"}],"predecessor-version":[{"id":12530,"href":"https:\/\/paracherkaoui.ma\/index.php\/wp-json\/wp\/v2\/product\/12482\/revisions\/12530"}],"wp:featuredmedia":[{"embeddable":true,"href":"https:\/\/paracherkaoui.ma\/index.php\/wp-json\/wp\/v2\/media\/12529"}],"wp:attachment":[{"href":"https:\/\/paracherkaoui.ma\/index.php\/wp-json\/wp\/v2\/media?parent=12482"}],"wp:term":[{"taxonomy":"product_brand","embeddable":true,"href":"https:\/\/paracherkaoui.ma\/index.php\/wp-json\/wp\/v2\/product_brand?post=12482"},{"taxonomy":"product_cat","embeddable":true,"href":"https:\/\/paracherkaoui.ma\/index.php\/wp-json\/wp\/v2\/product_cat?post=12482"},{"taxonomy":"product_tag","embeddable":true,"href":"https:\/\/paracherkaoui.ma\/index.php\/wp-json\/wp\/v2\/product_tag?post=12482"}],"curies":[{"name":"wp","href":"https:\/\/api.w.org\/{rel}","templated":true}]}}