{"id":12475,"date":"2025-12-12T17:46:20","date_gmt":"2025-12-12T16:46:20","guid":{"rendered":"https:\/\/test.ecbeaute.com\/?post_type=product&#038;p=12475"},"modified":"2025-12-12T17:46:23","modified_gmt":"2025-12-12T16:46:23","slug":"filorga-oxygen-peel-150-ml","status":"publish","type":"product","link":"https:\/\/paracherkaoui.ma\/index.php\/produit\/filorga-oxygen-peel-150-ml\/","title":{"rendered":"FILORGA OXYGEN PEEL 150 ML"},"content":{"rendered":"<p>Filorga Oxygen-Peel est une lotion qui va lisser la peau et l&rsquo;exfolier gr\u00e2ce \u00e0 son effet peeling, la repulper et la r\u00e9oxyg\u00e9ner. Ainsi, la peau sera rajeunie et embellie, et ce, tr\u00e8s rapidement.<\/p>\n<p>Filorga est un laboratoire cr\u00e9\u00e9 en 1978, r\u00e9put\u00e9 pour ses innovations en cosm\u00e9tique ainsi que pour la qualit\u00e9 de ses produits. Avec sa gamme m\u00e9di-cosm\u00e9tique, Filorga propose des soins anti-\u00e2ge combinant de l&rsquo;acide hyaluronique et une combinaison d&rsquo;acides amin\u00e9s et d&rsquo;enzymes sp\u00e9cialement con\u00e7us pour p\u00e9n\u00e9trer profond\u00e9ment dans la peau.<\/p>\n<p>L&rsquo;acide hyaluronique est un des ingr\u00e9dients clefs d&rsquo;Oxygen-Peel. Cette mol\u00e9cule est d\u00e9j\u00e0 pr\u00e9sente dans le corps humain,\u00a0et, au niveau de la peau, il participe \u00e0 son \u00e9lasticit\u00e9. Mais il d\u00e9cro\u00eet avec l&rsquo;\u00e2ge et avec les agressions par les radicaux libres. Or, la peau est expos\u00e9e \u00e0 des \u00e9l\u00e9ments qui g\u00e9n\u00e8rent ces radicaux libres : pollution, fum\u00e9e de cigarette&#8230; Avec le d\u00e9clin de l&rsquo;acide hyaluronique naturel survient le rel\u00e2chement de la peau, qui contribue \u00e0 l&rsquo;apparition de rides et de ridules. Le teint perd de son \u00e9clat.<br \/>\nApporter de l&rsquo;acide hyaluronique permet de contrecarrer ces effets. En attirant et retenant l&rsquo;eau, cette mol\u00e9cule a un effet repulpant visible.<\/p>\n<p>Pour une action globale sur la peau, Filorga a \u00e9galement int\u00e9gr\u00e9 dans son soin Oxygen-Peel 6 acides soigneusement dos\u00e9s qui vont r\u00e9aliser un peeling doux de la peau. Cette action permet d&rsquo;\u00e9liminer les cellules mortes susceptibles de se retrouver \u00e0 la surface de la peau et de la stimuler, \u00e9claircissant le teint.<\/p>\n<p>Enfin, Oxygen-Peel apporte des actifs sp\u00e9ciaux qui vont capter l&rsquo;oxyg\u00e8ne et am\u00e9liorer la respiration de la peau, ce qui permet de la booster.<\/p>\n<p>Ainsi, la peau retrouve sa jeunesse et sa fermet\u00e9, les rides s&rsquo;estompent, le teint est lumineux. Filorga a \u00e9galement pens\u00e9 \u00e0 l&rsquo;application du produit : la lotion est facile \u00e0\u00a0d\u00e9poser sur le coton et surtout agr\u00e9able sur la peau : son action effervescente apporte une fra\u00eecheur bienvenue.<br \/>\nAppliquer sur la peau du visage le soir apr\u00e8s le d\u00e9maquillage.<br \/>\nUtiliser un coton pour l&rsquo;application.<br \/>\nNe pas mettre de lotion sur le contour des yeux.<br \/>\nNe pas rincer.<\/p>\n","protected":false},"excerpt":{"rendered":"<p>Filorga Oxygen-Peel est une lotion qui va lisser la peau et l&rsquo;exfolier gr\u00e2ce \u00e0 son effet peeling, la repulper et<\/p>\n","protected":false},"featured_media":12516,"comment_status":"open","ping_status":"closed","template":"","meta":[],"product_brand":[141],"product_cat":[161],"product_tag":[],"class_list":{"0":"post-12475","1":"product","2":"type-product","3":"status-publish","4":"has-post-thumbnail","6":"product_brand-filorga","7":"product_cat-hygiene-visage","9":"first","10":"instock","11":"sale","12":"shipping-taxable","13":"purchasable","14":"product-type-simple"},"yoast_head":"<!-- This site is optimized with the Yoast SEO plugin v26.6 - https:\/\/yoast.com\/wordpress\/plugins\/seo\/ -->\r\n<title>FILORGA OXYGEN PEEL 150 ML - Paracherkaoui.ma<\/title>\r\n<meta name=\"robots\" content=\"index, follow, max-snippet:-1, max-image-preview:large, max-video-preview:-1\" \/>\r\n<link rel=\"canonical\" href=\"https:\/\/paracherkaoui.ma\/index.php\/produit\/filorga-oxygen-peel-150-ml\/\" \/>\r\n<meta property=\"og:locale\" content=\"fr_FR\" \/>\r\n<meta property=\"og:type\" content=\"article\" \/>\r\n<meta property=\"og:title\" content=\"FILORGA OXYGEN PEEL 150 ML - Paracherkaoui.ma\" \/>\r\n<meta property=\"og:description\" content=\"Filorga Oxygen-Peel est une lotion qui va lisser la peau et l&rsquo;exfolier gr\u00e2ce \u00e0 son effet peeling, la repulper et\" \/>\r\n<meta property=\"og:url\" content=\"https:\/\/paracherkaoui.ma\/index.php\/produit\/filorga-oxygen-peel-150-ml\/\" \/>\r\n<meta property=\"og:site_name\" content=\"Paracherkaoui.ma\" \/>\r\n<meta property=\"article:modified_time\" content=\"2025-12-12T16:46:23+00:00\" \/>\r\n<meta property=\"og:image\" content=\"https:\/\/paracherkaoui.ma\/wp-content\/uploads\/2025\/12\/filorga-oxygen-peel-150-ml.jpg\" \/>\r\n\t<meta property=\"og:image:width\" content=\"700\" \/>\r\n\t<meta property=\"og:image:height\" content=\"700\" \/>\r\n\t<meta property=\"og:image:type\" content=\"image\/jpeg\" \/>\r\n<meta name=\"twitter:card\" content=\"summary_large_image\" \/>\r\n<meta name=\"twitter:label1\" content=\"Dur\u00e9e de lecture estim\u00e9e\" \/>\n\t<meta name=\"twitter:data1\" content=\"2 minutes\" \/>\r\n<script type=\"application\/ld+json\" class=\"yoast-schema-graph\">{\"@context\":\"https:\/\/schema.org\",\"@graph\":[{\"@type\":\"WebPage\",\"@id\":\"https:\/\/paracherkaoui.ma\/index.php\/produit\/filorga-oxygen-peel-150-ml\/\",\"url\":\"https:\/\/paracherkaoui.ma\/index.php\/produit\/filorga-oxygen-peel-150-ml\/\",\"name\":\"FILORGA OXYGEN PEEL 150 ML - Paracherkaoui.ma\",\"isPartOf\":{\"@id\":\"https:\/\/paracherkaoui.ma\/#website\"},\"primaryImageOfPage\":{\"@id\":\"https:\/\/paracherkaoui.ma\/index.php\/produit\/filorga-oxygen-peel-150-ml\/#primaryimage\"},\"image\":{\"@id\":\"https:\/\/paracherkaoui.ma\/index.php\/produit\/filorga-oxygen-peel-150-ml\/#primaryimage\"},\"thumbnailUrl\":\"https:\/\/paracherkaoui.ma\/wp-content\/uploads\/2025\/12\/filorga-oxygen-peel-150-ml.jpg\",\"datePublished\":\"2025-12-12T16:46:20+00:00\",\"dateModified\":\"2025-12-12T16:46:23+00:00\",\"breadcrumb\":{\"@id\":\"https:\/\/paracherkaoui.ma\/index.php\/produit\/filorga-oxygen-peel-150-ml\/#breadcrumb\"},\"inLanguage\":\"fr-FR\",\"potentialAction\":[{\"@type\":\"ReadAction\",\"target\":[\"https:\/\/paracherkaoui.ma\/index.php\/produit\/filorga-oxygen-peel-150-ml\/\"]}]},{\"@type\":\"ImageObject\",\"inLanguage\":\"fr-FR\",\"@id\":\"https:\/\/paracherkaoui.ma\/index.php\/produit\/filorga-oxygen-peel-150-ml\/#primaryimage\",\"url\":\"https:\/\/paracherkaoui.ma\/wp-content\/uploads\/2025\/12\/filorga-oxygen-peel-150-ml.jpg\",\"contentUrl\":\"https:\/\/paracherkaoui.ma\/wp-content\/uploads\/2025\/12\/filorga-oxygen-peel-150-ml.jpg\",\"width\":700,\"height\":700},{\"@type\":\"BreadcrumbList\",\"@id\":\"https:\/\/paracherkaoui.ma\/index.php\/produit\/filorga-oxygen-peel-150-ml\/#breadcrumb\",\"itemListElement\":[{\"@type\":\"ListItem\",\"position\":1,\"name\":\"Accueil\",\"item\":\"https:\/\/paracherkaoui.ma\/\"},{\"@type\":\"ListItem\",\"position\":2,\"name\":\"Boutique\",\"item\":\"https:\/\/paracherkaoui.ma\/index.php\/boutique\/\"},{\"@type\":\"ListItem\",\"position\":3,\"name\":\"FILORGA OXYGEN PEEL 150 ML\"}]},{\"@type\":\"WebSite\",\"@id\":\"https:\/\/paracherkaoui.ma\/#website\",\"url\":\"https:\/\/paracherkaoui.ma\/\",\"name\":\"Paracherkaoui.ma\",\"description\":\"Achetez en ligne sur Paracherkaoui.ma\",\"potentialAction\":[{\"@type\":\"SearchAction\",\"target\":{\"@type\":\"EntryPoint\",\"urlTemplate\":\"https:\/\/paracherkaoui.ma\/?s={search_term_string}\"},\"query-input\":{\"@type\":\"PropertyValueSpecification\",\"valueRequired\":true,\"valueName\":\"search_term_string\"}}],\"inLanguage\":\"fr-FR\"}]}<\/script>\r\n<!-- \/ Yoast SEO plugin. -->","yoast_head_json":{"title":"FILORGA OXYGEN PEEL 150 ML - Paracherkaoui.ma","robots":{"index":"index","follow":"follow","max-snippet":"max-snippet:-1","max-image-preview":"max-image-preview:large","max-video-preview":"max-video-preview:-1"},"canonical":"https:\/\/paracherkaoui.ma\/index.php\/produit\/filorga-oxygen-peel-150-ml\/","og_locale":"fr_FR","og_type":"article","og_title":"FILORGA OXYGEN PEEL 150 ML - Paracherkaoui.ma","og_description":"Filorga Oxygen-Peel est une lotion qui va lisser la peau et l&rsquo;exfolier gr\u00e2ce \u00e0 son effet peeling, la repulper et","og_url":"https:\/\/paracherkaoui.ma\/index.php\/produit\/filorga-oxygen-peel-150-ml\/","og_site_name":"Paracherkaoui.ma","article_modified_time":"2025-12-12T16:46:23+00:00","og_image":[{"width":700,"height":700,"url":"https:\/\/paracherkaoui.ma\/wp-content\/uploads\/2025\/12\/filorga-oxygen-peel-150-ml.jpg","type":"image\/jpeg"}],"twitter_card":"summary_large_image","twitter_misc":{"Dur\u00e9e de lecture estim\u00e9e":"2 minutes"},"schema":{"@context":"https:\/\/schema.org","@graph":[{"@type":"WebPage","@id":"https:\/\/paracherkaoui.ma\/index.php\/produit\/filorga-oxygen-peel-150-ml\/","url":"https:\/\/paracherkaoui.ma\/index.php\/produit\/filorga-oxygen-peel-150-ml\/","name":"FILORGA OXYGEN PEEL 150 ML - Paracherkaoui.ma","isPartOf":{"@id":"https:\/\/paracherkaoui.ma\/#website"},"primaryImageOfPage":{"@id":"https:\/\/paracherkaoui.ma\/index.php\/produit\/filorga-oxygen-peel-150-ml\/#primaryimage"},"image":{"@id":"https:\/\/paracherkaoui.ma\/index.php\/produit\/filorga-oxygen-peel-150-ml\/#primaryimage"},"thumbnailUrl":"https:\/\/paracherkaoui.ma\/wp-content\/uploads\/2025\/12\/filorga-oxygen-peel-150-ml.jpg","datePublished":"2025-12-12T16:46:20+00:00","dateModified":"2025-12-12T16:46:23+00:00","breadcrumb":{"@id":"https:\/\/paracherkaoui.ma\/index.php\/produit\/filorga-oxygen-peel-150-ml\/#breadcrumb"},"inLanguage":"fr-FR","potentialAction":[{"@type":"ReadAction","target":["https:\/\/paracherkaoui.ma\/index.php\/produit\/filorga-oxygen-peel-150-ml\/"]}]},{"@type":"ImageObject","inLanguage":"fr-FR","@id":"https:\/\/paracherkaoui.ma\/index.php\/produit\/filorga-oxygen-peel-150-ml\/#primaryimage","url":"https:\/\/paracherkaoui.ma\/wp-content\/uploads\/2025\/12\/filorga-oxygen-peel-150-ml.jpg","contentUrl":"https:\/\/paracherkaoui.ma\/wp-content\/uploads\/2025\/12\/filorga-oxygen-peel-150-ml.jpg","width":700,"height":700},{"@type":"BreadcrumbList","@id":"https:\/\/paracherkaoui.ma\/index.php\/produit\/filorga-oxygen-peel-150-ml\/#breadcrumb","itemListElement":[{"@type":"ListItem","position":1,"name":"Accueil","item":"https:\/\/paracherkaoui.ma\/"},{"@type":"ListItem","position":2,"name":"Boutique","item":"https:\/\/paracherkaoui.ma\/index.php\/boutique\/"},{"@type":"ListItem","position":3,"name":"FILORGA OXYGEN PEEL 150 ML"}]},{"@type":"WebSite","@id":"https:\/\/paracherkaoui.ma\/#website","url":"https:\/\/paracherkaoui.ma\/","name":"Paracherkaoui.ma","description":"Achetez en ligne sur Paracherkaoui.ma","potentialAction":[{"@type":"SearchAction","target":{"@type":"EntryPoint","urlTemplate":"https:\/\/paracherkaoui.ma\/?s={search_term_string}"},"query-input":{"@type":"PropertyValueSpecification","valueRequired":true,"valueName":"search_term_string"}}],"inLanguage":"fr-FR"}]}},"_links":{"self":[{"href":"https:\/\/paracherkaoui.ma\/index.php\/wp-json\/wp\/v2\/product\/12475","targetHints":{"allow":["GET"]}}],"collection":[{"href":"https:\/\/paracherkaoui.ma\/index.php\/wp-json\/wp\/v2\/product"}],"about":[{"href":"https:\/\/paracherkaoui.ma\/index.php\/wp-json\/wp\/v2\/types\/product"}],"replies":[{"embeddable":true,"href":"https:\/\/paracherkaoui.ma\/index.php\/wp-json\/wp\/v2\/comments?post=12475"}],"version-history":[{"count":1,"href":"https:\/\/paracherkaoui.ma\/index.php\/wp-json\/wp\/v2\/product\/12475\/revisions"}],"predecessor-version":[{"id":12517,"href":"https:\/\/paracherkaoui.ma\/index.php\/wp-json\/wp\/v2\/product\/12475\/revisions\/12517"}],"wp:featuredmedia":[{"embeddable":true,"href":"https:\/\/paracherkaoui.ma\/index.php\/wp-json\/wp\/v2\/media\/12516"}],"wp:attachment":[{"href":"https:\/\/paracherkaoui.ma\/index.php\/wp-json\/wp\/v2\/media?parent=12475"}],"wp:term":[{"taxonomy":"product_brand","embeddable":true,"href":"https:\/\/paracherkaoui.ma\/index.php\/wp-json\/wp\/v2\/product_brand?post=12475"},{"taxonomy":"product_cat","embeddable":true,"href":"https:\/\/paracherkaoui.ma\/index.php\/wp-json\/wp\/v2\/product_cat?post=12475"},{"taxonomy":"product_tag","embeddable":true,"href":"https:\/\/paracherkaoui.ma\/index.php\/wp-json\/wp\/v2\/product_tag?post=12475"}],"curies":[{"name":"wp","href":"https:\/\/api.w.org\/{rel}","templated":true}]}}