{"id":12472,"date":"2025-12-12T17:46:20","date_gmt":"2025-12-12T16:46:20","guid":{"rendered":"https:\/\/test.ecbeaute.com\/?post_type=product&#038;p=12472"},"modified":"2025-12-12T17:46:23","modified_gmt":"2025-12-12T16:46:23","slug":"avene-tolerance-lotion-nettoyante-gelifiee-200m","status":"publish","type":"product","link":"https:\/\/paracherkaoui.ma\/index.php\/produit\/avene-tolerance-lotion-nettoyante-gelifiee-200m\/","title":{"rendered":"AVENE TOLERANCE LOTION NETTOYANTE GELIFIEE 200m"},"content":{"rendered":"<p>Formul\u00e9e sans parfum, Tol\u00e9rance Lotion nettoyante g\u00e9lifi\u00e9e nettoie et d\u00e9maquille en douceur le visage, les yeux et les l\u00e8vres. Elle \u00e9limine les impuret\u00e9s accumul\u00e9es au cours de la journ\u00e9e sans sur-irriter la peau. Nettoyant d\u00e9maquillant sans rin\u00e7age, sa texture l\u00e9g\u00e8rement g\u00e9lifi\u00e9e garantit confort et douceur aux peaux les plus sensibles.<br \/>\nLes bienfaits :<br \/>\n\u2022 NETTOIE ET DEMAQUILLE le visage, les yeux et les l\u00e8vres sans sur-irriter la peau gr\u00e2ce \u00e0 sa texture g\u00e9lif\u00e9e ultra-douce, riche en Eau thermale d&rsquo;Av\u00e8ne naturellement apaisante.<br \/>\n\u2022 BONNE TOL\u00c9RANCE gr\u00e2ce \u00e0 sa formule \u00e9pur\u00e9e et ses agents nettoyants doux.<br \/>\n\u2022 NATURELLE. 99% d&rsquo;ingr\u00e9dients d&rsquo;origine naturelle.<br \/>\nConseils d&rsquo;utilisation:<br \/>\nAppliquer sur le visage, les yeux et les l\u00e8vres \u00e0 l&rsquo;aide d&rsquo;un coton ou directement avec le bout des doigts. Sans rin\u00e7age.<\/p>\n","protected":false},"excerpt":{"rendered":"<p>Formul\u00e9e sans parfum, Tol\u00e9rance Lotion nettoyante g\u00e9lifi\u00e9e nettoie et d\u00e9maquille en douceur le visage, les yeux et les l\u00e8vres. Elle<\/p>\n","protected":false},"featured_media":12511,"comment_status":"open","ping_status":"closed","template":"","meta":[],"product_brand":[136],"product_cat":[161],"product_tag":[],"class_list":{"0":"post-12472","1":"product","2":"type-product","3":"status-publish","4":"has-post-thumbnail","6":"product_brand-avene","7":"product_cat-hygiene-visage","9":"first","10":"instock","11":"sale","12":"shipping-taxable","13":"purchasable","14":"product-type-simple"},"yoast_head":"<!-- This site is optimized with the Yoast SEO plugin v26.6 - https:\/\/yoast.com\/wordpress\/plugins\/seo\/ -->\r\n<title>AVENE TOLERANCE LOTION NETTOYANTE GELIFIEE 200m - Paracherkaoui.ma<\/title>\r\n<meta name=\"robots\" content=\"index, follow, max-snippet:-1, max-image-preview:large, max-video-preview:-1\" \/>\r\n<link rel=\"canonical\" href=\"https:\/\/paracherkaoui.ma\/index.php\/produit\/avene-tolerance-lotion-nettoyante-gelifiee-200m\/\" \/>\r\n<meta property=\"og:locale\" content=\"fr_FR\" \/>\r\n<meta property=\"og:type\" content=\"article\" \/>\r\n<meta property=\"og:title\" content=\"AVENE TOLERANCE LOTION NETTOYANTE GELIFIEE 200m - Paracherkaoui.ma\" \/>\r\n<meta property=\"og:description\" content=\"Formul\u00e9e sans parfum, Tol\u00e9rance Lotion nettoyante g\u00e9lifi\u00e9e nettoie et d\u00e9maquille en douceur le visage, les yeux et les l\u00e8vres. Elle\" \/>\r\n<meta property=\"og:url\" content=\"https:\/\/paracherkaoui.ma\/index.php\/produit\/avene-tolerance-lotion-nettoyante-gelifiee-200m\/\" \/>\r\n<meta property=\"og:site_name\" content=\"Paracherkaoui.ma\" \/>\r\n<meta property=\"article:modified_time\" content=\"2025-12-12T16:46:23+00:00\" \/>\r\n<meta property=\"og:image\" content=\"https:\/\/paracherkaoui.ma\/wp-content\/uploads\/2025\/12\/avene-avene-tolerance-lotion-nettoyante-gelifiee-200m-demaquillants-et-nettoyants.jpg\" \/>\r\n\t<meta property=\"og:image:width\" content=\"700\" \/>\r\n\t<meta property=\"og:image:height\" content=\"700\" \/>\r\n\t<meta property=\"og:image:type\" content=\"image\/jpeg\" \/>\r\n<meta name=\"twitter:card\" content=\"summary_large_image\" \/>\r\n<meta name=\"twitter:label1\" content=\"Dur\u00e9e de lecture estim\u00e9e\" \/>\n\t<meta name=\"twitter:data1\" content=\"1 minute\" \/>\r\n<script type=\"application\/ld+json\" class=\"yoast-schema-graph\">{\"@context\":\"https:\/\/schema.org\",\"@graph\":[{\"@type\":\"WebPage\",\"@id\":\"https:\/\/paracherkaoui.ma\/index.php\/produit\/avene-tolerance-lotion-nettoyante-gelifiee-200m\/\",\"url\":\"https:\/\/paracherkaoui.ma\/index.php\/produit\/avene-tolerance-lotion-nettoyante-gelifiee-200m\/\",\"name\":\"AVENE TOLERANCE LOTION NETTOYANTE GELIFIEE 200m - Paracherkaoui.ma\",\"isPartOf\":{\"@id\":\"https:\/\/paracherkaoui.ma\/#website\"},\"primaryImageOfPage\":{\"@id\":\"https:\/\/paracherkaoui.ma\/index.php\/produit\/avene-tolerance-lotion-nettoyante-gelifiee-200m\/#primaryimage\"},\"image\":{\"@id\":\"https:\/\/paracherkaoui.ma\/index.php\/produit\/avene-tolerance-lotion-nettoyante-gelifiee-200m\/#primaryimage\"},\"thumbnailUrl\":\"https:\/\/paracherkaoui.ma\/wp-content\/uploads\/2025\/12\/avene-avene-tolerance-lotion-nettoyante-gelifiee-200m-demaquillants-et-nettoyants.jpg\",\"datePublished\":\"2025-12-12T16:46:20+00:00\",\"dateModified\":\"2025-12-12T16:46:23+00:00\",\"breadcrumb\":{\"@id\":\"https:\/\/paracherkaoui.ma\/index.php\/produit\/avene-tolerance-lotion-nettoyante-gelifiee-200m\/#breadcrumb\"},\"inLanguage\":\"fr-FR\",\"potentialAction\":[{\"@type\":\"ReadAction\",\"target\":[\"https:\/\/paracherkaoui.ma\/index.php\/produit\/avene-tolerance-lotion-nettoyante-gelifiee-200m\/\"]}]},{\"@type\":\"ImageObject\",\"inLanguage\":\"fr-FR\",\"@id\":\"https:\/\/paracherkaoui.ma\/index.php\/produit\/avene-tolerance-lotion-nettoyante-gelifiee-200m\/#primaryimage\",\"url\":\"https:\/\/paracherkaoui.ma\/wp-content\/uploads\/2025\/12\/avene-avene-tolerance-lotion-nettoyante-gelifiee-200m-demaquillants-et-nettoyants.jpg\",\"contentUrl\":\"https:\/\/paracherkaoui.ma\/wp-content\/uploads\/2025\/12\/avene-avene-tolerance-lotion-nettoyante-gelifiee-200m-demaquillants-et-nettoyants.jpg\",\"width\":700,\"height\":700},{\"@type\":\"BreadcrumbList\",\"@id\":\"https:\/\/paracherkaoui.ma\/index.php\/produit\/avene-tolerance-lotion-nettoyante-gelifiee-200m\/#breadcrumb\",\"itemListElement\":[{\"@type\":\"ListItem\",\"position\":1,\"name\":\"Accueil\",\"item\":\"https:\/\/paracherkaoui.ma\/\"},{\"@type\":\"ListItem\",\"position\":2,\"name\":\"Boutique\",\"item\":\"https:\/\/paracherkaoui.ma\/index.php\/boutique\/\"},{\"@type\":\"ListItem\",\"position\":3,\"name\":\"AVENE TOLERANCE LOTION NETTOYANTE GELIFIEE 200m\"}]},{\"@type\":\"WebSite\",\"@id\":\"https:\/\/paracherkaoui.ma\/#website\",\"url\":\"https:\/\/paracherkaoui.ma\/\",\"name\":\"Paracherkaoui.ma\",\"description\":\"Achetez en ligne sur Paracherkaoui.ma\",\"potentialAction\":[{\"@type\":\"SearchAction\",\"target\":{\"@type\":\"EntryPoint\",\"urlTemplate\":\"https:\/\/paracherkaoui.ma\/?s={search_term_string}\"},\"query-input\":{\"@type\":\"PropertyValueSpecification\",\"valueRequired\":true,\"valueName\":\"search_term_string\"}}],\"inLanguage\":\"fr-FR\"}]}<\/script>\r\n<!-- \/ Yoast SEO plugin. -->","yoast_head_json":{"title":"AVENE TOLERANCE LOTION NETTOYANTE GELIFIEE 200m - Paracherkaoui.ma","robots":{"index":"index","follow":"follow","max-snippet":"max-snippet:-1","max-image-preview":"max-image-preview:large","max-video-preview":"max-video-preview:-1"},"canonical":"https:\/\/paracherkaoui.ma\/index.php\/produit\/avene-tolerance-lotion-nettoyante-gelifiee-200m\/","og_locale":"fr_FR","og_type":"article","og_title":"AVENE TOLERANCE LOTION NETTOYANTE GELIFIEE 200m - Paracherkaoui.ma","og_description":"Formul\u00e9e sans parfum, Tol\u00e9rance Lotion nettoyante g\u00e9lifi\u00e9e nettoie et d\u00e9maquille en douceur le visage, les yeux et les l\u00e8vres. Elle","og_url":"https:\/\/paracherkaoui.ma\/index.php\/produit\/avene-tolerance-lotion-nettoyante-gelifiee-200m\/","og_site_name":"Paracherkaoui.ma","article_modified_time":"2025-12-12T16:46:23+00:00","og_image":[{"width":700,"height":700,"url":"https:\/\/paracherkaoui.ma\/wp-content\/uploads\/2025\/12\/avene-avene-tolerance-lotion-nettoyante-gelifiee-200m-demaquillants-et-nettoyants.jpg","type":"image\/jpeg"}],"twitter_card":"summary_large_image","twitter_misc":{"Dur\u00e9e de lecture estim\u00e9e":"1 minute"},"schema":{"@context":"https:\/\/schema.org","@graph":[{"@type":"WebPage","@id":"https:\/\/paracherkaoui.ma\/index.php\/produit\/avene-tolerance-lotion-nettoyante-gelifiee-200m\/","url":"https:\/\/paracherkaoui.ma\/index.php\/produit\/avene-tolerance-lotion-nettoyante-gelifiee-200m\/","name":"AVENE TOLERANCE LOTION NETTOYANTE GELIFIEE 200m - Paracherkaoui.ma","isPartOf":{"@id":"https:\/\/paracherkaoui.ma\/#website"},"primaryImageOfPage":{"@id":"https:\/\/paracherkaoui.ma\/index.php\/produit\/avene-tolerance-lotion-nettoyante-gelifiee-200m\/#primaryimage"},"image":{"@id":"https:\/\/paracherkaoui.ma\/index.php\/produit\/avene-tolerance-lotion-nettoyante-gelifiee-200m\/#primaryimage"},"thumbnailUrl":"https:\/\/paracherkaoui.ma\/wp-content\/uploads\/2025\/12\/avene-avene-tolerance-lotion-nettoyante-gelifiee-200m-demaquillants-et-nettoyants.jpg","datePublished":"2025-12-12T16:46:20+00:00","dateModified":"2025-12-12T16:46:23+00:00","breadcrumb":{"@id":"https:\/\/paracherkaoui.ma\/index.php\/produit\/avene-tolerance-lotion-nettoyante-gelifiee-200m\/#breadcrumb"},"inLanguage":"fr-FR","potentialAction":[{"@type":"ReadAction","target":["https:\/\/paracherkaoui.ma\/index.php\/produit\/avene-tolerance-lotion-nettoyante-gelifiee-200m\/"]}]},{"@type":"ImageObject","inLanguage":"fr-FR","@id":"https:\/\/paracherkaoui.ma\/index.php\/produit\/avene-tolerance-lotion-nettoyante-gelifiee-200m\/#primaryimage","url":"https:\/\/paracherkaoui.ma\/wp-content\/uploads\/2025\/12\/avene-avene-tolerance-lotion-nettoyante-gelifiee-200m-demaquillants-et-nettoyants.jpg","contentUrl":"https:\/\/paracherkaoui.ma\/wp-content\/uploads\/2025\/12\/avene-avene-tolerance-lotion-nettoyante-gelifiee-200m-demaquillants-et-nettoyants.jpg","width":700,"height":700},{"@type":"BreadcrumbList","@id":"https:\/\/paracherkaoui.ma\/index.php\/produit\/avene-tolerance-lotion-nettoyante-gelifiee-200m\/#breadcrumb","itemListElement":[{"@type":"ListItem","position":1,"name":"Accueil","item":"https:\/\/paracherkaoui.ma\/"},{"@type":"ListItem","position":2,"name":"Boutique","item":"https:\/\/paracherkaoui.ma\/index.php\/boutique\/"},{"@type":"ListItem","position":3,"name":"AVENE TOLERANCE LOTION NETTOYANTE GELIFIEE 200m"}]},{"@type":"WebSite","@id":"https:\/\/paracherkaoui.ma\/#website","url":"https:\/\/paracherkaoui.ma\/","name":"Paracherkaoui.ma","description":"Achetez en ligne sur Paracherkaoui.ma","potentialAction":[{"@type":"SearchAction","target":{"@type":"EntryPoint","urlTemplate":"https:\/\/paracherkaoui.ma\/?s={search_term_string}"},"query-input":{"@type":"PropertyValueSpecification","valueRequired":true,"valueName":"search_term_string"}}],"inLanguage":"fr-FR"}]}},"_links":{"self":[{"href":"https:\/\/paracherkaoui.ma\/index.php\/wp-json\/wp\/v2\/product\/12472","targetHints":{"allow":["GET"]}}],"collection":[{"href":"https:\/\/paracherkaoui.ma\/index.php\/wp-json\/wp\/v2\/product"}],"about":[{"href":"https:\/\/paracherkaoui.ma\/index.php\/wp-json\/wp\/v2\/types\/product"}],"replies":[{"embeddable":true,"href":"https:\/\/paracherkaoui.ma\/index.php\/wp-json\/wp\/v2\/comments?post=12472"}],"version-history":[{"count":1,"href":"https:\/\/paracherkaoui.ma\/index.php\/wp-json\/wp\/v2\/product\/12472\/revisions"}],"predecessor-version":[{"id":12512,"href":"https:\/\/paracherkaoui.ma\/index.php\/wp-json\/wp\/v2\/product\/12472\/revisions\/12512"}],"wp:featuredmedia":[{"embeddable":true,"href":"https:\/\/paracherkaoui.ma\/index.php\/wp-json\/wp\/v2\/media\/12511"}],"wp:attachment":[{"href":"https:\/\/paracherkaoui.ma\/index.php\/wp-json\/wp\/v2\/media?parent=12472"}],"wp:term":[{"taxonomy":"product_brand","embeddable":true,"href":"https:\/\/paracherkaoui.ma\/index.php\/wp-json\/wp\/v2\/product_brand?post=12472"},{"taxonomy":"product_cat","embeddable":true,"href":"https:\/\/paracherkaoui.ma\/index.php\/wp-json\/wp\/v2\/product_cat?post=12472"},{"taxonomy":"product_tag","embeddable":true,"href":"https:\/\/paracherkaoui.ma\/index.php\/wp-json\/wp\/v2\/product_tag?post=12472"}],"curies":[{"name":"wp","href":"https:\/\/api.w.org\/{rel}","templated":true}]}}