{"id":12467,"date":"2025-12-12T17:46:20","date_gmt":"2025-12-12T16:46:20","guid":{"rendered":"https:\/\/test.ecbeaute.com\/?post_type=product&#038;p=12467"},"modified":"2025-12-12T17:46:22","modified_gmt":"2025-12-12T16:46:22","slug":"bioderma-hydrabio-h2o-solution-micellaire-250-ml","status":"publish","type":"product","link":"https:\/\/paracherkaoui.ma\/index.php\/produit\/bioderma-hydrabio-h2o-solution-micellaire-250-ml\/","title":{"rendered":"BIODERMA HYDRABIO H2O SOLUTION MICELLAIRE 250 ML"},"content":{"rendered":"<p>Bioderma hydrabio H2O solution micellaire L&rsquo;eau micellaire nettoyante d\u00e9maquillante qui respecte la fragilit\u00e9 des peaux sensibles et stimule l&rsquo;hydratation Peaux sensibles d\u00e9shydrat\u00e9es Hydrabio H2O est la 1re et la seule eau micellaire dermatologique \u00e0 pr\u00e9senter une parfaite analogie biologique avec la peau. Ses esters d\u2019acides gras, constitutifs des micelles, sont similaires aux phospholipides des membranes des cellules cutan\u00e9es et participent \u00e0 la reconstitution naturelle du film hydrolipidique de la peau. Ainsi, Hydrabio H2O garantit une tol\u00e9rance et un confort in\u00e9gal\u00e9s pour une efficacit\u00e9 d\u00e9maquillante optimale. De plus, son brevet biologique exclusif Aquagenium r\u00e9apprend \u00e0 la peau \u00e0 relancer elle-m\u00eame ses capacit\u00e9s naturelles d\u2019hydratation en stimulant la synth\u00e8se des aquaporines, v\u00e9ritables canaux hydriques de l&rsquo;\u00e9piderme, et \u00e0 retenir l\u2019eau indispensable \u00e0 son \u00e9quilibre.<\/p>\n<p>Conseils d&rsquo;utilisations:<\/p>\n<p>Matin et soir &#8211; 7 jours\/7 Imbibez un coton. Nettoyez\/d\u00e9maquillez le visage et les yeux. S\u00e9chez d\u00e9licatement.<\/p>\n","protected":false},"excerpt":{"rendered":"<p>Bioderma hydrabio H2O solution micellaire L&rsquo;eau micellaire nettoyante d\u00e9maquillante qui respecte la fragilit\u00e9 des peaux sensibles et stimule l&rsquo;hydratation Peaux<\/p>\n","protected":false},"featured_media":12503,"comment_status":"open","ping_status":"closed","template":"","meta":[],"product_brand":[137],"product_cat":[161],"product_tag":[],"class_list":{"0":"post-12467","1":"product","2":"type-product","3":"status-publish","4":"has-post-thumbnail","6":"product_brand-bioderma","7":"product_cat-hygiene-visage","9":"first","10":"instock","11":"sale","12":"shipping-taxable","13":"purchasable","14":"product-type-simple"},"yoast_head":"<!-- This site is optimized with the Yoast SEO plugin v26.6 - https:\/\/yoast.com\/wordpress\/plugins\/seo\/ -->\r\n<title>BIODERMA HYDRABIO H2O SOLUTION MICELLAIRE 250 ML - Paracherkaoui.ma<\/title>\r\n<meta name=\"robots\" content=\"index, follow, max-snippet:-1, max-image-preview:large, max-video-preview:-1\" \/>\r\n<link rel=\"canonical\" href=\"https:\/\/paracherkaoui.ma\/index.php\/produit\/bioderma-hydrabio-h2o-solution-micellaire-250-ml\/\" \/>\r\n<meta property=\"og:locale\" content=\"fr_FR\" \/>\r\n<meta property=\"og:type\" content=\"article\" \/>\r\n<meta property=\"og:title\" content=\"BIODERMA HYDRABIO H2O SOLUTION MICELLAIRE 250 ML - Paracherkaoui.ma\" \/>\r\n<meta property=\"og:description\" content=\"Bioderma hydrabio H2O solution micellaire L&rsquo;eau micellaire nettoyante d\u00e9maquillante qui respecte la fragilit\u00e9 des peaux sensibles et stimule l&rsquo;hydratation Peaux\" \/>\r\n<meta property=\"og:url\" content=\"https:\/\/paracherkaoui.ma\/index.php\/produit\/bioderma-hydrabio-h2o-solution-micellaire-250-ml\/\" \/>\r\n<meta property=\"og:site_name\" content=\"Paracherkaoui.ma\" \/>\r\n<meta property=\"article:modified_time\" content=\"2025-12-12T16:46:22+00:00\" \/>\r\n<meta property=\"og:image\" content=\"https:\/\/paracherkaoui.ma\/wp-content\/uploads\/2025\/12\/bioderma-bioderma-hydrabio-h2o-solution-micellaire-250-ml-nettoyants-visage.jpg\" \/>\r\n\t<meta property=\"og:image:width\" content=\"700\" \/>\r\n\t<meta property=\"og:image:height\" content=\"700\" \/>\r\n\t<meta property=\"og:image:type\" content=\"image\/jpeg\" \/>\r\n<meta name=\"twitter:card\" content=\"summary_large_image\" \/>\r\n<meta name=\"twitter:label1\" content=\"Dur\u00e9e de lecture estim\u00e9e\" \/>\n\t<meta name=\"twitter:data1\" content=\"1 minute\" \/>\r\n<script type=\"application\/ld+json\" class=\"yoast-schema-graph\">{\"@context\":\"https:\/\/schema.org\",\"@graph\":[{\"@type\":\"WebPage\",\"@id\":\"https:\/\/paracherkaoui.ma\/index.php\/produit\/bioderma-hydrabio-h2o-solution-micellaire-250-ml\/\",\"url\":\"https:\/\/paracherkaoui.ma\/index.php\/produit\/bioderma-hydrabio-h2o-solution-micellaire-250-ml\/\",\"name\":\"BIODERMA HYDRABIO H2O SOLUTION MICELLAIRE 250 ML - Paracherkaoui.ma\",\"isPartOf\":{\"@id\":\"https:\/\/paracherkaoui.ma\/#website\"},\"primaryImageOfPage\":{\"@id\":\"https:\/\/paracherkaoui.ma\/index.php\/produit\/bioderma-hydrabio-h2o-solution-micellaire-250-ml\/#primaryimage\"},\"image\":{\"@id\":\"https:\/\/paracherkaoui.ma\/index.php\/produit\/bioderma-hydrabio-h2o-solution-micellaire-250-ml\/#primaryimage\"},\"thumbnailUrl\":\"https:\/\/paracherkaoui.ma\/wp-content\/uploads\/2025\/12\/bioderma-bioderma-hydrabio-h2o-solution-micellaire-250-ml-nettoyants-visage.jpg\",\"datePublished\":\"2025-12-12T16:46:20+00:00\",\"dateModified\":\"2025-12-12T16:46:22+00:00\",\"breadcrumb\":{\"@id\":\"https:\/\/paracherkaoui.ma\/index.php\/produit\/bioderma-hydrabio-h2o-solution-micellaire-250-ml\/#breadcrumb\"},\"inLanguage\":\"fr-FR\",\"potentialAction\":[{\"@type\":\"ReadAction\",\"target\":[\"https:\/\/paracherkaoui.ma\/index.php\/produit\/bioderma-hydrabio-h2o-solution-micellaire-250-ml\/\"]}]},{\"@type\":\"ImageObject\",\"inLanguage\":\"fr-FR\",\"@id\":\"https:\/\/paracherkaoui.ma\/index.php\/produit\/bioderma-hydrabio-h2o-solution-micellaire-250-ml\/#primaryimage\",\"url\":\"https:\/\/paracherkaoui.ma\/wp-content\/uploads\/2025\/12\/bioderma-bioderma-hydrabio-h2o-solution-micellaire-250-ml-nettoyants-visage.jpg\",\"contentUrl\":\"https:\/\/paracherkaoui.ma\/wp-content\/uploads\/2025\/12\/bioderma-bioderma-hydrabio-h2o-solution-micellaire-250-ml-nettoyants-visage.jpg\",\"width\":700,\"height\":700},{\"@type\":\"BreadcrumbList\",\"@id\":\"https:\/\/paracherkaoui.ma\/index.php\/produit\/bioderma-hydrabio-h2o-solution-micellaire-250-ml\/#breadcrumb\",\"itemListElement\":[{\"@type\":\"ListItem\",\"position\":1,\"name\":\"Accueil\",\"item\":\"https:\/\/paracherkaoui.ma\/\"},{\"@type\":\"ListItem\",\"position\":2,\"name\":\"Boutique\",\"item\":\"https:\/\/paracherkaoui.ma\/index.php\/boutique\/\"},{\"@type\":\"ListItem\",\"position\":3,\"name\":\"BIODERMA HYDRABIO H2O SOLUTION MICELLAIRE 250 ML\"}]},{\"@type\":\"WebSite\",\"@id\":\"https:\/\/paracherkaoui.ma\/#website\",\"url\":\"https:\/\/paracherkaoui.ma\/\",\"name\":\"Paracherkaoui.ma\",\"description\":\"Achetez en ligne sur Paracherkaoui.ma\",\"potentialAction\":[{\"@type\":\"SearchAction\",\"target\":{\"@type\":\"EntryPoint\",\"urlTemplate\":\"https:\/\/paracherkaoui.ma\/?s={search_term_string}\"},\"query-input\":{\"@type\":\"PropertyValueSpecification\",\"valueRequired\":true,\"valueName\":\"search_term_string\"}}],\"inLanguage\":\"fr-FR\"}]}<\/script>\r\n<!-- \/ Yoast SEO plugin. -->","yoast_head_json":{"title":"BIODERMA HYDRABIO H2O SOLUTION MICELLAIRE 250 ML - Paracherkaoui.ma","robots":{"index":"index","follow":"follow","max-snippet":"max-snippet:-1","max-image-preview":"max-image-preview:large","max-video-preview":"max-video-preview:-1"},"canonical":"https:\/\/paracherkaoui.ma\/index.php\/produit\/bioderma-hydrabio-h2o-solution-micellaire-250-ml\/","og_locale":"fr_FR","og_type":"article","og_title":"BIODERMA HYDRABIO H2O SOLUTION MICELLAIRE 250 ML - Paracherkaoui.ma","og_description":"Bioderma hydrabio H2O solution micellaire L&rsquo;eau micellaire nettoyante d\u00e9maquillante qui respecte la fragilit\u00e9 des peaux sensibles et stimule l&rsquo;hydratation Peaux","og_url":"https:\/\/paracherkaoui.ma\/index.php\/produit\/bioderma-hydrabio-h2o-solution-micellaire-250-ml\/","og_site_name":"Paracherkaoui.ma","article_modified_time":"2025-12-12T16:46:22+00:00","og_image":[{"width":700,"height":700,"url":"https:\/\/paracherkaoui.ma\/wp-content\/uploads\/2025\/12\/bioderma-bioderma-hydrabio-h2o-solution-micellaire-250-ml-nettoyants-visage.jpg","type":"image\/jpeg"}],"twitter_card":"summary_large_image","twitter_misc":{"Dur\u00e9e de lecture estim\u00e9e":"1 minute"},"schema":{"@context":"https:\/\/schema.org","@graph":[{"@type":"WebPage","@id":"https:\/\/paracherkaoui.ma\/index.php\/produit\/bioderma-hydrabio-h2o-solution-micellaire-250-ml\/","url":"https:\/\/paracherkaoui.ma\/index.php\/produit\/bioderma-hydrabio-h2o-solution-micellaire-250-ml\/","name":"BIODERMA HYDRABIO H2O SOLUTION MICELLAIRE 250 ML - Paracherkaoui.ma","isPartOf":{"@id":"https:\/\/paracherkaoui.ma\/#website"},"primaryImageOfPage":{"@id":"https:\/\/paracherkaoui.ma\/index.php\/produit\/bioderma-hydrabio-h2o-solution-micellaire-250-ml\/#primaryimage"},"image":{"@id":"https:\/\/paracherkaoui.ma\/index.php\/produit\/bioderma-hydrabio-h2o-solution-micellaire-250-ml\/#primaryimage"},"thumbnailUrl":"https:\/\/paracherkaoui.ma\/wp-content\/uploads\/2025\/12\/bioderma-bioderma-hydrabio-h2o-solution-micellaire-250-ml-nettoyants-visage.jpg","datePublished":"2025-12-12T16:46:20+00:00","dateModified":"2025-12-12T16:46:22+00:00","breadcrumb":{"@id":"https:\/\/paracherkaoui.ma\/index.php\/produit\/bioderma-hydrabio-h2o-solution-micellaire-250-ml\/#breadcrumb"},"inLanguage":"fr-FR","potentialAction":[{"@type":"ReadAction","target":["https:\/\/paracherkaoui.ma\/index.php\/produit\/bioderma-hydrabio-h2o-solution-micellaire-250-ml\/"]}]},{"@type":"ImageObject","inLanguage":"fr-FR","@id":"https:\/\/paracherkaoui.ma\/index.php\/produit\/bioderma-hydrabio-h2o-solution-micellaire-250-ml\/#primaryimage","url":"https:\/\/paracherkaoui.ma\/wp-content\/uploads\/2025\/12\/bioderma-bioderma-hydrabio-h2o-solution-micellaire-250-ml-nettoyants-visage.jpg","contentUrl":"https:\/\/paracherkaoui.ma\/wp-content\/uploads\/2025\/12\/bioderma-bioderma-hydrabio-h2o-solution-micellaire-250-ml-nettoyants-visage.jpg","width":700,"height":700},{"@type":"BreadcrumbList","@id":"https:\/\/paracherkaoui.ma\/index.php\/produit\/bioderma-hydrabio-h2o-solution-micellaire-250-ml\/#breadcrumb","itemListElement":[{"@type":"ListItem","position":1,"name":"Accueil","item":"https:\/\/paracherkaoui.ma\/"},{"@type":"ListItem","position":2,"name":"Boutique","item":"https:\/\/paracherkaoui.ma\/index.php\/boutique\/"},{"@type":"ListItem","position":3,"name":"BIODERMA HYDRABIO H2O SOLUTION MICELLAIRE 250 ML"}]},{"@type":"WebSite","@id":"https:\/\/paracherkaoui.ma\/#website","url":"https:\/\/paracherkaoui.ma\/","name":"Paracherkaoui.ma","description":"Achetez en ligne sur Paracherkaoui.ma","potentialAction":[{"@type":"SearchAction","target":{"@type":"EntryPoint","urlTemplate":"https:\/\/paracherkaoui.ma\/?s={search_term_string}"},"query-input":{"@type":"PropertyValueSpecification","valueRequired":true,"valueName":"search_term_string"}}],"inLanguage":"fr-FR"}]}},"_links":{"self":[{"href":"https:\/\/paracherkaoui.ma\/index.php\/wp-json\/wp\/v2\/product\/12467","targetHints":{"allow":["GET"]}}],"collection":[{"href":"https:\/\/paracherkaoui.ma\/index.php\/wp-json\/wp\/v2\/product"}],"about":[{"href":"https:\/\/paracherkaoui.ma\/index.php\/wp-json\/wp\/v2\/types\/product"}],"replies":[{"embeddable":true,"href":"https:\/\/paracherkaoui.ma\/index.php\/wp-json\/wp\/v2\/comments?post=12467"}],"version-history":[{"count":1,"href":"https:\/\/paracherkaoui.ma\/index.php\/wp-json\/wp\/v2\/product\/12467\/revisions"}],"predecessor-version":[{"id":12504,"href":"https:\/\/paracherkaoui.ma\/index.php\/wp-json\/wp\/v2\/product\/12467\/revisions\/12504"}],"wp:featuredmedia":[{"embeddable":true,"href":"https:\/\/paracherkaoui.ma\/index.php\/wp-json\/wp\/v2\/media\/12503"}],"wp:attachment":[{"href":"https:\/\/paracherkaoui.ma\/index.php\/wp-json\/wp\/v2\/media?parent=12467"}],"wp:term":[{"taxonomy":"product_brand","embeddable":true,"href":"https:\/\/paracherkaoui.ma\/index.php\/wp-json\/wp\/v2\/product_brand?post=12467"},{"taxonomy":"product_cat","embeddable":true,"href":"https:\/\/paracherkaoui.ma\/index.php\/wp-json\/wp\/v2\/product_cat?post=12467"},{"taxonomy":"product_tag","embeddable":true,"href":"https:\/\/paracherkaoui.ma\/index.php\/wp-json\/wp\/v2\/product_tag?post=12467"}],"curies":[{"name":"wp","href":"https:\/\/api.w.org\/{rel}","templated":true}]}}