{"id":12462,"date":"2025-12-12T17:46:20","date_gmt":"2025-12-12T16:46:20","guid":{"rendered":"https:\/\/test.ecbeaute.com\/?post_type=product&#038;p=12462"},"modified":"2025-12-12T17:46:22","modified_gmt":"2025-12-12T16:46:22","slug":"vichy-homme-mousse-de-rasage-anti-irritations","status":"publish","type":"product","link":"https:\/\/paracherkaoui.ma\/index.php\/produit\/vichy-homme-mousse-de-rasage-anti-irritations\/","title":{"rendered":"VICHY HOMME MOUSSE DE RASAGE ANTI-IRRITATIONS"},"content":{"rendered":"<p>Enrichie en Calcium, Vitamine C Glucosyl\u00e9e et Acide Salicylique, cette mousse agit \u00e0 la surface et en profondeur pour prot\u00e9ger la barri\u00e8re cutan\u00e9e, hydrater intens\u00e9ment et pr\u00e9venir les \u00e9chauffements li\u00e9s au rasage. Sa texture onctueuse permet un rasage net et pr\u00e9cis tout en r\u00e9duisant les frottements de la lame sur la peau.<br \/>\nSa formule sans alcool et sans parab\u00e8ne respecte parfaitement l\u2019\u00e9quilibre fragile des \u00e9pidermes sensibles. R\u00e9sultat ? Une peau confortable, hydrat\u00e9e, apais\u00e9e et visiblement assainie, pr\u00eate \u00e0 affronter la journ\u00e9e en toute s\u00e9r\u00e9nit\u00e9.<br \/>\nTest\u00e9e sous contr\u00f4le dermatologique, cette mousse a su convaincre :<br \/>\n87% des hommes trouvent leur peau plus confortable*<br \/>\n80% notent une r\u00e9duction des frottements et irritations*<br \/>\n73% observent une meilleure hydratation de leur peau*<br \/>\n(*) Auto-\u00e9valuation sur 15 hommes.<br \/>\nConseils d\u2019utilisation<br \/>\nTenez-le \u00e0 la verticale et appuyez pour faire sortir une noisette de mousse.<br \/>\nAppliquez sur une peau humidifi\u00e9e et propre, r\u00e9partissez uniform\u00e9ment.<br \/>\nRasez, puis rincez soigneusement \u00e0 l\u2019eau ti\u00e8de et s\u00e9chez d\u00e9licatement.<br \/>\nComposition<br \/>\nAQUA \/ WATER, STEARIC ACID, TRIETHANOLAMINE, PALMITIC ACID, GLYCERIN, ISOBUTANE, POLYSORBATE 20, BUTANE, COCAMIDE MEA, DIMETHICONOL STEARATE, HYDROXYAPATITE, LAURYL BETAINE, PARFUM \/ FRAGRANCE, POLYQUATERNIUM-7, PROPANE, SODIUM CHLORIDE<\/p>\n","protected":false},"excerpt":{"rendered":"<p>Enrichie en Calcium, Vitamine C Glucosyl\u00e9e et Acide Salicylique, cette mousse agit \u00e0 la surface et en profondeur pour prot\u00e9ger<\/p>\n","protected":false},"featured_media":12494,"comment_status":"open","ping_status":"closed","template":"","meta":[],"product_brand":[139],"product_cat":[161],"product_tag":[],"class_list":{"0":"post-12462","1":"product","2":"type-product","3":"status-publish","4":"has-post-thumbnail","6":"product_brand-vichy","7":"product_cat-hygiene-visage","9":"first","10":"instock","11":"sale","12":"shipping-taxable","13":"purchasable","14":"product-type-simple"},"yoast_head":"<!-- This site is optimized with the Yoast SEO plugin v26.6 - https:\/\/yoast.com\/wordpress\/plugins\/seo\/ -->\r\n<title>VICHY HOMME MOUSSE DE RASAGE ANTI-IRRITATIONS - Paracherkaoui.ma<\/title>\r\n<meta name=\"robots\" content=\"index, follow, max-snippet:-1, max-image-preview:large, max-video-preview:-1\" \/>\r\n<link rel=\"canonical\" href=\"https:\/\/paracherkaoui.ma\/index.php\/produit\/vichy-homme-mousse-de-rasage-anti-irritations\/\" \/>\r\n<meta property=\"og:locale\" content=\"fr_FR\" \/>\r\n<meta property=\"og:type\" content=\"article\" \/>\r\n<meta property=\"og:title\" content=\"VICHY HOMME MOUSSE DE RASAGE ANTI-IRRITATIONS - Paracherkaoui.ma\" \/>\r\n<meta property=\"og:description\" content=\"Enrichie en Calcium, Vitamine C Glucosyl\u00e9e et Acide Salicylique, cette mousse agit \u00e0 la surface et en profondeur pour prot\u00e9ger\" \/>\r\n<meta property=\"og:url\" content=\"https:\/\/paracherkaoui.ma\/index.php\/produit\/vichy-homme-mousse-de-rasage-anti-irritations\/\" \/>\r\n<meta property=\"og:site_name\" content=\"Paracherkaoui.ma\" \/>\r\n<meta property=\"article:modified_time\" content=\"2025-12-12T16:46:22+00:00\" \/>\r\n<meta property=\"og:image\" content=\"https:\/\/paracherkaoui.ma\/wp-content\/uploads\/2025\/12\/vichy-vichy-homme-mousse-de-rasage-anti-irritations-rasage-et-barbe.jpg\" \/>\r\n\t<meta property=\"og:image:width\" content=\"700\" \/>\r\n\t<meta property=\"og:image:height\" content=\"700\" \/>\r\n\t<meta property=\"og:image:type\" content=\"image\/jpeg\" \/>\r\n<meta name=\"twitter:card\" content=\"summary_large_image\" \/>\r\n<meta name=\"twitter:label1\" content=\"Dur\u00e9e de lecture estim\u00e9e\" \/>\n\t<meta name=\"twitter:data1\" content=\"1 minute\" \/>\r\n<script type=\"application\/ld+json\" class=\"yoast-schema-graph\">{\"@context\":\"https:\/\/schema.org\",\"@graph\":[{\"@type\":\"WebPage\",\"@id\":\"https:\/\/paracherkaoui.ma\/index.php\/produit\/vichy-homme-mousse-de-rasage-anti-irritations\/\",\"url\":\"https:\/\/paracherkaoui.ma\/index.php\/produit\/vichy-homme-mousse-de-rasage-anti-irritations\/\",\"name\":\"VICHY HOMME MOUSSE DE RASAGE ANTI-IRRITATIONS - Paracherkaoui.ma\",\"isPartOf\":{\"@id\":\"https:\/\/paracherkaoui.ma\/#website\"},\"primaryImageOfPage\":{\"@id\":\"https:\/\/paracherkaoui.ma\/index.php\/produit\/vichy-homme-mousse-de-rasage-anti-irritations\/#primaryimage\"},\"image\":{\"@id\":\"https:\/\/paracherkaoui.ma\/index.php\/produit\/vichy-homme-mousse-de-rasage-anti-irritations\/#primaryimage\"},\"thumbnailUrl\":\"https:\/\/paracherkaoui.ma\/wp-content\/uploads\/2025\/12\/vichy-vichy-homme-mousse-de-rasage-anti-irritations-rasage-et-barbe.jpg\",\"datePublished\":\"2025-12-12T16:46:20+00:00\",\"dateModified\":\"2025-12-12T16:46:22+00:00\",\"breadcrumb\":{\"@id\":\"https:\/\/paracherkaoui.ma\/index.php\/produit\/vichy-homme-mousse-de-rasage-anti-irritations\/#breadcrumb\"},\"inLanguage\":\"fr-FR\",\"potentialAction\":[{\"@type\":\"ReadAction\",\"target\":[\"https:\/\/paracherkaoui.ma\/index.php\/produit\/vichy-homme-mousse-de-rasage-anti-irritations\/\"]}]},{\"@type\":\"ImageObject\",\"inLanguage\":\"fr-FR\",\"@id\":\"https:\/\/paracherkaoui.ma\/index.php\/produit\/vichy-homme-mousse-de-rasage-anti-irritations\/#primaryimage\",\"url\":\"https:\/\/paracherkaoui.ma\/wp-content\/uploads\/2025\/12\/vichy-vichy-homme-mousse-de-rasage-anti-irritations-rasage-et-barbe.jpg\",\"contentUrl\":\"https:\/\/paracherkaoui.ma\/wp-content\/uploads\/2025\/12\/vichy-vichy-homme-mousse-de-rasage-anti-irritations-rasage-et-barbe.jpg\",\"width\":700,\"height\":700},{\"@type\":\"BreadcrumbList\",\"@id\":\"https:\/\/paracherkaoui.ma\/index.php\/produit\/vichy-homme-mousse-de-rasage-anti-irritations\/#breadcrumb\",\"itemListElement\":[{\"@type\":\"ListItem\",\"position\":1,\"name\":\"Accueil\",\"item\":\"https:\/\/paracherkaoui.ma\/\"},{\"@type\":\"ListItem\",\"position\":2,\"name\":\"Boutique\",\"item\":\"https:\/\/paracherkaoui.ma\/index.php\/boutique\/\"},{\"@type\":\"ListItem\",\"position\":3,\"name\":\"VICHY HOMME MOUSSE DE RASAGE ANTI-IRRITATIONS\"}]},{\"@type\":\"WebSite\",\"@id\":\"https:\/\/paracherkaoui.ma\/#website\",\"url\":\"https:\/\/paracherkaoui.ma\/\",\"name\":\"Paracherkaoui.ma\",\"description\":\"Achetez en ligne sur Paracherkaoui.ma\",\"potentialAction\":[{\"@type\":\"SearchAction\",\"target\":{\"@type\":\"EntryPoint\",\"urlTemplate\":\"https:\/\/paracherkaoui.ma\/?s={search_term_string}\"},\"query-input\":{\"@type\":\"PropertyValueSpecification\",\"valueRequired\":true,\"valueName\":\"search_term_string\"}}],\"inLanguage\":\"fr-FR\"}]}<\/script>\r\n<!-- \/ Yoast SEO plugin. -->","yoast_head_json":{"title":"VICHY HOMME MOUSSE DE RASAGE ANTI-IRRITATIONS - Paracherkaoui.ma","robots":{"index":"index","follow":"follow","max-snippet":"max-snippet:-1","max-image-preview":"max-image-preview:large","max-video-preview":"max-video-preview:-1"},"canonical":"https:\/\/paracherkaoui.ma\/index.php\/produit\/vichy-homme-mousse-de-rasage-anti-irritations\/","og_locale":"fr_FR","og_type":"article","og_title":"VICHY HOMME MOUSSE DE RASAGE ANTI-IRRITATIONS - Paracherkaoui.ma","og_description":"Enrichie en Calcium, Vitamine C Glucosyl\u00e9e et Acide Salicylique, cette mousse agit \u00e0 la surface et en profondeur pour prot\u00e9ger","og_url":"https:\/\/paracherkaoui.ma\/index.php\/produit\/vichy-homme-mousse-de-rasage-anti-irritations\/","og_site_name":"Paracherkaoui.ma","article_modified_time":"2025-12-12T16:46:22+00:00","og_image":[{"width":700,"height":700,"url":"https:\/\/paracherkaoui.ma\/wp-content\/uploads\/2025\/12\/vichy-vichy-homme-mousse-de-rasage-anti-irritations-rasage-et-barbe.jpg","type":"image\/jpeg"}],"twitter_card":"summary_large_image","twitter_misc":{"Dur\u00e9e de lecture estim\u00e9e":"1 minute"},"schema":{"@context":"https:\/\/schema.org","@graph":[{"@type":"WebPage","@id":"https:\/\/paracherkaoui.ma\/index.php\/produit\/vichy-homme-mousse-de-rasage-anti-irritations\/","url":"https:\/\/paracherkaoui.ma\/index.php\/produit\/vichy-homme-mousse-de-rasage-anti-irritations\/","name":"VICHY HOMME MOUSSE DE RASAGE ANTI-IRRITATIONS - Paracherkaoui.ma","isPartOf":{"@id":"https:\/\/paracherkaoui.ma\/#website"},"primaryImageOfPage":{"@id":"https:\/\/paracherkaoui.ma\/index.php\/produit\/vichy-homme-mousse-de-rasage-anti-irritations\/#primaryimage"},"image":{"@id":"https:\/\/paracherkaoui.ma\/index.php\/produit\/vichy-homme-mousse-de-rasage-anti-irritations\/#primaryimage"},"thumbnailUrl":"https:\/\/paracherkaoui.ma\/wp-content\/uploads\/2025\/12\/vichy-vichy-homme-mousse-de-rasage-anti-irritations-rasage-et-barbe.jpg","datePublished":"2025-12-12T16:46:20+00:00","dateModified":"2025-12-12T16:46:22+00:00","breadcrumb":{"@id":"https:\/\/paracherkaoui.ma\/index.php\/produit\/vichy-homme-mousse-de-rasage-anti-irritations\/#breadcrumb"},"inLanguage":"fr-FR","potentialAction":[{"@type":"ReadAction","target":["https:\/\/paracherkaoui.ma\/index.php\/produit\/vichy-homme-mousse-de-rasage-anti-irritations\/"]}]},{"@type":"ImageObject","inLanguage":"fr-FR","@id":"https:\/\/paracherkaoui.ma\/index.php\/produit\/vichy-homme-mousse-de-rasage-anti-irritations\/#primaryimage","url":"https:\/\/paracherkaoui.ma\/wp-content\/uploads\/2025\/12\/vichy-vichy-homme-mousse-de-rasage-anti-irritations-rasage-et-barbe.jpg","contentUrl":"https:\/\/paracherkaoui.ma\/wp-content\/uploads\/2025\/12\/vichy-vichy-homme-mousse-de-rasage-anti-irritations-rasage-et-barbe.jpg","width":700,"height":700},{"@type":"BreadcrumbList","@id":"https:\/\/paracherkaoui.ma\/index.php\/produit\/vichy-homme-mousse-de-rasage-anti-irritations\/#breadcrumb","itemListElement":[{"@type":"ListItem","position":1,"name":"Accueil","item":"https:\/\/paracherkaoui.ma\/"},{"@type":"ListItem","position":2,"name":"Boutique","item":"https:\/\/paracherkaoui.ma\/index.php\/boutique\/"},{"@type":"ListItem","position":3,"name":"VICHY HOMME MOUSSE DE RASAGE ANTI-IRRITATIONS"}]},{"@type":"WebSite","@id":"https:\/\/paracherkaoui.ma\/#website","url":"https:\/\/paracherkaoui.ma\/","name":"Paracherkaoui.ma","description":"Achetez en ligne sur Paracherkaoui.ma","potentialAction":[{"@type":"SearchAction","target":{"@type":"EntryPoint","urlTemplate":"https:\/\/paracherkaoui.ma\/?s={search_term_string}"},"query-input":{"@type":"PropertyValueSpecification","valueRequired":true,"valueName":"search_term_string"}}],"inLanguage":"fr-FR"}]}},"_links":{"self":[{"href":"https:\/\/paracherkaoui.ma\/index.php\/wp-json\/wp\/v2\/product\/12462","targetHints":{"allow":["GET"]}}],"collection":[{"href":"https:\/\/paracherkaoui.ma\/index.php\/wp-json\/wp\/v2\/product"}],"about":[{"href":"https:\/\/paracherkaoui.ma\/index.php\/wp-json\/wp\/v2\/types\/product"}],"replies":[{"embeddable":true,"href":"https:\/\/paracherkaoui.ma\/index.php\/wp-json\/wp\/v2\/comments?post=12462"}],"version-history":[{"count":1,"href":"https:\/\/paracherkaoui.ma\/index.php\/wp-json\/wp\/v2\/product\/12462\/revisions"}],"predecessor-version":[{"id":12495,"href":"https:\/\/paracherkaoui.ma\/index.php\/wp-json\/wp\/v2\/product\/12462\/revisions\/12495"}],"wp:featuredmedia":[{"embeddable":true,"href":"https:\/\/paracherkaoui.ma\/index.php\/wp-json\/wp\/v2\/media\/12494"}],"wp:attachment":[{"href":"https:\/\/paracherkaoui.ma\/index.php\/wp-json\/wp\/v2\/media?parent=12462"}],"wp:term":[{"taxonomy":"product_brand","embeddable":true,"href":"https:\/\/paracherkaoui.ma\/index.php\/wp-json\/wp\/v2\/product_brand?post=12462"},{"taxonomy":"product_cat","embeddable":true,"href":"https:\/\/paracherkaoui.ma\/index.php\/wp-json\/wp\/v2\/product_cat?post=12462"},{"taxonomy":"product_tag","embeddable":true,"href":"https:\/\/paracherkaoui.ma\/index.php\/wp-json\/wp\/v2\/product_tag?post=12462"}],"curies":[{"name":"wp","href":"https:\/\/api.w.org\/{rel}","templated":true}]}}