{"id":12401,"date":"2025-12-12T17:46:15","date_gmt":"2025-12-12T16:46:15","guid":{"rendered":"https:\/\/test.ecbeaute.com\/?post_type=product&#038;p=12401"},"modified":"2025-12-12T17:46:19","modified_gmt":"2025-12-12T16:46:19","slug":"acm-sebionex-pain-dermatologique-100gr","status":"publish","type":"product","link":"https:\/\/paracherkaoui.ma\/index.php\/produit\/acm-sebionex-pain-dermatologique-100gr\/","title":{"rendered":"ACM SEBIONEX PAIN DERMATOLOGIQUE 100GR"},"content":{"rendered":"<p>Description:<br \/>\nUtilis\u00e9 quotidiennement, le pain S\u00e9bionex \u00e9limine les impuret\u00e9s sans agresser la peau. Avec son complexe S\u00e9bo-R\u00e9gul, il r\u00e9gule l\u2019exc\u00e8s de s\u00e9bum, limite la prolif\u00e9ration bact\u00e9rienne et assainit l\u2019\u00e9piderme. Sans savon, ce pain dermatologique respecte l\u2019\u00e9quilibre naturel de la peau et limite les sensations de tiraillements gr\u00e2ce \u00e0 ses agents nettoyants. Il laisse la peau nette, fra\u00eeche et purifi\u00e9e.<br \/>\nConseils d&rsquo;utilisation:<br \/>\nAppliquer Matin et\/ou Soir<\/p>\n","protected":false},"excerpt":{"rendered":"<p>Description: Utilis\u00e9 quotidiennement, le pain S\u00e9bionex \u00e9limine les impuret\u00e9s sans agresser la peau. Avec son complexe S\u00e9bo-R\u00e9gul, il r\u00e9gule l\u2019exc\u00e8s<\/p>\n","protected":false},"featured_media":12447,"comment_status":"open","ping_status":"closed","template":"","meta":[],"product_brand":[142],"product_cat":[161],"product_tag":[],"class_list":{"0":"post-12401","1":"product","2":"type-product","3":"status-publish","4":"has-post-thumbnail","6":"product_brand-acm","7":"product_cat-hygiene-visage","9":"first","10":"instock","11":"sale","12":"shipping-taxable","13":"purchasable","14":"product-type-simple"},"yoast_head":"<!-- This site is optimized with the Yoast SEO plugin v26.6 - https:\/\/yoast.com\/wordpress\/plugins\/seo\/ -->\r\n<title>ACM SEBIONEX PAIN DERMATOLOGIQUE 100GR - Paracherkaoui.ma<\/title>\r\n<meta name=\"robots\" content=\"index, follow, max-snippet:-1, max-image-preview:large, max-video-preview:-1\" \/>\r\n<link rel=\"canonical\" href=\"https:\/\/paracherkaoui.ma\/index.php\/produit\/acm-sebionex-pain-dermatologique-100gr\/\" \/>\r\n<meta property=\"og:locale\" content=\"fr_FR\" \/>\r\n<meta property=\"og:type\" content=\"article\" \/>\r\n<meta property=\"og:title\" content=\"ACM SEBIONEX PAIN DERMATOLOGIQUE 100GR - Paracherkaoui.ma\" \/>\r\n<meta property=\"og:description\" content=\"Description: Utilis\u00e9 quotidiennement, le pain S\u00e9bionex \u00e9limine les impuret\u00e9s sans agresser la peau. Avec son complexe S\u00e9bo-R\u00e9gul, il r\u00e9gule l\u2019exc\u00e8s\" \/>\r\n<meta property=\"og:url\" content=\"https:\/\/paracherkaoui.ma\/index.php\/produit\/acm-sebionex-pain-dermatologique-100gr\/\" \/>\r\n<meta property=\"og:site_name\" content=\"Paracherkaoui.ma\" \/>\r\n<meta property=\"article:modified_time\" content=\"2025-12-12T16:46:19+00:00\" \/>\r\n<meta property=\"og:image\" content=\"https:\/\/paracherkaoui.ma\/wp-content\/uploads\/2025\/12\/acm-acm-sebionex-pain-dermatologique-100gr-savon-et-pain-dermatologique.jpg\" \/>\r\n\t<meta property=\"og:image:width\" content=\"700\" \/>\r\n\t<meta property=\"og:image:height\" content=\"700\" \/>\r\n\t<meta property=\"og:image:type\" content=\"image\/jpeg\" \/>\r\n<meta name=\"twitter:card\" content=\"summary_large_image\" \/>\r\n<script type=\"application\/ld+json\" class=\"yoast-schema-graph\">{\"@context\":\"https:\/\/schema.org\",\"@graph\":[{\"@type\":\"WebPage\",\"@id\":\"https:\/\/paracherkaoui.ma\/index.php\/produit\/acm-sebionex-pain-dermatologique-100gr\/\",\"url\":\"https:\/\/paracherkaoui.ma\/index.php\/produit\/acm-sebionex-pain-dermatologique-100gr\/\",\"name\":\"ACM SEBIONEX PAIN DERMATOLOGIQUE 100GR - Paracherkaoui.ma\",\"isPartOf\":{\"@id\":\"https:\/\/paracherkaoui.ma\/#website\"},\"primaryImageOfPage\":{\"@id\":\"https:\/\/paracherkaoui.ma\/index.php\/produit\/acm-sebionex-pain-dermatologique-100gr\/#primaryimage\"},\"image\":{\"@id\":\"https:\/\/paracherkaoui.ma\/index.php\/produit\/acm-sebionex-pain-dermatologique-100gr\/#primaryimage\"},\"thumbnailUrl\":\"https:\/\/paracherkaoui.ma\/wp-content\/uploads\/2025\/12\/acm-acm-sebionex-pain-dermatologique-100gr-savon-et-pain-dermatologique.jpg\",\"datePublished\":\"2025-12-12T16:46:15+00:00\",\"dateModified\":\"2025-12-12T16:46:19+00:00\",\"breadcrumb\":{\"@id\":\"https:\/\/paracherkaoui.ma\/index.php\/produit\/acm-sebionex-pain-dermatologique-100gr\/#breadcrumb\"},\"inLanguage\":\"fr-FR\",\"potentialAction\":[{\"@type\":\"ReadAction\",\"target\":[\"https:\/\/paracherkaoui.ma\/index.php\/produit\/acm-sebionex-pain-dermatologique-100gr\/\"]}]},{\"@type\":\"ImageObject\",\"inLanguage\":\"fr-FR\",\"@id\":\"https:\/\/paracherkaoui.ma\/index.php\/produit\/acm-sebionex-pain-dermatologique-100gr\/#primaryimage\",\"url\":\"https:\/\/paracherkaoui.ma\/wp-content\/uploads\/2025\/12\/acm-acm-sebionex-pain-dermatologique-100gr-savon-et-pain-dermatologique.jpg\",\"contentUrl\":\"https:\/\/paracherkaoui.ma\/wp-content\/uploads\/2025\/12\/acm-acm-sebionex-pain-dermatologique-100gr-savon-et-pain-dermatologique.jpg\",\"width\":700,\"height\":700},{\"@type\":\"BreadcrumbList\",\"@id\":\"https:\/\/paracherkaoui.ma\/index.php\/produit\/acm-sebionex-pain-dermatologique-100gr\/#breadcrumb\",\"itemListElement\":[{\"@type\":\"ListItem\",\"position\":1,\"name\":\"Accueil\",\"item\":\"https:\/\/paracherkaoui.ma\/\"},{\"@type\":\"ListItem\",\"position\":2,\"name\":\"Boutique\",\"item\":\"https:\/\/paracherkaoui.ma\/index.php\/boutique\/\"},{\"@type\":\"ListItem\",\"position\":3,\"name\":\"ACM SEBIONEX PAIN DERMATOLOGIQUE 100GR\"}]},{\"@type\":\"WebSite\",\"@id\":\"https:\/\/paracherkaoui.ma\/#website\",\"url\":\"https:\/\/paracherkaoui.ma\/\",\"name\":\"Paracherkaoui.ma\",\"description\":\"Achetez en ligne sur Paracherkaoui.ma\",\"potentialAction\":[{\"@type\":\"SearchAction\",\"target\":{\"@type\":\"EntryPoint\",\"urlTemplate\":\"https:\/\/paracherkaoui.ma\/?s={search_term_string}\"},\"query-input\":{\"@type\":\"PropertyValueSpecification\",\"valueRequired\":true,\"valueName\":\"search_term_string\"}}],\"inLanguage\":\"fr-FR\"}]}<\/script>\r\n<!-- \/ Yoast SEO plugin. -->","yoast_head_json":{"title":"ACM SEBIONEX PAIN DERMATOLOGIQUE 100GR - Paracherkaoui.ma","robots":{"index":"index","follow":"follow","max-snippet":"max-snippet:-1","max-image-preview":"max-image-preview:large","max-video-preview":"max-video-preview:-1"},"canonical":"https:\/\/paracherkaoui.ma\/index.php\/produit\/acm-sebionex-pain-dermatologique-100gr\/","og_locale":"fr_FR","og_type":"article","og_title":"ACM SEBIONEX PAIN DERMATOLOGIQUE 100GR - Paracherkaoui.ma","og_description":"Description: Utilis\u00e9 quotidiennement, le pain S\u00e9bionex \u00e9limine les impuret\u00e9s sans agresser la peau. Avec son complexe S\u00e9bo-R\u00e9gul, il r\u00e9gule l\u2019exc\u00e8s","og_url":"https:\/\/paracherkaoui.ma\/index.php\/produit\/acm-sebionex-pain-dermatologique-100gr\/","og_site_name":"Paracherkaoui.ma","article_modified_time":"2025-12-12T16:46:19+00:00","og_image":[{"width":700,"height":700,"url":"https:\/\/paracherkaoui.ma\/wp-content\/uploads\/2025\/12\/acm-acm-sebionex-pain-dermatologique-100gr-savon-et-pain-dermatologique.jpg","type":"image\/jpeg"}],"twitter_card":"summary_large_image","schema":{"@context":"https:\/\/schema.org","@graph":[{"@type":"WebPage","@id":"https:\/\/paracherkaoui.ma\/index.php\/produit\/acm-sebionex-pain-dermatologique-100gr\/","url":"https:\/\/paracherkaoui.ma\/index.php\/produit\/acm-sebionex-pain-dermatologique-100gr\/","name":"ACM SEBIONEX PAIN DERMATOLOGIQUE 100GR - Paracherkaoui.ma","isPartOf":{"@id":"https:\/\/paracherkaoui.ma\/#website"},"primaryImageOfPage":{"@id":"https:\/\/paracherkaoui.ma\/index.php\/produit\/acm-sebionex-pain-dermatologique-100gr\/#primaryimage"},"image":{"@id":"https:\/\/paracherkaoui.ma\/index.php\/produit\/acm-sebionex-pain-dermatologique-100gr\/#primaryimage"},"thumbnailUrl":"https:\/\/paracherkaoui.ma\/wp-content\/uploads\/2025\/12\/acm-acm-sebionex-pain-dermatologique-100gr-savon-et-pain-dermatologique.jpg","datePublished":"2025-12-12T16:46:15+00:00","dateModified":"2025-12-12T16:46:19+00:00","breadcrumb":{"@id":"https:\/\/paracherkaoui.ma\/index.php\/produit\/acm-sebionex-pain-dermatologique-100gr\/#breadcrumb"},"inLanguage":"fr-FR","potentialAction":[{"@type":"ReadAction","target":["https:\/\/paracherkaoui.ma\/index.php\/produit\/acm-sebionex-pain-dermatologique-100gr\/"]}]},{"@type":"ImageObject","inLanguage":"fr-FR","@id":"https:\/\/paracherkaoui.ma\/index.php\/produit\/acm-sebionex-pain-dermatologique-100gr\/#primaryimage","url":"https:\/\/paracherkaoui.ma\/wp-content\/uploads\/2025\/12\/acm-acm-sebionex-pain-dermatologique-100gr-savon-et-pain-dermatologique.jpg","contentUrl":"https:\/\/paracherkaoui.ma\/wp-content\/uploads\/2025\/12\/acm-acm-sebionex-pain-dermatologique-100gr-savon-et-pain-dermatologique.jpg","width":700,"height":700},{"@type":"BreadcrumbList","@id":"https:\/\/paracherkaoui.ma\/index.php\/produit\/acm-sebionex-pain-dermatologique-100gr\/#breadcrumb","itemListElement":[{"@type":"ListItem","position":1,"name":"Accueil","item":"https:\/\/paracherkaoui.ma\/"},{"@type":"ListItem","position":2,"name":"Boutique","item":"https:\/\/paracherkaoui.ma\/index.php\/boutique\/"},{"@type":"ListItem","position":3,"name":"ACM SEBIONEX PAIN DERMATOLOGIQUE 100GR"}]},{"@type":"WebSite","@id":"https:\/\/paracherkaoui.ma\/#website","url":"https:\/\/paracherkaoui.ma\/","name":"Paracherkaoui.ma","description":"Achetez en ligne sur Paracherkaoui.ma","potentialAction":[{"@type":"SearchAction","target":{"@type":"EntryPoint","urlTemplate":"https:\/\/paracherkaoui.ma\/?s={search_term_string}"},"query-input":{"@type":"PropertyValueSpecification","valueRequired":true,"valueName":"search_term_string"}}],"inLanguage":"fr-FR"}]}},"_links":{"self":[{"href":"https:\/\/paracherkaoui.ma\/index.php\/wp-json\/wp\/v2\/product\/12401","targetHints":{"allow":["GET"]}}],"collection":[{"href":"https:\/\/paracherkaoui.ma\/index.php\/wp-json\/wp\/v2\/product"}],"about":[{"href":"https:\/\/paracherkaoui.ma\/index.php\/wp-json\/wp\/v2\/types\/product"}],"replies":[{"embeddable":true,"href":"https:\/\/paracherkaoui.ma\/index.php\/wp-json\/wp\/v2\/comments?post=12401"}],"version-history":[{"count":1,"href":"https:\/\/paracherkaoui.ma\/index.php\/wp-json\/wp\/v2\/product\/12401\/revisions"}],"predecessor-version":[{"id":12448,"href":"https:\/\/paracherkaoui.ma\/index.php\/wp-json\/wp\/v2\/product\/12401\/revisions\/12448"}],"wp:featuredmedia":[{"embeddable":true,"href":"https:\/\/paracherkaoui.ma\/index.php\/wp-json\/wp\/v2\/media\/12447"}],"wp:attachment":[{"href":"https:\/\/paracherkaoui.ma\/index.php\/wp-json\/wp\/v2\/media?parent=12401"}],"wp:term":[{"taxonomy":"product_brand","embeddable":true,"href":"https:\/\/paracherkaoui.ma\/index.php\/wp-json\/wp\/v2\/product_brand?post=12401"},{"taxonomy":"product_cat","embeddable":true,"href":"https:\/\/paracherkaoui.ma\/index.php\/wp-json\/wp\/v2\/product_cat?post=12401"},{"taxonomy":"product_tag","embeddable":true,"href":"https:\/\/paracherkaoui.ma\/index.php\/wp-json\/wp\/v2\/product_tag?post=12401"}],"curies":[{"name":"wp","href":"https:\/\/api.w.org\/{rel}","templated":true}]}}