{"id":12399,"date":"2025-12-12T17:46:15","date_gmt":"2025-12-12T16:46:15","guid":{"rendered":"https:\/\/test.ecbeaute.com\/?post_type=product&#038;p=12399"},"modified":"2025-12-12T17:46:18","modified_gmt":"2025-12-12T16:46:18","slug":"vichy-homme-gel-de-rasage-anti-irritations-150-ml","status":"publish","type":"product","link":"https:\/\/paracherkaoui.ma\/index.php\/produit\/vichy-homme-gel-de-rasage-anti-irritations-150-ml\/","title":{"rendered":"VICHY HOMME GEL DE RASAGE ANTI-IRRITATIONS 150 ML"},"content":{"rendered":"<p>Enrichi en Calcium Dermo-Assimilable, il renforce la barri\u00e8re cutan\u00e9e pour une peau plus r\u00e9sistante face aux agressions m\u00e9caniques du rasoir. La Vitamine C Glucosyl\u00e9e offre une protection antioxydante puissante, tandis que l\u2019Acide Salicylique, aux vertus anti-inflammatoires et purifiantes, agit efficacement contre les imperfections et les poils incarn\u00e9s.<br \/>\nLa pr\u00e9sence de l\u2019Eau Thermale de Vichy, riche en min\u00e9raux, apporte une action apaisante et fortifiante, id\u00e9ale pour calmer les sensations d\u2019\u00e9chauffement. Ce gel est hypoallerg\u00e9nique, sans alcool ni parab\u00e8ne, assurant une haute tol\u00e9rance m\u00eame pour les \u00e9pidermes les plus r\u00e9actifs.<br \/>\nUtilis\u00e9 quotidiennement, il offre une exp\u00e9rience de rasage confortable, en hydratant la peau, en l\u2019assainissant et en pr\u00e9venant les irritations. Les tests d\u2019auto-\u00e9valuation r\u00e9v\u00e8lent une peau plus confortable pour 93% des utilisateurs, moins \u00e9chauff\u00e9e pour 87% et mieux prot\u00e9g\u00e9e pour 85%.<br \/>\nConseils d&rsquo;utilisation<br \/>\nAgitez l\u2019a\u00e9rosol avant utilisation.<br \/>\nSur une peau propre et humidifi\u00e9e, appliquez le gel en maintenant l\u2019a\u00e9rosol en position verticale.<br \/>\nR\u00e9partissez uniform\u00e9ment sur le visage, puis proc\u00e9dez au rasage.<br \/>\nRincez abondamment et s\u00e9chez d\u00e9licatement.<br \/>\nNe pas exposer l\u2019a\u00e9rosol \u00e0 une chaleur sup\u00e9rieure \u00e0 50\u00b0C, ni le percer ou l&rsquo;incin\u00e9rer. Ne pas vaporiser vers les yeux ni inhaler directement le produit.<br \/>\nComposition<br \/>\nAqua \/ Water, Palmitic Acid, Triethanolamine, Isopentane, Cocamide MEA, Glycerin, Stearic Acid, Ascorbyl Glucoside, BHT, CI 77891 \/ Titanium Dioxide, Dipropylene Glycol, Hydroxyethylcellulose, Hydroxypropylcellulose, Isobutane, Myristic Acid, PEG-90M, Salicylic Acid, Stearyl Caprylate, Stearyl Heptanoate, Parfum \/ Fragrance<\/p>\n","protected":false},"excerpt":{"rendered":"<p>Enrichi en Calcium Dermo-Assimilable, il renforce la barri\u00e8re cutan\u00e9e pour une peau plus r\u00e9sistante face aux agressions m\u00e9caniques du rasoir.<\/p>\n","protected":false},"featured_media":12443,"comment_status":"open","ping_status":"closed","template":"","meta":[],"product_brand":[139],"product_cat":[161],"product_tag":[],"class_list":{"0":"post-12399","1":"product","2":"type-product","3":"status-publish","4":"has-post-thumbnail","6":"product_brand-vichy","7":"product_cat-hygiene-visage","9":"first","10":"instock","11":"sale","12":"shipping-taxable","13":"purchasable","14":"product-type-simple"},"yoast_head":"<!-- This site is optimized with the Yoast SEO plugin v26.6 - https:\/\/yoast.com\/wordpress\/plugins\/seo\/ -->\r\n<title>VICHY HOMME GEL DE RASAGE ANTI-IRRITATIONS 150 ML - Paracherkaoui.ma<\/title>\r\n<meta name=\"robots\" content=\"index, follow, max-snippet:-1, max-image-preview:large, max-video-preview:-1\" \/>\r\n<link rel=\"canonical\" href=\"https:\/\/paracherkaoui.ma\/index.php\/produit\/vichy-homme-gel-de-rasage-anti-irritations-150-ml\/\" \/>\r\n<meta property=\"og:locale\" content=\"fr_FR\" \/>\r\n<meta property=\"og:type\" content=\"article\" \/>\r\n<meta property=\"og:title\" content=\"VICHY HOMME GEL DE RASAGE ANTI-IRRITATIONS 150 ML - Paracherkaoui.ma\" \/>\r\n<meta property=\"og:description\" content=\"Enrichi en Calcium Dermo-Assimilable, il renforce la barri\u00e8re cutan\u00e9e pour une peau plus r\u00e9sistante face aux agressions m\u00e9caniques du rasoir.\" \/>\r\n<meta property=\"og:url\" content=\"https:\/\/paracherkaoui.ma\/index.php\/produit\/vichy-homme-gel-de-rasage-anti-irritations-150-ml\/\" \/>\r\n<meta property=\"og:site_name\" content=\"Paracherkaoui.ma\" \/>\r\n<meta property=\"article:modified_time\" content=\"2025-12-12T16:46:18+00:00\" \/>\r\n<meta property=\"og:image\" content=\"https:\/\/paracherkaoui.ma\/wp-content\/uploads\/2025\/12\/vichy-vichy-homme-gel-de-rasage-anti-irritations-150-ml-rasage-et-barbe.jpg\" \/>\r\n\t<meta property=\"og:image:width\" content=\"700\" \/>\r\n\t<meta property=\"og:image:height\" content=\"700\" \/>\r\n\t<meta property=\"og:image:type\" content=\"image\/jpeg\" \/>\r\n<meta name=\"twitter:card\" content=\"summary_large_image\" \/>\r\n<meta name=\"twitter:label1\" content=\"Dur\u00e9e de lecture estim\u00e9e\" \/>\n\t<meta name=\"twitter:data1\" content=\"1 minute\" \/>\r\n<script type=\"application\/ld+json\" class=\"yoast-schema-graph\">{\"@context\":\"https:\/\/schema.org\",\"@graph\":[{\"@type\":\"WebPage\",\"@id\":\"https:\/\/paracherkaoui.ma\/index.php\/produit\/vichy-homme-gel-de-rasage-anti-irritations-150-ml\/\",\"url\":\"https:\/\/paracherkaoui.ma\/index.php\/produit\/vichy-homme-gel-de-rasage-anti-irritations-150-ml\/\",\"name\":\"VICHY HOMME GEL DE RASAGE ANTI-IRRITATIONS 150 ML - Paracherkaoui.ma\",\"isPartOf\":{\"@id\":\"https:\/\/paracherkaoui.ma\/#website\"},\"primaryImageOfPage\":{\"@id\":\"https:\/\/paracherkaoui.ma\/index.php\/produit\/vichy-homme-gel-de-rasage-anti-irritations-150-ml\/#primaryimage\"},\"image\":{\"@id\":\"https:\/\/paracherkaoui.ma\/index.php\/produit\/vichy-homme-gel-de-rasage-anti-irritations-150-ml\/#primaryimage\"},\"thumbnailUrl\":\"https:\/\/paracherkaoui.ma\/wp-content\/uploads\/2025\/12\/vichy-vichy-homme-gel-de-rasage-anti-irritations-150-ml-rasage-et-barbe.jpg\",\"datePublished\":\"2025-12-12T16:46:15+00:00\",\"dateModified\":\"2025-12-12T16:46:18+00:00\",\"breadcrumb\":{\"@id\":\"https:\/\/paracherkaoui.ma\/index.php\/produit\/vichy-homme-gel-de-rasage-anti-irritations-150-ml\/#breadcrumb\"},\"inLanguage\":\"fr-FR\",\"potentialAction\":[{\"@type\":\"ReadAction\",\"target\":[\"https:\/\/paracherkaoui.ma\/index.php\/produit\/vichy-homme-gel-de-rasage-anti-irritations-150-ml\/\"]}]},{\"@type\":\"ImageObject\",\"inLanguage\":\"fr-FR\",\"@id\":\"https:\/\/paracherkaoui.ma\/index.php\/produit\/vichy-homme-gel-de-rasage-anti-irritations-150-ml\/#primaryimage\",\"url\":\"https:\/\/paracherkaoui.ma\/wp-content\/uploads\/2025\/12\/vichy-vichy-homme-gel-de-rasage-anti-irritations-150-ml-rasage-et-barbe.jpg\",\"contentUrl\":\"https:\/\/paracherkaoui.ma\/wp-content\/uploads\/2025\/12\/vichy-vichy-homme-gel-de-rasage-anti-irritations-150-ml-rasage-et-barbe.jpg\",\"width\":700,\"height\":700},{\"@type\":\"BreadcrumbList\",\"@id\":\"https:\/\/paracherkaoui.ma\/index.php\/produit\/vichy-homme-gel-de-rasage-anti-irritations-150-ml\/#breadcrumb\",\"itemListElement\":[{\"@type\":\"ListItem\",\"position\":1,\"name\":\"Accueil\",\"item\":\"https:\/\/paracherkaoui.ma\/\"},{\"@type\":\"ListItem\",\"position\":2,\"name\":\"Boutique\",\"item\":\"https:\/\/paracherkaoui.ma\/index.php\/boutique\/\"},{\"@type\":\"ListItem\",\"position\":3,\"name\":\"VICHY HOMME GEL DE RASAGE ANTI-IRRITATIONS 150 ML\"}]},{\"@type\":\"WebSite\",\"@id\":\"https:\/\/paracherkaoui.ma\/#website\",\"url\":\"https:\/\/paracherkaoui.ma\/\",\"name\":\"Paracherkaoui.ma\",\"description\":\"Achetez en ligne sur Paracherkaoui.ma\",\"potentialAction\":[{\"@type\":\"SearchAction\",\"target\":{\"@type\":\"EntryPoint\",\"urlTemplate\":\"https:\/\/paracherkaoui.ma\/?s={search_term_string}\"},\"query-input\":{\"@type\":\"PropertyValueSpecification\",\"valueRequired\":true,\"valueName\":\"search_term_string\"}}],\"inLanguage\":\"fr-FR\"}]}<\/script>\r\n<!-- \/ Yoast SEO plugin. -->","yoast_head_json":{"title":"VICHY HOMME GEL DE RASAGE ANTI-IRRITATIONS 150 ML - Paracherkaoui.ma","robots":{"index":"index","follow":"follow","max-snippet":"max-snippet:-1","max-image-preview":"max-image-preview:large","max-video-preview":"max-video-preview:-1"},"canonical":"https:\/\/paracherkaoui.ma\/index.php\/produit\/vichy-homme-gel-de-rasage-anti-irritations-150-ml\/","og_locale":"fr_FR","og_type":"article","og_title":"VICHY HOMME GEL DE RASAGE ANTI-IRRITATIONS 150 ML - Paracherkaoui.ma","og_description":"Enrichi en Calcium Dermo-Assimilable, il renforce la barri\u00e8re cutan\u00e9e pour une peau plus r\u00e9sistante face aux agressions m\u00e9caniques du rasoir.","og_url":"https:\/\/paracherkaoui.ma\/index.php\/produit\/vichy-homme-gel-de-rasage-anti-irritations-150-ml\/","og_site_name":"Paracherkaoui.ma","article_modified_time":"2025-12-12T16:46:18+00:00","og_image":[{"width":700,"height":700,"url":"https:\/\/paracherkaoui.ma\/wp-content\/uploads\/2025\/12\/vichy-vichy-homme-gel-de-rasage-anti-irritations-150-ml-rasage-et-barbe.jpg","type":"image\/jpeg"}],"twitter_card":"summary_large_image","twitter_misc":{"Dur\u00e9e de lecture estim\u00e9e":"1 minute"},"schema":{"@context":"https:\/\/schema.org","@graph":[{"@type":"WebPage","@id":"https:\/\/paracherkaoui.ma\/index.php\/produit\/vichy-homme-gel-de-rasage-anti-irritations-150-ml\/","url":"https:\/\/paracherkaoui.ma\/index.php\/produit\/vichy-homme-gel-de-rasage-anti-irritations-150-ml\/","name":"VICHY HOMME GEL DE RASAGE ANTI-IRRITATIONS 150 ML - Paracherkaoui.ma","isPartOf":{"@id":"https:\/\/paracherkaoui.ma\/#website"},"primaryImageOfPage":{"@id":"https:\/\/paracherkaoui.ma\/index.php\/produit\/vichy-homme-gel-de-rasage-anti-irritations-150-ml\/#primaryimage"},"image":{"@id":"https:\/\/paracherkaoui.ma\/index.php\/produit\/vichy-homme-gel-de-rasage-anti-irritations-150-ml\/#primaryimage"},"thumbnailUrl":"https:\/\/paracherkaoui.ma\/wp-content\/uploads\/2025\/12\/vichy-vichy-homme-gel-de-rasage-anti-irritations-150-ml-rasage-et-barbe.jpg","datePublished":"2025-12-12T16:46:15+00:00","dateModified":"2025-12-12T16:46:18+00:00","breadcrumb":{"@id":"https:\/\/paracherkaoui.ma\/index.php\/produit\/vichy-homme-gel-de-rasage-anti-irritations-150-ml\/#breadcrumb"},"inLanguage":"fr-FR","potentialAction":[{"@type":"ReadAction","target":["https:\/\/paracherkaoui.ma\/index.php\/produit\/vichy-homme-gel-de-rasage-anti-irritations-150-ml\/"]}]},{"@type":"ImageObject","inLanguage":"fr-FR","@id":"https:\/\/paracherkaoui.ma\/index.php\/produit\/vichy-homme-gel-de-rasage-anti-irritations-150-ml\/#primaryimage","url":"https:\/\/paracherkaoui.ma\/wp-content\/uploads\/2025\/12\/vichy-vichy-homme-gel-de-rasage-anti-irritations-150-ml-rasage-et-barbe.jpg","contentUrl":"https:\/\/paracherkaoui.ma\/wp-content\/uploads\/2025\/12\/vichy-vichy-homme-gel-de-rasage-anti-irritations-150-ml-rasage-et-barbe.jpg","width":700,"height":700},{"@type":"BreadcrumbList","@id":"https:\/\/paracherkaoui.ma\/index.php\/produit\/vichy-homme-gel-de-rasage-anti-irritations-150-ml\/#breadcrumb","itemListElement":[{"@type":"ListItem","position":1,"name":"Accueil","item":"https:\/\/paracherkaoui.ma\/"},{"@type":"ListItem","position":2,"name":"Boutique","item":"https:\/\/paracherkaoui.ma\/index.php\/boutique\/"},{"@type":"ListItem","position":3,"name":"VICHY HOMME GEL DE RASAGE ANTI-IRRITATIONS 150 ML"}]},{"@type":"WebSite","@id":"https:\/\/paracherkaoui.ma\/#website","url":"https:\/\/paracherkaoui.ma\/","name":"Paracherkaoui.ma","description":"Achetez en ligne sur Paracherkaoui.ma","potentialAction":[{"@type":"SearchAction","target":{"@type":"EntryPoint","urlTemplate":"https:\/\/paracherkaoui.ma\/?s={search_term_string}"},"query-input":{"@type":"PropertyValueSpecification","valueRequired":true,"valueName":"search_term_string"}}],"inLanguage":"fr-FR"}]}},"_links":{"self":[{"href":"https:\/\/paracherkaoui.ma\/index.php\/wp-json\/wp\/v2\/product\/12399","targetHints":{"allow":["GET"]}}],"collection":[{"href":"https:\/\/paracherkaoui.ma\/index.php\/wp-json\/wp\/v2\/product"}],"about":[{"href":"https:\/\/paracherkaoui.ma\/index.php\/wp-json\/wp\/v2\/types\/product"}],"replies":[{"embeddable":true,"href":"https:\/\/paracherkaoui.ma\/index.php\/wp-json\/wp\/v2\/comments?post=12399"}],"version-history":[{"count":1,"href":"https:\/\/paracherkaoui.ma\/index.php\/wp-json\/wp\/v2\/product\/12399\/revisions"}],"predecessor-version":[{"id":12444,"href":"https:\/\/paracherkaoui.ma\/index.php\/wp-json\/wp\/v2\/product\/12399\/revisions\/12444"}],"wp:featuredmedia":[{"embeddable":true,"href":"https:\/\/paracherkaoui.ma\/index.php\/wp-json\/wp\/v2\/media\/12443"}],"wp:attachment":[{"href":"https:\/\/paracherkaoui.ma\/index.php\/wp-json\/wp\/v2\/media?parent=12399"}],"wp:term":[{"taxonomy":"product_brand","embeddable":true,"href":"https:\/\/paracherkaoui.ma\/index.php\/wp-json\/wp\/v2\/product_brand?post=12399"},{"taxonomy":"product_cat","embeddable":true,"href":"https:\/\/paracherkaoui.ma\/index.php\/wp-json\/wp\/v2\/product_cat?post=12399"},{"taxonomy":"product_tag","embeddable":true,"href":"https:\/\/paracherkaoui.ma\/index.php\/wp-json\/wp\/v2\/product_tag?post=12399"}],"curies":[{"name":"wp","href":"https:\/\/api.w.org\/{rel}","templated":true}]}}