{"id":12396,"date":"2025-12-12T17:46:15","date_gmt":"2025-12-12T16:46:15","guid":{"rendered":"https:\/\/test.ecbeaute.com\/?post_type=product&#038;p=12396"},"modified":"2025-12-12T17:46:18","modified_gmt":"2025-12-12T16:46:18","slug":"uriage-ds-gel-moussant-regulateur-150-ml","status":"publish","type":"product","link":"https:\/\/paracherkaoui.ma\/index.php\/produit\/uriage-ds-gel-moussant-regulateur-150-ml\/","title":{"rendered":"URIAGE DS GEL MOUSSANT REGULATEUR 150 ML"},"content":{"rendered":"<p>Descriptif\u00a0:<br \/>\nD.S. Gel Nettoyant est un gel moussant r\u00e9gulateur, purifiant et non dess\u00e9chant.<br \/>\nIl nettoie tout en douceur, \u00e9limine les impuret\u00e9s gr\u00e2ce \u00e0 l\u2019efficacit\u00e9 conjugu\u00e9e d\u2019actifs assainissants sp\u00e9cifiques et d\u2019un complexe brevet\u00e9 anti-irritant associ\u00e9s \u00e0 l\u2019Eau Thermale d\u2019Uriage apaisante.<br \/>\nSa mousse est onctueuse, ultra-douce et se rince facilement.<br \/>\nLa peau est douce, purifi\u00e9e et retrouve une sensation de confort.<\/p>\n<p>Uriage propose une approche totalement innovante : pour la premi\u00e8re fois en dermo-cosm\u00e9tique le complexe TLR2-Regul, brevet\u00e9 par les Laboratoires Uriage, agit sp\u00e9cifiquement sur les irritations d\u00e9clench\u00e9es par la pr\u00e9sence de micro-organismes. Il est associ\u00e9 \u00e0 la piroctone olamine, actif assainissant reconnu.<br \/>\nIndications :<br \/>\nDermite S\u00e9borr\u00e9hique<\/p>\n<p>Peaux sujettes aux irritations, rougeurs et squames des zones s\u00e9borrh\u00e9iques.<br \/>\nVisage, corps et cuir chevelu.<br \/>\nAdultes.<\/p>\n<p>Les soins r\u00e9gulateurs D.S.\u00ae permettent aux peaux sujettes aux irritations, aux rougeurs et aux squames (visage, corps et cuir chevelu) de retrouver rapidement apaisement, confort et uniformit\u00e9.<br \/>\nFormule :<br \/>\nComposition : Complexe TLR2-Regul &#8211; Eau Thermale d\u2019Uriage &#8211; Piroctone Olamine &#8211; Tensioactifs doux &#8211; Agent protecteur surgraissant.<br \/>\nSans savon &#8211; Sans parfum &#8211; Sans paraben.<br \/>\nHaute tol\u00e9rance : Hypoallerg\u00e9nique.<br \/>\nConseils d&rsquo;utilisation :<br \/>\nSur le cuir chevelu : en shampooing 2 \u00e0 3 fois par semaine.<br \/>\nSur le visage et le corps : 1 \u00e0 2 fois par jour en geste d\u2019hygi\u00e8ne. Faire mousser sur peau humide, laisser agir quelques instants et bien rincer. \u00c9viter le contact avec les yeux.<\/p>\n","protected":false},"excerpt":{"rendered":"<p>Descriptif\u00a0: D.S. Gel Nettoyant est un gel moussant r\u00e9gulateur, purifiant et non dess\u00e9chant. Il nettoie tout en douceur, \u00e9limine les<\/p>\n","protected":false},"featured_media":12438,"comment_status":"open","ping_status":"closed","template":"","meta":[],"product_brand":[130],"product_cat":[161],"product_tag":[],"class_list":{"0":"post-12396","1":"product","2":"type-product","3":"status-publish","4":"has-post-thumbnail","6":"product_brand-uriage","7":"product_cat-hygiene-visage","9":"first","10":"instock","11":"sale","12":"shipping-taxable","13":"purchasable","14":"product-type-simple"},"yoast_head":"<!-- This site is optimized with the Yoast SEO plugin v26.6 - https:\/\/yoast.com\/wordpress\/plugins\/seo\/ -->\r\n<title>URIAGE DS GEL MOUSSANT REGULATEUR 150 ML - Paracherkaoui.ma<\/title>\r\n<meta name=\"robots\" content=\"index, follow, max-snippet:-1, max-image-preview:large, max-video-preview:-1\" \/>\r\n<link rel=\"canonical\" href=\"https:\/\/paracherkaoui.ma\/index.php\/produit\/uriage-ds-gel-moussant-regulateur-150-ml\/\" \/>\r\n<meta property=\"og:locale\" content=\"fr_FR\" \/>\r\n<meta property=\"og:type\" content=\"article\" \/>\r\n<meta property=\"og:title\" content=\"URIAGE DS GEL MOUSSANT REGULATEUR 150 ML - Paracherkaoui.ma\" \/>\r\n<meta property=\"og:description\" content=\"Descriptif\u00a0: D.S. Gel Nettoyant est un gel moussant r\u00e9gulateur, purifiant et non dess\u00e9chant. Il nettoie tout en douceur, \u00e9limine les\" \/>\r\n<meta property=\"og:url\" content=\"https:\/\/paracherkaoui.ma\/index.php\/produit\/uriage-ds-gel-moussant-regulateur-150-ml\/\" \/>\r\n<meta property=\"og:site_name\" content=\"Paracherkaoui.ma\" \/>\r\n<meta property=\"article:modified_time\" content=\"2025-12-12T16:46:18+00:00\" \/>\r\n<meta property=\"og:image\" content=\"https:\/\/paracherkaoui.ma\/wp-content\/uploads\/2025\/12\/uriage-uriage-ds-gel-moussant-regulateur-150-ml-soins-anti-rougeurs.jpg\" \/>\r\n\t<meta property=\"og:image:width\" content=\"700\" \/>\r\n\t<meta property=\"og:image:height\" content=\"700\" \/>\r\n\t<meta property=\"og:image:type\" content=\"image\/jpeg\" \/>\r\n<meta name=\"twitter:card\" content=\"summary_large_image\" \/>\r\n<meta name=\"twitter:label1\" content=\"Dur\u00e9e de lecture estim\u00e9e\" \/>\n\t<meta name=\"twitter:data1\" content=\"1 minute\" \/>\r\n<script type=\"application\/ld+json\" class=\"yoast-schema-graph\">{\"@context\":\"https:\/\/schema.org\",\"@graph\":[{\"@type\":\"WebPage\",\"@id\":\"https:\/\/paracherkaoui.ma\/index.php\/produit\/uriage-ds-gel-moussant-regulateur-150-ml\/\",\"url\":\"https:\/\/paracherkaoui.ma\/index.php\/produit\/uriage-ds-gel-moussant-regulateur-150-ml\/\",\"name\":\"URIAGE DS GEL MOUSSANT REGULATEUR 150 ML - Paracherkaoui.ma\",\"isPartOf\":{\"@id\":\"https:\/\/paracherkaoui.ma\/#website\"},\"primaryImageOfPage\":{\"@id\":\"https:\/\/paracherkaoui.ma\/index.php\/produit\/uriage-ds-gel-moussant-regulateur-150-ml\/#primaryimage\"},\"image\":{\"@id\":\"https:\/\/paracherkaoui.ma\/index.php\/produit\/uriage-ds-gel-moussant-regulateur-150-ml\/#primaryimage\"},\"thumbnailUrl\":\"https:\/\/paracherkaoui.ma\/wp-content\/uploads\/2025\/12\/uriage-uriage-ds-gel-moussant-regulateur-150-ml-soins-anti-rougeurs.jpg\",\"datePublished\":\"2025-12-12T16:46:15+00:00\",\"dateModified\":\"2025-12-12T16:46:18+00:00\",\"breadcrumb\":{\"@id\":\"https:\/\/paracherkaoui.ma\/index.php\/produit\/uriage-ds-gel-moussant-regulateur-150-ml\/#breadcrumb\"},\"inLanguage\":\"fr-FR\",\"potentialAction\":[{\"@type\":\"ReadAction\",\"target\":[\"https:\/\/paracherkaoui.ma\/index.php\/produit\/uriage-ds-gel-moussant-regulateur-150-ml\/\"]}]},{\"@type\":\"ImageObject\",\"inLanguage\":\"fr-FR\",\"@id\":\"https:\/\/paracherkaoui.ma\/index.php\/produit\/uriage-ds-gel-moussant-regulateur-150-ml\/#primaryimage\",\"url\":\"https:\/\/paracherkaoui.ma\/wp-content\/uploads\/2025\/12\/uriage-uriage-ds-gel-moussant-regulateur-150-ml-soins-anti-rougeurs.jpg\",\"contentUrl\":\"https:\/\/paracherkaoui.ma\/wp-content\/uploads\/2025\/12\/uriage-uriage-ds-gel-moussant-regulateur-150-ml-soins-anti-rougeurs.jpg\",\"width\":700,\"height\":700},{\"@type\":\"BreadcrumbList\",\"@id\":\"https:\/\/paracherkaoui.ma\/index.php\/produit\/uriage-ds-gel-moussant-regulateur-150-ml\/#breadcrumb\",\"itemListElement\":[{\"@type\":\"ListItem\",\"position\":1,\"name\":\"Accueil\",\"item\":\"https:\/\/paracherkaoui.ma\/\"},{\"@type\":\"ListItem\",\"position\":2,\"name\":\"Boutique\",\"item\":\"https:\/\/paracherkaoui.ma\/index.php\/boutique\/\"},{\"@type\":\"ListItem\",\"position\":3,\"name\":\"URIAGE DS GEL MOUSSANT REGULATEUR 150 ML\"}]},{\"@type\":\"WebSite\",\"@id\":\"https:\/\/paracherkaoui.ma\/#website\",\"url\":\"https:\/\/paracherkaoui.ma\/\",\"name\":\"Paracherkaoui.ma\",\"description\":\"Achetez en ligne sur Paracherkaoui.ma\",\"potentialAction\":[{\"@type\":\"SearchAction\",\"target\":{\"@type\":\"EntryPoint\",\"urlTemplate\":\"https:\/\/paracherkaoui.ma\/?s={search_term_string}\"},\"query-input\":{\"@type\":\"PropertyValueSpecification\",\"valueRequired\":true,\"valueName\":\"search_term_string\"}}],\"inLanguage\":\"fr-FR\"}]}<\/script>\r\n<!-- \/ Yoast SEO plugin. -->","yoast_head_json":{"title":"URIAGE DS GEL MOUSSANT REGULATEUR 150 ML - Paracherkaoui.ma","robots":{"index":"index","follow":"follow","max-snippet":"max-snippet:-1","max-image-preview":"max-image-preview:large","max-video-preview":"max-video-preview:-1"},"canonical":"https:\/\/paracherkaoui.ma\/index.php\/produit\/uriage-ds-gel-moussant-regulateur-150-ml\/","og_locale":"fr_FR","og_type":"article","og_title":"URIAGE DS GEL MOUSSANT REGULATEUR 150 ML - Paracherkaoui.ma","og_description":"Descriptif\u00a0: D.S. Gel Nettoyant est un gel moussant r\u00e9gulateur, purifiant et non dess\u00e9chant. Il nettoie tout en douceur, \u00e9limine les","og_url":"https:\/\/paracherkaoui.ma\/index.php\/produit\/uriage-ds-gel-moussant-regulateur-150-ml\/","og_site_name":"Paracherkaoui.ma","article_modified_time":"2025-12-12T16:46:18+00:00","og_image":[{"width":700,"height":700,"url":"https:\/\/paracherkaoui.ma\/wp-content\/uploads\/2025\/12\/uriage-uriage-ds-gel-moussant-regulateur-150-ml-soins-anti-rougeurs.jpg","type":"image\/jpeg"}],"twitter_card":"summary_large_image","twitter_misc":{"Dur\u00e9e de lecture estim\u00e9e":"1 minute"},"schema":{"@context":"https:\/\/schema.org","@graph":[{"@type":"WebPage","@id":"https:\/\/paracherkaoui.ma\/index.php\/produit\/uriage-ds-gel-moussant-regulateur-150-ml\/","url":"https:\/\/paracherkaoui.ma\/index.php\/produit\/uriage-ds-gel-moussant-regulateur-150-ml\/","name":"URIAGE DS GEL MOUSSANT REGULATEUR 150 ML - Paracherkaoui.ma","isPartOf":{"@id":"https:\/\/paracherkaoui.ma\/#website"},"primaryImageOfPage":{"@id":"https:\/\/paracherkaoui.ma\/index.php\/produit\/uriage-ds-gel-moussant-regulateur-150-ml\/#primaryimage"},"image":{"@id":"https:\/\/paracherkaoui.ma\/index.php\/produit\/uriage-ds-gel-moussant-regulateur-150-ml\/#primaryimage"},"thumbnailUrl":"https:\/\/paracherkaoui.ma\/wp-content\/uploads\/2025\/12\/uriage-uriage-ds-gel-moussant-regulateur-150-ml-soins-anti-rougeurs.jpg","datePublished":"2025-12-12T16:46:15+00:00","dateModified":"2025-12-12T16:46:18+00:00","breadcrumb":{"@id":"https:\/\/paracherkaoui.ma\/index.php\/produit\/uriage-ds-gel-moussant-regulateur-150-ml\/#breadcrumb"},"inLanguage":"fr-FR","potentialAction":[{"@type":"ReadAction","target":["https:\/\/paracherkaoui.ma\/index.php\/produit\/uriage-ds-gel-moussant-regulateur-150-ml\/"]}]},{"@type":"ImageObject","inLanguage":"fr-FR","@id":"https:\/\/paracherkaoui.ma\/index.php\/produit\/uriage-ds-gel-moussant-regulateur-150-ml\/#primaryimage","url":"https:\/\/paracherkaoui.ma\/wp-content\/uploads\/2025\/12\/uriage-uriage-ds-gel-moussant-regulateur-150-ml-soins-anti-rougeurs.jpg","contentUrl":"https:\/\/paracherkaoui.ma\/wp-content\/uploads\/2025\/12\/uriage-uriage-ds-gel-moussant-regulateur-150-ml-soins-anti-rougeurs.jpg","width":700,"height":700},{"@type":"BreadcrumbList","@id":"https:\/\/paracherkaoui.ma\/index.php\/produit\/uriage-ds-gel-moussant-regulateur-150-ml\/#breadcrumb","itemListElement":[{"@type":"ListItem","position":1,"name":"Accueil","item":"https:\/\/paracherkaoui.ma\/"},{"@type":"ListItem","position":2,"name":"Boutique","item":"https:\/\/paracherkaoui.ma\/index.php\/boutique\/"},{"@type":"ListItem","position":3,"name":"URIAGE DS GEL MOUSSANT REGULATEUR 150 ML"}]},{"@type":"WebSite","@id":"https:\/\/paracherkaoui.ma\/#website","url":"https:\/\/paracherkaoui.ma\/","name":"Paracherkaoui.ma","description":"Achetez en ligne sur Paracherkaoui.ma","potentialAction":[{"@type":"SearchAction","target":{"@type":"EntryPoint","urlTemplate":"https:\/\/paracherkaoui.ma\/?s={search_term_string}"},"query-input":{"@type":"PropertyValueSpecification","valueRequired":true,"valueName":"search_term_string"}}],"inLanguage":"fr-FR"}]}},"_links":{"self":[{"href":"https:\/\/paracherkaoui.ma\/index.php\/wp-json\/wp\/v2\/product\/12396","targetHints":{"allow":["GET"]}}],"collection":[{"href":"https:\/\/paracherkaoui.ma\/index.php\/wp-json\/wp\/v2\/product"}],"about":[{"href":"https:\/\/paracherkaoui.ma\/index.php\/wp-json\/wp\/v2\/types\/product"}],"replies":[{"embeddable":true,"href":"https:\/\/paracherkaoui.ma\/index.php\/wp-json\/wp\/v2\/comments?post=12396"}],"version-history":[{"count":1,"href":"https:\/\/paracherkaoui.ma\/index.php\/wp-json\/wp\/v2\/product\/12396\/revisions"}],"predecessor-version":[{"id":12439,"href":"https:\/\/paracherkaoui.ma\/index.php\/wp-json\/wp\/v2\/product\/12396\/revisions\/12439"}],"wp:featuredmedia":[{"embeddable":true,"href":"https:\/\/paracherkaoui.ma\/index.php\/wp-json\/wp\/v2\/media\/12438"}],"wp:attachment":[{"href":"https:\/\/paracherkaoui.ma\/index.php\/wp-json\/wp\/v2\/media?parent=12396"}],"wp:term":[{"taxonomy":"product_brand","embeddable":true,"href":"https:\/\/paracherkaoui.ma\/index.php\/wp-json\/wp\/v2\/product_brand?post=12396"},{"taxonomy":"product_cat","embeddable":true,"href":"https:\/\/paracherkaoui.ma\/index.php\/wp-json\/wp\/v2\/product_cat?post=12396"},{"taxonomy":"product_tag","embeddable":true,"href":"https:\/\/paracherkaoui.ma\/index.php\/wp-json\/wp\/v2\/product_tag?post=12396"}],"curies":[{"name":"wp","href":"https:\/\/api.w.org\/{rel}","templated":true}]}}