{"id":12393,"date":"2025-12-12T17:46:14","date_gmt":"2025-12-12T16:46:14","guid":{"rendered":"https:\/\/test.ecbeaute.com\/?post_type=product&#038;p=12393"},"modified":"2025-12-12T17:46:18","modified_gmt":"2025-12-12T16:46:18","slug":"la-roche-posay-effaclar-h-iso-biome-creme-lavante-390-ml","status":"publish","type":"product","link":"https:\/\/paracherkaoui.ma\/index.php\/produit\/la-roche-posay-effaclar-h-iso-biome-creme-lavante-390-ml\/","title":{"rendered":"LA ROCHE POSAY EFFACLAR H ISO BIOME CREME LAVANTE 390 ML"},"content":{"rendered":"<p>La cr\u00e8me lavante EFFACLAR H &#8211; Iso-biome nettoie, purifie, adoucit et aide \u00e0 hydrater la peau. Lutte contre les effets secondaires visibles des traitements dess\u00e9chants contre l&rsquo;acn\u00e9.<br \/>\nAide \u00e0 r\u00e9duire les imperfections. Peut \u00e9galement \u00eatre utilis\u00e9e lors de traitements \u00e0 l&rsquo;isotretino\u00efne.<br \/>\nEFFACLAR H ISO-BIOME cr\u00e8me lavante est enrichie en glyc\u00e9rine et au beurre de karit\u00e9 hydratants, ainsi qu&rsquo;en niacinamide afin d&rsquo;apaiser la peau et d&rsquo;aider \u00e0 restaurer la barri\u00e8re cutan\u00e9e. Aqua Posae Filiformis aide \u00e0 r\u00e9\u00e9quilibrer le Microbiome. Bixa Orellana aide \u00e0 r\u00e9duire les imperfections.<br \/>\nIndication<br \/>\nPeau \u00e0 tendance acn\u00e9ique, peau grasse, peau d\u00e9shydrat\u00e9e \u00e0 cause des traitements ass\u00e9chants.<br \/>\nUtilisation<br \/>\nFaites mousser le produit avec un peu d&rsquo;eau dans la paume de votre main. Appliquez comme suit sur votre visage : Appliquez d\u00e9licatement le produit avec le bout des doigts. Commencez entre les sourcils, jusqu&rsquo;\u00e0 la base des cheveux, et r\u00e9partissez la cr\u00e8me du milieu du front jusqu&rsquo;aux tempes. Recommencez d\u00e9licatement trois fois. R\u00e9partissez-la avec la paume de vos mains, du menton au nez. Tapotez ensuite jusqu&rsquo;aux c\u00f4t\u00e9s avant de revenir au menton. Recommencez d\u00e9licatement trois fois. Rincez avec de l&rsquo;eau et s\u00e9chez en tapotant avec un essuie-main.<\/p>\n","protected":false},"excerpt":{"rendered":"<p>La cr\u00e8me lavante EFFACLAR H &#8211; Iso-biome nettoie, purifie, adoucit et aide \u00e0 hydrater la peau. Lutte contre les effets<\/p>\n","protected":false},"featured_media":12432,"comment_status":"open","ping_status":"closed","template":"","meta":[],"product_brand":[132],"product_cat":[161],"product_tag":[],"class_list":{"0":"post-12393","1":"product","2":"type-product","3":"status-publish","4":"has-post-thumbnail","6":"product_brand-la-roche-posay","7":"product_cat-hygiene-visage","9":"first","10":"instock","11":"sale","12":"shipping-taxable","13":"purchasable","14":"product-type-simple"},"yoast_head":"<!-- This site is optimized with the Yoast SEO plugin v26.6 - https:\/\/yoast.com\/wordpress\/plugins\/seo\/ -->\r\n<title>LA ROCHE POSAY EFFACLAR H ISO BIOME CREME LAVANTE 390 ML - Paracherkaoui.ma<\/title>\r\n<meta name=\"robots\" content=\"index, follow, max-snippet:-1, max-image-preview:large, max-video-preview:-1\" \/>\r\n<link rel=\"canonical\" href=\"https:\/\/paracherkaoui.ma\/index.php\/produit\/la-roche-posay-effaclar-h-iso-biome-creme-lavante-390-ml\/\" \/>\r\n<meta property=\"og:locale\" content=\"fr_FR\" \/>\r\n<meta property=\"og:type\" content=\"article\" \/>\r\n<meta property=\"og:title\" content=\"LA ROCHE POSAY EFFACLAR H ISO BIOME CREME LAVANTE 390 ML - Paracherkaoui.ma\" \/>\r\n<meta property=\"og:description\" content=\"La cr\u00e8me lavante EFFACLAR H &#8211; Iso-biome nettoie, purifie, adoucit et aide \u00e0 hydrater la peau. Lutte contre les effets\" \/>\r\n<meta property=\"og:url\" content=\"https:\/\/paracherkaoui.ma\/index.php\/produit\/la-roche-posay-effaclar-h-iso-biome-creme-lavante-390-ml\/\" \/>\r\n<meta property=\"og:site_name\" content=\"Paracherkaoui.ma\" \/>\r\n<meta property=\"article:modified_time\" content=\"2025-12-12T16:46:18+00:00\" \/>\r\n<meta property=\"og:image\" content=\"https:\/\/paracherkaoui.ma\/wp-content\/uploads\/2025\/12\/la-roche-posay-la-roche-posay-effaclar-h-iso-biome-creme-lavante-390-ml-hygiene-visage.jpg\" \/>\r\n\t<meta property=\"og:image:width\" content=\"700\" \/>\r\n\t<meta property=\"og:image:height\" content=\"700\" \/>\r\n\t<meta property=\"og:image:type\" content=\"image\/jpeg\" \/>\r\n<meta name=\"twitter:card\" content=\"summary_large_image\" \/>\r\n<meta name=\"twitter:label1\" content=\"Dur\u00e9e de lecture estim\u00e9e\" \/>\n\t<meta name=\"twitter:data1\" content=\"1 minute\" \/>\r\n<script type=\"application\/ld+json\" class=\"yoast-schema-graph\">{\"@context\":\"https:\/\/schema.org\",\"@graph\":[{\"@type\":\"WebPage\",\"@id\":\"https:\/\/paracherkaoui.ma\/index.php\/produit\/la-roche-posay-effaclar-h-iso-biome-creme-lavante-390-ml\/\",\"url\":\"https:\/\/paracherkaoui.ma\/index.php\/produit\/la-roche-posay-effaclar-h-iso-biome-creme-lavante-390-ml\/\",\"name\":\"LA ROCHE POSAY EFFACLAR H ISO BIOME CREME LAVANTE 390 ML - Paracherkaoui.ma\",\"isPartOf\":{\"@id\":\"https:\/\/paracherkaoui.ma\/#website\"},\"primaryImageOfPage\":{\"@id\":\"https:\/\/paracherkaoui.ma\/index.php\/produit\/la-roche-posay-effaclar-h-iso-biome-creme-lavante-390-ml\/#primaryimage\"},\"image\":{\"@id\":\"https:\/\/paracherkaoui.ma\/index.php\/produit\/la-roche-posay-effaclar-h-iso-biome-creme-lavante-390-ml\/#primaryimage\"},\"thumbnailUrl\":\"https:\/\/paracherkaoui.ma\/wp-content\/uploads\/2025\/12\/la-roche-posay-la-roche-posay-effaclar-h-iso-biome-creme-lavante-390-ml-hygiene-visage.jpg\",\"datePublished\":\"2025-12-12T16:46:14+00:00\",\"dateModified\":\"2025-12-12T16:46:18+00:00\",\"breadcrumb\":{\"@id\":\"https:\/\/paracherkaoui.ma\/index.php\/produit\/la-roche-posay-effaclar-h-iso-biome-creme-lavante-390-ml\/#breadcrumb\"},\"inLanguage\":\"fr-FR\",\"potentialAction\":[{\"@type\":\"ReadAction\",\"target\":[\"https:\/\/paracherkaoui.ma\/index.php\/produit\/la-roche-posay-effaclar-h-iso-biome-creme-lavante-390-ml\/\"]}]},{\"@type\":\"ImageObject\",\"inLanguage\":\"fr-FR\",\"@id\":\"https:\/\/paracherkaoui.ma\/index.php\/produit\/la-roche-posay-effaclar-h-iso-biome-creme-lavante-390-ml\/#primaryimage\",\"url\":\"https:\/\/paracherkaoui.ma\/wp-content\/uploads\/2025\/12\/la-roche-posay-la-roche-posay-effaclar-h-iso-biome-creme-lavante-390-ml-hygiene-visage.jpg\",\"contentUrl\":\"https:\/\/paracherkaoui.ma\/wp-content\/uploads\/2025\/12\/la-roche-posay-la-roche-posay-effaclar-h-iso-biome-creme-lavante-390-ml-hygiene-visage.jpg\",\"width\":700,\"height\":700},{\"@type\":\"BreadcrumbList\",\"@id\":\"https:\/\/paracherkaoui.ma\/index.php\/produit\/la-roche-posay-effaclar-h-iso-biome-creme-lavante-390-ml\/#breadcrumb\",\"itemListElement\":[{\"@type\":\"ListItem\",\"position\":1,\"name\":\"Accueil\",\"item\":\"https:\/\/paracherkaoui.ma\/\"},{\"@type\":\"ListItem\",\"position\":2,\"name\":\"Boutique\",\"item\":\"https:\/\/paracherkaoui.ma\/index.php\/boutique\/\"},{\"@type\":\"ListItem\",\"position\":3,\"name\":\"LA ROCHE POSAY EFFACLAR H ISO BIOME CREME LAVANTE 390 ML\"}]},{\"@type\":\"WebSite\",\"@id\":\"https:\/\/paracherkaoui.ma\/#website\",\"url\":\"https:\/\/paracherkaoui.ma\/\",\"name\":\"Paracherkaoui.ma\",\"description\":\"Achetez en ligne sur Paracherkaoui.ma\",\"potentialAction\":[{\"@type\":\"SearchAction\",\"target\":{\"@type\":\"EntryPoint\",\"urlTemplate\":\"https:\/\/paracherkaoui.ma\/?s={search_term_string}\"},\"query-input\":{\"@type\":\"PropertyValueSpecification\",\"valueRequired\":true,\"valueName\":\"search_term_string\"}}],\"inLanguage\":\"fr-FR\"}]}<\/script>\r\n<!-- \/ Yoast SEO plugin. -->","yoast_head_json":{"title":"LA ROCHE POSAY EFFACLAR H ISO BIOME CREME LAVANTE 390 ML - Paracherkaoui.ma","robots":{"index":"index","follow":"follow","max-snippet":"max-snippet:-1","max-image-preview":"max-image-preview:large","max-video-preview":"max-video-preview:-1"},"canonical":"https:\/\/paracherkaoui.ma\/index.php\/produit\/la-roche-posay-effaclar-h-iso-biome-creme-lavante-390-ml\/","og_locale":"fr_FR","og_type":"article","og_title":"LA ROCHE POSAY EFFACLAR H ISO BIOME CREME LAVANTE 390 ML - Paracherkaoui.ma","og_description":"La cr\u00e8me lavante EFFACLAR H &#8211; Iso-biome nettoie, purifie, adoucit et aide \u00e0 hydrater la peau. Lutte contre les effets","og_url":"https:\/\/paracherkaoui.ma\/index.php\/produit\/la-roche-posay-effaclar-h-iso-biome-creme-lavante-390-ml\/","og_site_name":"Paracherkaoui.ma","article_modified_time":"2025-12-12T16:46:18+00:00","og_image":[{"width":700,"height":700,"url":"https:\/\/paracherkaoui.ma\/wp-content\/uploads\/2025\/12\/la-roche-posay-la-roche-posay-effaclar-h-iso-biome-creme-lavante-390-ml-hygiene-visage.jpg","type":"image\/jpeg"}],"twitter_card":"summary_large_image","twitter_misc":{"Dur\u00e9e de lecture estim\u00e9e":"1 minute"},"schema":{"@context":"https:\/\/schema.org","@graph":[{"@type":"WebPage","@id":"https:\/\/paracherkaoui.ma\/index.php\/produit\/la-roche-posay-effaclar-h-iso-biome-creme-lavante-390-ml\/","url":"https:\/\/paracherkaoui.ma\/index.php\/produit\/la-roche-posay-effaclar-h-iso-biome-creme-lavante-390-ml\/","name":"LA ROCHE POSAY EFFACLAR H ISO BIOME CREME LAVANTE 390 ML - Paracherkaoui.ma","isPartOf":{"@id":"https:\/\/paracherkaoui.ma\/#website"},"primaryImageOfPage":{"@id":"https:\/\/paracherkaoui.ma\/index.php\/produit\/la-roche-posay-effaclar-h-iso-biome-creme-lavante-390-ml\/#primaryimage"},"image":{"@id":"https:\/\/paracherkaoui.ma\/index.php\/produit\/la-roche-posay-effaclar-h-iso-biome-creme-lavante-390-ml\/#primaryimage"},"thumbnailUrl":"https:\/\/paracherkaoui.ma\/wp-content\/uploads\/2025\/12\/la-roche-posay-la-roche-posay-effaclar-h-iso-biome-creme-lavante-390-ml-hygiene-visage.jpg","datePublished":"2025-12-12T16:46:14+00:00","dateModified":"2025-12-12T16:46:18+00:00","breadcrumb":{"@id":"https:\/\/paracherkaoui.ma\/index.php\/produit\/la-roche-posay-effaclar-h-iso-biome-creme-lavante-390-ml\/#breadcrumb"},"inLanguage":"fr-FR","potentialAction":[{"@type":"ReadAction","target":["https:\/\/paracherkaoui.ma\/index.php\/produit\/la-roche-posay-effaclar-h-iso-biome-creme-lavante-390-ml\/"]}]},{"@type":"ImageObject","inLanguage":"fr-FR","@id":"https:\/\/paracherkaoui.ma\/index.php\/produit\/la-roche-posay-effaclar-h-iso-biome-creme-lavante-390-ml\/#primaryimage","url":"https:\/\/paracherkaoui.ma\/wp-content\/uploads\/2025\/12\/la-roche-posay-la-roche-posay-effaclar-h-iso-biome-creme-lavante-390-ml-hygiene-visage.jpg","contentUrl":"https:\/\/paracherkaoui.ma\/wp-content\/uploads\/2025\/12\/la-roche-posay-la-roche-posay-effaclar-h-iso-biome-creme-lavante-390-ml-hygiene-visage.jpg","width":700,"height":700},{"@type":"BreadcrumbList","@id":"https:\/\/paracherkaoui.ma\/index.php\/produit\/la-roche-posay-effaclar-h-iso-biome-creme-lavante-390-ml\/#breadcrumb","itemListElement":[{"@type":"ListItem","position":1,"name":"Accueil","item":"https:\/\/paracherkaoui.ma\/"},{"@type":"ListItem","position":2,"name":"Boutique","item":"https:\/\/paracherkaoui.ma\/index.php\/boutique\/"},{"@type":"ListItem","position":3,"name":"LA ROCHE POSAY EFFACLAR H ISO BIOME CREME LAVANTE 390 ML"}]},{"@type":"WebSite","@id":"https:\/\/paracherkaoui.ma\/#website","url":"https:\/\/paracherkaoui.ma\/","name":"Paracherkaoui.ma","description":"Achetez en ligne sur Paracherkaoui.ma","potentialAction":[{"@type":"SearchAction","target":{"@type":"EntryPoint","urlTemplate":"https:\/\/paracherkaoui.ma\/?s={search_term_string}"},"query-input":{"@type":"PropertyValueSpecification","valueRequired":true,"valueName":"search_term_string"}}],"inLanguage":"fr-FR"}]}},"_links":{"self":[{"href":"https:\/\/paracherkaoui.ma\/index.php\/wp-json\/wp\/v2\/product\/12393","targetHints":{"allow":["GET"]}}],"collection":[{"href":"https:\/\/paracherkaoui.ma\/index.php\/wp-json\/wp\/v2\/product"}],"about":[{"href":"https:\/\/paracherkaoui.ma\/index.php\/wp-json\/wp\/v2\/types\/product"}],"replies":[{"embeddable":true,"href":"https:\/\/paracherkaoui.ma\/index.php\/wp-json\/wp\/v2\/comments?post=12393"}],"version-history":[{"count":1,"href":"https:\/\/paracherkaoui.ma\/index.php\/wp-json\/wp\/v2\/product\/12393\/revisions"}],"predecessor-version":[{"id":12433,"href":"https:\/\/paracherkaoui.ma\/index.php\/wp-json\/wp\/v2\/product\/12393\/revisions\/12433"}],"wp:featuredmedia":[{"embeddable":true,"href":"https:\/\/paracherkaoui.ma\/index.php\/wp-json\/wp\/v2\/media\/12432"}],"wp:attachment":[{"href":"https:\/\/paracherkaoui.ma\/index.php\/wp-json\/wp\/v2\/media?parent=12393"}],"wp:term":[{"taxonomy":"product_brand","embeddable":true,"href":"https:\/\/paracherkaoui.ma\/index.php\/wp-json\/wp\/v2\/product_brand?post=12393"},{"taxonomy":"product_cat","embeddable":true,"href":"https:\/\/paracherkaoui.ma\/index.php\/wp-json\/wp\/v2\/product_cat?post=12393"},{"taxonomy":"product_tag","embeddable":true,"href":"https:\/\/paracherkaoui.ma\/index.php\/wp-json\/wp\/v2\/product_tag?post=12393"}],"curies":[{"name":"wp","href":"https:\/\/api.w.org\/{rel}","templated":true}]}}