{"id":12388,"date":"2025-12-12T17:46:14","date_gmt":"2025-12-12T16:46:14","guid":{"rendered":"https:\/\/test.ecbeaute.com\/?post_type=product&#038;p=12388"},"modified":"2025-12-12T17:46:17","modified_gmt":"2025-12-12T16:46:17","slug":"avene-gelee-gommante-douceur-75-ml","status":"publish","type":"product","link":"https:\/\/paracherkaoui.ma\/index.php\/produit\/avene-gelee-gommante-douceur-75-ml\/","title":{"rendered":"AVENE GELEE GOMMANTE DOUCEUR 75 ML"},"content":{"rendered":"<p>Ce soin douceur \u00e0 base d&rsquo;Eau thermale d&rsquo;Av\u00e8ne, apaisante et anti-irritante, apporte une sensation de confort imm\u00e9diat. Sa formule biod\u00e9gradable* respectueuse des peaux sensibles et de l&rsquo;environnement contient des microbilles de cellulose et de cire de jojoba, pour \u00e9liminer en douceur les peaux mortes. Le niacinamide et le salicylate de sodium compl\u00e8tent l&rsquo;exfoliation m\u00e9canique des microbilles, tout en purifiant la peau, pour un effet peeling. Le grain de peau est affin\u00e9, la peau plus \u00e9clatante. Convient \u00e0 tous types de peaux, et plus particuli\u00e8rement aux peaux sensibles.*Selon la norme OECD301B.<br \/>\nLes bienfaits :<br \/>\n\u2022 EXFOLIE, contient des microbilles de cellulose et de cire de jojoba.<br \/>\n\u2022 PURIFIE gr\u00e2ce \u00e0 son effet peeling.<br \/>\n\u2022 APAISE gr\u00e2ce aux propri\u00e9t\u00e9s de l\u2019Eau thermale d\u2019Av\u00e8ne.<br \/>\nConseils d&rsquo;utilisation :<br \/>\nAppliquez la Gel\u00e9e gommante douceur sur une peau humidifi\u00e9e, massez d\u00e9licatement du bout des doigts puis rincez.<br \/>\nTerminez par une pulv\u00e9risation ou une compresse d&rsquo;Eau Thermale Av\u00e8ne pour plus de douceur.<\/p>\n","protected":false},"excerpt":{"rendered":"<p>Ce soin douceur \u00e0 base d&rsquo;Eau thermale d&rsquo;Av\u00e8ne, apaisante et anti-irritante, apporte une sensation de confort imm\u00e9diat. Sa formule biod\u00e9gradable*<\/p>\n","protected":false},"featured_media":12423,"comment_status":"open","ping_status":"closed","template":"","meta":[],"product_brand":[136],"product_cat":[161],"product_tag":[],"class_list":{"0":"post-12388","1":"product","2":"type-product","3":"status-publish","4":"has-post-thumbnail","6":"product_brand-avene","7":"product_cat-hygiene-visage","9":"first","10":"instock","11":"sale","12":"shipping-taxable","13":"purchasable","14":"product-type-simple"},"yoast_head":"<!-- This site is optimized with the Yoast SEO plugin v26.6 - https:\/\/yoast.com\/wordpress\/plugins\/seo\/ -->\r\n<title>AVENE GELEE GOMMANTE DOUCEUR 75 ML - Paracherkaoui.ma<\/title>\r\n<meta name=\"robots\" content=\"index, follow, max-snippet:-1, max-image-preview:large, max-video-preview:-1\" \/>\r\n<link rel=\"canonical\" href=\"https:\/\/paracherkaoui.ma\/index.php\/produit\/avene-gelee-gommante-douceur-75-ml\/\" \/>\r\n<meta property=\"og:locale\" content=\"fr_FR\" \/>\r\n<meta property=\"og:type\" content=\"article\" \/>\r\n<meta property=\"og:title\" content=\"AVENE GELEE GOMMANTE DOUCEUR 75 ML - Paracherkaoui.ma\" \/>\r\n<meta property=\"og:description\" content=\"Ce soin douceur \u00e0 base d&rsquo;Eau thermale d&rsquo;Av\u00e8ne, apaisante et anti-irritante, apporte une sensation de confort imm\u00e9diat. Sa formule biod\u00e9gradable*\" \/>\r\n<meta property=\"og:url\" content=\"https:\/\/paracherkaoui.ma\/index.php\/produit\/avene-gelee-gommante-douceur-75-ml\/\" \/>\r\n<meta property=\"og:site_name\" content=\"Paracherkaoui.ma\" \/>\r\n<meta property=\"article:modified_time\" content=\"2025-12-12T16:46:17+00:00\" \/>\r\n<meta property=\"og:image\" content=\"https:\/\/paracherkaoui.ma\/wp-content\/uploads\/2025\/12\/avene-avene-gelee-gommante-douceur-75-ml-gommages-visage.jpg\" \/>\r\n\t<meta property=\"og:image:width\" content=\"700\" \/>\r\n\t<meta property=\"og:image:height\" content=\"700\" \/>\r\n\t<meta property=\"og:image:type\" content=\"image\/jpeg\" \/>\r\n<meta name=\"twitter:card\" content=\"summary_large_image\" \/>\r\n<meta name=\"twitter:label1\" content=\"Dur\u00e9e de lecture estim\u00e9e\" \/>\n\t<meta name=\"twitter:data1\" content=\"1 minute\" \/>\r\n<script type=\"application\/ld+json\" class=\"yoast-schema-graph\">{\"@context\":\"https:\/\/schema.org\",\"@graph\":[{\"@type\":\"WebPage\",\"@id\":\"https:\/\/paracherkaoui.ma\/index.php\/produit\/avene-gelee-gommante-douceur-75-ml\/\",\"url\":\"https:\/\/paracherkaoui.ma\/index.php\/produit\/avene-gelee-gommante-douceur-75-ml\/\",\"name\":\"AVENE GELEE GOMMANTE DOUCEUR 75 ML - Paracherkaoui.ma\",\"isPartOf\":{\"@id\":\"https:\/\/paracherkaoui.ma\/#website\"},\"primaryImageOfPage\":{\"@id\":\"https:\/\/paracherkaoui.ma\/index.php\/produit\/avene-gelee-gommante-douceur-75-ml\/#primaryimage\"},\"image\":{\"@id\":\"https:\/\/paracherkaoui.ma\/index.php\/produit\/avene-gelee-gommante-douceur-75-ml\/#primaryimage\"},\"thumbnailUrl\":\"https:\/\/paracherkaoui.ma\/wp-content\/uploads\/2025\/12\/avene-avene-gelee-gommante-douceur-75-ml-gommages-visage.jpg\",\"datePublished\":\"2025-12-12T16:46:14+00:00\",\"dateModified\":\"2025-12-12T16:46:17+00:00\",\"breadcrumb\":{\"@id\":\"https:\/\/paracherkaoui.ma\/index.php\/produit\/avene-gelee-gommante-douceur-75-ml\/#breadcrumb\"},\"inLanguage\":\"fr-FR\",\"potentialAction\":[{\"@type\":\"ReadAction\",\"target\":[\"https:\/\/paracherkaoui.ma\/index.php\/produit\/avene-gelee-gommante-douceur-75-ml\/\"]}]},{\"@type\":\"ImageObject\",\"inLanguage\":\"fr-FR\",\"@id\":\"https:\/\/paracherkaoui.ma\/index.php\/produit\/avene-gelee-gommante-douceur-75-ml\/#primaryimage\",\"url\":\"https:\/\/paracherkaoui.ma\/wp-content\/uploads\/2025\/12\/avene-avene-gelee-gommante-douceur-75-ml-gommages-visage.jpg\",\"contentUrl\":\"https:\/\/paracherkaoui.ma\/wp-content\/uploads\/2025\/12\/avene-avene-gelee-gommante-douceur-75-ml-gommages-visage.jpg\",\"width\":700,\"height\":700},{\"@type\":\"BreadcrumbList\",\"@id\":\"https:\/\/paracherkaoui.ma\/index.php\/produit\/avene-gelee-gommante-douceur-75-ml\/#breadcrumb\",\"itemListElement\":[{\"@type\":\"ListItem\",\"position\":1,\"name\":\"Accueil\",\"item\":\"https:\/\/paracherkaoui.ma\/\"},{\"@type\":\"ListItem\",\"position\":2,\"name\":\"Boutique\",\"item\":\"https:\/\/paracherkaoui.ma\/index.php\/boutique\/\"},{\"@type\":\"ListItem\",\"position\":3,\"name\":\"AVENE GELEE GOMMANTE DOUCEUR 75 ML\"}]},{\"@type\":\"WebSite\",\"@id\":\"https:\/\/paracherkaoui.ma\/#website\",\"url\":\"https:\/\/paracherkaoui.ma\/\",\"name\":\"Paracherkaoui.ma\",\"description\":\"Achetez en ligne sur Paracherkaoui.ma\",\"potentialAction\":[{\"@type\":\"SearchAction\",\"target\":{\"@type\":\"EntryPoint\",\"urlTemplate\":\"https:\/\/paracherkaoui.ma\/?s={search_term_string}\"},\"query-input\":{\"@type\":\"PropertyValueSpecification\",\"valueRequired\":true,\"valueName\":\"search_term_string\"}}],\"inLanguage\":\"fr-FR\"}]}<\/script>\r\n<!-- \/ Yoast SEO plugin. -->","yoast_head_json":{"title":"AVENE GELEE GOMMANTE DOUCEUR 75 ML - Paracherkaoui.ma","robots":{"index":"index","follow":"follow","max-snippet":"max-snippet:-1","max-image-preview":"max-image-preview:large","max-video-preview":"max-video-preview:-1"},"canonical":"https:\/\/paracherkaoui.ma\/index.php\/produit\/avene-gelee-gommante-douceur-75-ml\/","og_locale":"fr_FR","og_type":"article","og_title":"AVENE GELEE GOMMANTE DOUCEUR 75 ML - Paracherkaoui.ma","og_description":"Ce soin douceur \u00e0 base d&rsquo;Eau thermale d&rsquo;Av\u00e8ne, apaisante et anti-irritante, apporte une sensation de confort imm\u00e9diat. Sa formule biod\u00e9gradable*","og_url":"https:\/\/paracherkaoui.ma\/index.php\/produit\/avene-gelee-gommante-douceur-75-ml\/","og_site_name":"Paracherkaoui.ma","article_modified_time":"2025-12-12T16:46:17+00:00","og_image":[{"width":700,"height":700,"url":"https:\/\/paracherkaoui.ma\/wp-content\/uploads\/2025\/12\/avene-avene-gelee-gommante-douceur-75-ml-gommages-visage.jpg","type":"image\/jpeg"}],"twitter_card":"summary_large_image","twitter_misc":{"Dur\u00e9e de lecture estim\u00e9e":"1 minute"},"schema":{"@context":"https:\/\/schema.org","@graph":[{"@type":"WebPage","@id":"https:\/\/paracherkaoui.ma\/index.php\/produit\/avene-gelee-gommante-douceur-75-ml\/","url":"https:\/\/paracherkaoui.ma\/index.php\/produit\/avene-gelee-gommante-douceur-75-ml\/","name":"AVENE GELEE GOMMANTE DOUCEUR 75 ML - Paracherkaoui.ma","isPartOf":{"@id":"https:\/\/paracherkaoui.ma\/#website"},"primaryImageOfPage":{"@id":"https:\/\/paracherkaoui.ma\/index.php\/produit\/avene-gelee-gommante-douceur-75-ml\/#primaryimage"},"image":{"@id":"https:\/\/paracherkaoui.ma\/index.php\/produit\/avene-gelee-gommante-douceur-75-ml\/#primaryimage"},"thumbnailUrl":"https:\/\/paracherkaoui.ma\/wp-content\/uploads\/2025\/12\/avene-avene-gelee-gommante-douceur-75-ml-gommages-visage.jpg","datePublished":"2025-12-12T16:46:14+00:00","dateModified":"2025-12-12T16:46:17+00:00","breadcrumb":{"@id":"https:\/\/paracherkaoui.ma\/index.php\/produit\/avene-gelee-gommante-douceur-75-ml\/#breadcrumb"},"inLanguage":"fr-FR","potentialAction":[{"@type":"ReadAction","target":["https:\/\/paracherkaoui.ma\/index.php\/produit\/avene-gelee-gommante-douceur-75-ml\/"]}]},{"@type":"ImageObject","inLanguage":"fr-FR","@id":"https:\/\/paracherkaoui.ma\/index.php\/produit\/avene-gelee-gommante-douceur-75-ml\/#primaryimage","url":"https:\/\/paracherkaoui.ma\/wp-content\/uploads\/2025\/12\/avene-avene-gelee-gommante-douceur-75-ml-gommages-visage.jpg","contentUrl":"https:\/\/paracherkaoui.ma\/wp-content\/uploads\/2025\/12\/avene-avene-gelee-gommante-douceur-75-ml-gommages-visage.jpg","width":700,"height":700},{"@type":"BreadcrumbList","@id":"https:\/\/paracherkaoui.ma\/index.php\/produit\/avene-gelee-gommante-douceur-75-ml\/#breadcrumb","itemListElement":[{"@type":"ListItem","position":1,"name":"Accueil","item":"https:\/\/paracherkaoui.ma\/"},{"@type":"ListItem","position":2,"name":"Boutique","item":"https:\/\/paracherkaoui.ma\/index.php\/boutique\/"},{"@type":"ListItem","position":3,"name":"AVENE GELEE GOMMANTE DOUCEUR 75 ML"}]},{"@type":"WebSite","@id":"https:\/\/paracherkaoui.ma\/#website","url":"https:\/\/paracherkaoui.ma\/","name":"Paracherkaoui.ma","description":"Achetez en ligne sur Paracherkaoui.ma","potentialAction":[{"@type":"SearchAction","target":{"@type":"EntryPoint","urlTemplate":"https:\/\/paracherkaoui.ma\/?s={search_term_string}"},"query-input":{"@type":"PropertyValueSpecification","valueRequired":true,"valueName":"search_term_string"}}],"inLanguage":"fr-FR"}]}},"_links":{"self":[{"href":"https:\/\/paracherkaoui.ma\/index.php\/wp-json\/wp\/v2\/product\/12388","targetHints":{"allow":["GET"]}}],"collection":[{"href":"https:\/\/paracherkaoui.ma\/index.php\/wp-json\/wp\/v2\/product"}],"about":[{"href":"https:\/\/paracherkaoui.ma\/index.php\/wp-json\/wp\/v2\/types\/product"}],"replies":[{"embeddable":true,"href":"https:\/\/paracherkaoui.ma\/index.php\/wp-json\/wp\/v2\/comments?post=12388"}],"version-history":[{"count":1,"href":"https:\/\/paracherkaoui.ma\/index.php\/wp-json\/wp\/v2\/product\/12388\/revisions"}],"predecessor-version":[{"id":12424,"href":"https:\/\/paracherkaoui.ma\/index.php\/wp-json\/wp\/v2\/product\/12388\/revisions\/12424"}],"wp:featuredmedia":[{"embeddable":true,"href":"https:\/\/paracherkaoui.ma\/index.php\/wp-json\/wp\/v2\/media\/12423"}],"wp:attachment":[{"href":"https:\/\/paracherkaoui.ma\/index.php\/wp-json\/wp\/v2\/media?parent=12388"}],"wp:term":[{"taxonomy":"product_brand","embeddable":true,"href":"https:\/\/paracherkaoui.ma\/index.php\/wp-json\/wp\/v2\/product_brand?post=12388"},{"taxonomy":"product_cat","embeddable":true,"href":"https:\/\/paracherkaoui.ma\/index.php\/wp-json\/wp\/v2\/product_cat?post=12388"},{"taxonomy":"product_tag","embeddable":true,"href":"https:\/\/paracherkaoui.ma\/index.php\/wp-json\/wp\/v2\/product_tag?post=12388"}],"curies":[{"name":"wp","href":"https:\/\/api.w.org\/{rel}","templated":true}]}}