{"id":12380,"date":"2025-12-12T17:46:13","date_gmt":"2025-12-12T16:46:13","guid":{"rendered":"https:\/\/test.ecbeaute.com\/?post_type=product&#038;p=12380"},"modified":"2025-12-12T17:46:16","modified_gmt":"2025-12-12T16:46:16","slug":"isdin-isdinceutics-essential-cleansing-200-ml","status":"publish","type":"product","link":"https:\/\/paracherkaoui.ma\/index.php\/produit\/isdin-isdinceutics-essential-cleansing-200-ml\/","title":{"rendered":"ISDIN ISDINCEUTICS ESSENTIAL CLEANSING 200 ML"},"content":{"rendered":"<p>Ingr\u00e9dients cl\u00e9s<br \/>\nHuile de tournesol (Helianthus Annuus Seed Oil) : riche en om\u00e9ga 6 et 9, elle poss\u00e8de des propri\u00e9t\u00e9s r\u00e9g\u00e9n\u00e9rantes qui renforcent la fonction barri\u00e8re de la peau.<br \/>\nHuile d&rsquo;olive (Olea Europaea Fruit Oil) : aux bienfaits nourrissants et antioxydants, elle prot\u00e8ge et r\u00e9g\u00e9n\u00e8re la peau.<br \/>\nSclareolide (extrait de sauge sclar\u00e9e) : aide \u00e0 pr\u00e9venir les taches sombres et rend la peau plus lumineuse.<br \/>\nConseils d&rsquo;utilisation<br \/>\nApplication : Appliquez 2 \u00e0 3 pressions d&rsquo;huile sur vos mains s\u00e8ches.<br \/>\nMassage : \u00c9talez l&rsquo;huile en mouvements circulaires sur l&rsquo;ensemble du visage sec. Pour d\u00e9maquiller les paupi\u00e8res et les cils, utilisez le bout des doigts et frottez doucement, toujours les yeux ferm\u00e9s, de haut en bas.<br \/>\n\u00c9mulsion : Humidifiez la peau avec de l&rsquo;eau ti\u00e8de et massez jusqu&rsquo;\u00e0 ce que l&rsquo;huile se transforme en une \u00e9mulsion l\u00e9g\u00e8re.<br \/>\nRin\u00e7age : Rincez le visage \u00e0 l&rsquo;eau ti\u00e8de et s\u00e9chez d\u00e9licatement avec une serviette propre.<br \/>\nInt\u00e9grez Isdinceutics Essential Cleansing \u00e0 votre routine quotidienne pour une peau nettoy\u00e9e en profondeur, hydrat\u00e9e et \u00e9clatante de sant\u00e9. Convient \u00e0 tous les types de peau, y compris les peaux sensibles.<br \/>\nComposition<br \/>\nHuile de graines d&rsquo;Helianthus Annuus (tournesol), myristate d&rsquo;isopropyle, triglyc\u00e9ride caprylique\/caprique, palmitate d&rsquo;\u00e9thylhexyle, triisost\u00e9arate de glyc\u00e9ryle PEG-20, huile de fruit d&rsquo;Olea Europaea (olive), parfum (parfum), tocoph\u00e9rol, sclar\u00e9olide.<\/p>\n","protected":false},"excerpt":{"rendered":"<p>Ingr\u00e9dients cl\u00e9s Huile de tournesol (Helianthus Annuus Seed Oil) : riche en om\u00e9ga 6 et 9, elle poss\u00e8de des propri\u00e9t\u00e9s<\/p>\n","protected":false},"featured_media":12411,"comment_status":"open","ping_status":"closed","template":"","meta":[],"product_brand":[135],"product_cat":[161],"product_tag":[],"class_list":{"0":"post-12380","1":"product","2":"type-product","3":"status-publish","4":"has-post-thumbnail","6":"product_brand-isdin","7":"product_cat-hygiene-visage","9":"first","10":"instock","11":"sale","12":"shipping-taxable","13":"purchasable","14":"product-type-simple"},"yoast_head":"<!-- This site is optimized with the Yoast SEO plugin v26.6 - https:\/\/yoast.com\/wordpress\/plugins\/seo\/ -->\r\n<title>ISDIN ISDINCEUTICS ESSENTIAL CLEANSING 200 ML - Paracherkaoui.ma<\/title>\r\n<meta name=\"robots\" content=\"index, follow, max-snippet:-1, max-image-preview:large, max-video-preview:-1\" \/>\r\n<link rel=\"canonical\" href=\"https:\/\/paracherkaoui.ma\/index.php\/produit\/isdin-isdinceutics-essential-cleansing-200-ml\/\" \/>\r\n<meta property=\"og:locale\" content=\"fr_FR\" \/>\r\n<meta property=\"og:type\" content=\"article\" \/>\r\n<meta property=\"og:title\" content=\"ISDIN ISDINCEUTICS ESSENTIAL CLEANSING 200 ML - Paracherkaoui.ma\" \/>\r\n<meta property=\"og:description\" content=\"Ingr\u00e9dients cl\u00e9s Huile de tournesol (Helianthus Annuus Seed Oil) : riche en om\u00e9ga 6 et 9, elle poss\u00e8de des propri\u00e9t\u00e9s\" \/>\r\n<meta property=\"og:url\" content=\"https:\/\/paracherkaoui.ma\/index.php\/produit\/isdin-isdinceutics-essential-cleansing-200-ml\/\" \/>\r\n<meta property=\"og:site_name\" content=\"Paracherkaoui.ma\" \/>\r\n<meta property=\"article:modified_time\" content=\"2025-12-12T16:46:16+00:00\" \/>\r\n<meta property=\"og:image\" content=\"https:\/\/paracherkaoui.ma\/wp-content\/uploads\/2025\/12\/isdin-isdin-isdinceutics-essential-cleansing-200-ml-visage.jpg\" \/>\r\n\t<meta property=\"og:image:width\" content=\"700\" \/>\r\n\t<meta property=\"og:image:height\" content=\"700\" \/>\r\n\t<meta property=\"og:image:type\" content=\"image\/jpeg\" \/>\r\n<meta name=\"twitter:card\" content=\"summary_large_image\" \/>\r\n<meta name=\"twitter:label1\" content=\"Dur\u00e9e de lecture estim\u00e9e\" \/>\n\t<meta name=\"twitter:data1\" content=\"1 minute\" \/>\r\n<script type=\"application\/ld+json\" class=\"yoast-schema-graph\">{\"@context\":\"https:\/\/schema.org\",\"@graph\":[{\"@type\":\"WebPage\",\"@id\":\"https:\/\/paracherkaoui.ma\/index.php\/produit\/isdin-isdinceutics-essential-cleansing-200-ml\/\",\"url\":\"https:\/\/paracherkaoui.ma\/index.php\/produit\/isdin-isdinceutics-essential-cleansing-200-ml\/\",\"name\":\"ISDIN ISDINCEUTICS ESSENTIAL CLEANSING 200 ML - Paracherkaoui.ma\",\"isPartOf\":{\"@id\":\"https:\/\/paracherkaoui.ma\/#website\"},\"primaryImageOfPage\":{\"@id\":\"https:\/\/paracherkaoui.ma\/index.php\/produit\/isdin-isdinceutics-essential-cleansing-200-ml\/#primaryimage\"},\"image\":{\"@id\":\"https:\/\/paracherkaoui.ma\/index.php\/produit\/isdin-isdinceutics-essential-cleansing-200-ml\/#primaryimage\"},\"thumbnailUrl\":\"https:\/\/paracherkaoui.ma\/wp-content\/uploads\/2025\/12\/isdin-isdin-isdinceutics-essential-cleansing-200-ml-visage.jpg\",\"datePublished\":\"2025-12-12T16:46:13+00:00\",\"dateModified\":\"2025-12-12T16:46:16+00:00\",\"breadcrumb\":{\"@id\":\"https:\/\/paracherkaoui.ma\/index.php\/produit\/isdin-isdinceutics-essential-cleansing-200-ml\/#breadcrumb\"},\"inLanguage\":\"fr-FR\",\"potentialAction\":[{\"@type\":\"ReadAction\",\"target\":[\"https:\/\/paracherkaoui.ma\/index.php\/produit\/isdin-isdinceutics-essential-cleansing-200-ml\/\"]}]},{\"@type\":\"ImageObject\",\"inLanguage\":\"fr-FR\",\"@id\":\"https:\/\/paracherkaoui.ma\/index.php\/produit\/isdin-isdinceutics-essential-cleansing-200-ml\/#primaryimage\",\"url\":\"https:\/\/paracherkaoui.ma\/wp-content\/uploads\/2025\/12\/isdin-isdin-isdinceutics-essential-cleansing-200-ml-visage.jpg\",\"contentUrl\":\"https:\/\/paracherkaoui.ma\/wp-content\/uploads\/2025\/12\/isdin-isdin-isdinceutics-essential-cleansing-200-ml-visage.jpg\",\"width\":700,\"height\":700},{\"@type\":\"BreadcrumbList\",\"@id\":\"https:\/\/paracherkaoui.ma\/index.php\/produit\/isdin-isdinceutics-essential-cleansing-200-ml\/#breadcrumb\",\"itemListElement\":[{\"@type\":\"ListItem\",\"position\":1,\"name\":\"Accueil\",\"item\":\"https:\/\/paracherkaoui.ma\/\"},{\"@type\":\"ListItem\",\"position\":2,\"name\":\"Boutique\",\"item\":\"https:\/\/paracherkaoui.ma\/index.php\/boutique\/\"},{\"@type\":\"ListItem\",\"position\":3,\"name\":\"ISDIN ISDINCEUTICS ESSENTIAL CLEANSING 200 ML\"}]},{\"@type\":\"WebSite\",\"@id\":\"https:\/\/paracherkaoui.ma\/#website\",\"url\":\"https:\/\/paracherkaoui.ma\/\",\"name\":\"Paracherkaoui.ma\",\"description\":\"Achetez en ligne sur Paracherkaoui.ma\",\"potentialAction\":[{\"@type\":\"SearchAction\",\"target\":{\"@type\":\"EntryPoint\",\"urlTemplate\":\"https:\/\/paracherkaoui.ma\/?s={search_term_string}\"},\"query-input\":{\"@type\":\"PropertyValueSpecification\",\"valueRequired\":true,\"valueName\":\"search_term_string\"}}],\"inLanguage\":\"fr-FR\"}]}<\/script>\r\n<!-- \/ Yoast SEO plugin. -->","yoast_head_json":{"title":"ISDIN ISDINCEUTICS ESSENTIAL CLEANSING 200 ML - Paracherkaoui.ma","robots":{"index":"index","follow":"follow","max-snippet":"max-snippet:-1","max-image-preview":"max-image-preview:large","max-video-preview":"max-video-preview:-1"},"canonical":"https:\/\/paracherkaoui.ma\/index.php\/produit\/isdin-isdinceutics-essential-cleansing-200-ml\/","og_locale":"fr_FR","og_type":"article","og_title":"ISDIN ISDINCEUTICS ESSENTIAL CLEANSING 200 ML - Paracherkaoui.ma","og_description":"Ingr\u00e9dients cl\u00e9s Huile de tournesol (Helianthus Annuus Seed Oil) : riche en om\u00e9ga 6 et 9, elle poss\u00e8de des propri\u00e9t\u00e9s","og_url":"https:\/\/paracherkaoui.ma\/index.php\/produit\/isdin-isdinceutics-essential-cleansing-200-ml\/","og_site_name":"Paracherkaoui.ma","article_modified_time":"2025-12-12T16:46:16+00:00","og_image":[{"width":700,"height":700,"url":"https:\/\/paracherkaoui.ma\/wp-content\/uploads\/2025\/12\/isdin-isdin-isdinceutics-essential-cleansing-200-ml-visage.jpg","type":"image\/jpeg"}],"twitter_card":"summary_large_image","twitter_misc":{"Dur\u00e9e de lecture estim\u00e9e":"1 minute"},"schema":{"@context":"https:\/\/schema.org","@graph":[{"@type":"WebPage","@id":"https:\/\/paracherkaoui.ma\/index.php\/produit\/isdin-isdinceutics-essential-cleansing-200-ml\/","url":"https:\/\/paracherkaoui.ma\/index.php\/produit\/isdin-isdinceutics-essential-cleansing-200-ml\/","name":"ISDIN ISDINCEUTICS ESSENTIAL CLEANSING 200 ML - Paracherkaoui.ma","isPartOf":{"@id":"https:\/\/paracherkaoui.ma\/#website"},"primaryImageOfPage":{"@id":"https:\/\/paracherkaoui.ma\/index.php\/produit\/isdin-isdinceutics-essential-cleansing-200-ml\/#primaryimage"},"image":{"@id":"https:\/\/paracherkaoui.ma\/index.php\/produit\/isdin-isdinceutics-essential-cleansing-200-ml\/#primaryimage"},"thumbnailUrl":"https:\/\/paracherkaoui.ma\/wp-content\/uploads\/2025\/12\/isdin-isdin-isdinceutics-essential-cleansing-200-ml-visage.jpg","datePublished":"2025-12-12T16:46:13+00:00","dateModified":"2025-12-12T16:46:16+00:00","breadcrumb":{"@id":"https:\/\/paracherkaoui.ma\/index.php\/produit\/isdin-isdinceutics-essential-cleansing-200-ml\/#breadcrumb"},"inLanguage":"fr-FR","potentialAction":[{"@type":"ReadAction","target":["https:\/\/paracherkaoui.ma\/index.php\/produit\/isdin-isdinceutics-essential-cleansing-200-ml\/"]}]},{"@type":"ImageObject","inLanguage":"fr-FR","@id":"https:\/\/paracherkaoui.ma\/index.php\/produit\/isdin-isdinceutics-essential-cleansing-200-ml\/#primaryimage","url":"https:\/\/paracherkaoui.ma\/wp-content\/uploads\/2025\/12\/isdin-isdin-isdinceutics-essential-cleansing-200-ml-visage.jpg","contentUrl":"https:\/\/paracherkaoui.ma\/wp-content\/uploads\/2025\/12\/isdin-isdin-isdinceutics-essential-cleansing-200-ml-visage.jpg","width":700,"height":700},{"@type":"BreadcrumbList","@id":"https:\/\/paracherkaoui.ma\/index.php\/produit\/isdin-isdinceutics-essential-cleansing-200-ml\/#breadcrumb","itemListElement":[{"@type":"ListItem","position":1,"name":"Accueil","item":"https:\/\/paracherkaoui.ma\/"},{"@type":"ListItem","position":2,"name":"Boutique","item":"https:\/\/paracherkaoui.ma\/index.php\/boutique\/"},{"@type":"ListItem","position":3,"name":"ISDIN ISDINCEUTICS ESSENTIAL CLEANSING 200 ML"}]},{"@type":"WebSite","@id":"https:\/\/paracherkaoui.ma\/#website","url":"https:\/\/paracherkaoui.ma\/","name":"Paracherkaoui.ma","description":"Achetez en ligne sur Paracherkaoui.ma","potentialAction":[{"@type":"SearchAction","target":{"@type":"EntryPoint","urlTemplate":"https:\/\/paracherkaoui.ma\/?s={search_term_string}"},"query-input":{"@type":"PropertyValueSpecification","valueRequired":true,"valueName":"search_term_string"}}],"inLanguage":"fr-FR"}]}},"_links":{"self":[{"href":"https:\/\/paracherkaoui.ma\/index.php\/wp-json\/wp\/v2\/product\/12380","targetHints":{"allow":["GET"]}}],"collection":[{"href":"https:\/\/paracherkaoui.ma\/index.php\/wp-json\/wp\/v2\/product"}],"about":[{"href":"https:\/\/paracherkaoui.ma\/index.php\/wp-json\/wp\/v2\/types\/product"}],"replies":[{"embeddable":true,"href":"https:\/\/paracherkaoui.ma\/index.php\/wp-json\/wp\/v2\/comments?post=12380"}],"version-history":[{"count":1,"href":"https:\/\/paracherkaoui.ma\/index.php\/wp-json\/wp\/v2\/product\/12380\/revisions"}],"predecessor-version":[{"id":12412,"href":"https:\/\/paracherkaoui.ma\/index.php\/wp-json\/wp\/v2\/product\/12380\/revisions\/12412"}],"wp:featuredmedia":[{"embeddable":true,"href":"https:\/\/paracherkaoui.ma\/index.php\/wp-json\/wp\/v2\/media\/12411"}],"wp:attachment":[{"href":"https:\/\/paracherkaoui.ma\/index.php\/wp-json\/wp\/v2\/media?parent=12380"}],"wp:term":[{"taxonomy":"product_brand","embeddable":true,"href":"https:\/\/paracherkaoui.ma\/index.php\/wp-json\/wp\/v2\/product_brand?post=12380"},{"taxonomy":"product_cat","embeddable":true,"href":"https:\/\/paracherkaoui.ma\/index.php\/wp-json\/wp\/v2\/product_cat?post=12380"},{"taxonomy":"product_tag","embeddable":true,"href":"https:\/\/paracherkaoui.ma\/index.php\/wp-json\/wp\/v2\/product_tag?post=12380"}],"curies":[{"name":"wp","href":"https:\/\/api.w.org\/{rel}","templated":true}]}}