{"id":12336,"date":"2025-12-12T17:45:54","date_gmt":"2025-12-12T16:45:54","guid":{"rendered":"https:\/\/test.ecbeaute.com\/?post_type=product&#038;p=12336"},"modified":"2025-12-12T17:45:55","modified_gmt":"2025-12-12T16:45:55","slug":"cerave-creme-lavante-hydratante-236-ml-3","status":"publish","type":"product","link":"https:\/\/paracherkaoui.ma\/index.php\/produit\/cerave-creme-lavante-hydratante-236-ml-3\/","title":{"rendered":"CERAVE CREME LAVANTE HYDRATANTE 236 ML"},"content":{"rendered":"<p>.elementor-211 .elementor-element.elementor-element-10d74e9f .elementor-tab-title, .elementor-211 .elementor-element.elementor-element-10d74e9f .elementor-tab-title:before, .elementor-211 .elementor-element.elementor-element-10d74e9f .elementor-tab-title:after, .elementor-211 .elementor-element.elementor-element-10d74e9f .elementor-tab-content, .elementor-211 .elementor-element.elementor-element-10d74e9f .elementor-tabs-content-wrapper{border-width:0.5px;}.elementor-211 .elementor-element.elementor-element-10d74e9f .elementor-tab-title{color:#000000;}.elementor-211 .elementor-element.elementor-element-10d74e9f .elementor-tab-title.elementor-active{color:#00a28d;}.elementor-211 .elementor-element.elementor-element-10d74e9f .elementor-tab-content{color:#000000;}.elementor-211 .elementor-element.elementor-element-44216243 .axps-swiper-slider .swiper-slide img{width:auto;}.elementor-211 .elementor-element.elementor-element-44216243 .wrapper-items:not(.swiper-container-initialized) .item{-ms-flex:0 0 calc(100%\/4);flex:0 0 calc(100%\/4);max-width:calc(100%\/4);}.elementor-211 .elementor-element.elementor-element-44216243 .wrapper-items .swiper-slide{padding-left:calc(30px\/2);padding-right:calc(30px\/2);}.elementor-211 .elementor-element.elementor-element-44216243 .wrapper-items .swiper-slide .item-inner{margin-bottom:30px;}.elementor-211 .elementor-element.elementor-element-44216243 .wrapper-items{margin-left:calc(-30px\/2);margin-right:calc(-30px\/2);}.elementor-211 .elementor-element.elementor-element-44216243 .swiper-wrapper .item-inner{text-align:center;}.elementor-211 .elementor-element.elementor-element-6294d3ce{margin-top:-16px;margin-bottom:0px;}.elementor-211 .elementor-element.elementor-element-178c6493 > .elementor-widget-container{margin:-8px 0px 0px 0px;}.elementor-211 .elementor-element.elementor-element-59cb26f8 > .elementor-widget-container{margin:-8px 0px 0px 0px;}.elementor-211 .elementor-element.elementor-element-16c9f05f > .elementor-widget-container{margin:-8px 0px 0px 0px;}.elementor-211 .elementor-element.elementor-element-7bca78fc > .elementor-widget-container{margin:-8px 0px 0px 0px;}.elementor-211 .elementor-element.elementor-element-55bffe77 > .elementor-widget-container{margin:-8px 0px 0px 0px;}.elementor-211 .elementor-element.elementor-element-765e622 > .elementor-widget-container{margin:-8px 0px 0px 0px;}.elementor-211 .elementor-element.elementor-element-1ec10012{margin-top:-16px;margin-bottom:0px;}.elementor-211 .elementor-element.elementor-element-7d685f0f{margin-top:-16px;margin-bottom:0px;}.elementor-211 .elementor-element.elementor-element-100e3b52 > .elementor-widget-container{margin:-46px 0px 0px 0px;}.elementor-211 .elementor-element.elementor-element-60b121e0 > .elementor-widget-container{margin:-46px 0px 0px 0px;}.elementor-211 .elementor-element.elementor-element-4d875475 > .elementor-widget-container{margin:-46px 0px 0px 0px;}.elementor-211 .elementor-element.elementor-element-15fcd168 .axps-swiper-slider .swiper-slide img{width:auto;}.elementor-211 .elementor-element.elementor-element-15fcd168 .wrapper-items:not(.swiper-container-initialized) .item{-ms-flex:0 0 calc(100%\/2);flex:0 0 calc(100%\/2);max-width:calc(100%\/2);}.elementor-211 .elementor-element.elementor-element-15fcd168 .wrapper-items .swiper-slide{padding-left:calc(30px\/2);padding-right:calc(30px\/2);}.elementor-211 .elementor-element.elementor-element-15fcd168 .wrapper-items .swiper-slide .item-inner{margin-bottom:30px;}.elementor-211 .elementor-element.elementor-element-15fcd168 .wrapper-items{margin-left:calc(-30px\/2);margin-right:calc(-30px\/2);}.elementor-211 .elementor-element.elementor-element-15fcd168 .swiper-wrapper .item-inner{text-align:center;}@media(max-width:1024px){.elementor-211 .elementor-element.elementor-element-44216243 .wrapper-items:not(.swiper-container-initialized) .item{-ms-flex:0 0 calc(100%\/4);flex:0 0 calc(100%\/4);max-width:calc(100%\/4);}.elementor-211 .elementor-element.elementor-element-44216243 .wrapper-items .swiper-slide{padding-left:calc(20px\/2);padding-right:calc(20px\/2);}.elementor-211 .elementor-element.elementor-element-44216243 .wrapper-items .swiper-slide .item-inner{margin-bottom:20px;}.elementor-211 .elementor-element.elementor-element-44216243 .wrapper-items{margin-left:calc(-20px\/2);margin-right:calc(-20px\/2);}.elementor-211 .elementor-element.elementor-element-178c6493 > .elementor-widget-container{margin:-33px 0px 0px 0px;}.elementor-211 .elementor-element.elementor-element-59cb26f8 > .elementor-widget-container{margin:-33px 0px 0px 0px;}.elementor-211 .elementor-element.elementor-element-16c9f05f > .elementor-widget-container{margin:-33px 0px 0px 0px;}.elementor-211 .elementor-element.elementor-element-7bca78fc > .elementor-widget-container{margin:-33px 0px 0px 0px;}.elementor-211 .elementor-element.elementor-element-55bffe77 > .elementor-widget-container{margin:-33px 0px 0px 0px;}.elementor-211 .elementor-element.elementor-element-765e622 > .elementor-widget-container{margin:-33px 0px 0px 0px;}.elementor-211 .elementor-element.elementor-element-100e3b52 > .elementor-widget-container{margin:-33px 0px 0px 0px;}.elementor-211 .elementor-element.elementor-element-60b121e0 > .elementor-widget-container{margin:-33px 0px 0px 0px;}.elementor-211 .elementor-element.elementor-element-4d875475 > .elementor-widget-container{margin:-33px 0px 0px 0px;}.elementor-211 .elementor-element.elementor-element-15fcd168 .wrapper-items:not(.swiper-container-initialized) .item{-ms-flex:0 0 calc(100%\/2);flex:0 0 calc(100%\/2);max-width:calc(100%\/2);}.elementor-211 .elementor-element.elementor-element-15fcd168 .wrapper-items .swiper-slide{padding-left:calc(20px\/2);padding-right:calc(20px\/2);}.elementor-211 .elementor-element.elementor-element-15fcd168 .wrapper-items .swiper-slide .item-inner{margin-bottom:20px;}.elementor-211 .elementor-element.elementor-element-15fcd168 .wrapper-items{margin-left:calc(-20px\/2);margin-right:calc(-20px\/2);}}@media(max-width:767px){.elementor-211 .elementor-element.elementor-element-44216243 .wrapper-items:not(.swiper-container-initialized) .item{-ms-flex:0 0 calc(100%\/4);flex:0 0 calc(100%\/4);max-width:calc(100%\/4);}.elementor-211 .elementor-element.elementor-element-44216243 .wrapper-items .swiper-slide{padding-left:calc(10px\/2);padding-right:calc(10px\/2);}.elementor-211 .elementor-element.elementor-element-44216243 .wrapper-items .swiper-slide .item-inner{margin-bottom:10px;}.elementor-211 .elementor-element.elementor-element-44216243 .wrapper-items{margin-left:calc(-10px\/2);margin-right:calc(-10px\/2);}.elementor-211 .elementor-element.elementor-element-93e7b4e{width:50%;}.elementor-211 .elementor-element.elementor-element-178c6493 > .elementor-widget-container{margin:-26px 0px 0px 0px;}.elementor-211 .elementor-element.elementor-element-181e662a{width:50%;}.elementor-211 .elementor-element.elementor-element-59cb26f8 > .elementor-widget-container{margin:-26px 0px 0px 0px;}.elementor-211 .elementor-element.elementor-element-62b4b8cb{width:50%;}.elementor-211 .elementor-element.elementor-element-16c9f05f > .elementor-widget-container{margin:-26px 0px 0px 0px;}.elementor-211 .elementor-element.elementor-element-a008d2d{width:50%;}.elementor-211 .elementor-element.elementor-element-7bca78fc > .elementor-widget-container{margin:-26px 0px 0px 0px;}.elementor-211 .elementor-element.elementor-element-135791f2{width:50%;}.elementor-211 .elementor-element.elementor-element-55bffe77 > .elementor-widget-container{margin:-26px 0px 0px 0px;}.elementor-211 .elementor-element.elementor-element-34264632{width:50%;}.elementor-211 .elementor-element.elementor-element-765e622 > .elementor-widget-container{margin:-26px 0px 0px 0px;}.elementor-211 .elementor-element.elementor-element-45247820{width:50%;}.elementor-211 .elementor-element.elementor-element-100e3b52 > .elementor-widget-container{margin:-26px 0px 0px 0px;}.elementor-211 .elementor-element.elementor-element-18343282{width:50%;}.elementor-211 .elementor-element.elementor-element-60b121e0 > .elementor-widget-container{margin:-26px 0px 0px 0px;}.elementor-211 .elementor-element.elementor-element-b0f4dc{width:50%;}.elementor-211 .elementor-element.elementor-element-4d875475 > .elementor-widget-container{margin:-26px 0px 0px 0px;}.elementor-211 .elementor-element.elementor-element-15fcd168 .wrapper-items:not(.swiper-container-initialized) .item{-ms-flex:0 0 calc(100%\/1);flex:0 0 calc(100%\/1);max-width:calc(100%\/1);}.elementor-211 .elementor-element.elementor-element-15fcd168 .wrapper-items .swiper-slide{padding-left:calc(10px\/2);padding-right:calc(10px\/2);}.elementor-211 .elementor-element.elementor-element-15fcd168 .wrapper-items .swiper-slide .item-inner{margin-bottom:10px;}.elementor-211 .elementor-element.elementor-element-15fcd168 .wrapper-items{margin-left:calc(-10px\/2);margin-right:calc(-10px\/2);}}<br \/>\nDescription<br \/>\nConseils d&rsquo;utilisation<br \/>\nComposition<br \/>\nDescription<br \/>\nSa\u00a0texture cr\u00e9meuse non moussante\u00a0glisse sur la peau en douceur, sans tiraillement ni dess\u00e8chement. Enrichie en\u00a03 c\u00e9ramides essentiels (1, 3 et 6-II)\u00a0et en\u00a0acide hyaluronique, elle nourrit intens\u00e9ment et contribue \u00e0 restaurer la barri\u00e8re protectrice de la peau d\u00e8s la premi\u00e8re utilisation. Gr\u00e2ce \u00e0 la\u00a0technologie brevet\u00e9e MVE, les actifs hydratants sont lib\u00e9r\u00e9s de fa\u00e7on prolong\u00e9e pour une hydratation continue pendant 24 heures.<br \/>\nCette cr\u00e8me nettoyante convient \u00e0 toute la famille, des enfants aux adultes, et peut \u00eatre utilis\u00e9e sur le\u00a0visage et le corps. Sans parfum, hypoallerg\u00e9nique, et non-com\u00e9dog\u00e8ne, elle convient m\u00eame aux peaux les plus r\u00e9actives et est\u00a0approuv\u00e9e par l\u2019Association Fran\u00e7aise de l\u2019Ecz\u00e9ma.<br \/>\nLes bienfaits\u00a0:<br \/>\nNettoie la peau sans l\u2019agresser<br \/>\nHydrate intens\u00e9ment gr\u00e2ce \u00e0 l&rsquo;acide hyaluronique<br \/>\nRenforce la barri\u00e8re cutan\u00e9e avec les c\u00e9ramides<br \/>\nTexture douce et apaisante, id\u00e9ale pour usage quotidien<br \/>\nConvient \u00e0 toute la famille<br \/>\nConseils d&rsquo;utilisation<br \/>\nConseils d\u2019utilisation\u00a0:<br \/>\nUtilisez quotidiennement sous la douche.<br \/>\nAppliquez une noisette de produit sur peau humide.<br \/>\nMassez d\u00e9licatement sur le visage et\/ou le corps.<br \/>\nRincez abondamment \u00e0 l\u2019eau claire.<br \/>\nS\u00e9chez votre peau en tapotant avec une serviette propre.<br \/>\nPour une routine compl\u00e8te, appliquez ensuite une cr\u00e8me hydratante CeraVe.<br \/>\nComposition<br \/>\nAQUA\/WATER, GLYCERIN, CETEARYL ALCOHOL, PHENOXYETHANOL, STEARYL ALCOHOL, CETYL ALCOHOL, PEG-40 STEARATE, BEHENTRIMONIUM METHOSULFATE, GLYCERYL STEARATE, POLYSORBATE 20, ETHYLHEXYLGLYCERIN, POTASSIUM PHOSPHATE, DISODIUM EDTA, DIPOTASSIUM PHOSPHATE, SODIUM LAUROYL LACTYLATE, CERAMIDE NP, CERAMIDE AP, PHYTOSPHINGOSINE, CHOLESTEROL, SODIUM HYALURONATE, XANTHAN GUM, CARBOMER, TOCOPHEROL, CERAMIDE EOP<br \/>\nAjouter au Panier<br \/>\nAjouter au Panier<br \/>\nAjouter au Panier<br \/>\nAjouter au Panier<br \/>\nAjouter au Panier<br \/>\nAjouter au Panier<br \/>\nAjouter au Panier<br \/>\nAjouter au Panier<br \/>\nAjouter au Panier<\/p>\n","protected":false},"excerpt":{"rendered":"<p>.elementor-211 .elementor-element.elementor-element-10d74e9f .elementor-tab-title, .elementor-211 .elementor-element.elementor-element-10d74e9f .elementor-tab-title:before, .elementor-211 .elementor-element.elementor-element-10d74e9f .elementor-tab-title:after, .elementor-211 .elementor-element.elementor-element-10d74e9f .elementor-tab-content, .elementor-211 .elementor-element.elementor-element-10d74e9f .elementor-tabs-content-wrapper{border-width:0.5px;}.elementor-211 .elementor-element.elementor-element-10d74e9f .elementor-tab-title{color:#000000;}.elementor-211 .elementor-element.elementor-element-10d74e9f .elementor-tab-title.elementor-active{color:#00a28d;}.elementor-211 .elementor-element.elementor-element-10d74e9f<\/p>\n","protected":false},"featured_media":11079,"comment_status":"open","ping_status":"closed","template":"","meta":[],"product_brand":[131],"product_cat":[161],"product_tag":[],"class_list":{"0":"post-12336","1":"product","2":"type-product","3":"status-publish","4":"has-post-thumbnail","6":"product_brand-cerave","7":"product_cat-hygiene-visage","9":"first","10":"instock","11":"sale","12":"shipping-taxable","13":"purchasable","14":"product-type-simple"},"yoast_head":"<!-- This site is optimized with the Yoast SEO plugin v26.6 - https:\/\/yoast.com\/wordpress\/plugins\/seo\/ -->\r\n<title>CERAVE CREME LAVANTE HYDRATANTE 236 ML - Paracherkaoui.ma<\/title>\r\n<meta name=\"robots\" content=\"index, follow, max-snippet:-1, max-image-preview:large, max-video-preview:-1\" \/>\r\n<link rel=\"canonical\" href=\"https:\/\/paracherkaoui.ma\/index.php\/produit\/cerave-creme-lavante-hydratante-236-ml-3\/\" \/>\r\n<meta property=\"og:locale\" content=\"fr_FR\" \/>\r\n<meta property=\"og:type\" content=\"article\" \/>\r\n<meta property=\"og:title\" content=\"CERAVE CREME LAVANTE HYDRATANTE 236 ML - Paracherkaoui.ma\" \/>\r\n<meta property=\"og:description\" content=\".elementor-211 .elementor-element.elementor-element-10d74e9f .elementor-tab-title, .elementor-211 .elementor-element.elementor-element-10d74e9f .elementor-tab-title:before, .elementor-211 .elementor-element.elementor-element-10d74e9f .elementor-tab-title:after, .elementor-211 .elementor-element.elementor-element-10d74e9f .elementor-tab-content, .elementor-211 .elementor-element.elementor-element-10d74e9f .elementor-tabs-content-wrapper{border-width:0.5px;}.elementor-211 .elementor-element.elementor-element-10d74e9f .elementor-tab-title{color:#000000;}.elementor-211 .elementor-element.elementor-element-10d74e9f .elementor-tab-title.elementor-active{color:#00a28d;}.elementor-211 .elementor-element.elementor-element-10d74e9f\" \/>\r\n<meta property=\"og:url\" content=\"https:\/\/paracherkaoui.ma\/index.php\/produit\/cerave-creme-lavante-hydratante-236-ml-3\/\" \/>\r\n<meta property=\"og:site_name\" content=\"Paracherkaoui.ma\" \/>\r\n<meta property=\"article:modified_time\" content=\"2025-12-12T16:45:55+00:00\" \/>\r\n<meta property=\"og:image\" content=\"https:\/\/paracherkaoui.ma\/wp-content\/uploads\/2025\/12\/cerave-cerave-creme-lavante-hydratante-236-ml-accueil.jpg\" \/>\r\n\t<meta property=\"og:image:width\" content=\"700\" \/>\r\n\t<meta property=\"og:image:height\" content=\"700\" \/>\r\n\t<meta property=\"og:image:type\" content=\"image\/jpeg\" \/>\r\n<meta name=\"twitter:card\" content=\"summary_large_image\" \/>\r\n<meta name=\"twitter:label1\" content=\"Dur\u00e9e de lecture estim\u00e9e\" \/>\n\t<meta name=\"twitter:data1\" content=\"5 minutes\" \/>\r\n<script type=\"application\/ld+json\" class=\"yoast-schema-graph\">{\"@context\":\"https:\/\/schema.org\",\"@graph\":[{\"@type\":\"WebPage\",\"@id\":\"https:\/\/paracherkaoui.ma\/index.php\/produit\/cerave-creme-lavante-hydratante-236-ml-3\/\",\"url\":\"https:\/\/paracherkaoui.ma\/index.php\/produit\/cerave-creme-lavante-hydratante-236-ml-3\/\",\"name\":\"CERAVE CREME LAVANTE HYDRATANTE 236 ML - Paracherkaoui.ma\",\"isPartOf\":{\"@id\":\"https:\/\/paracherkaoui.ma\/#website\"},\"primaryImageOfPage\":{\"@id\":\"https:\/\/paracherkaoui.ma\/index.php\/produit\/cerave-creme-lavante-hydratante-236-ml-3\/#primaryimage\"},\"image\":{\"@id\":\"https:\/\/paracherkaoui.ma\/index.php\/produit\/cerave-creme-lavante-hydratante-236-ml-3\/#primaryimage\"},\"thumbnailUrl\":\"https:\/\/paracherkaoui.ma\/wp-content\/uploads\/2025\/12\/cerave-cerave-creme-lavante-hydratante-236-ml-accueil.jpg\",\"datePublished\":\"2025-12-12T16:45:54+00:00\",\"dateModified\":\"2025-12-12T16:45:55+00:00\",\"breadcrumb\":{\"@id\":\"https:\/\/paracherkaoui.ma\/index.php\/produit\/cerave-creme-lavante-hydratante-236-ml-3\/#breadcrumb\"},\"inLanguage\":\"fr-FR\",\"potentialAction\":[{\"@type\":\"ReadAction\",\"target\":[\"https:\/\/paracherkaoui.ma\/index.php\/produit\/cerave-creme-lavante-hydratante-236-ml-3\/\"]}]},{\"@type\":\"ImageObject\",\"inLanguage\":\"fr-FR\",\"@id\":\"https:\/\/paracherkaoui.ma\/index.php\/produit\/cerave-creme-lavante-hydratante-236-ml-3\/#primaryimage\",\"url\":\"https:\/\/paracherkaoui.ma\/wp-content\/uploads\/2025\/12\/cerave-cerave-creme-lavante-hydratante-236-ml-accueil.jpg\",\"contentUrl\":\"https:\/\/paracherkaoui.ma\/wp-content\/uploads\/2025\/12\/cerave-cerave-creme-lavante-hydratante-236-ml-accueil.jpg\",\"width\":700,\"height\":700},{\"@type\":\"BreadcrumbList\",\"@id\":\"https:\/\/paracherkaoui.ma\/index.php\/produit\/cerave-creme-lavante-hydratante-236-ml-3\/#breadcrumb\",\"itemListElement\":[{\"@type\":\"ListItem\",\"position\":1,\"name\":\"Accueil\",\"item\":\"https:\/\/paracherkaoui.ma\/\"},{\"@type\":\"ListItem\",\"position\":2,\"name\":\"Boutique\",\"item\":\"https:\/\/paracherkaoui.ma\/index.php\/boutique\/\"},{\"@type\":\"ListItem\",\"position\":3,\"name\":\"CERAVE CREME LAVANTE HYDRATANTE 236 ML\"}]},{\"@type\":\"WebSite\",\"@id\":\"https:\/\/paracherkaoui.ma\/#website\",\"url\":\"https:\/\/paracherkaoui.ma\/\",\"name\":\"Paracherkaoui.ma\",\"description\":\"Achetez en ligne sur Paracherkaoui.ma\",\"potentialAction\":[{\"@type\":\"SearchAction\",\"target\":{\"@type\":\"EntryPoint\",\"urlTemplate\":\"https:\/\/paracherkaoui.ma\/?s={search_term_string}\"},\"query-input\":{\"@type\":\"PropertyValueSpecification\",\"valueRequired\":true,\"valueName\":\"search_term_string\"}}],\"inLanguage\":\"fr-FR\"}]}<\/script>\r\n<!-- \/ Yoast SEO plugin. -->","yoast_head_json":{"title":"CERAVE CREME LAVANTE HYDRATANTE 236 ML - Paracherkaoui.ma","robots":{"index":"index","follow":"follow","max-snippet":"max-snippet:-1","max-image-preview":"max-image-preview:large","max-video-preview":"max-video-preview:-1"},"canonical":"https:\/\/paracherkaoui.ma\/index.php\/produit\/cerave-creme-lavante-hydratante-236-ml-3\/","og_locale":"fr_FR","og_type":"article","og_title":"CERAVE CREME LAVANTE HYDRATANTE 236 ML - Paracherkaoui.ma","og_description":".elementor-211 .elementor-element.elementor-element-10d74e9f .elementor-tab-title, .elementor-211 .elementor-element.elementor-element-10d74e9f .elementor-tab-title:before, .elementor-211 .elementor-element.elementor-element-10d74e9f .elementor-tab-title:after, .elementor-211 .elementor-element.elementor-element-10d74e9f .elementor-tab-content, .elementor-211 .elementor-element.elementor-element-10d74e9f .elementor-tabs-content-wrapper{border-width:0.5px;}.elementor-211 .elementor-element.elementor-element-10d74e9f .elementor-tab-title{color:#000000;}.elementor-211 .elementor-element.elementor-element-10d74e9f .elementor-tab-title.elementor-active{color:#00a28d;}.elementor-211 .elementor-element.elementor-element-10d74e9f","og_url":"https:\/\/paracherkaoui.ma\/index.php\/produit\/cerave-creme-lavante-hydratante-236-ml-3\/","og_site_name":"Paracherkaoui.ma","article_modified_time":"2025-12-12T16:45:55+00:00","og_image":[{"width":700,"height":700,"url":"https:\/\/paracherkaoui.ma\/wp-content\/uploads\/2025\/12\/cerave-cerave-creme-lavante-hydratante-236-ml-accueil.jpg","type":"image\/jpeg"}],"twitter_card":"summary_large_image","twitter_misc":{"Dur\u00e9e de lecture estim\u00e9e":"5 minutes"},"schema":{"@context":"https:\/\/schema.org","@graph":[{"@type":"WebPage","@id":"https:\/\/paracherkaoui.ma\/index.php\/produit\/cerave-creme-lavante-hydratante-236-ml-3\/","url":"https:\/\/paracherkaoui.ma\/index.php\/produit\/cerave-creme-lavante-hydratante-236-ml-3\/","name":"CERAVE CREME LAVANTE HYDRATANTE 236 ML - Paracherkaoui.ma","isPartOf":{"@id":"https:\/\/paracherkaoui.ma\/#website"},"primaryImageOfPage":{"@id":"https:\/\/paracherkaoui.ma\/index.php\/produit\/cerave-creme-lavante-hydratante-236-ml-3\/#primaryimage"},"image":{"@id":"https:\/\/paracherkaoui.ma\/index.php\/produit\/cerave-creme-lavante-hydratante-236-ml-3\/#primaryimage"},"thumbnailUrl":"https:\/\/paracherkaoui.ma\/wp-content\/uploads\/2025\/12\/cerave-cerave-creme-lavante-hydratante-236-ml-accueil.jpg","datePublished":"2025-12-12T16:45:54+00:00","dateModified":"2025-12-12T16:45:55+00:00","breadcrumb":{"@id":"https:\/\/paracherkaoui.ma\/index.php\/produit\/cerave-creme-lavante-hydratante-236-ml-3\/#breadcrumb"},"inLanguage":"fr-FR","potentialAction":[{"@type":"ReadAction","target":["https:\/\/paracherkaoui.ma\/index.php\/produit\/cerave-creme-lavante-hydratante-236-ml-3\/"]}]},{"@type":"ImageObject","inLanguage":"fr-FR","@id":"https:\/\/paracherkaoui.ma\/index.php\/produit\/cerave-creme-lavante-hydratante-236-ml-3\/#primaryimage","url":"https:\/\/paracherkaoui.ma\/wp-content\/uploads\/2025\/12\/cerave-cerave-creme-lavante-hydratante-236-ml-accueil.jpg","contentUrl":"https:\/\/paracherkaoui.ma\/wp-content\/uploads\/2025\/12\/cerave-cerave-creme-lavante-hydratante-236-ml-accueil.jpg","width":700,"height":700},{"@type":"BreadcrumbList","@id":"https:\/\/paracherkaoui.ma\/index.php\/produit\/cerave-creme-lavante-hydratante-236-ml-3\/#breadcrumb","itemListElement":[{"@type":"ListItem","position":1,"name":"Accueil","item":"https:\/\/paracherkaoui.ma\/"},{"@type":"ListItem","position":2,"name":"Boutique","item":"https:\/\/paracherkaoui.ma\/index.php\/boutique\/"},{"@type":"ListItem","position":3,"name":"CERAVE CREME LAVANTE HYDRATANTE 236 ML"}]},{"@type":"WebSite","@id":"https:\/\/paracherkaoui.ma\/#website","url":"https:\/\/paracherkaoui.ma\/","name":"Paracherkaoui.ma","description":"Achetez en ligne sur Paracherkaoui.ma","potentialAction":[{"@type":"SearchAction","target":{"@type":"EntryPoint","urlTemplate":"https:\/\/paracherkaoui.ma\/?s={search_term_string}"},"query-input":{"@type":"PropertyValueSpecification","valueRequired":true,"valueName":"search_term_string"}}],"inLanguage":"fr-FR"}]}},"_links":{"self":[{"href":"https:\/\/paracherkaoui.ma\/index.php\/wp-json\/wp\/v2\/product\/12336","targetHints":{"allow":["GET"]}}],"collection":[{"href":"https:\/\/paracherkaoui.ma\/index.php\/wp-json\/wp\/v2\/product"}],"about":[{"href":"https:\/\/paracherkaoui.ma\/index.php\/wp-json\/wp\/v2\/types\/product"}],"replies":[{"embeddable":true,"href":"https:\/\/paracherkaoui.ma\/index.php\/wp-json\/wp\/v2\/comments?post=12336"}],"version-history":[{"count":1,"href":"https:\/\/paracherkaoui.ma\/index.php\/wp-json\/wp\/v2\/product\/12336\/revisions"}],"predecessor-version":[{"id":12360,"href":"https:\/\/paracherkaoui.ma\/index.php\/wp-json\/wp\/v2\/product\/12336\/revisions\/12360"}],"wp:featuredmedia":[{"embeddable":true,"href":"https:\/\/paracherkaoui.ma\/index.php\/wp-json\/wp\/v2\/media\/11079"}],"wp:attachment":[{"href":"https:\/\/paracherkaoui.ma\/index.php\/wp-json\/wp\/v2\/media?parent=12336"}],"wp:term":[{"taxonomy":"product_brand","embeddable":true,"href":"https:\/\/paracherkaoui.ma\/index.php\/wp-json\/wp\/v2\/product_brand?post=12336"},{"taxonomy":"product_cat","embeddable":true,"href":"https:\/\/paracherkaoui.ma\/index.php\/wp-json\/wp\/v2\/product_cat?post=12336"},{"taxonomy":"product_tag","embeddable":true,"href":"https:\/\/paracherkaoui.ma\/index.php\/wp-json\/wp\/v2\/product_tag?post=12336"}],"curies":[{"name":"wp","href":"https:\/\/api.w.org\/{rel}","templated":true}]}}