{"id":12335,"date":"2025-12-12T17:45:54","date_gmt":"2025-12-12T16:45:54","guid":{"rendered":"https:\/\/test.ecbeaute.com\/?post_type=product&#038;p=12335"},"modified":"2025-12-12T17:45:55","modified_gmt":"2025-12-12T16:45:55","slug":"vichy-normaderm-gel-purifiant-intense-peau-grasse-et-acneique-200-ml","status":"publish","type":"product","link":"https:\/\/paracherkaoui.ma\/index.php\/produit\/vichy-normaderm-gel-purifiant-intense-peau-grasse-et-acneique-200-ml\/","title":{"rendered":"VICHY NORMADERM GEL PURIFIANT INTENSE PEAU GRASSE ET ACNEIQUE 200 ML"},"content":{"rendered":"<p>.elementor-226 .elementor-element.elementor-element-625d0688 .elementor-tab-title, .elementor-226 .elementor-element.elementor-element-625d0688 .elementor-tab-title:before, .elementor-226 .elementor-element.elementor-element-625d0688 .elementor-tab-title:after, .elementor-226 .elementor-element.elementor-element-625d0688 .elementor-tab-content, .elementor-226 .elementor-element.elementor-element-625d0688 .elementor-tabs-content-wrapper{border-width:0.5px;}.elementor-226 .elementor-element.elementor-element-625d0688 .elementor-tab-title{color:#000000;}.elementor-226 .elementor-element.elementor-element-625d0688 .elementor-tab-title.elementor-active{color:#00a28d;}.elementor-226 .elementor-element.elementor-element-625d0688 .elementor-tab-content{color:#000000;}.elementor-226 .elementor-element.elementor-element-608ce2f6 .axps-swiper-slider .swiper-slide img{width:auto;}.elementor-226 .elementor-element.elementor-element-608ce2f6 .wrapper-items:not(.swiper-container-initialized) .item{-ms-flex:0 0 calc(100%\/2);flex:0 0 calc(100%\/2);max-width:calc(100%\/2);}.elementor-226 .elementor-element.elementor-element-608ce2f6 .wrapper-items .swiper-slide{padding-left:calc(30px\/2);padding-right:calc(30px\/2);}.elementor-226 .elementor-element.elementor-element-608ce2f6 .wrapper-items .swiper-slide .item-inner{margin-bottom:30px;}.elementor-226 .elementor-element.elementor-element-608ce2f6 .wrapper-items{margin-left:calc(-30px\/2);margin-right:calc(-30px\/2);}.elementor-226 .elementor-element.elementor-element-608ce2f6 .swiper-wrapper .item-inner{text-align:center;}.elementor-226 .elementor-element.elementor-element-5fea4ef4{margin-top:-16px;margin-bottom:0px;}.elementor-226 .elementor-element.elementor-element-34969478 > .elementor-widget-container{margin:-46px 0px 0px 0px;}.elementor-226 .elementor-element.elementor-element-2079ed8b > .elementor-widget-container{margin:-46px 0px 0px 0px;}.elementor-226 .elementor-element.elementor-element-46f53ef6 > .elementor-widget-container{margin:-46px 0px 0px 0px;}.elementor-226 .elementor-element.elementor-element-c1566da{margin-top:-16px;margin-bottom:0px;}.elementor-226 .elementor-element.elementor-element-d16f73b > .elementor-widget-container{margin:-46px 0px 0px 0px;}.elementor-226 .elementor-element.elementor-element-48f1475 > .elementor-widget-container{margin:-46px 0px 0px 0px;}.elementor-226 .elementor-element.elementor-element-f7001d8 > .elementor-widget-container{margin:-46px 0px 0px 0px;}.elementor-226 .elementor-element.elementor-element-f9b2068 > .elementor-widget-container{margin:-46px 0px 0px 0px;}@media(max-width:1024px){.elementor-226 .elementor-element.elementor-element-608ce2f6 .wrapper-items:not(.swiper-container-initialized) .item{-ms-flex:0 0 calc(100%\/4);flex:0 0 calc(100%\/4);max-width:calc(100%\/4);}.elementor-226 .elementor-element.elementor-element-608ce2f6 .wrapper-items .swiper-slide{padding-left:calc(20px\/2);padding-right:calc(20px\/2);}.elementor-226 .elementor-element.elementor-element-608ce2f6 .wrapper-items .swiper-slide .item-inner{margin-bottom:20px;}.elementor-226 .elementor-element.elementor-element-608ce2f6 .wrapper-items{margin-left:calc(-20px\/2);margin-right:calc(-20px\/2);}.elementor-226 .elementor-element.elementor-element-34969478 > .elementor-widget-container{margin:-33px 0px 0px 0px;}.elementor-226 .elementor-element.elementor-element-2079ed8b > .elementor-widget-container{margin:-33px 0px 0px 0px;}.elementor-226 .elementor-element.elementor-element-46f53ef6 > .elementor-widget-container{margin:-33px 0px 0px 0px;}.elementor-226 .elementor-element.elementor-element-d16f73b > .elementor-widget-container{margin:-33px 0px 0px 0px;}.elementor-226 .elementor-element.elementor-element-48f1475 > .elementor-widget-container{margin:-33px 0px 0px 0px;}.elementor-226 .elementor-element.elementor-element-f7001d8 > .elementor-widget-container{margin:-33px 0px 0px 0px;}.elementor-226 .elementor-element.elementor-element-f9b2068 > .elementor-widget-container{margin:-33px 0px 0px 0px;}}@media(max-width:767px){.elementor-226 .elementor-element.elementor-element-608ce2f6 .wrapper-items:not(.swiper-container-initialized) .item{-ms-flex:0 0 calc(100%\/4);flex:0 0 calc(100%\/4);max-width:calc(100%\/4);}.elementor-226 .elementor-element.elementor-element-608ce2f6 .wrapper-items .swiper-slide{padding-left:calc(10px\/2);padding-right:calc(10px\/2);}.elementor-226 .elementor-element.elementor-element-608ce2f6 .wrapper-items .swiper-slide .item-inner{margin-bottom:10px;}.elementor-226 .elementor-element.elementor-element-608ce2f6 .wrapper-items{margin-left:calc(-10px\/2);margin-right:calc(-10px\/2);}.elementor-226 .elementor-element.elementor-element-45356b02{width:50%;}.elementor-226 .elementor-element.elementor-element-34969478 > .elementor-widget-container{margin:-26px 0px 0px 0px;}.elementor-226 .elementor-element.elementor-element-4e2c3c64{width:50%;}.elementor-226 .elementor-element.elementor-element-2079ed8b > .elementor-widget-container{margin:-26px 0px 0px 0px;}.elementor-226 .elementor-element.elementor-element-245adb64{width:50%;}.elementor-226 .elementor-element.elementor-element-46f53ef6 > .elementor-widget-container{margin:-26px 0px 0px 0px;}.elementor-226 .elementor-element.elementor-element-59bcdb4{width:50%;}.elementor-226 .elementor-element.elementor-element-d16f73b > .elementor-widget-container{margin:-26px 0px 0px 0px;}.elementor-226 .elementor-element.elementor-element-6bc1a84{width:50%;}.elementor-226 .elementor-element.elementor-element-48f1475 > .elementor-widget-container{margin:-26px 0px 0px 0px;}.elementor-226 .elementor-element.elementor-element-61d037c{width:50%;}.elementor-226 .elementor-element.elementor-element-f7001d8 > .elementor-widget-container{margin:-26px 0px 0px 0px;}.elementor-226 .elementor-element.elementor-element-4c8eafd{width:50%;}.elementor-226 .elementor-element.elementor-element-f9b2068 > .elementor-widget-container{margin:-26px 0px 0px 0px;}}<br \/>\nDescription<br \/>\nConseils d&rsquo;utilisation<br \/>\nComposition<br \/>\nDescription<br \/>\nSa\u00a0formule hypoallerg\u00e9nique\u00a0au\u00a0pH physiologique\u00a0respecte l\u2019\u00e9quilibre de la peau, m\u00eame sensible, et est test\u00e9e sous contr\u00f4le dermatologique. D\u00e8s le premier rin\u00e7age,\u00a091 % des utilisatrices\u00a0constatent une peau plus propre, d\u00e9barrass\u00e9e des impuret\u00e9s.\u00a0Apr\u00e8s 4 semaines d&rsquo;utilisation, le grain de peau est visiblement affin\u00e9 et les marques d&rsquo;imperfections diminu\u00e9es.<br \/>\nVichy Normaderm Gel Purifiant Intense\u00a0est formul\u00e9 avec une base nettoyante d\u2019origine v\u00e9g\u00e9tale douce pour la peau mais impitoyable contre les imperfections. Gr\u00e2ce \u00e0 ses agents purifiants et s\u00e9bor\u00e9gulateurs, la peau est nette, matifi\u00e9e, et regraisse moins vite. Le teint est plus homog\u00e8ne, et les pores sont visiblement moins dilat\u00e9s.<br \/>\nConseils d&rsquo;utilisation<br \/>\nUtilisez\u00a0matin et soir\u00a0sur une peau humidifi\u00e9e :<br \/>\nFaites mousser une noisette de gel dans la paume de vos mains.<br \/>\nAppliquez sur l\u2019ensemble du visage en massant doucement.<br \/>\nRincez abondamment \u00e0 l\u2019eau claire.<br \/>\n\u26a0\ufe0f \u00c9vitez le contact avec les yeux.<br \/>\nComposition<br \/>\nAqua \/ Water, Coco-Betaine, Propanediol, PEG-120 Methyl Glucose Dioleate, Sodium Chloride, Sodium Cocoyl Glycinate, Dipropylene Glycol, Zinc Gluconate, Salicylic Acid, Bifida Ferment Lysate, Sodium Hydroxide, Sodium Benzoate, Phenoxyethanol, Copper Gluconate, Caprylyl Glycol, Tetrasodium Glutamate Diacetate, Parfum \/ Fragrance<br \/>\nAjouter au Panier<br \/>\nAjouter au Panier<br \/>\nAjouter au Panier<br \/>\nAjouter au Panier<br \/>\nAjouter au Panier<br \/>\nAjouter au Panier<br \/>\nAjouter au Panier<\/p>\n","protected":false},"excerpt":{"rendered":"<p>.elementor-226 .elementor-element.elementor-element-625d0688 .elementor-tab-title, .elementor-226 .elementor-element.elementor-element-625d0688 .elementor-tab-title:before, .elementor-226 .elementor-element.elementor-element-625d0688 .elementor-tab-title:after, .elementor-226 .elementor-element.elementor-element-625d0688 .elementor-tab-content, .elementor-226 .elementor-element.elementor-element-625d0688 .elementor-tabs-content-wrapper{border-width:0.5px;}.elementor-226 .elementor-element.elementor-element-625d0688 .elementor-tab-title{color:#000000;}.elementor-226 .elementor-element.elementor-element-625d0688 .elementor-tab-title.elementor-active{color:#00a28d;}.elementor-226 .elementor-element.elementor-element-625d0688<\/p>\n","protected":false},"featured_media":12358,"comment_status":"open","ping_status":"closed","template":"","meta":[],"product_brand":[139],"product_cat":[161],"product_tag":[],"class_list":{"0":"post-12335","1":"product","2":"type-product","3":"status-publish","4":"has-post-thumbnail","6":"product_brand-vichy","7":"product_cat-hygiene-visage","9":"first","10":"instock","11":"sale","12":"shipping-taxable","13":"purchasable","14":"product-type-simple"},"yoast_head":"<!-- This site is optimized with the Yoast SEO plugin v26.6 - https:\/\/yoast.com\/wordpress\/plugins\/seo\/ -->\r\n<title>VICHY NORMADERM GEL PURIFIANT INTENSE PEAU GRASSE ET ACNEIQUE 200 ML - Paracherkaoui.ma<\/title>\r\n<meta name=\"robots\" content=\"index, follow, max-snippet:-1, max-image-preview:large, max-video-preview:-1\" \/>\r\n<link rel=\"canonical\" href=\"https:\/\/paracherkaoui.ma\/index.php\/produit\/vichy-normaderm-gel-purifiant-intense-peau-grasse-et-acneique-200-ml\/\" \/>\r\n<meta property=\"og:locale\" content=\"fr_FR\" \/>\r\n<meta property=\"og:type\" content=\"article\" \/>\r\n<meta property=\"og:title\" content=\"VICHY NORMADERM GEL PURIFIANT INTENSE PEAU GRASSE ET ACNEIQUE 200 ML - Paracherkaoui.ma\" \/>\r\n<meta property=\"og:description\" content=\".elementor-226 .elementor-element.elementor-element-625d0688 .elementor-tab-title, .elementor-226 .elementor-element.elementor-element-625d0688 .elementor-tab-title:before, .elementor-226 .elementor-element.elementor-element-625d0688 .elementor-tab-title:after, .elementor-226 .elementor-element.elementor-element-625d0688 .elementor-tab-content, .elementor-226 .elementor-element.elementor-element-625d0688 .elementor-tabs-content-wrapper{border-width:0.5px;}.elementor-226 .elementor-element.elementor-element-625d0688 .elementor-tab-title{color:#000000;}.elementor-226 .elementor-element.elementor-element-625d0688 .elementor-tab-title.elementor-active{color:#00a28d;}.elementor-226 .elementor-element.elementor-element-625d0688\" \/>\r\n<meta property=\"og:url\" content=\"https:\/\/paracherkaoui.ma\/index.php\/produit\/vichy-normaderm-gel-purifiant-intense-peau-grasse-et-acneique-200-ml\/\" \/>\r\n<meta property=\"og:site_name\" content=\"Paracherkaoui.ma\" \/>\r\n<meta property=\"article:modified_time\" content=\"2025-12-12T16:45:55+00:00\" \/>\r\n<meta property=\"og:image\" content=\"https:\/\/paracherkaoui.ma\/wp-content\/uploads\/2025\/12\/vichy-vichy-normaderm-gel-purifiant-intense-peau-grasse-et-acneique-200-ml-soins-anti-imperfections.jpg\" \/>\r\n\t<meta property=\"og:image:width\" content=\"700\" \/>\r\n\t<meta property=\"og:image:height\" content=\"700\" \/>\r\n\t<meta property=\"og:image:type\" content=\"image\/jpeg\" \/>\r\n<meta name=\"twitter:card\" content=\"summary_large_image\" \/>\r\n<meta name=\"twitter:label1\" content=\"Dur\u00e9e de lecture estim\u00e9e\" \/>\n\t<meta name=\"twitter:data1\" content=\"4 minutes\" \/>\r\n<script type=\"application\/ld+json\" class=\"yoast-schema-graph\">{\"@context\":\"https:\/\/schema.org\",\"@graph\":[{\"@type\":\"WebPage\",\"@id\":\"https:\/\/paracherkaoui.ma\/index.php\/produit\/vichy-normaderm-gel-purifiant-intense-peau-grasse-et-acneique-200-ml\/\",\"url\":\"https:\/\/paracherkaoui.ma\/index.php\/produit\/vichy-normaderm-gel-purifiant-intense-peau-grasse-et-acneique-200-ml\/\",\"name\":\"VICHY NORMADERM GEL PURIFIANT INTENSE PEAU GRASSE ET ACNEIQUE 200 ML - Paracherkaoui.ma\",\"isPartOf\":{\"@id\":\"https:\/\/paracherkaoui.ma\/#website\"},\"primaryImageOfPage\":{\"@id\":\"https:\/\/paracherkaoui.ma\/index.php\/produit\/vichy-normaderm-gel-purifiant-intense-peau-grasse-et-acneique-200-ml\/#primaryimage\"},\"image\":{\"@id\":\"https:\/\/paracherkaoui.ma\/index.php\/produit\/vichy-normaderm-gel-purifiant-intense-peau-grasse-et-acneique-200-ml\/#primaryimage\"},\"thumbnailUrl\":\"https:\/\/paracherkaoui.ma\/wp-content\/uploads\/2025\/12\/vichy-vichy-normaderm-gel-purifiant-intense-peau-grasse-et-acneique-200-ml-soins-anti-imperfections.jpg\",\"datePublished\":\"2025-12-12T16:45:54+00:00\",\"dateModified\":\"2025-12-12T16:45:55+00:00\",\"breadcrumb\":{\"@id\":\"https:\/\/paracherkaoui.ma\/index.php\/produit\/vichy-normaderm-gel-purifiant-intense-peau-grasse-et-acneique-200-ml\/#breadcrumb\"},\"inLanguage\":\"fr-FR\",\"potentialAction\":[{\"@type\":\"ReadAction\",\"target\":[\"https:\/\/paracherkaoui.ma\/index.php\/produit\/vichy-normaderm-gel-purifiant-intense-peau-grasse-et-acneique-200-ml\/\"]}]},{\"@type\":\"ImageObject\",\"inLanguage\":\"fr-FR\",\"@id\":\"https:\/\/paracherkaoui.ma\/index.php\/produit\/vichy-normaderm-gel-purifiant-intense-peau-grasse-et-acneique-200-ml\/#primaryimage\",\"url\":\"https:\/\/paracherkaoui.ma\/wp-content\/uploads\/2025\/12\/vichy-vichy-normaderm-gel-purifiant-intense-peau-grasse-et-acneique-200-ml-soins-anti-imperfections.jpg\",\"contentUrl\":\"https:\/\/paracherkaoui.ma\/wp-content\/uploads\/2025\/12\/vichy-vichy-normaderm-gel-purifiant-intense-peau-grasse-et-acneique-200-ml-soins-anti-imperfections.jpg\",\"width\":700,\"height\":700},{\"@type\":\"BreadcrumbList\",\"@id\":\"https:\/\/paracherkaoui.ma\/index.php\/produit\/vichy-normaderm-gel-purifiant-intense-peau-grasse-et-acneique-200-ml\/#breadcrumb\",\"itemListElement\":[{\"@type\":\"ListItem\",\"position\":1,\"name\":\"Accueil\",\"item\":\"https:\/\/paracherkaoui.ma\/\"},{\"@type\":\"ListItem\",\"position\":2,\"name\":\"Boutique\",\"item\":\"https:\/\/paracherkaoui.ma\/index.php\/boutique\/\"},{\"@type\":\"ListItem\",\"position\":3,\"name\":\"VICHY NORMADERM GEL PURIFIANT INTENSE PEAU GRASSE ET ACNEIQUE 200 ML\"}]},{\"@type\":\"WebSite\",\"@id\":\"https:\/\/paracherkaoui.ma\/#website\",\"url\":\"https:\/\/paracherkaoui.ma\/\",\"name\":\"Paracherkaoui.ma\",\"description\":\"Achetez en ligne sur Paracherkaoui.ma\",\"potentialAction\":[{\"@type\":\"SearchAction\",\"target\":{\"@type\":\"EntryPoint\",\"urlTemplate\":\"https:\/\/paracherkaoui.ma\/?s={search_term_string}\"},\"query-input\":{\"@type\":\"PropertyValueSpecification\",\"valueRequired\":true,\"valueName\":\"search_term_string\"}}],\"inLanguage\":\"fr-FR\"}]}<\/script>\r\n<!-- \/ Yoast SEO plugin. -->","yoast_head_json":{"title":"VICHY NORMADERM GEL PURIFIANT INTENSE PEAU GRASSE ET ACNEIQUE 200 ML - Paracherkaoui.ma","robots":{"index":"index","follow":"follow","max-snippet":"max-snippet:-1","max-image-preview":"max-image-preview:large","max-video-preview":"max-video-preview:-1"},"canonical":"https:\/\/paracherkaoui.ma\/index.php\/produit\/vichy-normaderm-gel-purifiant-intense-peau-grasse-et-acneique-200-ml\/","og_locale":"fr_FR","og_type":"article","og_title":"VICHY NORMADERM GEL PURIFIANT INTENSE PEAU GRASSE ET ACNEIQUE 200 ML - Paracherkaoui.ma","og_description":".elementor-226 .elementor-element.elementor-element-625d0688 .elementor-tab-title, .elementor-226 .elementor-element.elementor-element-625d0688 .elementor-tab-title:before, .elementor-226 .elementor-element.elementor-element-625d0688 .elementor-tab-title:after, .elementor-226 .elementor-element.elementor-element-625d0688 .elementor-tab-content, .elementor-226 .elementor-element.elementor-element-625d0688 .elementor-tabs-content-wrapper{border-width:0.5px;}.elementor-226 .elementor-element.elementor-element-625d0688 .elementor-tab-title{color:#000000;}.elementor-226 .elementor-element.elementor-element-625d0688 .elementor-tab-title.elementor-active{color:#00a28d;}.elementor-226 .elementor-element.elementor-element-625d0688","og_url":"https:\/\/paracherkaoui.ma\/index.php\/produit\/vichy-normaderm-gel-purifiant-intense-peau-grasse-et-acneique-200-ml\/","og_site_name":"Paracherkaoui.ma","article_modified_time":"2025-12-12T16:45:55+00:00","og_image":[{"width":700,"height":700,"url":"https:\/\/paracherkaoui.ma\/wp-content\/uploads\/2025\/12\/vichy-vichy-normaderm-gel-purifiant-intense-peau-grasse-et-acneique-200-ml-soins-anti-imperfections.jpg","type":"image\/jpeg"}],"twitter_card":"summary_large_image","twitter_misc":{"Dur\u00e9e de lecture estim\u00e9e":"4 minutes"},"schema":{"@context":"https:\/\/schema.org","@graph":[{"@type":"WebPage","@id":"https:\/\/paracherkaoui.ma\/index.php\/produit\/vichy-normaderm-gel-purifiant-intense-peau-grasse-et-acneique-200-ml\/","url":"https:\/\/paracherkaoui.ma\/index.php\/produit\/vichy-normaderm-gel-purifiant-intense-peau-grasse-et-acneique-200-ml\/","name":"VICHY NORMADERM GEL PURIFIANT INTENSE PEAU GRASSE ET ACNEIQUE 200 ML - Paracherkaoui.ma","isPartOf":{"@id":"https:\/\/paracherkaoui.ma\/#website"},"primaryImageOfPage":{"@id":"https:\/\/paracherkaoui.ma\/index.php\/produit\/vichy-normaderm-gel-purifiant-intense-peau-grasse-et-acneique-200-ml\/#primaryimage"},"image":{"@id":"https:\/\/paracherkaoui.ma\/index.php\/produit\/vichy-normaderm-gel-purifiant-intense-peau-grasse-et-acneique-200-ml\/#primaryimage"},"thumbnailUrl":"https:\/\/paracherkaoui.ma\/wp-content\/uploads\/2025\/12\/vichy-vichy-normaderm-gel-purifiant-intense-peau-grasse-et-acneique-200-ml-soins-anti-imperfections.jpg","datePublished":"2025-12-12T16:45:54+00:00","dateModified":"2025-12-12T16:45:55+00:00","breadcrumb":{"@id":"https:\/\/paracherkaoui.ma\/index.php\/produit\/vichy-normaderm-gel-purifiant-intense-peau-grasse-et-acneique-200-ml\/#breadcrumb"},"inLanguage":"fr-FR","potentialAction":[{"@type":"ReadAction","target":["https:\/\/paracherkaoui.ma\/index.php\/produit\/vichy-normaderm-gel-purifiant-intense-peau-grasse-et-acneique-200-ml\/"]}]},{"@type":"ImageObject","inLanguage":"fr-FR","@id":"https:\/\/paracherkaoui.ma\/index.php\/produit\/vichy-normaderm-gel-purifiant-intense-peau-grasse-et-acneique-200-ml\/#primaryimage","url":"https:\/\/paracherkaoui.ma\/wp-content\/uploads\/2025\/12\/vichy-vichy-normaderm-gel-purifiant-intense-peau-grasse-et-acneique-200-ml-soins-anti-imperfections.jpg","contentUrl":"https:\/\/paracherkaoui.ma\/wp-content\/uploads\/2025\/12\/vichy-vichy-normaderm-gel-purifiant-intense-peau-grasse-et-acneique-200-ml-soins-anti-imperfections.jpg","width":700,"height":700},{"@type":"BreadcrumbList","@id":"https:\/\/paracherkaoui.ma\/index.php\/produit\/vichy-normaderm-gel-purifiant-intense-peau-grasse-et-acneique-200-ml\/#breadcrumb","itemListElement":[{"@type":"ListItem","position":1,"name":"Accueil","item":"https:\/\/paracherkaoui.ma\/"},{"@type":"ListItem","position":2,"name":"Boutique","item":"https:\/\/paracherkaoui.ma\/index.php\/boutique\/"},{"@type":"ListItem","position":3,"name":"VICHY NORMADERM GEL PURIFIANT INTENSE PEAU GRASSE ET ACNEIQUE 200 ML"}]},{"@type":"WebSite","@id":"https:\/\/paracherkaoui.ma\/#website","url":"https:\/\/paracherkaoui.ma\/","name":"Paracherkaoui.ma","description":"Achetez en ligne sur Paracherkaoui.ma","potentialAction":[{"@type":"SearchAction","target":{"@type":"EntryPoint","urlTemplate":"https:\/\/paracherkaoui.ma\/?s={search_term_string}"},"query-input":{"@type":"PropertyValueSpecification","valueRequired":true,"valueName":"search_term_string"}}],"inLanguage":"fr-FR"}]}},"_links":{"self":[{"href":"https:\/\/paracherkaoui.ma\/index.php\/wp-json\/wp\/v2\/product\/12335","targetHints":{"allow":["GET"]}}],"collection":[{"href":"https:\/\/paracherkaoui.ma\/index.php\/wp-json\/wp\/v2\/product"}],"about":[{"href":"https:\/\/paracherkaoui.ma\/index.php\/wp-json\/wp\/v2\/types\/product"}],"replies":[{"embeddable":true,"href":"https:\/\/paracherkaoui.ma\/index.php\/wp-json\/wp\/v2\/comments?post=12335"}],"version-history":[{"count":1,"href":"https:\/\/paracherkaoui.ma\/index.php\/wp-json\/wp\/v2\/product\/12335\/revisions"}],"predecessor-version":[{"id":12359,"href":"https:\/\/paracherkaoui.ma\/index.php\/wp-json\/wp\/v2\/product\/12335\/revisions\/12359"}],"wp:featuredmedia":[{"embeddable":true,"href":"https:\/\/paracherkaoui.ma\/index.php\/wp-json\/wp\/v2\/media\/12358"}],"wp:attachment":[{"href":"https:\/\/paracherkaoui.ma\/index.php\/wp-json\/wp\/v2\/media?parent=12335"}],"wp:term":[{"taxonomy":"product_brand","embeddable":true,"href":"https:\/\/paracherkaoui.ma\/index.php\/wp-json\/wp\/v2\/product_brand?post=12335"},{"taxonomy":"product_cat","embeddable":true,"href":"https:\/\/paracherkaoui.ma\/index.php\/wp-json\/wp\/v2\/product_cat?post=12335"},{"taxonomy":"product_tag","embeddable":true,"href":"https:\/\/paracherkaoui.ma\/index.php\/wp-json\/wp\/v2\/product_tag?post=12335"}],"curies":[{"name":"wp","href":"https:\/\/api.w.org\/{rel}","templated":true}]}}