{"id":12331,"date":"2025-12-12T17:45:53","date_gmt":"2025-12-12T16:45:53","guid":{"rendered":"https:\/\/test.ecbeaute.com\/?post_type=product&#038;p=12331"},"modified":"2025-12-12T17:45:55","modified_gmt":"2025-12-12T16:45:55","slug":"vichy-normaderm-gel-purifiant-intense-peau-grasse-et-acneique-400-ml","status":"publish","type":"product","link":"https:\/\/paracherkaoui.ma\/index.php\/produit\/vichy-normaderm-gel-purifiant-intense-peau-grasse-et-acneique-400-ml\/","title":{"rendered":"VICHY NORMADERM GEL PURIFIANT INTENSE PEAU GRASSE ET ACNEIQUE 400 ML"},"content":{"rendered":"<p>.elementor-227 .elementor-element.elementor-element-1a8c03b8 .elementor-tab-title, .elementor-227 .elementor-element.elementor-element-1a8c03b8 .elementor-tab-title:before, .elementor-227 .elementor-element.elementor-element-1a8c03b8 .elementor-tab-title:after, .elementor-227 .elementor-element.elementor-element-1a8c03b8 .elementor-tab-content, .elementor-227 .elementor-element.elementor-element-1a8c03b8 .elementor-tabs-content-wrapper{border-width:0.5px;}.elementor-227 .elementor-element.elementor-element-1a8c03b8 .elementor-tab-title{color:#000000;}.elementor-227 .elementor-element.elementor-element-1a8c03b8 .elementor-tab-title.elementor-active{color:#00a28d;}.elementor-227 .elementor-element.elementor-element-1a8c03b8 .elementor-tab-content{color:#000000;}.elementor-227 .elementor-element.elementor-element-599aba1a .axps-swiper-slider .swiper-slide img{width:auto;}.elementor-227 .elementor-element.elementor-element-599aba1a .wrapper-items:not(.swiper-container-initialized) .item{-ms-flex:0 0 calc(100%\/2);flex:0 0 calc(100%\/2);max-width:calc(100%\/2);}.elementor-227 .elementor-element.elementor-element-599aba1a .wrapper-items .swiper-slide{padding-left:calc(30px\/2);padding-right:calc(30px\/2);}.elementor-227 .elementor-element.elementor-element-599aba1a .wrapper-items .swiper-slide .item-inner{margin-bottom:30px;}.elementor-227 .elementor-element.elementor-element-599aba1a .wrapper-items{margin-left:calc(-30px\/2);margin-right:calc(-30px\/2);}.elementor-227 .elementor-element.elementor-element-599aba1a .swiper-wrapper .item-inner{text-align:center;}.elementor-227 .elementor-element.elementor-element-4ec55d00{margin-top:-16px;margin-bottom:0px;}.elementor-227 .elementor-element.elementor-element-192b2d36 > .elementor-widget-container{margin:-46px 0px 0px 0px;}.elementor-227 .elementor-element.elementor-element-57863fff > .elementor-widget-container{margin:-46px 0px 0px 0px;}.elementor-227 .elementor-element.elementor-element-51af7050 > .elementor-widget-container{margin:-46px 0px 0px 0px;}.elementor-227 .elementor-element.elementor-element-18991188{margin-top:-16px;margin-bottom:0px;}.elementor-227 .elementor-element.elementor-element-3f386acc > .elementor-widget-container{margin:-46px 0px 0px 0px;}.elementor-227 .elementor-element.elementor-element-5235ebc > .elementor-widget-container{margin:-46px 0px 0px 0px;}.elementor-227 .elementor-element.elementor-element-a64559b > .elementor-widget-container{margin:-46px 0px 0px 0px;}.elementor-227 .elementor-element.elementor-element-7d945fcc > .elementor-widget-container{margin:-46px 0px 0px 0px;}@media(max-width:1024px){.elementor-227 .elementor-element.elementor-element-599aba1a .wrapper-items:not(.swiper-container-initialized) .item{-ms-flex:0 0 calc(100%\/4);flex:0 0 calc(100%\/4);max-width:calc(100%\/4);}.elementor-227 .elementor-element.elementor-element-599aba1a .wrapper-items .swiper-slide{padding-left:calc(20px\/2);padding-right:calc(20px\/2);}.elementor-227 .elementor-element.elementor-element-599aba1a .wrapper-items .swiper-slide .item-inner{margin-bottom:20px;}.elementor-227 .elementor-element.elementor-element-599aba1a .wrapper-items{margin-left:calc(-20px\/2);margin-right:calc(-20px\/2);}.elementor-227 .elementor-element.elementor-element-192b2d36 > .elementor-widget-container{margin:-33px 0px 0px 0px;}.elementor-227 .elementor-element.elementor-element-57863fff > .elementor-widget-container{margin:-33px 0px 0px 0px;}.elementor-227 .elementor-element.elementor-element-51af7050 > .elementor-widget-container{margin:-33px 0px 0px 0px;}.elementor-227 .elementor-element.elementor-element-3f386acc > .elementor-widget-container{margin:-33px 0px 0px 0px;}.elementor-227 .elementor-element.elementor-element-5235ebc > .elementor-widget-container{margin:-33px 0px 0px 0px;}.elementor-227 .elementor-element.elementor-element-a64559b > .elementor-widget-container{margin:-33px 0px 0px 0px;}.elementor-227 .elementor-element.elementor-element-7d945fcc > .elementor-widget-container{margin:-33px 0px 0px 0px;}}@media(max-width:767px){.elementor-227 .elementor-element.elementor-element-599aba1a .wrapper-items:not(.swiper-container-initialized) .item{-ms-flex:0 0 calc(100%\/4);flex:0 0 calc(100%\/4);max-width:calc(100%\/4);}.elementor-227 .elementor-element.elementor-element-599aba1a .wrapper-items .swiper-slide{padding-left:calc(10px\/2);padding-right:calc(10px\/2);}.elementor-227 .elementor-element.elementor-element-599aba1a .wrapper-items .swiper-slide .item-inner{margin-bottom:10px;}.elementor-227 .elementor-element.elementor-element-599aba1a .wrapper-items{margin-left:calc(-10px\/2);margin-right:calc(-10px\/2);}.elementor-227 .elementor-element.elementor-element-442f9853{width:50%;}.elementor-227 .elementor-element.elementor-element-192b2d36 > .elementor-widget-container{margin:-26px 0px 0px 0px;}.elementor-227 .elementor-element.elementor-element-25ffa503{width:50%;}.elementor-227 .elementor-element.elementor-element-57863fff > .elementor-widget-container{margin:-26px 0px 0px 0px;}.elementor-227 .elementor-element.elementor-element-6ac52414{width:50%;}.elementor-227 .elementor-element.elementor-element-51af7050 > .elementor-widget-container{margin:-26px 0px 0px 0px;}.elementor-227 .elementor-element.elementor-element-177b515{width:50%;}.elementor-227 .elementor-element.elementor-element-3f386acc > .elementor-widget-container{margin:-26px 0px 0px 0px;}.elementor-227 .elementor-element.elementor-element-28f4e7bd{width:50%;}.elementor-227 .elementor-element.elementor-element-5235ebc > .elementor-widget-container{margin:-26px 0px 0px 0px;}.elementor-227 .elementor-element.elementor-element-1079fca4{width:50%;}.elementor-227 .elementor-element.elementor-element-a64559b > .elementor-widget-container{margin:-26px 0px 0px 0px;}.elementor-227 .elementor-element.elementor-element-6d69612a{width:50%;}.elementor-227 .elementor-element.elementor-element-7d945fcc > .elementor-widget-container{margin:-26px 0px 0px 0px;}}<br \/>\nDescription<br \/>\nConseils d&rsquo;utilisation<br \/>\nComposition<br \/>\nDescription<br \/>\nFormul\u00e9 avec trois actifs anti-imperfections puissants \u2013\u00a0zinc,\u00a0cuivre\u00a0et\u00a0probiotiques\u00a0\u2013 il agit efficacement sur les\u00a0impuret\u00e9s, l\u2019exc\u00e8s de s\u00e9bum\u00a0et les\u00a0pores obstru\u00e9s, tout en\u00a0respectant l\u2019\u00e9quilibre naturel\u00a0de la peau gr\u00e2ce \u00e0 son\u00a0pH physiologique. Le zinc est reconnu pour ses propri\u00e9t\u00e9s antibact\u00e9riennes et anti-inflammatoires, tandis que le cuivre r\u00e9gule la production de s\u00e9bum. Les probiotiques, quant \u00e0 eux, participent \u00e0 renforcer la barri\u00e8re cutan\u00e9e pour une peau plus r\u00e9sistante face aux agressions ext\u00e9rieures.<br \/>\nD\u00e8s le\u00a0premier rin\u00e7age, la peau est\u00a0d\u00e9barrass\u00e9e des impuret\u00e9s et particules de pollution\u00a0(91 % des utilisatrices l\u2019ont constat\u00e9), et le\u00a0s\u00e9bum est visiblement r\u00e9duit\u00a0(94 %). Apr\u00e8s\u00a04 semaines d\u2019utilisation, les pores sont resserr\u00e9s, le grain de peau affin\u00e9 (83 %) et les\u00a0marques d\u2019imperfections att\u00e9nu\u00e9es\u00a0(98 %).<br \/>\nCe gel est\u00a0hypoallerg\u00e9nique,\u00a0test\u00e9 sous contr\u00f4le dermatologique\u00a0et\u00a0convient aux peaux sensibles, faisant de lui un alli\u00e9 id\u00e9al pour une routine visage purifiante tout en douceur.<br \/>\nConseils d&rsquo;utilisation<br \/>\nUtilisez le\u00a0Vichy Normaderm Gel Purifiant Intense\u00a0matin et soir. Appliquez sur le visage humide, faites mousser en massant d\u00e9licatement en \u00e9vitant le contour des yeux, puis rincez abondamment \u00e0 l\u2019eau claire.<br \/>\nComposition<br \/>\nAqua\/Water, Coco-Betaine, Propanediol, PEG-120 Methyl Glucose Dioleate, Sodium Chloride, Sodium Cocoyl Glycinate, Dipropylene Glycol, Zinc Gluconate, Salicylic Acid, Bifida Ferment Lysate, Sodium Hydroxide, Sodium Benzoate, Phenoxyethanol, Copper Gluconate, Caprylyl Glycol, Tetrasodium Glutamate Diacetate, Parfum\/Fragrance<br \/>\nAjouter au Panier<br \/>\nAjouter au Panier<br \/>\nAjouter au Panier<br \/>\nAjouter au Panier<br \/>\nAjouter au Panier<br \/>\nAjouter au Panier<br \/>\nAjouter au Panier<\/p>\n","protected":false},"excerpt":{"rendered":"<p>.elementor-227 .elementor-element.elementor-element-1a8c03b8 .elementor-tab-title, .elementor-227 .elementor-element.elementor-element-1a8c03b8 .elementor-tab-title:before, .elementor-227 .elementor-element.elementor-element-1a8c03b8 .elementor-tab-title:after, .elementor-227 .elementor-element.elementor-element-1a8c03b8 .elementor-tab-content, .elementor-227 .elementor-element.elementor-element-1a8c03b8 .elementor-tabs-content-wrapper{border-width:0.5px;}.elementor-227 .elementor-element.elementor-element-1a8c03b8 .elementor-tab-title{color:#000000;}.elementor-227 .elementor-element.elementor-element-1a8c03b8 .elementor-tab-title.elementor-active{color:#00a28d;}.elementor-227 .elementor-element.elementor-element-1a8c03b8<\/p>\n","protected":false},"featured_media":12352,"comment_status":"open","ping_status":"closed","template":"","meta":[],"product_brand":[139],"product_cat":[161],"product_tag":[],"class_list":{"0":"post-12331","1":"product","2":"type-product","3":"status-publish","4":"has-post-thumbnail","6":"product_brand-vichy","7":"product_cat-hygiene-visage","9":"first","10":"instock","11":"sale","12":"shipping-taxable","13":"purchasable","14":"product-type-simple"},"yoast_head":"<!-- This site is optimized with the Yoast SEO plugin v26.6 - https:\/\/yoast.com\/wordpress\/plugins\/seo\/ -->\r\n<title>VICHY NORMADERM GEL PURIFIANT INTENSE PEAU GRASSE ET ACNEIQUE 400 ML - Paracherkaoui.ma<\/title>\r\n<meta name=\"robots\" content=\"index, follow, max-snippet:-1, max-image-preview:large, max-video-preview:-1\" \/>\r\n<link rel=\"canonical\" href=\"https:\/\/paracherkaoui.ma\/index.php\/produit\/vichy-normaderm-gel-purifiant-intense-peau-grasse-et-acneique-400-ml\/\" \/>\r\n<meta property=\"og:locale\" content=\"fr_FR\" \/>\r\n<meta property=\"og:type\" content=\"article\" \/>\r\n<meta property=\"og:title\" content=\"VICHY NORMADERM GEL PURIFIANT INTENSE PEAU GRASSE ET ACNEIQUE 400 ML - Paracherkaoui.ma\" \/>\r\n<meta property=\"og:description\" content=\".elementor-227 .elementor-element.elementor-element-1a8c03b8 .elementor-tab-title, .elementor-227 .elementor-element.elementor-element-1a8c03b8 .elementor-tab-title:before, .elementor-227 .elementor-element.elementor-element-1a8c03b8 .elementor-tab-title:after, .elementor-227 .elementor-element.elementor-element-1a8c03b8 .elementor-tab-content, .elementor-227 .elementor-element.elementor-element-1a8c03b8 .elementor-tabs-content-wrapper{border-width:0.5px;}.elementor-227 .elementor-element.elementor-element-1a8c03b8 .elementor-tab-title{color:#000000;}.elementor-227 .elementor-element.elementor-element-1a8c03b8 .elementor-tab-title.elementor-active{color:#00a28d;}.elementor-227 .elementor-element.elementor-element-1a8c03b8\" \/>\r\n<meta property=\"og:url\" content=\"https:\/\/paracherkaoui.ma\/index.php\/produit\/vichy-normaderm-gel-purifiant-intense-peau-grasse-et-acneique-400-ml\/\" \/>\r\n<meta property=\"og:site_name\" content=\"Paracherkaoui.ma\" \/>\r\n<meta property=\"article:modified_time\" content=\"2025-12-12T16:45:55+00:00\" \/>\r\n<meta property=\"og:image\" content=\"https:\/\/paracherkaoui.ma\/wp-content\/uploads\/2025\/12\/vichy-vichy-normaderm-gel-purifiant-intense-peau-grasse-et-acneique-400-ml-soins-anti-imperfections.jpg\" \/>\r\n\t<meta property=\"og:image:width\" content=\"700\" \/>\r\n\t<meta property=\"og:image:height\" content=\"700\" \/>\r\n\t<meta property=\"og:image:type\" content=\"image\/jpeg\" \/>\r\n<meta name=\"twitter:card\" content=\"summary_large_image\" \/>\r\n<meta name=\"twitter:label1\" content=\"Dur\u00e9e de lecture estim\u00e9e\" \/>\n\t<meta name=\"twitter:data1\" content=\"4 minutes\" \/>\r\n<script type=\"application\/ld+json\" class=\"yoast-schema-graph\">{\"@context\":\"https:\/\/schema.org\",\"@graph\":[{\"@type\":\"WebPage\",\"@id\":\"https:\/\/paracherkaoui.ma\/index.php\/produit\/vichy-normaderm-gel-purifiant-intense-peau-grasse-et-acneique-400-ml\/\",\"url\":\"https:\/\/paracherkaoui.ma\/index.php\/produit\/vichy-normaderm-gel-purifiant-intense-peau-grasse-et-acneique-400-ml\/\",\"name\":\"VICHY NORMADERM GEL PURIFIANT INTENSE PEAU GRASSE ET ACNEIQUE 400 ML - Paracherkaoui.ma\",\"isPartOf\":{\"@id\":\"https:\/\/paracherkaoui.ma\/#website\"},\"primaryImageOfPage\":{\"@id\":\"https:\/\/paracherkaoui.ma\/index.php\/produit\/vichy-normaderm-gel-purifiant-intense-peau-grasse-et-acneique-400-ml\/#primaryimage\"},\"image\":{\"@id\":\"https:\/\/paracherkaoui.ma\/index.php\/produit\/vichy-normaderm-gel-purifiant-intense-peau-grasse-et-acneique-400-ml\/#primaryimage\"},\"thumbnailUrl\":\"https:\/\/paracherkaoui.ma\/wp-content\/uploads\/2025\/12\/vichy-vichy-normaderm-gel-purifiant-intense-peau-grasse-et-acneique-400-ml-soins-anti-imperfections.jpg\",\"datePublished\":\"2025-12-12T16:45:53+00:00\",\"dateModified\":\"2025-12-12T16:45:55+00:00\",\"breadcrumb\":{\"@id\":\"https:\/\/paracherkaoui.ma\/index.php\/produit\/vichy-normaderm-gel-purifiant-intense-peau-grasse-et-acneique-400-ml\/#breadcrumb\"},\"inLanguage\":\"fr-FR\",\"potentialAction\":[{\"@type\":\"ReadAction\",\"target\":[\"https:\/\/paracherkaoui.ma\/index.php\/produit\/vichy-normaderm-gel-purifiant-intense-peau-grasse-et-acneique-400-ml\/\"]}]},{\"@type\":\"ImageObject\",\"inLanguage\":\"fr-FR\",\"@id\":\"https:\/\/paracherkaoui.ma\/index.php\/produit\/vichy-normaderm-gel-purifiant-intense-peau-grasse-et-acneique-400-ml\/#primaryimage\",\"url\":\"https:\/\/paracherkaoui.ma\/wp-content\/uploads\/2025\/12\/vichy-vichy-normaderm-gel-purifiant-intense-peau-grasse-et-acneique-400-ml-soins-anti-imperfections.jpg\",\"contentUrl\":\"https:\/\/paracherkaoui.ma\/wp-content\/uploads\/2025\/12\/vichy-vichy-normaderm-gel-purifiant-intense-peau-grasse-et-acneique-400-ml-soins-anti-imperfections.jpg\",\"width\":700,\"height\":700},{\"@type\":\"BreadcrumbList\",\"@id\":\"https:\/\/paracherkaoui.ma\/index.php\/produit\/vichy-normaderm-gel-purifiant-intense-peau-grasse-et-acneique-400-ml\/#breadcrumb\",\"itemListElement\":[{\"@type\":\"ListItem\",\"position\":1,\"name\":\"Accueil\",\"item\":\"https:\/\/paracherkaoui.ma\/\"},{\"@type\":\"ListItem\",\"position\":2,\"name\":\"Boutique\",\"item\":\"https:\/\/paracherkaoui.ma\/index.php\/boutique\/\"},{\"@type\":\"ListItem\",\"position\":3,\"name\":\"VICHY NORMADERM GEL PURIFIANT INTENSE PEAU GRASSE ET ACNEIQUE 400 ML\"}]},{\"@type\":\"WebSite\",\"@id\":\"https:\/\/paracherkaoui.ma\/#website\",\"url\":\"https:\/\/paracherkaoui.ma\/\",\"name\":\"Paracherkaoui.ma\",\"description\":\"Achetez en ligne sur Paracherkaoui.ma\",\"potentialAction\":[{\"@type\":\"SearchAction\",\"target\":{\"@type\":\"EntryPoint\",\"urlTemplate\":\"https:\/\/paracherkaoui.ma\/?s={search_term_string}\"},\"query-input\":{\"@type\":\"PropertyValueSpecification\",\"valueRequired\":true,\"valueName\":\"search_term_string\"}}],\"inLanguage\":\"fr-FR\"}]}<\/script>\r\n<!-- \/ Yoast SEO plugin. -->","yoast_head_json":{"title":"VICHY NORMADERM GEL PURIFIANT INTENSE PEAU GRASSE ET ACNEIQUE 400 ML - Paracherkaoui.ma","robots":{"index":"index","follow":"follow","max-snippet":"max-snippet:-1","max-image-preview":"max-image-preview:large","max-video-preview":"max-video-preview:-1"},"canonical":"https:\/\/paracherkaoui.ma\/index.php\/produit\/vichy-normaderm-gel-purifiant-intense-peau-grasse-et-acneique-400-ml\/","og_locale":"fr_FR","og_type":"article","og_title":"VICHY NORMADERM GEL PURIFIANT INTENSE PEAU GRASSE ET ACNEIQUE 400 ML - Paracherkaoui.ma","og_description":".elementor-227 .elementor-element.elementor-element-1a8c03b8 .elementor-tab-title, .elementor-227 .elementor-element.elementor-element-1a8c03b8 .elementor-tab-title:before, .elementor-227 .elementor-element.elementor-element-1a8c03b8 .elementor-tab-title:after, .elementor-227 .elementor-element.elementor-element-1a8c03b8 .elementor-tab-content, .elementor-227 .elementor-element.elementor-element-1a8c03b8 .elementor-tabs-content-wrapper{border-width:0.5px;}.elementor-227 .elementor-element.elementor-element-1a8c03b8 .elementor-tab-title{color:#000000;}.elementor-227 .elementor-element.elementor-element-1a8c03b8 .elementor-tab-title.elementor-active{color:#00a28d;}.elementor-227 .elementor-element.elementor-element-1a8c03b8","og_url":"https:\/\/paracherkaoui.ma\/index.php\/produit\/vichy-normaderm-gel-purifiant-intense-peau-grasse-et-acneique-400-ml\/","og_site_name":"Paracherkaoui.ma","article_modified_time":"2025-12-12T16:45:55+00:00","og_image":[{"width":700,"height":700,"url":"https:\/\/paracherkaoui.ma\/wp-content\/uploads\/2025\/12\/vichy-vichy-normaderm-gel-purifiant-intense-peau-grasse-et-acneique-400-ml-soins-anti-imperfections.jpg","type":"image\/jpeg"}],"twitter_card":"summary_large_image","twitter_misc":{"Dur\u00e9e de lecture estim\u00e9e":"4 minutes"},"schema":{"@context":"https:\/\/schema.org","@graph":[{"@type":"WebPage","@id":"https:\/\/paracherkaoui.ma\/index.php\/produit\/vichy-normaderm-gel-purifiant-intense-peau-grasse-et-acneique-400-ml\/","url":"https:\/\/paracherkaoui.ma\/index.php\/produit\/vichy-normaderm-gel-purifiant-intense-peau-grasse-et-acneique-400-ml\/","name":"VICHY NORMADERM GEL PURIFIANT INTENSE PEAU GRASSE ET ACNEIQUE 400 ML - Paracherkaoui.ma","isPartOf":{"@id":"https:\/\/paracherkaoui.ma\/#website"},"primaryImageOfPage":{"@id":"https:\/\/paracherkaoui.ma\/index.php\/produit\/vichy-normaderm-gel-purifiant-intense-peau-grasse-et-acneique-400-ml\/#primaryimage"},"image":{"@id":"https:\/\/paracherkaoui.ma\/index.php\/produit\/vichy-normaderm-gel-purifiant-intense-peau-grasse-et-acneique-400-ml\/#primaryimage"},"thumbnailUrl":"https:\/\/paracherkaoui.ma\/wp-content\/uploads\/2025\/12\/vichy-vichy-normaderm-gel-purifiant-intense-peau-grasse-et-acneique-400-ml-soins-anti-imperfections.jpg","datePublished":"2025-12-12T16:45:53+00:00","dateModified":"2025-12-12T16:45:55+00:00","breadcrumb":{"@id":"https:\/\/paracherkaoui.ma\/index.php\/produit\/vichy-normaderm-gel-purifiant-intense-peau-grasse-et-acneique-400-ml\/#breadcrumb"},"inLanguage":"fr-FR","potentialAction":[{"@type":"ReadAction","target":["https:\/\/paracherkaoui.ma\/index.php\/produit\/vichy-normaderm-gel-purifiant-intense-peau-grasse-et-acneique-400-ml\/"]}]},{"@type":"ImageObject","inLanguage":"fr-FR","@id":"https:\/\/paracherkaoui.ma\/index.php\/produit\/vichy-normaderm-gel-purifiant-intense-peau-grasse-et-acneique-400-ml\/#primaryimage","url":"https:\/\/paracherkaoui.ma\/wp-content\/uploads\/2025\/12\/vichy-vichy-normaderm-gel-purifiant-intense-peau-grasse-et-acneique-400-ml-soins-anti-imperfections.jpg","contentUrl":"https:\/\/paracherkaoui.ma\/wp-content\/uploads\/2025\/12\/vichy-vichy-normaderm-gel-purifiant-intense-peau-grasse-et-acneique-400-ml-soins-anti-imperfections.jpg","width":700,"height":700},{"@type":"BreadcrumbList","@id":"https:\/\/paracherkaoui.ma\/index.php\/produit\/vichy-normaderm-gel-purifiant-intense-peau-grasse-et-acneique-400-ml\/#breadcrumb","itemListElement":[{"@type":"ListItem","position":1,"name":"Accueil","item":"https:\/\/paracherkaoui.ma\/"},{"@type":"ListItem","position":2,"name":"Boutique","item":"https:\/\/paracherkaoui.ma\/index.php\/boutique\/"},{"@type":"ListItem","position":3,"name":"VICHY NORMADERM GEL PURIFIANT INTENSE PEAU GRASSE ET ACNEIQUE 400 ML"}]},{"@type":"WebSite","@id":"https:\/\/paracherkaoui.ma\/#website","url":"https:\/\/paracherkaoui.ma\/","name":"Paracherkaoui.ma","description":"Achetez en ligne sur Paracherkaoui.ma","potentialAction":[{"@type":"SearchAction","target":{"@type":"EntryPoint","urlTemplate":"https:\/\/paracherkaoui.ma\/?s={search_term_string}"},"query-input":{"@type":"PropertyValueSpecification","valueRequired":true,"valueName":"search_term_string"}}],"inLanguage":"fr-FR"}]}},"_links":{"self":[{"href":"https:\/\/paracherkaoui.ma\/index.php\/wp-json\/wp\/v2\/product\/12331","targetHints":{"allow":["GET"]}}],"collection":[{"href":"https:\/\/paracherkaoui.ma\/index.php\/wp-json\/wp\/v2\/product"}],"about":[{"href":"https:\/\/paracherkaoui.ma\/index.php\/wp-json\/wp\/v2\/types\/product"}],"replies":[{"embeddable":true,"href":"https:\/\/paracherkaoui.ma\/index.php\/wp-json\/wp\/v2\/comments?post=12331"}],"version-history":[{"count":1,"href":"https:\/\/paracherkaoui.ma\/index.php\/wp-json\/wp\/v2\/product\/12331\/revisions"}],"predecessor-version":[{"id":12353,"href":"https:\/\/paracherkaoui.ma\/index.php\/wp-json\/wp\/v2\/product\/12331\/revisions\/12353"}],"wp:featuredmedia":[{"embeddable":true,"href":"https:\/\/paracherkaoui.ma\/index.php\/wp-json\/wp\/v2\/media\/12352"}],"wp:attachment":[{"href":"https:\/\/paracherkaoui.ma\/index.php\/wp-json\/wp\/v2\/media?parent=12331"}],"wp:term":[{"taxonomy":"product_brand","embeddable":true,"href":"https:\/\/paracherkaoui.ma\/index.php\/wp-json\/wp\/v2\/product_brand?post=12331"},{"taxonomy":"product_cat","embeddable":true,"href":"https:\/\/paracherkaoui.ma\/index.php\/wp-json\/wp\/v2\/product_cat?post=12331"},{"taxonomy":"product_tag","embeddable":true,"href":"https:\/\/paracherkaoui.ma\/index.php\/wp-json\/wp\/v2\/product_tag?post=12331"}],"curies":[{"name":"wp","href":"https:\/\/api.w.org\/{rel}","templated":true}]}}