{"id":12328,"date":"2025-12-12T17:45:53","date_gmt":"2025-12-12T16:45:53","guid":{"rendered":"https:\/\/test.ecbeaute.com\/?post_type=product&#038;p=12328"},"modified":"2025-12-12T17:45:54","modified_gmt":"2025-12-12T16:45:54","slug":"la-roche-posay-toleriane-dermo-nettoyant-200-ml-2","status":"publish","type":"product","link":"https:\/\/paracherkaoui.ma\/index.php\/produit\/la-roche-posay-toleriane-dermo-nettoyant-200-ml-2\/","title":{"rendered":"LA ROCHE POSAY TOLERIANE DERMO NETTOYANT 200 ML"},"content":{"rendered":"<p>La Roche-Posay Tol\u00e9riane Dermo-nettoyant 200<br \/>\nCe fluide d\u00e9maquillant nettoie et \u00e9limine toutes les traces de maquillage qui obstruent les pores de votre peau.<br \/>\nLib\u00e9r\u00e9e en profondeur, les peaux intol\u00e9rantes peuvent respirer pleinement. Hydratant et adoucissant, il convient parfaitement \u00e0 tous les types de peaux intol\u00e9rantes<br \/>\nConseils d&rsquo;utilisation:<br \/>\n\u2022Appliquez du bout des doigts, en massant de mani\u00e8re circulaire, puis essuyer soigneusement \u00e0 l\u2019aide d\u2019un coton, sans frotter.<br \/>\n\u2022S\u2019utilise avec ou sans rin\u00e7age.<br \/>\n\u2022Sa formule ne contient que 8 ingr\u00e9dients pour minimiser les risques d\u2019allergie.<br \/>\n\u2022Pour un maquillage des yeux soutenu, utiliser un d\u00e9maquillant sp\u00e9cifique<\/p>\n","protected":false},"excerpt":{"rendered":"<p>La Roche-Posay Tol\u00e9riane Dermo-nettoyant 200 Ce fluide d\u00e9maquillant nettoie et \u00e9limine toutes les traces de maquillage qui obstruent les pores<\/p>\n","protected":false},"featured_media":11579,"comment_status":"open","ping_status":"closed","template":"","meta":[],"product_brand":[132],"product_cat":[161],"product_tag":[],"class_list":{"0":"post-12328","1":"product","2":"type-product","3":"status-publish","4":"has-post-thumbnail","6":"product_brand-la-roche-posay","7":"product_cat-hygiene-visage","9":"first","10":"instock","11":"sale","12":"shipping-taxable","13":"purchasable","14":"product-type-simple"},"yoast_head":"<!-- This site is optimized with the Yoast SEO plugin v26.6 - https:\/\/yoast.com\/wordpress\/plugins\/seo\/ -->\r\n<title>LA ROCHE POSAY TOLERIANE DERMO NETTOYANT 200 ML - Paracherkaoui.ma<\/title>\r\n<meta name=\"robots\" content=\"index, follow, max-snippet:-1, max-image-preview:large, max-video-preview:-1\" \/>\r\n<link rel=\"canonical\" href=\"https:\/\/paracherkaoui.ma\/index.php\/produit\/la-roche-posay-toleriane-dermo-nettoyant-200-ml-2\/\" \/>\r\n<meta property=\"og:locale\" content=\"fr_FR\" \/>\r\n<meta property=\"og:type\" content=\"article\" \/>\r\n<meta property=\"og:title\" content=\"LA ROCHE POSAY TOLERIANE DERMO NETTOYANT 200 ML - Paracherkaoui.ma\" \/>\r\n<meta property=\"og:description\" content=\"La Roche-Posay Tol\u00e9riane Dermo-nettoyant 200 Ce fluide d\u00e9maquillant nettoie et \u00e9limine toutes les traces de maquillage qui obstruent les pores\" \/>\r\n<meta property=\"og:url\" content=\"https:\/\/paracherkaoui.ma\/index.php\/produit\/la-roche-posay-toleriane-dermo-nettoyant-200-ml-2\/\" \/>\r\n<meta property=\"og:site_name\" content=\"Paracherkaoui.ma\" \/>\r\n<meta property=\"article:modified_time\" content=\"2025-12-12T16:45:54+00:00\" \/>\r\n<meta property=\"og:image\" content=\"https:\/\/paracherkaoui.ma\/wp-content\/uploads\/2025\/12\/la-roche-posay-la-roche-posay-toleriane-dermo-nettoyant-200-ml-hygiene-visage.jpg\" \/>\r\n\t<meta property=\"og:image:width\" content=\"700\" \/>\r\n\t<meta property=\"og:image:height\" content=\"700\" \/>\r\n\t<meta property=\"og:image:type\" content=\"image\/jpeg\" \/>\r\n<meta name=\"twitter:card\" content=\"summary_large_image\" \/>\r\n<meta name=\"twitter:label1\" content=\"Dur\u00e9e de lecture estim\u00e9e\" \/>\n\t<meta name=\"twitter:data1\" content=\"1 minute\" \/>\r\n<script type=\"application\/ld+json\" class=\"yoast-schema-graph\">{\"@context\":\"https:\/\/schema.org\",\"@graph\":[{\"@type\":\"WebPage\",\"@id\":\"https:\/\/paracherkaoui.ma\/index.php\/produit\/la-roche-posay-toleriane-dermo-nettoyant-200-ml-2\/\",\"url\":\"https:\/\/paracherkaoui.ma\/index.php\/produit\/la-roche-posay-toleriane-dermo-nettoyant-200-ml-2\/\",\"name\":\"LA ROCHE POSAY TOLERIANE DERMO NETTOYANT 200 ML - Paracherkaoui.ma\",\"isPartOf\":{\"@id\":\"https:\/\/paracherkaoui.ma\/#website\"},\"primaryImageOfPage\":{\"@id\":\"https:\/\/paracherkaoui.ma\/index.php\/produit\/la-roche-posay-toleriane-dermo-nettoyant-200-ml-2\/#primaryimage\"},\"image\":{\"@id\":\"https:\/\/paracherkaoui.ma\/index.php\/produit\/la-roche-posay-toleriane-dermo-nettoyant-200-ml-2\/#primaryimage\"},\"thumbnailUrl\":\"https:\/\/paracherkaoui.ma\/wp-content\/uploads\/2025\/12\/la-roche-posay-la-roche-posay-toleriane-dermo-nettoyant-200-ml-hygiene-visage.jpg\",\"datePublished\":\"2025-12-12T16:45:53+00:00\",\"dateModified\":\"2025-12-12T16:45:54+00:00\",\"breadcrumb\":{\"@id\":\"https:\/\/paracherkaoui.ma\/index.php\/produit\/la-roche-posay-toleriane-dermo-nettoyant-200-ml-2\/#breadcrumb\"},\"inLanguage\":\"fr-FR\",\"potentialAction\":[{\"@type\":\"ReadAction\",\"target\":[\"https:\/\/paracherkaoui.ma\/index.php\/produit\/la-roche-posay-toleriane-dermo-nettoyant-200-ml-2\/\"]}]},{\"@type\":\"ImageObject\",\"inLanguage\":\"fr-FR\",\"@id\":\"https:\/\/paracherkaoui.ma\/index.php\/produit\/la-roche-posay-toleriane-dermo-nettoyant-200-ml-2\/#primaryimage\",\"url\":\"https:\/\/paracherkaoui.ma\/wp-content\/uploads\/2025\/12\/la-roche-posay-la-roche-posay-toleriane-dermo-nettoyant-200-ml-hygiene-visage.jpg\",\"contentUrl\":\"https:\/\/paracherkaoui.ma\/wp-content\/uploads\/2025\/12\/la-roche-posay-la-roche-posay-toleriane-dermo-nettoyant-200-ml-hygiene-visage.jpg\",\"width\":700,\"height\":700},{\"@type\":\"BreadcrumbList\",\"@id\":\"https:\/\/paracherkaoui.ma\/index.php\/produit\/la-roche-posay-toleriane-dermo-nettoyant-200-ml-2\/#breadcrumb\",\"itemListElement\":[{\"@type\":\"ListItem\",\"position\":1,\"name\":\"Accueil\",\"item\":\"https:\/\/paracherkaoui.ma\/\"},{\"@type\":\"ListItem\",\"position\":2,\"name\":\"Boutique\",\"item\":\"https:\/\/paracherkaoui.ma\/index.php\/boutique\/\"},{\"@type\":\"ListItem\",\"position\":3,\"name\":\"LA ROCHE POSAY TOLERIANE DERMO NETTOYANT 200 ML\"}]},{\"@type\":\"WebSite\",\"@id\":\"https:\/\/paracherkaoui.ma\/#website\",\"url\":\"https:\/\/paracherkaoui.ma\/\",\"name\":\"Paracherkaoui.ma\",\"description\":\"Achetez en ligne sur Paracherkaoui.ma\",\"potentialAction\":[{\"@type\":\"SearchAction\",\"target\":{\"@type\":\"EntryPoint\",\"urlTemplate\":\"https:\/\/paracherkaoui.ma\/?s={search_term_string}\"},\"query-input\":{\"@type\":\"PropertyValueSpecification\",\"valueRequired\":true,\"valueName\":\"search_term_string\"}}],\"inLanguage\":\"fr-FR\"}]}<\/script>\r\n<!-- \/ Yoast SEO plugin. -->","yoast_head_json":{"title":"LA ROCHE POSAY TOLERIANE DERMO NETTOYANT 200 ML - Paracherkaoui.ma","robots":{"index":"index","follow":"follow","max-snippet":"max-snippet:-1","max-image-preview":"max-image-preview:large","max-video-preview":"max-video-preview:-1"},"canonical":"https:\/\/paracherkaoui.ma\/index.php\/produit\/la-roche-posay-toleriane-dermo-nettoyant-200-ml-2\/","og_locale":"fr_FR","og_type":"article","og_title":"LA ROCHE POSAY TOLERIANE DERMO NETTOYANT 200 ML - Paracherkaoui.ma","og_description":"La Roche-Posay Tol\u00e9riane Dermo-nettoyant 200 Ce fluide d\u00e9maquillant nettoie et \u00e9limine toutes les traces de maquillage qui obstruent les pores","og_url":"https:\/\/paracherkaoui.ma\/index.php\/produit\/la-roche-posay-toleriane-dermo-nettoyant-200-ml-2\/","og_site_name":"Paracherkaoui.ma","article_modified_time":"2025-12-12T16:45:54+00:00","og_image":[{"width":700,"height":700,"url":"https:\/\/paracherkaoui.ma\/wp-content\/uploads\/2025\/12\/la-roche-posay-la-roche-posay-toleriane-dermo-nettoyant-200-ml-hygiene-visage.jpg","type":"image\/jpeg"}],"twitter_card":"summary_large_image","twitter_misc":{"Dur\u00e9e de lecture estim\u00e9e":"1 minute"},"schema":{"@context":"https:\/\/schema.org","@graph":[{"@type":"WebPage","@id":"https:\/\/paracherkaoui.ma\/index.php\/produit\/la-roche-posay-toleriane-dermo-nettoyant-200-ml-2\/","url":"https:\/\/paracherkaoui.ma\/index.php\/produit\/la-roche-posay-toleriane-dermo-nettoyant-200-ml-2\/","name":"LA ROCHE POSAY TOLERIANE DERMO NETTOYANT 200 ML - Paracherkaoui.ma","isPartOf":{"@id":"https:\/\/paracherkaoui.ma\/#website"},"primaryImageOfPage":{"@id":"https:\/\/paracherkaoui.ma\/index.php\/produit\/la-roche-posay-toleriane-dermo-nettoyant-200-ml-2\/#primaryimage"},"image":{"@id":"https:\/\/paracherkaoui.ma\/index.php\/produit\/la-roche-posay-toleriane-dermo-nettoyant-200-ml-2\/#primaryimage"},"thumbnailUrl":"https:\/\/paracherkaoui.ma\/wp-content\/uploads\/2025\/12\/la-roche-posay-la-roche-posay-toleriane-dermo-nettoyant-200-ml-hygiene-visage.jpg","datePublished":"2025-12-12T16:45:53+00:00","dateModified":"2025-12-12T16:45:54+00:00","breadcrumb":{"@id":"https:\/\/paracherkaoui.ma\/index.php\/produit\/la-roche-posay-toleriane-dermo-nettoyant-200-ml-2\/#breadcrumb"},"inLanguage":"fr-FR","potentialAction":[{"@type":"ReadAction","target":["https:\/\/paracherkaoui.ma\/index.php\/produit\/la-roche-posay-toleriane-dermo-nettoyant-200-ml-2\/"]}]},{"@type":"ImageObject","inLanguage":"fr-FR","@id":"https:\/\/paracherkaoui.ma\/index.php\/produit\/la-roche-posay-toleriane-dermo-nettoyant-200-ml-2\/#primaryimage","url":"https:\/\/paracherkaoui.ma\/wp-content\/uploads\/2025\/12\/la-roche-posay-la-roche-posay-toleriane-dermo-nettoyant-200-ml-hygiene-visage.jpg","contentUrl":"https:\/\/paracherkaoui.ma\/wp-content\/uploads\/2025\/12\/la-roche-posay-la-roche-posay-toleriane-dermo-nettoyant-200-ml-hygiene-visage.jpg","width":700,"height":700},{"@type":"BreadcrumbList","@id":"https:\/\/paracherkaoui.ma\/index.php\/produit\/la-roche-posay-toleriane-dermo-nettoyant-200-ml-2\/#breadcrumb","itemListElement":[{"@type":"ListItem","position":1,"name":"Accueil","item":"https:\/\/paracherkaoui.ma\/"},{"@type":"ListItem","position":2,"name":"Boutique","item":"https:\/\/paracherkaoui.ma\/index.php\/boutique\/"},{"@type":"ListItem","position":3,"name":"LA ROCHE POSAY TOLERIANE DERMO NETTOYANT 200 ML"}]},{"@type":"WebSite","@id":"https:\/\/paracherkaoui.ma\/#website","url":"https:\/\/paracherkaoui.ma\/","name":"Paracherkaoui.ma","description":"Achetez en ligne sur Paracherkaoui.ma","potentialAction":[{"@type":"SearchAction","target":{"@type":"EntryPoint","urlTemplate":"https:\/\/paracherkaoui.ma\/?s={search_term_string}"},"query-input":{"@type":"PropertyValueSpecification","valueRequired":true,"valueName":"search_term_string"}}],"inLanguage":"fr-FR"}]}},"_links":{"self":[{"href":"https:\/\/paracherkaoui.ma\/index.php\/wp-json\/wp\/v2\/product\/12328","targetHints":{"allow":["GET"]}}],"collection":[{"href":"https:\/\/paracherkaoui.ma\/index.php\/wp-json\/wp\/v2\/product"}],"about":[{"href":"https:\/\/paracherkaoui.ma\/index.php\/wp-json\/wp\/v2\/types\/product"}],"replies":[{"embeddable":true,"href":"https:\/\/paracherkaoui.ma\/index.php\/wp-json\/wp\/v2\/comments?post=12328"}],"version-history":[{"count":1,"href":"https:\/\/paracherkaoui.ma\/index.php\/wp-json\/wp\/v2\/product\/12328\/revisions"}],"predecessor-version":[{"id":12348,"href":"https:\/\/paracherkaoui.ma\/index.php\/wp-json\/wp\/v2\/product\/12328\/revisions\/12348"}],"wp:featuredmedia":[{"embeddable":true,"href":"https:\/\/paracherkaoui.ma\/index.php\/wp-json\/wp\/v2\/media\/11579"}],"wp:attachment":[{"href":"https:\/\/paracherkaoui.ma\/index.php\/wp-json\/wp\/v2\/media?parent=12328"}],"wp:term":[{"taxonomy":"product_brand","embeddable":true,"href":"https:\/\/paracherkaoui.ma\/index.php\/wp-json\/wp\/v2\/product_brand?post=12328"},{"taxonomy":"product_cat","embeddable":true,"href":"https:\/\/paracherkaoui.ma\/index.php\/wp-json\/wp\/v2\/product_cat?post=12328"},{"taxonomy":"product_tag","embeddable":true,"href":"https:\/\/paracherkaoui.ma\/index.php\/wp-json\/wp\/v2\/product_tag?post=12328"}],"curies":[{"name":"wp","href":"https:\/\/api.w.org\/{rel}","templated":true}]}}