{"id":12281,"date":"2025-12-12T17:45:50","date_gmt":"2025-12-12T16:45:50","guid":{"rendered":"https:\/\/test.ecbeaute.com\/?post_type=product&#038;p=12281"},"modified":"2025-12-12T17:45:52","modified_gmt":"2025-12-12T16:45:52","slug":"cerave-huile-lavante-moussante-hydratante-236-ml-3","status":"publish","type":"product","link":"https:\/\/paracherkaoui.ma\/index.php\/produit\/cerave-huile-lavante-moussante-hydratante-236-ml-3\/","title":{"rendered":"CERAVE HUILE LAVANTE MOUSSANTE HYDRATANTE 236 ML"},"content":{"rendered":"<p>Cette huile lavante moussante hydratante est enrichie en c\u00e9ramides essentiels (1, 3, 6-II) qui aident \u00e0 restaurer la barri\u00e8re cutan\u00e9e, en acide hyaluronique pour une hydratation en profondeur, et en triglyc\u00e9rides et squalane, lipides naturellement pr\u00e9sents dans la peau, pour un confort imm\u00e9diat sous la douche. Elle \u00e9limine en douceur les impuret\u00e9s, la pollution et les r\u00e9sidus tout en apaisant les sensations de tiraillement.<br \/>\nSa mousse l\u00e9g\u00e8re et onctueuse respecte l\u2019\u00e9quilibre naturel de la peau gr\u00e2ce \u00e0 une base lavante douce formul\u00e9e \u00e0 partir d\u2019acides amin\u00e9s. Elle ne laisse aucun film gras, se rince facilement et convient parfaitement au visage, corps et zones intimes. Test\u00e9e sous contr\u00f4le gyn\u00e9cologique, sans parfum et non com\u00e9dog\u00e8ne, elle convient aux nourrissons d\u00e8s 1 mois, aux enfants et aux adultes.<br \/>\nGr\u00e2ce \u00e0 la technologie brevet\u00e9e MVE, cette huile lavante moussante assure une diffusion prolong\u00e9e des actifs, offrant une hydratation continue pendant 24h. Une peau apais\u00e9e, propre et douce d\u00e8s la sortie de la douche.<br \/>\nConseils d\u2019utilisation<br \/>\nAppliquez une noisette de l\u2019huile lavante moussante hydratante sur la peau humide, sous la douche.<br \/>\nFaites mousser d\u00e9licatement sur le visage et le corps. \u00c9vitez le contour des yeux.<br \/>\nRincez abondamment \u00e0 l\u2019eau claire.<br \/>\nS\u00e9chez en tamponnant doucement avec une serviette, sans frotter.<br \/>\nCompl\u00e9tez avec un soin hydratant adapt\u00e9 pour renforcer l\u2019hydratation.<br \/>\nComposition<br \/>\nIngr\u00e9dients &#038; Principes Actifs Cl\u00e9s :<br \/>\nC\u00e9ramides 1, 3 et 6-II qui aident \u00e0 restaurer la barri\u00e8re cutan\u00e9e<br \/>\nLes triglyc\u00e9rides et l\u2019huile de squalane nettoient et hydratent la peau tout en la relipidant<br \/>\nSyst\u00e8me tensioactif \u00e0 base d\u2019acides amin\u00e9es qui sont \u00e0 l\u2019origine de la texture mousseuse qui hydrate sans laisser de film gras sur la peau<br \/>\nTechnologie brevet\u00e9e de diffusion MVE : lib\u00e9ration contr\u00f4l\u00e9e et prolong\u00e9e d&rsquo;actifs pour une hydratation continue pendant 24h<br \/>\nAqua\/Water, Glycerin, Cetearyl Alcohol, Phenoxyethanol, Stearyl Alcohol, Cetyl Alcohol, PEG-40 Stearate, Behentrimonium Methosulfate, Glyceryl Stearate, Polysorbate 20, Ethylhexylglycerin, Potassium Phosphate, Disodium EDTA, Dipotassium Phosphate, Sodium Lauroyl Lactylate, Ceramide NP, Ceramide AP, Phytosphingosine, Cholesterol, Sodium Hyaluronate, Xanthan Gum, Carbomer, Tocopherol, Ceramide EOP<\/p>\n","protected":false},"excerpt":{"rendered":"<p>Cette huile lavante moussante hydratante est enrichie en c\u00e9ramides essentiels (1, 3, 6-II) qui aident \u00e0 restaurer la barri\u00e8re cutan\u00e9e,<\/p>\n","protected":false},"featured_media":11083,"comment_status":"open","ping_status":"closed","template":"","meta":[],"product_brand":[131],"product_cat":[161],"product_tag":[],"class_list":{"0":"post-12281","1":"product","2":"type-product","3":"status-publish","4":"has-post-thumbnail","6":"product_brand-cerave","7":"product_cat-hygiene-visage","9":"first","10":"instock","11":"sale","12":"shipping-taxable","13":"purchasable","14":"product-type-simple"},"yoast_head":"<!-- This site is optimized with the Yoast SEO plugin v26.6 - https:\/\/yoast.com\/wordpress\/plugins\/seo\/ -->\r\n<title>CERAVE HUILE LAVANTE MOUSSANTE HYDRATANTE 236 ML - Paracherkaoui.ma<\/title>\r\n<meta name=\"robots\" content=\"index, follow, max-snippet:-1, max-image-preview:large, max-video-preview:-1\" \/>\r\n<link rel=\"canonical\" href=\"https:\/\/paracherkaoui.ma\/index.php\/produit\/cerave-huile-lavante-moussante-hydratante-236-ml-3\/\" \/>\r\n<meta property=\"og:locale\" content=\"fr_FR\" \/>\r\n<meta property=\"og:type\" content=\"article\" \/>\r\n<meta property=\"og:title\" content=\"CERAVE HUILE LAVANTE MOUSSANTE HYDRATANTE 236 ML - Paracherkaoui.ma\" \/>\r\n<meta property=\"og:description\" content=\"Cette huile lavante moussante hydratante est enrichie en c\u00e9ramides essentiels (1, 3, 6-II) qui aident \u00e0 restaurer la barri\u00e8re cutan\u00e9e,\" \/>\r\n<meta property=\"og:url\" content=\"https:\/\/paracherkaoui.ma\/index.php\/produit\/cerave-huile-lavante-moussante-hydratante-236-ml-3\/\" \/>\r\n<meta property=\"og:site_name\" content=\"Paracherkaoui.ma\" \/>\r\n<meta property=\"article:modified_time\" content=\"2025-12-12T16:45:52+00:00\" \/>\r\n<meta property=\"og:image\" content=\"https:\/\/paracherkaoui.ma\/wp-content\/uploads\/2025\/12\/cerave-cerave-huile-lavante-moussante-hydratante-236-ml-accueil.jpg\" \/>\r\n\t<meta property=\"og:image:width\" content=\"700\" \/>\r\n\t<meta property=\"og:image:height\" content=\"700\" \/>\r\n\t<meta property=\"og:image:type\" content=\"image\/jpeg\" \/>\r\n<meta name=\"twitter:card\" content=\"summary_large_image\" \/>\r\n<meta name=\"twitter:label1\" content=\"Dur\u00e9e de lecture estim\u00e9e\" \/>\n\t<meta name=\"twitter:data1\" content=\"2 minutes\" \/>\r\n<script type=\"application\/ld+json\" class=\"yoast-schema-graph\">{\"@context\":\"https:\/\/schema.org\",\"@graph\":[{\"@type\":\"WebPage\",\"@id\":\"https:\/\/paracherkaoui.ma\/index.php\/produit\/cerave-huile-lavante-moussante-hydratante-236-ml-3\/\",\"url\":\"https:\/\/paracherkaoui.ma\/index.php\/produit\/cerave-huile-lavante-moussante-hydratante-236-ml-3\/\",\"name\":\"CERAVE HUILE LAVANTE MOUSSANTE HYDRATANTE 236 ML - Paracherkaoui.ma\",\"isPartOf\":{\"@id\":\"https:\/\/paracherkaoui.ma\/#website\"},\"primaryImageOfPage\":{\"@id\":\"https:\/\/paracherkaoui.ma\/index.php\/produit\/cerave-huile-lavante-moussante-hydratante-236-ml-3\/#primaryimage\"},\"image\":{\"@id\":\"https:\/\/paracherkaoui.ma\/index.php\/produit\/cerave-huile-lavante-moussante-hydratante-236-ml-3\/#primaryimage\"},\"thumbnailUrl\":\"https:\/\/paracherkaoui.ma\/wp-content\/uploads\/2025\/12\/cerave-cerave-huile-lavante-moussante-hydratante-236-ml-accueil.jpg\",\"datePublished\":\"2025-12-12T16:45:50+00:00\",\"dateModified\":\"2025-12-12T16:45:52+00:00\",\"breadcrumb\":{\"@id\":\"https:\/\/paracherkaoui.ma\/index.php\/produit\/cerave-huile-lavante-moussante-hydratante-236-ml-3\/#breadcrumb\"},\"inLanguage\":\"fr-FR\",\"potentialAction\":[{\"@type\":\"ReadAction\",\"target\":[\"https:\/\/paracherkaoui.ma\/index.php\/produit\/cerave-huile-lavante-moussante-hydratante-236-ml-3\/\"]}]},{\"@type\":\"ImageObject\",\"inLanguage\":\"fr-FR\",\"@id\":\"https:\/\/paracherkaoui.ma\/index.php\/produit\/cerave-huile-lavante-moussante-hydratante-236-ml-3\/#primaryimage\",\"url\":\"https:\/\/paracherkaoui.ma\/wp-content\/uploads\/2025\/12\/cerave-cerave-huile-lavante-moussante-hydratante-236-ml-accueil.jpg\",\"contentUrl\":\"https:\/\/paracherkaoui.ma\/wp-content\/uploads\/2025\/12\/cerave-cerave-huile-lavante-moussante-hydratante-236-ml-accueil.jpg\",\"width\":700,\"height\":700},{\"@type\":\"BreadcrumbList\",\"@id\":\"https:\/\/paracherkaoui.ma\/index.php\/produit\/cerave-huile-lavante-moussante-hydratante-236-ml-3\/#breadcrumb\",\"itemListElement\":[{\"@type\":\"ListItem\",\"position\":1,\"name\":\"Accueil\",\"item\":\"https:\/\/paracherkaoui.ma\/\"},{\"@type\":\"ListItem\",\"position\":2,\"name\":\"Boutique\",\"item\":\"https:\/\/paracherkaoui.ma\/index.php\/boutique\/\"},{\"@type\":\"ListItem\",\"position\":3,\"name\":\"CERAVE HUILE LAVANTE MOUSSANTE HYDRATANTE 236 ML\"}]},{\"@type\":\"WebSite\",\"@id\":\"https:\/\/paracherkaoui.ma\/#website\",\"url\":\"https:\/\/paracherkaoui.ma\/\",\"name\":\"Paracherkaoui.ma\",\"description\":\"Achetez en ligne sur Paracherkaoui.ma\",\"potentialAction\":[{\"@type\":\"SearchAction\",\"target\":{\"@type\":\"EntryPoint\",\"urlTemplate\":\"https:\/\/paracherkaoui.ma\/?s={search_term_string}\"},\"query-input\":{\"@type\":\"PropertyValueSpecification\",\"valueRequired\":true,\"valueName\":\"search_term_string\"}}],\"inLanguage\":\"fr-FR\"}]}<\/script>\r\n<!-- \/ Yoast SEO plugin. -->","yoast_head_json":{"title":"CERAVE HUILE LAVANTE MOUSSANTE HYDRATANTE 236 ML - Paracherkaoui.ma","robots":{"index":"index","follow":"follow","max-snippet":"max-snippet:-1","max-image-preview":"max-image-preview:large","max-video-preview":"max-video-preview:-1"},"canonical":"https:\/\/paracherkaoui.ma\/index.php\/produit\/cerave-huile-lavante-moussante-hydratante-236-ml-3\/","og_locale":"fr_FR","og_type":"article","og_title":"CERAVE HUILE LAVANTE MOUSSANTE HYDRATANTE 236 ML - Paracherkaoui.ma","og_description":"Cette huile lavante moussante hydratante est enrichie en c\u00e9ramides essentiels (1, 3, 6-II) qui aident \u00e0 restaurer la barri\u00e8re cutan\u00e9e,","og_url":"https:\/\/paracherkaoui.ma\/index.php\/produit\/cerave-huile-lavante-moussante-hydratante-236-ml-3\/","og_site_name":"Paracherkaoui.ma","article_modified_time":"2025-12-12T16:45:52+00:00","og_image":[{"width":700,"height":700,"url":"https:\/\/paracherkaoui.ma\/wp-content\/uploads\/2025\/12\/cerave-cerave-huile-lavante-moussante-hydratante-236-ml-accueil.jpg","type":"image\/jpeg"}],"twitter_card":"summary_large_image","twitter_misc":{"Dur\u00e9e de lecture estim\u00e9e":"2 minutes"},"schema":{"@context":"https:\/\/schema.org","@graph":[{"@type":"WebPage","@id":"https:\/\/paracherkaoui.ma\/index.php\/produit\/cerave-huile-lavante-moussante-hydratante-236-ml-3\/","url":"https:\/\/paracherkaoui.ma\/index.php\/produit\/cerave-huile-lavante-moussante-hydratante-236-ml-3\/","name":"CERAVE HUILE LAVANTE MOUSSANTE HYDRATANTE 236 ML - Paracherkaoui.ma","isPartOf":{"@id":"https:\/\/paracherkaoui.ma\/#website"},"primaryImageOfPage":{"@id":"https:\/\/paracherkaoui.ma\/index.php\/produit\/cerave-huile-lavante-moussante-hydratante-236-ml-3\/#primaryimage"},"image":{"@id":"https:\/\/paracherkaoui.ma\/index.php\/produit\/cerave-huile-lavante-moussante-hydratante-236-ml-3\/#primaryimage"},"thumbnailUrl":"https:\/\/paracherkaoui.ma\/wp-content\/uploads\/2025\/12\/cerave-cerave-huile-lavante-moussante-hydratante-236-ml-accueil.jpg","datePublished":"2025-12-12T16:45:50+00:00","dateModified":"2025-12-12T16:45:52+00:00","breadcrumb":{"@id":"https:\/\/paracherkaoui.ma\/index.php\/produit\/cerave-huile-lavante-moussante-hydratante-236-ml-3\/#breadcrumb"},"inLanguage":"fr-FR","potentialAction":[{"@type":"ReadAction","target":["https:\/\/paracherkaoui.ma\/index.php\/produit\/cerave-huile-lavante-moussante-hydratante-236-ml-3\/"]}]},{"@type":"ImageObject","inLanguage":"fr-FR","@id":"https:\/\/paracherkaoui.ma\/index.php\/produit\/cerave-huile-lavante-moussante-hydratante-236-ml-3\/#primaryimage","url":"https:\/\/paracherkaoui.ma\/wp-content\/uploads\/2025\/12\/cerave-cerave-huile-lavante-moussante-hydratante-236-ml-accueil.jpg","contentUrl":"https:\/\/paracherkaoui.ma\/wp-content\/uploads\/2025\/12\/cerave-cerave-huile-lavante-moussante-hydratante-236-ml-accueil.jpg","width":700,"height":700},{"@type":"BreadcrumbList","@id":"https:\/\/paracherkaoui.ma\/index.php\/produit\/cerave-huile-lavante-moussante-hydratante-236-ml-3\/#breadcrumb","itemListElement":[{"@type":"ListItem","position":1,"name":"Accueil","item":"https:\/\/paracherkaoui.ma\/"},{"@type":"ListItem","position":2,"name":"Boutique","item":"https:\/\/paracherkaoui.ma\/index.php\/boutique\/"},{"@type":"ListItem","position":3,"name":"CERAVE HUILE LAVANTE MOUSSANTE HYDRATANTE 236 ML"}]},{"@type":"WebSite","@id":"https:\/\/paracherkaoui.ma\/#website","url":"https:\/\/paracherkaoui.ma\/","name":"Paracherkaoui.ma","description":"Achetez en ligne sur Paracherkaoui.ma","potentialAction":[{"@type":"SearchAction","target":{"@type":"EntryPoint","urlTemplate":"https:\/\/paracherkaoui.ma\/?s={search_term_string}"},"query-input":{"@type":"PropertyValueSpecification","valueRequired":true,"valueName":"search_term_string"}}],"inLanguage":"fr-FR"}]}},"_links":{"self":[{"href":"https:\/\/paracherkaoui.ma\/index.php\/wp-json\/wp\/v2\/product\/12281","targetHints":{"allow":["GET"]}}],"collection":[{"href":"https:\/\/paracherkaoui.ma\/index.php\/wp-json\/wp\/v2\/product"}],"about":[{"href":"https:\/\/paracherkaoui.ma\/index.php\/wp-json\/wp\/v2\/types\/product"}],"replies":[{"embeddable":true,"href":"https:\/\/paracherkaoui.ma\/index.php\/wp-json\/wp\/v2\/comments?post=12281"}],"version-history":[{"count":1,"href":"https:\/\/paracherkaoui.ma\/index.php\/wp-json\/wp\/v2\/product\/12281\/revisions"}],"predecessor-version":[{"id":12320,"href":"https:\/\/paracherkaoui.ma\/index.php\/wp-json\/wp\/v2\/product\/12281\/revisions\/12320"}],"wp:featuredmedia":[{"embeddable":true,"href":"https:\/\/paracherkaoui.ma\/index.php\/wp-json\/wp\/v2\/media\/11083"}],"wp:attachment":[{"href":"https:\/\/paracherkaoui.ma\/index.php\/wp-json\/wp\/v2\/media?parent=12281"}],"wp:term":[{"taxonomy":"product_brand","embeddable":true,"href":"https:\/\/paracherkaoui.ma\/index.php\/wp-json\/wp\/v2\/product_brand?post=12281"},{"taxonomy":"product_cat","embeddable":true,"href":"https:\/\/paracherkaoui.ma\/index.php\/wp-json\/wp\/v2\/product_cat?post=12281"},{"taxonomy":"product_tag","embeddable":true,"href":"https:\/\/paracherkaoui.ma\/index.php\/wp-json\/wp\/v2\/product_tag?post=12281"}],"curies":[{"name":"wp","href":"https:\/\/api.w.org\/{rel}","templated":true}]}}