{"id":12280,"date":"2025-12-12T17:45:50","date_gmt":"2025-12-12T16:45:50","guid":{"rendered":"https:\/\/test.ecbeaute.com\/?post_type=product&#038;p=12280"},"modified":"2025-12-12T17:45:52","modified_gmt":"2025-12-12T16:45:52","slug":"la-roche-posay-effaclar-gel-moussant-purifiant-peaux-sensibles-grasses-400-ml","status":"publish","type":"product","link":"https:\/\/paracherkaoui.ma\/index.php\/produit\/la-roche-posay-effaclar-gel-moussant-purifiant-peaux-sensibles-grasses-400-ml\/","title":{"rendered":"LA ROCHE POSAY EFFACLAR GEL MOUSSANT PURIFIANT PEAUX SENSIBLES GRASSES 400 ML"},"content":{"rendered":"<p>.elementor-237 .elementor-element.elementor-element-5d53619c .elementor-tab-title, .elementor-237 .elementor-element.elementor-element-5d53619c .elementor-tab-title:before, .elementor-237 .elementor-element.elementor-element-5d53619c .elementor-tab-title:after, .elementor-237 .elementor-element.elementor-element-5d53619c .elementor-tab-content, .elementor-237 .elementor-element.elementor-element-5d53619c .elementor-tabs-content-wrapper{border-width:0.5px;}.elementor-237 .elementor-element.elementor-element-5d53619c .elementor-tab-title{color:#000000;}.elementor-237 .elementor-element.elementor-element-5d53619c .elementor-tab-title.elementor-active{color:#00a28d;}.elementor-237 .elementor-element.elementor-element-5d53619c .elementor-tab-content{color:#000000;}.elementor-237 .elementor-element.elementor-element-7d28e406 .axps-swiper-slider .swiper-slide img{width:auto;}.elementor-237 .elementor-element.elementor-element-7d28e406 .wrapper-items:not(.swiper-container-initialized) .item{-ms-flex:0 0 calc(100%\/3);flex:0 0 calc(100%\/3);max-width:calc(100%\/3);}.elementor-237 .elementor-element.elementor-element-7d28e406 .wrapper-items .swiper-slide{padding-left:calc(30px\/2);padding-right:calc(30px\/2);}.elementor-237 .elementor-element.elementor-element-7d28e406 .wrapper-items .swiper-slide .item-inner{margin-bottom:30px;}.elementor-237 .elementor-element.elementor-element-7d28e406 .wrapper-items{margin-left:calc(-30px\/2);margin-right:calc(-30px\/2);}.elementor-237 .elementor-element.elementor-element-7d28e406 .swiper-wrapper .item-inner{text-align:center;}.elementor-237 .elementor-element.elementor-element-4075c8d{text-align:center;}.elementor-237 .elementor-element.elementor-element-4075c8d.elementor-widget-heading .elementor-heading-title{color:#000000;}.elementor-237 .elementor-element.elementor-element-4075c8d .elementor-heading-title{font-size:17px;font-weight:900;}.elementor-237 .elementor-element.elementor-element-10d27cc2{margin-top:-16px;margin-bottom:0px;}.elementor-237 .elementor-element.elementor-element-7d16debd > .elementor-widget-container{margin:-46px 0px 0px 0px;}.elementor-237 .elementor-element.elementor-element-31488b2b > .elementor-widget-container{margin:-46px 0px 0px 0px;}.elementor-237 .elementor-element.elementor-element-f815a09 > .elementor-widget-container{margin:-46px 0px 0px 0px;}.elementor-237 .elementor-element.elementor-element-51e2b55{text-align:center;}.elementor-237 .elementor-element.elementor-element-51e2b55.elementor-widget-heading .elementor-heading-title{color:#000000;}.elementor-237 .elementor-element.elementor-element-51e2b55 .elementor-heading-title{font-size:17px;font-weight:900;}.elementor-237 .elementor-element.elementor-element-03aef96{margin-top:-16px;margin-bottom:0px;}.elementor-237 .elementor-element.elementor-element-963466e > .elementor-widget-container{margin:-46px 0px 0px 0px;}.elementor-237 .elementor-element.elementor-element-9c0b5f8 > .elementor-widget-container{margin:-46px 0px 0px 0px;}.elementor-237 .elementor-element.elementor-element-05bc490 > .elementor-widget-container{margin:-46px 0px 0px 0px;}@media(max-width:1024px){.elementor-237 .elementor-element.elementor-element-7d28e406 .wrapper-items:not(.swiper-container-initialized) .item{-ms-flex:0 0 calc(100%\/4);flex:0 0 calc(100%\/4);max-width:calc(100%\/4);}.elementor-237 .elementor-element.elementor-element-7d28e406 .wrapper-items .swiper-slide{padding-left:calc(20px\/2);padding-right:calc(20px\/2);}.elementor-237 .elementor-element.elementor-element-7d28e406 .wrapper-items .swiper-slide .item-inner{margin-bottom:20px;}.elementor-237 .elementor-element.elementor-element-7d28e406 .wrapper-items{margin-left:calc(-20px\/2);margin-right:calc(-20px\/2);}.elementor-237 .elementor-element.elementor-element-7d16debd > .elementor-widget-container{margin:-33px 0px 0px 0px;}.elementor-237 .elementor-element.elementor-element-31488b2b > .elementor-widget-container{margin:-33px 0px 0px 0px;}.elementor-237 .elementor-element.elementor-element-f815a09 > .elementor-widget-container{margin:-33px 0px 0px 0px;}.elementor-237 .elementor-element.elementor-element-963466e > .elementor-widget-container{margin:-33px 0px 0px 0px;}.elementor-237 .elementor-element.elementor-element-9c0b5f8 > .elementor-widget-container{margin:-33px 0px 0px 0px;}.elementor-237 .elementor-element.elementor-element-05bc490 > .elementor-widget-container{margin:-33px 0px 0px 0px;}}@media(max-width:767px){.elementor-237 .elementor-element.elementor-element-7d28e406 .wrapper-items:not(.swiper-container-initialized) .item{-ms-flex:0 0 calc(100%\/4);flex:0 0 calc(100%\/4);max-width:calc(100%\/4);}.elementor-237 .elementor-element.elementor-element-7d28e406 .wrapper-items .swiper-slide{padding-left:calc(10px\/2);padding-right:calc(10px\/2);}.elementor-237 .elementor-element.elementor-element-7d28e406 .wrapper-items .swiper-slide .item-inner{margin-bottom:10px;}.elementor-237 .elementor-element.elementor-element-7d28e406 .wrapper-items{margin-left:calc(-10px\/2);margin-right:calc(-10px\/2);}.elementor-237 .elementor-element.elementor-element-3c3b9825{width:50%;}.elementor-237 .elementor-element.elementor-element-7d16debd > .elementor-widget-container{margin:-26px 0px 0px 0px;}.elementor-237 .elementor-element.elementor-element-1a0760a4{width:50%;}.elementor-237 .elementor-element.elementor-element-31488b2b > .elementor-widget-container{margin:-26px 0px 0px 0px;}.elementor-237 .elementor-element.elementor-element-39d7a107{width:50%;}.elementor-237 .elementor-element.elementor-element-f815a09 > .elementor-widget-container{margin:-26px 0px 0px 0px;}.elementor-237 .elementor-element.elementor-element-51ec3b7{width:50%;}.elementor-237 .elementor-element.elementor-element-963466e > .elementor-widget-container{margin:-26px 0px 0px 0px;}.elementor-237 .elementor-element.elementor-element-708bb6a{width:50%;}.elementor-237 .elementor-element.elementor-element-9c0b5f8 > .elementor-widget-container{margin:-26px 0px 0px 0px;}.elementor-237 .elementor-element.elementor-element-bd8338d{width:50%;}.elementor-237 .elementor-element.elementor-element-05bc490 > .elementor-widget-container{margin:-26px 0px 0px 0px;}}<br \/>\nDescription<br \/>\nConseils d&rsquo;utilisation<br \/>\nComposition<br \/>\nDescription<br \/>\nL\u2019ingr\u00e9dient star, l\u2019Eau Thermale de La Roche-Posay, est reconnue pour ses propri\u00e9t\u00e9s apaisantes et anti-irritantes. Associ\u00e9e au Zinc PCA, elle contribue \u00e0 r\u00e9duire la production de s\u00e9bum et purifier durablement l\u2019\u00e9piderme. Des agents nettoyants doux, sans savon ni alcool, assurent un nettoyage efficace et non agressif, adapt\u00e9 \u00e0 un usage quotidien.<br \/>\nSans parab\u00e8nes, \u00e9thanol, ni com\u00e9dog\u00e8nes, ce gel convient parfaitement aux peaux en traitement dermatologique contre l\u2019acn\u00e9. Il a d\u00e9montr\u00e9 une tol\u00e9rance exceptionnelle : 97 % des utilisateurs d\u00e9clarent qu\u2019il n\u2019irrite ni la peau ni les yeux, m\u00eame en usage biquotidien.<br \/>\nR\u00e9sultat : les pores sont d\u00e9sincrust\u00e9s, les points noirs att\u00e9nu\u00e9s, et la peau visiblement plus nette. La texture moussante est agr\u00e9able et se rince facilement, laissant une sensation de puret\u00e9 imm\u00e9diate.<br \/>\nConseils d&rsquo;utilisation<br \/>\nLavez-vous les mains et utilisez de l\u2019eau ti\u00e8de sur votre visage pour ouvrir les pores.<br \/>\nPr\u00e9levez une noisette de gel, faites mousser dans les mains avec un peu d\u2019eau.<br \/>\nAppliquez sur le visage en massant doucement par mouvements circulaires, en insistant sur la zone T.<br \/>\nRincez abondamment \u00e0 l\u2019eau fra\u00eeche pour resserrer les pores.<br \/>\nS\u00e9chez d\u00e9licatement avec une serviette propre, sans frotter.<br \/>\nComposition<br \/>\nAqua\/Water, Sodium Laureth Sulfate, PEG-8, Coco-Betaine, Hexylene Glycol, Sodium Chloride, PEG-120 Methyl Glucose Dioleate, Zinc PCA, Sodium Hydroxide, Caprylyl Glycol, Citric Acid, Sodium Benzoate, Phenoxyethanol, Parfum\/Fragrance<br \/>\nSouple, purifiant et respectueux des peaux les plus exigeantes, EFFACLAR Gel Moussant Purifiant 400ml s\u2019impose comme l\u2019alli\u00e9 incontournable des routines anti-imperfections efficaces et douces.<br \/>\nD\u00e9couvrez plus de soins anti-imperfections La Roche Posay<br \/>\nAjouter au Panier<br \/>\nAjouter au Panier<br \/>\nAjouter au Panier<br \/>\nCompl\u00e9tez votre routine<br \/>\nAjouter au Panier<br \/>\nAjouter au Panier<br \/>\nAjouter au Panier<\/p>\n","protected":false},"excerpt":{"rendered":"<p>.elementor-237 .elementor-element.elementor-element-5d53619c .elementor-tab-title, .elementor-237 .elementor-element.elementor-element-5d53619c .elementor-tab-title:before, .elementor-237 .elementor-element.elementor-element-5d53619c .elementor-tab-title:after, .elementor-237 .elementor-element.elementor-element-5d53619c .elementor-tab-content, .elementor-237 .elementor-element.elementor-element-5d53619c .elementor-tabs-content-wrapper{border-width:0.5px;}.elementor-237 .elementor-element.elementor-element-5d53619c .elementor-tab-title{color:#000000;}.elementor-237 .elementor-element.elementor-element-5d53619c .elementor-tab-title.elementor-active{color:#00a28d;}.elementor-237 .elementor-element.elementor-element-5d53619c<\/p>\n","protected":false},"featured_media":12318,"comment_status":"open","ping_status":"closed","template":"","meta":[],"product_brand":[132],"product_cat":[161],"product_tag":[],"class_list":{"0":"post-12280","1":"product","2":"type-product","3":"status-publish","4":"has-post-thumbnail","6":"product_brand-la-roche-posay","7":"product_cat-hygiene-visage","9":"first","10":"instock","11":"sale","12":"shipping-taxable","13":"purchasable","14":"product-type-simple"},"yoast_head":"<!-- This site is optimized with the Yoast SEO plugin v26.6 - https:\/\/yoast.com\/wordpress\/plugins\/seo\/ -->\r\n<title>LA ROCHE POSAY EFFACLAR GEL MOUSSANT PURIFIANT PEAUX SENSIBLES GRASSES 400 ML - Paracherkaoui.ma<\/title>\r\n<meta name=\"robots\" content=\"index, follow, max-snippet:-1, max-image-preview:large, max-video-preview:-1\" \/>\r\n<link rel=\"canonical\" href=\"https:\/\/paracherkaoui.ma\/index.php\/produit\/la-roche-posay-effaclar-gel-moussant-purifiant-peaux-sensibles-grasses-400-ml\/\" \/>\r\n<meta property=\"og:locale\" content=\"fr_FR\" \/>\r\n<meta property=\"og:type\" content=\"article\" \/>\r\n<meta property=\"og:title\" content=\"LA ROCHE POSAY EFFACLAR GEL MOUSSANT PURIFIANT PEAUX SENSIBLES GRASSES 400 ML - Paracherkaoui.ma\" \/>\r\n<meta property=\"og:description\" content=\".elementor-237 .elementor-element.elementor-element-5d53619c .elementor-tab-title, .elementor-237 .elementor-element.elementor-element-5d53619c .elementor-tab-title:before, .elementor-237 .elementor-element.elementor-element-5d53619c .elementor-tab-title:after, .elementor-237 .elementor-element.elementor-element-5d53619c .elementor-tab-content, .elementor-237 .elementor-element.elementor-element-5d53619c .elementor-tabs-content-wrapper{border-width:0.5px;}.elementor-237 .elementor-element.elementor-element-5d53619c .elementor-tab-title{color:#000000;}.elementor-237 .elementor-element.elementor-element-5d53619c .elementor-tab-title.elementor-active{color:#00a28d;}.elementor-237 .elementor-element.elementor-element-5d53619c\" \/>\r\n<meta property=\"og:url\" content=\"https:\/\/paracherkaoui.ma\/index.php\/produit\/la-roche-posay-effaclar-gel-moussant-purifiant-peaux-sensibles-grasses-400-ml\/\" \/>\r\n<meta property=\"og:site_name\" content=\"Paracherkaoui.ma\" \/>\r\n<meta property=\"article:modified_time\" content=\"2025-12-12T16:45:52+00:00\" \/>\r\n<meta property=\"og:image\" content=\"https:\/\/paracherkaoui.ma\/wp-content\/uploads\/2025\/12\/la-roche-posay-la-roche-posay-effaclar-gel-moussant-purifiant-peaux-sensibles-grasses-400-ml-accueil.jpg\" \/>\r\n\t<meta property=\"og:image:width\" content=\"700\" \/>\r\n\t<meta property=\"og:image:height\" content=\"700\" \/>\r\n\t<meta property=\"og:image:type\" content=\"image\/jpeg\" \/>\r\n<meta name=\"twitter:card\" content=\"summary_large_image\" \/>\r\n<meta name=\"twitter:label1\" content=\"Dur\u00e9e de lecture estim\u00e9e\" \/>\n\t<meta name=\"twitter:data1\" content=\"4 minutes\" \/>\r\n<script type=\"application\/ld+json\" class=\"yoast-schema-graph\">{\"@context\":\"https:\/\/schema.org\",\"@graph\":[{\"@type\":\"WebPage\",\"@id\":\"https:\/\/paracherkaoui.ma\/index.php\/produit\/la-roche-posay-effaclar-gel-moussant-purifiant-peaux-sensibles-grasses-400-ml\/\",\"url\":\"https:\/\/paracherkaoui.ma\/index.php\/produit\/la-roche-posay-effaclar-gel-moussant-purifiant-peaux-sensibles-grasses-400-ml\/\",\"name\":\"LA ROCHE POSAY EFFACLAR GEL MOUSSANT PURIFIANT PEAUX SENSIBLES GRASSES 400 ML - Paracherkaoui.ma\",\"isPartOf\":{\"@id\":\"https:\/\/paracherkaoui.ma\/#website\"},\"primaryImageOfPage\":{\"@id\":\"https:\/\/paracherkaoui.ma\/index.php\/produit\/la-roche-posay-effaclar-gel-moussant-purifiant-peaux-sensibles-grasses-400-ml\/#primaryimage\"},\"image\":{\"@id\":\"https:\/\/paracherkaoui.ma\/index.php\/produit\/la-roche-posay-effaclar-gel-moussant-purifiant-peaux-sensibles-grasses-400-ml\/#primaryimage\"},\"thumbnailUrl\":\"https:\/\/paracherkaoui.ma\/wp-content\/uploads\/2025\/12\/la-roche-posay-la-roche-posay-effaclar-gel-moussant-purifiant-peaux-sensibles-grasses-400-ml-accueil.jpg\",\"datePublished\":\"2025-12-12T16:45:50+00:00\",\"dateModified\":\"2025-12-12T16:45:52+00:00\",\"breadcrumb\":{\"@id\":\"https:\/\/paracherkaoui.ma\/index.php\/produit\/la-roche-posay-effaclar-gel-moussant-purifiant-peaux-sensibles-grasses-400-ml\/#breadcrumb\"},\"inLanguage\":\"fr-FR\",\"potentialAction\":[{\"@type\":\"ReadAction\",\"target\":[\"https:\/\/paracherkaoui.ma\/index.php\/produit\/la-roche-posay-effaclar-gel-moussant-purifiant-peaux-sensibles-grasses-400-ml\/\"]}]},{\"@type\":\"ImageObject\",\"inLanguage\":\"fr-FR\",\"@id\":\"https:\/\/paracherkaoui.ma\/index.php\/produit\/la-roche-posay-effaclar-gel-moussant-purifiant-peaux-sensibles-grasses-400-ml\/#primaryimage\",\"url\":\"https:\/\/paracherkaoui.ma\/wp-content\/uploads\/2025\/12\/la-roche-posay-la-roche-posay-effaclar-gel-moussant-purifiant-peaux-sensibles-grasses-400-ml-accueil.jpg\",\"contentUrl\":\"https:\/\/paracherkaoui.ma\/wp-content\/uploads\/2025\/12\/la-roche-posay-la-roche-posay-effaclar-gel-moussant-purifiant-peaux-sensibles-grasses-400-ml-accueil.jpg\",\"width\":700,\"height\":700},{\"@type\":\"BreadcrumbList\",\"@id\":\"https:\/\/paracherkaoui.ma\/index.php\/produit\/la-roche-posay-effaclar-gel-moussant-purifiant-peaux-sensibles-grasses-400-ml\/#breadcrumb\",\"itemListElement\":[{\"@type\":\"ListItem\",\"position\":1,\"name\":\"Accueil\",\"item\":\"https:\/\/paracherkaoui.ma\/\"},{\"@type\":\"ListItem\",\"position\":2,\"name\":\"Boutique\",\"item\":\"https:\/\/paracherkaoui.ma\/index.php\/boutique\/\"},{\"@type\":\"ListItem\",\"position\":3,\"name\":\"LA ROCHE POSAY EFFACLAR GEL MOUSSANT PURIFIANT PEAUX SENSIBLES GRASSES 400 ML\"}]},{\"@type\":\"WebSite\",\"@id\":\"https:\/\/paracherkaoui.ma\/#website\",\"url\":\"https:\/\/paracherkaoui.ma\/\",\"name\":\"Paracherkaoui.ma\",\"description\":\"Achetez en ligne sur Paracherkaoui.ma\",\"potentialAction\":[{\"@type\":\"SearchAction\",\"target\":{\"@type\":\"EntryPoint\",\"urlTemplate\":\"https:\/\/paracherkaoui.ma\/?s={search_term_string}\"},\"query-input\":{\"@type\":\"PropertyValueSpecification\",\"valueRequired\":true,\"valueName\":\"search_term_string\"}}],\"inLanguage\":\"fr-FR\"}]}<\/script>\r\n<!-- \/ Yoast SEO plugin. -->","yoast_head_json":{"title":"LA ROCHE POSAY EFFACLAR GEL MOUSSANT PURIFIANT PEAUX SENSIBLES GRASSES 400 ML - Paracherkaoui.ma","robots":{"index":"index","follow":"follow","max-snippet":"max-snippet:-1","max-image-preview":"max-image-preview:large","max-video-preview":"max-video-preview:-1"},"canonical":"https:\/\/paracherkaoui.ma\/index.php\/produit\/la-roche-posay-effaclar-gel-moussant-purifiant-peaux-sensibles-grasses-400-ml\/","og_locale":"fr_FR","og_type":"article","og_title":"LA ROCHE POSAY EFFACLAR GEL MOUSSANT PURIFIANT PEAUX SENSIBLES GRASSES 400 ML - Paracherkaoui.ma","og_description":".elementor-237 .elementor-element.elementor-element-5d53619c .elementor-tab-title, .elementor-237 .elementor-element.elementor-element-5d53619c .elementor-tab-title:before, .elementor-237 .elementor-element.elementor-element-5d53619c .elementor-tab-title:after, .elementor-237 .elementor-element.elementor-element-5d53619c .elementor-tab-content, .elementor-237 .elementor-element.elementor-element-5d53619c .elementor-tabs-content-wrapper{border-width:0.5px;}.elementor-237 .elementor-element.elementor-element-5d53619c .elementor-tab-title{color:#000000;}.elementor-237 .elementor-element.elementor-element-5d53619c .elementor-tab-title.elementor-active{color:#00a28d;}.elementor-237 .elementor-element.elementor-element-5d53619c","og_url":"https:\/\/paracherkaoui.ma\/index.php\/produit\/la-roche-posay-effaclar-gel-moussant-purifiant-peaux-sensibles-grasses-400-ml\/","og_site_name":"Paracherkaoui.ma","article_modified_time":"2025-12-12T16:45:52+00:00","og_image":[{"width":700,"height":700,"url":"https:\/\/paracherkaoui.ma\/wp-content\/uploads\/2025\/12\/la-roche-posay-la-roche-posay-effaclar-gel-moussant-purifiant-peaux-sensibles-grasses-400-ml-accueil.jpg","type":"image\/jpeg"}],"twitter_card":"summary_large_image","twitter_misc":{"Dur\u00e9e de lecture estim\u00e9e":"4 minutes"},"schema":{"@context":"https:\/\/schema.org","@graph":[{"@type":"WebPage","@id":"https:\/\/paracherkaoui.ma\/index.php\/produit\/la-roche-posay-effaclar-gel-moussant-purifiant-peaux-sensibles-grasses-400-ml\/","url":"https:\/\/paracherkaoui.ma\/index.php\/produit\/la-roche-posay-effaclar-gel-moussant-purifiant-peaux-sensibles-grasses-400-ml\/","name":"LA ROCHE POSAY EFFACLAR GEL MOUSSANT PURIFIANT PEAUX SENSIBLES GRASSES 400 ML - Paracherkaoui.ma","isPartOf":{"@id":"https:\/\/paracherkaoui.ma\/#website"},"primaryImageOfPage":{"@id":"https:\/\/paracherkaoui.ma\/index.php\/produit\/la-roche-posay-effaclar-gel-moussant-purifiant-peaux-sensibles-grasses-400-ml\/#primaryimage"},"image":{"@id":"https:\/\/paracherkaoui.ma\/index.php\/produit\/la-roche-posay-effaclar-gel-moussant-purifiant-peaux-sensibles-grasses-400-ml\/#primaryimage"},"thumbnailUrl":"https:\/\/paracherkaoui.ma\/wp-content\/uploads\/2025\/12\/la-roche-posay-la-roche-posay-effaclar-gel-moussant-purifiant-peaux-sensibles-grasses-400-ml-accueil.jpg","datePublished":"2025-12-12T16:45:50+00:00","dateModified":"2025-12-12T16:45:52+00:00","breadcrumb":{"@id":"https:\/\/paracherkaoui.ma\/index.php\/produit\/la-roche-posay-effaclar-gel-moussant-purifiant-peaux-sensibles-grasses-400-ml\/#breadcrumb"},"inLanguage":"fr-FR","potentialAction":[{"@type":"ReadAction","target":["https:\/\/paracherkaoui.ma\/index.php\/produit\/la-roche-posay-effaclar-gel-moussant-purifiant-peaux-sensibles-grasses-400-ml\/"]}]},{"@type":"ImageObject","inLanguage":"fr-FR","@id":"https:\/\/paracherkaoui.ma\/index.php\/produit\/la-roche-posay-effaclar-gel-moussant-purifiant-peaux-sensibles-grasses-400-ml\/#primaryimage","url":"https:\/\/paracherkaoui.ma\/wp-content\/uploads\/2025\/12\/la-roche-posay-la-roche-posay-effaclar-gel-moussant-purifiant-peaux-sensibles-grasses-400-ml-accueil.jpg","contentUrl":"https:\/\/paracherkaoui.ma\/wp-content\/uploads\/2025\/12\/la-roche-posay-la-roche-posay-effaclar-gel-moussant-purifiant-peaux-sensibles-grasses-400-ml-accueil.jpg","width":700,"height":700},{"@type":"BreadcrumbList","@id":"https:\/\/paracherkaoui.ma\/index.php\/produit\/la-roche-posay-effaclar-gel-moussant-purifiant-peaux-sensibles-grasses-400-ml\/#breadcrumb","itemListElement":[{"@type":"ListItem","position":1,"name":"Accueil","item":"https:\/\/paracherkaoui.ma\/"},{"@type":"ListItem","position":2,"name":"Boutique","item":"https:\/\/paracherkaoui.ma\/index.php\/boutique\/"},{"@type":"ListItem","position":3,"name":"LA ROCHE POSAY EFFACLAR GEL MOUSSANT PURIFIANT PEAUX SENSIBLES GRASSES 400 ML"}]},{"@type":"WebSite","@id":"https:\/\/paracherkaoui.ma\/#website","url":"https:\/\/paracherkaoui.ma\/","name":"Paracherkaoui.ma","description":"Achetez en ligne sur Paracherkaoui.ma","potentialAction":[{"@type":"SearchAction","target":{"@type":"EntryPoint","urlTemplate":"https:\/\/paracherkaoui.ma\/?s={search_term_string}"},"query-input":{"@type":"PropertyValueSpecification","valueRequired":true,"valueName":"search_term_string"}}],"inLanguage":"fr-FR"}]}},"_links":{"self":[{"href":"https:\/\/paracherkaoui.ma\/index.php\/wp-json\/wp\/v2\/product\/12280","targetHints":{"allow":["GET"]}}],"collection":[{"href":"https:\/\/paracherkaoui.ma\/index.php\/wp-json\/wp\/v2\/product"}],"about":[{"href":"https:\/\/paracherkaoui.ma\/index.php\/wp-json\/wp\/v2\/types\/product"}],"replies":[{"embeddable":true,"href":"https:\/\/paracherkaoui.ma\/index.php\/wp-json\/wp\/v2\/comments?post=12280"}],"version-history":[{"count":1,"href":"https:\/\/paracherkaoui.ma\/index.php\/wp-json\/wp\/v2\/product\/12280\/revisions"}],"predecessor-version":[{"id":12319,"href":"https:\/\/paracherkaoui.ma\/index.php\/wp-json\/wp\/v2\/product\/12280\/revisions\/12319"}],"wp:featuredmedia":[{"embeddable":true,"href":"https:\/\/paracherkaoui.ma\/index.php\/wp-json\/wp\/v2\/media\/12318"}],"wp:attachment":[{"href":"https:\/\/paracherkaoui.ma\/index.php\/wp-json\/wp\/v2\/media?parent=12280"}],"wp:term":[{"taxonomy":"product_brand","embeddable":true,"href":"https:\/\/paracherkaoui.ma\/index.php\/wp-json\/wp\/v2\/product_brand?post=12280"},{"taxonomy":"product_cat","embeddable":true,"href":"https:\/\/paracherkaoui.ma\/index.php\/wp-json\/wp\/v2\/product_cat?post=12280"},{"taxonomy":"product_tag","embeddable":true,"href":"https:\/\/paracherkaoui.ma\/index.php\/wp-json\/wp\/v2\/product_tag?post=12280"}],"curies":[{"name":"wp","href":"https:\/\/api.w.org\/{rel}","templated":true}]}}