{"id":12279,"date":"2025-12-12T17:45:50","date_gmt":"2025-12-12T16:45:50","guid":{"rendered":"https:\/\/test.ecbeaute.com\/?post_type=product&#038;p=12279"},"modified":"2025-12-12T17:45:52","modified_gmt":"2025-12-12T16:45:52","slug":"cerave-gel-moussant-peaux-normales-a-grasses-236-ml-2","status":"publish","type":"product","link":"https:\/\/paracherkaoui.ma\/index.php\/produit\/cerave-gel-moussant-peaux-normales-a-grasses-236-ml-2\/","title":{"rendered":"CERAVE GEL MOUSSANT PEAUX NORMALES A GRASSES 236 ML"},"content":{"rendered":"<p>.elementor-215 .elementor-element.elementor-element-2f82b42 .elementor-tab-title, .elementor-215 .elementor-element.elementor-element-2f82b42 .elementor-tab-title:before, .elementor-215 .elementor-element.elementor-element-2f82b42 .elementor-tab-title:after, .elementor-215 .elementor-element.elementor-element-2f82b42 .elementor-tab-content, .elementor-215 .elementor-element.elementor-element-2f82b42 .elementor-tabs-content-wrapper{border-width:0.5px;}.elementor-215 .elementor-element.elementor-element-2f82b42 .elementor-tab-title{color:#000000;}.elementor-215 .elementor-element.elementor-element-2f82b42 .elementor-tab-title.elementor-active{color:#00a28d;}.elementor-215 .elementor-element.elementor-element-2f82b42 .elementor-tab-content{color:#000000;}.elementor-215 .elementor-element.elementor-element-743ec733 .axps-swiper-slider .swiper-slide img{width:auto;}.elementor-215 .elementor-element.elementor-element-743ec733 .wrapper-items:not(.swiper-container-initialized) .item{-ms-flex:0 0 calc(100%\/4);flex:0 0 calc(100%\/4);max-width:calc(100%\/4);}.elementor-215 .elementor-element.elementor-element-743ec733 .wrapper-items .swiper-slide{padding-left:calc(30px\/2);padding-right:calc(30px\/2);}.elementor-215 .elementor-element.elementor-element-743ec733 .wrapper-items .swiper-slide .item-inner{margin-bottom:30px;}.elementor-215 .elementor-element.elementor-element-743ec733 .wrapper-items{margin-left:calc(-30px\/2);margin-right:calc(-30px\/2);}.elementor-215 .elementor-element.elementor-element-743ec733 .swiper-wrapper .item-inner{text-align:center;}.elementor-215 .elementor-element.elementor-element-5a0bcac6{margin-top:-16px;margin-bottom:0px;}.elementor-215 .elementor-element.elementor-element-c14e5ae > .elementor-widget-container{margin:-8px 0px 0px 0px;}.elementor-215 .elementor-element.elementor-element-9fa97d0 > .elementor-widget-container{margin:-8px 0px 0px 0px;}.elementor-215 .elementor-element.elementor-element-29e80cde > .elementor-widget-container{margin:-8px 0px 0px 0px;}.elementor-215 .elementor-element.elementor-element-473c425 > .elementor-widget-container{margin:-8px 0px 0px 0px;}.elementor-215 .elementor-element.elementor-element-f3ae1f2 > .elementor-widget-container{margin:-8px 0px 0px 0px;}.elementor-215 .elementor-element.elementor-element-3cfefa5 > .elementor-widget-container{margin:-8px 0px 0px 0px;}.elementor-215 .elementor-element.elementor-element-36418cb6 .axps-swiper-slider .swiper-slide img{width:auto;}.elementor-215 .elementor-element.elementor-element-36418cb6 .wrapper-items:not(.swiper-container-initialized) .item{-ms-flex:0 0 calc(100%\/3);flex:0 0 calc(100%\/3);max-width:calc(100%\/3);}.elementor-215 .elementor-element.elementor-element-36418cb6 .wrapper-items .swiper-slide{padding-left:calc(30px\/2);padding-right:calc(30px\/2);}.elementor-215 .elementor-element.elementor-element-36418cb6 .wrapper-items .swiper-slide .item-inner{margin-bottom:30px;}.elementor-215 .elementor-element.elementor-element-36418cb6 .wrapper-items{margin-left:calc(-30px\/2);margin-right:calc(-30px\/2);}.elementor-215 .elementor-element.elementor-element-36418cb6 .swiper-wrapper .item-inner{text-align:center;}@media(max-width:1024px){.elementor-215 .elementor-element.elementor-element-743ec733 .wrapper-items:not(.swiper-container-initialized) .item{-ms-flex:0 0 calc(100%\/4);flex:0 0 calc(100%\/4);max-width:calc(100%\/4);}.elementor-215 .elementor-element.elementor-element-743ec733 .wrapper-items .swiper-slide{padding-left:calc(20px\/2);padding-right:calc(20px\/2);}.elementor-215 .elementor-element.elementor-element-743ec733 .wrapper-items .swiper-slide .item-inner{margin-bottom:20px;}.elementor-215 .elementor-element.elementor-element-743ec733 .wrapper-items{margin-left:calc(-20px\/2);margin-right:calc(-20px\/2);}.elementor-215 .elementor-element.elementor-element-c14e5ae > .elementor-widget-container{margin:-33px 0px 0px 0px;}.elementor-215 .elementor-element.elementor-element-9fa97d0 > .elementor-widget-container{margin:-33px 0px 0px 0px;}.elementor-215 .elementor-element.elementor-element-29e80cde > .elementor-widget-container{margin:-33px 0px 0px 0px;}.elementor-215 .elementor-element.elementor-element-473c425 > .elementor-widget-container{margin:-33px 0px 0px 0px;}.elementor-215 .elementor-element.elementor-element-f3ae1f2 > .elementor-widget-container{margin:-33px 0px 0px 0px;}.elementor-215 .elementor-element.elementor-element-3cfefa5 > .elementor-widget-container{margin:-33px 0px 0px 0px;}.elementor-215 .elementor-element.elementor-element-36418cb6 .wrapper-items:not(.swiper-container-initialized) .item{-ms-flex:0 0 calc(100%\/2);flex:0 0 calc(100%\/2);max-width:calc(100%\/2);}.elementor-215 .elementor-element.elementor-element-36418cb6 .wrapper-items .swiper-slide{padding-left:calc(20px\/2);padding-right:calc(20px\/2);}.elementor-215 .elementor-element.elementor-element-36418cb6 .wrapper-items .swiper-slide .item-inner{margin-bottom:20px;}.elementor-215 .elementor-element.elementor-element-36418cb6 .wrapper-items{margin-left:calc(-20px\/2);margin-right:calc(-20px\/2);}}@media(max-width:767px){.elementor-215 .elementor-element.elementor-element-743ec733 .wrapper-items:not(.swiper-container-initialized) .item{-ms-flex:0 0 calc(100%\/4);flex:0 0 calc(100%\/4);max-width:calc(100%\/4);}.elementor-215 .elementor-element.elementor-element-743ec733 .wrapper-items .swiper-slide{padding-left:calc(10px\/2);padding-right:calc(10px\/2);}.elementor-215 .elementor-element.elementor-element-743ec733 .wrapper-items .swiper-slide .item-inner{margin-bottom:10px;}.elementor-215 .elementor-element.elementor-element-743ec733 .wrapper-items{margin-left:calc(-10px\/2);margin-right:calc(-10px\/2);}.elementor-215 .elementor-element.elementor-element-ea0150b{width:50%;}.elementor-215 .elementor-element.elementor-element-c14e5ae > .elementor-widget-container{margin:-26px 0px 0px 0px;}.elementor-215 .elementor-element.elementor-element-fbaef09{width:50%;}.elementor-215 .elementor-element.elementor-element-9fa97d0 > .elementor-widget-container{margin:-26px 0px 0px 0px;}.elementor-215 .elementor-element.elementor-element-78281387{width:50%;}.elementor-215 .elementor-element.elementor-element-29e80cde > .elementor-widget-container{margin:-26px 0px 0px 0px;}.elementor-215 .elementor-element.elementor-element-3baa14df{width:50%;}.elementor-215 .elementor-element.elementor-element-473c425 > .elementor-widget-container{margin:-26px 0px 0px 0px;}.elementor-215 .elementor-element.elementor-element-018e476{width:50%;}.elementor-215 .elementor-element.elementor-element-f3ae1f2 > .elementor-widget-container{margin:-26px 0px 0px 0px;}.elementor-215 .elementor-element.elementor-element-98ae401{width:50%;}.elementor-215 .elementor-element.elementor-element-3cfefa5 > .elementor-widget-container{margin:-26px 0px 0px 0px;}.elementor-215 .elementor-element.elementor-element-36418cb6 .wrapper-items:not(.swiper-container-initialized) .item{-ms-flex:0 0 calc(100%\/1);flex:0 0 calc(100%\/1);max-width:calc(100%\/1);}.elementor-215 .elementor-element.elementor-element-36418cb6 .wrapper-items .swiper-slide{padding-left:calc(10px\/2);padding-right:calc(10px\/2);}.elementor-215 .elementor-element.elementor-element-36418cb6 .wrapper-items .swiper-slide .item-inner{margin-bottom:10px;}.elementor-215 .elementor-element.elementor-element-36418cb6 .wrapper-items{margin-left:calc(-10px\/2);margin-right:calc(-10px\/2);}}<br \/>\nDescription<br \/>\nConseils d&rsquo;utilisation<br \/>\nComposition<br \/>\nDescription<br \/>\nSa\u00a0texture gel fra\u00eeche et moussante\u00a0\u00e9limine en douceur les impuret\u00e9s, les r\u00e9sidus de maquillage et l\u2019exc\u00e8s de s\u00e9bum sans dess\u00e9cher la peau. Gr\u00e2ce \u00e0 une combinaison unique de\u00a03 c\u00e9ramides essentiels (1, 3, 6-II),\u00a0d\u2019acide hyaluronique\u00a0et de\u00a0niacinamide, il nettoie, apaise et hydrate durablement. Enrichi de la\u00a0technologie MVE, il assure une diffusion prolong\u00e9e des actifs pour une hydratation continue pendant 24 heures.<br \/>\nCe nettoyant est\u00a0non-com\u00e9dog\u00e8ne, hypoallerg\u00e9nique et test\u00e9 dermatologiquement, ce qui en fait une solution s\u00fbre et efficace pour les peaux sensibles ou \u00e0 probl\u00e8mes. Utilis\u00e9 matin et soir, il laisse la peau nette, fra\u00eeche et pr\u00eate \u00e0 recevoir les soins hydratants.<br \/>\nS\u00e9curit\u00e9<br \/>\n&#8211; Sans Parfum.<br \/>\n&#8211; Hypoallerg\u00e9nique.<br \/>\n&#8211; Test\u00e9 sous contr\u00f4le dermatologique.<br \/>\n&#8211; Non-Com\u00e9dog\u00e8ne : ne bouche pas les pores.<br \/>\nIngr\u00e9dients &#038; Principes Actifs Cl\u00e9s<br \/>\n&#8211; 3 C\u00e9ramides Essentiels : tous les produits CeraVe contiennent les 3 c\u00e9ramides essentiels (1, 3 et 6-II) dont une peau saine a besoin pour restaurer et maintenir sa barri\u00e8re protectrice naturelle.<br \/>\n&#8211; Technologie brevet\u00e9e de diffusion MVE : lib\u00e9ration contr\u00f4l\u00e9e et prolong\u00e9e d&rsquo;actifs pour une hydratation continue pendant 24h.<br \/>\n&#8211; Acide hyaluronique : maintient l&rsquo;hydratation naturelle de la peau.<br \/>\n&#8211; Niacinamide (Vitamine B3) : aide \u00e0 apaiser la peau.\u00a0\u00bb<br \/>\nConseils d&rsquo;utilisation<br \/>\nUtilisez matin et soir, sur peau humide.<br \/>\nD\u00e9posez une noisette de gel dans la main.<br \/>\nFaites mousser en massant doucement le visage, le cou (et le corps si souhait\u00e9), en insistant sur la zone T (front, nez, menton).<br \/>\n\u00c9vitez le contour des yeux.<br \/>\nRincez abondamment \u00e0 l\u2019eau claire.<br \/>\nPour une routine compl\u00e8te, appliquez ensuite la\u00a0Cr\u00e8me Hydratante Visage CeraVe.<br \/>\nComposition<br \/>\nAqua\/Water, Glycerin, Coco-Betaine, Propylene Glycol, Sodium Cocoyl Glycinate, PEG-120 Methyl Glucose Dioleate, Sodium Chloride, Acrylates Copolymer, Citric Acid, Capryloyl Glycine, Caprylyl Glycol, Sodium Hydroxide, Niacinamide, Disodium EDTA, Sodium Hyaluronate, Sodium Lauroyl Lactylate, Ceramide NP, Phenoxyethanol, Ceramide AP, Phytosphingosine, Cholesterol, Xanthan Gum, Carbomer, Ethylhexylglycerin, Ceramide EOP<br \/>\nAjouter au Panier<br \/>\nAjouter au Panier<br \/>\nAjouter au Panier<br \/>\nAjouter au Panier<br \/>\nAjouter au Panier<br \/>\nAjouter au Panier<\/p>\n","protected":false},"excerpt":{"rendered":"<p>.elementor-215 .elementor-element.elementor-element-2f82b42 .elementor-tab-title, .elementor-215 .elementor-element.elementor-element-2f82b42 .elementor-tab-title:before, .elementor-215 .elementor-element.elementor-element-2f82b42 .elementor-tab-title:after, .elementor-215 .elementor-element.elementor-element-2f82b42 .elementor-tab-content, .elementor-215 .elementor-element.elementor-element-2f82b42 .elementor-tabs-content-wrapper{border-width:0.5px;}.elementor-215 .elementor-element.elementor-element-2f82b42 .elementor-tab-title{color:#000000;}.elementor-215 .elementor-element.elementor-element-2f82b42 .elementor-tab-title.elementor-active{color:#00a28d;}.elementor-215 .elementor-element.elementor-element-2f82b42<\/p>\n","protected":false},"featured_media":12166,"comment_status":"open","ping_status":"closed","template":"","meta":[],"product_brand":[131],"product_cat":[161],"product_tag":[],"class_list":{"0":"post-12279","1":"product","2":"type-product","3":"status-publish","4":"has-post-thumbnail","6":"product_brand-cerave","7":"product_cat-hygiene-visage","9":"first","10":"instock","11":"sale","12":"shipping-taxable","13":"purchasable","14":"product-type-simple"},"yoast_head":"<!-- This site is optimized with the Yoast SEO plugin v26.6 - https:\/\/yoast.com\/wordpress\/plugins\/seo\/ -->\r\n<title>CERAVE GEL MOUSSANT PEAUX NORMALES A GRASSES 236 ML - Paracherkaoui.ma<\/title>\r\n<meta name=\"robots\" content=\"index, follow, max-snippet:-1, max-image-preview:large, max-video-preview:-1\" \/>\r\n<link rel=\"canonical\" href=\"https:\/\/paracherkaoui.ma\/index.php\/produit\/cerave-gel-moussant-peaux-normales-a-grasses-236-ml-2\/\" \/>\r\n<meta property=\"og:locale\" content=\"fr_FR\" \/>\r\n<meta property=\"og:type\" content=\"article\" \/>\r\n<meta property=\"og:title\" content=\"CERAVE GEL MOUSSANT PEAUX NORMALES A GRASSES 236 ML - Paracherkaoui.ma\" \/>\r\n<meta property=\"og:description\" content=\".elementor-215 .elementor-element.elementor-element-2f82b42 .elementor-tab-title, .elementor-215 .elementor-element.elementor-element-2f82b42 .elementor-tab-title:before, .elementor-215 .elementor-element.elementor-element-2f82b42 .elementor-tab-title:after, .elementor-215 .elementor-element.elementor-element-2f82b42 .elementor-tab-content, .elementor-215 .elementor-element.elementor-element-2f82b42 .elementor-tabs-content-wrapper{border-width:0.5px;}.elementor-215 .elementor-element.elementor-element-2f82b42 .elementor-tab-title{color:#000000;}.elementor-215 .elementor-element.elementor-element-2f82b42 .elementor-tab-title.elementor-active{color:#00a28d;}.elementor-215 .elementor-element.elementor-element-2f82b42\" \/>\r\n<meta property=\"og:url\" content=\"https:\/\/paracherkaoui.ma\/index.php\/produit\/cerave-gel-moussant-peaux-normales-a-grasses-236-ml-2\/\" \/>\r\n<meta property=\"og:site_name\" content=\"Paracherkaoui.ma\" \/>\r\n<meta property=\"article:modified_time\" content=\"2025-12-12T16:45:52+00:00\" \/>\r\n<meta property=\"og:image\" content=\"https:\/\/paracherkaoui.ma\/wp-content\/uploads\/2025\/12\/cerave-cerave-gel-moussant-peaux-normales-a-grasses-236-ml-soins-anti-imperfections.jpg\" \/>\r\n\t<meta property=\"og:image:width\" content=\"700\" \/>\r\n\t<meta property=\"og:image:height\" content=\"700\" \/>\r\n\t<meta property=\"og:image:type\" content=\"image\/jpeg\" \/>\r\n<meta name=\"twitter:card\" content=\"summary_large_image\" \/>\r\n<meta name=\"twitter:label1\" content=\"Dur\u00e9e de lecture estim\u00e9e\" \/>\n\t<meta name=\"twitter:data1\" content=\"5 minutes\" \/>\r\n<script type=\"application\/ld+json\" class=\"yoast-schema-graph\">{\"@context\":\"https:\/\/schema.org\",\"@graph\":[{\"@type\":\"WebPage\",\"@id\":\"https:\/\/paracherkaoui.ma\/index.php\/produit\/cerave-gel-moussant-peaux-normales-a-grasses-236-ml-2\/\",\"url\":\"https:\/\/paracherkaoui.ma\/index.php\/produit\/cerave-gel-moussant-peaux-normales-a-grasses-236-ml-2\/\",\"name\":\"CERAVE GEL MOUSSANT PEAUX NORMALES A GRASSES 236 ML - Paracherkaoui.ma\",\"isPartOf\":{\"@id\":\"https:\/\/paracherkaoui.ma\/#website\"},\"primaryImageOfPage\":{\"@id\":\"https:\/\/paracherkaoui.ma\/index.php\/produit\/cerave-gel-moussant-peaux-normales-a-grasses-236-ml-2\/#primaryimage\"},\"image\":{\"@id\":\"https:\/\/paracherkaoui.ma\/index.php\/produit\/cerave-gel-moussant-peaux-normales-a-grasses-236-ml-2\/#primaryimage\"},\"thumbnailUrl\":\"https:\/\/paracherkaoui.ma\/wp-content\/uploads\/2025\/12\/cerave-cerave-gel-moussant-peaux-normales-a-grasses-236-ml-soins-anti-imperfections.jpg\",\"datePublished\":\"2025-12-12T16:45:50+00:00\",\"dateModified\":\"2025-12-12T16:45:52+00:00\",\"breadcrumb\":{\"@id\":\"https:\/\/paracherkaoui.ma\/index.php\/produit\/cerave-gel-moussant-peaux-normales-a-grasses-236-ml-2\/#breadcrumb\"},\"inLanguage\":\"fr-FR\",\"potentialAction\":[{\"@type\":\"ReadAction\",\"target\":[\"https:\/\/paracherkaoui.ma\/index.php\/produit\/cerave-gel-moussant-peaux-normales-a-grasses-236-ml-2\/\"]}]},{\"@type\":\"ImageObject\",\"inLanguage\":\"fr-FR\",\"@id\":\"https:\/\/paracherkaoui.ma\/index.php\/produit\/cerave-gel-moussant-peaux-normales-a-grasses-236-ml-2\/#primaryimage\",\"url\":\"https:\/\/paracherkaoui.ma\/wp-content\/uploads\/2025\/12\/cerave-cerave-gel-moussant-peaux-normales-a-grasses-236-ml-soins-anti-imperfections.jpg\",\"contentUrl\":\"https:\/\/paracherkaoui.ma\/wp-content\/uploads\/2025\/12\/cerave-cerave-gel-moussant-peaux-normales-a-grasses-236-ml-soins-anti-imperfections.jpg\",\"width\":700,\"height\":700},{\"@type\":\"BreadcrumbList\",\"@id\":\"https:\/\/paracherkaoui.ma\/index.php\/produit\/cerave-gel-moussant-peaux-normales-a-grasses-236-ml-2\/#breadcrumb\",\"itemListElement\":[{\"@type\":\"ListItem\",\"position\":1,\"name\":\"Accueil\",\"item\":\"https:\/\/paracherkaoui.ma\/\"},{\"@type\":\"ListItem\",\"position\":2,\"name\":\"Boutique\",\"item\":\"https:\/\/paracherkaoui.ma\/index.php\/boutique\/\"},{\"@type\":\"ListItem\",\"position\":3,\"name\":\"CERAVE GEL MOUSSANT PEAUX NORMALES A GRASSES 236 ML\"}]},{\"@type\":\"WebSite\",\"@id\":\"https:\/\/paracherkaoui.ma\/#website\",\"url\":\"https:\/\/paracherkaoui.ma\/\",\"name\":\"Paracherkaoui.ma\",\"description\":\"Achetez en ligne sur Paracherkaoui.ma\",\"potentialAction\":[{\"@type\":\"SearchAction\",\"target\":{\"@type\":\"EntryPoint\",\"urlTemplate\":\"https:\/\/paracherkaoui.ma\/?s={search_term_string}\"},\"query-input\":{\"@type\":\"PropertyValueSpecification\",\"valueRequired\":true,\"valueName\":\"search_term_string\"}}],\"inLanguage\":\"fr-FR\"}]}<\/script>\r\n<!-- \/ Yoast SEO plugin. -->","yoast_head_json":{"title":"CERAVE GEL MOUSSANT PEAUX NORMALES A GRASSES 236 ML - Paracherkaoui.ma","robots":{"index":"index","follow":"follow","max-snippet":"max-snippet:-1","max-image-preview":"max-image-preview:large","max-video-preview":"max-video-preview:-1"},"canonical":"https:\/\/paracherkaoui.ma\/index.php\/produit\/cerave-gel-moussant-peaux-normales-a-grasses-236-ml-2\/","og_locale":"fr_FR","og_type":"article","og_title":"CERAVE GEL MOUSSANT PEAUX NORMALES A GRASSES 236 ML - Paracherkaoui.ma","og_description":".elementor-215 .elementor-element.elementor-element-2f82b42 .elementor-tab-title, .elementor-215 .elementor-element.elementor-element-2f82b42 .elementor-tab-title:before, .elementor-215 .elementor-element.elementor-element-2f82b42 .elementor-tab-title:after, .elementor-215 .elementor-element.elementor-element-2f82b42 .elementor-tab-content, .elementor-215 .elementor-element.elementor-element-2f82b42 .elementor-tabs-content-wrapper{border-width:0.5px;}.elementor-215 .elementor-element.elementor-element-2f82b42 .elementor-tab-title{color:#000000;}.elementor-215 .elementor-element.elementor-element-2f82b42 .elementor-tab-title.elementor-active{color:#00a28d;}.elementor-215 .elementor-element.elementor-element-2f82b42","og_url":"https:\/\/paracherkaoui.ma\/index.php\/produit\/cerave-gel-moussant-peaux-normales-a-grasses-236-ml-2\/","og_site_name":"Paracherkaoui.ma","article_modified_time":"2025-12-12T16:45:52+00:00","og_image":[{"width":700,"height":700,"url":"https:\/\/paracherkaoui.ma\/wp-content\/uploads\/2025\/12\/cerave-cerave-gel-moussant-peaux-normales-a-grasses-236-ml-soins-anti-imperfections.jpg","type":"image\/jpeg"}],"twitter_card":"summary_large_image","twitter_misc":{"Dur\u00e9e de lecture estim\u00e9e":"5 minutes"},"schema":{"@context":"https:\/\/schema.org","@graph":[{"@type":"WebPage","@id":"https:\/\/paracherkaoui.ma\/index.php\/produit\/cerave-gel-moussant-peaux-normales-a-grasses-236-ml-2\/","url":"https:\/\/paracherkaoui.ma\/index.php\/produit\/cerave-gel-moussant-peaux-normales-a-grasses-236-ml-2\/","name":"CERAVE GEL MOUSSANT PEAUX NORMALES A GRASSES 236 ML - Paracherkaoui.ma","isPartOf":{"@id":"https:\/\/paracherkaoui.ma\/#website"},"primaryImageOfPage":{"@id":"https:\/\/paracherkaoui.ma\/index.php\/produit\/cerave-gel-moussant-peaux-normales-a-grasses-236-ml-2\/#primaryimage"},"image":{"@id":"https:\/\/paracherkaoui.ma\/index.php\/produit\/cerave-gel-moussant-peaux-normales-a-grasses-236-ml-2\/#primaryimage"},"thumbnailUrl":"https:\/\/paracherkaoui.ma\/wp-content\/uploads\/2025\/12\/cerave-cerave-gel-moussant-peaux-normales-a-grasses-236-ml-soins-anti-imperfections.jpg","datePublished":"2025-12-12T16:45:50+00:00","dateModified":"2025-12-12T16:45:52+00:00","breadcrumb":{"@id":"https:\/\/paracherkaoui.ma\/index.php\/produit\/cerave-gel-moussant-peaux-normales-a-grasses-236-ml-2\/#breadcrumb"},"inLanguage":"fr-FR","potentialAction":[{"@type":"ReadAction","target":["https:\/\/paracherkaoui.ma\/index.php\/produit\/cerave-gel-moussant-peaux-normales-a-grasses-236-ml-2\/"]}]},{"@type":"ImageObject","inLanguage":"fr-FR","@id":"https:\/\/paracherkaoui.ma\/index.php\/produit\/cerave-gel-moussant-peaux-normales-a-grasses-236-ml-2\/#primaryimage","url":"https:\/\/paracherkaoui.ma\/wp-content\/uploads\/2025\/12\/cerave-cerave-gel-moussant-peaux-normales-a-grasses-236-ml-soins-anti-imperfections.jpg","contentUrl":"https:\/\/paracherkaoui.ma\/wp-content\/uploads\/2025\/12\/cerave-cerave-gel-moussant-peaux-normales-a-grasses-236-ml-soins-anti-imperfections.jpg","width":700,"height":700},{"@type":"BreadcrumbList","@id":"https:\/\/paracherkaoui.ma\/index.php\/produit\/cerave-gel-moussant-peaux-normales-a-grasses-236-ml-2\/#breadcrumb","itemListElement":[{"@type":"ListItem","position":1,"name":"Accueil","item":"https:\/\/paracherkaoui.ma\/"},{"@type":"ListItem","position":2,"name":"Boutique","item":"https:\/\/paracherkaoui.ma\/index.php\/boutique\/"},{"@type":"ListItem","position":3,"name":"CERAVE GEL MOUSSANT PEAUX NORMALES A GRASSES 236 ML"}]},{"@type":"WebSite","@id":"https:\/\/paracherkaoui.ma\/#website","url":"https:\/\/paracherkaoui.ma\/","name":"Paracherkaoui.ma","description":"Achetez en ligne sur Paracherkaoui.ma","potentialAction":[{"@type":"SearchAction","target":{"@type":"EntryPoint","urlTemplate":"https:\/\/paracherkaoui.ma\/?s={search_term_string}"},"query-input":{"@type":"PropertyValueSpecification","valueRequired":true,"valueName":"search_term_string"}}],"inLanguage":"fr-FR"}]}},"_links":{"self":[{"href":"https:\/\/paracherkaoui.ma\/index.php\/wp-json\/wp\/v2\/product\/12279","targetHints":{"allow":["GET"]}}],"collection":[{"href":"https:\/\/paracherkaoui.ma\/index.php\/wp-json\/wp\/v2\/product"}],"about":[{"href":"https:\/\/paracherkaoui.ma\/index.php\/wp-json\/wp\/v2\/types\/product"}],"replies":[{"embeddable":true,"href":"https:\/\/paracherkaoui.ma\/index.php\/wp-json\/wp\/v2\/comments?post=12279"}],"version-history":[{"count":1,"href":"https:\/\/paracherkaoui.ma\/index.php\/wp-json\/wp\/v2\/product\/12279\/revisions"}],"predecessor-version":[{"id":12317,"href":"https:\/\/paracherkaoui.ma\/index.php\/wp-json\/wp\/v2\/product\/12279\/revisions\/12317"}],"wp:featuredmedia":[{"embeddable":true,"href":"https:\/\/paracherkaoui.ma\/index.php\/wp-json\/wp\/v2\/media\/12166"}],"wp:attachment":[{"href":"https:\/\/paracherkaoui.ma\/index.php\/wp-json\/wp\/v2\/media?parent=12279"}],"wp:term":[{"taxonomy":"product_brand","embeddable":true,"href":"https:\/\/paracherkaoui.ma\/index.php\/wp-json\/wp\/v2\/product_brand?post=12279"},{"taxonomy":"product_cat","embeddable":true,"href":"https:\/\/paracherkaoui.ma\/index.php\/wp-json\/wp\/v2\/product_cat?post=12279"},{"taxonomy":"product_tag","embeddable":true,"href":"https:\/\/paracherkaoui.ma\/index.php\/wp-json\/wp\/v2\/product_tag?post=12279"}],"curies":[{"name":"wp","href":"https:\/\/api.w.org\/{rel}","templated":true}]}}