{"id":12277,"date":"2025-12-12T17:45:50","date_gmt":"2025-12-12T16:45:50","guid":{"rendered":"https:\/\/test.ecbeaute.com\/?post_type=product&#038;p=12277"},"modified":"2025-12-12T17:45:52","modified_gmt":"2025-12-12T16:45:52","slug":"cerave-offre-gel-moussant-peaux-normales-a-grasses-473-ml-gel-moussant20ml-gel-creme-3ml-offerts-2","status":"publish","type":"product","link":"https:\/\/paracherkaoui.ma\/index.php\/produit\/cerave-offre-gel-moussant-peaux-normales-a-grasses-473-ml-gel-moussant20ml-gel-creme-3ml-offerts-2\/","title":{"rendered":"CERAVE OFFRE GEL MOUSSANT PEAUX NORMALES A GRASSES 473 ML + GEL MOUSSANT20ML+ GEL CREME 3ML OFFERTS"},"content":{"rendered":"<p>.elementor-63 .elementor-element.elementor-element-7aa8d7b2 .elementor-tab-title, .elementor-63 .elementor-element.elementor-element-7aa8d7b2 .elementor-tab-title:before, .elementor-63 .elementor-element.elementor-element-7aa8d7b2 .elementor-tab-title:after, .elementor-63 .elementor-element.elementor-element-7aa8d7b2 .elementor-tab-content, .elementor-63 .elementor-element.elementor-element-7aa8d7b2 .elementor-tabs-content-wrapper{border-width:0.5px;}.elementor-63 .elementor-element.elementor-element-7aa8d7b2 .elementor-tab-title{color:#000000;}.elementor-63 .elementor-element.elementor-element-7aa8d7b2 .elementor-tab-title.elementor-active{color:#00a28d;}.elementor-63 .elementor-element.elementor-element-7aa8d7b2 .elementor-tab-content{color:#000000;}.elementor-63 .elementor-element.elementor-element-60227d04 .axps-swiper-slider .swiper-slide img{width:auto;}.elementor-63 .elementor-element.elementor-element-60227d04 .wrapper-items:not(.swiper-container-initialized) .item{-ms-flex:0 0 calc(100%\/4);flex:0 0 calc(100%\/4);max-width:calc(100%\/4);}.elementor-63 .elementor-element.elementor-element-60227d04 .wrapper-items .swiper-slide{padding-left:calc(30px\/2);padding-right:calc(30px\/2);}.elementor-63 .elementor-element.elementor-element-60227d04 .wrapper-items .swiper-slide .item-inner{margin-bottom:30px;}.elementor-63 .elementor-element.elementor-element-60227d04 .wrapper-items{margin-left:calc(-30px\/2);margin-right:calc(-30px\/2);}.elementor-63 .elementor-element.elementor-element-60227d04 .swiper-wrapper .item-inner{text-align:center;}.elementor-63 .elementor-element.elementor-element-25613e4c{margin-top:-16px;margin-bottom:0px;}.elementor-63 .elementor-element.elementor-element-2654a3b > .elementor-widget-container{margin:-8px 0px 0px 0px;}.elementor-63 .elementor-element.elementor-element-64d052e > .elementor-widget-container{margin:-8px 0px 0px 0px;}.elementor-63 .elementor-element.elementor-element-7d1f8cbd > .elementor-widget-container{margin:-8px 0px 0px 0px;}.elementor-63 .elementor-element.elementor-element-6eb96c22 > .elementor-widget-container{margin:-8px 0px 0px 0px;}.elementor-63 .elementor-element.elementor-element-dffbab5 > .elementor-widget-container{margin:-8px 0px 0px 0px;}.elementor-63 .elementor-element.elementor-element-4332dc79 > .elementor-widget-container{margin:-8px 0px 0px 0px;}@media(max-width:1024px){.elementor-63 .elementor-element.elementor-element-60227d04 .wrapper-items:not(.swiper-container-initialized) .item{-ms-flex:0 0 calc(100%\/4);flex:0 0 calc(100%\/4);max-width:calc(100%\/4);}.elementor-63 .elementor-element.elementor-element-60227d04 .wrapper-items .swiper-slide{padding-left:calc(20px\/2);padding-right:calc(20px\/2);}.elementor-63 .elementor-element.elementor-element-60227d04 .wrapper-items .swiper-slide .item-inner{margin-bottom:20px;}.elementor-63 .elementor-element.elementor-element-60227d04 .wrapper-items{margin-left:calc(-20px\/2);margin-right:calc(-20px\/2);}.elementor-63 .elementor-element.elementor-element-2654a3b > .elementor-widget-container{margin:-33px 0px 0px 0px;}.elementor-63 .elementor-element.elementor-element-64d052e > .elementor-widget-container{margin:-33px 0px 0px 0px;}.elementor-63 .elementor-element.elementor-element-7d1f8cbd > .elementor-widget-container{margin:-33px 0px 0px 0px;}.elementor-63 .elementor-element.elementor-element-6eb96c22 > .elementor-widget-container{margin:-33px 0px 0px 0px;}.elementor-63 .elementor-element.elementor-element-dffbab5 > .elementor-widget-container{margin:-33px 0px 0px 0px;}.elementor-63 .elementor-element.elementor-element-4332dc79 > .elementor-widget-container{margin:-33px 0px 0px 0px;}}@media(max-width:767px){.elementor-63 .elementor-element.elementor-element-60227d04 .wrapper-items:not(.swiper-container-initialized) .item{-ms-flex:0 0 calc(100%\/4);flex:0 0 calc(100%\/4);max-width:calc(100%\/4);}.elementor-63 .elementor-element.elementor-element-60227d04 .wrapper-items .swiper-slide{padding-left:calc(10px\/2);padding-right:calc(10px\/2);}.elementor-63 .elementor-element.elementor-element-60227d04 .wrapper-items .swiper-slide .item-inner{margin-bottom:10px;}.elementor-63 .elementor-element.elementor-element-60227d04 .wrapper-items{margin-left:calc(-10px\/2);margin-right:calc(-10px\/2);}.elementor-63 .elementor-element.elementor-element-294d43e{width:50%;}.elementor-63 .elementor-element.elementor-element-2654a3b > .elementor-widget-container{margin:-26px 0px 0px 0px;}.elementor-63 .elementor-element.elementor-element-0294773{width:50%;}.elementor-63 .elementor-element.elementor-element-64d052e > .elementor-widget-container{margin:-26px 0px 0px 0px;}.elementor-63 .elementor-element.elementor-element-2dd2c4f4{width:50%;}.elementor-63 .elementor-element.elementor-element-7d1f8cbd > .elementor-widget-container{margin:-26px 0px 0px 0px;}.elementor-63 .elementor-element.elementor-element-73aa86ab{width:50%;}.elementor-63 .elementor-element.elementor-element-6eb96c22 > .elementor-widget-container{margin:-26px 0px 0px 0px;}.elementor-63 .elementor-element.elementor-element-bc2b52e{width:50%;}.elementor-63 .elementor-element.elementor-element-dffbab5 > .elementor-widget-container{margin:-26px 0px 0px 0px;}.elementor-63 .elementor-element.elementor-element-3738baa4{width:50%;}.elementor-63 .elementor-element.elementor-element-4332dc79 > .elementor-widget-container{margin:-26px 0px 0px 0px;}}<br \/>\nDescription<br \/>\nConseils d&rsquo;utilisation<br \/>\nComposition<br \/>\nDescription<br \/>\nGr\u00e2ce \u00e0 sa\u00a0texture gel fra\u00eeche et moussante, ce soin nettoyant \u00e9limine efficacement\u00a0l\u2019exc\u00e8s de s\u00e9bum, les impuret\u00e9s et les r\u00e9sidus de maquillage. Il convient parfaitement \u00e0 un usage quotidien matin et soir.<br \/>\nEnrichi en\u00a03 c\u00e9ramides essentiels (1, 3, 6-II), en\u00a0acide hyaluronique\u00a0et en\u00a0niacinamide, ce gel moussant renforce la barri\u00e8re cutan\u00e9e, hydrate durablement et apaise les irritations. Sa\u00a0technologie MVE brevet\u00e9e\u00a0permet une lib\u00e9ration prolong\u00e9e des actifs pour un\u00a0effet hydratant continu pendant 24h.<br \/>\nTol\u00e9rance optimale\u00a0: sans parfum, hypoallerg\u00e9nique, non-com\u00e9dog\u00e8ne, test\u00e9 sous contr\u00f4le dermatologique \u2013 il respecte les peaux les plus sensibles.<br \/>\nConseils d&rsquo;utilisation<br \/>\nUtilisez matin et soir sur une\u00a0peau humidifi\u00e9e.<br \/>\nD\u00e9posez une\u00a0pression de produit\u00a0dans la paume de la main.<br \/>\nMassez doucement le visage, le cou (et le corps si souhait\u00e9) en\u00a0mouvements circulaires, en insistant sur la zone T (front, nez, menton).<br \/>\n\u00c9vitez le contour des yeux.<br \/>\nRincez abondamment\u00a0\u00e0 l\u2019eau claire.<br \/>\nAppliquez ensuite une cr\u00e8me hydratante, comme la\u00a0Cr\u00e8me Hydratante Visage CeraVe, pour compl\u00e9ter votre routine.<br \/>\nComposition<br \/>\nAqua\/Water, Glycerin, Coco-Betaine, Propylene Glycol, Sodium Cocoyl Glycinate, PEG-120 Methyl Glucose Dioleate, Sodium Chloride, Acrylates Copolymer, Citric Acid, Capryloyl Glycine, Caprylyl Glycol, Sodium Hydroxide, Niacinamide, Disodium EDTA, Sodium Hyaluronate, Sodium Lauroyl Lactylate, Ceramide NP, Phenoxyethanol, Ceramide AP, Phytosphingosine, Cholesterol, Xanthan Gum, Carbomer, Ethylhexylglycerin, Ceramide EOP<br \/>\nAjouter au Panier<br \/>\nAjouter au Panier<br \/>\nAjouter au Panier<br \/>\nAjouter au Panier<br \/>\nAjouter au Panier<br \/>\nAjouter au Panier<\/p>\n","protected":false},"excerpt":{"rendered":"<p>.elementor-63 .elementor-element.elementor-element-7aa8d7b2 .elementor-tab-title, .elementor-63 .elementor-element.elementor-element-7aa8d7b2 .elementor-tab-title:before, .elementor-63 .elementor-element.elementor-element-7aa8d7b2 .elementor-tab-title:after, .elementor-63 .elementor-element.elementor-element-7aa8d7b2 .elementor-tab-content, .elementor-63 .elementor-element.elementor-element-7aa8d7b2 .elementor-tabs-content-wrapper{border-width:0.5px;}.elementor-63 .elementor-element.elementor-element-7aa8d7b2 .elementor-tab-title{color:#000000;}.elementor-63 .elementor-element.elementor-element-7aa8d7b2 .elementor-tab-title.elementor-active{color:#00a28d;}.elementor-63 .elementor-element.elementor-element-7aa8d7b2<\/p>\n","protected":false},"featured_media":10716,"comment_status":"open","ping_status":"closed","template":"","meta":[],"product_brand":[131],"product_cat":[161],"product_tag":[],"class_list":{"0":"post-12277","1":"product","2":"type-product","3":"status-publish","4":"has-post-thumbnail","6":"product_brand-cerave","7":"product_cat-hygiene-visage","9":"first","10":"instock","11":"sale","12":"shipping-taxable","13":"purchasable","14":"product-type-simple"},"yoast_head":"<!-- This site is optimized with the Yoast SEO plugin v26.6 - https:\/\/yoast.com\/wordpress\/plugins\/seo\/ -->\r\n<title>CERAVE OFFRE GEL MOUSSANT PEAUX NORMALES A GRASSES 473 ML + GEL MOUSSANT20ML+ GEL CREME 3ML OFFERTS - Paracherkaoui.ma<\/title>\r\n<meta name=\"robots\" content=\"index, follow, max-snippet:-1, max-image-preview:large, max-video-preview:-1\" \/>\r\n<link rel=\"canonical\" href=\"https:\/\/paracherkaoui.ma\/index.php\/produit\/cerave-offre-gel-moussant-peaux-normales-a-grasses-473-ml-gel-moussant20ml-gel-creme-3ml-offerts-2\/\" \/>\r\n<meta property=\"og:locale\" content=\"fr_FR\" \/>\r\n<meta property=\"og:type\" content=\"article\" \/>\r\n<meta property=\"og:title\" content=\"CERAVE OFFRE GEL MOUSSANT PEAUX NORMALES A GRASSES 473 ML + GEL MOUSSANT20ML+ GEL CREME 3ML OFFERTS - Paracherkaoui.ma\" \/>\r\n<meta property=\"og:description\" content=\".elementor-63 .elementor-element.elementor-element-7aa8d7b2 .elementor-tab-title, .elementor-63 .elementor-element.elementor-element-7aa8d7b2 .elementor-tab-title:before, .elementor-63 .elementor-element.elementor-element-7aa8d7b2 .elementor-tab-title:after, .elementor-63 .elementor-element.elementor-element-7aa8d7b2 .elementor-tab-content, .elementor-63 .elementor-element.elementor-element-7aa8d7b2 .elementor-tabs-content-wrapper{border-width:0.5px;}.elementor-63 .elementor-element.elementor-element-7aa8d7b2 .elementor-tab-title{color:#000000;}.elementor-63 .elementor-element.elementor-element-7aa8d7b2 .elementor-tab-title.elementor-active{color:#00a28d;}.elementor-63 .elementor-element.elementor-element-7aa8d7b2\" \/>\r\n<meta property=\"og:url\" content=\"https:\/\/paracherkaoui.ma\/index.php\/produit\/cerave-offre-gel-moussant-peaux-normales-a-grasses-473-ml-gel-moussant20ml-gel-creme-3ml-offerts-2\/\" \/>\r\n<meta property=\"og:site_name\" content=\"Paracherkaoui.ma\" \/>\r\n<meta property=\"article:modified_time\" content=\"2025-12-12T16:45:52+00:00\" \/>\r\n<meta property=\"og:image\" content=\"https:\/\/paracherkaoui.ma\/wp-content\/uploads\/2025\/12\/cerave-cerave-offre-gel-moussant-peaux-normales-a-grasses-473-ml-gel-moussant20ml-gel-creme-3ml-offerts-soins-anti-imperfections.jpg\" \/>\r\n\t<meta property=\"og:image:width\" content=\"700\" \/>\r\n\t<meta property=\"og:image:height\" content=\"700\" \/>\r\n\t<meta property=\"og:image:type\" content=\"image\/jpeg\" \/>\r\n<meta name=\"twitter:card\" content=\"summary_large_image\" \/>\r\n<meta name=\"twitter:label1\" content=\"Dur\u00e9e de lecture estim\u00e9e\" \/>\n\t<meta name=\"twitter:data1\" content=\"4 minutes\" \/>\r\n<script type=\"application\/ld+json\" class=\"yoast-schema-graph\">{\"@context\":\"https:\/\/schema.org\",\"@graph\":[{\"@type\":\"WebPage\",\"@id\":\"https:\/\/paracherkaoui.ma\/index.php\/produit\/cerave-offre-gel-moussant-peaux-normales-a-grasses-473-ml-gel-moussant20ml-gel-creme-3ml-offerts-2\/\",\"url\":\"https:\/\/paracherkaoui.ma\/index.php\/produit\/cerave-offre-gel-moussant-peaux-normales-a-grasses-473-ml-gel-moussant20ml-gel-creme-3ml-offerts-2\/\",\"name\":\"CERAVE OFFRE GEL MOUSSANT PEAUX NORMALES A GRASSES 473 ML + GEL MOUSSANT20ML+ GEL CREME 3ML OFFERTS - Paracherkaoui.ma\",\"isPartOf\":{\"@id\":\"https:\/\/paracherkaoui.ma\/#website\"},\"primaryImageOfPage\":{\"@id\":\"https:\/\/paracherkaoui.ma\/index.php\/produit\/cerave-offre-gel-moussant-peaux-normales-a-grasses-473-ml-gel-moussant20ml-gel-creme-3ml-offerts-2\/#primaryimage\"},\"image\":{\"@id\":\"https:\/\/paracherkaoui.ma\/index.php\/produit\/cerave-offre-gel-moussant-peaux-normales-a-grasses-473-ml-gel-moussant20ml-gel-creme-3ml-offerts-2\/#primaryimage\"},\"thumbnailUrl\":\"https:\/\/paracherkaoui.ma\/wp-content\/uploads\/2025\/12\/cerave-cerave-offre-gel-moussant-peaux-normales-a-grasses-473-ml-gel-moussant20ml-gel-creme-3ml-offerts-soins-anti-imperfections.jpg\",\"datePublished\":\"2025-12-12T16:45:50+00:00\",\"dateModified\":\"2025-12-12T16:45:52+00:00\",\"breadcrumb\":{\"@id\":\"https:\/\/paracherkaoui.ma\/index.php\/produit\/cerave-offre-gel-moussant-peaux-normales-a-grasses-473-ml-gel-moussant20ml-gel-creme-3ml-offerts-2\/#breadcrumb\"},\"inLanguage\":\"fr-FR\",\"potentialAction\":[{\"@type\":\"ReadAction\",\"target\":[\"https:\/\/paracherkaoui.ma\/index.php\/produit\/cerave-offre-gel-moussant-peaux-normales-a-grasses-473-ml-gel-moussant20ml-gel-creme-3ml-offerts-2\/\"]}]},{\"@type\":\"ImageObject\",\"inLanguage\":\"fr-FR\",\"@id\":\"https:\/\/paracherkaoui.ma\/index.php\/produit\/cerave-offre-gel-moussant-peaux-normales-a-grasses-473-ml-gel-moussant20ml-gel-creme-3ml-offerts-2\/#primaryimage\",\"url\":\"https:\/\/paracherkaoui.ma\/wp-content\/uploads\/2025\/12\/cerave-cerave-offre-gel-moussant-peaux-normales-a-grasses-473-ml-gel-moussant20ml-gel-creme-3ml-offerts-soins-anti-imperfections.jpg\",\"contentUrl\":\"https:\/\/paracherkaoui.ma\/wp-content\/uploads\/2025\/12\/cerave-cerave-offre-gel-moussant-peaux-normales-a-grasses-473-ml-gel-moussant20ml-gel-creme-3ml-offerts-soins-anti-imperfections.jpg\",\"width\":700,\"height\":700},{\"@type\":\"BreadcrumbList\",\"@id\":\"https:\/\/paracherkaoui.ma\/index.php\/produit\/cerave-offre-gel-moussant-peaux-normales-a-grasses-473-ml-gel-moussant20ml-gel-creme-3ml-offerts-2\/#breadcrumb\",\"itemListElement\":[{\"@type\":\"ListItem\",\"position\":1,\"name\":\"Accueil\",\"item\":\"https:\/\/paracherkaoui.ma\/\"},{\"@type\":\"ListItem\",\"position\":2,\"name\":\"Boutique\",\"item\":\"https:\/\/paracherkaoui.ma\/index.php\/boutique\/\"},{\"@type\":\"ListItem\",\"position\":3,\"name\":\"CERAVE OFFRE GEL MOUSSANT PEAUX NORMALES A GRASSES 473 ML + GEL MOUSSANT20ML+ GEL CREME 3ML OFFERTS\"}]},{\"@type\":\"WebSite\",\"@id\":\"https:\/\/paracherkaoui.ma\/#website\",\"url\":\"https:\/\/paracherkaoui.ma\/\",\"name\":\"Paracherkaoui.ma\",\"description\":\"Achetez en ligne sur Paracherkaoui.ma\",\"potentialAction\":[{\"@type\":\"SearchAction\",\"target\":{\"@type\":\"EntryPoint\",\"urlTemplate\":\"https:\/\/paracherkaoui.ma\/?s={search_term_string}\"},\"query-input\":{\"@type\":\"PropertyValueSpecification\",\"valueRequired\":true,\"valueName\":\"search_term_string\"}}],\"inLanguage\":\"fr-FR\"}]}<\/script>\r\n<!-- \/ Yoast SEO plugin. -->","yoast_head_json":{"title":"CERAVE OFFRE GEL MOUSSANT PEAUX NORMALES A GRASSES 473 ML + GEL MOUSSANT20ML+ GEL CREME 3ML OFFERTS - Paracherkaoui.ma","robots":{"index":"index","follow":"follow","max-snippet":"max-snippet:-1","max-image-preview":"max-image-preview:large","max-video-preview":"max-video-preview:-1"},"canonical":"https:\/\/paracherkaoui.ma\/index.php\/produit\/cerave-offre-gel-moussant-peaux-normales-a-grasses-473-ml-gel-moussant20ml-gel-creme-3ml-offerts-2\/","og_locale":"fr_FR","og_type":"article","og_title":"CERAVE OFFRE GEL MOUSSANT PEAUX NORMALES A GRASSES 473 ML + GEL MOUSSANT20ML+ GEL CREME 3ML OFFERTS - Paracherkaoui.ma","og_description":".elementor-63 .elementor-element.elementor-element-7aa8d7b2 .elementor-tab-title, .elementor-63 .elementor-element.elementor-element-7aa8d7b2 .elementor-tab-title:before, .elementor-63 .elementor-element.elementor-element-7aa8d7b2 .elementor-tab-title:after, .elementor-63 .elementor-element.elementor-element-7aa8d7b2 .elementor-tab-content, .elementor-63 .elementor-element.elementor-element-7aa8d7b2 .elementor-tabs-content-wrapper{border-width:0.5px;}.elementor-63 .elementor-element.elementor-element-7aa8d7b2 .elementor-tab-title{color:#000000;}.elementor-63 .elementor-element.elementor-element-7aa8d7b2 .elementor-tab-title.elementor-active{color:#00a28d;}.elementor-63 .elementor-element.elementor-element-7aa8d7b2","og_url":"https:\/\/paracherkaoui.ma\/index.php\/produit\/cerave-offre-gel-moussant-peaux-normales-a-grasses-473-ml-gel-moussant20ml-gel-creme-3ml-offerts-2\/","og_site_name":"Paracherkaoui.ma","article_modified_time":"2025-12-12T16:45:52+00:00","og_image":[{"width":700,"height":700,"url":"https:\/\/paracherkaoui.ma\/wp-content\/uploads\/2025\/12\/cerave-cerave-offre-gel-moussant-peaux-normales-a-grasses-473-ml-gel-moussant20ml-gel-creme-3ml-offerts-soins-anti-imperfections.jpg","type":"image\/jpeg"}],"twitter_card":"summary_large_image","twitter_misc":{"Dur\u00e9e de lecture estim\u00e9e":"4 minutes"},"schema":{"@context":"https:\/\/schema.org","@graph":[{"@type":"WebPage","@id":"https:\/\/paracherkaoui.ma\/index.php\/produit\/cerave-offre-gel-moussant-peaux-normales-a-grasses-473-ml-gel-moussant20ml-gel-creme-3ml-offerts-2\/","url":"https:\/\/paracherkaoui.ma\/index.php\/produit\/cerave-offre-gel-moussant-peaux-normales-a-grasses-473-ml-gel-moussant20ml-gel-creme-3ml-offerts-2\/","name":"CERAVE OFFRE GEL MOUSSANT PEAUX NORMALES A GRASSES 473 ML + GEL MOUSSANT20ML+ GEL CREME 3ML OFFERTS - Paracherkaoui.ma","isPartOf":{"@id":"https:\/\/paracherkaoui.ma\/#website"},"primaryImageOfPage":{"@id":"https:\/\/paracherkaoui.ma\/index.php\/produit\/cerave-offre-gel-moussant-peaux-normales-a-grasses-473-ml-gel-moussant20ml-gel-creme-3ml-offerts-2\/#primaryimage"},"image":{"@id":"https:\/\/paracherkaoui.ma\/index.php\/produit\/cerave-offre-gel-moussant-peaux-normales-a-grasses-473-ml-gel-moussant20ml-gel-creme-3ml-offerts-2\/#primaryimage"},"thumbnailUrl":"https:\/\/paracherkaoui.ma\/wp-content\/uploads\/2025\/12\/cerave-cerave-offre-gel-moussant-peaux-normales-a-grasses-473-ml-gel-moussant20ml-gel-creme-3ml-offerts-soins-anti-imperfections.jpg","datePublished":"2025-12-12T16:45:50+00:00","dateModified":"2025-12-12T16:45:52+00:00","breadcrumb":{"@id":"https:\/\/paracherkaoui.ma\/index.php\/produit\/cerave-offre-gel-moussant-peaux-normales-a-grasses-473-ml-gel-moussant20ml-gel-creme-3ml-offerts-2\/#breadcrumb"},"inLanguage":"fr-FR","potentialAction":[{"@type":"ReadAction","target":["https:\/\/paracherkaoui.ma\/index.php\/produit\/cerave-offre-gel-moussant-peaux-normales-a-grasses-473-ml-gel-moussant20ml-gel-creme-3ml-offerts-2\/"]}]},{"@type":"ImageObject","inLanguage":"fr-FR","@id":"https:\/\/paracherkaoui.ma\/index.php\/produit\/cerave-offre-gel-moussant-peaux-normales-a-grasses-473-ml-gel-moussant20ml-gel-creme-3ml-offerts-2\/#primaryimage","url":"https:\/\/paracherkaoui.ma\/wp-content\/uploads\/2025\/12\/cerave-cerave-offre-gel-moussant-peaux-normales-a-grasses-473-ml-gel-moussant20ml-gel-creme-3ml-offerts-soins-anti-imperfections.jpg","contentUrl":"https:\/\/paracherkaoui.ma\/wp-content\/uploads\/2025\/12\/cerave-cerave-offre-gel-moussant-peaux-normales-a-grasses-473-ml-gel-moussant20ml-gel-creme-3ml-offerts-soins-anti-imperfections.jpg","width":700,"height":700},{"@type":"BreadcrumbList","@id":"https:\/\/paracherkaoui.ma\/index.php\/produit\/cerave-offre-gel-moussant-peaux-normales-a-grasses-473-ml-gel-moussant20ml-gel-creme-3ml-offerts-2\/#breadcrumb","itemListElement":[{"@type":"ListItem","position":1,"name":"Accueil","item":"https:\/\/paracherkaoui.ma\/"},{"@type":"ListItem","position":2,"name":"Boutique","item":"https:\/\/paracherkaoui.ma\/index.php\/boutique\/"},{"@type":"ListItem","position":3,"name":"CERAVE OFFRE GEL MOUSSANT PEAUX NORMALES A GRASSES 473 ML + GEL MOUSSANT20ML+ GEL CREME 3ML OFFERTS"}]},{"@type":"WebSite","@id":"https:\/\/paracherkaoui.ma\/#website","url":"https:\/\/paracherkaoui.ma\/","name":"Paracherkaoui.ma","description":"Achetez en ligne sur Paracherkaoui.ma","potentialAction":[{"@type":"SearchAction","target":{"@type":"EntryPoint","urlTemplate":"https:\/\/paracherkaoui.ma\/?s={search_term_string}"},"query-input":{"@type":"PropertyValueSpecification","valueRequired":true,"valueName":"search_term_string"}}],"inLanguage":"fr-FR"}]}},"_links":{"self":[{"href":"https:\/\/paracherkaoui.ma\/index.php\/wp-json\/wp\/v2\/product\/12277","targetHints":{"allow":["GET"]}}],"collection":[{"href":"https:\/\/paracherkaoui.ma\/index.php\/wp-json\/wp\/v2\/product"}],"about":[{"href":"https:\/\/paracherkaoui.ma\/index.php\/wp-json\/wp\/v2\/types\/product"}],"replies":[{"embeddable":true,"href":"https:\/\/paracherkaoui.ma\/index.php\/wp-json\/wp\/v2\/comments?post=12277"}],"version-history":[{"count":1,"href":"https:\/\/paracherkaoui.ma\/index.php\/wp-json\/wp\/v2\/product\/12277\/revisions"}],"predecessor-version":[{"id":12314,"href":"https:\/\/paracherkaoui.ma\/index.php\/wp-json\/wp\/v2\/product\/12277\/revisions\/12314"}],"wp:featuredmedia":[{"embeddable":true,"href":"https:\/\/paracherkaoui.ma\/index.php\/wp-json\/wp\/v2\/media\/10716"}],"wp:attachment":[{"href":"https:\/\/paracherkaoui.ma\/index.php\/wp-json\/wp\/v2\/media?parent=12277"}],"wp:term":[{"taxonomy":"product_brand","embeddable":true,"href":"https:\/\/paracherkaoui.ma\/index.php\/wp-json\/wp\/v2\/product_brand?post=12277"},{"taxonomy":"product_cat","embeddable":true,"href":"https:\/\/paracherkaoui.ma\/index.php\/wp-json\/wp\/v2\/product_cat?post=12277"},{"taxonomy":"product_tag","embeddable":true,"href":"https:\/\/paracherkaoui.ma\/index.php\/wp-json\/wp\/v2\/product_tag?post=12277"}],"curies":[{"name":"wp","href":"https:\/\/api.w.org\/{rel}","templated":true}]}}