{"id":12271,"date":"2025-12-12T17:45:50","date_gmt":"2025-12-12T16:45:50","guid":{"rendered":"https:\/\/test.ecbeaute.com\/?post_type=product&#038;p=12271"},"modified":"2025-12-12T17:45:51","modified_gmt":"2025-12-12T16:45:51","slug":"avene-trixera-nutrition-gel-nettoyant-nutri-fluide-400-ml","status":"publish","type":"product","link":"https:\/\/paracherkaoui.ma\/index.php\/produit\/avene-trixera-nutrition-gel-nettoyant-nutri-fluide-400-ml\/","title":{"rendered":"AVENE TRIXERA NUTRITION GEL NETTOYANT NUTRI FLUIDE 400 ML"},"content":{"rendered":"<p>TriXera NUTRITION gel nettoyant nutri-fluide nettoie en douceur, prot\u00e8ge du dess\u00e8chement cutan\u00e9 et restaure la barri\u00e8re cutan\u00e9e des peaux sensibles, s\u00e8ches \u00e0 tr\u00e8s s\u00e8ches de toute la famille. Sa formule haute tol\u00e9rance est riche en S\u00e9lectiose (actif brevet\u00e9 Pierre Fabre) et en Eau thermale d&rsquo;Av\u00e8ne aux propri\u00e9t\u00e9s apaisantes et anti-irritantes. Formul\u00e9 sans savon, il est facile \u00e0 \u00e9taler et \u00e0 rincer.<br \/>\nLes bienfaits :<br \/>\n\u2022 NETTOIE tout en douceur.<br \/>\n\u2022 NOURRIT gr\u00e2ce \u00e0 l&rsquo;actif S\u00e9lectiose brevet\u00e9.<br \/>\n\u2022 R\u00c9PARE et restaure la barri\u00e8re cutan\u00e9e.<br \/>\nConseils d&rsquo;utilisation:<br \/>\nAppliquez sur la peau pr\u00e9alablement mouill\u00e9e apr\u00e8s l&rsquo;avoir fait mousser entre les mains. Rincez abondamment et s\u00e9chez d\u00e9licatement.<\/p>\n","protected":false},"excerpt":{"rendered":"<p>TriXera NUTRITION gel nettoyant nutri-fluide nettoie en douceur, prot\u00e8ge du dess\u00e8chement cutan\u00e9 et restaure la barri\u00e8re cutan\u00e9e des peaux sensibles,<\/p>\n","protected":false},"featured_media":12305,"comment_status":"open","ping_status":"closed","template":"","meta":[],"product_brand":[136],"product_cat":[160],"product_tag":[],"class_list":{"0":"post-12271","1":"product","2":"type-product","3":"status-publish","4":"has-post-thumbnail","6":"product_brand-avene","7":"product_cat-hygiene-corporelle","9":"first","10":"instock","11":"sale","12":"shipping-taxable","13":"purchasable","14":"product-type-simple"},"yoast_head":"<!-- This site is optimized with the Yoast SEO plugin v26.6 - https:\/\/yoast.com\/wordpress\/plugins\/seo\/ -->\r\n<title>AVENE TRIXERA NUTRITION GEL NETTOYANT NUTRI FLUIDE 400 ML - Paracherkaoui.ma<\/title>\r\n<meta name=\"robots\" content=\"index, follow, max-snippet:-1, max-image-preview:large, max-video-preview:-1\" \/>\r\n<link rel=\"canonical\" href=\"https:\/\/paracherkaoui.ma\/index.php\/produit\/avene-trixera-nutrition-gel-nettoyant-nutri-fluide-400-ml\/\" \/>\r\n<meta property=\"og:locale\" content=\"fr_FR\" \/>\r\n<meta property=\"og:type\" content=\"article\" \/>\r\n<meta property=\"og:title\" content=\"AVENE TRIXERA NUTRITION GEL NETTOYANT NUTRI FLUIDE 400 ML - Paracherkaoui.ma\" \/>\r\n<meta property=\"og:description\" content=\"TriXera NUTRITION gel nettoyant nutri-fluide nettoie en douceur, prot\u00e8ge du dess\u00e8chement cutan\u00e9 et restaure la barri\u00e8re cutan\u00e9e des peaux sensibles,\" \/>\r\n<meta property=\"og:url\" content=\"https:\/\/paracherkaoui.ma\/index.php\/produit\/avene-trixera-nutrition-gel-nettoyant-nutri-fluide-400-ml\/\" \/>\r\n<meta property=\"og:site_name\" content=\"Paracherkaoui.ma\" \/>\r\n<meta property=\"article:modified_time\" content=\"2025-12-12T16:45:51+00:00\" \/>\r\n<meta property=\"og:image\" content=\"https:\/\/paracherkaoui.ma\/wp-content\/uploads\/2025\/12\/avene-avene-trixera-nutrition-gel-nettoyant-nutri-fluide-400-ml-gels-et-huiles-lavants.jpg\" \/>\r\n\t<meta property=\"og:image:width\" content=\"700\" \/>\r\n\t<meta property=\"og:image:height\" content=\"700\" \/>\r\n\t<meta property=\"og:image:type\" content=\"image\/jpeg\" \/>\r\n<meta name=\"twitter:card\" content=\"summary_large_image\" \/>\r\n<meta name=\"twitter:label1\" content=\"Dur\u00e9e de lecture estim\u00e9e\" \/>\n\t<meta name=\"twitter:data1\" content=\"1 minute\" \/>\r\n<script type=\"application\/ld+json\" class=\"yoast-schema-graph\">{\"@context\":\"https:\/\/schema.org\",\"@graph\":[{\"@type\":\"WebPage\",\"@id\":\"https:\/\/paracherkaoui.ma\/index.php\/produit\/avene-trixera-nutrition-gel-nettoyant-nutri-fluide-400-ml\/\",\"url\":\"https:\/\/paracherkaoui.ma\/index.php\/produit\/avene-trixera-nutrition-gel-nettoyant-nutri-fluide-400-ml\/\",\"name\":\"AVENE TRIXERA NUTRITION GEL NETTOYANT NUTRI FLUIDE 400 ML - Paracherkaoui.ma\",\"isPartOf\":{\"@id\":\"https:\/\/paracherkaoui.ma\/#website\"},\"primaryImageOfPage\":{\"@id\":\"https:\/\/paracherkaoui.ma\/index.php\/produit\/avene-trixera-nutrition-gel-nettoyant-nutri-fluide-400-ml\/#primaryimage\"},\"image\":{\"@id\":\"https:\/\/paracherkaoui.ma\/index.php\/produit\/avene-trixera-nutrition-gel-nettoyant-nutri-fluide-400-ml\/#primaryimage\"},\"thumbnailUrl\":\"https:\/\/paracherkaoui.ma\/wp-content\/uploads\/2025\/12\/avene-avene-trixera-nutrition-gel-nettoyant-nutri-fluide-400-ml-gels-et-huiles-lavants.jpg\",\"datePublished\":\"2025-12-12T16:45:50+00:00\",\"dateModified\":\"2025-12-12T16:45:51+00:00\",\"breadcrumb\":{\"@id\":\"https:\/\/paracherkaoui.ma\/index.php\/produit\/avene-trixera-nutrition-gel-nettoyant-nutri-fluide-400-ml\/#breadcrumb\"},\"inLanguage\":\"fr-FR\",\"potentialAction\":[{\"@type\":\"ReadAction\",\"target\":[\"https:\/\/paracherkaoui.ma\/index.php\/produit\/avene-trixera-nutrition-gel-nettoyant-nutri-fluide-400-ml\/\"]}]},{\"@type\":\"ImageObject\",\"inLanguage\":\"fr-FR\",\"@id\":\"https:\/\/paracherkaoui.ma\/index.php\/produit\/avene-trixera-nutrition-gel-nettoyant-nutri-fluide-400-ml\/#primaryimage\",\"url\":\"https:\/\/paracherkaoui.ma\/wp-content\/uploads\/2025\/12\/avene-avene-trixera-nutrition-gel-nettoyant-nutri-fluide-400-ml-gels-et-huiles-lavants.jpg\",\"contentUrl\":\"https:\/\/paracherkaoui.ma\/wp-content\/uploads\/2025\/12\/avene-avene-trixera-nutrition-gel-nettoyant-nutri-fluide-400-ml-gels-et-huiles-lavants.jpg\",\"width\":700,\"height\":700},{\"@type\":\"BreadcrumbList\",\"@id\":\"https:\/\/paracherkaoui.ma\/index.php\/produit\/avene-trixera-nutrition-gel-nettoyant-nutri-fluide-400-ml\/#breadcrumb\",\"itemListElement\":[{\"@type\":\"ListItem\",\"position\":1,\"name\":\"Accueil\",\"item\":\"https:\/\/paracherkaoui.ma\/\"},{\"@type\":\"ListItem\",\"position\":2,\"name\":\"Boutique\",\"item\":\"https:\/\/paracherkaoui.ma\/index.php\/boutique\/\"},{\"@type\":\"ListItem\",\"position\":3,\"name\":\"AVENE TRIXERA NUTRITION GEL NETTOYANT NUTRI FLUIDE 400 ML\"}]},{\"@type\":\"WebSite\",\"@id\":\"https:\/\/paracherkaoui.ma\/#website\",\"url\":\"https:\/\/paracherkaoui.ma\/\",\"name\":\"Paracherkaoui.ma\",\"description\":\"Achetez en ligne sur Paracherkaoui.ma\",\"potentialAction\":[{\"@type\":\"SearchAction\",\"target\":{\"@type\":\"EntryPoint\",\"urlTemplate\":\"https:\/\/paracherkaoui.ma\/?s={search_term_string}\"},\"query-input\":{\"@type\":\"PropertyValueSpecification\",\"valueRequired\":true,\"valueName\":\"search_term_string\"}}],\"inLanguage\":\"fr-FR\"}]}<\/script>\r\n<!-- \/ Yoast SEO plugin. -->","yoast_head_json":{"title":"AVENE TRIXERA NUTRITION GEL NETTOYANT NUTRI FLUIDE 400 ML - Paracherkaoui.ma","robots":{"index":"index","follow":"follow","max-snippet":"max-snippet:-1","max-image-preview":"max-image-preview:large","max-video-preview":"max-video-preview:-1"},"canonical":"https:\/\/paracherkaoui.ma\/index.php\/produit\/avene-trixera-nutrition-gel-nettoyant-nutri-fluide-400-ml\/","og_locale":"fr_FR","og_type":"article","og_title":"AVENE TRIXERA NUTRITION GEL NETTOYANT NUTRI FLUIDE 400 ML - Paracherkaoui.ma","og_description":"TriXera NUTRITION gel nettoyant nutri-fluide nettoie en douceur, prot\u00e8ge du dess\u00e8chement cutan\u00e9 et restaure la barri\u00e8re cutan\u00e9e des peaux sensibles,","og_url":"https:\/\/paracherkaoui.ma\/index.php\/produit\/avene-trixera-nutrition-gel-nettoyant-nutri-fluide-400-ml\/","og_site_name":"Paracherkaoui.ma","article_modified_time":"2025-12-12T16:45:51+00:00","og_image":[{"width":700,"height":700,"url":"https:\/\/paracherkaoui.ma\/wp-content\/uploads\/2025\/12\/avene-avene-trixera-nutrition-gel-nettoyant-nutri-fluide-400-ml-gels-et-huiles-lavants.jpg","type":"image\/jpeg"}],"twitter_card":"summary_large_image","twitter_misc":{"Dur\u00e9e de lecture estim\u00e9e":"1 minute"},"schema":{"@context":"https:\/\/schema.org","@graph":[{"@type":"WebPage","@id":"https:\/\/paracherkaoui.ma\/index.php\/produit\/avene-trixera-nutrition-gel-nettoyant-nutri-fluide-400-ml\/","url":"https:\/\/paracherkaoui.ma\/index.php\/produit\/avene-trixera-nutrition-gel-nettoyant-nutri-fluide-400-ml\/","name":"AVENE TRIXERA NUTRITION GEL NETTOYANT NUTRI FLUIDE 400 ML - Paracherkaoui.ma","isPartOf":{"@id":"https:\/\/paracherkaoui.ma\/#website"},"primaryImageOfPage":{"@id":"https:\/\/paracherkaoui.ma\/index.php\/produit\/avene-trixera-nutrition-gel-nettoyant-nutri-fluide-400-ml\/#primaryimage"},"image":{"@id":"https:\/\/paracherkaoui.ma\/index.php\/produit\/avene-trixera-nutrition-gel-nettoyant-nutri-fluide-400-ml\/#primaryimage"},"thumbnailUrl":"https:\/\/paracherkaoui.ma\/wp-content\/uploads\/2025\/12\/avene-avene-trixera-nutrition-gel-nettoyant-nutri-fluide-400-ml-gels-et-huiles-lavants.jpg","datePublished":"2025-12-12T16:45:50+00:00","dateModified":"2025-12-12T16:45:51+00:00","breadcrumb":{"@id":"https:\/\/paracherkaoui.ma\/index.php\/produit\/avene-trixera-nutrition-gel-nettoyant-nutri-fluide-400-ml\/#breadcrumb"},"inLanguage":"fr-FR","potentialAction":[{"@type":"ReadAction","target":["https:\/\/paracherkaoui.ma\/index.php\/produit\/avene-trixera-nutrition-gel-nettoyant-nutri-fluide-400-ml\/"]}]},{"@type":"ImageObject","inLanguage":"fr-FR","@id":"https:\/\/paracherkaoui.ma\/index.php\/produit\/avene-trixera-nutrition-gel-nettoyant-nutri-fluide-400-ml\/#primaryimage","url":"https:\/\/paracherkaoui.ma\/wp-content\/uploads\/2025\/12\/avene-avene-trixera-nutrition-gel-nettoyant-nutri-fluide-400-ml-gels-et-huiles-lavants.jpg","contentUrl":"https:\/\/paracherkaoui.ma\/wp-content\/uploads\/2025\/12\/avene-avene-trixera-nutrition-gel-nettoyant-nutri-fluide-400-ml-gels-et-huiles-lavants.jpg","width":700,"height":700},{"@type":"BreadcrumbList","@id":"https:\/\/paracherkaoui.ma\/index.php\/produit\/avene-trixera-nutrition-gel-nettoyant-nutri-fluide-400-ml\/#breadcrumb","itemListElement":[{"@type":"ListItem","position":1,"name":"Accueil","item":"https:\/\/paracherkaoui.ma\/"},{"@type":"ListItem","position":2,"name":"Boutique","item":"https:\/\/paracherkaoui.ma\/index.php\/boutique\/"},{"@type":"ListItem","position":3,"name":"AVENE TRIXERA NUTRITION GEL NETTOYANT NUTRI FLUIDE 400 ML"}]},{"@type":"WebSite","@id":"https:\/\/paracherkaoui.ma\/#website","url":"https:\/\/paracherkaoui.ma\/","name":"Paracherkaoui.ma","description":"Achetez en ligne sur Paracherkaoui.ma","potentialAction":[{"@type":"SearchAction","target":{"@type":"EntryPoint","urlTemplate":"https:\/\/paracherkaoui.ma\/?s={search_term_string}"},"query-input":{"@type":"PropertyValueSpecification","valueRequired":true,"valueName":"search_term_string"}}],"inLanguage":"fr-FR"}]}},"_links":{"self":[{"href":"https:\/\/paracherkaoui.ma\/index.php\/wp-json\/wp\/v2\/product\/12271","targetHints":{"allow":["GET"]}}],"collection":[{"href":"https:\/\/paracherkaoui.ma\/index.php\/wp-json\/wp\/v2\/product"}],"about":[{"href":"https:\/\/paracherkaoui.ma\/index.php\/wp-json\/wp\/v2\/types\/product"}],"replies":[{"embeddable":true,"href":"https:\/\/paracherkaoui.ma\/index.php\/wp-json\/wp\/v2\/comments?post=12271"}],"version-history":[{"count":1,"href":"https:\/\/paracherkaoui.ma\/index.php\/wp-json\/wp\/v2\/product\/12271\/revisions"}],"predecessor-version":[{"id":12306,"href":"https:\/\/paracherkaoui.ma\/index.php\/wp-json\/wp\/v2\/product\/12271\/revisions\/12306"}],"wp:featuredmedia":[{"embeddable":true,"href":"https:\/\/paracherkaoui.ma\/index.php\/wp-json\/wp\/v2\/media\/12305"}],"wp:attachment":[{"href":"https:\/\/paracherkaoui.ma\/index.php\/wp-json\/wp\/v2\/media?parent=12271"}],"wp:term":[{"taxonomy":"product_brand","embeddable":true,"href":"https:\/\/paracherkaoui.ma\/index.php\/wp-json\/wp\/v2\/product_brand?post=12271"},{"taxonomy":"product_cat","embeddable":true,"href":"https:\/\/paracherkaoui.ma\/index.php\/wp-json\/wp\/v2\/product_cat?post=12271"},{"taxonomy":"product_tag","embeddable":true,"href":"https:\/\/paracherkaoui.ma\/index.php\/wp-json\/wp\/v2\/product_tag?post=12271"}],"curies":[{"name":"wp","href":"https:\/\/api.w.org\/{rel}","templated":true}]}}