{"id":12264,"date":"2025-12-12T17:45:49","date_gmt":"2025-12-12T16:45:49","guid":{"rendered":"https:\/\/test.ecbeaute.com\/?post_type=product&#038;p=12264"},"modified":"2025-12-12T17:45:51","modified_gmt":"2025-12-12T16:45:51","slug":"bioderma-atoderm-intensive-gel-moussant-500-ml-2","status":"publish","type":"product","link":"https:\/\/paracherkaoui.ma\/index.php\/produit\/bioderma-atoderm-intensive-gel-moussant-500-ml-2\/","title":{"rendered":"BIODERMA ATODERM INTENSIVE GEL MOUSSANT 500 ML"},"content":{"rendered":"<p>Description:<br \/>\nLe gel moussant Atoderm Intensive des laboratoires Bioderma est un soin nettoyant \u00e0 destination des peaux sensibles tr\u00e8s s\u00e8ches, irrit\u00e9es \u00e0 atopiques, utilis\u00e9 pour lutter contre la prolif\u00e9ration des micro-organismes \u00e0 l\u2019origine de l\u2019aggravation du dess\u00e8chement cutan\u00e9.La formulation de ce gel moussant se compose d\u2019une base lavante surgraissante, sans savon, sans parfum et pr\u00e9sentant un pH biologique, capable de respecter l\u2019\u00e9quilibre de la peau, tout en garantissant une haute tol\u00e9rance, ce qui est tr\u00e8s important pour les peaux \u00e0 tendance atopiques.De la vitamine PP, est \u00e9galement pr\u00e9sente, pour stimuler la restructuration de la barri\u00e8re cutan\u00e9e gr\u00e2ce \u00e0 son action sur la synth\u00e8se des lipides\u00a0; \u00e0 l\u2019origine du film hydrolipidique de la peau. En restaurant cette barri\u00e8re protectrice, la vitamine PP permet de lutter contre la prolif\u00e9ration des micro-organismes mis en cause dans l\u2019aggravation de la s\u00e9cheresse cutan\u00e9e.Enfin, on retrouve le brevet d\u00e9nomm\u00e9 Skin Barrier Therapy, qui entra\u00eene deux actions compl\u00e9mentaires. Tout d\u2019abord, il limite la prolif\u00e9ration et l\u2019adh\u00e9sion du staphylocoque dor\u00e9, puis, la p\u00e9n\u00e9tration d\u2019allerg\u00e8nes dans l\u2019\u00e9piderme, susceptibles d\u2019aggraver la s\u00e9cheresse de la peau et les irritations.<br \/>\nEn utilisant ce gel moussant, la peau est nettoy\u00e9e en douceur, les irritations et les sensations d\u2019inconfort sont apais\u00e9es et elle est prot\u00e9g\u00e9e du dess\u00e8chement cutan\u00e9.<\/p>\n","protected":false},"excerpt":{"rendered":"<p>Description: Le gel moussant Atoderm Intensive des laboratoires Bioderma est un soin nettoyant \u00e0 destination des peaux sensibles tr\u00e8s s\u00e8ches,<\/p>\n","protected":false},"featured_media":11382,"comment_status":"open","ping_status":"closed","template":"","meta":[],"product_brand":[137],"product_cat":[160],"product_tag":[],"class_list":{"0":"post-12264","1":"product","2":"type-product","3":"status-publish","4":"has-post-thumbnail","6":"product_brand-bioderma","7":"product_cat-hygiene-corporelle","9":"first","10":"instock","11":"sale","12":"shipping-taxable","13":"purchasable","14":"product-type-simple"},"yoast_head":"<!-- This site is optimized with the Yoast SEO plugin v26.6 - https:\/\/yoast.com\/wordpress\/plugins\/seo\/ -->\r\n<title>BIODERMA ATODERM INTENSIVE GEL MOUSSANT 500 ML - Paracherkaoui.ma<\/title>\r\n<meta name=\"robots\" content=\"index, follow, max-snippet:-1, max-image-preview:large, max-video-preview:-1\" \/>\r\n<link rel=\"canonical\" href=\"https:\/\/paracherkaoui.ma\/index.php\/produit\/bioderma-atoderm-intensive-gel-moussant-500-ml-2\/\" \/>\r\n<meta property=\"og:locale\" content=\"fr_FR\" \/>\r\n<meta property=\"og:type\" content=\"article\" \/>\r\n<meta property=\"og:title\" content=\"BIODERMA ATODERM INTENSIVE GEL MOUSSANT 500 ML - Paracherkaoui.ma\" \/>\r\n<meta property=\"og:description\" content=\"Description: Le gel moussant Atoderm Intensive des laboratoires Bioderma est un soin nettoyant \u00e0 destination des peaux sensibles tr\u00e8s s\u00e8ches,\" \/>\r\n<meta property=\"og:url\" content=\"https:\/\/paracherkaoui.ma\/index.php\/produit\/bioderma-atoderm-intensive-gel-moussant-500-ml-2\/\" \/>\r\n<meta property=\"og:site_name\" content=\"Paracherkaoui.ma\" \/>\r\n<meta property=\"article:modified_time\" content=\"2025-12-12T16:45:51+00:00\" \/>\r\n<meta property=\"og:image\" content=\"https:\/\/paracherkaoui.ma\/wp-content\/uploads\/2025\/12\/bioderma-bioderma-atoderm-intensive-gel-moussant-500-ml-gels-et-huiles-lavants.jpg\" \/>\r\n\t<meta property=\"og:image:width\" content=\"700\" \/>\r\n\t<meta property=\"og:image:height\" content=\"700\" \/>\r\n\t<meta property=\"og:image:type\" content=\"image\/jpeg\" \/>\r\n<meta name=\"twitter:card\" content=\"summary_large_image\" \/>\r\n<meta name=\"twitter:label1\" content=\"Dur\u00e9e de lecture estim\u00e9e\" \/>\n\t<meta name=\"twitter:data1\" content=\"1 minute\" \/>\r\n<script type=\"application\/ld+json\" class=\"yoast-schema-graph\">{\"@context\":\"https:\/\/schema.org\",\"@graph\":[{\"@type\":\"WebPage\",\"@id\":\"https:\/\/paracherkaoui.ma\/index.php\/produit\/bioderma-atoderm-intensive-gel-moussant-500-ml-2\/\",\"url\":\"https:\/\/paracherkaoui.ma\/index.php\/produit\/bioderma-atoderm-intensive-gel-moussant-500-ml-2\/\",\"name\":\"BIODERMA ATODERM INTENSIVE GEL MOUSSANT 500 ML - Paracherkaoui.ma\",\"isPartOf\":{\"@id\":\"https:\/\/paracherkaoui.ma\/#website\"},\"primaryImageOfPage\":{\"@id\":\"https:\/\/paracherkaoui.ma\/index.php\/produit\/bioderma-atoderm-intensive-gel-moussant-500-ml-2\/#primaryimage\"},\"image\":{\"@id\":\"https:\/\/paracherkaoui.ma\/index.php\/produit\/bioderma-atoderm-intensive-gel-moussant-500-ml-2\/#primaryimage\"},\"thumbnailUrl\":\"https:\/\/paracherkaoui.ma\/wp-content\/uploads\/2025\/12\/bioderma-bioderma-atoderm-intensive-gel-moussant-500-ml-gels-et-huiles-lavants.jpg\",\"datePublished\":\"2025-12-12T16:45:49+00:00\",\"dateModified\":\"2025-12-12T16:45:51+00:00\",\"breadcrumb\":{\"@id\":\"https:\/\/paracherkaoui.ma\/index.php\/produit\/bioderma-atoderm-intensive-gel-moussant-500-ml-2\/#breadcrumb\"},\"inLanguage\":\"fr-FR\",\"potentialAction\":[{\"@type\":\"ReadAction\",\"target\":[\"https:\/\/paracherkaoui.ma\/index.php\/produit\/bioderma-atoderm-intensive-gel-moussant-500-ml-2\/\"]}]},{\"@type\":\"ImageObject\",\"inLanguage\":\"fr-FR\",\"@id\":\"https:\/\/paracherkaoui.ma\/index.php\/produit\/bioderma-atoderm-intensive-gel-moussant-500-ml-2\/#primaryimage\",\"url\":\"https:\/\/paracherkaoui.ma\/wp-content\/uploads\/2025\/12\/bioderma-bioderma-atoderm-intensive-gel-moussant-500-ml-gels-et-huiles-lavants.jpg\",\"contentUrl\":\"https:\/\/paracherkaoui.ma\/wp-content\/uploads\/2025\/12\/bioderma-bioderma-atoderm-intensive-gel-moussant-500-ml-gels-et-huiles-lavants.jpg\",\"width\":700,\"height\":700},{\"@type\":\"BreadcrumbList\",\"@id\":\"https:\/\/paracherkaoui.ma\/index.php\/produit\/bioderma-atoderm-intensive-gel-moussant-500-ml-2\/#breadcrumb\",\"itemListElement\":[{\"@type\":\"ListItem\",\"position\":1,\"name\":\"Accueil\",\"item\":\"https:\/\/paracherkaoui.ma\/\"},{\"@type\":\"ListItem\",\"position\":2,\"name\":\"Boutique\",\"item\":\"https:\/\/paracherkaoui.ma\/index.php\/boutique\/\"},{\"@type\":\"ListItem\",\"position\":3,\"name\":\"BIODERMA ATODERM INTENSIVE GEL MOUSSANT 500 ML\"}]},{\"@type\":\"WebSite\",\"@id\":\"https:\/\/paracherkaoui.ma\/#website\",\"url\":\"https:\/\/paracherkaoui.ma\/\",\"name\":\"Paracherkaoui.ma\",\"description\":\"Achetez en ligne sur Paracherkaoui.ma\",\"potentialAction\":[{\"@type\":\"SearchAction\",\"target\":{\"@type\":\"EntryPoint\",\"urlTemplate\":\"https:\/\/paracherkaoui.ma\/?s={search_term_string}\"},\"query-input\":{\"@type\":\"PropertyValueSpecification\",\"valueRequired\":true,\"valueName\":\"search_term_string\"}}],\"inLanguage\":\"fr-FR\"}]}<\/script>\r\n<!-- \/ Yoast SEO plugin. -->","yoast_head_json":{"title":"BIODERMA ATODERM INTENSIVE GEL MOUSSANT 500 ML - Paracherkaoui.ma","robots":{"index":"index","follow":"follow","max-snippet":"max-snippet:-1","max-image-preview":"max-image-preview:large","max-video-preview":"max-video-preview:-1"},"canonical":"https:\/\/paracherkaoui.ma\/index.php\/produit\/bioderma-atoderm-intensive-gel-moussant-500-ml-2\/","og_locale":"fr_FR","og_type":"article","og_title":"BIODERMA ATODERM INTENSIVE GEL MOUSSANT 500 ML - Paracherkaoui.ma","og_description":"Description: Le gel moussant Atoderm Intensive des laboratoires Bioderma est un soin nettoyant \u00e0 destination des peaux sensibles tr\u00e8s s\u00e8ches,","og_url":"https:\/\/paracherkaoui.ma\/index.php\/produit\/bioderma-atoderm-intensive-gel-moussant-500-ml-2\/","og_site_name":"Paracherkaoui.ma","article_modified_time":"2025-12-12T16:45:51+00:00","og_image":[{"width":700,"height":700,"url":"https:\/\/paracherkaoui.ma\/wp-content\/uploads\/2025\/12\/bioderma-bioderma-atoderm-intensive-gel-moussant-500-ml-gels-et-huiles-lavants.jpg","type":"image\/jpeg"}],"twitter_card":"summary_large_image","twitter_misc":{"Dur\u00e9e de lecture estim\u00e9e":"1 minute"},"schema":{"@context":"https:\/\/schema.org","@graph":[{"@type":"WebPage","@id":"https:\/\/paracherkaoui.ma\/index.php\/produit\/bioderma-atoderm-intensive-gel-moussant-500-ml-2\/","url":"https:\/\/paracherkaoui.ma\/index.php\/produit\/bioderma-atoderm-intensive-gel-moussant-500-ml-2\/","name":"BIODERMA ATODERM INTENSIVE GEL MOUSSANT 500 ML - Paracherkaoui.ma","isPartOf":{"@id":"https:\/\/paracherkaoui.ma\/#website"},"primaryImageOfPage":{"@id":"https:\/\/paracherkaoui.ma\/index.php\/produit\/bioderma-atoderm-intensive-gel-moussant-500-ml-2\/#primaryimage"},"image":{"@id":"https:\/\/paracherkaoui.ma\/index.php\/produit\/bioderma-atoderm-intensive-gel-moussant-500-ml-2\/#primaryimage"},"thumbnailUrl":"https:\/\/paracherkaoui.ma\/wp-content\/uploads\/2025\/12\/bioderma-bioderma-atoderm-intensive-gel-moussant-500-ml-gels-et-huiles-lavants.jpg","datePublished":"2025-12-12T16:45:49+00:00","dateModified":"2025-12-12T16:45:51+00:00","breadcrumb":{"@id":"https:\/\/paracherkaoui.ma\/index.php\/produit\/bioderma-atoderm-intensive-gel-moussant-500-ml-2\/#breadcrumb"},"inLanguage":"fr-FR","potentialAction":[{"@type":"ReadAction","target":["https:\/\/paracherkaoui.ma\/index.php\/produit\/bioderma-atoderm-intensive-gel-moussant-500-ml-2\/"]}]},{"@type":"ImageObject","inLanguage":"fr-FR","@id":"https:\/\/paracherkaoui.ma\/index.php\/produit\/bioderma-atoderm-intensive-gel-moussant-500-ml-2\/#primaryimage","url":"https:\/\/paracherkaoui.ma\/wp-content\/uploads\/2025\/12\/bioderma-bioderma-atoderm-intensive-gel-moussant-500-ml-gels-et-huiles-lavants.jpg","contentUrl":"https:\/\/paracherkaoui.ma\/wp-content\/uploads\/2025\/12\/bioderma-bioderma-atoderm-intensive-gel-moussant-500-ml-gels-et-huiles-lavants.jpg","width":700,"height":700},{"@type":"BreadcrumbList","@id":"https:\/\/paracherkaoui.ma\/index.php\/produit\/bioderma-atoderm-intensive-gel-moussant-500-ml-2\/#breadcrumb","itemListElement":[{"@type":"ListItem","position":1,"name":"Accueil","item":"https:\/\/paracherkaoui.ma\/"},{"@type":"ListItem","position":2,"name":"Boutique","item":"https:\/\/paracherkaoui.ma\/index.php\/boutique\/"},{"@type":"ListItem","position":3,"name":"BIODERMA ATODERM INTENSIVE GEL MOUSSANT 500 ML"}]},{"@type":"WebSite","@id":"https:\/\/paracherkaoui.ma\/#website","url":"https:\/\/paracherkaoui.ma\/","name":"Paracherkaoui.ma","description":"Achetez en ligne sur Paracherkaoui.ma","potentialAction":[{"@type":"SearchAction","target":{"@type":"EntryPoint","urlTemplate":"https:\/\/paracherkaoui.ma\/?s={search_term_string}"},"query-input":{"@type":"PropertyValueSpecification","valueRequired":true,"valueName":"search_term_string"}}],"inLanguage":"fr-FR"}]}},"_links":{"self":[{"href":"https:\/\/paracherkaoui.ma\/index.php\/wp-json\/wp\/v2\/product\/12264","targetHints":{"allow":["GET"]}}],"collection":[{"href":"https:\/\/paracherkaoui.ma\/index.php\/wp-json\/wp\/v2\/product"}],"about":[{"href":"https:\/\/paracherkaoui.ma\/index.php\/wp-json\/wp\/v2\/types\/product"}],"replies":[{"embeddable":true,"href":"https:\/\/paracherkaoui.ma\/index.php\/wp-json\/wp\/v2\/comments?post=12264"}],"version-history":[{"count":1,"href":"https:\/\/paracherkaoui.ma\/index.php\/wp-json\/wp\/v2\/product\/12264\/revisions"}],"predecessor-version":[{"id":12297,"href":"https:\/\/paracherkaoui.ma\/index.php\/wp-json\/wp\/v2\/product\/12264\/revisions\/12297"}],"wp:featuredmedia":[{"embeddable":true,"href":"https:\/\/paracherkaoui.ma\/index.php\/wp-json\/wp\/v2\/media\/11382"}],"wp:attachment":[{"href":"https:\/\/paracherkaoui.ma\/index.php\/wp-json\/wp\/v2\/media?parent=12264"}],"wp:term":[{"taxonomy":"product_brand","embeddable":true,"href":"https:\/\/paracherkaoui.ma\/index.php\/wp-json\/wp\/v2\/product_brand?post=12264"},{"taxonomy":"product_cat","embeddable":true,"href":"https:\/\/paracherkaoui.ma\/index.php\/wp-json\/wp\/v2\/product_cat?post=12264"},{"taxonomy":"product_tag","embeddable":true,"href":"https:\/\/paracherkaoui.ma\/index.php\/wp-json\/wp\/v2\/product_tag?post=12264"}],"curies":[{"name":"wp","href":"https:\/\/api.w.org\/{rel}","templated":true}]}}