{"id":12204,"date":"2025-12-12T17:45:45","date_gmt":"2025-12-12T16:45:45","guid":{"rendered":"https:\/\/test.ecbeaute.com\/?post_type=product&#038;p=12204"},"modified":"2025-12-12T17:45:48","modified_gmt":"2025-12-12T16:45:48","slug":"uriage-gel-surgras-dermatologique-500-ml","status":"publish","type":"product","link":"https:\/\/paracherkaoui.ma\/index.php\/produit\/uriage-gel-surgras-dermatologique-500-ml\/","title":{"rendered":"URIAGE GEL SURGRAS DERMATOLOGIQUE 500 ML"},"content":{"rendered":"<p>DESCRIPTION :<br \/>\nGel Surgras Liquide Dermatologique d&rsquo;Uriage nettoie et am\u00e9liore le confort de la peau tout en respectant le film hydrolipidique. Gr\u00e2ce \u00e0 la base lavante douce sans savon associ\u00e9e aux actifs surgraissants et hydratants, le Surgras Liquide \u00e9limine toutes les impuret\u00e9s et laisse la peau parfaitement nettoy\u00e9e et hydrat\u00e9e. Formul\u00e9 \u00e0 30% en eau thermale Uriage, le Surgras Liquide apaise les peaux sensibles.<br \/>\nGr\u00e2ce au Surgras Liquide du laboratoire Uriage, vous retrouver une peau propre douce et confortable.<br \/>\nCon\u00e7u pour les peaux sensibles, le Surgras Liquide convient \u00e0 toute la famille : b\u00e9b\u00e9, enfant, adulte, et s&rsquo;utilise aussi bien pour le visage que pour le corps.<br \/>\nConseils pour bien utiliser Surgras Liquide Dermatologique<br \/>\nFaites mousser le gel surgras dermatologique Uriage sur votre peau mouill\u00e9e. Rincez apr\u00e8s usage.<\/p>\n","protected":false},"excerpt":{"rendered":"<p>DESCRIPTION : Gel Surgras Liquide Dermatologique d&rsquo;Uriage nettoie et am\u00e9liore le confort de la peau tout en respectant le film<\/p>\n","protected":false},"featured_media":12244,"comment_status":"open","ping_status":"closed","template":"","meta":[],"product_brand":[130],"product_cat":[160],"product_tag":[],"class_list":{"0":"post-12204","1":"product","2":"type-product","3":"status-publish","4":"has-post-thumbnail","6":"product_brand-uriage","7":"product_cat-hygiene-corporelle","9":"first","10":"instock","11":"sale","12":"shipping-taxable","13":"purchasable","14":"product-type-simple"},"yoast_head":"<!-- This site is optimized with the Yoast SEO plugin v26.6 - https:\/\/yoast.com\/wordpress\/plugins\/seo\/ -->\r\n<title>URIAGE GEL SURGRAS DERMATOLOGIQUE 500 ML - Paracherkaoui.ma<\/title>\r\n<meta name=\"robots\" content=\"index, follow, max-snippet:-1, max-image-preview:large, max-video-preview:-1\" \/>\r\n<link rel=\"canonical\" href=\"https:\/\/paracherkaoui.ma\/index.php\/produit\/uriage-gel-surgras-dermatologique-500-ml\/\" \/>\r\n<meta property=\"og:locale\" content=\"fr_FR\" \/>\r\n<meta property=\"og:type\" content=\"article\" \/>\r\n<meta property=\"og:title\" content=\"URIAGE GEL SURGRAS DERMATOLOGIQUE 500 ML - Paracherkaoui.ma\" \/>\r\n<meta property=\"og:description\" content=\"DESCRIPTION : Gel Surgras Liquide Dermatologique d&rsquo;Uriage nettoie et am\u00e9liore le confort de la peau tout en respectant le film\" \/>\r\n<meta property=\"og:url\" content=\"https:\/\/paracherkaoui.ma\/index.php\/produit\/uriage-gel-surgras-dermatologique-500-ml\/\" \/>\r\n<meta property=\"og:site_name\" content=\"Paracherkaoui.ma\" \/>\r\n<meta property=\"article:modified_time\" content=\"2025-12-12T16:45:48+00:00\" \/>\r\n<meta property=\"og:image\" content=\"https:\/\/paracherkaoui.ma\/wp-content\/uploads\/2025\/12\/uriage-uriage-gel-surgras-dermatologique-500-ml-bains-gels-et-huiles-lavant.jpg\" \/>\r\n\t<meta property=\"og:image:width\" content=\"700\" \/>\r\n\t<meta property=\"og:image:height\" content=\"700\" \/>\r\n\t<meta property=\"og:image:type\" content=\"image\/jpeg\" \/>\r\n<meta name=\"twitter:card\" content=\"summary_large_image\" \/>\r\n<meta name=\"twitter:label1\" content=\"Dur\u00e9e de lecture estim\u00e9e\" \/>\n\t<meta name=\"twitter:data1\" content=\"1 minute\" \/>\r\n<script type=\"application\/ld+json\" class=\"yoast-schema-graph\">{\"@context\":\"https:\/\/schema.org\",\"@graph\":[{\"@type\":\"WebPage\",\"@id\":\"https:\/\/paracherkaoui.ma\/index.php\/produit\/uriage-gel-surgras-dermatologique-500-ml\/\",\"url\":\"https:\/\/paracherkaoui.ma\/index.php\/produit\/uriage-gel-surgras-dermatologique-500-ml\/\",\"name\":\"URIAGE GEL SURGRAS DERMATOLOGIQUE 500 ML - Paracherkaoui.ma\",\"isPartOf\":{\"@id\":\"https:\/\/paracherkaoui.ma\/#website\"},\"primaryImageOfPage\":{\"@id\":\"https:\/\/paracherkaoui.ma\/index.php\/produit\/uriage-gel-surgras-dermatologique-500-ml\/#primaryimage\"},\"image\":{\"@id\":\"https:\/\/paracherkaoui.ma\/index.php\/produit\/uriage-gel-surgras-dermatologique-500-ml\/#primaryimage\"},\"thumbnailUrl\":\"https:\/\/paracherkaoui.ma\/wp-content\/uploads\/2025\/12\/uriage-uriage-gel-surgras-dermatologique-500-ml-bains-gels-et-huiles-lavant.jpg\",\"datePublished\":\"2025-12-12T16:45:45+00:00\",\"dateModified\":\"2025-12-12T16:45:48+00:00\",\"breadcrumb\":{\"@id\":\"https:\/\/paracherkaoui.ma\/index.php\/produit\/uriage-gel-surgras-dermatologique-500-ml\/#breadcrumb\"},\"inLanguage\":\"fr-FR\",\"potentialAction\":[{\"@type\":\"ReadAction\",\"target\":[\"https:\/\/paracherkaoui.ma\/index.php\/produit\/uriage-gel-surgras-dermatologique-500-ml\/\"]}]},{\"@type\":\"ImageObject\",\"inLanguage\":\"fr-FR\",\"@id\":\"https:\/\/paracherkaoui.ma\/index.php\/produit\/uriage-gel-surgras-dermatologique-500-ml\/#primaryimage\",\"url\":\"https:\/\/paracherkaoui.ma\/wp-content\/uploads\/2025\/12\/uriage-uriage-gel-surgras-dermatologique-500-ml-bains-gels-et-huiles-lavant.jpg\",\"contentUrl\":\"https:\/\/paracherkaoui.ma\/wp-content\/uploads\/2025\/12\/uriage-uriage-gel-surgras-dermatologique-500-ml-bains-gels-et-huiles-lavant.jpg\",\"width\":700,\"height\":700},{\"@type\":\"BreadcrumbList\",\"@id\":\"https:\/\/paracherkaoui.ma\/index.php\/produit\/uriage-gel-surgras-dermatologique-500-ml\/#breadcrumb\",\"itemListElement\":[{\"@type\":\"ListItem\",\"position\":1,\"name\":\"Accueil\",\"item\":\"https:\/\/paracherkaoui.ma\/\"},{\"@type\":\"ListItem\",\"position\":2,\"name\":\"Boutique\",\"item\":\"https:\/\/paracherkaoui.ma\/index.php\/boutique\/\"},{\"@type\":\"ListItem\",\"position\":3,\"name\":\"URIAGE GEL SURGRAS DERMATOLOGIQUE 500 ML\"}]},{\"@type\":\"WebSite\",\"@id\":\"https:\/\/paracherkaoui.ma\/#website\",\"url\":\"https:\/\/paracherkaoui.ma\/\",\"name\":\"Paracherkaoui.ma\",\"description\":\"Achetez en ligne sur Paracherkaoui.ma\",\"potentialAction\":[{\"@type\":\"SearchAction\",\"target\":{\"@type\":\"EntryPoint\",\"urlTemplate\":\"https:\/\/paracherkaoui.ma\/?s={search_term_string}\"},\"query-input\":{\"@type\":\"PropertyValueSpecification\",\"valueRequired\":true,\"valueName\":\"search_term_string\"}}],\"inLanguage\":\"fr-FR\"}]}<\/script>\r\n<!-- \/ Yoast SEO plugin. -->","yoast_head_json":{"title":"URIAGE GEL SURGRAS DERMATOLOGIQUE 500 ML - Paracherkaoui.ma","robots":{"index":"index","follow":"follow","max-snippet":"max-snippet:-1","max-image-preview":"max-image-preview:large","max-video-preview":"max-video-preview:-1"},"canonical":"https:\/\/paracherkaoui.ma\/index.php\/produit\/uriage-gel-surgras-dermatologique-500-ml\/","og_locale":"fr_FR","og_type":"article","og_title":"URIAGE GEL SURGRAS DERMATOLOGIQUE 500 ML - Paracherkaoui.ma","og_description":"DESCRIPTION : Gel Surgras Liquide Dermatologique d&rsquo;Uriage nettoie et am\u00e9liore le confort de la peau tout en respectant le film","og_url":"https:\/\/paracherkaoui.ma\/index.php\/produit\/uriage-gel-surgras-dermatologique-500-ml\/","og_site_name":"Paracherkaoui.ma","article_modified_time":"2025-12-12T16:45:48+00:00","og_image":[{"width":700,"height":700,"url":"https:\/\/paracherkaoui.ma\/wp-content\/uploads\/2025\/12\/uriage-uriage-gel-surgras-dermatologique-500-ml-bains-gels-et-huiles-lavant.jpg","type":"image\/jpeg"}],"twitter_card":"summary_large_image","twitter_misc":{"Dur\u00e9e de lecture estim\u00e9e":"1 minute"},"schema":{"@context":"https:\/\/schema.org","@graph":[{"@type":"WebPage","@id":"https:\/\/paracherkaoui.ma\/index.php\/produit\/uriage-gel-surgras-dermatologique-500-ml\/","url":"https:\/\/paracherkaoui.ma\/index.php\/produit\/uriage-gel-surgras-dermatologique-500-ml\/","name":"URIAGE GEL SURGRAS DERMATOLOGIQUE 500 ML - Paracherkaoui.ma","isPartOf":{"@id":"https:\/\/paracherkaoui.ma\/#website"},"primaryImageOfPage":{"@id":"https:\/\/paracherkaoui.ma\/index.php\/produit\/uriage-gel-surgras-dermatologique-500-ml\/#primaryimage"},"image":{"@id":"https:\/\/paracherkaoui.ma\/index.php\/produit\/uriage-gel-surgras-dermatologique-500-ml\/#primaryimage"},"thumbnailUrl":"https:\/\/paracherkaoui.ma\/wp-content\/uploads\/2025\/12\/uriage-uriage-gel-surgras-dermatologique-500-ml-bains-gels-et-huiles-lavant.jpg","datePublished":"2025-12-12T16:45:45+00:00","dateModified":"2025-12-12T16:45:48+00:00","breadcrumb":{"@id":"https:\/\/paracherkaoui.ma\/index.php\/produit\/uriage-gel-surgras-dermatologique-500-ml\/#breadcrumb"},"inLanguage":"fr-FR","potentialAction":[{"@type":"ReadAction","target":["https:\/\/paracherkaoui.ma\/index.php\/produit\/uriage-gel-surgras-dermatologique-500-ml\/"]}]},{"@type":"ImageObject","inLanguage":"fr-FR","@id":"https:\/\/paracherkaoui.ma\/index.php\/produit\/uriage-gel-surgras-dermatologique-500-ml\/#primaryimage","url":"https:\/\/paracherkaoui.ma\/wp-content\/uploads\/2025\/12\/uriage-uriage-gel-surgras-dermatologique-500-ml-bains-gels-et-huiles-lavant.jpg","contentUrl":"https:\/\/paracherkaoui.ma\/wp-content\/uploads\/2025\/12\/uriage-uriage-gel-surgras-dermatologique-500-ml-bains-gels-et-huiles-lavant.jpg","width":700,"height":700},{"@type":"BreadcrumbList","@id":"https:\/\/paracherkaoui.ma\/index.php\/produit\/uriage-gel-surgras-dermatologique-500-ml\/#breadcrumb","itemListElement":[{"@type":"ListItem","position":1,"name":"Accueil","item":"https:\/\/paracherkaoui.ma\/"},{"@type":"ListItem","position":2,"name":"Boutique","item":"https:\/\/paracherkaoui.ma\/index.php\/boutique\/"},{"@type":"ListItem","position":3,"name":"URIAGE GEL SURGRAS DERMATOLOGIQUE 500 ML"}]},{"@type":"WebSite","@id":"https:\/\/paracherkaoui.ma\/#website","url":"https:\/\/paracherkaoui.ma\/","name":"Paracherkaoui.ma","description":"Achetez en ligne sur Paracherkaoui.ma","potentialAction":[{"@type":"SearchAction","target":{"@type":"EntryPoint","urlTemplate":"https:\/\/paracherkaoui.ma\/?s={search_term_string}"},"query-input":{"@type":"PropertyValueSpecification","valueRequired":true,"valueName":"search_term_string"}}],"inLanguage":"fr-FR"}]}},"_links":{"self":[{"href":"https:\/\/paracherkaoui.ma\/index.php\/wp-json\/wp\/v2\/product\/12204","targetHints":{"allow":["GET"]}}],"collection":[{"href":"https:\/\/paracherkaoui.ma\/index.php\/wp-json\/wp\/v2\/product"}],"about":[{"href":"https:\/\/paracherkaoui.ma\/index.php\/wp-json\/wp\/v2\/types\/product"}],"replies":[{"embeddable":true,"href":"https:\/\/paracherkaoui.ma\/index.php\/wp-json\/wp\/v2\/comments?post=12204"}],"version-history":[{"count":1,"href":"https:\/\/paracherkaoui.ma\/index.php\/wp-json\/wp\/v2\/product\/12204\/revisions"}],"predecessor-version":[{"id":12245,"href":"https:\/\/paracherkaoui.ma\/index.php\/wp-json\/wp\/v2\/product\/12204\/revisions\/12245"}],"wp:featuredmedia":[{"embeddable":true,"href":"https:\/\/paracherkaoui.ma\/index.php\/wp-json\/wp\/v2\/media\/12244"}],"wp:attachment":[{"href":"https:\/\/paracherkaoui.ma\/index.php\/wp-json\/wp\/v2\/media?parent=12204"}],"wp:term":[{"taxonomy":"product_brand","embeddable":true,"href":"https:\/\/paracherkaoui.ma\/index.php\/wp-json\/wp\/v2\/product_brand?post=12204"},{"taxonomy":"product_cat","embeddable":true,"href":"https:\/\/paracherkaoui.ma\/index.php\/wp-json\/wp\/v2\/product_cat?post=12204"},{"taxonomy":"product_tag","embeddable":true,"href":"https:\/\/paracherkaoui.ma\/index.php\/wp-json\/wp\/v2\/product_tag?post=12204"}],"curies":[{"name":"wp","href":"https:\/\/api.w.org\/{rel}","templated":true}]}}