{"id":12199,"date":"2025-12-12T17:45:45","date_gmt":"2025-12-12T16:45:45","guid":{"rendered":"https:\/\/test.ecbeaute.com\/?post_type=product&#038;p=12199"},"modified":"2025-12-12T17:45:47","modified_gmt":"2025-12-12T16:45:47","slug":"uriage-xemose-syndet-nettoyant-doux-500ml-peaux-tres-seches-2","status":"publish","type":"product","link":"https:\/\/paracherkaoui.ma\/index.php\/produit\/uriage-xemose-syndet-nettoyant-doux-500ml-peaux-tres-seches-2\/","title":{"rendered":"URIAGE XEMOSE SYNDET NETTOYANT DOUX 500ML PEAUX TR\u00c8S S\u00c8CHES"},"content":{"rendered":"<p>X\u00e9mose Cr\u00e8me Emolliente Universelle<\/p>\n<p>X\u00e9mose Cr\u00e8me Emolliente Universelle b\u00e9n\u00e9ficie de la derni\u00e8re d\u00e9couverte brevet\u00e9e des Laboratoires Dermatologiques d\u2019Uriage, le Cerasterol-2F qui restaure, renforce durablement la barri\u00e8re cutan\u00e9e et apaise les irritations des peaux les plus s\u00e8ches.<br \/>\nSon association \u00e0 l\u2019Eau Thermale d\u2019Uriage offre hydratation, apaisement et protection renforc\u00e9s.<\/p>\n<p>Atouts :<br \/>\nExcellente tol\u00e9rance.<br \/>\nEfficacit\u00e9 prouv\u00e9e.<br \/>\nTexture adapt\u00e9e : p\u00e9n\u00e9tration rapide, douceur \u00e0 l\u2019application, ne colle pas.<br \/>\nConditionnement pratique en flacon pompe.<br \/>\nSans parfum \u2013 Sans paraben \u2013 Sans conservateur.<br \/>\nIndications :<br \/>\nPeaux tr\u00e8s s\u00e8ches de toutes natures.<br \/>\nPeaux \u00e0 tendance atopique.<br \/>\nB\u00e9b\u00e9s, enfants, adultes.<br \/>\nVisage et corps.<br \/>\nConseils d&rsquo;utilisation :<br \/>\nUtiliser quotidiennement sur une peau propre.<\/p>\n","protected":false},"excerpt":{"rendered":"<p>X\u00e9mose Cr\u00e8me Emolliente Universelle X\u00e9mose Cr\u00e8me Emolliente Universelle b\u00e9n\u00e9ficie de la derni\u00e8re d\u00e9couverte brevet\u00e9e des Laboratoires Dermatologiques d\u2019Uriage, le Cerasterol-2F<\/p>\n","protected":false},"featured_media":11362,"comment_status":"open","ping_status":"closed","template":"","meta":[],"product_brand":[130],"product_cat":[160],"product_tag":[],"class_list":{"0":"post-12199","1":"product","2":"type-product","3":"status-publish","4":"has-post-thumbnail","6":"product_brand-uriage","7":"product_cat-hygiene-corporelle","9":"first","10":"instock","11":"sale","12":"shipping-taxable","13":"purchasable","14":"product-type-simple"},"yoast_head":"<!-- This site is optimized with the Yoast SEO plugin v26.6 - https:\/\/yoast.com\/wordpress\/plugins\/seo\/ -->\r\n<title>URIAGE XEMOSE SYNDET NETTOYANT DOUX 500ML PEAUX TR\u00c8S S\u00c8CHES - Paracherkaoui.ma<\/title>\r\n<meta name=\"robots\" content=\"index, follow, max-snippet:-1, max-image-preview:large, max-video-preview:-1\" \/>\r\n<link rel=\"canonical\" href=\"https:\/\/paracherkaoui.ma\/index.php\/produit\/uriage-xemose-syndet-nettoyant-doux-500ml-peaux-tres-seches-2\/\" \/>\r\n<meta property=\"og:locale\" content=\"fr_FR\" \/>\r\n<meta property=\"og:type\" content=\"article\" \/>\r\n<meta property=\"og:title\" content=\"URIAGE XEMOSE SYNDET NETTOYANT DOUX 500ML PEAUX TR\u00c8S S\u00c8CHES - Paracherkaoui.ma\" \/>\r\n<meta property=\"og:description\" content=\"X\u00e9mose Cr\u00e8me Emolliente Universelle X\u00e9mose Cr\u00e8me Emolliente Universelle b\u00e9n\u00e9ficie de la derni\u00e8re d\u00e9couverte brevet\u00e9e des Laboratoires Dermatologiques d\u2019Uriage, le Cerasterol-2F\" \/>\r\n<meta property=\"og:url\" content=\"https:\/\/paracherkaoui.ma\/index.php\/produit\/uriage-xemose-syndet-nettoyant-doux-500ml-peaux-tres-seches-2\/\" \/>\r\n<meta property=\"og:site_name\" content=\"Paracherkaoui.ma\" \/>\r\n<meta property=\"article:modified_time\" content=\"2025-12-12T16:45:47+00:00\" \/>\r\n<meta property=\"og:image\" content=\"https:\/\/paracherkaoui.ma\/wp-content\/uploads\/2025\/12\/uriage-uriage-xemose-syndet-nettoyant-doux-500ml-peaux-tres-seches-nettoyants-visage.jpg\" \/>\r\n\t<meta property=\"og:image:width\" content=\"700\" \/>\r\n\t<meta property=\"og:image:height\" content=\"700\" \/>\r\n\t<meta property=\"og:image:type\" content=\"image\/jpeg\" \/>\r\n<meta name=\"twitter:card\" content=\"summary_large_image\" \/>\r\n<meta name=\"twitter:label1\" content=\"Dur\u00e9e de lecture estim\u00e9e\" \/>\n\t<meta name=\"twitter:data1\" content=\"1 minute\" \/>\r\n<script type=\"application\/ld+json\" class=\"yoast-schema-graph\">{\"@context\":\"https:\/\/schema.org\",\"@graph\":[{\"@type\":\"WebPage\",\"@id\":\"https:\/\/paracherkaoui.ma\/index.php\/produit\/uriage-xemose-syndet-nettoyant-doux-500ml-peaux-tres-seches-2\/\",\"url\":\"https:\/\/paracherkaoui.ma\/index.php\/produit\/uriage-xemose-syndet-nettoyant-doux-500ml-peaux-tres-seches-2\/\",\"name\":\"URIAGE XEMOSE SYNDET NETTOYANT DOUX 500ML PEAUX TR\u00c8S S\u00c8CHES - Paracherkaoui.ma\",\"isPartOf\":{\"@id\":\"https:\/\/paracherkaoui.ma\/#website\"},\"primaryImageOfPage\":{\"@id\":\"https:\/\/paracherkaoui.ma\/index.php\/produit\/uriage-xemose-syndet-nettoyant-doux-500ml-peaux-tres-seches-2\/#primaryimage\"},\"image\":{\"@id\":\"https:\/\/paracherkaoui.ma\/index.php\/produit\/uriage-xemose-syndet-nettoyant-doux-500ml-peaux-tres-seches-2\/#primaryimage\"},\"thumbnailUrl\":\"https:\/\/paracherkaoui.ma\/wp-content\/uploads\/2025\/12\/uriage-uriage-xemose-syndet-nettoyant-doux-500ml-peaux-tres-seches-nettoyants-visage.jpg\",\"datePublished\":\"2025-12-12T16:45:45+00:00\",\"dateModified\":\"2025-12-12T16:45:47+00:00\",\"breadcrumb\":{\"@id\":\"https:\/\/paracherkaoui.ma\/index.php\/produit\/uriage-xemose-syndet-nettoyant-doux-500ml-peaux-tres-seches-2\/#breadcrumb\"},\"inLanguage\":\"fr-FR\",\"potentialAction\":[{\"@type\":\"ReadAction\",\"target\":[\"https:\/\/paracherkaoui.ma\/index.php\/produit\/uriage-xemose-syndet-nettoyant-doux-500ml-peaux-tres-seches-2\/\"]}]},{\"@type\":\"ImageObject\",\"inLanguage\":\"fr-FR\",\"@id\":\"https:\/\/paracherkaoui.ma\/index.php\/produit\/uriage-xemose-syndet-nettoyant-doux-500ml-peaux-tres-seches-2\/#primaryimage\",\"url\":\"https:\/\/paracherkaoui.ma\/wp-content\/uploads\/2025\/12\/uriage-uriage-xemose-syndet-nettoyant-doux-500ml-peaux-tres-seches-nettoyants-visage.jpg\",\"contentUrl\":\"https:\/\/paracherkaoui.ma\/wp-content\/uploads\/2025\/12\/uriage-uriage-xemose-syndet-nettoyant-doux-500ml-peaux-tres-seches-nettoyants-visage.jpg\",\"width\":700,\"height\":700},{\"@type\":\"BreadcrumbList\",\"@id\":\"https:\/\/paracherkaoui.ma\/index.php\/produit\/uriage-xemose-syndet-nettoyant-doux-500ml-peaux-tres-seches-2\/#breadcrumb\",\"itemListElement\":[{\"@type\":\"ListItem\",\"position\":1,\"name\":\"Accueil\",\"item\":\"https:\/\/paracherkaoui.ma\/\"},{\"@type\":\"ListItem\",\"position\":2,\"name\":\"Boutique\",\"item\":\"https:\/\/paracherkaoui.ma\/index.php\/boutique\/\"},{\"@type\":\"ListItem\",\"position\":3,\"name\":\"URIAGE XEMOSE SYNDET NETTOYANT DOUX 500ML PEAUX TR\u00c8S S\u00c8CHES\"}]},{\"@type\":\"WebSite\",\"@id\":\"https:\/\/paracherkaoui.ma\/#website\",\"url\":\"https:\/\/paracherkaoui.ma\/\",\"name\":\"Paracherkaoui.ma\",\"description\":\"Achetez en ligne sur Paracherkaoui.ma\",\"potentialAction\":[{\"@type\":\"SearchAction\",\"target\":{\"@type\":\"EntryPoint\",\"urlTemplate\":\"https:\/\/paracherkaoui.ma\/?s={search_term_string}\"},\"query-input\":{\"@type\":\"PropertyValueSpecification\",\"valueRequired\":true,\"valueName\":\"search_term_string\"}}],\"inLanguage\":\"fr-FR\"}]}<\/script>\r\n<!-- \/ Yoast SEO plugin. -->","yoast_head_json":{"title":"URIAGE XEMOSE SYNDET NETTOYANT DOUX 500ML PEAUX TR\u00c8S S\u00c8CHES - Paracherkaoui.ma","robots":{"index":"index","follow":"follow","max-snippet":"max-snippet:-1","max-image-preview":"max-image-preview:large","max-video-preview":"max-video-preview:-1"},"canonical":"https:\/\/paracherkaoui.ma\/index.php\/produit\/uriage-xemose-syndet-nettoyant-doux-500ml-peaux-tres-seches-2\/","og_locale":"fr_FR","og_type":"article","og_title":"URIAGE XEMOSE SYNDET NETTOYANT DOUX 500ML PEAUX TR\u00c8S S\u00c8CHES - Paracherkaoui.ma","og_description":"X\u00e9mose Cr\u00e8me Emolliente Universelle X\u00e9mose Cr\u00e8me Emolliente Universelle b\u00e9n\u00e9ficie de la derni\u00e8re d\u00e9couverte brevet\u00e9e des Laboratoires Dermatologiques d\u2019Uriage, le Cerasterol-2F","og_url":"https:\/\/paracherkaoui.ma\/index.php\/produit\/uriage-xemose-syndet-nettoyant-doux-500ml-peaux-tres-seches-2\/","og_site_name":"Paracherkaoui.ma","article_modified_time":"2025-12-12T16:45:47+00:00","og_image":[{"width":700,"height":700,"url":"https:\/\/paracherkaoui.ma\/wp-content\/uploads\/2025\/12\/uriage-uriage-xemose-syndet-nettoyant-doux-500ml-peaux-tres-seches-nettoyants-visage.jpg","type":"image\/jpeg"}],"twitter_card":"summary_large_image","twitter_misc":{"Dur\u00e9e de lecture estim\u00e9e":"1 minute"},"schema":{"@context":"https:\/\/schema.org","@graph":[{"@type":"WebPage","@id":"https:\/\/paracherkaoui.ma\/index.php\/produit\/uriage-xemose-syndet-nettoyant-doux-500ml-peaux-tres-seches-2\/","url":"https:\/\/paracherkaoui.ma\/index.php\/produit\/uriage-xemose-syndet-nettoyant-doux-500ml-peaux-tres-seches-2\/","name":"URIAGE XEMOSE SYNDET NETTOYANT DOUX 500ML PEAUX TR\u00c8S S\u00c8CHES - Paracherkaoui.ma","isPartOf":{"@id":"https:\/\/paracherkaoui.ma\/#website"},"primaryImageOfPage":{"@id":"https:\/\/paracherkaoui.ma\/index.php\/produit\/uriage-xemose-syndet-nettoyant-doux-500ml-peaux-tres-seches-2\/#primaryimage"},"image":{"@id":"https:\/\/paracherkaoui.ma\/index.php\/produit\/uriage-xemose-syndet-nettoyant-doux-500ml-peaux-tres-seches-2\/#primaryimage"},"thumbnailUrl":"https:\/\/paracherkaoui.ma\/wp-content\/uploads\/2025\/12\/uriage-uriage-xemose-syndet-nettoyant-doux-500ml-peaux-tres-seches-nettoyants-visage.jpg","datePublished":"2025-12-12T16:45:45+00:00","dateModified":"2025-12-12T16:45:47+00:00","breadcrumb":{"@id":"https:\/\/paracherkaoui.ma\/index.php\/produit\/uriage-xemose-syndet-nettoyant-doux-500ml-peaux-tres-seches-2\/#breadcrumb"},"inLanguage":"fr-FR","potentialAction":[{"@type":"ReadAction","target":["https:\/\/paracherkaoui.ma\/index.php\/produit\/uriage-xemose-syndet-nettoyant-doux-500ml-peaux-tres-seches-2\/"]}]},{"@type":"ImageObject","inLanguage":"fr-FR","@id":"https:\/\/paracherkaoui.ma\/index.php\/produit\/uriage-xemose-syndet-nettoyant-doux-500ml-peaux-tres-seches-2\/#primaryimage","url":"https:\/\/paracherkaoui.ma\/wp-content\/uploads\/2025\/12\/uriage-uriage-xemose-syndet-nettoyant-doux-500ml-peaux-tres-seches-nettoyants-visage.jpg","contentUrl":"https:\/\/paracherkaoui.ma\/wp-content\/uploads\/2025\/12\/uriage-uriage-xemose-syndet-nettoyant-doux-500ml-peaux-tres-seches-nettoyants-visage.jpg","width":700,"height":700},{"@type":"BreadcrumbList","@id":"https:\/\/paracherkaoui.ma\/index.php\/produit\/uriage-xemose-syndet-nettoyant-doux-500ml-peaux-tres-seches-2\/#breadcrumb","itemListElement":[{"@type":"ListItem","position":1,"name":"Accueil","item":"https:\/\/paracherkaoui.ma\/"},{"@type":"ListItem","position":2,"name":"Boutique","item":"https:\/\/paracherkaoui.ma\/index.php\/boutique\/"},{"@type":"ListItem","position":3,"name":"URIAGE XEMOSE SYNDET NETTOYANT DOUX 500ML PEAUX TR\u00c8S S\u00c8CHES"}]},{"@type":"WebSite","@id":"https:\/\/paracherkaoui.ma\/#website","url":"https:\/\/paracherkaoui.ma\/","name":"Paracherkaoui.ma","description":"Achetez en ligne sur Paracherkaoui.ma","potentialAction":[{"@type":"SearchAction","target":{"@type":"EntryPoint","urlTemplate":"https:\/\/paracherkaoui.ma\/?s={search_term_string}"},"query-input":{"@type":"PropertyValueSpecification","valueRequired":true,"valueName":"search_term_string"}}],"inLanguage":"fr-FR"}]}},"_links":{"self":[{"href":"https:\/\/paracherkaoui.ma\/index.php\/wp-json\/wp\/v2\/product\/12199","targetHints":{"allow":["GET"]}}],"collection":[{"href":"https:\/\/paracherkaoui.ma\/index.php\/wp-json\/wp\/v2\/product"}],"about":[{"href":"https:\/\/paracherkaoui.ma\/index.php\/wp-json\/wp\/v2\/types\/product"}],"replies":[{"embeddable":true,"href":"https:\/\/paracherkaoui.ma\/index.php\/wp-json\/wp\/v2\/comments?post=12199"}],"version-history":[{"count":1,"href":"https:\/\/paracherkaoui.ma\/index.php\/wp-json\/wp\/v2\/product\/12199\/revisions"}],"predecessor-version":[{"id":12239,"href":"https:\/\/paracherkaoui.ma\/index.php\/wp-json\/wp\/v2\/product\/12199\/revisions\/12239"}],"wp:featuredmedia":[{"embeddable":true,"href":"https:\/\/paracherkaoui.ma\/index.php\/wp-json\/wp\/v2\/media\/11362"}],"wp:attachment":[{"href":"https:\/\/paracherkaoui.ma\/index.php\/wp-json\/wp\/v2\/media?parent=12199"}],"wp:term":[{"taxonomy":"product_brand","embeddable":true,"href":"https:\/\/paracherkaoui.ma\/index.php\/wp-json\/wp\/v2\/product_brand?post=12199"},{"taxonomy":"product_cat","embeddable":true,"href":"https:\/\/paracherkaoui.ma\/index.php\/wp-json\/wp\/v2\/product_cat?post=12199"},{"taxonomy":"product_tag","embeddable":true,"href":"https:\/\/paracherkaoui.ma\/index.php\/wp-json\/wp\/v2\/product_tag?post=12199"}],"curies":[{"name":"wp","href":"https:\/\/api.w.org\/{rel}","templated":true}]}}