{"id":12195,"date":"2025-12-12T17:45:45","date_gmt":"2025-12-12T16:45:45","guid":{"rendered":"https:\/\/test.ecbeaute.com\/?post_type=product&#038;p=12195"},"modified":"2025-12-12T17:45:47","modified_gmt":"2025-12-12T16:45:47","slug":"bioderma-atoderm-intensive-gel-moussant-1l-2","status":"publish","type":"product","link":"https:\/\/paracherkaoui.ma\/index.php\/produit\/bioderma-atoderm-intensive-gel-moussant-1l-2\/","title":{"rendered":"BIODERMA ATODERM INTENSIVE GEL MOUSSANT 1L"},"content":{"rendered":"<p>Formul\u00e9 \u00e0 partir d&rsquo;actifs purifiants et de vitamine PP, Bioderma Atoderm Intensive Gel Moussant Nettoyant Surgras lutte contre la prolif\u00e9ration des micro-organismes, agents irritants responsables de l&rsquo;aggravation de la s\u00e9cheresse cutan\u00e9e.Il nettoie en douceur les peaux sensibles s\u00e8ches \u00e0 atopiques et apaise les sensations d&rsquo;inconfort et de tiraillement, les irritations, et contribue \u00e0 renforcer biologiquement la barri\u00e8re cutan\u00e9e.Le complexe naturel brevet\u00e9 DAF augmente le seuil de tol\u00e9rance de la peau, et sa base lavante surgraissante sans savon au pH physiologique respecte la peau.Sans paraben, parfum, savon. Hypoallerg\u00e9nique.<br \/>\nConseils d&rsquo;utilisation:<br \/>\nAppliquer sur la peau pr\u00e9alablement mouill\u00e9e. Faire mousser, puis rincer abondamment. S\u00e9cher d\u00e9licatement. Appliquer ensuite un soin hydratant.Convient d\u00e8s la naissance, hors nourrissons pr\u00e9matur\u00e9s<\/p>\n","protected":false},"excerpt":{"rendered":"<p>Formul\u00e9 \u00e0 partir d&rsquo;actifs purifiants et de vitamine PP, Bioderma Atoderm Intensive Gel Moussant Nettoyant Surgras lutte contre la prolif\u00e9ration<\/p>\n","protected":false},"featured_media":11458,"comment_status":"open","ping_status":"closed","template":"","meta":[],"product_brand":[137],"product_cat":[160],"product_tag":[],"class_list":{"0":"post-12195","1":"product","2":"type-product","3":"status-publish","4":"has-post-thumbnail","6":"product_brand-bioderma","7":"product_cat-hygiene-corporelle","9":"first","10":"instock","11":"sale","12":"shipping-taxable","13":"purchasable","14":"product-type-simple"},"yoast_head":"<!-- This site is optimized with the Yoast SEO plugin v26.6 - https:\/\/yoast.com\/wordpress\/plugins\/seo\/ -->\r\n<title>BIODERMA ATODERM INTENSIVE GEL MOUSSANT 1L - Paracherkaoui.ma<\/title>\r\n<meta name=\"robots\" content=\"index, follow, max-snippet:-1, max-image-preview:large, max-video-preview:-1\" \/>\r\n<link rel=\"canonical\" href=\"https:\/\/paracherkaoui.ma\/index.php\/produit\/bioderma-atoderm-intensive-gel-moussant-1l-2\/\" \/>\r\n<meta property=\"og:locale\" content=\"fr_FR\" \/>\r\n<meta property=\"og:type\" content=\"article\" \/>\r\n<meta property=\"og:title\" content=\"BIODERMA ATODERM INTENSIVE GEL MOUSSANT 1L - Paracherkaoui.ma\" \/>\r\n<meta property=\"og:description\" content=\"Formul\u00e9 \u00e0 partir d&rsquo;actifs purifiants et de vitamine PP, Bioderma Atoderm Intensive Gel Moussant Nettoyant Surgras lutte contre la prolif\u00e9ration\" \/>\r\n<meta property=\"og:url\" content=\"https:\/\/paracherkaoui.ma\/index.php\/produit\/bioderma-atoderm-intensive-gel-moussant-1l-2\/\" \/>\r\n<meta property=\"og:site_name\" content=\"Paracherkaoui.ma\" \/>\r\n<meta property=\"article:modified_time\" content=\"2025-12-12T16:45:47+00:00\" \/>\r\n<meta property=\"og:image\" content=\"https:\/\/paracherkaoui.ma\/wp-content\/uploads\/2025\/12\/bioderma-atoderm-intensive-gel-moussant-1l.jpg\" \/>\r\n\t<meta property=\"og:image:width\" content=\"700\" \/>\r\n\t<meta property=\"og:image:height\" content=\"700\" \/>\r\n\t<meta property=\"og:image:type\" content=\"image\/jpeg\" \/>\r\n<meta name=\"twitter:card\" content=\"summary_large_image\" \/>\r\n<meta name=\"twitter:label1\" content=\"Dur\u00e9e de lecture estim\u00e9e\" \/>\n\t<meta name=\"twitter:data1\" content=\"1 minute\" \/>\r\n<script type=\"application\/ld+json\" class=\"yoast-schema-graph\">{\"@context\":\"https:\/\/schema.org\",\"@graph\":[{\"@type\":\"WebPage\",\"@id\":\"https:\/\/paracherkaoui.ma\/index.php\/produit\/bioderma-atoderm-intensive-gel-moussant-1l-2\/\",\"url\":\"https:\/\/paracherkaoui.ma\/index.php\/produit\/bioderma-atoderm-intensive-gel-moussant-1l-2\/\",\"name\":\"BIODERMA ATODERM INTENSIVE GEL MOUSSANT 1L - Paracherkaoui.ma\",\"isPartOf\":{\"@id\":\"https:\/\/paracherkaoui.ma\/#website\"},\"primaryImageOfPage\":{\"@id\":\"https:\/\/paracherkaoui.ma\/index.php\/produit\/bioderma-atoderm-intensive-gel-moussant-1l-2\/#primaryimage\"},\"image\":{\"@id\":\"https:\/\/paracherkaoui.ma\/index.php\/produit\/bioderma-atoderm-intensive-gel-moussant-1l-2\/#primaryimage\"},\"thumbnailUrl\":\"https:\/\/paracherkaoui.ma\/wp-content\/uploads\/2025\/12\/bioderma-atoderm-intensive-gel-moussant-1l.jpg\",\"datePublished\":\"2025-12-12T16:45:45+00:00\",\"dateModified\":\"2025-12-12T16:45:47+00:00\",\"breadcrumb\":{\"@id\":\"https:\/\/paracherkaoui.ma\/index.php\/produit\/bioderma-atoderm-intensive-gel-moussant-1l-2\/#breadcrumb\"},\"inLanguage\":\"fr-FR\",\"potentialAction\":[{\"@type\":\"ReadAction\",\"target\":[\"https:\/\/paracherkaoui.ma\/index.php\/produit\/bioderma-atoderm-intensive-gel-moussant-1l-2\/\"]}]},{\"@type\":\"ImageObject\",\"inLanguage\":\"fr-FR\",\"@id\":\"https:\/\/paracherkaoui.ma\/index.php\/produit\/bioderma-atoderm-intensive-gel-moussant-1l-2\/#primaryimage\",\"url\":\"https:\/\/paracherkaoui.ma\/wp-content\/uploads\/2025\/12\/bioderma-atoderm-intensive-gel-moussant-1l.jpg\",\"contentUrl\":\"https:\/\/paracherkaoui.ma\/wp-content\/uploads\/2025\/12\/bioderma-atoderm-intensive-gel-moussant-1l.jpg\",\"width\":700,\"height\":700},{\"@type\":\"BreadcrumbList\",\"@id\":\"https:\/\/paracherkaoui.ma\/index.php\/produit\/bioderma-atoderm-intensive-gel-moussant-1l-2\/#breadcrumb\",\"itemListElement\":[{\"@type\":\"ListItem\",\"position\":1,\"name\":\"Accueil\",\"item\":\"https:\/\/paracherkaoui.ma\/\"},{\"@type\":\"ListItem\",\"position\":2,\"name\":\"Boutique\",\"item\":\"https:\/\/paracherkaoui.ma\/index.php\/boutique\/\"},{\"@type\":\"ListItem\",\"position\":3,\"name\":\"BIODERMA ATODERM INTENSIVE GEL MOUSSANT 1L\"}]},{\"@type\":\"WebSite\",\"@id\":\"https:\/\/paracherkaoui.ma\/#website\",\"url\":\"https:\/\/paracherkaoui.ma\/\",\"name\":\"Paracherkaoui.ma\",\"description\":\"Achetez en ligne sur Paracherkaoui.ma\",\"potentialAction\":[{\"@type\":\"SearchAction\",\"target\":{\"@type\":\"EntryPoint\",\"urlTemplate\":\"https:\/\/paracherkaoui.ma\/?s={search_term_string}\"},\"query-input\":{\"@type\":\"PropertyValueSpecification\",\"valueRequired\":true,\"valueName\":\"search_term_string\"}}],\"inLanguage\":\"fr-FR\"}]}<\/script>\r\n<!-- \/ Yoast SEO plugin. -->","yoast_head_json":{"title":"BIODERMA ATODERM INTENSIVE GEL MOUSSANT 1L - Paracherkaoui.ma","robots":{"index":"index","follow":"follow","max-snippet":"max-snippet:-1","max-image-preview":"max-image-preview:large","max-video-preview":"max-video-preview:-1"},"canonical":"https:\/\/paracherkaoui.ma\/index.php\/produit\/bioderma-atoderm-intensive-gel-moussant-1l-2\/","og_locale":"fr_FR","og_type":"article","og_title":"BIODERMA ATODERM INTENSIVE GEL MOUSSANT 1L - Paracherkaoui.ma","og_description":"Formul\u00e9 \u00e0 partir d&rsquo;actifs purifiants et de vitamine PP, Bioderma Atoderm Intensive Gel Moussant Nettoyant Surgras lutte contre la prolif\u00e9ration","og_url":"https:\/\/paracherkaoui.ma\/index.php\/produit\/bioderma-atoderm-intensive-gel-moussant-1l-2\/","og_site_name":"Paracherkaoui.ma","article_modified_time":"2025-12-12T16:45:47+00:00","og_image":[{"width":700,"height":700,"url":"https:\/\/paracherkaoui.ma\/wp-content\/uploads\/2025\/12\/bioderma-atoderm-intensive-gel-moussant-1l.jpg","type":"image\/jpeg"}],"twitter_card":"summary_large_image","twitter_misc":{"Dur\u00e9e de lecture estim\u00e9e":"1 minute"},"schema":{"@context":"https:\/\/schema.org","@graph":[{"@type":"WebPage","@id":"https:\/\/paracherkaoui.ma\/index.php\/produit\/bioderma-atoderm-intensive-gel-moussant-1l-2\/","url":"https:\/\/paracherkaoui.ma\/index.php\/produit\/bioderma-atoderm-intensive-gel-moussant-1l-2\/","name":"BIODERMA ATODERM INTENSIVE GEL MOUSSANT 1L - Paracherkaoui.ma","isPartOf":{"@id":"https:\/\/paracherkaoui.ma\/#website"},"primaryImageOfPage":{"@id":"https:\/\/paracherkaoui.ma\/index.php\/produit\/bioderma-atoderm-intensive-gel-moussant-1l-2\/#primaryimage"},"image":{"@id":"https:\/\/paracherkaoui.ma\/index.php\/produit\/bioderma-atoderm-intensive-gel-moussant-1l-2\/#primaryimage"},"thumbnailUrl":"https:\/\/paracherkaoui.ma\/wp-content\/uploads\/2025\/12\/bioderma-atoderm-intensive-gel-moussant-1l.jpg","datePublished":"2025-12-12T16:45:45+00:00","dateModified":"2025-12-12T16:45:47+00:00","breadcrumb":{"@id":"https:\/\/paracherkaoui.ma\/index.php\/produit\/bioderma-atoderm-intensive-gel-moussant-1l-2\/#breadcrumb"},"inLanguage":"fr-FR","potentialAction":[{"@type":"ReadAction","target":["https:\/\/paracherkaoui.ma\/index.php\/produit\/bioderma-atoderm-intensive-gel-moussant-1l-2\/"]}]},{"@type":"ImageObject","inLanguage":"fr-FR","@id":"https:\/\/paracherkaoui.ma\/index.php\/produit\/bioderma-atoderm-intensive-gel-moussant-1l-2\/#primaryimage","url":"https:\/\/paracherkaoui.ma\/wp-content\/uploads\/2025\/12\/bioderma-atoderm-intensive-gel-moussant-1l.jpg","contentUrl":"https:\/\/paracherkaoui.ma\/wp-content\/uploads\/2025\/12\/bioderma-atoderm-intensive-gel-moussant-1l.jpg","width":700,"height":700},{"@type":"BreadcrumbList","@id":"https:\/\/paracherkaoui.ma\/index.php\/produit\/bioderma-atoderm-intensive-gel-moussant-1l-2\/#breadcrumb","itemListElement":[{"@type":"ListItem","position":1,"name":"Accueil","item":"https:\/\/paracherkaoui.ma\/"},{"@type":"ListItem","position":2,"name":"Boutique","item":"https:\/\/paracherkaoui.ma\/index.php\/boutique\/"},{"@type":"ListItem","position":3,"name":"BIODERMA ATODERM INTENSIVE GEL MOUSSANT 1L"}]},{"@type":"WebSite","@id":"https:\/\/paracherkaoui.ma\/#website","url":"https:\/\/paracherkaoui.ma\/","name":"Paracherkaoui.ma","description":"Achetez en ligne sur Paracherkaoui.ma","potentialAction":[{"@type":"SearchAction","target":{"@type":"EntryPoint","urlTemplate":"https:\/\/paracherkaoui.ma\/?s={search_term_string}"},"query-input":{"@type":"PropertyValueSpecification","valueRequired":true,"valueName":"search_term_string"}}],"inLanguage":"fr-FR"}]}},"_links":{"self":[{"href":"https:\/\/paracherkaoui.ma\/index.php\/wp-json\/wp\/v2\/product\/12195","targetHints":{"allow":["GET"]}}],"collection":[{"href":"https:\/\/paracherkaoui.ma\/index.php\/wp-json\/wp\/v2\/product"}],"about":[{"href":"https:\/\/paracherkaoui.ma\/index.php\/wp-json\/wp\/v2\/types\/product"}],"replies":[{"embeddable":true,"href":"https:\/\/paracherkaoui.ma\/index.php\/wp-json\/wp\/v2\/comments?post=12195"}],"version-history":[{"count":1,"href":"https:\/\/paracherkaoui.ma\/index.php\/wp-json\/wp\/v2\/product\/12195\/revisions"}],"predecessor-version":[{"id":12234,"href":"https:\/\/paracherkaoui.ma\/index.php\/wp-json\/wp\/v2\/product\/12195\/revisions\/12234"}],"wp:featuredmedia":[{"embeddable":true,"href":"https:\/\/paracherkaoui.ma\/index.php\/wp-json\/wp\/v2\/media\/11458"}],"wp:attachment":[{"href":"https:\/\/paracherkaoui.ma\/index.php\/wp-json\/wp\/v2\/media?parent=12195"}],"wp:term":[{"taxonomy":"product_brand","embeddable":true,"href":"https:\/\/paracherkaoui.ma\/index.php\/wp-json\/wp\/v2\/product_brand?post=12195"},{"taxonomy":"product_cat","embeddable":true,"href":"https:\/\/paracherkaoui.ma\/index.php\/wp-json\/wp\/v2\/product_cat?post=12195"},{"taxonomy":"product_tag","embeddable":true,"href":"https:\/\/paracherkaoui.ma\/index.php\/wp-json\/wp\/v2\/product_tag?post=12195"}],"curies":[{"name":"wp","href":"https:\/\/api.w.org\/{rel}","templated":true}]}}