{"id":12150,"date":"2025-12-12T17:45:42","date_gmt":"2025-12-12T16:45:42","guid":{"rendered":"https:\/\/test.ecbeaute.com\/?post_type=product&#038;p=12150"},"modified":"2025-12-12T17:45:44","modified_gmt":"2025-12-12T16:45:44","slug":"bioderma-atoderm-huile-de-douche-1l-2","status":"publish","type":"product","link":"https:\/\/paracherkaoui.ma\/index.php\/produit\/bioderma-atoderm-huile-de-douche-1l-2\/","title":{"rendered":"BIODERMA ATODERM HUILE DE DOUCHE 1L"},"content":{"rendered":"<p>Atoderm Huile de Douche apaise et prot\u00e8ge des agressions ext\u00e9rieures gr\u00e2ce \u00e0 sa formule exclusive compos\u00e9e de biolipides v\u00e9g\u00e9taux, de la Vitamine PP et du brevet Skin Barrier Therapy. (1) et (2) Les biolipides v\u00e9g\u00e9taux calment les sensations de tiraillements, renforcent la r\u00e9sistance de la peau en recr\u00e9ant son film protecteur.La vitamine PP stimule la synth\u00e8se des lipides, par la peau elle-m\u00eame, permettant la restructuration de la barri\u00e8re cutan\u00e9e \u00e0 long terme.La fixation sur la peau de la bact\u00e9rie (le Staphylocoque dor\u00e9) responsable de l\u2019aggravation des irritations cutan\u00e9es est emp\u00each\u00e9e gr\u00e2ce au brevet Skin Barrier Therapy Le complexe naturel brevet\u00e9 DAF augmente le seuil de tol\u00e9rance de la peau.<\/p>\n<p>CONSEILS D&rsquo;UTILISATION :<br \/>\nUtilisez Atoderm huile lavante 1 \u00e0 2 fois par jour sur une peau mouill\u00e9e. Appliquez puis rincez abondamment.Pour encore plus de r\u00e9sultat nous vous recommandons ensuite d&rsquo;appliquer un soin Atoderme<\/p>\n","protected":false},"excerpt":{"rendered":"<p>Atoderm Huile de Douche apaise et prot\u00e8ge des agressions ext\u00e9rieures gr\u00e2ce \u00e0 sa formule exclusive compos\u00e9e de biolipides v\u00e9g\u00e9taux, de<\/p>\n","protected":false},"featured_media":11476,"comment_status":"open","ping_status":"closed","template":"","meta":[],"product_brand":[137],"product_cat":[160],"product_tag":[],"class_list":{"0":"post-12150","1":"product","2":"type-product","3":"status-publish","4":"has-post-thumbnail","6":"product_brand-bioderma","7":"product_cat-hygiene-corporelle","9":"first","10":"instock","11":"sale","12":"shipping-taxable","13":"purchasable","14":"product-type-simple"},"yoast_head":"<!-- This site is optimized with the Yoast SEO plugin v26.6 - https:\/\/yoast.com\/wordpress\/plugins\/seo\/ -->\r\n<title>BIODERMA ATODERM HUILE DE DOUCHE 1L - Paracherkaoui.ma<\/title>\r\n<meta name=\"robots\" content=\"index, follow, max-snippet:-1, max-image-preview:large, max-video-preview:-1\" \/>\r\n<link rel=\"canonical\" href=\"https:\/\/paracherkaoui.ma\/index.php\/produit\/bioderma-atoderm-huile-de-douche-1l-2\/\" \/>\r\n<meta property=\"og:locale\" content=\"fr_FR\" \/>\r\n<meta property=\"og:type\" content=\"article\" \/>\r\n<meta property=\"og:title\" content=\"BIODERMA ATODERM HUILE DE DOUCHE 1L - Paracherkaoui.ma\" \/>\r\n<meta property=\"og:description\" content=\"Atoderm Huile de Douche apaise et prot\u00e8ge des agressions ext\u00e9rieures gr\u00e2ce \u00e0 sa formule exclusive compos\u00e9e de biolipides v\u00e9g\u00e9taux, de\" \/>\r\n<meta property=\"og:url\" content=\"https:\/\/paracherkaoui.ma\/index.php\/produit\/bioderma-atoderm-huile-de-douche-1l-2\/\" \/>\r\n<meta property=\"og:site_name\" content=\"Paracherkaoui.ma\" \/>\r\n<meta property=\"article:modified_time\" content=\"2025-12-12T16:45:44+00:00\" \/>\r\n<meta property=\"og:image\" content=\"https:\/\/paracherkaoui.ma\/wp-content\/uploads\/2025\/12\/bioderma-bioderma-atoderm-huile-de-douche-1l-gels-et-huiles-lavants.jpg\" \/>\r\n\t<meta property=\"og:image:width\" content=\"700\" \/>\r\n\t<meta property=\"og:image:height\" content=\"700\" \/>\r\n\t<meta property=\"og:image:type\" content=\"image\/jpeg\" \/>\r\n<meta name=\"twitter:card\" content=\"summary_large_image\" \/>\r\n<meta name=\"twitter:label1\" content=\"Dur\u00e9e de lecture estim\u00e9e\" \/>\n\t<meta name=\"twitter:data1\" content=\"1 minute\" \/>\r\n<script type=\"application\/ld+json\" class=\"yoast-schema-graph\">{\"@context\":\"https:\/\/schema.org\",\"@graph\":[{\"@type\":\"WebPage\",\"@id\":\"https:\/\/paracherkaoui.ma\/index.php\/produit\/bioderma-atoderm-huile-de-douche-1l-2\/\",\"url\":\"https:\/\/paracherkaoui.ma\/index.php\/produit\/bioderma-atoderm-huile-de-douche-1l-2\/\",\"name\":\"BIODERMA ATODERM HUILE DE DOUCHE 1L - Paracherkaoui.ma\",\"isPartOf\":{\"@id\":\"https:\/\/paracherkaoui.ma\/#website\"},\"primaryImageOfPage\":{\"@id\":\"https:\/\/paracherkaoui.ma\/index.php\/produit\/bioderma-atoderm-huile-de-douche-1l-2\/#primaryimage\"},\"image\":{\"@id\":\"https:\/\/paracherkaoui.ma\/index.php\/produit\/bioderma-atoderm-huile-de-douche-1l-2\/#primaryimage\"},\"thumbnailUrl\":\"https:\/\/paracherkaoui.ma\/wp-content\/uploads\/2025\/12\/bioderma-bioderma-atoderm-huile-de-douche-1l-gels-et-huiles-lavants.jpg\",\"datePublished\":\"2025-12-12T16:45:42+00:00\",\"dateModified\":\"2025-12-12T16:45:44+00:00\",\"breadcrumb\":{\"@id\":\"https:\/\/paracherkaoui.ma\/index.php\/produit\/bioderma-atoderm-huile-de-douche-1l-2\/#breadcrumb\"},\"inLanguage\":\"fr-FR\",\"potentialAction\":[{\"@type\":\"ReadAction\",\"target\":[\"https:\/\/paracherkaoui.ma\/index.php\/produit\/bioderma-atoderm-huile-de-douche-1l-2\/\"]}]},{\"@type\":\"ImageObject\",\"inLanguage\":\"fr-FR\",\"@id\":\"https:\/\/paracherkaoui.ma\/index.php\/produit\/bioderma-atoderm-huile-de-douche-1l-2\/#primaryimage\",\"url\":\"https:\/\/paracherkaoui.ma\/wp-content\/uploads\/2025\/12\/bioderma-bioderma-atoderm-huile-de-douche-1l-gels-et-huiles-lavants.jpg\",\"contentUrl\":\"https:\/\/paracherkaoui.ma\/wp-content\/uploads\/2025\/12\/bioderma-bioderma-atoderm-huile-de-douche-1l-gels-et-huiles-lavants.jpg\",\"width\":700,\"height\":700},{\"@type\":\"BreadcrumbList\",\"@id\":\"https:\/\/paracherkaoui.ma\/index.php\/produit\/bioderma-atoderm-huile-de-douche-1l-2\/#breadcrumb\",\"itemListElement\":[{\"@type\":\"ListItem\",\"position\":1,\"name\":\"Accueil\",\"item\":\"https:\/\/paracherkaoui.ma\/\"},{\"@type\":\"ListItem\",\"position\":2,\"name\":\"Boutique\",\"item\":\"https:\/\/paracherkaoui.ma\/index.php\/boutique\/\"},{\"@type\":\"ListItem\",\"position\":3,\"name\":\"BIODERMA ATODERM HUILE DE DOUCHE 1L\"}]},{\"@type\":\"WebSite\",\"@id\":\"https:\/\/paracherkaoui.ma\/#website\",\"url\":\"https:\/\/paracherkaoui.ma\/\",\"name\":\"Paracherkaoui.ma\",\"description\":\"Achetez en ligne sur Paracherkaoui.ma\",\"potentialAction\":[{\"@type\":\"SearchAction\",\"target\":{\"@type\":\"EntryPoint\",\"urlTemplate\":\"https:\/\/paracherkaoui.ma\/?s={search_term_string}\"},\"query-input\":{\"@type\":\"PropertyValueSpecification\",\"valueRequired\":true,\"valueName\":\"search_term_string\"}}],\"inLanguage\":\"fr-FR\"}]}<\/script>\r\n<!-- \/ Yoast SEO plugin. -->","yoast_head_json":{"title":"BIODERMA ATODERM HUILE DE DOUCHE 1L - Paracherkaoui.ma","robots":{"index":"index","follow":"follow","max-snippet":"max-snippet:-1","max-image-preview":"max-image-preview:large","max-video-preview":"max-video-preview:-1"},"canonical":"https:\/\/paracherkaoui.ma\/index.php\/produit\/bioderma-atoderm-huile-de-douche-1l-2\/","og_locale":"fr_FR","og_type":"article","og_title":"BIODERMA ATODERM HUILE DE DOUCHE 1L - Paracherkaoui.ma","og_description":"Atoderm Huile de Douche apaise et prot\u00e8ge des agressions ext\u00e9rieures gr\u00e2ce \u00e0 sa formule exclusive compos\u00e9e de biolipides v\u00e9g\u00e9taux, de","og_url":"https:\/\/paracherkaoui.ma\/index.php\/produit\/bioderma-atoderm-huile-de-douche-1l-2\/","og_site_name":"Paracherkaoui.ma","article_modified_time":"2025-12-12T16:45:44+00:00","og_image":[{"width":700,"height":700,"url":"https:\/\/paracherkaoui.ma\/wp-content\/uploads\/2025\/12\/bioderma-bioderma-atoderm-huile-de-douche-1l-gels-et-huiles-lavants.jpg","type":"image\/jpeg"}],"twitter_card":"summary_large_image","twitter_misc":{"Dur\u00e9e de lecture estim\u00e9e":"1 minute"},"schema":{"@context":"https:\/\/schema.org","@graph":[{"@type":"WebPage","@id":"https:\/\/paracherkaoui.ma\/index.php\/produit\/bioderma-atoderm-huile-de-douche-1l-2\/","url":"https:\/\/paracherkaoui.ma\/index.php\/produit\/bioderma-atoderm-huile-de-douche-1l-2\/","name":"BIODERMA ATODERM HUILE DE DOUCHE 1L - Paracherkaoui.ma","isPartOf":{"@id":"https:\/\/paracherkaoui.ma\/#website"},"primaryImageOfPage":{"@id":"https:\/\/paracherkaoui.ma\/index.php\/produit\/bioderma-atoderm-huile-de-douche-1l-2\/#primaryimage"},"image":{"@id":"https:\/\/paracherkaoui.ma\/index.php\/produit\/bioderma-atoderm-huile-de-douche-1l-2\/#primaryimage"},"thumbnailUrl":"https:\/\/paracherkaoui.ma\/wp-content\/uploads\/2025\/12\/bioderma-bioderma-atoderm-huile-de-douche-1l-gels-et-huiles-lavants.jpg","datePublished":"2025-12-12T16:45:42+00:00","dateModified":"2025-12-12T16:45:44+00:00","breadcrumb":{"@id":"https:\/\/paracherkaoui.ma\/index.php\/produit\/bioderma-atoderm-huile-de-douche-1l-2\/#breadcrumb"},"inLanguage":"fr-FR","potentialAction":[{"@type":"ReadAction","target":["https:\/\/paracherkaoui.ma\/index.php\/produit\/bioderma-atoderm-huile-de-douche-1l-2\/"]}]},{"@type":"ImageObject","inLanguage":"fr-FR","@id":"https:\/\/paracherkaoui.ma\/index.php\/produit\/bioderma-atoderm-huile-de-douche-1l-2\/#primaryimage","url":"https:\/\/paracherkaoui.ma\/wp-content\/uploads\/2025\/12\/bioderma-bioderma-atoderm-huile-de-douche-1l-gels-et-huiles-lavants.jpg","contentUrl":"https:\/\/paracherkaoui.ma\/wp-content\/uploads\/2025\/12\/bioderma-bioderma-atoderm-huile-de-douche-1l-gels-et-huiles-lavants.jpg","width":700,"height":700},{"@type":"BreadcrumbList","@id":"https:\/\/paracherkaoui.ma\/index.php\/produit\/bioderma-atoderm-huile-de-douche-1l-2\/#breadcrumb","itemListElement":[{"@type":"ListItem","position":1,"name":"Accueil","item":"https:\/\/paracherkaoui.ma\/"},{"@type":"ListItem","position":2,"name":"Boutique","item":"https:\/\/paracherkaoui.ma\/index.php\/boutique\/"},{"@type":"ListItem","position":3,"name":"BIODERMA ATODERM HUILE DE DOUCHE 1L"}]},{"@type":"WebSite","@id":"https:\/\/paracherkaoui.ma\/#website","url":"https:\/\/paracherkaoui.ma\/","name":"Paracherkaoui.ma","description":"Achetez en ligne sur Paracherkaoui.ma","potentialAction":[{"@type":"SearchAction","target":{"@type":"EntryPoint","urlTemplate":"https:\/\/paracherkaoui.ma\/?s={search_term_string}"},"query-input":{"@type":"PropertyValueSpecification","valueRequired":true,"valueName":"search_term_string"}}],"inLanguage":"fr-FR"}]}},"_links":{"self":[{"href":"https:\/\/paracherkaoui.ma\/index.php\/wp-json\/wp\/v2\/product\/12150","targetHints":{"allow":["GET"]}}],"collection":[{"href":"https:\/\/paracherkaoui.ma\/index.php\/wp-json\/wp\/v2\/product"}],"about":[{"href":"https:\/\/paracherkaoui.ma\/index.php\/wp-json\/wp\/v2\/types\/product"}],"replies":[{"embeddable":true,"href":"https:\/\/paracherkaoui.ma\/index.php\/wp-json\/wp\/v2\/comments?post=12150"}],"version-history":[{"count":1,"href":"https:\/\/paracherkaoui.ma\/index.php\/wp-json\/wp\/v2\/product\/12150\/revisions"}],"predecessor-version":[{"id":12182,"href":"https:\/\/paracherkaoui.ma\/index.php\/wp-json\/wp\/v2\/product\/12150\/revisions\/12182"}],"wp:featuredmedia":[{"embeddable":true,"href":"https:\/\/paracherkaoui.ma\/index.php\/wp-json\/wp\/v2\/media\/11476"}],"wp:attachment":[{"href":"https:\/\/paracherkaoui.ma\/index.php\/wp-json\/wp\/v2\/media?parent=12150"}],"wp:term":[{"taxonomy":"product_brand","embeddable":true,"href":"https:\/\/paracherkaoui.ma\/index.php\/wp-json\/wp\/v2\/product_brand?post=12150"},{"taxonomy":"product_cat","embeddable":true,"href":"https:\/\/paracherkaoui.ma\/index.php\/wp-json\/wp\/v2\/product_cat?post=12150"},{"taxonomy":"product_tag","embeddable":true,"href":"https:\/\/paracherkaoui.ma\/index.php\/wp-json\/wp\/v2\/product_tag?post=12150"}],"curies":[{"name":"wp","href":"https:\/\/api.w.org\/{rel}","templated":true}]}}