{"id":12133,"date":"2025-12-12T17:45:42","date_gmt":"2025-12-12T16:45:42","guid":{"rendered":"https:\/\/test.ecbeaute.com\/?post_type=product&#038;p=12133"},"modified":"2025-12-12T17:45:43","modified_gmt":"2025-12-12T16:45:43","slug":"klorane-concentre-sans-rincage-a-lextrait-essentiel-dolivier-125-ml","status":"publish","type":"product","link":"https:\/\/paracherkaoui.ma\/index.php\/produit\/klorane-concentre-sans-rincage-a-lextrait-essentiel-dolivier-125-ml\/","title":{"rendered":"KLORANE CONCENTRE SANS RINCAGE A L&rsquo;EXTRAIT ESSENTIEL D&rsquo;OLIVIER 125 ML"},"content":{"rendered":"<p>Avec six fois plus d&rsquo;extrait d&rsquo;olive qu&rsquo;un shampoing, ce spray sans rin\u00e7age revitalise le cuir chevelu. L&rsquo;extrait d&rsquo;olive p\u00e9n\u00e8tre profond\u00e9ment dans les fibres capillaires, apportant densit\u00e9 et r\u00e9silience de la racine aux pointes. Il redonne vitalit\u00e9 et densit\u00e9 aux cheveux et r\u00e9conforte le cuir chevelu.<br \/>\nLes bienfaits :<br \/>\nRevitalise : l&rsquo;extrait essentiel d&rsquo;Olivier antioxydant aide \u00e0 pr\u00e9server la jeunesse du cuir chevelu en lui insufflant vigueur et vitalit\u00e9.<br \/>\nDensifie : texture nourrissante pour redensifier la fibre capillaire et \u00e9paissir les cheveux affin\u00e9s, sans alourdir<br \/>\nConseils d&rsquo;utilisation:<br \/>\nApr\u00e8s votre shampooing, sur vos cheveux essor\u00e9s, vaporiser sur les racines puis les longueurs.Ne pas rincer. Proc\u00e9der au massage puis au coiffage. D\u00e9couvrir le massage \u00e0 l&rsquo;int\u00e9rieur de l&rsquo;\u00e9tui<\/p>\n","protected":false},"excerpt":{"rendered":"<p>Avec six fois plus d&rsquo;extrait d&rsquo;olive qu&rsquo;un shampoing, ce spray sans rin\u00e7age revitalise le cuir chevelu. L&rsquo;extrait d&rsquo;olive p\u00e9n\u00e8tre profond\u00e9ment<\/p>\n","protected":false},"featured_media":11057,"comment_status":"open","ping_status":"closed","template":"","meta":[],"product_brand":[145],"product_cat":[158],"product_tag":[],"class_list":{"0":"post-12133","1":"product","2":"type-product","3":"status-publish","4":"has-post-thumbnail","6":"product_brand-klorane","7":"product_cat-masques-et-soins","9":"first","10":"instock","11":"sale","12":"shipping-taxable","13":"purchasable","14":"product-type-simple"},"yoast_head":"<!-- This site is optimized with the Yoast SEO plugin v26.6 - https:\/\/yoast.com\/wordpress\/plugins\/seo\/ -->\r\n<title>KLORANE CONCENTRE SANS RINCAGE A L&#039;EXTRAIT ESSENTIEL D&#039;OLIVIER 125 ML - Paracherkaoui.ma<\/title>\r\n<meta name=\"robots\" content=\"index, follow, max-snippet:-1, max-image-preview:large, max-video-preview:-1\" \/>\r\n<link rel=\"canonical\" href=\"https:\/\/paracherkaoui.ma\/index.php\/produit\/klorane-concentre-sans-rincage-a-lextrait-essentiel-dolivier-125-ml\/\" \/>\r\n<meta property=\"og:locale\" content=\"fr_FR\" \/>\r\n<meta property=\"og:type\" content=\"article\" \/>\r\n<meta property=\"og:title\" content=\"KLORANE CONCENTRE SANS RINCAGE A L&#039;EXTRAIT ESSENTIEL D&#039;OLIVIER 125 ML - Paracherkaoui.ma\" \/>\r\n<meta property=\"og:description\" content=\"Avec six fois plus d&rsquo;extrait d&rsquo;olive qu&rsquo;un shampoing, ce spray sans rin\u00e7age revitalise le cuir chevelu. L&rsquo;extrait d&rsquo;olive p\u00e9n\u00e8tre profond\u00e9ment\" \/>\r\n<meta property=\"og:url\" content=\"https:\/\/paracherkaoui.ma\/index.php\/produit\/klorane-concentre-sans-rincage-a-lextrait-essentiel-dolivier-125-ml\/\" \/>\r\n<meta property=\"og:site_name\" content=\"Paracherkaoui.ma\" \/>\r\n<meta property=\"article:modified_time\" content=\"2025-12-12T16:45:43+00:00\" \/>\r\n<meta property=\"og:image\" content=\"https:\/\/paracherkaoui.ma\/wp-content\/uploads\/2025\/12\/klorane-concentre-sans-rincage-a-l-extrait-essentiel-d-olivier-125-ml.jpg\" \/>\r\n\t<meta property=\"og:image:width\" content=\"700\" \/>\r\n\t<meta property=\"og:image:height\" content=\"700\" \/>\r\n\t<meta property=\"og:image:type\" content=\"image\/jpeg\" \/>\r\n<meta name=\"twitter:card\" content=\"summary_large_image\" \/>\r\n<meta name=\"twitter:label1\" content=\"Dur\u00e9e de lecture estim\u00e9e\" \/>\n\t<meta name=\"twitter:data1\" content=\"1 minute\" \/>\r\n<script type=\"application\/ld+json\" class=\"yoast-schema-graph\">{\"@context\":\"https:\/\/schema.org\",\"@graph\":[{\"@type\":\"WebPage\",\"@id\":\"https:\/\/paracherkaoui.ma\/index.php\/produit\/klorane-concentre-sans-rincage-a-lextrait-essentiel-dolivier-125-ml\/\",\"url\":\"https:\/\/paracherkaoui.ma\/index.php\/produit\/klorane-concentre-sans-rincage-a-lextrait-essentiel-dolivier-125-ml\/\",\"name\":\"KLORANE CONCENTRE SANS RINCAGE A L'EXTRAIT ESSENTIEL D'OLIVIER 125 ML - Paracherkaoui.ma\",\"isPartOf\":{\"@id\":\"https:\/\/paracherkaoui.ma\/#website\"},\"primaryImageOfPage\":{\"@id\":\"https:\/\/paracherkaoui.ma\/index.php\/produit\/klorane-concentre-sans-rincage-a-lextrait-essentiel-dolivier-125-ml\/#primaryimage\"},\"image\":{\"@id\":\"https:\/\/paracherkaoui.ma\/index.php\/produit\/klorane-concentre-sans-rincage-a-lextrait-essentiel-dolivier-125-ml\/#primaryimage\"},\"thumbnailUrl\":\"https:\/\/paracherkaoui.ma\/wp-content\/uploads\/2025\/12\/klorane-concentre-sans-rincage-a-l-extrait-essentiel-d-olivier-125-ml.jpg\",\"datePublished\":\"2025-12-12T16:45:42+00:00\",\"dateModified\":\"2025-12-12T16:45:43+00:00\",\"breadcrumb\":{\"@id\":\"https:\/\/paracherkaoui.ma\/index.php\/produit\/klorane-concentre-sans-rincage-a-lextrait-essentiel-dolivier-125-ml\/#breadcrumb\"},\"inLanguage\":\"fr-FR\",\"potentialAction\":[{\"@type\":\"ReadAction\",\"target\":[\"https:\/\/paracherkaoui.ma\/index.php\/produit\/klorane-concentre-sans-rincage-a-lextrait-essentiel-dolivier-125-ml\/\"]}]},{\"@type\":\"ImageObject\",\"inLanguage\":\"fr-FR\",\"@id\":\"https:\/\/paracherkaoui.ma\/index.php\/produit\/klorane-concentre-sans-rincage-a-lextrait-essentiel-dolivier-125-ml\/#primaryimage\",\"url\":\"https:\/\/paracherkaoui.ma\/wp-content\/uploads\/2025\/12\/klorane-concentre-sans-rincage-a-l-extrait-essentiel-d-olivier-125-ml.jpg\",\"contentUrl\":\"https:\/\/paracherkaoui.ma\/wp-content\/uploads\/2025\/12\/klorane-concentre-sans-rincage-a-l-extrait-essentiel-d-olivier-125-ml.jpg\",\"width\":700,\"height\":700},{\"@type\":\"BreadcrumbList\",\"@id\":\"https:\/\/paracherkaoui.ma\/index.php\/produit\/klorane-concentre-sans-rincage-a-lextrait-essentiel-dolivier-125-ml\/#breadcrumb\",\"itemListElement\":[{\"@type\":\"ListItem\",\"position\":1,\"name\":\"Accueil\",\"item\":\"https:\/\/paracherkaoui.ma\/\"},{\"@type\":\"ListItem\",\"position\":2,\"name\":\"Boutique\",\"item\":\"https:\/\/paracherkaoui.ma\/index.php\/boutique\/\"},{\"@type\":\"ListItem\",\"position\":3,\"name\":\"KLORANE CONCENTRE SANS RINCAGE A L&rsquo;EXTRAIT ESSENTIEL D&rsquo;OLIVIER 125 ML\"}]},{\"@type\":\"WebSite\",\"@id\":\"https:\/\/paracherkaoui.ma\/#website\",\"url\":\"https:\/\/paracherkaoui.ma\/\",\"name\":\"Paracherkaoui.ma\",\"description\":\"Achetez en ligne sur Paracherkaoui.ma\",\"potentialAction\":[{\"@type\":\"SearchAction\",\"target\":{\"@type\":\"EntryPoint\",\"urlTemplate\":\"https:\/\/paracherkaoui.ma\/?s={search_term_string}\"},\"query-input\":{\"@type\":\"PropertyValueSpecification\",\"valueRequired\":true,\"valueName\":\"search_term_string\"}}],\"inLanguage\":\"fr-FR\"}]}<\/script>\r\n<!-- \/ Yoast SEO plugin. -->","yoast_head_json":{"title":"KLORANE CONCENTRE SANS RINCAGE A L'EXTRAIT ESSENTIEL D'OLIVIER 125 ML - Paracherkaoui.ma","robots":{"index":"index","follow":"follow","max-snippet":"max-snippet:-1","max-image-preview":"max-image-preview:large","max-video-preview":"max-video-preview:-1"},"canonical":"https:\/\/paracherkaoui.ma\/index.php\/produit\/klorane-concentre-sans-rincage-a-lextrait-essentiel-dolivier-125-ml\/","og_locale":"fr_FR","og_type":"article","og_title":"KLORANE CONCENTRE SANS RINCAGE A L'EXTRAIT ESSENTIEL D'OLIVIER 125 ML - Paracherkaoui.ma","og_description":"Avec six fois plus d&rsquo;extrait d&rsquo;olive qu&rsquo;un shampoing, ce spray sans rin\u00e7age revitalise le cuir chevelu. L&rsquo;extrait d&rsquo;olive p\u00e9n\u00e8tre profond\u00e9ment","og_url":"https:\/\/paracherkaoui.ma\/index.php\/produit\/klorane-concentre-sans-rincage-a-lextrait-essentiel-dolivier-125-ml\/","og_site_name":"Paracherkaoui.ma","article_modified_time":"2025-12-12T16:45:43+00:00","og_image":[{"width":700,"height":700,"url":"https:\/\/paracherkaoui.ma\/wp-content\/uploads\/2025\/12\/klorane-concentre-sans-rincage-a-l-extrait-essentiel-d-olivier-125-ml.jpg","type":"image\/jpeg"}],"twitter_card":"summary_large_image","twitter_misc":{"Dur\u00e9e de lecture estim\u00e9e":"1 minute"},"schema":{"@context":"https:\/\/schema.org","@graph":[{"@type":"WebPage","@id":"https:\/\/paracherkaoui.ma\/index.php\/produit\/klorane-concentre-sans-rincage-a-lextrait-essentiel-dolivier-125-ml\/","url":"https:\/\/paracherkaoui.ma\/index.php\/produit\/klorane-concentre-sans-rincage-a-lextrait-essentiel-dolivier-125-ml\/","name":"KLORANE CONCENTRE SANS RINCAGE A L'EXTRAIT ESSENTIEL D'OLIVIER 125 ML - Paracherkaoui.ma","isPartOf":{"@id":"https:\/\/paracherkaoui.ma\/#website"},"primaryImageOfPage":{"@id":"https:\/\/paracherkaoui.ma\/index.php\/produit\/klorane-concentre-sans-rincage-a-lextrait-essentiel-dolivier-125-ml\/#primaryimage"},"image":{"@id":"https:\/\/paracherkaoui.ma\/index.php\/produit\/klorane-concentre-sans-rincage-a-lextrait-essentiel-dolivier-125-ml\/#primaryimage"},"thumbnailUrl":"https:\/\/paracherkaoui.ma\/wp-content\/uploads\/2025\/12\/klorane-concentre-sans-rincage-a-l-extrait-essentiel-d-olivier-125-ml.jpg","datePublished":"2025-12-12T16:45:42+00:00","dateModified":"2025-12-12T16:45:43+00:00","breadcrumb":{"@id":"https:\/\/paracherkaoui.ma\/index.php\/produit\/klorane-concentre-sans-rincage-a-lextrait-essentiel-dolivier-125-ml\/#breadcrumb"},"inLanguage":"fr-FR","potentialAction":[{"@type":"ReadAction","target":["https:\/\/paracherkaoui.ma\/index.php\/produit\/klorane-concentre-sans-rincage-a-lextrait-essentiel-dolivier-125-ml\/"]}]},{"@type":"ImageObject","inLanguage":"fr-FR","@id":"https:\/\/paracherkaoui.ma\/index.php\/produit\/klorane-concentre-sans-rincage-a-lextrait-essentiel-dolivier-125-ml\/#primaryimage","url":"https:\/\/paracherkaoui.ma\/wp-content\/uploads\/2025\/12\/klorane-concentre-sans-rincage-a-l-extrait-essentiel-d-olivier-125-ml.jpg","contentUrl":"https:\/\/paracherkaoui.ma\/wp-content\/uploads\/2025\/12\/klorane-concentre-sans-rincage-a-l-extrait-essentiel-d-olivier-125-ml.jpg","width":700,"height":700},{"@type":"BreadcrumbList","@id":"https:\/\/paracherkaoui.ma\/index.php\/produit\/klorane-concentre-sans-rincage-a-lextrait-essentiel-dolivier-125-ml\/#breadcrumb","itemListElement":[{"@type":"ListItem","position":1,"name":"Accueil","item":"https:\/\/paracherkaoui.ma\/"},{"@type":"ListItem","position":2,"name":"Boutique","item":"https:\/\/paracherkaoui.ma\/index.php\/boutique\/"},{"@type":"ListItem","position":3,"name":"KLORANE CONCENTRE SANS RINCAGE A L&rsquo;EXTRAIT ESSENTIEL D&rsquo;OLIVIER 125 ML"}]},{"@type":"WebSite","@id":"https:\/\/paracherkaoui.ma\/#website","url":"https:\/\/paracherkaoui.ma\/","name":"Paracherkaoui.ma","description":"Achetez en ligne sur Paracherkaoui.ma","potentialAction":[{"@type":"SearchAction","target":{"@type":"EntryPoint","urlTemplate":"https:\/\/paracherkaoui.ma\/?s={search_term_string}"},"query-input":{"@type":"PropertyValueSpecification","valueRequired":true,"valueName":"search_term_string"}}],"inLanguage":"fr-FR"}]}},"_links":{"self":[{"href":"https:\/\/paracherkaoui.ma\/index.php\/wp-json\/wp\/v2\/product\/12133","targetHints":{"allow":["GET"]}}],"collection":[{"href":"https:\/\/paracherkaoui.ma\/index.php\/wp-json\/wp\/v2\/product"}],"about":[{"href":"https:\/\/paracherkaoui.ma\/index.php\/wp-json\/wp\/v2\/types\/product"}],"replies":[{"embeddable":true,"href":"https:\/\/paracherkaoui.ma\/index.php\/wp-json\/wp\/v2\/comments?post=12133"}],"version-history":[{"count":1,"href":"https:\/\/paracherkaoui.ma\/index.php\/wp-json\/wp\/v2\/product\/12133\/revisions"}],"predecessor-version":[{"id":12163,"href":"https:\/\/paracherkaoui.ma\/index.php\/wp-json\/wp\/v2\/product\/12133\/revisions\/12163"}],"wp:featuredmedia":[{"embeddable":true,"href":"https:\/\/paracherkaoui.ma\/index.php\/wp-json\/wp\/v2\/media\/11057"}],"wp:attachment":[{"href":"https:\/\/paracherkaoui.ma\/index.php\/wp-json\/wp\/v2\/media?parent=12133"}],"wp:term":[{"taxonomy":"product_brand","embeddable":true,"href":"https:\/\/paracherkaoui.ma\/index.php\/wp-json\/wp\/v2\/product_brand?post=12133"},{"taxonomy":"product_cat","embeddable":true,"href":"https:\/\/paracherkaoui.ma\/index.php\/wp-json\/wp\/v2\/product_cat?post=12133"},{"taxonomy":"product_tag","embeddable":true,"href":"https:\/\/paracherkaoui.ma\/index.php\/wp-json\/wp\/v2\/product_tag?post=12133"}],"curies":[{"name":"wp","href":"https:\/\/api.w.org\/{rel}","templated":true}]}}