{"id":12126,"date":"2025-12-12T17:45:41","date_gmt":"2025-12-12T16:45:41","guid":{"rendered":"https:\/\/test.ecbeaute.com\/?post_type=product&#038;p=12126"},"modified":"2025-12-12T17:45:43","modified_gmt":"2025-12-12T16:45:43","slug":"vichy-dercos-densi-solutions-concentre-createur-de-masse-capillaire-100-ml","status":"publish","type":"product","link":"https:\/\/paracherkaoui.ma\/index.php\/produit\/vichy-dercos-densi-solutions-concentre-createur-de-masse-capillaire-100-ml\/","title":{"rendered":"VICHY DERCOS DENSI SOLUTIONS CONCENTRE CREATEUR DE MASSE CAPILLAIRE 100 ML"},"content":{"rendered":"<p>Sa formule haute performance s\u2019appuie sur trois actifs puissants :<br \/>\nLa Stemoxydine pour stimuler l\u2019environnement du bulbe capillaire et favoriser une repousse plus dense,<br \/>\nLe Filloxane, une mol\u00e9cule densifiante qui p\u00e9n\u00e8tre la fibre capillaire et augmente instantan\u00e9ment le diam\u00e8tre du cheveu,<br \/>\nLe Resv\u00e9ratrol, un antioxydant puissant qui prot\u00e8ge le cuir chevelu du stress oxydatif et ralentit le vieillissement cellulaire.<br \/>\nD\u00e8s 2 semaines, 80 % des utilisatrices constatent une chevelure plus dense, et 91 % des cheveux plus forts*. Apr\u00e8s 6 semaines, les cheveux apparaissent visiblement plus \u00e9pais et volumineux**.<br \/>\nSa texture fluide, non grasse et non collante, assure une application cibl\u00e9e sur les racines sans alourdir la fibre. Une sensation de fra\u00eecheur \u00e9nergisante accompagne chaque application, laissant le cuir chevelu vivifi\u00e9.<br \/>\nCe concentr\u00e9 sans silicone, sans parab\u00e8ne, sans colorant, et test\u00e9 sous contr\u00f4le dermatologique est parfaitement adapt\u00e9 aux cuirs chevelus sensibles.<br \/>\nConseils d&rsquo;utilisation<br \/>\nDivisez vos cheveux en 4 sections.<br \/>\nAppliquez 5 pressions raie par raie dans chaque section pour couvrir l\u2019ensemble du cuir chevelu.<br \/>\nMassez d\u00e9licatement pour faire p\u00e9n\u00e9trer et activer la microcirculation.<br \/>\nNe pas rincer.<br \/>\n\u00c0 utiliser une fois par jour, sur cheveux secs ou essor\u00e9s, pendant 6 semaines.<br \/>\nComposition<br \/>\nALCOHOL DENAT., AQUA \/ WATER, DIETHYLLUTIDINATE, CITRAL, ETHYL ESTER OF PVM\/MA COPOLYMER, GERANIOL, HEXYL CINNAMAL, ISOEUGENOL, LIMONENE, LINALOOL, MENTHA PIPERITA OIL \/ PEPPERMINT OIL, MENTHOL, RESVERATROL, RHAMNOSE, TOCOPHERYL ACETATE, PARFUM \/ FRAGRANCE<\/p>\n","protected":false},"excerpt":{"rendered":"<p>Sa formule haute performance s\u2019appuie sur trois actifs puissants : La Stemoxydine pour stimuler l\u2019environnement du bulbe capillaire et favoriser<\/p>\n","protected":false},"featured_media":10943,"comment_status":"open","ping_status":"closed","template":"","meta":[],"product_brand":[144],"product_cat":[158],"product_tag":[],"class_list":{"0":"post-12126","1":"product","2":"type-product","3":"status-publish","4":"has-post-thumbnail","6":"product_brand-dercos","7":"product_cat-masques-et-soins","9":"first","10":"instock","11":"sale","12":"shipping-taxable","13":"purchasable","14":"product-type-simple"},"yoast_head":"<!-- This site is optimized with the Yoast SEO plugin v26.6 - https:\/\/yoast.com\/wordpress\/plugins\/seo\/ -->\r\n<title>VICHY DERCOS DENSI SOLUTIONS CONCENTRE CREATEUR DE MASSE CAPILLAIRE 100 ML - Paracherkaoui.ma<\/title>\r\n<meta name=\"robots\" content=\"index, follow, max-snippet:-1, max-image-preview:large, max-video-preview:-1\" \/>\r\n<link rel=\"canonical\" href=\"https:\/\/paracherkaoui.ma\/index.php\/produit\/vichy-dercos-densi-solutions-concentre-createur-de-masse-capillaire-100-ml\/\" \/>\r\n<meta property=\"og:locale\" content=\"fr_FR\" \/>\r\n<meta property=\"og:type\" content=\"article\" \/>\r\n<meta property=\"og:title\" content=\"VICHY DERCOS DENSI SOLUTIONS CONCENTRE CREATEUR DE MASSE CAPILLAIRE 100 ML - Paracherkaoui.ma\" \/>\r\n<meta property=\"og:description\" content=\"Sa formule haute performance s\u2019appuie sur trois actifs puissants : La Stemoxydine pour stimuler l\u2019environnement du bulbe capillaire et favoriser\" \/>\r\n<meta property=\"og:url\" content=\"https:\/\/paracherkaoui.ma\/index.php\/produit\/vichy-dercos-densi-solutions-concentre-createur-de-masse-capillaire-100-ml\/\" \/>\r\n<meta property=\"og:site_name\" content=\"Paracherkaoui.ma\" \/>\r\n<meta property=\"article:modified_time\" content=\"2025-12-12T16:45:43+00:00\" \/>\r\n<meta property=\"og:image\" content=\"https:\/\/paracherkaoui.ma\/wp-content\/uploads\/2025\/12\/dercos-vichy-dercos-densi-solutions-concentre-createur-de-masse-capillaire-100-ml-serums-et-huiles.jpg\" \/>\r\n\t<meta property=\"og:image:width\" content=\"700\" \/>\r\n\t<meta property=\"og:image:height\" content=\"700\" \/>\r\n\t<meta property=\"og:image:type\" content=\"image\/jpeg\" \/>\r\n<meta name=\"twitter:card\" content=\"summary_large_image\" \/>\r\n<meta name=\"twitter:label1\" content=\"Dur\u00e9e de lecture estim\u00e9e\" \/>\n\t<meta name=\"twitter:data1\" content=\"1 minute\" \/>\r\n<script type=\"application\/ld+json\" class=\"yoast-schema-graph\">{\"@context\":\"https:\/\/schema.org\",\"@graph\":[{\"@type\":\"WebPage\",\"@id\":\"https:\/\/paracherkaoui.ma\/index.php\/produit\/vichy-dercos-densi-solutions-concentre-createur-de-masse-capillaire-100-ml\/\",\"url\":\"https:\/\/paracherkaoui.ma\/index.php\/produit\/vichy-dercos-densi-solutions-concentre-createur-de-masse-capillaire-100-ml\/\",\"name\":\"VICHY DERCOS DENSI SOLUTIONS CONCENTRE CREATEUR DE MASSE CAPILLAIRE 100 ML - Paracherkaoui.ma\",\"isPartOf\":{\"@id\":\"https:\/\/paracherkaoui.ma\/#website\"},\"primaryImageOfPage\":{\"@id\":\"https:\/\/paracherkaoui.ma\/index.php\/produit\/vichy-dercos-densi-solutions-concentre-createur-de-masse-capillaire-100-ml\/#primaryimage\"},\"image\":{\"@id\":\"https:\/\/paracherkaoui.ma\/index.php\/produit\/vichy-dercos-densi-solutions-concentre-createur-de-masse-capillaire-100-ml\/#primaryimage\"},\"thumbnailUrl\":\"https:\/\/paracherkaoui.ma\/wp-content\/uploads\/2025\/12\/dercos-vichy-dercos-densi-solutions-concentre-createur-de-masse-capillaire-100-ml-serums-et-huiles.jpg\",\"datePublished\":\"2025-12-12T16:45:41+00:00\",\"dateModified\":\"2025-12-12T16:45:43+00:00\",\"breadcrumb\":{\"@id\":\"https:\/\/paracherkaoui.ma\/index.php\/produit\/vichy-dercos-densi-solutions-concentre-createur-de-masse-capillaire-100-ml\/#breadcrumb\"},\"inLanguage\":\"fr-FR\",\"potentialAction\":[{\"@type\":\"ReadAction\",\"target\":[\"https:\/\/paracherkaoui.ma\/index.php\/produit\/vichy-dercos-densi-solutions-concentre-createur-de-masse-capillaire-100-ml\/\"]}]},{\"@type\":\"ImageObject\",\"inLanguage\":\"fr-FR\",\"@id\":\"https:\/\/paracherkaoui.ma\/index.php\/produit\/vichy-dercos-densi-solutions-concentre-createur-de-masse-capillaire-100-ml\/#primaryimage\",\"url\":\"https:\/\/paracherkaoui.ma\/wp-content\/uploads\/2025\/12\/dercos-vichy-dercos-densi-solutions-concentre-createur-de-masse-capillaire-100-ml-serums-et-huiles.jpg\",\"contentUrl\":\"https:\/\/paracherkaoui.ma\/wp-content\/uploads\/2025\/12\/dercos-vichy-dercos-densi-solutions-concentre-createur-de-masse-capillaire-100-ml-serums-et-huiles.jpg\",\"width\":700,\"height\":700},{\"@type\":\"BreadcrumbList\",\"@id\":\"https:\/\/paracherkaoui.ma\/index.php\/produit\/vichy-dercos-densi-solutions-concentre-createur-de-masse-capillaire-100-ml\/#breadcrumb\",\"itemListElement\":[{\"@type\":\"ListItem\",\"position\":1,\"name\":\"Accueil\",\"item\":\"https:\/\/paracherkaoui.ma\/\"},{\"@type\":\"ListItem\",\"position\":2,\"name\":\"Boutique\",\"item\":\"https:\/\/paracherkaoui.ma\/index.php\/boutique\/\"},{\"@type\":\"ListItem\",\"position\":3,\"name\":\"VICHY DERCOS DENSI SOLUTIONS CONCENTRE CREATEUR DE MASSE CAPILLAIRE 100 ML\"}]},{\"@type\":\"WebSite\",\"@id\":\"https:\/\/paracherkaoui.ma\/#website\",\"url\":\"https:\/\/paracherkaoui.ma\/\",\"name\":\"Paracherkaoui.ma\",\"description\":\"Achetez en ligne sur Paracherkaoui.ma\",\"potentialAction\":[{\"@type\":\"SearchAction\",\"target\":{\"@type\":\"EntryPoint\",\"urlTemplate\":\"https:\/\/paracherkaoui.ma\/?s={search_term_string}\"},\"query-input\":{\"@type\":\"PropertyValueSpecification\",\"valueRequired\":true,\"valueName\":\"search_term_string\"}}],\"inLanguage\":\"fr-FR\"}]}<\/script>\r\n<!-- \/ Yoast SEO plugin. -->","yoast_head_json":{"title":"VICHY DERCOS DENSI SOLUTIONS CONCENTRE CREATEUR DE MASSE CAPILLAIRE 100 ML - Paracherkaoui.ma","robots":{"index":"index","follow":"follow","max-snippet":"max-snippet:-1","max-image-preview":"max-image-preview:large","max-video-preview":"max-video-preview:-1"},"canonical":"https:\/\/paracherkaoui.ma\/index.php\/produit\/vichy-dercos-densi-solutions-concentre-createur-de-masse-capillaire-100-ml\/","og_locale":"fr_FR","og_type":"article","og_title":"VICHY DERCOS DENSI SOLUTIONS CONCENTRE CREATEUR DE MASSE CAPILLAIRE 100 ML - Paracherkaoui.ma","og_description":"Sa formule haute performance s\u2019appuie sur trois actifs puissants : La Stemoxydine pour stimuler l\u2019environnement du bulbe capillaire et favoriser","og_url":"https:\/\/paracherkaoui.ma\/index.php\/produit\/vichy-dercos-densi-solutions-concentre-createur-de-masse-capillaire-100-ml\/","og_site_name":"Paracherkaoui.ma","article_modified_time":"2025-12-12T16:45:43+00:00","og_image":[{"width":700,"height":700,"url":"https:\/\/paracherkaoui.ma\/wp-content\/uploads\/2025\/12\/dercos-vichy-dercos-densi-solutions-concentre-createur-de-masse-capillaire-100-ml-serums-et-huiles.jpg","type":"image\/jpeg"}],"twitter_card":"summary_large_image","twitter_misc":{"Dur\u00e9e de lecture estim\u00e9e":"1 minute"},"schema":{"@context":"https:\/\/schema.org","@graph":[{"@type":"WebPage","@id":"https:\/\/paracherkaoui.ma\/index.php\/produit\/vichy-dercos-densi-solutions-concentre-createur-de-masse-capillaire-100-ml\/","url":"https:\/\/paracherkaoui.ma\/index.php\/produit\/vichy-dercos-densi-solutions-concentre-createur-de-masse-capillaire-100-ml\/","name":"VICHY DERCOS DENSI SOLUTIONS CONCENTRE CREATEUR DE MASSE CAPILLAIRE 100 ML - Paracherkaoui.ma","isPartOf":{"@id":"https:\/\/paracherkaoui.ma\/#website"},"primaryImageOfPage":{"@id":"https:\/\/paracherkaoui.ma\/index.php\/produit\/vichy-dercos-densi-solutions-concentre-createur-de-masse-capillaire-100-ml\/#primaryimage"},"image":{"@id":"https:\/\/paracherkaoui.ma\/index.php\/produit\/vichy-dercos-densi-solutions-concentre-createur-de-masse-capillaire-100-ml\/#primaryimage"},"thumbnailUrl":"https:\/\/paracherkaoui.ma\/wp-content\/uploads\/2025\/12\/dercos-vichy-dercos-densi-solutions-concentre-createur-de-masse-capillaire-100-ml-serums-et-huiles.jpg","datePublished":"2025-12-12T16:45:41+00:00","dateModified":"2025-12-12T16:45:43+00:00","breadcrumb":{"@id":"https:\/\/paracherkaoui.ma\/index.php\/produit\/vichy-dercos-densi-solutions-concentre-createur-de-masse-capillaire-100-ml\/#breadcrumb"},"inLanguage":"fr-FR","potentialAction":[{"@type":"ReadAction","target":["https:\/\/paracherkaoui.ma\/index.php\/produit\/vichy-dercos-densi-solutions-concentre-createur-de-masse-capillaire-100-ml\/"]}]},{"@type":"ImageObject","inLanguage":"fr-FR","@id":"https:\/\/paracherkaoui.ma\/index.php\/produit\/vichy-dercos-densi-solutions-concentre-createur-de-masse-capillaire-100-ml\/#primaryimage","url":"https:\/\/paracherkaoui.ma\/wp-content\/uploads\/2025\/12\/dercos-vichy-dercos-densi-solutions-concentre-createur-de-masse-capillaire-100-ml-serums-et-huiles.jpg","contentUrl":"https:\/\/paracherkaoui.ma\/wp-content\/uploads\/2025\/12\/dercos-vichy-dercos-densi-solutions-concentre-createur-de-masse-capillaire-100-ml-serums-et-huiles.jpg","width":700,"height":700},{"@type":"BreadcrumbList","@id":"https:\/\/paracherkaoui.ma\/index.php\/produit\/vichy-dercos-densi-solutions-concentre-createur-de-masse-capillaire-100-ml\/#breadcrumb","itemListElement":[{"@type":"ListItem","position":1,"name":"Accueil","item":"https:\/\/paracherkaoui.ma\/"},{"@type":"ListItem","position":2,"name":"Boutique","item":"https:\/\/paracherkaoui.ma\/index.php\/boutique\/"},{"@type":"ListItem","position":3,"name":"VICHY DERCOS DENSI SOLUTIONS CONCENTRE CREATEUR DE MASSE CAPILLAIRE 100 ML"}]},{"@type":"WebSite","@id":"https:\/\/paracherkaoui.ma\/#website","url":"https:\/\/paracherkaoui.ma\/","name":"Paracherkaoui.ma","description":"Achetez en ligne sur Paracherkaoui.ma","potentialAction":[{"@type":"SearchAction","target":{"@type":"EntryPoint","urlTemplate":"https:\/\/paracherkaoui.ma\/?s={search_term_string}"},"query-input":{"@type":"PropertyValueSpecification","valueRequired":true,"valueName":"search_term_string"}}],"inLanguage":"fr-FR"}]}},"_links":{"self":[{"href":"https:\/\/paracherkaoui.ma\/index.php\/wp-json\/wp\/v2\/product\/12126","targetHints":{"allow":["GET"]}}],"collection":[{"href":"https:\/\/paracherkaoui.ma\/index.php\/wp-json\/wp\/v2\/product"}],"about":[{"href":"https:\/\/paracherkaoui.ma\/index.php\/wp-json\/wp\/v2\/types\/product"}],"replies":[{"embeddable":true,"href":"https:\/\/paracherkaoui.ma\/index.php\/wp-json\/wp\/v2\/comments?post=12126"}],"version-history":[{"count":1,"href":"https:\/\/paracherkaoui.ma\/index.php\/wp-json\/wp\/v2\/product\/12126\/revisions"}],"predecessor-version":[{"id":12156,"href":"https:\/\/paracherkaoui.ma\/index.php\/wp-json\/wp\/v2\/product\/12126\/revisions\/12156"}],"wp:featuredmedia":[{"embeddable":true,"href":"https:\/\/paracherkaoui.ma\/index.php\/wp-json\/wp\/v2\/media\/10943"}],"wp:attachment":[{"href":"https:\/\/paracherkaoui.ma\/index.php\/wp-json\/wp\/v2\/media?parent=12126"}],"wp:term":[{"taxonomy":"product_brand","embeddable":true,"href":"https:\/\/paracherkaoui.ma\/index.php\/wp-json\/wp\/v2\/product_brand?post=12126"},{"taxonomy":"product_cat","embeddable":true,"href":"https:\/\/paracherkaoui.ma\/index.php\/wp-json\/wp\/v2\/product_cat?post=12126"},{"taxonomy":"product_tag","embeddable":true,"href":"https:\/\/paracherkaoui.ma\/index.php\/wp-json\/wp\/v2\/product_tag?post=12126"}],"curies":[{"name":"wp","href":"https:\/\/api.w.org\/{rel}","templated":true}]}}