{"id":12087,"date":"2025-12-12T17:45:38","date_gmt":"2025-12-12T16:45:38","guid":{"rendered":"https:\/\/test.ecbeaute.com\/?post_type=product&#038;p=12087"},"modified":"2025-12-12T17:45:40","modified_gmt":"2025-12-12T16:45:40","slug":"ducray-neoptide-expert-serum-antichute-et-croissance-250-ml","status":"publish","type":"product","link":"https:\/\/paracherkaoui.ma\/index.php\/produit\/ducray-neoptide-expert-serum-antichute-et-croissance-250-ml\/","title":{"rendered":"DUCRAY NEOPTIDE EXPERT SERUM ANTICHUTE ET CROISSANCE 2*50 ML"},"content":{"rendered":"<p>Le S\u00e9rum NEOPTIDE EXPERT agit sur la chute chronique de l&rsquo;homme et de la femme, gr\u00e2ce \u00e0 ses actifs brevet\u00e9s exclusifs.<br \/>\nDouble action : antichute et croissance. Il densifie la chevelure, augmente le volume et renforce la fibre capillaire.<br \/>\nM\u00e9canismes d&rsquo;action in\u00e9dits : augmentation de l&rsquo;ancrage des cheveux et r\u00e9gulation du cycle pilaire<br \/>\nDans sa formule: de l&rsquo;ANCHORANE pour l&rsquo;ancrage, du LESPEDEZA pour la r\u00e9gulation du cycle pilaire, de la MANGALIDONE pour la microcirculation et des agents hydratants pour le confort d&rsquo;utilisation.<br \/>\nSon efficacit\u00e9 antichute est prouv\u00e9e cliniquement d\u00e8s 2 mois.<br \/>\nIl peut \u00eatre employ\u00e9 seul, en compl\u00e9ment de traitements m\u00e9dicamenteux de r\u00e9f\u00e9rence, ou en accompagnement des greffes capillaires.<br \/>\nCONSEILS D&rsquo;UTILISATION :<br \/>\nIl s&rsquo;applique 1 fois par jour en 8 pulv\u00e9risations sur le cuir chevelu sec ou humide et s&rsquo;accompagne d&rsquo;un l\u00e9ger massage.<\/p>\n","protected":false},"excerpt":{"rendered":"<p>Le S\u00e9rum NEOPTIDE EXPERT agit sur la chute chronique de l&rsquo;homme et de la femme, gr\u00e2ce \u00e0 ses actifs brevet\u00e9s<\/p>\n","protected":false},"featured_media":10877,"comment_status":"open","ping_status":"closed","template":"","meta":[],"product_brand":[138],"product_cat":[158],"product_tag":[],"class_list":{"0":"post-12087","1":"product","2":"type-product","3":"status-publish","4":"has-post-thumbnail","6":"product_brand-ducray","7":"product_cat-masques-et-soins","9":"first","10":"instock","11":"sale","12":"shipping-taxable","13":"purchasable","14":"product-type-simple"},"yoast_head":"<!-- This site is optimized with the Yoast SEO plugin v26.6 - https:\/\/yoast.com\/wordpress\/plugins\/seo\/ -->\r\n<title>DUCRAY NEOPTIDE EXPERT SERUM ANTICHUTE ET CROISSANCE 2*50 ML - Paracherkaoui.ma<\/title>\r\n<meta name=\"robots\" content=\"index, follow, max-snippet:-1, max-image-preview:large, max-video-preview:-1\" \/>\r\n<link rel=\"canonical\" href=\"https:\/\/paracherkaoui.ma\/index.php\/produit\/ducray-neoptide-expert-serum-antichute-et-croissance-250-ml\/\" \/>\r\n<meta property=\"og:locale\" content=\"fr_FR\" \/>\r\n<meta property=\"og:type\" content=\"article\" \/>\r\n<meta property=\"og:title\" content=\"DUCRAY NEOPTIDE EXPERT SERUM ANTICHUTE ET CROISSANCE 2*50 ML - Paracherkaoui.ma\" \/>\r\n<meta property=\"og:description\" content=\"Le S\u00e9rum NEOPTIDE EXPERT agit sur la chute chronique de l&rsquo;homme et de la femme, gr\u00e2ce \u00e0 ses actifs brevet\u00e9s\" \/>\r\n<meta property=\"og:url\" content=\"https:\/\/paracherkaoui.ma\/index.php\/produit\/ducray-neoptide-expert-serum-antichute-et-croissance-250-ml\/\" \/>\r\n<meta property=\"og:site_name\" content=\"Paracherkaoui.ma\" \/>\r\n<meta property=\"article:modified_time\" content=\"2025-12-12T16:45:40+00:00\" \/>\r\n<meta property=\"og:image\" content=\"https:\/\/paracherkaoui.ma\/wp-content\/uploads\/2025\/12\/ducray-ducray-neoptide-expert-serum-antichute-et-croissance-250-ml-serums-et-huiles.jpg\" \/>\r\n\t<meta property=\"og:image:width\" content=\"700\" \/>\r\n\t<meta property=\"og:image:height\" content=\"700\" \/>\r\n\t<meta property=\"og:image:type\" content=\"image\/jpeg\" \/>\r\n<meta name=\"twitter:card\" content=\"summary_large_image\" \/>\r\n<meta name=\"twitter:label1\" content=\"Dur\u00e9e de lecture estim\u00e9e\" \/>\n\t<meta name=\"twitter:data1\" content=\"1 minute\" \/>\r\n<script type=\"application\/ld+json\" class=\"yoast-schema-graph\">{\"@context\":\"https:\/\/schema.org\",\"@graph\":[{\"@type\":\"WebPage\",\"@id\":\"https:\/\/paracherkaoui.ma\/index.php\/produit\/ducray-neoptide-expert-serum-antichute-et-croissance-250-ml\/\",\"url\":\"https:\/\/paracherkaoui.ma\/index.php\/produit\/ducray-neoptide-expert-serum-antichute-et-croissance-250-ml\/\",\"name\":\"DUCRAY NEOPTIDE EXPERT SERUM ANTICHUTE ET CROISSANCE 2*50 ML - Paracherkaoui.ma\",\"isPartOf\":{\"@id\":\"https:\/\/paracherkaoui.ma\/#website\"},\"primaryImageOfPage\":{\"@id\":\"https:\/\/paracherkaoui.ma\/index.php\/produit\/ducray-neoptide-expert-serum-antichute-et-croissance-250-ml\/#primaryimage\"},\"image\":{\"@id\":\"https:\/\/paracherkaoui.ma\/index.php\/produit\/ducray-neoptide-expert-serum-antichute-et-croissance-250-ml\/#primaryimage\"},\"thumbnailUrl\":\"https:\/\/paracherkaoui.ma\/wp-content\/uploads\/2025\/12\/ducray-ducray-neoptide-expert-serum-antichute-et-croissance-250-ml-serums-et-huiles.jpg\",\"datePublished\":\"2025-12-12T16:45:38+00:00\",\"dateModified\":\"2025-12-12T16:45:40+00:00\",\"breadcrumb\":{\"@id\":\"https:\/\/paracherkaoui.ma\/index.php\/produit\/ducray-neoptide-expert-serum-antichute-et-croissance-250-ml\/#breadcrumb\"},\"inLanguage\":\"fr-FR\",\"potentialAction\":[{\"@type\":\"ReadAction\",\"target\":[\"https:\/\/paracherkaoui.ma\/index.php\/produit\/ducray-neoptide-expert-serum-antichute-et-croissance-250-ml\/\"]}]},{\"@type\":\"ImageObject\",\"inLanguage\":\"fr-FR\",\"@id\":\"https:\/\/paracherkaoui.ma\/index.php\/produit\/ducray-neoptide-expert-serum-antichute-et-croissance-250-ml\/#primaryimage\",\"url\":\"https:\/\/paracherkaoui.ma\/wp-content\/uploads\/2025\/12\/ducray-ducray-neoptide-expert-serum-antichute-et-croissance-250-ml-serums-et-huiles.jpg\",\"contentUrl\":\"https:\/\/paracherkaoui.ma\/wp-content\/uploads\/2025\/12\/ducray-ducray-neoptide-expert-serum-antichute-et-croissance-250-ml-serums-et-huiles.jpg\",\"width\":700,\"height\":700},{\"@type\":\"BreadcrumbList\",\"@id\":\"https:\/\/paracherkaoui.ma\/index.php\/produit\/ducray-neoptide-expert-serum-antichute-et-croissance-250-ml\/#breadcrumb\",\"itemListElement\":[{\"@type\":\"ListItem\",\"position\":1,\"name\":\"Accueil\",\"item\":\"https:\/\/paracherkaoui.ma\/\"},{\"@type\":\"ListItem\",\"position\":2,\"name\":\"Boutique\",\"item\":\"https:\/\/paracherkaoui.ma\/index.php\/boutique\/\"},{\"@type\":\"ListItem\",\"position\":3,\"name\":\"DUCRAY NEOPTIDE EXPERT SERUM ANTICHUTE ET CROISSANCE 2*50 ML\"}]},{\"@type\":\"WebSite\",\"@id\":\"https:\/\/paracherkaoui.ma\/#website\",\"url\":\"https:\/\/paracherkaoui.ma\/\",\"name\":\"Paracherkaoui.ma\",\"description\":\"Achetez en ligne sur Paracherkaoui.ma\",\"potentialAction\":[{\"@type\":\"SearchAction\",\"target\":{\"@type\":\"EntryPoint\",\"urlTemplate\":\"https:\/\/paracherkaoui.ma\/?s={search_term_string}\"},\"query-input\":{\"@type\":\"PropertyValueSpecification\",\"valueRequired\":true,\"valueName\":\"search_term_string\"}}],\"inLanguage\":\"fr-FR\"}]}<\/script>\r\n<!-- \/ Yoast SEO plugin. -->","yoast_head_json":{"title":"DUCRAY NEOPTIDE EXPERT SERUM ANTICHUTE ET CROISSANCE 2*50 ML - Paracherkaoui.ma","robots":{"index":"index","follow":"follow","max-snippet":"max-snippet:-1","max-image-preview":"max-image-preview:large","max-video-preview":"max-video-preview:-1"},"canonical":"https:\/\/paracherkaoui.ma\/index.php\/produit\/ducray-neoptide-expert-serum-antichute-et-croissance-250-ml\/","og_locale":"fr_FR","og_type":"article","og_title":"DUCRAY NEOPTIDE EXPERT SERUM ANTICHUTE ET CROISSANCE 2*50 ML - Paracherkaoui.ma","og_description":"Le S\u00e9rum NEOPTIDE EXPERT agit sur la chute chronique de l&rsquo;homme et de la femme, gr\u00e2ce \u00e0 ses actifs brevet\u00e9s","og_url":"https:\/\/paracherkaoui.ma\/index.php\/produit\/ducray-neoptide-expert-serum-antichute-et-croissance-250-ml\/","og_site_name":"Paracherkaoui.ma","article_modified_time":"2025-12-12T16:45:40+00:00","og_image":[{"width":700,"height":700,"url":"https:\/\/paracherkaoui.ma\/wp-content\/uploads\/2025\/12\/ducray-ducray-neoptide-expert-serum-antichute-et-croissance-250-ml-serums-et-huiles.jpg","type":"image\/jpeg"}],"twitter_card":"summary_large_image","twitter_misc":{"Dur\u00e9e de lecture estim\u00e9e":"1 minute"},"schema":{"@context":"https:\/\/schema.org","@graph":[{"@type":"WebPage","@id":"https:\/\/paracherkaoui.ma\/index.php\/produit\/ducray-neoptide-expert-serum-antichute-et-croissance-250-ml\/","url":"https:\/\/paracherkaoui.ma\/index.php\/produit\/ducray-neoptide-expert-serum-antichute-et-croissance-250-ml\/","name":"DUCRAY NEOPTIDE EXPERT SERUM ANTICHUTE ET CROISSANCE 2*50 ML - Paracherkaoui.ma","isPartOf":{"@id":"https:\/\/paracherkaoui.ma\/#website"},"primaryImageOfPage":{"@id":"https:\/\/paracherkaoui.ma\/index.php\/produit\/ducray-neoptide-expert-serum-antichute-et-croissance-250-ml\/#primaryimage"},"image":{"@id":"https:\/\/paracherkaoui.ma\/index.php\/produit\/ducray-neoptide-expert-serum-antichute-et-croissance-250-ml\/#primaryimage"},"thumbnailUrl":"https:\/\/paracherkaoui.ma\/wp-content\/uploads\/2025\/12\/ducray-ducray-neoptide-expert-serum-antichute-et-croissance-250-ml-serums-et-huiles.jpg","datePublished":"2025-12-12T16:45:38+00:00","dateModified":"2025-12-12T16:45:40+00:00","breadcrumb":{"@id":"https:\/\/paracherkaoui.ma\/index.php\/produit\/ducray-neoptide-expert-serum-antichute-et-croissance-250-ml\/#breadcrumb"},"inLanguage":"fr-FR","potentialAction":[{"@type":"ReadAction","target":["https:\/\/paracherkaoui.ma\/index.php\/produit\/ducray-neoptide-expert-serum-antichute-et-croissance-250-ml\/"]}]},{"@type":"ImageObject","inLanguage":"fr-FR","@id":"https:\/\/paracherkaoui.ma\/index.php\/produit\/ducray-neoptide-expert-serum-antichute-et-croissance-250-ml\/#primaryimage","url":"https:\/\/paracherkaoui.ma\/wp-content\/uploads\/2025\/12\/ducray-ducray-neoptide-expert-serum-antichute-et-croissance-250-ml-serums-et-huiles.jpg","contentUrl":"https:\/\/paracherkaoui.ma\/wp-content\/uploads\/2025\/12\/ducray-ducray-neoptide-expert-serum-antichute-et-croissance-250-ml-serums-et-huiles.jpg","width":700,"height":700},{"@type":"BreadcrumbList","@id":"https:\/\/paracherkaoui.ma\/index.php\/produit\/ducray-neoptide-expert-serum-antichute-et-croissance-250-ml\/#breadcrumb","itemListElement":[{"@type":"ListItem","position":1,"name":"Accueil","item":"https:\/\/paracherkaoui.ma\/"},{"@type":"ListItem","position":2,"name":"Boutique","item":"https:\/\/paracherkaoui.ma\/index.php\/boutique\/"},{"@type":"ListItem","position":3,"name":"DUCRAY NEOPTIDE EXPERT SERUM ANTICHUTE ET CROISSANCE 2*50 ML"}]},{"@type":"WebSite","@id":"https:\/\/paracherkaoui.ma\/#website","url":"https:\/\/paracherkaoui.ma\/","name":"Paracherkaoui.ma","description":"Achetez en ligne sur Paracherkaoui.ma","potentialAction":[{"@type":"SearchAction","target":{"@type":"EntryPoint","urlTemplate":"https:\/\/paracherkaoui.ma\/?s={search_term_string}"},"query-input":{"@type":"PropertyValueSpecification","valueRequired":true,"valueName":"search_term_string"}}],"inLanguage":"fr-FR"}]}},"_links":{"self":[{"href":"https:\/\/paracherkaoui.ma\/index.php\/wp-json\/wp\/v2\/product\/12087","targetHints":{"allow":["GET"]}}],"collection":[{"href":"https:\/\/paracherkaoui.ma\/index.php\/wp-json\/wp\/v2\/product"}],"about":[{"href":"https:\/\/paracherkaoui.ma\/index.php\/wp-json\/wp\/v2\/types\/product"}],"replies":[{"embeddable":true,"href":"https:\/\/paracherkaoui.ma\/index.php\/wp-json\/wp\/v2\/comments?post=12087"}],"version-history":[{"count":1,"href":"https:\/\/paracherkaoui.ma\/index.php\/wp-json\/wp\/v2\/product\/12087\/revisions"}],"predecessor-version":[{"id":12117,"href":"https:\/\/paracherkaoui.ma\/index.php\/wp-json\/wp\/v2\/product\/12087\/revisions\/12117"}],"wp:featuredmedia":[{"embeddable":true,"href":"https:\/\/paracherkaoui.ma\/index.php\/wp-json\/wp\/v2\/media\/10877"}],"wp:attachment":[{"href":"https:\/\/paracherkaoui.ma\/index.php\/wp-json\/wp\/v2\/media?parent=12087"}],"wp:term":[{"taxonomy":"product_brand","embeddable":true,"href":"https:\/\/paracherkaoui.ma\/index.php\/wp-json\/wp\/v2\/product_brand?post=12087"},{"taxonomy":"product_cat","embeddable":true,"href":"https:\/\/paracherkaoui.ma\/index.php\/wp-json\/wp\/v2\/product_cat?post=12087"},{"taxonomy":"product_tag","embeddable":true,"href":"https:\/\/paracherkaoui.ma\/index.php\/wp-json\/wp\/v2\/product_tag?post=12087"}],"curies":[{"name":"wp","href":"https:\/\/api.w.org\/{rel}","templated":true}]}}