{"id":12067,"date":"2025-12-12T17:45:37","date_gmt":"2025-12-12T16:45:37","guid":{"rendered":"https:\/\/test.ecbeaute.com\/?post_type=product&#038;p=12067"},"modified":"2025-12-12T17:45:38","modified_gmt":"2025-12-12T16:45:38","slug":"acm-novophane-shampoing-sebo-regulateur-200-ml","status":"publish","type":"product","link":"https:\/\/paracherkaoui.ma\/index.php\/produit\/acm-novophane-shampoing-sebo-regulateur-200-ml\/","title":{"rendered":"ACM NOVOPHANE SHAMPOING SEBO REGULATEUR 200 ML"},"content":{"rendered":"<p>DESCRIPTION:<br \/>\nEnfin une solution douce et efficace qui permet aux personnes concern\u00e9es de retrouver une chevelure saine en r\u00e9duisant sans agression la production de s\u00e9bum. Il nettoie en douceur, redonnant volume souplesse et l\u00e9g\u00e8ret\u00e9 aux cheveux gras gr\u00e2ce \u00e0 un puissant complexe s\u00e9bo-r\u00e9gulateur.<br \/>\nContrairement \u00e0 d\u2019autres shampooings traitants pour cheveux gras, il peut s\u2019utiliser tous les jours sans risque pour le cuir chevelu.<br \/>\nConseils d&rsquo;utilisation:<\/p>\n<p>-Mouiller les cheveux.<br \/>\n-Faire mousser le shampooing par un l\u00e9ger massage.<br \/>\n-Rincer abondamment.<\/p>\n","protected":false},"excerpt":{"rendered":"<p>DESCRIPTION: Enfin une solution douce et efficace qui permet aux personnes concern\u00e9es de retrouver une chevelure saine en r\u00e9duisant sans<\/p>\n","protected":false},"featured_media":10903,"comment_status":"open","ping_status":"closed","template":"","meta":[],"product_brand":[142],"product_cat":[157],"product_tag":[],"class_list":{"0":"post-12067","1":"product","2":"type-product","3":"status-publish","4":"has-post-thumbnail","6":"product_brand-acm","7":"product_cat-shampoings","9":"first","10":"instock","11":"sale","12":"shipping-taxable","13":"purchasable","14":"product-type-simple"},"yoast_head":"<!-- This site is optimized with the Yoast SEO plugin v26.6 - https:\/\/yoast.com\/wordpress\/plugins\/seo\/ -->\r\n<title>ACM NOVOPHANE SHAMPOING SEBO REGULATEUR 200 ML - Paracherkaoui.ma<\/title>\r\n<meta name=\"robots\" content=\"index, follow, max-snippet:-1, max-image-preview:large, max-video-preview:-1\" \/>\r\n<link rel=\"canonical\" href=\"https:\/\/paracherkaoui.ma\/index.php\/produit\/acm-novophane-shampoing-sebo-regulateur-200-ml\/\" \/>\r\n<meta property=\"og:locale\" content=\"fr_FR\" \/>\r\n<meta property=\"og:type\" content=\"article\" \/>\r\n<meta property=\"og:title\" content=\"ACM NOVOPHANE SHAMPOING SEBO REGULATEUR 200 ML - Paracherkaoui.ma\" \/>\r\n<meta property=\"og:description\" content=\"DESCRIPTION: Enfin une solution douce et efficace qui permet aux personnes concern\u00e9es de retrouver une chevelure saine en r\u00e9duisant sans\" \/>\r\n<meta property=\"og:url\" content=\"https:\/\/paracherkaoui.ma\/index.php\/produit\/acm-novophane-shampoing-sebo-regulateur-200-ml\/\" \/>\r\n<meta property=\"og:site_name\" content=\"Paracherkaoui.ma\" \/>\r\n<meta property=\"article:modified_time\" content=\"2025-12-12T16:45:38+00:00\" \/>\r\n<meta property=\"og:image\" content=\"https:\/\/paracherkaoui.ma\/wp-content\/uploads\/2025\/12\/acm-acm-novophane-shampoing-sebo-regulateur-200-ml-shampoing-cheveux-gras.jpg\" \/>\r\n\t<meta property=\"og:image:width\" content=\"700\" \/>\r\n\t<meta property=\"og:image:height\" content=\"700\" \/>\r\n\t<meta property=\"og:image:type\" content=\"image\/jpeg\" \/>\r\n<meta name=\"twitter:card\" content=\"summary_large_image\" \/>\r\n<script type=\"application\/ld+json\" class=\"yoast-schema-graph\">{\"@context\":\"https:\/\/schema.org\",\"@graph\":[{\"@type\":\"WebPage\",\"@id\":\"https:\/\/paracherkaoui.ma\/index.php\/produit\/acm-novophane-shampoing-sebo-regulateur-200-ml\/\",\"url\":\"https:\/\/paracherkaoui.ma\/index.php\/produit\/acm-novophane-shampoing-sebo-regulateur-200-ml\/\",\"name\":\"ACM NOVOPHANE SHAMPOING SEBO REGULATEUR 200 ML - Paracherkaoui.ma\",\"isPartOf\":{\"@id\":\"https:\/\/paracherkaoui.ma\/#website\"},\"primaryImageOfPage\":{\"@id\":\"https:\/\/paracherkaoui.ma\/index.php\/produit\/acm-novophane-shampoing-sebo-regulateur-200-ml\/#primaryimage\"},\"image\":{\"@id\":\"https:\/\/paracherkaoui.ma\/index.php\/produit\/acm-novophane-shampoing-sebo-regulateur-200-ml\/#primaryimage\"},\"thumbnailUrl\":\"https:\/\/paracherkaoui.ma\/wp-content\/uploads\/2025\/12\/acm-acm-novophane-shampoing-sebo-regulateur-200-ml-shampoing-cheveux-gras.jpg\",\"datePublished\":\"2025-12-12T16:45:37+00:00\",\"dateModified\":\"2025-12-12T16:45:38+00:00\",\"breadcrumb\":{\"@id\":\"https:\/\/paracherkaoui.ma\/index.php\/produit\/acm-novophane-shampoing-sebo-regulateur-200-ml\/#breadcrumb\"},\"inLanguage\":\"fr-FR\",\"potentialAction\":[{\"@type\":\"ReadAction\",\"target\":[\"https:\/\/paracherkaoui.ma\/index.php\/produit\/acm-novophane-shampoing-sebo-regulateur-200-ml\/\"]}]},{\"@type\":\"ImageObject\",\"inLanguage\":\"fr-FR\",\"@id\":\"https:\/\/paracherkaoui.ma\/index.php\/produit\/acm-novophane-shampoing-sebo-regulateur-200-ml\/#primaryimage\",\"url\":\"https:\/\/paracherkaoui.ma\/wp-content\/uploads\/2025\/12\/acm-acm-novophane-shampoing-sebo-regulateur-200-ml-shampoing-cheveux-gras.jpg\",\"contentUrl\":\"https:\/\/paracherkaoui.ma\/wp-content\/uploads\/2025\/12\/acm-acm-novophane-shampoing-sebo-regulateur-200-ml-shampoing-cheveux-gras.jpg\",\"width\":700,\"height\":700},{\"@type\":\"BreadcrumbList\",\"@id\":\"https:\/\/paracherkaoui.ma\/index.php\/produit\/acm-novophane-shampoing-sebo-regulateur-200-ml\/#breadcrumb\",\"itemListElement\":[{\"@type\":\"ListItem\",\"position\":1,\"name\":\"Accueil\",\"item\":\"https:\/\/paracherkaoui.ma\/\"},{\"@type\":\"ListItem\",\"position\":2,\"name\":\"Boutique\",\"item\":\"https:\/\/paracherkaoui.ma\/index.php\/boutique\/\"},{\"@type\":\"ListItem\",\"position\":3,\"name\":\"ACM NOVOPHANE SHAMPOING SEBO REGULATEUR 200 ML\"}]},{\"@type\":\"WebSite\",\"@id\":\"https:\/\/paracherkaoui.ma\/#website\",\"url\":\"https:\/\/paracherkaoui.ma\/\",\"name\":\"Paracherkaoui.ma\",\"description\":\"Achetez en ligne sur Paracherkaoui.ma\",\"potentialAction\":[{\"@type\":\"SearchAction\",\"target\":{\"@type\":\"EntryPoint\",\"urlTemplate\":\"https:\/\/paracherkaoui.ma\/?s={search_term_string}\"},\"query-input\":{\"@type\":\"PropertyValueSpecification\",\"valueRequired\":true,\"valueName\":\"search_term_string\"}}],\"inLanguage\":\"fr-FR\"}]}<\/script>\r\n<!-- \/ Yoast SEO plugin. -->","yoast_head_json":{"title":"ACM NOVOPHANE SHAMPOING SEBO REGULATEUR 200 ML - Paracherkaoui.ma","robots":{"index":"index","follow":"follow","max-snippet":"max-snippet:-1","max-image-preview":"max-image-preview:large","max-video-preview":"max-video-preview:-1"},"canonical":"https:\/\/paracherkaoui.ma\/index.php\/produit\/acm-novophane-shampoing-sebo-regulateur-200-ml\/","og_locale":"fr_FR","og_type":"article","og_title":"ACM NOVOPHANE SHAMPOING SEBO REGULATEUR 200 ML - Paracherkaoui.ma","og_description":"DESCRIPTION: Enfin une solution douce et efficace qui permet aux personnes concern\u00e9es de retrouver une chevelure saine en r\u00e9duisant sans","og_url":"https:\/\/paracherkaoui.ma\/index.php\/produit\/acm-novophane-shampoing-sebo-regulateur-200-ml\/","og_site_name":"Paracherkaoui.ma","article_modified_time":"2025-12-12T16:45:38+00:00","og_image":[{"width":700,"height":700,"url":"https:\/\/paracherkaoui.ma\/wp-content\/uploads\/2025\/12\/acm-acm-novophane-shampoing-sebo-regulateur-200-ml-shampoing-cheveux-gras.jpg","type":"image\/jpeg"}],"twitter_card":"summary_large_image","schema":{"@context":"https:\/\/schema.org","@graph":[{"@type":"WebPage","@id":"https:\/\/paracherkaoui.ma\/index.php\/produit\/acm-novophane-shampoing-sebo-regulateur-200-ml\/","url":"https:\/\/paracherkaoui.ma\/index.php\/produit\/acm-novophane-shampoing-sebo-regulateur-200-ml\/","name":"ACM NOVOPHANE SHAMPOING SEBO REGULATEUR 200 ML - Paracherkaoui.ma","isPartOf":{"@id":"https:\/\/paracherkaoui.ma\/#website"},"primaryImageOfPage":{"@id":"https:\/\/paracherkaoui.ma\/index.php\/produit\/acm-novophane-shampoing-sebo-regulateur-200-ml\/#primaryimage"},"image":{"@id":"https:\/\/paracherkaoui.ma\/index.php\/produit\/acm-novophane-shampoing-sebo-regulateur-200-ml\/#primaryimage"},"thumbnailUrl":"https:\/\/paracherkaoui.ma\/wp-content\/uploads\/2025\/12\/acm-acm-novophane-shampoing-sebo-regulateur-200-ml-shampoing-cheveux-gras.jpg","datePublished":"2025-12-12T16:45:37+00:00","dateModified":"2025-12-12T16:45:38+00:00","breadcrumb":{"@id":"https:\/\/paracherkaoui.ma\/index.php\/produit\/acm-novophane-shampoing-sebo-regulateur-200-ml\/#breadcrumb"},"inLanguage":"fr-FR","potentialAction":[{"@type":"ReadAction","target":["https:\/\/paracherkaoui.ma\/index.php\/produit\/acm-novophane-shampoing-sebo-regulateur-200-ml\/"]}]},{"@type":"ImageObject","inLanguage":"fr-FR","@id":"https:\/\/paracherkaoui.ma\/index.php\/produit\/acm-novophane-shampoing-sebo-regulateur-200-ml\/#primaryimage","url":"https:\/\/paracherkaoui.ma\/wp-content\/uploads\/2025\/12\/acm-acm-novophane-shampoing-sebo-regulateur-200-ml-shampoing-cheveux-gras.jpg","contentUrl":"https:\/\/paracherkaoui.ma\/wp-content\/uploads\/2025\/12\/acm-acm-novophane-shampoing-sebo-regulateur-200-ml-shampoing-cheveux-gras.jpg","width":700,"height":700},{"@type":"BreadcrumbList","@id":"https:\/\/paracherkaoui.ma\/index.php\/produit\/acm-novophane-shampoing-sebo-regulateur-200-ml\/#breadcrumb","itemListElement":[{"@type":"ListItem","position":1,"name":"Accueil","item":"https:\/\/paracherkaoui.ma\/"},{"@type":"ListItem","position":2,"name":"Boutique","item":"https:\/\/paracherkaoui.ma\/index.php\/boutique\/"},{"@type":"ListItem","position":3,"name":"ACM NOVOPHANE SHAMPOING SEBO REGULATEUR 200 ML"}]},{"@type":"WebSite","@id":"https:\/\/paracherkaoui.ma\/#website","url":"https:\/\/paracherkaoui.ma\/","name":"Paracherkaoui.ma","description":"Achetez en ligne sur Paracherkaoui.ma","potentialAction":[{"@type":"SearchAction","target":{"@type":"EntryPoint","urlTemplate":"https:\/\/paracherkaoui.ma\/?s={search_term_string}"},"query-input":{"@type":"PropertyValueSpecification","valueRequired":true,"valueName":"search_term_string"}}],"inLanguage":"fr-FR"}]}},"_links":{"self":[{"href":"https:\/\/paracherkaoui.ma\/index.php\/wp-json\/wp\/v2\/product\/12067","targetHints":{"allow":["GET"]}}],"collection":[{"href":"https:\/\/paracherkaoui.ma\/index.php\/wp-json\/wp\/v2\/product"}],"about":[{"href":"https:\/\/paracherkaoui.ma\/index.php\/wp-json\/wp\/v2\/types\/product"}],"replies":[{"embeddable":true,"href":"https:\/\/paracherkaoui.ma\/index.php\/wp-json\/wp\/v2\/comments?post=12067"}],"version-history":[{"count":1,"href":"https:\/\/paracherkaoui.ma\/index.php\/wp-json\/wp\/v2\/product\/12067\/revisions"}],"predecessor-version":[{"id":12097,"href":"https:\/\/paracherkaoui.ma\/index.php\/wp-json\/wp\/v2\/product\/12067\/revisions\/12097"}],"wp:featuredmedia":[{"embeddable":true,"href":"https:\/\/paracherkaoui.ma\/index.php\/wp-json\/wp\/v2\/media\/10903"}],"wp:attachment":[{"href":"https:\/\/paracherkaoui.ma\/index.php\/wp-json\/wp\/v2\/media?parent=12067"}],"wp:term":[{"taxonomy":"product_brand","embeddable":true,"href":"https:\/\/paracherkaoui.ma\/index.php\/wp-json\/wp\/v2\/product_brand?post=12067"},{"taxonomy":"product_cat","embeddable":true,"href":"https:\/\/paracherkaoui.ma\/index.php\/wp-json\/wp\/v2\/product_cat?post=12067"},{"taxonomy":"product_tag","embeddable":true,"href":"https:\/\/paracherkaoui.ma\/index.php\/wp-json\/wp\/v2\/product_tag?post=12067"}],"curies":[{"name":"wp","href":"https:\/\/api.w.org\/{rel}","templated":true}]}}