{"id":12027,"date":"2025-12-12T17:45:34","date_gmt":"2025-12-12T16:45:34","guid":{"rendered":"https:\/\/test.ecbeaute.com\/?post_type=product&#038;p=12027"},"modified":"2025-12-12T17:45:36","modified_gmt":"2025-12-12T16:45:36","slug":"uriage-ds-hair-shampooing-doux-equilibrant-500-ml","status":"publish","type":"product","link":"https:\/\/paracherkaoui.ma\/index.php\/produit\/uriage-ds-hair-shampooing-doux-equilibrant-500-ml\/","title":{"rendered":"URIAGE DS HAIR SHAMPOOING DOUX EQUILIBRANT 500 ML"},"content":{"rendered":"<p>La dermite s\u00e9borrh\u00e9ique est une affection b\u00e9nigne et fr\u00e9quente des zones s\u00e9borrh\u00e9iques du cuir chevelu, du visage et du corps.<br \/>\nElle se manifeste par des irritations, des rougeurs, des squames, plus ou moins accompagn\u00e9es de d\u00e9mangeaisons, et r\u00e9v\u00e8le une sensibilit\u00e9 particuli\u00e8re \u00e0 des levures naturellement pr\u00e9sentes \u00e0 la surface de la peau : les Malassezias.<br \/>\nCette dermatose chronique \u00e9volue par pouss\u00e9es, parfois g\u00eanantes et inesth\u00e9tiques, et est d\u00e9clench\u00e9e ou aggrav\u00e9e par certains facteurs : stress, climat, etc.<br \/>\nPour retrouver une peau uniforme, un cuir chevelu sain et confortable, il est n\u00e9cessaire d&rsquo;utiliser r\u00e9guli\u00e8rement des soins adapt\u00e9s.<\/p>\n<p>Innovation DS HAIR : 1\u00e8re gamme de shampoings \u00e0 l&rsquo;Eau Thermale des Alpes Fran\u00e7aises. Ce shampoing purifiant et \u00e9quilibrant apaise le cuir chevelu et procure une sensation de confort et de fraicheur. Dot\u00e9 d&rsquo;un parfum frais et agr\u00e9able, d&rsquo;une mousse onctueuse et d&rsquo;une texture douce, il laisse les cheveux sains et soyeux.<\/p>\n<p>Action apaisante : la technologie brevet\u00e9e TLR2-Regul, combin\u00e9e \u00e0 l\u2019Eau Thermale d\u2019Uriage et \u00e0 l\u2019Edelweiss agissent sp\u00e9cifiquement pour apaiser et prot\u00e9ger le cuir chevelu.<br \/>\nAction purifiante : sa formule \u00e0 base de Piroctone Olamine purifie le cuir chevelu.<\/p>\n","protected":false},"excerpt":{"rendered":"<p>La dermite s\u00e9borrh\u00e9ique est une affection b\u00e9nigne et fr\u00e9quente des zones s\u00e9borrh\u00e9iques du cuir chevelu, du visage et du corps.<\/p>\n","protected":false},"featured_media":10889,"comment_status":"open","ping_status":"closed","template":"","meta":[],"product_brand":[130],"product_cat":[157],"product_tag":[],"class_list":{"0":"post-12027","1":"product","2":"type-product","3":"status-publish","4":"has-post-thumbnail","6":"product_brand-uriage","7":"product_cat-shampoings","9":"first","10":"instock","11":"sale","12":"shipping-taxable","13":"purchasable","14":"product-type-simple"},"yoast_head":"<!-- This site is optimized with the Yoast SEO plugin v26.6 - https:\/\/yoast.com\/wordpress\/plugins\/seo\/ -->\r\n<title>URIAGE DS HAIR SHAMPOOING DOUX EQUILIBRANT 500 ML - Paracherkaoui.ma<\/title>\r\n<meta name=\"robots\" content=\"index, follow, max-snippet:-1, max-image-preview:large, max-video-preview:-1\" \/>\r\n<link rel=\"canonical\" href=\"https:\/\/paracherkaoui.ma\/index.php\/produit\/uriage-ds-hair-shampooing-doux-equilibrant-500-ml\/\" \/>\r\n<meta property=\"og:locale\" content=\"fr_FR\" \/>\r\n<meta property=\"og:type\" content=\"article\" \/>\r\n<meta property=\"og:title\" content=\"URIAGE DS HAIR SHAMPOOING DOUX EQUILIBRANT 500 ML - Paracherkaoui.ma\" \/>\r\n<meta property=\"og:description\" content=\"La dermite s\u00e9borrh\u00e9ique est une affection b\u00e9nigne et fr\u00e9quente des zones s\u00e9borrh\u00e9iques du cuir chevelu, du visage et du corps.\" \/>\r\n<meta property=\"og:url\" content=\"https:\/\/paracherkaoui.ma\/index.php\/produit\/uriage-ds-hair-shampooing-doux-equilibrant-500-ml\/\" \/>\r\n<meta property=\"og:site_name\" content=\"Paracherkaoui.ma\" \/>\r\n<meta property=\"article:modified_time\" content=\"2025-12-12T16:45:36+00:00\" \/>\r\n<meta property=\"og:image\" content=\"https:\/\/paracherkaoui.ma\/wp-content\/uploads\/2025\/12\/uriage-uriage-ds-hair-shampooing-doux-equilibrant-500-ml-shampoings-usage-frequent.jpg\" \/>\r\n\t<meta property=\"og:image:width\" content=\"700\" \/>\r\n\t<meta property=\"og:image:height\" content=\"700\" \/>\r\n\t<meta property=\"og:image:type\" content=\"image\/jpeg\" \/>\r\n<meta name=\"twitter:card\" content=\"summary_large_image\" \/>\r\n<meta name=\"twitter:label1\" content=\"Dur\u00e9e de lecture estim\u00e9e\" \/>\n\t<meta name=\"twitter:data1\" content=\"1 minute\" \/>\r\n<script type=\"application\/ld+json\" class=\"yoast-schema-graph\">{\"@context\":\"https:\/\/schema.org\",\"@graph\":[{\"@type\":\"WebPage\",\"@id\":\"https:\/\/paracherkaoui.ma\/index.php\/produit\/uriage-ds-hair-shampooing-doux-equilibrant-500-ml\/\",\"url\":\"https:\/\/paracherkaoui.ma\/index.php\/produit\/uriage-ds-hair-shampooing-doux-equilibrant-500-ml\/\",\"name\":\"URIAGE DS HAIR SHAMPOOING DOUX EQUILIBRANT 500 ML - Paracherkaoui.ma\",\"isPartOf\":{\"@id\":\"https:\/\/paracherkaoui.ma\/#website\"},\"primaryImageOfPage\":{\"@id\":\"https:\/\/paracherkaoui.ma\/index.php\/produit\/uriage-ds-hair-shampooing-doux-equilibrant-500-ml\/#primaryimage\"},\"image\":{\"@id\":\"https:\/\/paracherkaoui.ma\/index.php\/produit\/uriage-ds-hair-shampooing-doux-equilibrant-500-ml\/#primaryimage\"},\"thumbnailUrl\":\"https:\/\/paracherkaoui.ma\/wp-content\/uploads\/2025\/12\/uriage-uriage-ds-hair-shampooing-doux-equilibrant-500-ml-shampoings-usage-frequent.jpg\",\"datePublished\":\"2025-12-12T16:45:34+00:00\",\"dateModified\":\"2025-12-12T16:45:36+00:00\",\"breadcrumb\":{\"@id\":\"https:\/\/paracherkaoui.ma\/index.php\/produit\/uriage-ds-hair-shampooing-doux-equilibrant-500-ml\/#breadcrumb\"},\"inLanguage\":\"fr-FR\",\"potentialAction\":[{\"@type\":\"ReadAction\",\"target\":[\"https:\/\/paracherkaoui.ma\/index.php\/produit\/uriage-ds-hair-shampooing-doux-equilibrant-500-ml\/\"]}]},{\"@type\":\"ImageObject\",\"inLanguage\":\"fr-FR\",\"@id\":\"https:\/\/paracherkaoui.ma\/index.php\/produit\/uriage-ds-hair-shampooing-doux-equilibrant-500-ml\/#primaryimage\",\"url\":\"https:\/\/paracherkaoui.ma\/wp-content\/uploads\/2025\/12\/uriage-uriage-ds-hair-shampooing-doux-equilibrant-500-ml-shampoings-usage-frequent.jpg\",\"contentUrl\":\"https:\/\/paracherkaoui.ma\/wp-content\/uploads\/2025\/12\/uriage-uriage-ds-hair-shampooing-doux-equilibrant-500-ml-shampoings-usage-frequent.jpg\",\"width\":700,\"height\":700},{\"@type\":\"BreadcrumbList\",\"@id\":\"https:\/\/paracherkaoui.ma\/index.php\/produit\/uriage-ds-hair-shampooing-doux-equilibrant-500-ml\/#breadcrumb\",\"itemListElement\":[{\"@type\":\"ListItem\",\"position\":1,\"name\":\"Accueil\",\"item\":\"https:\/\/paracherkaoui.ma\/\"},{\"@type\":\"ListItem\",\"position\":2,\"name\":\"Boutique\",\"item\":\"https:\/\/paracherkaoui.ma\/index.php\/boutique\/\"},{\"@type\":\"ListItem\",\"position\":3,\"name\":\"URIAGE DS HAIR SHAMPOOING DOUX EQUILIBRANT 500 ML\"}]},{\"@type\":\"WebSite\",\"@id\":\"https:\/\/paracherkaoui.ma\/#website\",\"url\":\"https:\/\/paracherkaoui.ma\/\",\"name\":\"Paracherkaoui.ma\",\"description\":\"Achetez en ligne sur Paracherkaoui.ma\",\"potentialAction\":[{\"@type\":\"SearchAction\",\"target\":{\"@type\":\"EntryPoint\",\"urlTemplate\":\"https:\/\/paracherkaoui.ma\/?s={search_term_string}\"},\"query-input\":{\"@type\":\"PropertyValueSpecification\",\"valueRequired\":true,\"valueName\":\"search_term_string\"}}],\"inLanguage\":\"fr-FR\"}]}<\/script>\r\n<!-- \/ Yoast SEO plugin. -->","yoast_head_json":{"title":"URIAGE DS HAIR SHAMPOOING DOUX EQUILIBRANT 500 ML - Paracherkaoui.ma","robots":{"index":"index","follow":"follow","max-snippet":"max-snippet:-1","max-image-preview":"max-image-preview:large","max-video-preview":"max-video-preview:-1"},"canonical":"https:\/\/paracherkaoui.ma\/index.php\/produit\/uriage-ds-hair-shampooing-doux-equilibrant-500-ml\/","og_locale":"fr_FR","og_type":"article","og_title":"URIAGE DS HAIR SHAMPOOING DOUX EQUILIBRANT 500 ML - Paracherkaoui.ma","og_description":"La dermite s\u00e9borrh\u00e9ique est une affection b\u00e9nigne et fr\u00e9quente des zones s\u00e9borrh\u00e9iques du cuir chevelu, du visage et du corps.","og_url":"https:\/\/paracherkaoui.ma\/index.php\/produit\/uriage-ds-hair-shampooing-doux-equilibrant-500-ml\/","og_site_name":"Paracherkaoui.ma","article_modified_time":"2025-12-12T16:45:36+00:00","og_image":[{"width":700,"height":700,"url":"https:\/\/paracherkaoui.ma\/wp-content\/uploads\/2025\/12\/uriage-uriage-ds-hair-shampooing-doux-equilibrant-500-ml-shampoings-usage-frequent.jpg","type":"image\/jpeg"}],"twitter_card":"summary_large_image","twitter_misc":{"Dur\u00e9e de lecture estim\u00e9e":"1 minute"},"schema":{"@context":"https:\/\/schema.org","@graph":[{"@type":"WebPage","@id":"https:\/\/paracherkaoui.ma\/index.php\/produit\/uriage-ds-hair-shampooing-doux-equilibrant-500-ml\/","url":"https:\/\/paracherkaoui.ma\/index.php\/produit\/uriage-ds-hair-shampooing-doux-equilibrant-500-ml\/","name":"URIAGE DS HAIR SHAMPOOING DOUX EQUILIBRANT 500 ML - Paracherkaoui.ma","isPartOf":{"@id":"https:\/\/paracherkaoui.ma\/#website"},"primaryImageOfPage":{"@id":"https:\/\/paracherkaoui.ma\/index.php\/produit\/uriage-ds-hair-shampooing-doux-equilibrant-500-ml\/#primaryimage"},"image":{"@id":"https:\/\/paracherkaoui.ma\/index.php\/produit\/uriage-ds-hair-shampooing-doux-equilibrant-500-ml\/#primaryimage"},"thumbnailUrl":"https:\/\/paracherkaoui.ma\/wp-content\/uploads\/2025\/12\/uriage-uriage-ds-hair-shampooing-doux-equilibrant-500-ml-shampoings-usage-frequent.jpg","datePublished":"2025-12-12T16:45:34+00:00","dateModified":"2025-12-12T16:45:36+00:00","breadcrumb":{"@id":"https:\/\/paracherkaoui.ma\/index.php\/produit\/uriage-ds-hair-shampooing-doux-equilibrant-500-ml\/#breadcrumb"},"inLanguage":"fr-FR","potentialAction":[{"@type":"ReadAction","target":["https:\/\/paracherkaoui.ma\/index.php\/produit\/uriage-ds-hair-shampooing-doux-equilibrant-500-ml\/"]}]},{"@type":"ImageObject","inLanguage":"fr-FR","@id":"https:\/\/paracherkaoui.ma\/index.php\/produit\/uriage-ds-hair-shampooing-doux-equilibrant-500-ml\/#primaryimage","url":"https:\/\/paracherkaoui.ma\/wp-content\/uploads\/2025\/12\/uriage-uriage-ds-hair-shampooing-doux-equilibrant-500-ml-shampoings-usage-frequent.jpg","contentUrl":"https:\/\/paracherkaoui.ma\/wp-content\/uploads\/2025\/12\/uriage-uriage-ds-hair-shampooing-doux-equilibrant-500-ml-shampoings-usage-frequent.jpg","width":700,"height":700},{"@type":"BreadcrumbList","@id":"https:\/\/paracherkaoui.ma\/index.php\/produit\/uriage-ds-hair-shampooing-doux-equilibrant-500-ml\/#breadcrumb","itemListElement":[{"@type":"ListItem","position":1,"name":"Accueil","item":"https:\/\/paracherkaoui.ma\/"},{"@type":"ListItem","position":2,"name":"Boutique","item":"https:\/\/paracherkaoui.ma\/index.php\/boutique\/"},{"@type":"ListItem","position":3,"name":"URIAGE DS HAIR SHAMPOOING DOUX EQUILIBRANT 500 ML"}]},{"@type":"WebSite","@id":"https:\/\/paracherkaoui.ma\/#website","url":"https:\/\/paracherkaoui.ma\/","name":"Paracherkaoui.ma","description":"Achetez en ligne sur Paracherkaoui.ma","potentialAction":[{"@type":"SearchAction","target":{"@type":"EntryPoint","urlTemplate":"https:\/\/paracherkaoui.ma\/?s={search_term_string}"},"query-input":{"@type":"PropertyValueSpecification","valueRequired":true,"valueName":"search_term_string"}}],"inLanguage":"fr-FR"}]}},"_links":{"self":[{"href":"https:\/\/paracherkaoui.ma\/index.php\/wp-json\/wp\/v2\/product\/12027","targetHints":{"allow":["GET"]}}],"collection":[{"href":"https:\/\/paracherkaoui.ma\/index.php\/wp-json\/wp\/v2\/product"}],"about":[{"href":"https:\/\/paracherkaoui.ma\/index.php\/wp-json\/wp\/v2\/types\/product"}],"replies":[{"embeddable":true,"href":"https:\/\/paracherkaoui.ma\/index.php\/wp-json\/wp\/v2\/comments?post=12027"}],"version-history":[{"count":1,"href":"https:\/\/paracherkaoui.ma\/index.php\/wp-json\/wp\/v2\/product\/12027\/revisions"}],"predecessor-version":[{"id":12057,"href":"https:\/\/paracherkaoui.ma\/index.php\/wp-json\/wp\/v2\/product\/12027\/revisions\/12057"}],"wp:featuredmedia":[{"embeddable":true,"href":"https:\/\/paracherkaoui.ma\/index.php\/wp-json\/wp\/v2\/media\/10889"}],"wp:attachment":[{"href":"https:\/\/paracherkaoui.ma\/index.php\/wp-json\/wp\/v2\/media?parent=12027"}],"wp:term":[{"taxonomy":"product_brand","embeddable":true,"href":"https:\/\/paracherkaoui.ma\/index.php\/wp-json\/wp\/v2\/product_brand?post=12027"},{"taxonomy":"product_cat","embeddable":true,"href":"https:\/\/paracherkaoui.ma\/index.php\/wp-json\/wp\/v2\/product_cat?post=12027"},{"taxonomy":"product_tag","embeddable":true,"href":"https:\/\/paracherkaoui.ma\/index.php\/wp-json\/wp\/v2\/product_tag?post=12027"}],"curies":[{"name":"wp","href":"https:\/\/api.w.org\/{rel}","templated":true}]}}