{"id":12019,"date":"2025-12-12T17:45:33","date_gmt":"2025-12-12T16:45:33","guid":{"rendered":"https:\/\/test.ecbeaute.com\/?post_type=product&#038;p=12019"},"modified":"2025-12-12T17:45:35","modified_gmt":"2025-12-12T16:45:35","slug":"ducray-kelual-ds-shampoing-traitant-100-ml","status":"publish","type":"product","link":"https:\/\/paracherkaoui.ma\/index.php\/produit\/ducray-kelual-ds-shampoing-traitant-100-ml\/","title":{"rendered":"DUCRAY KELUAL DS SHAMPOING TRAITANT 100 ML"},"content":{"rendered":"<p>KELUAL DS Shampooing traitant apaise les d\u00e9mangeaisons et contribue \u00e0 \u00e9liminer durablement les pellicules \u2022 Sa formule assainissante agit sur les facteurs responsables des \u00e9tats pelliculaires s\u00e9v\u00e8res et sur leur r\u00e9cidive, associ\u00e9s \u00e0 d&rsquo;intenses d\u00e9mangeaisons \u2022 Utilis\u00e9 en phase d&rsquo;attaque puis en phase d&rsquo;entretien, il accompagne \u00e9galement les cuirs chevelus sujets \u00e0 la dermite s\u00e9borrh\u00e9ique \u2022 KELUAL DS Shampooing traitant poss\u00e8de une association d&rsquo;actifs brevet\u00e9e*, \u00e0 base de CICLOPIROXOLAMINE et de PIROCTONE OLAMINE, qui agit de fa\u00e7on synergique permettant d&rsquo;\u00e9liminer rapidement et durablement les pellicules<br \/>\nConseils d&rsquo;utilisation:<br \/>\n\u2022 Phase d&rsquo;attaque : 3 shampooings par semaine pendant 2 semaines<\/p>\n<p>\u2022 Phase d&rsquo;entretien : 1 fois par semaine<br \/>\nSon utilisation 1 fois par semaine en entretien permet de pr\u00e9venir durablement la r\u00e9apparition des pellicules<\/p>\n<p>\u2022 Appliquer et rincer<br \/>\n\u2022 Renouveler l&rsquo;application, laisser poser 3 minutes puis rincer<\/p>\n","protected":false},"excerpt":{"rendered":"<p>KELUAL DS Shampooing traitant apaise les d\u00e9mangeaisons et contribue \u00e0 \u00e9liminer durablement les pellicules \u2022 Sa formule assainissante agit sur<\/p>\n","protected":false},"featured_media":10853,"comment_status":"open","ping_status":"closed","template":"","meta":[],"product_brand":[138],"product_cat":[157],"product_tag":[],"class_list":{"0":"post-12019","1":"product","2":"type-product","3":"status-publish","4":"has-post-thumbnail","6":"product_brand-ducray","7":"product_cat-shampoings","9":"first","10":"instock","11":"sale","12":"shipping-taxable","13":"purchasable","14":"product-type-simple"},"yoast_head":"<!-- This site is optimized with the Yoast SEO plugin v26.6 - https:\/\/yoast.com\/wordpress\/plugins\/seo\/ -->\r\n<title>DUCRAY KELUAL DS SHAMPOING TRAITANT 100 ML - Paracherkaoui.ma<\/title>\r\n<meta name=\"robots\" content=\"index, follow, max-snippet:-1, max-image-preview:large, max-video-preview:-1\" \/>\r\n<link rel=\"canonical\" href=\"https:\/\/paracherkaoui.ma\/index.php\/produit\/ducray-kelual-ds-shampoing-traitant-100-ml\/\" \/>\r\n<meta property=\"og:locale\" content=\"fr_FR\" \/>\r\n<meta property=\"og:type\" content=\"article\" \/>\r\n<meta property=\"og:title\" content=\"DUCRAY KELUAL DS SHAMPOING TRAITANT 100 ML - Paracherkaoui.ma\" \/>\r\n<meta property=\"og:description\" content=\"KELUAL DS Shampooing traitant apaise les d\u00e9mangeaisons et contribue \u00e0 \u00e9liminer durablement les pellicules \u2022 Sa formule assainissante agit sur\" \/>\r\n<meta property=\"og:url\" content=\"https:\/\/paracherkaoui.ma\/index.php\/produit\/ducray-kelual-ds-shampoing-traitant-100-ml\/\" \/>\r\n<meta property=\"og:site_name\" content=\"Paracherkaoui.ma\" \/>\r\n<meta property=\"article:modified_time\" content=\"2025-12-12T16:45:35+00:00\" \/>\r\n<meta property=\"og:image\" content=\"https:\/\/paracherkaoui.ma\/wp-content\/uploads\/2025\/12\/ducray-ducray-kelual-ds-shampoing-traitant-100-ml-shampooing-anti-pelliculaire.jpg\" \/>\r\n\t<meta property=\"og:image:width\" content=\"700\" \/>\r\n\t<meta property=\"og:image:height\" content=\"700\" \/>\r\n\t<meta property=\"og:image:type\" content=\"image\/jpeg\" \/>\r\n<meta name=\"twitter:card\" content=\"summary_large_image\" \/>\r\n<meta name=\"twitter:label1\" content=\"Dur\u00e9e de lecture estim\u00e9e\" \/>\n\t<meta name=\"twitter:data1\" content=\"1 minute\" \/>\r\n<script type=\"application\/ld+json\" class=\"yoast-schema-graph\">{\"@context\":\"https:\/\/schema.org\",\"@graph\":[{\"@type\":\"WebPage\",\"@id\":\"https:\/\/paracherkaoui.ma\/index.php\/produit\/ducray-kelual-ds-shampoing-traitant-100-ml\/\",\"url\":\"https:\/\/paracherkaoui.ma\/index.php\/produit\/ducray-kelual-ds-shampoing-traitant-100-ml\/\",\"name\":\"DUCRAY KELUAL DS SHAMPOING TRAITANT 100 ML - Paracherkaoui.ma\",\"isPartOf\":{\"@id\":\"https:\/\/paracherkaoui.ma\/#website\"},\"primaryImageOfPage\":{\"@id\":\"https:\/\/paracherkaoui.ma\/index.php\/produit\/ducray-kelual-ds-shampoing-traitant-100-ml\/#primaryimage\"},\"image\":{\"@id\":\"https:\/\/paracherkaoui.ma\/index.php\/produit\/ducray-kelual-ds-shampoing-traitant-100-ml\/#primaryimage\"},\"thumbnailUrl\":\"https:\/\/paracherkaoui.ma\/wp-content\/uploads\/2025\/12\/ducray-ducray-kelual-ds-shampoing-traitant-100-ml-shampooing-anti-pelliculaire.jpg\",\"datePublished\":\"2025-12-12T16:45:33+00:00\",\"dateModified\":\"2025-12-12T16:45:35+00:00\",\"breadcrumb\":{\"@id\":\"https:\/\/paracherkaoui.ma\/index.php\/produit\/ducray-kelual-ds-shampoing-traitant-100-ml\/#breadcrumb\"},\"inLanguage\":\"fr-FR\",\"potentialAction\":[{\"@type\":\"ReadAction\",\"target\":[\"https:\/\/paracherkaoui.ma\/index.php\/produit\/ducray-kelual-ds-shampoing-traitant-100-ml\/\"]}]},{\"@type\":\"ImageObject\",\"inLanguage\":\"fr-FR\",\"@id\":\"https:\/\/paracherkaoui.ma\/index.php\/produit\/ducray-kelual-ds-shampoing-traitant-100-ml\/#primaryimage\",\"url\":\"https:\/\/paracherkaoui.ma\/wp-content\/uploads\/2025\/12\/ducray-ducray-kelual-ds-shampoing-traitant-100-ml-shampooing-anti-pelliculaire.jpg\",\"contentUrl\":\"https:\/\/paracherkaoui.ma\/wp-content\/uploads\/2025\/12\/ducray-ducray-kelual-ds-shampoing-traitant-100-ml-shampooing-anti-pelliculaire.jpg\",\"width\":700,\"height\":700},{\"@type\":\"BreadcrumbList\",\"@id\":\"https:\/\/paracherkaoui.ma\/index.php\/produit\/ducray-kelual-ds-shampoing-traitant-100-ml\/#breadcrumb\",\"itemListElement\":[{\"@type\":\"ListItem\",\"position\":1,\"name\":\"Accueil\",\"item\":\"https:\/\/paracherkaoui.ma\/\"},{\"@type\":\"ListItem\",\"position\":2,\"name\":\"Boutique\",\"item\":\"https:\/\/paracherkaoui.ma\/index.php\/boutique\/\"},{\"@type\":\"ListItem\",\"position\":3,\"name\":\"DUCRAY KELUAL DS SHAMPOING TRAITANT 100 ML\"}]},{\"@type\":\"WebSite\",\"@id\":\"https:\/\/paracherkaoui.ma\/#website\",\"url\":\"https:\/\/paracherkaoui.ma\/\",\"name\":\"Paracherkaoui.ma\",\"description\":\"Achetez en ligne sur Paracherkaoui.ma\",\"potentialAction\":[{\"@type\":\"SearchAction\",\"target\":{\"@type\":\"EntryPoint\",\"urlTemplate\":\"https:\/\/paracherkaoui.ma\/?s={search_term_string}\"},\"query-input\":{\"@type\":\"PropertyValueSpecification\",\"valueRequired\":true,\"valueName\":\"search_term_string\"}}],\"inLanguage\":\"fr-FR\"}]}<\/script>\r\n<!-- \/ Yoast SEO plugin. -->","yoast_head_json":{"title":"DUCRAY KELUAL DS SHAMPOING TRAITANT 100 ML - Paracherkaoui.ma","robots":{"index":"index","follow":"follow","max-snippet":"max-snippet:-1","max-image-preview":"max-image-preview:large","max-video-preview":"max-video-preview:-1"},"canonical":"https:\/\/paracherkaoui.ma\/index.php\/produit\/ducray-kelual-ds-shampoing-traitant-100-ml\/","og_locale":"fr_FR","og_type":"article","og_title":"DUCRAY KELUAL DS SHAMPOING TRAITANT 100 ML - Paracherkaoui.ma","og_description":"KELUAL DS Shampooing traitant apaise les d\u00e9mangeaisons et contribue \u00e0 \u00e9liminer durablement les pellicules \u2022 Sa formule assainissante agit sur","og_url":"https:\/\/paracherkaoui.ma\/index.php\/produit\/ducray-kelual-ds-shampoing-traitant-100-ml\/","og_site_name":"Paracherkaoui.ma","article_modified_time":"2025-12-12T16:45:35+00:00","og_image":[{"width":700,"height":700,"url":"https:\/\/paracherkaoui.ma\/wp-content\/uploads\/2025\/12\/ducray-ducray-kelual-ds-shampoing-traitant-100-ml-shampooing-anti-pelliculaire.jpg","type":"image\/jpeg"}],"twitter_card":"summary_large_image","twitter_misc":{"Dur\u00e9e de lecture estim\u00e9e":"1 minute"},"schema":{"@context":"https:\/\/schema.org","@graph":[{"@type":"WebPage","@id":"https:\/\/paracherkaoui.ma\/index.php\/produit\/ducray-kelual-ds-shampoing-traitant-100-ml\/","url":"https:\/\/paracherkaoui.ma\/index.php\/produit\/ducray-kelual-ds-shampoing-traitant-100-ml\/","name":"DUCRAY KELUAL DS SHAMPOING TRAITANT 100 ML - Paracherkaoui.ma","isPartOf":{"@id":"https:\/\/paracherkaoui.ma\/#website"},"primaryImageOfPage":{"@id":"https:\/\/paracherkaoui.ma\/index.php\/produit\/ducray-kelual-ds-shampoing-traitant-100-ml\/#primaryimage"},"image":{"@id":"https:\/\/paracherkaoui.ma\/index.php\/produit\/ducray-kelual-ds-shampoing-traitant-100-ml\/#primaryimage"},"thumbnailUrl":"https:\/\/paracherkaoui.ma\/wp-content\/uploads\/2025\/12\/ducray-ducray-kelual-ds-shampoing-traitant-100-ml-shampooing-anti-pelliculaire.jpg","datePublished":"2025-12-12T16:45:33+00:00","dateModified":"2025-12-12T16:45:35+00:00","breadcrumb":{"@id":"https:\/\/paracherkaoui.ma\/index.php\/produit\/ducray-kelual-ds-shampoing-traitant-100-ml\/#breadcrumb"},"inLanguage":"fr-FR","potentialAction":[{"@type":"ReadAction","target":["https:\/\/paracherkaoui.ma\/index.php\/produit\/ducray-kelual-ds-shampoing-traitant-100-ml\/"]}]},{"@type":"ImageObject","inLanguage":"fr-FR","@id":"https:\/\/paracherkaoui.ma\/index.php\/produit\/ducray-kelual-ds-shampoing-traitant-100-ml\/#primaryimage","url":"https:\/\/paracherkaoui.ma\/wp-content\/uploads\/2025\/12\/ducray-ducray-kelual-ds-shampoing-traitant-100-ml-shampooing-anti-pelliculaire.jpg","contentUrl":"https:\/\/paracherkaoui.ma\/wp-content\/uploads\/2025\/12\/ducray-ducray-kelual-ds-shampoing-traitant-100-ml-shampooing-anti-pelliculaire.jpg","width":700,"height":700},{"@type":"BreadcrumbList","@id":"https:\/\/paracherkaoui.ma\/index.php\/produit\/ducray-kelual-ds-shampoing-traitant-100-ml\/#breadcrumb","itemListElement":[{"@type":"ListItem","position":1,"name":"Accueil","item":"https:\/\/paracherkaoui.ma\/"},{"@type":"ListItem","position":2,"name":"Boutique","item":"https:\/\/paracherkaoui.ma\/index.php\/boutique\/"},{"@type":"ListItem","position":3,"name":"DUCRAY KELUAL DS SHAMPOING TRAITANT 100 ML"}]},{"@type":"WebSite","@id":"https:\/\/paracherkaoui.ma\/#website","url":"https:\/\/paracherkaoui.ma\/","name":"Paracherkaoui.ma","description":"Achetez en ligne sur Paracherkaoui.ma","potentialAction":[{"@type":"SearchAction","target":{"@type":"EntryPoint","urlTemplate":"https:\/\/paracherkaoui.ma\/?s={search_term_string}"},"query-input":{"@type":"PropertyValueSpecification","valueRequired":true,"valueName":"search_term_string"}}],"inLanguage":"fr-FR"}]}},"_links":{"self":[{"href":"https:\/\/paracherkaoui.ma\/index.php\/wp-json\/wp\/v2\/product\/12019","targetHints":{"allow":["GET"]}}],"collection":[{"href":"https:\/\/paracherkaoui.ma\/index.php\/wp-json\/wp\/v2\/product"}],"about":[{"href":"https:\/\/paracherkaoui.ma\/index.php\/wp-json\/wp\/v2\/types\/product"}],"replies":[{"embeddable":true,"href":"https:\/\/paracherkaoui.ma\/index.php\/wp-json\/wp\/v2\/comments?post=12019"}],"version-history":[{"count":1,"href":"https:\/\/paracherkaoui.ma\/index.php\/wp-json\/wp\/v2\/product\/12019\/revisions"}],"predecessor-version":[{"id":12049,"href":"https:\/\/paracherkaoui.ma\/index.php\/wp-json\/wp\/v2\/product\/12019\/revisions\/12049"}],"wp:featuredmedia":[{"embeddable":true,"href":"https:\/\/paracherkaoui.ma\/index.php\/wp-json\/wp\/v2\/media\/10853"}],"wp:attachment":[{"href":"https:\/\/paracherkaoui.ma\/index.php\/wp-json\/wp\/v2\/media?parent=12019"}],"wp:term":[{"taxonomy":"product_brand","embeddable":true,"href":"https:\/\/paracherkaoui.ma\/index.php\/wp-json\/wp\/v2\/product_brand?post=12019"},{"taxonomy":"product_cat","embeddable":true,"href":"https:\/\/paracherkaoui.ma\/index.php\/wp-json\/wp\/v2\/product_cat?post=12019"},{"taxonomy":"product_tag","embeddable":true,"href":"https:\/\/paracherkaoui.ma\/index.php\/wp-json\/wp\/v2\/product_tag?post=12019"}],"curies":[{"name":"wp","href":"https:\/\/api.w.org\/{rel}","templated":true}]}}