{"id":12008,"date":"2025-12-12T17:45:33","date_gmt":"2025-12-12T16:45:33","guid":{"rendered":"https:\/\/test.ecbeaute.com\/?post_type=product&#038;p=12008"},"modified":"2025-12-12T17:45:34","modified_gmt":"2025-12-12T16:45:34","slug":"la-roche-posay-kerium-doux-extreme-shampooing-gel-physiologique-400-ml","status":"publish","type":"product","link":"https:\/\/paracherkaoui.ma\/index.php\/produit\/la-roche-posay-kerium-doux-extreme-shampooing-gel-physiologique-400-ml\/","title":{"rendered":"LA ROCHE POSAY KERIUM DOUX EXTREME SHAMPOOING GEL PHYSIOLOGIQUE 400 ML"},"content":{"rendered":"<p>Le cuir chevelu est apais\u00e9 et prot\u00e9g\u00e9 des irritations, le cheveu retrouve souplesse, brillance et douceur, m\u00eame en pr\u00e9sence d&rsquo;eau calcaire.<br \/>\nL&rsquo;eau thermale de La Roche-Posay est utilis\u00e9e comme un ingr\u00e9dient actif pour ses propri\u00e9t\u00e9s apaisantes et anti-irritantes, et est associ\u00e9e au Polysorbate 21, un optimiseur de tol\u00e9rance exclusif.<\/p>\n","protected":false},"excerpt":{"rendered":"<p>Le cuir chevelu est apais\u00e9 et prot\u00e9g\u00e9 des irritations, le cheveu retrouve souplesse, brillance et douceur, m\u00eame en pr\u00e9sence d&rsquo;eau<\/p>\n","protected":false},"featured_media":11027,"comment_status":"open","ping_status":"closed","template":"","meta":[],"product_brand":[132],"product_cat":[157],"product_tag":[],"class_list":{"0":"post-12008","1":"product","2":"type-product","3":"status-publish","4":"has-post-thumbnail","6":"product_brand-la-roche-posay","7":"product_cat-shampoings","9":"first","10":"instock","11":"sale","12":"shipping-taxable","13":"purchasable","14":"product-type-simple"},"yoast_head":"<!-- This site is optimized with the Yoast SEO plugin v26.6 - https:\/\/yoast.com\/wordpress\/plugins\/seo\/ -->\r\n<title>LA ROCHE POSAY KERIUM DOUX EXTREME SHAMPOOING GEL PHYSIOLOGIQUE 400 ML - Paracherkaoui.ma<\/title>\r\n<meta name=\"robots\" content=\"index, follow, max-snippet:-1, max-image-preview:large, max-video-preview:-1\" \/>\r\n<link rel=\"canonical\" href=\"https:\/\/paracherkaoui.ma\/index.php\/produit\/la-roche-posay-kerium-doux-extreme-shampooing-gel-physiologique-400-ml\/\" \/>\r\n<meta property=\"og:locale\" content=\"fr_FR\" \/>\r\n<meta property=\"og:type\" content=\"article\" \/>\r\n<meta property=\"og:title\" content=\"LA ROCHE POSAY KERIUM DOUX EXTREME SHAMPOOING GEL PHYSIOLOGIQUE 400 ML - Paracherkaoui.ma\" \/>\r\n<meta property=\"og:description\" content=\"Le cuir chevelu est apais\u00e9 et prot\u00e9g\u00e9 des irritations, le cheveu retrouve souplesse, brillance et douceur, m\u00eame en pr\u00e9sence d&rsquo;eau\" \/>\r\n<meta property=\"og:url\" content=\"https:\/\/paracherkaoui.ma\/index.php\/produit\/la-roche-posay-kerium-doux-extreme-shampooing-gel-physiologique-400-ml\/\" \/>\r\n<meta property=\"og:site_name\" content=\"Paracherkaoui.ma\" \/>\r\n<meta property=\"article:modified_time\" content=\"2025-12-12T16:45:34+00:00\" \/>\r\n<meta property=\"og:image\" content=\"https:\/\/paracherkaoui.ma\/wp-content\/uploads\/2025\/12\/la-roche-posay-la-roche-posay-kerium-doux-extreme-shampooing-gel-physiologique-400-ml-shampoings.jpg\" \/>\r\n\t<meta property=\"og:image:width\" content=\"700\" \/>\r\n\t<meta property=\"og:image:height\" content=\"700\" \/>\r\n\t<meta property=\"og:image:type\" content=\"image\/jpeg\" \/>\r\n<meta name=\"twitter:card\" content=\"summary_large_image\" \/>\r\n<script type=\"application\/ld+json\" class=\"yoast-schema-graph\">{\"@context\":\"https:\/\/schema.org\",\"@graph\":[{\"@type\":\"WebPage\",\"@id\":\"https:\/\/paracherkaoui.ma\/index.php\/produit\/la-roche-posay-kerium-doux-extreme-shampooing-gel-physiologique-400-ml\/\",\"url\":\"https:\/\/paracherkaoui.ma\/index.php\/produit\/la-roche-posay-kerium-doux-extreme-shampooing-gel-physiologique-400-ml\/\",\"name\":\"LA ROCHE POSAY KERIUM DOUX EXTREME SHAMPOOING GEL PHYSIOLOGIQUE 400 ML - Paracherkaoui.ma\",\"isPartOf\":{\"@id\":\"https:\/\/paracherkaoui.ma\/#website\"},\"primaryImageOfPage\":{\"@id\":\"https:\/\/paracherkaoui.ma\/index.php\/produit\/la-roche-posay-kerium-doux-extreme-shampooing-gel-physiologique-400-ml\/#primaryimage\"},\"image\":{\"@id\":\"https:\/\/paracherkaoui.ma\/index.php\/produit\/la-roche-posay-kerium-doux-extreme-shampooing-gel-physiologique-400-ml\/#primaryimage\"},\"thumbnailUrl\":\"https:\/\/paracherkaoui.ma\/wp-content\/uploads\/2025\/12\/la-roche-posay-la-roche-posay-kerium-doux-extreme-shampooing-gel-physiologique-400-ml-shampoings.jpg\",\"datePublished\":\"2025-12-12T16:45:33+00:00\",\"dateModified\":\"2025-12-12T16:45:34+00:00\",\"breadcrumb\":{\"@id\":\"https:\/\/paracherkaoui.ma\/index.php\/produit\/la-roche-posay-kerium-doux-extreme-shampooing-gel-physiologique-400-ml\/#breadcrumb\"},\"inLanguage\":\"fr-FR\",\"potentialAction\":[{\"@type\":\"ReadAction\",\"target\":[\"https:\/\/paracherkaoui.ma\/index.php\/produit\/la-roche-posay-kerium-doux-extreme-shampooing-gel-physiologique-400-ml\/\"]}]},{\"@type\":\"ImageObject\",\"inLanguage\":\"fr-FR\",\"@id\":\"https:\/\/paracherkaoui.ma\/index.php\/produit\/la-roche-posay-kerium-doux-extreme-shampooing-gel-physiologique-400-ml\/#primaryimage\",\"url\":\"https:\/\/paracherkaoui.ma\/wp-content\/uploads\/2025\/12\/la-roche-posay-la-roche-posay-kerium-doux-extreme-shampooing-gel-physiologique-400-ml-shampoings.jpg\",\"contentUrl\":\"https:\/\/paracherkaoui.ma\/wp-content\/uploads\/2025\/12\/la-roche-posay-la-roche-posay-kerium-doux-extreme-shampooing-gel-physiologique-400-ml-shampoings.jpg\",\"width\":700,\"height\":700},{\"@type\":\"BreadcrumbList\",\"@id\":\"https:\/\/paracherkaoui.ma\/index.php\/produit\/la-roche-posay-kerium-doux-extreme-shampooing-gel-physiologique-400-ml\/#breadcrumb\",\"itemListElement\":[{\"@type\":\"ListItem\",\"position\":1,\"name\":\"Accueil\",\"item\":\"https:\/\/paracherkaoui.ma\/\"},{\"@type\":\"ListItem\",\"position\":2,\"name\":\"Boutique\",\"item\":\"https:\/\/paracherkaoui.ma\/index.php\/boutique\/\"},{\"@type\":\"ListItem\",\"position\":3,\"name\":\"LA ROCHE POSAY KERIUM DOUX EXTREME SHAMPOOING GEL PHYSIOLOGIQUE 400 ML\"}]},{\"@type\":\"WebSite\",\"@id\":\"https:\/\/paracherkaoui.ma\/#website\",\"url\":\"https:\/\/paracherkaoui.ma\/\",\"name\":\"Paracherkaoui.ma\",\"description\":\"Achetez en ligne sur Paracherkaoui.ma\",\"potentialAction\":[{\"@type\":\"SearchAction\",\"target\":{\"@type\":\"EntryPoint\",\"urlTemplate\":\"https:\/\/paracherkaoui.ma\/?s={search_term_string}\"},\"query-input\":{\"@type\":\"PropertyValueSpecification\",\"valueRequired\":true,\"valueName\":\"search_term_string\"}}],\"inLanguage\":\"fr-FR\"}]}<\/script>\r\n<!-- \/ Yoast SEO plugin. -->","yoast_head_json":{"title":"LA ROCHE POSAY KERIUM DOUX EXTREME SHAMPOOING GEL PHYSIOLOGIQUE 400 ML - Paracherkaoui.ma","robots":{"index":"index","follow":"follow","max-snippet":"max-snippet:-1","max-image-preview":"max-image-preview:large","max-video-preview":"max-video-preview:-1"},"canonical":"https:\/\/paracherkaoui.ma\/index.php\/produit\/la-roche-posay-kerium-doux-extreme-shampooing-gel-physiologique-400-ml\/","og_locale":"fr_FR","og_type":"article","og_title":"LA ROCHE POSAY KERIUM DOUX EXTREME SHAMPOOING GEL PHYSIOLOGIQUE 400 ML - Paracherkaoui.ma","og_description":"Le cuir chevelu est apais\u00e9 et prot\u00e9g\u00e9 des irritations, le cheveu retrouve souplesse, brillance et douceur, m\u00eame en pr\u00e9sence d&rsquo;eau","og_url":"https:\/\/paracherkaoui.ma\/index.php\/produit\/la-roche-posay-kerium-doux-extreme-shampooing-gel-physiologique-400-ml\/","og_site_name":"Paracherkaoui.ma","article_modified_time":"2025-12-12T16:45:34+00:00","og_image":[{"width":700,"height":700,"url":"https:\/\/paracherkaoui.ma\/wp-content\/uploads\/2025\/12\/la-roche-posay-la-roche-posay-kerium-doux-extreme-shampooing-gel-physiologique-400-ml-shampoings.jpg","type":"image\/jpeg"}],"twitter_card":"summary_large_image","schema":{"@context":"https:\/\/schema.org","@graph":[{"@type":"WebPage","@id":"https:\/\/paracherkaoui.ma\/index.php\/produit\/la-roche-posay-kerium-doux-extreme-shampooing-gel-physiologique-400-ml\/","url":"https:\/\/paracherkaoui.ma\/index.php\/produit\/la-roche-posay-kerium-doux-extreme-shampooing-gel-physiologique-400-ml\/","name":"LA ROCHE POSAY KERIUM DOUX EXTREME SHAMPOOING GEL PHYSIOLOGIQUE 400 ML - Paracherkaoui.ma","isPartOf":{"@id":"https:\/\/paracherkaoui.ma\/#website"},"primaryImageOfPage":{"@id":"https:\/\/paracherkaoui.ma\/index.php\/produit\/la-roche-posay-kerium-doux-extreme-shampooing-gel-physiologique-400-ml\/#primaryimage"},"image":{"@id":"https:\/\/paracherkaoui.ma\/index.php\/produit\/la-roche-posay-kerium-doux-extreme-shampooing-gel-physiologique-400-ml\/#primaryimage"},"thumbnailUrl":"https:\/\/paracherkaoui.ma\/wp-content\/uploads\/2025\/12\/la-roche-posay-la-roche-posay-kerium-doux-extreme-shampooing-gel-physiologique-400-ml-shampoings.jpg","datePublished":"2025-12-12T16:45:33+00:00","dateModified":"2025-12-12T16:45:34+00:00","breadcrumb":{"@id":"https:\/\/paracherkaoui.ma\/index.php\/produit\/la-roche-posay-kerium-doux-extreme-shampooing-gel-physiologique-400-ml\/#breadcrumb"},"inLanguage":"fr-FR","potentialAction":[{"@type":"ReadAction","target":["https:\/\/paracherkaoui.ma\/index.php\/produit\/la-roche-posay-kerium-doux-extreme-shampooing-gel-physiologique-400-ml\/"]}]},{"@type":"ImageObject","inLanguage":"fr-FR","@id":"https:\/\/paracherkaoui.ma\/index.php\/produit\/la-roche-posay-kerium-doux-extreme-shampooing-gel-physiologique-400-ml\/#primaryimage","url":"https:\/\/paracherkaoui.ma\/wp-content\/uploads\/2025\/12\/la-roche-posay-la-roche-posay-kerium-doux-extreme-shampooing-gel-physiologique-400-ml-shampoings.jpg","contentUrl":"https:\/\/paracherkaoui.ma\/wp-content\/uploads\/2025\/12\/la-roche-posay-la-roche-posay-kerium-doux-extreme-shampooing-gel-physiologique-400-ml-shampoings.jpg","width":700,"height":700},{"@type":"BreadcrumbList","@id":"https:\/\/paracherkaoui.ma\/index.php\/produit\/la-roche-posay-kerium-doux-extreme-shampooing-gel-physiologique-400-ml\/#breadcrumb","itemListElement":[{"@type":"ListItem","position":1,"name":"Accueil","item":"https:\/\/paracherkaoui.ma\/"},{"@type":"ListItem","position":2,"name":"Boutique","item":"https:\/\/paracherkaoui.ma\/index.php\/boutique\/"},{"@type":"ListItem","position":3,"name":"LA ROCHE POSAY KERIUM DOUX EXTREME SHAMPOOING GEL PHYSIOLOGIQUE 400 ML"}]},{"@type":"WebSite","@id":"https:\/\/paracherkaoui.ma\/#website","url":"https:\/\/paracherkaoui.ma\/","name":"Paracherkaoui.ma","description":"Achetez en ligne sur Paracherkaoui.ma","potentialAction":[{"@type":"SearchAction","target":{"@type":"EntryPoint","urlTemplate":"https:\/\/paracherkaoui.ma\/?s={search_term_string}"},"query-input":{"@type":"PropertyValueSpecification","valueRequired":true,"valueName":"search_term_string"}}],"inLanguage":"fr-FR"}]}},"_links":{"self":[{"href":"https:\/\/paracherkaoui.ma\/index.php\/wp-json\/wp\/v2\/product\/12008","targetHints":{"allow":["GET"]}}],"collection":[{"href":"https:\/\/paracherkaoui.ma\/index.php\/wp-json\/wp\/v2\/product"}],"about":[{"href":"https:\/\/paracherkaoui.ma\/index.php\/wp-json\/wp\/v2\/types\/product"}],"replies":[{"embeddable":true,"href":"https:\/\/paracherkaoui.ma\/index.php\/wp-json\/wp\/v2\/comments?post=12008"}],"version-history":[{"count":1,"href":"https:\/\/paracherkaoui.ma\/index.php\/wp-json\/wp\/v2\/product\/12008\/revisions"}],"predecessor-version":[{"id":12038,"href":"https:\/\/paracherkaoui.ma\/index.php\/wp-json\/wp\/v2\/product\/12008\/revisions\/12038"}],"wp:featuredmedia":[{"embeddable":true,"href":"https:\/\/paracherkaoui.ma\/index.php\/wp-json\/wp\/v2\/media\/11027"}],"wp:attachment":[{"href":"https:\/\/paracherkaoui.ma\/index.php\/wp-json\/wp\/v2\/media?parent=12008"}],"wp:term":[{"taxonomy":"product_brand","embeddable":true,"href":"https:\/\/paracherkaoui.ma\/index.php\/wp-json\/wp\/v2\/product_brand?post=12008"},{"taxonomy":"product_cat","embeddable":true,"href":"https:\/\/paracherkaoui.ma\/index.php\/wp-json\/wp\/v2\/product_cat?post=12008"},{"taxonomy":"product_tag","embeddable":true,"href":"https:\/\/paracherkaoui.ma\/index.php\/wp-json\/wp\/v2\/product_tag?post=12008"}],"curies":[{"name":"wp","href":"https:\/\/api.w.org\/{rel}","templated":true}]}}