{"id":11946,"date":"2025-12-12T17:45:29","date_gmt":"2025-12-12T16:45:29","guid":{"rendered":"https:\/\/test.ecbeaute.com\/?post_type=product&#038;p=11946"},"modified":"2025-12-12T17:45:32","modified_gmt":"2025-12-12T16:45:32","slug":"uriage-offre-speciale-2-creme-deau-mains","status":"publish","type":"product","link":"https:\/\/paracherkaoui.ma\/index.php\/produit\/uriage-offre-speciale-2-creme-deau-mains\/","title":{"rendered":"URIAGE OFFRE SPECIALE 2 CREME D&rsquo;EAU MAINS"},"content":{"rendered":"<p>\u00c0 la fois nourrissante et ultra-l\u00e9g\u00e8re, la Cr\u00e8me d\u2019Eau fond d\u00e9licieusement sur la peau et l\u2019infuse de son complexe hydratant unique. Vivifiante, non grasse, imm\u00e9diatement absorb\u00e9e, elle offre douceur et \u00e9clat aux peaux normales \u00e0 mixtes tout au long de la journ\u00e9e.<br \/>\nR\u00e9g\u00e9n\u00e8re l\u2019hydratation de la peau<br \/>\nCette Cr\u00e8me d\u2019Eau enrichie en Eau Thermale d\u2019Uriage aide \u00e0 reconstruire la barri\u00e8re cutan\u00e9e pour maintenir un taux d\u2019hydratation optimal.<\/p>\n","protected":false},"excerpt":{"rendered":"<p>\u00c0 la fois nourrissante et ultra-l\u00e9g\u00e8re, la Cr\u00e8me d\u2019Eau fond d\u00e9licieusement sur la peau et l\u2019infuse de son complexe hydratant<\/p>\n","protected":false},"featured_media":11992,"comment_status":"open","ping_status":"closed","template":"","meta":[],"product_brand":[130],"product_cat":[154],"product_tag":[],"class_list":{"0":"post-11946","1":"product","2":"type-product","3":"status-publish","4":"has-post-thumbnail","6":"product_brand-uriage","7":"product_cat-coffrets-dermocosmetiques","9":"first","10":"instock","11":"sale","12":"shipping-taxable","13":"purchasable","14":"product-type-simple"},"yoast_head":"<!-- This site is optimized with the Yoast SEO plugin v26.6 - https:\/\/yoast.com\/wordpress\/plugins\/seo\/ -->\r\n<title>URIAGE OFFRE SPECIALE 2 CREME D&#039;EAU MAINS - Paracherkaoui.ma<\/title>\r\n<meta name=\"robots\" content=\"index, follow, max-snippet:-1, max-image-preview:large, max-video-preview:-1\" \/>\r\n<link rel=\"canonical\" href=\"https:\/\/paracherkaoui.ma\/index.php\/produit\/uriage-offre-speciale-2-creme-deau-mains\/\" \/>\r\n<meta property=\"og:locale\" content=\"fr_FR\" \/>\r\n<meta property=\"og:type\" content=\"article\" \/>\r\n<meta property=\"og:title\" content=\"URIAGE OFFRE SPECIALE 2 CREME D&#039;EAU MAINS - Paracherkaoui.ma\" \/>\r\n<meta property=\"og:description\" content=\"\u00c0 la fois nourrissante et ultra-l\u00e9g\u00e8re, la Cr\u00e8me d\u2019Eau fond d\u00e9licieusement sur la peau et l\u2019infuse de son complexe hydratant\" \/>\r\n<meta property=\"og:url\" content=\"https:\/\/paracherkaoui.ma\/index.php\/produit\/uriage-offre-speciale-2-creme-deau-mains\/\" \/>\r\n<meta property=\"og:site_name\" content=\"Paracherkaoui.ma\" \/>\r\n<meta property=\"article:modified_time\" content=\"2025-12-12T16:45:32+00:00\" \/>\r\n<meta property=\"og:image\" content=\"https:\/\/paracherkaoui.ma\/wp-content\/uploads\/2025\/12\/uriage-uriage-offre-speciale-2-creme-deau-mains-promotions-diverses.jpg\" \/>\r\n\t<meta property=\"og:image:width\" content=\"700\" \/>\r\n\t<meta property=\"og:image:height\" content=\"700\" \/>\r\n\t<meta property=\"og:image:type\" content=\"image\/jpeg\" \/>\r\n<meta name=\"twitter:card\" content=\"summary_large_image\" \/>\r\n<script type=\"application\/ld+json\" class=\"yoast-schema-graph\">{\"@context\":\"https:\/\/schema.org\",\"@graph\":[{\"@type\":\"WebPage\",\"@id\":\"https:\/\/paracherkaoui.ma\/index.php\/produit\/uriage-offre-speciale-2-creme-deau-mains\/\",\"url\":\"https:\/\/paracherkaoui.ma\/index.php\/produit\/uriage-offre-speciale-2-creme-deau-mains\/\",\"name\":\"URIAGE OFFRE SPECIALE 2 CREME D'EAU MAINS - Paracherkaoui.ma\",\"isPartOf\":{\"@id\":\"https:\/\/paracherkaoui.ma\/#website\"},\"primaryImageOfPage\":{\"@id\":\"https:\/\/paracherkaoui.ma\/index.php\/produit\/uriage-offre-speciale-2-creme-deau-mains\/#primaryimage\"},\"image\":{\"@id\":\"https:\/\/paracherkaoui.ma\/index.php\/produit\/uriage-offre-speciale-2-creme-deau-mains\/#primaryimage\"},\"thumbnailUrl\":\"https:\/\/paracherkaoui.ma\/wp-content\/uploads\/2025\/12\/uriage-uriage-offre-speciale-2-creme-deau-mains-promotions-diverses.jpg\",\"datePublished\":\"2025-12-12T16:45:29+00:00\",\"dateModified\":\"2025-12-12T16:45:32+00:00\",\"breadcrumb\":{\"@id\":\"https:\/\/paracherkaoui.ma\/index.php\/produit\/uriage-offre-speciale-2-creme-deau-mains\/#breadcrumb\"},\"inLanguage\":\"fr-FR\",\"potentialAction\":[{\"@type\":\"ReadAction\",\"target\":[\"https:\/\/paracherkaoui.ma\/index.php\/produit\/uriage-offre-speciale-2-creme-deau-mains\/\"]}]},{\"@type\":\"ImageObject\",\"inLanguage\":\"fr-FR\",\"@id\":\"https:\/\/paracherkaoui.ma\/index.php\/produit\/uriage-offre-speciale-2-creme-deau-mains\/#primaryimage\",\"url\":\"https:\/\/paracherkaoui.ma\/wp-content\/uploads\/2025\/12\/uriage-uriage-offre-speciale-2-creme-deau-mains-promotions-diverses.jpg\",\"contentUrl\":\"https:\/\/paracherkaoui.ma\/wp-content\/uploads\/2025\/12\/uriage-uriage-offre-speciale-2-creme-deau-mains-promotions-diverses.jpg\",\"width\":700,\"height\":700},{\"@type\":\"BreadcrumbList\",\"@id\":\"https:\/\/paracherkaoui.ma\/index.php\/produit\/uriage-offre-speciale-2-creme-deau-mains\/#breadcrumb\",\"itemListElement\":[{\"@type\":\"ListItem\",\"position\":1,\"name\":\"Accueil\",\"item\":\"https:\/\/paracherkaoui.ma\/\"},{\"@type\":\"ListItem\",\"position\":2,\"name\":\"Boutique\",\"item\":\"https:\/\/paracherkaoui.ma\/index.php\/boutique\/\"},{\"@type\":\"ListItem\",\"position\":3,\"name\":\"URIAGE OFFRE SPECIALE 2 CREME D&rsquo;EAU MAINS\"}]},{\"@type\":\"WebSite\",\"@id\":\"https:\/\/paracherkaoui.ma\/#website\",\"url\":\"https:\/\/paracherkaoui.ma\/\",\"name\":\"Paracherkaoui.ma\",\"description\":\"Achetez en ligne sur Paracherkaoui.ma\",\"potentialAction\":[{\"@type\":\"SearchAction\",\"target\":{\"@type\":\"EntryPoint\",\"urlTemplate\":\"https:\/\/paracherkaoui.ma\/?s={search_term_string}\"},\"query-input\":{\"@type\":\"PropertyValueSpecification\",\"valueRequired\":true,\"valueName\":\"search_term_string\"}}],\"inLanguage\":\"fr-FR\"}]}<\/script>\r\n<!-- \/ Yoast SEO plugin. -->","yoast_head_json":{"title":"URIAGE OFFRE SPECIALE 2 CREME D'EAU MAINS - Paracherkaoui.ma","robots":{"index":"index","follow":"follow","max-snippet":"max-snippet:-1","max-image-preview":"max-image-preview:large","max-video-preview":"max-video-preview:-1"},"canonical":"https:\/\/paracherkaoui.ma\/index.php\/produit\/uriage-offre-speciale-2-creme-deau-mains\/","og_locale":"fr_FR","og_type":"article","og_title":"URIAGE OFFRE SPECIALE 2 CREME D'EAU MAINS - Paracherkaoui.ma","og_description":"\u00c0 la fois nourrissante et ultra-l\u00e9g\u00e8re, la Cr\u00e8me d\u2019Eau fond d\u00e9licieusement sur la peau et l\u2019infuse de son complexe hydratant","og_url":"https:\/\/paracherkaoui.ma\/index.php\/produit\/uriage-offre-speciale-2-creme-deau-mains\/","og_site_name":"Paracherkaoui.ma","article_modified_time":"2025-12-12T16:45:32+00:00","og_image":[{"width":700,"height":700,"url":"https:\/\/paracherkaoui.ma\/wp-content\/uploads\/2025\/12\/uriage-uriage-offre-speciale-2-creme-deau-mains-promotions-diverses.jpg","type":"image\/jpeg"}],"twitter_card":"summary_large_image","schema":{"@context":"https:\/\/schema.org","@graph":[{"@type":"WebPage","@id":"https:\/\/paracherkaoui.ma\/index.php\/produit\/uriage-offre-speciale-2-creme-deau-mains\/","url":"https:\/\/paracherkaoui.ma\/index.php\/produit\/uriage-offre-speciale-2-creme-deau-mains\/","name":"URIAGE OFFRE SPECIALE 2 CREME D'EAU MAINS - Paracherkaoui.ma","isPartOf":{"@id":"https:\/\/paracherkaoui.ma\/#website"},"primaryImageOfPage":{"@id":"https:\/\/paracherkaoui.ma\/index.php\/produit\/uriage-offre-speciale-2-creme-deau-mains\/#primaryimage"},"image":{"@id":"https:\/\/paracherkaoui.ma\/index.php\/produit\/uriage-offre-speciale-2-creme-deau-mains\/#primaryimage"},"thumbnailUrl":"https:\/\/paracherkaoui.ma\/wp-content\/uploads\/2025\/12\/uriage-uriage-offre-speciale-2-creme-deau-mains-promotions-diverses.jpg","datePublished":"2025-12-12T16:45:29+00:00","dateModified":"2025-12-12T16:45:32+00:00","breadcrumb":{"@id":"https:\/\/paracherkaoui.ma\/index.php\/produit\/uriage-offre-speciale-2-creme-deau-mains\/#breadcrumb"},"inLanguage":"fr-FR","potentialAction":[{"@type":"ReadAction","target":["https:\/\/paracherkaoui.ma\/index.php\/produit\/uriage-offre-speciale-2-creme-deau-mains\/"]}]},{"@type":"ImageObject","inLanguage":"fr-FR","@id":"https:\/\/paracherkaoui.ma\/index.php\/produit\/uriage-offre-speciale-2-creme-deau-mains\/#primaryimage","url":"https:\/\/paracherkaoui.ma\/wp-content\/uploads\/2025\/12\/uriage-uriage-offre-speciale-2-creme-deau-mains-promotions-diverses.jpg","contentUrl":"https:\/\/paracherkaoui.ma\/wp-content\/uploads\/2025\/12\/uriage-uriage-offre-speciale-2-creme-deau-mains-promotions-diverses.jpg","width":700,"height":700},{"@type":"BreadcrumbList","@id":"https:\/\/paracherkaoui.ma\/index.php\/produit\/uriage-offre-speciale-2-creme-deau-mains\/#breadcrumb","itemListElement":[{"@type":"ListItem","position":1,"name":"Accueil","item":"https:\/\/paracherkaoui.ma\/"},{"@type":"ListItem","position":2,"name":"Boutique","item":"https:\/\/paracherkaoui.ma\/index.php\/boutique\/"},{"@type":"ListItem","position":3,"name":"URIAGE OFFRE SPECIALE 2 CREME D&rsquo;EAU MAINS"}]},{"@type":"WebSite","@id":"https:\/\/paracherkaoui.ma\/#website","url":"https:\/\/paracherkaoui.ma\/","name":"Paracherkaoui.ma","description":"Achetez en ligne sur Paracherkaoui.ma","potentialAction":[{"@type":"SearchAction","target":{"@type":"EntryPoint","urlTemplate":"https:\/\/paracherkaoui.ma\/?s={search_term_string}"},"query-input":{"@type":"PropertyValueSpecification","valueRequired":true,"valueName":"search_term_string"}}],"inLanguage":"fr-FR"}]}},"_links":{"self":[{"href":"https:\/\/paracherkaoui.ma\/index.php\/wp-json\/wp\/v2\/product\/11946","targetHints":{"allow":["GET"]}}],"collection":[{"href":"https:\/\/paracherkaoui.ma\/index.php\/wp-json\/wp\/v2\/product"}],"about":[{"href":"https:\/\/paracherkaoui.ma\/index.php\/wp-json\/wp\/v2\/types\/product"}],"replies":[{"embeddable":true,"href":"https:\/\/paracherkaoui.ma\/index.php\/wp-json\/wp\/v2\/comments?post=11946"}],"version-history":[{"count":1,"href":"https:\/\/paracherkaoui.ma\/index.php\/wp-json\/wp\/v2\/product\/11946\/revisions"}],"predecessor-version":[{"id":11993,"href":"https:\/\/paracherkaoui.ma\/index.php\/wp-json\/wp\/v2\/product\/11946\/revisions\/11993"}],"wp:featuredmedia":[{"embeddable":true,"href":"https:\/\/paracherkaoui.ma\/index.php\/wp-json\/wp\/v2\/media\/11992"}],"wp:attachment":[{"href":"https:\/\/paracherkaoui.ma\/index.php\/wp-json\/wp\/v2\/media?parent=11946"}],"wp:term":[{"taxonomy":"product_brand","embeddable":true,"href":"https:\/\/paracherkaoui.ma\/index.php\/wp-json\/wp\/v2\/product_brand?post=11946"},{"taxonomy":"product_cat","embeddable":true,"href":"https:\/\/paracherkaoui.ma\/index.php\/wp-json\/wp\/v2\/product_cat?post=11946"},{"taxonomy":"product_tag","embeddable":true,"href":"https:\/\/paracherkaoui.ma\/index.php\/wp-json\/wp\/v2\/product_tag?post=11946"}],"curies":[{"name":"wp","href":"https:\/\/api.w.org\/{rel}","templated":true}]}}