{"id":11944,"date":"2025-12-12T17:45:29","date_gmt":"2025-12-12T16:45:29","guid":{"rendered":"https:\/\/test.ecbeaute.com\/?post_type=product&#038;p=11944"},"modified":"2025-12-12T17:45:31","modified_gmt":"2025-12-12T16:45:31","slug":"uriage-bariederm-cica-creme-reparatrice-spf50-40ml-gel-nettoyant-200ml-offert","status":"publish","type":"product","link":"https:\/\/paracherkaoui.ma\/index.php\/produit\/uriage-bariederm-cica-creme-reparatrice-spf50-40ml-gel-nettoyant-200ml-offert\/","title":{"rendered":"URIAGE BARIEDERM CICA CREME REPARATRICE SPF50+ 40ML+ GEL NETTOYANT 200ML OFFERT"},"content":{"rendered":"<p>La formule brevet\u00e9e Poly-2P agit comme un pansement non occlusif, isolant la peau des agressions ext\u00e9rieures tout en la prot\u00e9geant des dommages caus\u00e9s par les rayons UV. Cette double protection est cruciale pour maintenir une peau saine et pr\u00e9venir les marques et cicatrices inesth\u00e9tiques apr\u00e8s une exposition solaire.<br \/>\nLe complexe brevet\u00e9 GF-Repair stimule les facteurs de croissance de la peau, acc\u00e9l\u00e9rant ainsi la r\u00e9paration de l\u2019\u00e9piderme. Ce processus permet une cicatrisation rapide et efficace, limitant ainsi les marques cicatricielles et restaurant l&rsquo;int\u00e9grit\u00e9 de la peau. L\u2019association de l\u2019Eau Thermale d\u2019Uriage et du D-Panth\u00e9nol procure un soulagement imm\u00e9diat et durable des irritations. Le Cuivre-Zinc joue un r\u00f4le cl\u00e9 en limitant la prolif\u00e9ration bact\u00e9rienne, assurant ainsi une peau plus saine et moins sujette aux infections.<br \/>\nLes utilisateurs de cette cr\u00e8me constatent une r\u00e9paration visible de la peau d\u00e8s 48 heures, avec 97% d\u2019efficacit\u00e9. La cr\u00e8me offre \u00e9galement une application sans douleur et une haute tol\u00e9rance, garantissant un confort imm\u00e9diat et durable.<br \/>\nCOMPOSITION<br \/>\nAQUA (WATER, EAU) \u25cf PARAFFINUM LIQUIDUM (MINERAL OIL) \u25cf SODIUM CHLORIDE \u25cf ZINC OXIDE \u25cf CETYL PEG\/PPG-10\/1 DIMETHICONE \u25cf PROPYLHEPTYL CAPRYLATE \u25cf BUTYLENE GLYCOL \u25cf HYDROGENATED POLYDECENE \u25cf PANTHENOL \u25cf GLYCERIN \u25cf DIMETHICONE \u25cf DISTEARDIMONIUM HECTORITE \u25cf POLYGLYCERYL-3 DIISOSTEARATE \u25cf MAGNESIUM SULFATE \u25cf METHYLPROPANEDIOL \u25cf TOCOPHERYL ACETATE \u25cf TRIACONTANYL PVP \u25cf COPPER GLUCONATE \u25cf PROPANEDIOL \u25cf PROPYLENE CARBONATE \u25cf CITRIC ACID \u25cf GLUTAMYLAMIDOETHYL INDOLE \u25cf POLYQUATERNIUM-61 \u25cf HYALURONIC ACID \u25cf SILANETRIOL \u25cf BORAGE SEED OIL AMINOPROPANEDIOL AMIDES<br \/>\nCONSEIL D\u2019UTILISATION :<br \/>\nAppliquer 1 \u00e0 2 fois par jour sur une peau pr\u00e9alablement nettoy\u00e9e avec le Bari\u00e9derm Cica-Gel Nettoyant. En cas d\u2019exposition solaire, renouveler l\u2019application toutes les 2 heures et apr\u00e8s chaque bain. \u00c9viter le contour des yeux. Convient aux enfants et aux adultes.<\/p>\n","protected":false},"excerpt":{"rendered":"<p>La formule brevet\u00e9e Poly-2P agit comme un pansement non occlusif, isolant la peau des agressions ext\u00e9rieures tout en la prot\u00e9geant<\/p>\n","protected":false},"featured_media":11988,"comment_status":"open","ping_status":"closed","template":"","meta":[],"product_brand":[130],"product_cat":[154],"product_tag":[],"class_list":{"0":"post-11944","1":"product","2":"type-product","3":"status-publish","4":"has-post-thumbnail","6":"product_brand-uriage","7":"product_cat-coffrets-dermocosmetiques","9":"first","10":"instock","11":"sale","12":"shipping-taxable","13":"purchasable","14":"product-type-simple"},"yoast_head":"<!-- This site is optimized with the Yoast SEO plugin v26.6 - https:\/\/yoast.com\/wordpress\/plugins\/seo\/ -->\r\n<title>URIAGE BARIEDERM CICA CREME REPARATRICE SPF50+ 40ML+ GEL NETTOYANT 200ML OFFERT - Paracherkaoui.ma<\/title>\r\n<meta name=\"robots\" content=\"index, follow, max-snippet:-1, max-image-preview:large, max-video-preview:-1\" \/>\r\n<link rel=\"canonical\" href=\"https:\/\/paracherkaoui.ma\/index.php\/produit\/uriage-bariederm-cica-creme-reparatrice-spf50-40ml-gel-nettoyant-200ml-offert\/\" \/>\r\n<meta property=\"og:locale\" content=\"fr_FR\" \/>\r\n<meta property=\"og:type\" content=\"article\" \/>\r\n<meta property=\"og:title\" content=\"URIAGE BARIEDERM CICA CREME REPARATRICE SPF50+ 40ML+ GEL NETTOYANT 200ML OFFERT - Paracherkaoui.ma\" \/>\r\n<meta property=\"og:description\" content=\"La formule brevet\u00e9e Poly-2P agit comme un pansement non occlusif, isolant la peau des agressions ext\u00e9rieures tout en la prot\u00e9geant\" \/>\r\n<meta property=\"og:url\" content=\"https:\/\/paracherkaoui.ma\/index.php\/produit\/uriage-bariederm-cica-creme-reparatrice-spf50-40ml-gel-nettoyant-200ml-offert\/\" \/>\r\n<meta property=\"og:site_name\" content=\"Paracherkaoui.ma\" \/>\r\n<meta property=\"article:modified_time\" content=\"2025-12-12T16:45:31+00:00\" \/>\r\n<meta property=\"og:image\" content=\"https:\/\/paracherkaoui.ma\/wp-content\/uploads\/2025\/12\/uriage-uriage-bariederm-cica-creme-reparatrice-spf50-40ml-gel-nettoyant-200ml-offert-visage.jpg\" \/>\r\n\t<meta property=\"og:image:width\" content=\"700\" \/>\r\n\t<meta property=\"og:image:height\" content=\"700\" \/>\r\n\t<meta property=\"og:image:type\" content=\"image\/jpeg\" \/>\r\n<meta name=\"twitter:card\" content=\"summary_large_image\" \/>\r\n<meta name=\"twitter:label1\" content=\"Dur\u00e9e de lecture estim\u00e9e\" \/>\n\t<meta name=\"twitter:data1\" content=\"1 minute\" \/>\r\n<script type=\"application\/ld+json\" class=\"yoast-schema-graph\">{\"@context\":\"https:\/\/schema.org\",\"@graph\":[{\"@type\":\"WebPage\",\"@id\":\"https:\/\/paracherkaoui.ma\/index.php\/produit\/uriage-bariederm-cica-creme-reparatrice-spf50-40ml-gel-nettoyant-200ml-offert\/\",\"url\":\"https:\/\/paracherkaoui.ma\/index.php\/produit\/uriage-bariederm-cica-creme-reparatrice-spf50-40ml-gel-nettoyant-200ml-offert\/\",\"name\":\"URIAGE BARIEDERM CICA CREME REPARATRICE SPF50+ 40ML+ GEL NETTOYANT 200ML OFFERT - Paracherkaoui.ma\",\"isPartOf\":{\"@id\":\"https:\/\/paracherkaoui.ma\/#website\"},\"primaryImageOfPage\":{\"@id\":\"https:\/\/paracherkaoui.ma\/index.php\/produit\/uriage-bariederm-cica-creme-reparatrice-spf50-40ml-gel-nettoyant-200ml-offert\/#primaryimage\"},\"image\":{\"@id\":\"https:\/\/paracherkaoui.ma\/index.php\/produit\/uriage-bariederm-cica-creme-reparatrice-spf50-40ml-gel-nettoyant-200ml-offert\/#primaryimage\"},\"thumbnailUrl\":\"https:\/\/paracherkaoui.ma\/wp-content\/uploads\/2025\/12\/uriage-uriage-bariederm-cica-creme-reparatrice-spf50-40ml-gel-nettoyant-200ml-offert-visage.jpg\",\"datePublished\":\"2025-12-12T16:45:29+00:00\",\"dateModified\":\"2025-12-12T16:45:31+00:00\",\"breadcrumb\":{\"@id\":\"https:\/\/paracherkaoui.ma\/index.php\/produit\/uriage-bariederm-cica-creme-reparatrice-spf50-40ml-gel-nettoyant-200ml-offert\/#breadcrumb\"},\"inLanguage\":\"fr-FR\",\"potentialAction\":[{\"@type\":\"ReadAction\",\"target\":[\"https:\/\/paracherkaoui.ma\/index.php\/produit\/uriage-bariederm-cica-creme-reparatrice-spf50-40ml-gel-nettoyant-200ml-offert\/\"]}]},{\"@type\":\"ImageObject\",\"inLanguage\":\"fr-FR\",\"@id\":\"https:\/\/paracherkaoui.ma\/index.php\/produit\/uriage-bariederm-cica-creme-reparatrice-spf50-40ml-gel-nettoyant-200ml-offert\/#primaryimage\",\"url\":\"https:\/\/paracherkaoui.ma\/wp-content\/uploads\/2025\/12\/uriage-uriage-bariederm-cica-creme-reparatrice-spf50-40ml-gel-nettoyant-200ml-offert-visage.jpg\",\"contentUrl\":\"https:\/\/paracherkaoui.ma\/wp-content\/uploads\/2025\/12\/uriage-uriage-bariederm-cica-creme-reparatrice-spf50-40ml-gel-nettoyant-200ml-offert-visage.jpg\",\"width\":700,\"height\":700},{\"@type\":\"BreadcrumbList\",\"@id\":\"https:\/\/paracherkaoui.ma\/index.php\/produit\/uriage-bariederm-cica-creme-reparatrice-spf50-40ml-gel-nettoyant-200ml-offert\/#breadcrumb\",\"itemListElement\":[{\"@type\":\"ListItem\",\"position\":1,\"name\":\"Accueil\",\"item\":\"https:\/\/paracherkaoui.ma\/\"},{\"@type\":\"ListItem\",\"position\":2,\"name\":\"Boutique\",\"item\":\"https:\/\/paracherkaoui.ma\/index.php\/boutique\/\"},{\"@type\":\"ListItem\",\"position\":3,\"name\":\"URIAGE BARIEDERM CICA CREME REPARATRICE SPF50+ 40ML+ GEL NETTOYANT 200ML OFFERT\"}]},{\"@type\":\"WebSite\",\"@id\":\"https:\/\/paracherkaoui.ma\/#website\",\"url\":\"https:\/\/paracherkaoui.ma\/\",\"name\":\"Paracherkaoui.ma\",\"description\":\"Achetez en ligne sur Paracherkaoui.ma\",\"potentialAction\":[{\"@type\":\"SearchAction\",\"target\":{\"@type\":\"EntryPoint\",\"urlTemplate\":\"https:\/\/paracherkaoui.ma\/?s={search_term_string}\"},\"query-input\":{\"@type\":\"PropertyValueSpecification\",\"valueRequired\":true,\"valueName\":\"search_term_string\"}}],\"inLanguage\":\"fr-FR\"}]}<\/script>\r\n<!-- \/ Yoast SEO plugin. -->","yoast_head_json":{"title":"URIAGE BARIEDERM CICA CREME REPARATRICE SPF50+ 40ML+ GEL NETTOYANT 200ML OFFERT - Paracherkaoui.ma","robots":{"index":"index","follow":"follow","max-snippet":"max-snippet:-1","max-image-preview":"max-image-preview:large","max-video-preview":"max-video-preview:-1"},"canonical":"https:\/\/paracherkaoui.ma\/index.php\/produit\/uriage-bariederm-cica-creme-reparatrice-spf50-40ml-gel-nettoyant-200ml-offert\/","og_locale":"fr_FR","og_type":"article","og_title":"URIAGE BARIEDERM CICA CREME REPARATRICE SPF50+ 40ML+ GEL NETTOYANT 200ML OFFERT - Paracherkaoui.ma","og_description":"La formule brevet\u00e9e Poly-2P agit comme un pansement non occlusif, isolant la peau des agressions ext\u00e9rieures tout en la prot\u00e9geant","og_url":"https:\/\/paracherkaoui.ma\/index.php\/produit\/uriage-bariederm-cica-creme-reparatrice-spf50-40ml-gel-nettoyant-200ml-offert\/","og_site_name":"Paracherkaoui.ma","article_modified_time":"2025-12-12T16:45:31+00:00","og_image":[{"width":700,"height":700,"url":"https:\/\/paracherkaoui.ma\/wp-content\/uploads\/2025\/12\/uriage-uriage-bariederm-cica-creme-reparatrice-spf50-40ml-gel-nettoyant-200ml-offert-visage.jpg","type":"image\/jpeg"}],"twitter_card":"summary_large_image","twitter_misc":{"Dur\u00e9e de lecture estim\u00e9e":"1 minute"},"schema":{"@context":"https:\/\/schema.org","@graph":[{"@type":"WebPage","@id":"https:\/\/paracherkaoui.ma\/index.php\/produit\/uriage-bariederm-cica-creme-reparatrice-spf50-40ml-gel-nettoyant-200ml-offert\/","url":"https:\/\/paracherkaoui.ma\/index.php\/produit\/uriage-bariederm-cica-creme-reparatrice-spf50-40ml-gel-nettoyant-200ml-offert\/","name":"URIAGE BARIEDERM CICA CREME REPARATRICE SPF50+ 40ML+ GEL NETTOYANT 200ML OFFERT - Paracherkaoui.ma","isPartOf":{"@id":"https:\/\/paracherkaoui.ma\/#website"},"primaryImageOfPage":{"@id":"https:\/\/paracherkaoui.ma\/index.php\/produit\/uriage-bariederm-cica-creme-reparatrice-spf50-40ml-gel-nettoyant-200ml-offert\/#primaryimage"},"image":{"@id":"https:\/\/paracherkaoui.ma\/index.php\/produit\/uriage-bariederm-cica-creme-reparatrice-spf50-40ml-gel-nettoyant-200ml-offert\/#primaryimage"},"thumbnailUrl":"https:\/\/paracherkaoui.ma\/wp-content\/uploads\/2025\/12\/uriage-uriage-bariederm-cica-creme-reparatrice-spf50-40ml-gel-nettoyant-200ml-offert-visage.jpg","datePublished":"2025-12-12T16:45:29+00:00","dateModified":"2025-12-12T16:45:31+00:00","breadcrumb":{"@id":"https:\/\/paracherkaoui.ma\/index.php\/produit\/uriage-bariederm-cica-creme-reparatrice-spf50-40ml-gel-nettoyant-200ml-offert\/#breadcrumb"},"inLanguage":"fr-FR","potentialAction":[{"@type":"ReadAction","target":["https:\/\/paracherkaoui.ma\/index.php\/produit\/uriage-bariederm-cica-creme-reparatrice-spf50-40ml-gel-nettoyant-200ml-offert\/"]}]},{"@type":"ImageObject","inLanguage":"fr-FR","@id":"https:\/\/paracherkaoui.ma\/index.php\/produit\/uriage-bariederm-cica-creme-reparatrice-spf50-40ml-gel-nettoyant-200ml-offert\/#primaryimage","url":"https:\/\/paracherkaoui.ma\/wp-content\/uploads\/2025\/12\/uriage-uriage-bariederm-cica-creme-reparatrice-spf50-40ml-gel-nettoyant-200ml-offert-visage.jpg","contentUrl":"https:\/\/paracherkaoui.ma\/wp-content\/uploads\/2025\/12\/uriage-uriage-bariederm-cica-creme-reparatrice-spf50-40ml-gel-nettoyant-200ml-offert-visage.jpg","width":700,"height":700},{"@type":"BreadcrumbList","@id":"https:\/\/paracherkaoui.ma\/index.php\/produit\/uriage-bariederm-cica-creme-reparatrice-spf50-40ml-gel-nettoyant-200ml-offert\/#breadcrumb","itemListElement":[{"@type":"ListItem","position":1,"name":"Accueil","item":"https:\/\/paracherkaoui.ma\/"},{"@type":"ListItem","position":2,"name":"Boutique","item":"https:\/\/paracherkaoui.ma\/index.php\/boutique\/"},{"@type":"ListItem","position":3,"name":"URIAGE BARIEDERM CICA CREME REPARATRICE SPF50+ 40ML+ GEL NETTOYANT 200ML OFFERT"}]},{"@type":"WebSite","@id":"https:\/\/paracherkaoui.ma\/#website","url":"https:\/\/paracherkaoui.ma\/","name":"Paracherkaoui.ma","description":"Achetez en ligne sur Paracherkaoui.ma","potentialAction":[{"@type":"SearchAction","target":{"@type":"EntryPoint","urlTemplate":"https:\/\/paracherkaoui.ma\/?s={search_term_string}"},"query-input":{"@type":"PropertyValueSpecification","valueRequired":true,"valueName":"search_term_string"}}],"inLanguage":"fr-FR"}]}},"_links":{"self":[{"href":"https:\/\/paracherkaoui.ma\/index.php\/wp-json\/wp\/v2\/product\/11944","targetHints":{"allow":["GET"]}}],"collection":[{"href":"https:\/\/paracherkaoui.ma\/index.php\/wp-json\/wp\/v2\/product"}],"about":[{"href":"https:\/\/paracherkaoui.ma\/index.php\/wp-json\/wp\/v2\/types\/product"}],"replies":[{"embeddable":true,"href":"https:\/\/paracherkaoui.ma\/index.php\/wp-json\/wp\/v2\/comments?post=11944"}],"version-history":[{"count":1,"href":"https:\/\/paracherkaoui.ma\/index.php\/wp-json\/wp\/v2\/product\/11944\/revisions"}],"predecessor-version":[{"id":11989,"href":"https:\/\/paracherkaoui.ma\/index.php\/wp-json\/wp\/v2\/product\/11944\/revisions\/11989"}],"wp:featuredmedia":[{"embeddable":true,"href":"https:\/\/paracherkaoui.ma\/index.php\/wp-json\/wp\/v2\/media\/11988"}],"wp:attachment":[{"href":"https:\/\/paracherkaoui.ma\/index.php\/wp-json\/wp\/v2\/media?parent=11944"}],"wp:term":[{"taxonomy":"product_brand","embeddable":true,"href":"https:\/\/paracherkaoui.ma\/index.php\/wp-json\/wp\/v2\/product_brand?post=11944"},{"taxonomy":"product_cat","embeddable":true,"href":"https:\/\/paracherkaoui.ma\/index.php\/wp-json\/wp\/v2\/product_cat?post=11944"},{"taxonomy":"product_tag","embeddable":true,"href":"https:\/\/paracherkaoui.ma\/index.php\/wp-json\/wp\/v2\/product_tag?post=11944"}],"curies":[{"name":"wp","href":"https:\/\/api.w.org\/{rel}","templated":true}]}}