{"id":11940,"date":"2025-12-12T17:45:28","date_gmt":"2025-12-12T16:45:28","guid":{"rendered":"https:\/\/test.ecbeaute.com\/?post_type=product&#038;p=11940"},"modified":"2025-12-12T17:45:31","modified_gmt":"2025-12-12T16:45:31","slug":"bioderma-offre-photoderm-spot-age-spf-50-gel-creme-anti-taches-40-ml-nettoyant-8ml-pigmentbio-5ml-offerts","status":"publish","type":"product","link":"https:\/\/paracherkaoui.ma\/index.php\/produit\/bioderma-offre-photoderm-spot-age-spf-50-gel-creme-anti-taches-40-ml-nettoyant-8ml-pigmentbio-5ml-offerts\/","title":{"rendered":"BIODERMA OFFRE PHOTODERM SPOT AGE SPF 50+ GEL CREME ANTI TACHES 40 ML + NETTOYANT 8ML+ PIGMENTBIO 5ML OFFERTS"},"content":{"rendered":"<p>Photoderm SPOT-AGE SPF 50+ qui associe le pouvoir de 3 actifs reconnus par les dermatologues [Vitamine C &#8211; Vitamine E &#8211; Centella asiatica] et de filtres solaires pour une protection large spectre (UV &#8211; Lumi\u00e8re Visible &#8211; Infrarouges) et cr\u00e9e un soin qui pr\u00e9vient et favorise la r\u00e9duction des signes visibles du photovieillissement (taches, rides, perte de fermet\u00e9).Le brevet Bioprotection Cellulaire (1), v\u00e9ritable protection biologique interne, pr\u00e9serve et stimule les d\u00e9fenses naturelles de la peau des m\u00e9faits du soleil.La vitamine E (2)et la vitamine C (3) s\u00e9lectionn\u00e9s dans Photoderm SPOT-AGE SPF50+ sont hautement stable et offrent une protection antioxydante compl\u00e9mentaire contre les effets du spectre solaire total (radicaux libres). Ils aident \u00e9galement \u00e0 prevenir l&rsquo;apparition de nouvelles taches. La vitamine C introduite dans le produit est coupl\u00e9e \u00e0 un sucre la rendant 3 fois plus stable que la forme active biologique de la vitamine C appel\u00e9e acide L-ascorbique. Sa distribution au niveau de la peau est alors contr\u00f4l\u00e9e, la s\u00e9paration avec la mol\u00e9cule de sucre pour lib\u00e9rer la Vitamine C active se fait au contact de la cellule. Ceci permet une lib\u00e9ration contr\u00f4l\u00e9e de vitamine C active quand il le faut !La vitamine E est introduite sous sa forme naturelle la plus active, l&rsquo;alpha-tocoph\u00e9rol. Elle bloque les r\u00e9actions radicalaires, permettant de prot\u00e9ger les membranes des cellules et de limiter les effets du photovieillissement sur la peau.La Centella asiatica pr\u00e9vient les alt\u00e9rations du derme et r\u00e9g\u00e9n\u00e8re la peau en stimulant la production de collag\u00e8ne I dans le derme et en inhibant les enzymes responsables de sa d\u00e9gradation.<br \/>\nConseils d&rsquo;utilisation:<br \/>\nUsage quotidien pour pr\u00e9venir et favoriser la r\u00e9duction des signes visibles du photovieillissement Appliquer seul ou apr\u00e8s la cr\u00e8me de jour. Appliquer avant l\u2019exposition uniform\u00e9ment et g\u00e9n\u00e9reusement (une quantit\u00e9 r\u00e9duite de produit diminue le niveau de protection solaire).Renouveler fr\u00e9quemment l\u2019application avant et apr\u00e8s chaque bain, frottement ou activit\u00e9 sportive.Appliquer sur peau saine. Post-laser superficiel.<\/p>\n","protected":false},"excerpt":{"rendered":"<p>Photoderm SPOT-AGE SPF 50+ qui associe le pouvoir de 3 actifs reconnus par les dermatologues [Vitamine C &#8211; Vitamine E<\/p>\n","protected":false},"featured_media":11982,"comment_status":"open","ping_status":"closed","template":"","meta":[],"product_brand":[137],"product_cat":[154],"product_tag":[],"class_list":{"0":"post-11940","1":"product","2":"type-product","3":"status-publish","4":"has-post-thumbnail","6":"product_brand-bioderma","7":"product_cat-coffrets-dermocosmetiques","9":"first","10":"instock","11":"sale","12":"shipping-taxable","13":"purchasable","14":"product-type-simple"},"yoast_head":"<!-- This site is optimized with the Yoast SEO plugin v26.6 - https:\/\/yoast.com\/wordpress\/plugins\/seo\/ -->\r\n<title>BIODERMA OFFRE PHOTODERM SPOT AGE SPF 50+ GEL CREME ANTI TACHES 40 ML + NETTOYANT 8ML+ PIGMENTBIO 5ML OFFERTS - Paracherkaoui.ma<\/title>\r\n<meta name=\"robots\" content=\"index, follow, max-snippet:-1, max-image-preview:large, max-video-preview:-1\" \/>\r\n<link rel=\"canonical\" href=\"https:\/\/paracherkaoui.ma\/index.php\/produit\/bioderma-offre-photoderm-spot-age-spf-50-gel-creme-anti-taches-40-ml-nettoyant-8ml-pigmentbio-5ml-offerts\/\" \/>\r\n<meta property=\"og:locale\" content=\"fr_FR\" \/>\r\n<meta property=\"og:type\" content=\"article\" \/>\r\n<meta property=\"og:title\" content=\"BIODERMA OFFRE PHOTODERM SPOT AGE SPF 50+ GEL CREME ANTI TACHES 40 ML + NETTOYANT 8ML+ PIGMENTBIO 5ML OFFERTS - Paracherkaoui.ma\" \/>\r\n<meta property=\"og:description\" content=\"Photoderm SPOT-AGE SPF 50+ qui associe le pouvoir de 3 actifs reconnus par les dermatologues [Vitamine C &#8211; Vitamine E\" \/>\r\n<meta property=\"og:url\" content=\"https:\/\/paracherkaoui.ma\/index.php\/produit\/bioderma-offre-photoderm-spot-age-spf-50-gel-creme-anti-taches-40-ml-nettoyant-8ml-pigmentbio-5ml-offerts\/\" \/>\r\n<meta property=\"og:site_name\" content=\"Paracherkaoui.ma\" \/>\r\n<meta property=\"article:modified_time\" content=\"2025-12-12T16:45:31+00:00\" \/>\r\n<meta property=\"og:image\" content=\"https:\/\/paracherkaoui.ma\/wp-content\/uploads\/2025\/12\/bioderma-offre-photoderm-spot-age-spf-50-gel-creme-anti-taches-40-ml-nettoyant-8ml-pigmentbio-5ml-offerts.jpg\" \/>\r\n\t<meta property=\"og:image:width\" content=\"700\" \/>\r\n\t<meta property=\"og:image:height\" content=\"700\" \/>\r\n\t<meta property=\"og:image:type\" content=\"image\/jpeg\" \/>\r\n<meta name=\"twitter:card\" content=\"summary_large_image\" \/>\r\n<meta name=\"twitter:label1\" content=\"Dur\u00e9e de lecture estim\u00e9e\" \/>\n\t<meta name=\"twitter:data1\" content=\"2 minutes\" \/>\r\n<script type=\"application\/ld+json\" class=\"yoast-schema-graph\">{\"@context\":\"https:\/\/schema.org\",\"@graph\":[{\"@type\":\"WebPage\",\"@id\":\"https:\/\/paracherkaoui.ma\/index.php\/produit\/bioderma-offre-photoderm-spot-age-spf-50-gel-creme-anti-taches-40-ml-nettoyant-8ml-pigmentbio-5ml-offerts\/\",\"url\":\"https:\/\/paracherkaoui.ma\/index.php\/produit\/bioderma-offre-photoderm-spot-age-spf-50-gel-creme-anti-taches-40-ml-nettoyant-8ml-pigmentbio-5ml-offerts\/\",\"name\":\"BIODERMA OFFRE PHOTODERM SPOT AGE SPF 50+ GEL CREME ANTI TACHES 40 ML + NETTOYANT 8ML+ PIGMENTBIO 5ML OFFERTS - Paracherkaoui.ma\",\"isPartOf\":{\"@id\":\"https:\/\/paracherkaoui.ma\/#website\"},\"primaryImageOfPage\":{\"@id\":\"https:\/\/paracherkaoui.ma\/index.php\/produit\/bioderma-offre-photoderm-spot-age-spf-50-gel-creme-anti-taches-40-ml-nettoyant-8ml-pigmentbio-5ml-offerts\/#primaryimage\"},\"image\":{\"@id\":\"https:\/\/paracherkaoui.ma\/index.php\/produit\/bioderma-offre-photoderm-spot-age-spf-50-gel-creme-anti-taches-40-ml-nettoyant-8ml-pigmentbio-5ml-offerts\/#primaryimage\"},\"thumbnailUrl\":\"https:\/\/paracherkaoui.ma\/wp-content\/uploads\/2025\/12\/bioderma-offre-photoderm-spot-age-spf-50-gel-creme-anti-taches-40-ml-nettoyant-8ml-pigmentbio-5ml-offerts.jpg\",\"datePublished\":\"2025-12-12T16:45:28+00:00\",\"dateModified\":\"2025-12-12T16:45:31+00:00\",\"breadcrumb\":{\"@id\":\"https:\/\/paracherkaoui.ma\/index.php\/produit\/bioderma-offre-photoderm-spot-age-spf-50-gel-creme-anti-taches-40-ml-nettoyant-8ml-pigmentbio-5ml-offerts\/#breadcrumb\"},\"inLanguage\":\"fr-FR\",\"potentialAction\":[{\"@type\":\"ReadAction\",\"target\":[\"https:\/\/paracherkaoui.ma\/index.php\/produit\/bioderma-offre-photoderm-spot-age-spf-50-gel-creme-anti-taches-40-ml-nettoyant-8ml-pigmentbio-5ml-offerts\/\"]}]},{\"@type\":\"ImageObject\",\"inLanguage\":\"fr-FR\",\"@id\":\"https:\/\/paracherkaoui.ma\/index.php\/produit\/bioderma-offre-photoderm-spot-age-spf-50-gel-creme-anti-taches-40-ml-nettoyant-8ml-pigmentbio-5ml-offerts\/#primaryimage\",\"url\":\"https:\/\/paracherkaoui.ma\/wp-content\/uploads\/2025\/12\/bioderma-offre-photoderm-spot-age-spf-50-gel-creme-anti-taches-40-ml-nettoyant-8ml-pigmentbio-5ml-offerts.jpg\",\"contentUrl\":\"https:\/\/paracherkaoui.ma\/wp-content\/uploads\/2025\/12\/bioderma-offre-photoderm-spot-age-spf-50-gel-creme-anti-taches-40-ml-nettoyant-8ml-pigmentbio-5ml-offerts.jpg\",\"width\":700,\"height\":700},{\"@type\":\"BreadcrumbList\",\"@id\":\"https:\/\/paracherkaoui.ma\/index.php\/produit\/bioderma-offre-photoderm-spot-age-spf-50-gel-creme-anti-taches-40-ml-nettoyant-8ml-pigmentbio-5ml-offerts\/#breadcrumb\",\"itemListElement\":[{\"@type\":\"ListItem\",\"position\":1,\"name\":\"Accueil\",\"item\":\"https:\/\/paracherkaoui.ma\/\"},{\"@type\":\"ListItem\",\"position\":2,\"name\":\"Boutique\",\"item\":\"https:\/\/paracherkaoui.ma\/index.php\/boutique\/\"},{\"@type\":\"ListItem\",\"position\":3,\"name\":\"BIODERMA OFFRE PHOTODERM SPOT AGE SPF 50+ GEL CREME ANTI TACHES 40 ML + NETTOYANT 8ML+ PIGMENTBIO 5ML OFFERTS\"}]},{\"@type\":\"WebSite\",\"@id\":\"https:\/\/paracherkaoui.ma\/#website\",\"url\":\"https:\/\/paracherkaoui.ma\/\",\"name\":\"Paracherkaoui.ma\",\"description\":\"Achetez en ligne sur Paracherkaoui.ma\",\"potentialAction\":[{\"@type\":\"SearchAction\",\"target\":{\"@type\":\"EntryPoint\",\"urlTemplate\":\"https:\/\/paracherkaoui.ma\/?s={search_term_string}\"},\"query-input\":{\"@type\":\"PropertyValueSpecification\",\"valueRequired\":true,\"valueName\":\"search_term_string\"}}],\"inLanguage\":\"fr-FR\"}]}<\/script>\r\n<!-- \/ Yoast SEO plugin. -->","yoast_head_json":{"title":"BIODERMA OFFRE PHOTODERM SPOT AGE SPF 50+ GEL CREME ANTI TACHES 40 ML + NETTOYANT 8ML+ PIGMENTBIO 5ML OFFERTS - Paracherkaoui.ma","robots":{"index":"index","follow":"follow","max-snippet":"max-snippet:-1","max-image-preview":"max-image-preview:large","max-video-preview":"max-video-preview:-1"},"canonical":"https:\/\/paracherkaoui.ma\/index.php\/produit\/bioderma-offre-photoderm-spot-age-spf-50-gel-creme-anti-taches-40-ml-nettoyant-8ml-pigmentbio-5ml-offerts\/","og_locale":"fr_FR","og_type":"article","og_title":"BIODERMA OFFRE PHOTODERM SPOT AGE SPF 50+ GEL CREME ANTI TACHES 40 ML + NETTOYANT 8ML+ PIGMENTBIO 5ML OFFERTS - Paracherkaoui.ma","og_description":"Photoderm SPOT-AGE SPF 50+ qui associe le pouvoir de 3 actifs reconnus par les dermatologues [Vitamine C &#8211; Vitamine E","og_url":"https:\/\/paracherkaoui.ma\/index.php\/produit\/bioderma-offre-photoderm-spot-age-spf-50-gel-creme-anti-taches-40-ml-nettoyant-8ml-pigmentbio-5ml-offerts\/","og_site_name":"Paracherkaoui.ma","article_modified_time":"2025-12-12T16:45:31+00:00","og_image":[{"width":700,"height":700,"url":"https:\/\/paracherkaoui.ma\/wp-content\/uploads\/2025\/12\/bioderma-offre-photoderm-spot-age-spf-50-gel-creme-anti-taches-40-ml-nettoyant-8ml-pigmentbio-5ml-offerts.jpg","type":"image\/jpeg"}],"twitter_card":"summary_large_image","twitter_misc":{"Dur\u00e9e de lecture estim\u00e9e":"2 minutes"},"schema":{"@context":"https:\/\/schema.org","@graph":[{"@type":"WebPage","@id":"https:\/\/paracherkaoui.ma\/index.php\/produit\/bioderma-offre-photoderm-spot-age-spf-50-gel-creme-anti-taches-40-ml-nettoyant-8ml-pigmentbio-5ml-offerts\/","url":"https:\/\/paracherkaoui.ma\/index.php\/produit\/bioderma-offre-photoderm-spot-age-spf-50-gel-creme-anti-taches-40-ml-nettoyant-8ml-pigmentbio-5ml-offerts\/","name":"BIODERMA OFFRE PHOTODERM SPOT AGE SPF 50+ GEL CREME ANTI TACHES 40 ML + NETTOYANT 8ML+ PIGMENTBIO 5ML OFFERTS - Paracherkaoui.ma","isPartOf":{"@id":"https:\/\/paracherkaoui.ma\/#website"},"primaryImageOfPage":{"@id":"https:\/\/paracherkaoui.ma\/index.php\/produit\/bioderma-offre-photoderm-spot-age-spf-50-gel-creme-anti-taches-40-ml-nettoyant-8ml-pigmentbio-5ml-offerts\/#primaryimage"},"image":{"@id":"https:\/\/paracherkaoui.ma\/index.php\/produit\/bioderma-offre-photoderm-spot-age-spf-50-gel-creme-anti-taches-40-ml-nettoyant-8ml-pigmentbio-5ml-offerts\/#primaryimage"},"thumbnailUrl":"https:\/\/paracherkaoui.ma\/wp-content\/uploads\/2025\/12\/bioderma-offre-photoderm-spot-age-spf-50-gel-creme-anti-taches-40-ml-nettoyant-8ml-pigmentbio-5ml-offerts.jpg","datePublished":"2025-12-12T16:45:28+00:00","dateModified":"2025-12-12T16:45:31+00:00","breadcrumb":{"@id":"https:\/\/paracherkaoui.ma\/index.php\/produit\/bioderma-offre-photoderm-spot-age-spf-50-gel-creme-anti-taches-40-ml-nettoyant-8ml-pigmentbio-5ml-offerts\/#breadcrumb"},"inLanguage":"fr-FR","potentialAction":[{"@type":"ReadAction","target":["https:\/\/paracherkaoui.ma\/index.php\/produit\/bioderma-offre-photoderm-spot-age-spf-50-gel-creme-anti-taches-40-ml-nettoyant-8ml-pigmentbio-5ml-offerts\/"]}]},{"@type":"ImageObject","inLanguage":"fr-FR","@id":"https:\/\/paracherkaoui.ma\/index.php\/produit\/bioderma-offre-photoderm-spot-age-spf-50-gel-creme-anti-taches-40-ml-nettoyant-8ml-pigmentbio-5ml-offerts\/#primaryimage","url":"https:\/\/paracherkaoui.ma\/wp-content\/uploads\/2025\/12\/bioderma-offre-photoderm-spot-age-spf-50-gel-creme-anti-taches-40-ml-nettoyant-8ml-pigmentbio-5ml-offerts.jpg","contentUrl":"https:\/\/paracherkaoui.ma\/wp-content\/uploads\/2025\/12\/bioderma-offre-photoderm-spot-age-spf-50-gel-creme-anti-taches-40-ml-nettoyant-8ml-pigmentbio-5ml-offerts.jpg","width":700,"height":700},{"@type":"BreadcrumbList","@id":"https:\/\/paracherkaoui.ma\/index.php\/produit\/bioderma-offre-photoderm-spot-age-spf-50-gel-creme-anti-taches-40-ml-nettoyant-8ml-pigmentbio-5ml-offerts\/#breadcrumb","itemListElement":[{"@type":"ListItem","position":1,"name":"Accueil","item":"https:\/\/paracherkaoui.ma\/"},{"@type":"ListItem","position":2,"name":"Boutique","item":"https:\/\/paracherkaoui.ma\/index.php\/boutique\/"},{"@type":"ListItem","position":3,"name":"BIODERMA OFFRE PHOTODERM SPOT AGE SPF 50+ GEL CREME ANTI TACHES 40 ML + NETTOYANT 8ML+ PIGMENTBIO 5ML OFFERTS"}]},{"@type":"WebSite","@id":"https:\/\/paracherkaoui.ma\/#website","url":"https:\/\/paracherkaoui.ma\/","name":"Paracherkaoui.ma","description":"Achetez en ligne sur Paracherkaoui.ma","potentialAction":[{"@type":"SearchAction","target":{"@type":"EntryPoint","urlTemplate":"https:\/\/paracherkaoui.ma\/?s={search_term_string}"},"query-input":{"@type":"PropertyValueSpecification","valueRequired":true,"valueName":"search_term_string"}}],"inLanguage":"fr-FR"}]}},"_links":{"self":[{"href":"https:\/\/paracherkaoui.ma\/index.php\/wp-json\/wp\/v2\/product\/11940","targetHints":{"allow":["GET"]}}],"collection":[{"href":"https:\/\/paracherkaoui.ma\/index.php\/wp-json\/wp\/v2\/product"}],"about":[{"href":"https:\/\/paracherkaoui.ma\/index.php\/wp-json\/wp\/v2\/types\/product"}],"replies":[{"embeddable":true,"href":"https:\/\/paracherkaoui.ma\/index.php\/wp-json\/wp\/v2\/comments?post=11940"}],"version-history":[{"count":1,"href":"https:\/\/paracherkaoui.ma\/index.php\/wp-json\/wp\/v2\/product\/11940\/revisions"}],"predecessor-version":[{"id":11983,"href":"https:\/\/paracherkaoui.ma\/index.php\/wp-json\/wp\/v2\/product\/11940\/revisions\/11983"}],"wp:featuredmedia":[{"embeddable":true,"href":"https:\/\/paracherkaoui.ma\/index.php\/wp-json\/wp\/v2\/media\/11982"}],"wp:attachment":[{"href":"https:\/\/paracherkaoui.ma\/index.php\/wp-json\/wp\/v2\/media?parent=11940"}],"wp:term":[{"taxonomy":"product_brand","embeddable":true,"href":"https:\/\/paracherkaoui.ma\/index.php\/wp-json\/wp\/v2\/product_brand?post=11940"},{"taxonomy":"product_cat","embeddable":true,"href":"https:\/\/paracherkaoui.ma\/index.php\/wp-json\/wp\/v2\/product_cat?post=11940"},{"taxonomy":"product_tag","embeddable":true,"href":"https:\/\/paracherkaoui.ma\/index.php\/wp-json\/wp\/v2\/product_tag?post=11940"}],"curies":[{"name":"wp","href":"https:\/\/api.w.org\/{rel}","templated":true}]}}