{"id":11939,"date":"2025-12-12T17:45:28","date_gmt":"2025-12-12T16:45:28","guid":{"rendered":"https:\/\/test.ecbeaute.com\/?post_type=product&#038;p=11939"},"modified":"2025-12-12T17:45:31","modified_gmt":"2025-12-12T16:45:31","slug":"uriage-offre-roseliane-cc-creme-spf-50-teinte-claire-50-ml-dermo-nettoyant-250-ml-offert","status":"publish","type":"product","link":"https:\/\/paracherkaoui.ma\/index.php\/produit\/uriage-offre-roseliane-cc-creme-spf-50-teinte-claire-50-ml-dermo-nettoyant-250-ml-offert\/","title":{"rendered":"URIAGE OFFRE ROSELIANE CC CREME SPF 50 + TEINTE CLAIRE 50 ML + DERMO NETTOYANT 250 ML OFFERT"},"content":{"rendered":"<p>Le coffret contient :<br \/>\nURIAGE ROSELIANE CC CREME SPF 50+ TEINTE CLAIRE 40 ML:<br \/>\nSp\u00e9cialement con\u00e7ue pour les peaux sensibles \u00e0 rougeurs, Ros\u00e9liane CC CREAM SPF50+ est la 1\u00e8re cr\u00e8me qui allie la tr\u00e8s haute protection d\u2019un soin et la couvrance d\u2019un maquillage. Elle camoufle les rougeurs, unifie le teint et l\u2019illumine tout en apportant une tr\u00e8s haute protection solaire contre les UVA et UVB.<br \/>\nURIAGE ROSELIANE DERMO NETTOYANT 250 ML :<br \/>\nLa texture gel\u00e9e fluide unique du Dermo-Nettoyant, particuli\u00e8rement onctueuse, douce et rafraichissante, et au parfum d\u00e9licat nettoie et d\u00e9maquille votre peau sans que votre peau ne souffre de tiraillements. Votre peau retrouve confort et douceur d\u00e8s la 1\u00e8re utilisation.<\/p>\n","protected":false},"excerpt":{"rendered":"<p>Le coffret contient : URIAGE ROSELIANE CC CREME SPF 50+ TEINTE CLAIRE 40 ML: Sp\u00e9cialement con\u00e7ue pour les peaux sensibles<\/p>\n","protected":false},"featured_media":11980,"comment_status":"open","ping_status":"closed","template":"","meta":[],"product_brand":[130],"product_cat":[154],"product_tag":[],"class_list":{"0":"post-11939","1":"product","2":"type-product","3":"status-publish","4":"has-post-thumbnail","6":"product_brand-uriage","7":"product_cat-coffrets-dermocosmetiques","9":"first","10":"instock","11":"sale","12":"shipping-taxable","13":"purchasable","14":"product-type-simple"},"yoast_head":"<!-- This site is optimized with the Yoast SEO plugin v26.6 - https:\/\/yoast.com\/wordpress\/plugins\/seo\/ -->\r\n<title>URIAGE OFFRE ROSELIANE CC CREME SPF 50 + TEINTE CLAIRE 50 ML + DERMO NETTOYANT 250 ML OFFERT - Paracherkaoui.ma<\/title>\r\n<meta name=\"robots\" content=\"index, follow, max-snippet:-1, max-image-preview:large, max-video-preview:-1\" \/>\r\n<link rel=\"canonical\" href=\"https:\/\/paracherkaoui.ma\/index.php\/produit\/uriage-offre-roseliane-cc-creme-spf-50-teinte-claire-50-ml-dermo-nettoyant-250-ml-offert\/\" \/>\r\n<meta property=\"og:locale\" content=\"fr_FR\" \/>\r\n<meta property=\"og:type\" content=\"article\" \/>\r\n<meta property=\"og:title\" content=\"URIAGE OFFRE ROSELIANE CC CREME SPF 50 + TEINTE CLAIRE 50 ML + DERMO NETTOYANT 250 ML OFFERT - Paracherkaoui.ma\" \/>\r\n<meta property=\"og:description\" content=\"Le coffret contient : URIAGE ROSELIANE CC CREME SPF 50+ TEINTE CLAIRE 40 ML: Sp\u00e9cialement con\u00e7ue pour les peaux sensibles\" \/>\r\n<meta property=\"og:url\" content=\"https:\/\/paracherkaoui.ma\/index.php\/produit\/uriage-offre-roseliane-cc-creme-spf-50-teinte-claire-50-ml-dermo-nettoyant-250-ml-offert\/\" \/>\r\n<meta property=\"og:site_name\" content=\"Paracherkaoui.ma\" \/>\r\n<meta property=\"article:modified_time\" content=\"2025-12-12T16:45:31+00:00\" \/>\r\n<meta property=\"og:image\" content=\"https:\/\/paracherkaoui.ma\/wp-content\/uploads\/2025\/12\/uriage-uriage-offre-roseliane-cc-creme-spf-50-teinte-claire-50-ml-dermo-nettoyant-250-ml-offert-promotions-diverses.jpg\" \/>\r\n\t<meta property=\"og:image:width\" content=\"700\" \/>\r\n\t<meta property=\"og:image:height\" content=\"700\" \/>\r\n\t<meta property=\"og:image:type\" content=\"image\/jpeg\" \/>\r\n<meta name=\"twitter:card\" content=\"summary_large_image\" \/>\r\n<meta name=\"twitter:label1\" content=\"Dur\u00e9e de lecture estim\u00e9e\" \/>\n\t<meta name=\"twitter:data1\" content=\"1 minute\" \/>\r\n<script type=\"application\/ld+json\" class=\"yoast-schema-graph\">{\"@context\":\"https:\/\/schema.org\",\"@graph\":[{\"@type\":\"WebPage\",\"@id\":\"https:\/\/paracherkaoui.ma\/index.php\/produit\/uriage-offre-roseliane-cc-creme-spf-50-teinte-claire-50-ml-dermo-nettoyant-250-ml-offert\/\",\"url\":\"https:\/\/paracherkaoui.ma\/index.php\/produit\/uriage-offre-roseliane-cc-creme-spf-50-teinte-claire-50-ml-dermo-nettoyant-250-ml-offert\/\",\"name\":\"URIAGE OFFRE ROSELIANE CC CREME SPF 50 + TEINTE CLAIRE 50 ML + DERMO NETTOYANT 250 ML OFFERT - Paracherkaoui.ma\",\"isPartOf\":{\"@id\":\"https:\/\/paracherkaoui.ma\/#website\"},\"primaryImageOfPage\":{\"@id\":\"https:\/\/paracherkaoui.ma\/index.php\/produit\/uriage-offre-roseliane-cc-creme-spf-50-teinte-claire-50-ml-dermo-nettoyant-250-ml-offert\/#primaryimage\"},\"image\":{\"@id\":\"https:\/\/paracherkaoui.ma\/index.php\/produit\/uriage-offre-roseliane-cc-creme-spf-50-teinte-claire-50-ml-dermo-nettoyant-250-ml-offert\/#primaryimage\"},\"thumbnailUrl\":\"https:\/\/paracherkaoui.ma\/wp-content\/uploads\/2025\/12\/uriage-uriage-offre-roseliane-cc-creme-spf-50-teinte-claire-50-ml-dermo-nettoyant-250-ml-offert-promotions-diverses.jpg\",\"datePublished\":\"2025-12-12T16:45:28+00:00\",\"dateModified\":\"2025-12-12T16:45:31+00:00\",\"breadcrumb\":{\"@id\":\"https:\/\/paracherkaoui.ma\/index.php\/produit\/uriage-offre-roseliane-cc-creme-spf-50-teinte-claire-50-ml-dermo-nettoyant-250-ml-offert\/#breadcrumb\"},\"inLanguage\":\"fr-FR\",\"potentialAction\":[{\"@type\":\"ReadAction\",\"target\":[\"https:\/\/paracherkaoui.ma\/index.php\/produit\/uriage-offre-roseliane-cc-creme-spf-50-teinte-claire-50-ml-dermo-nettoyant-250-ml-offert\/\"]}]},{\"@type\":\"ImageObject\",\"inLanguage\":\"fr-FR\",\"@id\":\"https:\/\/paracherkaoui.ma\/index.php\/produit\/uriage-offre-roseliane-cc-creme-spf-50-teinte-claire-50-ml-dermo-nettoyant-250-ml-offert\/#primaryimage\",\"url\":\"https:\/\/paracherkaoui.ma\/wp-content\/uploads\/2025\/12\/uriage-uriage-offre-roseliane-cc-creme-spf-50-teinte-claire-50-ml-dermo-nettoyant-250-ml-offert-promotions-diverses.jpg\",\"contentUrl\":\"https:\/\/paracherkaoui.ma\/wp-content\/uploads\/2025\/12\/uriage-uriage-offre-roseliane-cc-creme-spf-50-teinte-claire-50-ml-dermo-nettoyant-250-ml-offert-promotions-diverses.jpg\",\"width\":700,\"height\":700},{\"@type\":\"BreadcrumbList\",\"@id\":\"https:\/\/paracherkaoui.ma\/index.php\/produit\/uriage-offre-roseliane-cc-creme-spf-50-teinte-claire-50-ml-dermo-nettoyant-250-ml-offert\/#breadcrumb\",\"itemListElement\":[{\"@type\":\"ListItem\",\"position\":1,\"name\":\"Accueil\",\"item\":\"https:\/\/paracherkaoui.ma\/\"},{\"@type\":\"ListItem\",\"position\":2,\"name\":\"Boutique\",\"item\":\"https:\/\/paracherkaoui.ma\/index.php\/boutique\/\"},{\"@type\":\"ListItem\",\"position\":3,\"name\":\"URIAGE OFFRE ROSELIANE CC CREME SPF 50 + TEINTE CLAIRE 50 ML + DERMO NETTOYANT 250 ML OFFERT\"}]},{\"@type\":\"WebSite\",\"@id\":\"https:\/\/paracherkaoui.ma\/#website\",\"url\":\"https:\/\/paracherkaoui.ma\/\",\"name\":\"Paracherkaoui.ma\",\"description\":\"Achetez en ligne sur Paracherkaoui.ma\",\"potentialAction\":[{\"@type\":\"SearchAction\",\"target\":{\"@type\":\"EntryPoint\",\"urlTemplate\":\"https:\/\/paracherkaoui.ma\/?s={search_term_string}\"},\"query-input\":{\"@type\":\"PropertyValueSpecification\",\"valueRequired\":true,\"valueName\":\"search_term_string\"}}],\"inLanguage\":\"fr-FR\"}]}<\/script>\r\n<!-- \/ Yoast SEO plugin. -->","yoast_head_json":{"title":"URIAGE OFFRE ROSELIANE CC CREME SPF 50 + TEINTE CLAIRE 50 ML + DERMO NETTOYANT 250 ML OFFERT - Paracherkaoui.ma","robots":{"index":"index","follow":"follow","max-snippet":"max-snippet:-1","max-image-preview":"max-image-preview:large","max-video-preview":"max-video-preview:-1"},"canonical":"https:\/\/paracherkaoui.ma\/index.php\/produit\/uriage-offre-roseliane-cc-creme-spf-50-teinte-claire-50-ml-dermo-nettoyant-250-ml-offert\/","og_locale":"fr_FR","og_type":"article","og_title":"URIAGE OFFRE ROSELIANE CC CREME SPF 50 + TEINTE CLAIRE 50 ML + DERMO NETTOYANT 250 ML OFFERT - Paracherkaoui.ma","og_description":"Le coffret contient : URIAGE ROSELIANE CC CREME SPF 50+ TEINTE CLAIRE 40 ML: Sp\u00e9cialement con\u00e7ue pour les peaux sensibles","og_url":"https:\/\/paracherkaoui.ma\/index.php\/produit\/uriage-offre-roseliane-cc-creme-spf-50-teinte-claire-50-ml-dermo-nettoyant-250-ml-offert\/","og_site_name":"Paracherkaoui.ma","article_modified_time":"2025-12-12T16:45:31+00:00","og_image":[{"width":700,"height":700,"url":"https:\/\/paracherkaoui.ma\/wp-content\/uploads\/2025\/12\/uriage-uriage-offre-roseliane-cc-creme-spf-50-teinte-claire-50-ml-dermo-nettoyant-250-ml-offert-promotions-diverses.jpg","type":"image\/jpeg"}],"twitter_card":"summary_large_image","twitter_misc":{"Dur\u00e9e de lecture estim\u00e9e":"1 minute"},"schema":{"@context":"https:\/\/schema.org","@graph":[{"@type":"WebPage","@id":"https:\/\/paracherkaoui.ma\/index.php\/produit\/uriage-offre-roseliane-cc-creme-spf-50-teinte-claire-50-ml-dermo-nettoyant-250-ml-offert\/","url":"https:\/\/paracherkaoui.ma\/index.php\/produit\/uriage-offre-roseliane-cc-creme-spf-50-teinte-claire-50-ml-dermo-nettoyant-250-ml-offert\/","name":"URIAGE OFFRE ROSELIANE CC CREME SPF 50 + TEINTE CLAIRE 50 ML + DERMO NETTOYANT 250 ML OFFERT - Paracherkaoui.ma","isPartOf":{"@id":"https:\/\/paracherkaoui.ma\/#website"},"primaryImageOfPage":{"@id":"https:\/\/paracherkaoui.ma\/index.php\/produit\/uriage-offre-roseliane-cc-creme-spf-50-teinte-claire-50-ml-dermo-nettoyant-250-ml-offert\/#primaryimage"},"image":{"@id":"https:\/\/paracherkaoui.ma\/index.php\/produit\/uriage-offre-roseliane-cc-creme-spf-50-teinte-claire-50-ml-dermo-nettoyant-250-ml-offert\/#primaryimage"},"thumbnailUrl":"https:\/\/paracherkaoui.ma\/wp-content\/uploads\/2025\/12\/uriage-uriage-offre-roseliane-cc-creme-spf-50-teinte-claire-50-ml-dermo-nettoyant-250-ml-offert-promotions-diverses.jpg","datePublished":"2025-12-12T16:45:28+00:00","dateModified":"2025-12-12T16:45:31+00:00","breadcrumb":{"@id":"https:\/\/paracherkaoui.ma\/index.php\/produit\/uriage-offre-roseliane-cc-creme-spf-50-teinte-claire-50-ml-dermo-nettoyant-250-ml-offert\/#breadcrumb"},"inLanguage":"fr-FR","potentialAction":[{"@type":"ReadAction","target":["https:\/\/paracherkaoui.ma\/index.php\/produit\/uriage-offre-roseliane-cc-creme-spf-50-teinte-claire-50-ml-dermo-nettoyant-250-ml-offert\/"]}]},{"@type":"ImageObject","inLanguage":"fr-FR","@id":"https:\/\/paracherkaoui.ma\/index.php\/produit\/uriage-offre-roseliane-cc-creme-spf-50-teinte-claire-50-ml-dermo-nettoyant-250-ml-offert\/#primaryimage","url":"https:\/\/paracherkaoui.ma\/wp-content\/uploads\/2025\/12\/uriage-uriage-offre-roseliane-cc-creme-spf-50-teinte-claire-50-ml-dermo-nettoyant-250-ml-offert-promotions-diverses.jpg","contentUrl":"https:\/\/paracherkaoui.ma\/wp-content\/uploads\/2025\/12\/uriage-uriage-offre-roseliane-cc-creme-spf-50-teinte-claire-50-ml-dermo-nettoyant-250-ml-offert-promotions-diverses.jpg","width":700,"height":700},{"@type":"BreadcrumbList","@id":"https:\/\/paracherkaoui.ma\/index.php\/produit\/uriage-offre-roseliane-cc-creme-spf-50-teinte-claire-50-ml-dermo-nettoyant-250-ml-offert\/#breadcrumb","itemListElement":[{"@type":"ListItem","position":1,"name":"Accueil","item":"https:\/\/paracherkaoui.ma\/"},{"@type":"ListItem","position":2,"name":"Boutique","item":"https:\/\/paracherkaoui.ma\/index.php\/boutique\/"},{"@type":"ListItem","position":3,"name":"URIAGE OFFRE ROSELIANE CC CREME SPF 50 + TEINTE CLAIRE 50 ML + DERMO NETTOYANT 250 ML OFFERT"}]},{"@type":"WebSite","@id":"https:\/\/paracherkaoui.ma\/#website","url":"https:\/\/paracherkaoui.ma\/","name":"Paracherkaoui.ma","description":"Achetez en ligne sur Paracherkaoui.ma","potentialAction":[{"@type":"SearchAction","target":{"@type":"EntryPoint","urlTemplate":"https:\/\/paracherkaoui.ma\/?s={search_term_string}"},"query-input":{"@type":"PropertyValueSpecification","valueRequired":true,"valueName":"search_term_string"}}],"inLanguage":"fr-FR"}]}},"_links":{"self":[{"href":"https:\/\/paracherkaoui.ma\/index.php\/wp-json\/wp\/v2\/product\/11939","targetHints":{"allow":["GET"]}}],"collection":[{"href":"https:\/\/paracherkaoui.ma\/index.php\/wp-json\/wp\/v2\/product"}],"about":[{"href":"https:\/\/paracherkaoui.ma\/index.php\/wp-json\/wp\/v2\/types\/product"}],"replies":[{"embeddable":true,"href":"https:\/\/paracherkaoui.ma\/index.php\/wp-json\/wp\/v2\/comments?post=11939"}],"version-history":[{"count":1,"href":"https:\/\/paracherkaoui.ma\/index.php\/wp-json\/wp\/v2\/product\/11939\/revisions"}],"predecessor-version":[{"id":11981,"href":"https:\/\/paracherkaoui.ma\/index.php\/wp-json\/wp\/v2\/product\/11939\/revisions\/11981"}],"wp:featuredmedia":[{"embeddable":true,"href":"https:\/\/paracherkaoui.ma\/index.php\/wp-json\/wp\/v2\/media\/11980"}],"wp:attachment":[{"href":"https:\/\/paracherkaoui.ma\/index.php\/wp-json\/wp\/v2\/media?parent=11939"}],"wp:term":[{"taxonomy":"product_brand","embeddable":true,"href":"https:\/\/paracherkaoui.ma\/index.php\/wp-json\/wp\/v2\/product_brand?post=11939"},{"taxonomy":"product_cat","embeddable":true,"href":"https:\/\/paracherkaoui.ma\/index.php\/wp-json\/wp\/v2\/product_cat?post=11939"},{"taxonomy":"product_tag","embeddable":true,"href":"https:\/\/paracherkaoui.ma\/index.php\/wp-json\/wp\/v2\/product_tag?post=11939"}],"curies":[{"name":"wp","href":"https:\/\/api.w.org\/{rel}","templated":true}]}}