{"id":11938,"date":"2025-12-12T17:45:28","date_gmt":"2025-12-12T16:45:28","guid":{"rendered":"https:\/\/test.ecbeaute.com\/?post_type=product&#038;p=11938"},"modified":"2025-12-12T17:45:31","modified_gmt":"2025-12-12T16:45:31","slug":"bioderma-pigmentbio-soin-de-nuit-eclaircissant-50-ml-2","status":"publish","type":"product","link":"https:\/\/paracherkaoui.ma\/index.php\/produit\/bioderma-pigmentbio-soin-de-nuit-eclaircissant-50-ml-2\/","title":{"rendered":"BIODERMA PIGMENTBIO SOIN DE NUIT ECLAIRCISSANT 50 ML"},"content":{"rendered":"<p>Description:<br \/>\nPuisque la nuit est le meilleur moment pour r\u00e9parer la peau, Pigmentbio Night Renewer stimule le renouvellement cellulaire et la production de collag\u00e8ne pour une peau repulp\u00e9e et \u00e9clatante le matin. Pigmentbio Daily care SPF50 + est dot\u00e9 de la technologie LUMIREVEAL , inspir\u00e9e des traitements de pointe utilis\u00e9s par les dermatologues, pour corriger efficacement les taches brunes.- Il aide \u00e0 r\u00e9duire la production de m\u00e9lanine- Il limite l&rsquo;inflammation pour pr\u00e9venir la formation de nouvelles taches li\u00e9es \u00e0 des l\u00e9sions cutan\u00e9es- Il stimule le renouvellement cellulaire pour favoriser l&rsquo;\u00e9limination des taches brunes install\u00e9es et unifier le teint.La technologie LUMIREVEAL\u00a0 s\u2019enrichit d\u2019un cocktail de vitamines qui renforcent l\u2019action \u00e9claircissante et prot\u00e8gent la barri\u00e8re cutan\u00e9e:- Les VITAMINES C ET E prot\u00e8gent la peau de la pollution, des UVA \/ UVB et du stress oxydatif qui provoquent le vieillissement pr\u00e9matur\u00e9 de la peau, les premiers signes \u00e9tant des taches brunes- VITAMIN PP renforce la barri\u00e8re cutan\u00e9e et apporte une hydratation durable \u00e0 la peau.De plus, le Pigmentio Night renewer contient un ingr\u00e9dient actif sp\u00e9cifique qui stimule la production de collag\u00e8ne pour am\u00e9liorer l&rsquo;\u00e9lasticit\u00e9 de la peau.Sa texture aqueuse de masque de sommeil forme une couche protectrice qui retient l&rsquo;eau et offre une action continue toute la nuit.<br \/>\nConseils d&rsquo;utilisation:<br \/>\nAppliquer le soir sur le visage et le cou apr\u00e8s le nettoyage avec Pigmentbio H2O ou Pigmentbio Foaming Cream.\u00a0Peut \u00eatre utilis\u00e9 seul ou apr\u00e8s le concentr\u00e9 de Pigmentbio C.<\/p>\n","protected":false},"excerpt":{"rendered":"<p>Description: Puisque la nuit est le meilleur moment pour r\u00e9parer la peau, Pigmentbio Night Renewer stimule le renouvellement cellulaire et<\/p>\n","protected":false},"featured_media":11843,"comment_status":"open","ping_status":"closed","template":"","meta":[],"product_brand":[137],"product_cat":[154],"product_tag":[],"class_list":{"0":"post-11938","1":"product","2":"type-product","3":"status-publish","4":"has-post-thumbnail","6":"product_brand-bioderma","7":"product_cat-coffrets-dermocosmetiques","9":"first","10":"instock","11":"sale","12":"shipping-taxable","13":"purchasable","14":"product-type-simple"},"yoast_head":"<!-- This site is optimized with the Yoast SEO plugin v26.6 - https:\/\/yoast.com\/wordpress\/plugins\/seo\/ -->\r\n<title>BIODERMA PIGMENTBIO SOIN DE NUIT ECLAIRCISSANT 50 ML - Paracherkaoui.ma<\/title>\r\n<meta name=\"robots\" content=\"index, follow, max-snippet:-1, max-image-preview:large, max-video-preview:-1\" \/>\r\n<link rel=\"canonical\" href=\"https:\/\/paracherkaoui.ma\/index.php\/produit\/bioderma-pigmentbio-soin-de-nuit-eclaircissant-50-ml-2\/\" \/>\r\n<meta property=\"og:locale\" content=\"fr_FR\" \/>\r\n<meta property=\"og:type\" content=\"article\" \/>\r\n<meta property=\"og:title\" content=\"BIODERMA PIGMENTBIO SOIN DE NUIT ECLAIRCISSANT 50 ML - Paracherkaoui.ma\" \/>\r\n<meta property=\"og:description\" content=\"Description: Puisque la nuit est le meilleur moment pour r\u00e9parer la peau, Pigmentbio Night Renewer stimule le renouvellement cellulaire et\" \/>\r\n<meta property=\"og:url\" content=\"https:\/\/paracherkaoui.ma\/index.php\/produit\/bioderma-pigmentbio-soin-de-nuit-eclaircissant-50-ml-2\/\" \/>\r\n<meta property=\"og:site_name\" content=\"Paracherkaoui.ma\" \/>\r\n<meta property=\"article:modified_time\" content=\"2025-12-12T16:45:31+00:00\" \/>\r\n<meta property=\"og:image\" content=\"https:\/\/paracherkaoui.ma\/wp-content\/uploads\/2025\/12\/bioderma-pigmentbio-soin-de-nuit-eclaircissant-50-ml.jpg\" \/>\r\n\t<meta property=\"og:image:width\" content=\"700\" \/>\r\n\t<meta property=\"og:image:height\" content=\"700\" \/>\r\n\t<meta property=\"og:image:type\" content=\"image\/jpeg\" \/>\r\n<meta name=\"twitter:card\" content=\"summary_large_image\" \/>\r\n<meta name=\"twitter:label1\" content=\"Dur\u00e9e de lecture estim\u00e9e\" \/>\n\t<meta name=\"twitter:data1\" content=\"1 minute\" \/>\r\n<script type=\"application\/ld+json\" class=\"yoast-schema-graph\">{\"@context\":\"https:\/\/schema.org\",\"@graph\":[{\"@type\":\"WebPage\",\"@id\":\"https:\/\/paracherkaoui.ma\/index.php\/produit\/bioderma-pigmentbio-soin-de-nuit-eclaircissant-50-ml-2\/\",\"url\":\"https:\/\/paracherkaoui.ma\/index.php\/produit\/bioderma-pigmentbio-soin-de-nuit-eclaircissant-50-ml-2\/\",\"name\":\"BIODERMA PIGMENTBIO SOIN DE NUIT ECLAIRCISSANT 50 ML - Paracherkaoui.ma\",\"isPartOf\":{\"@id\":\"https:\/\/paracherkaoui.ma\/#website\"},\"primaryImageOfPage\":{\"@id\":\"https:\/\/paracherkaoui.ma\/index.php\/produit\/bioderma-pigmentbio-soin-de-nuit-eclaircissant-50-ml-2\/#primaryimage\"},\"image\":{\"@id\":\"https:\/\/paracherkaoui.ma\/index.php\/produit\/bioderma-pigmentbio-soin-de-nuit-eclaircissant-50-ml-2\/#primaryimage\"},\"thumbnailUrl\":\"https:\/\/paracherkaoui.ma\/wp-content\/uploads\/2025\/12\/bioderma-pigmentbio-soin-de-nuit-eclaircissant-50-ml.jpg\",\"datePublished\":\"2025-12-12T16:45:28+00:00\",\"dateModified\":\"2025-12-12T16:45:31+00:00\",\"breadcrumb\":{\"@id\":\"https:\/\/paracherkaoui.ma\/index.php\/produit\/bioderma-pigmentbio-soin-de-nuit-eclaircissant-50-ml-2\/#breadcrumb\"},\"inLanguage\":\"fr-FR\",\"potentialAction\":[{\"@type\":\"ReadAction\",\"target\":[\"https:\/\/paracherkaoui.ma\/index.php\/produit\/bioderma-pigmentbio-soin-de-nuit-eclaircissant-50-ml-2\/\"]}]},{\"@type\":\"ImageObject\",\"inLanguage\":\"fr-FR\",\"@id\":\"https:\/\/paracherkaoui.ma\/index.php\/produit\/bioderma-pigmentbio-soin-de-nuit-eclaircissant-50-ml-2\/#primaryimage\",\"url\":\"https:\/\/paracherkaoui.ma\/wp-content\/uploads\/2025\/12\/bioderma-pigmentbio-soin-de-nuit-eclaircissant-50-ml.jpg\",\"contentUrl\":\"https:\/\/paracherkaoui.ma\/wp-content\/uploads\/2025\/12\/bioderma-pigmentbio-soin-de-nuit-eclaircissant-50-ml.jpg\",\"width\":700,\"height\":700},{\"@type\":\"BreadcrumbList\",\"@id\":\"https:\/\/paracherkaoui.ma\/index.php\/produit\/bioderma-pigmentbio-soin-de-nuit-eclaircissant-50-ml-2\/#breadcrumb\",\"itemListElement\":[{\"@type\":\"ListItem\",\"position\":1,\"name\":\"Accueil\",\"item\":\"https:\/\/paracherkaoui.ma\/\"},{\"@type\":\"ListItem\",\"position\":2,\"name\":\"Boutique\",\"item\":\"https:\/\/paracherkaoui.ma\/index.php\/boutique\/\"},{\"@type\":\"ListItem\",\"position\":3,\"name\":\"BIODERMA PIGMENTBIO SOIN DE NUIT ECLAIRCISSANT 50 ML\"}]},{\"@type\":\"WebSite\",\"@id\":\"https:\/\/paracherkaoui.ma\/#website\",\"url\":\"https:\/\/paracherkaoui.ma\/\",\"name\":\"Paracherkaoui.ma\",\"description\":\"Achetez en ligne sur Paracherkaoui.ma\",\"potentialAction\":[{\"@type\":\"SearchAction\",\"target\":{\"@type\":\"EntryPoint\",\"urlTemplate\":\"https:\/\/paracherkaoui.ma\/?s={search_term_string}\"},\"query-input\":{\"@type\":\"PropertyValueSpecification\",\"valueRequired\":true,\"valueName\":\"search_term_string\"}}],\"inLanguage\":\"fr-FR\"}]}<\/script>\r\n<!-- \/ Yoast SEO plugin. -->","yoast_head_json":{"title":"BIODERMA PIGMENTBIO SOIN DE NUIT ECLAIRCISSANT 50 ML - Paracherkaoui.ma","robots":{"index":"index","follow":"follow","max-snippet":"max-snippet:-1","max-image-preview":"max-image-preview:large","max-video-preview":"max-video-preview:-1"},"canonical":"https:\/\/paracherkaoui.ma\/index.php\/produit\/bioderma-pigmentbio-soin-de-nuit-eclaircissant-50-ml-2\/","og_locale":"fr_FR","og_type":"article","og_title":"BIODERMA PIGMENTBIO SOIN DE NUIT ECLAIRCISSANT 50 ML - Paracherkaoui.ma","og_description":"Description: Puisque la nuit est le meilleur moment pour r\u00e9parer la peau, Pigmentbio Night Renewer stimule le renouvellement cellulaire et","og_url":"https:\/\/paracherkaoui.ma\/index.php\/produit\/bioderma-pigmentbio-soin-de-nuit-eclaircissant-50-ml-2\/","og_site_name":"Paracherkaoui.ma","article_modified_time":"2025-12-12T16:45:31+00:00","og_image":[{"width":700,"height":700,"url":"https:\/\/paracherkaoui.ma\/wp-content\/uploads\/2025\/12\/bioderma-pigmentbio-soin-de-nuit-eclaircissant-50-ml.jpg","type":"image\/jpeg"}],"twitter_card":"summary_large_image","twitter_misc":{"Dur\u00e9e de lecture estim\u00e9e":"1 minute"},"schema":{"@context":"https:\/\/schema.org","@graph":[{"@type":"WebPage","@id":"https:\/\/paracherkaoui.ma\/index.php\/produit\/bioderma-pigmentbio-soin-de-nuit-eclaircissant-50-ml-2\/","url":"https:\/\/paracherkaoui.ma\/index.php\/produit\/bioderma-pigmentbio-soin-de-nuit-eclaircissant-50-ml-2\/","name":"BIODERMA PIGMENTBIO SOIN DE NUIT ECLAIRCISSANT 50 ML - Paracherkaoui.ma","isPartOf":{"@id":"https:\/\/paracherkaoui.ma\/#website"},"primaryImageOfPage":{"@id":"https:\/\/paracherkaoui.ma\/index.php\/produit\/bioderma-pigmentbio-soin-de-nuit-eclaircissant-50-ml-2\/#primaryimage"},"image":{"@id":"https:\/\/paracherkaoui.ma\/index.php\/produit\/bioderma-pigmentbio-soin-de-nuit-eclaircissant-50-ml-2\/#primaryimage"},"thumbnailUrl":"https:\/\/paracherkaoui.ma\/wp-content\/uploads\/2025\/12\/bioderma-pigmentbio-soin-de-nuit-eclaircissant-50-ml.jpg","datePublished":"2025-12-12T16:45:28+00:00","dateModified":"2025-12-12T16:45:31+00:00","breadcrumb":{"@id":"https:\/\/paracherkaoui.ma\/index.php\/produit\/bioderma-pigmentbio-soin-de-nuit-eclaircissant-50-ml-2\/#breadcrumb"},"inLanguage":"fr-FR","potentialAction":[{"@type":"ReadAction","target":["https:\/\/paracherkaoui.ma\/index.php\/produit\/bioderma-pigmentbio-soin-de-nuit-eclaircissant-50-ml-2\/"]}]},{"@type":"ImageObject","inLanguage":"fr-FR","@id":"https:\/\/paracherkaoui.ma\/index.php\/produit\/bioderma-pigmentbio-soin-de-nuit-eclaircissant-50-ml-2\/#primaryimage","url":"https:\/\/paracherkaoui.ma\/wp-content\/uploads\/2025\/12\/bioderma-pigmentbio-soin-de-nuit-eclaircissant-50-ml.jpg","contentUrl":"https:\/\/paracherkaoui.ma\/wp-content\/uploads\/2025\/12\/bioderma-pigmentbio-soin-de-nuit-eclaircissant-50-ml.jpg","width":700,"height":700},{"@type":"BreadcrumbList","@id":"https:\/\/paracherkaoui.ma\/index.php\/produit\/bioderma-pigmentbio-soin-de-nuit-eclaircissant-50-ml-2\/#breadcrumb","itemListElement":[{"@type":"ListItem","position":1,"name":"Accueil","item":"https:\/\/paracherkaoui.ma\/"},{"@type":"ListItem","position":2,"name":"Boutique","item":"https:\/\/paracherkaoui.ma\/index.php\/boutique\/"},{"@type":"ListItem","position":3,"name":"BIODERMA PIGMENTBIO SOIN DE NUIT ECLAIRCISSANT 50 ML"}]},{"@type":"WebSite","@id":"https:\/\/paracherkaoui.ma\/#website","url":"https:\/\/paracherkaoui.ma\/","name":"Paracherkaoui.ma","description":"Achetez en ligne sur Paracherkaoui.ma","potentialAction":[{"@type":"SearchAction","target":{"@type":"EntryPoint","urlTemplate":"https:\/\/paracherkaoui.ma\/?s={search_term_string}"},"query-input":{"@type":"PropertyValueSpecification","valueRequired":true,"valueName":"search_term_string"}}],"inLanguage":"fr-FR"}]}},"_links":{"self":[{"href":"https:\/\/paracherkaoui.ma\/index.php\/wp-json\/wp\/v2\/product\/11938","targetHints":{"allow":["GET"]}}],"collection":[{"href":"https:\/\/paracherkaoui.ma\/index.php\/wp-json\/wp\/v2\/product"}],"about":[{"href":"https:\/\/paracherkaoui.ma\/index.php\/wp-json\/wp\/v2\/types\/product"}],"replies":[{"embeddable":true,"href":"https:\/\/paracherkaoui.ma\/index.php\/wp-json\/wp\/v2\/comments?post=11938"}],"version-history":[{"count":1,"href":"https:\/\/paracherkaoui.ma\/index.php\/wp-json\/wp\/v2\/product\/11938\/revisions"}],"predecessor-version":[{"id":11979,"href":"https:\/\/paracherkaoui.ma\/index.php\/wp-json\/wp\/v2\/product\/11938\/revisions\/11979"}],"wp:featuredmedia":[{"embeddable":true,"href":"https:\/\/paracherkaoui.ma\/index.php\/wp-json\/wp\/v2\/media\/11843"}],"wp:attachment":[{"href":"https:\/\/paracherkaoui.ma\/index.php\/wp-json\/wp\/v2\/media?parent=11938"}],"wp:term":[{"taxonomy":"product_brand","embeddable":true,"href":"https:\/\/paracherkaoui.ma\/index.php\/wp-json\/wp\/v2\/product_brand?post=11938"},{"taxonomy":"product_cat","embeddable":true,"href":"https:\/\/paracherkaoui.ma\/index.php\/wp-json\/wp\/v2\/product_cat?post=11938"},{"taxonomy":"product_tag","embeddable":true,"href":"https:\/\/paracherkaoui.ma\/index.php\/wp-json\/wp\/v2\/product_tag?post=11938"}],"curies":[{"name":"wp","href":"https:\/\/api.w.org\/{rel}","templated":true}]}}