{"id":11936,"date":"2025-12-12T17:45:28","date_gmt":"2025-12-12T16:45:28","guid":{"rendered":"https:\/\/test.ecbeaute.com\/?post_type=product&#038;p=11936"},"modified":"2025-12-12T17:45:31","modified_gmt":"2025-12-12T16:45:31","slug":"bioderma-offre-photoderm-ar-spf-50-30-ml-eau-micellaire-100ml-offert","status":"publish","type":"product","link":"https:\/\/paracherkaoui.ma\/index.php\/produit\/bioderma-offre-photoderm-ar-spf-50-30-ml-eau-micellaire-100ml-offert\/","title":{"rendered":"BIODERMA OFFRE PHOTODERM AR SPF 50+ 30 ML + EAU MICELLAIRE 100ML OFFERT"},"content":{"rendered":"<p>INDICATIONS :<br \/>\nLe brevet exclusif Rosactiv\u00ae contenu dans Photoderm AR agit directement sur le VEGF, l&rsquo;un des principaux facteurs responsables de la dilatation et de la fragilisation des capillaires cutan\u00e9s, source de rougeurs. L\u2019enoxolone, mol\u00e9cule issue de la r\u00e9glisse, apaise imm\u00e9diatement les rougeurs.<\/p>\n<p>Par ailleurs, en plus de l&rsquo;activit\u00e9 protectrice UVA\/UVB de surface (syst\u00e8mes filtrants), Photoderm AR offre une v\u00e9ritable protection biologique interne : la Bioprotection\u00ae Cellulaire. Ce brevet exclusif assure deux principales actions :<\/p>\n<p>La pr\u00e9servation et la stimulation des d\u00e9fenses de la peau (l&rsquo;immunit\u00e9) face au soleil<br \/>\nLa protection biologique de l\u2019int\u00e9grit\u00e9 de la peau au niveau g\u00e9nomique, cellulaire et tissulaire.<br \/>\nPR\u00c9SENTATION :<br \/>\n1 Tube de 30 ml<br \/>\nCONSEILS D&rsquo;UTILISATION :<br \/>\nUtilisez Photoderm AR SPF 50+ plusieurs fois par jour pendant votre p\u00e9riode d&rsquo;exposition au soleil. Nous vous recommandons de l&rsquo;appliquer avant l\u2019exposition de fa\u00e7on uniforme et g\u00e9n\u00e9reuse.<br \/>\nIl est important de recommencer fr\u00e9quemment l\u2019application avant et apr\u00e8s chaque douche, frottement ou activit\u00e9 sportive.<br \/>\nIl ne faut pas exposer les b\u00e9b\u00e9s et les jeunes enfants au soleil et ne pas oublier que l\u2019abus de soleil est nuisible \u00e0 la sant\u00e9.<br \/>\nCOMPOSITION :<br \/>\nAQUA\/WATER\/EAU, DICAPRYLYL CARBONATE, OCTOCRYLENE, DIPROPYLENE GLYCOL, METHYLENE BIS-BENZOTRIAZOLYL TETRAMETHYLBUTYLPHENOL, BUTYL METHOXYDIBENZOYLMETHANE, CYCLOPENTASILOXANE, BIS-ETHYLHEXYLOXYPHENOL METHOXYPHENYL TRIAZINE, HYDROXYPROPYL DIMETHICONE BEHENATE, POTASSIUM CETYL PHOSPHATE, GLYCERYL STEARATE, PEG-100 STEARATE, GLYCYRRHETINIC ACID, GINKGO BILOBA LEAF EXTRACT, TOCOPHERYL ACETATE, ECTOIN, MANNITOL, XYLITOL, RHAMNOSE, FRUCTOOLIGOSACCHARIDES, LAMINARIA OCHROLEUCA EXTRACT, GLYCINE SOJA (SOYBEAN) GERM EXTRACT, PROPYLENE GLYCOL, DECYL GLUCOSIDE, SILICA, HYDROGENATED VEGETABLE OIL, AMMONIUM ACRYLOYLDIMETHYLTAURATE\/VP COPOLYMER, XANTHAN GUM, CITRIC ACID, TRILINOLEIN, TRILINOLENIN, TRIOLEIN, TRIPALMITIN, CAPRYLIC\/CAPRIC TRIGLYCERIDE, TRISTEARIN, IRON OXIDES (CI 77492), IRON OXIDES (CI 77491), IRON OXIDES (CI 77499), TITANIUM DIOXIDE (CI 77891), DISODIUM EDTA, PHENOXYETHANOL, CHLORPHENESIN. [BI 506].<\/p>\n","protected":false},"excerpt":{"rendered":"<p>INDICATIONS : Le brevet exclusif Rosactiv\u00ae contenu dans Photoderm AR agit directement sur le VEGF, l&rsquo;un des principaux facteurs responsables<\/p>\n","protected":false},"featured_media":11976,"comment_status":"open","ping_status":"closed","template":"","meta":[],"product_brand":[137],"product_cat":[154],"product_tag":[],"class_list":{"0":"post-11936","1":"product","2":"type-product","3":"status-publish","4":"has-post-thumbnail","6":"product_brand-bioderma","7":"product_cat-coffrets-dermocosmetiques","9":"first","10":"instock","11":"sale","12":"shipping-taxable","13":"purchasable","14":"product-type-simple"},"yoast_head":"<!-- This site is optimized with the Yoast SEO plugin v26.6 - https:\/\/yoast.com\/wordpress\/plugins\/seo\/ -->\r\n<title>BIODERMA OFFRE PHOTODERM AR SPF 50+ 30 ML + EAU MICELLAIRE 100ML OFFERT - Paracherkaoui.ma<\/title>\r\n<meta name=\"robots\" content=\"index, follow, max-snippet:-1, max-image-preview:large, max-video-preview:-1\" \/>\r\n<link rel=\"canonical\" href=\"https:\/\/paracherkaoui.ma\/index.php\/produit\/bioderma-offre-photoderm-ar-spf-50-30-ml-eau-micellaire-100ml-offert\/\" \/>\r\n<meta property=\"og:locale\" content=\"fr_FR\" \/>\r\n<meta property=\"og:type\" content=\"article\" \/>\r\n<meta property=\"og:title\" content=\"BIODERMA OFFRE PHOTODERM AR SPF 50+ 30 ML + EAU MICELLAIRE 100ML OFFERT - Paracherkaoui.ma\" \/>\r\n<meta property=\"og:description\" content=\"INDICATIONS : Le brevet exclusif Rosactiv\u00ae contenu dans Photoderm AR agit directement sur le VEGF, l&rsquo;un des principaux facteurs responsables\" \/>\r\n<meta property=\"og:url\" content=\"https:\/\/paracherkaoui.ma\/index.php\/produit\/bioderma-offre-photoderm-ar-spf-50-30-ml-eau-micellaire-100ml-offert\/\" \/>\r\n<meta property=\"og:site_name\" content=\"Paracherkaoui.ma\" \/>\r\n<meta property=\"article:modified_time\" content=\"2025-12-12T16:45:31+00:00\" \/>\r\n<meta property=\"og:image\" content=\"https:\/\/paracherkaoui.ma\/wp-content\/uploads\/2025\/12\/bioderma-offre-photoderm-ar-spf-50-30-ml-eau-micellaire-100ml-offert.jpg\" \/>\r\n\t<meta property=\"og:image:width\" content=\"700\" \/>\r\n\t<meta property=\"og:image:height\" content=\"700\" \/>\r\n\t<meta property=\"og:image:type\" content=\"image\/jpeg\" \/>\r\n<meta name=\"twitter:card\" content=\"summary_large_image\" \/>\r\n<meta name=\"twitter:label1\" content=\"Dur\u00e9e de lecture estim\u00e9e\" \/>\n\t<meta name=\"twitter:data1\" content=\"1 minute\" \/>\r\n<script type=\"application\/ld+json\" class=\"yoast-schema-graph\">{\"@context\":\"https:\/\/schema.org\",\"@graph\":[{\"@type\":\"WebPage\",\"@id\":\"https:\/\/paracherkaoui.ma\/index.php\/produit\/bioderma-offre-photoderm-ar-spf-50-30-ml-eau-micellaire-100ml-offert\/\",\"url\":\"https:\/\/paracherkaoui.ma\/index.php\/produit\/bioderma-offre-photoderm-ar-spf-50-30-ml-eau-micellaire-100ml-offert\/\",\"name\":\"BIODERMA OFFRE PHOTODERM AR SPF 50+ 30 ML + EAU MICELLAIRE 100ML OFFERT - Paracherkaoui.ma\",\"isPartOf\":{\"@id\":\"https:\/\/paracherkaoui.ma\/#website\"},\"primaryImageOfPage\":{\"@id\":\"https:\/\/paracherkaoui.ma\/index.php\/produit\/bioderma-offre-photoderm-ar-spf-50-30-ml-eau-micellaire-100ml-offert\/#primaryimage\"},\"image\":{\"@id\":\"https:\/\/paracherkaoui.ma\/index.php\/produit\/bioderma-offre-photoderm-ar-spf-50-30-ml-eau-micellaire-100ml-offert\/#primaryimage\"},\"thumbnailUrl\":\"https:\/\/paracherkaoui.ma\/wp-content\/uploads\/2025\/12\/bioderma-offre-photoderm-ar-spf-50-30-ml-eau-micellaire-100ml-offert.jpg\",\"datePublished\":\"2025-12-12T16:45:28+00:00\",\"dateModified\":\"2025-12-12T16:45:31+00:00\",\"breadcrumb\":{\"@id\":\"https:\/\/paracherkaoui.ma\/index.php\/produit\/bioderma-offre-photoderm-ar-spf-50-30-ml-eau-micellaire-100ml-offert\/#breadcrumb\"},\"inLanguage\":\"fr-FR\",\"potentialAction\":[{\"@type\":\"ReadAction\",\"target\":[\"https:\/\/paracherkaoui.ma\/index.php\/produit\/bioderma-offre-photoderm-ar-spf-50-30-ml-eau-micellaire-100ml-offert\/\"]}]},{\"@type\":\"ImageObject\",\"inLanguage\":\"fr-FR\",\"@id\":\"https:\/\/paracherkaoui.ma\/index.php\/produit\/bioderma-offre-photoderm-ar-spf-50-30-ml-eau-micellaire-100ml-offert\/#primaryimage\",\"url\":\"https:\/\/paracherkaoui.ma\/wp-content\/uploads\/2025\/12\/bioderma-offre-photoderm-ar-spf-50-30-ml-eau-micellaire-100ml-offert.jpg\",\"contentUrl\":\"https:\/\/paracherkaoui.ma\/wp-content\/uploads\/2025\/12\/bioderma-offre-photoderm-ar-spf-50-30-ml-eau-micellaire-100ml-offert.jpg\",\"width\":700,\"height\":700},{\"@type\":\"BreadcrumbList\",\"@id\":\"https:\/\/paracherkaoui.ma\/index.php\/produit\/bioderma-offre-photoderm-ar-spf-50-30-ml-eau-micellaire-100ml-offert\/#breadcrumb\",\"itemListElement\":[{\"@type\":\"ListItem\",\"position\":1,\"name\":\"Accueil\",\"item\":\"https:\/\/paracherkaoui.ma\/\"},{\"@type\":\"ListItem\",\"position\":2,\"name\":\"Boutique\",\"item\":\"https:\/\/paracherkaoui.ma\/index.php\/boutique\/\"},{\"@type\":\"ListItem\",\"position\":3,\"name\":\"BIODERMA OFFRE PHOTODERM AR SPF 50+ 30 ML + EAU MICELLAIRE 100ML OFFERT\"}]},{\"@type\":\"WebSite\",\"@id\":\"https:\/\/paracherkaoui.ma\/#website\",\"url\":\"https:\/\/paracherkaoui.ma\/\",\"name\":\"Paracherkaoui.ma\",\"description\":\"Achetez en ligne sur Paracherkaoui.ma\",\"potentialAction\":[{\"@type\":\"SearchAction\",\"target\":{\"@type\":\"EntryPoint\",\"urlTemplate\":\"https:\/\/paracherkaoui.ma\/?s={search_term_string}\"},\"query-input\":{\"@type\":\"PropertyValueSpecification\",\"valueRequired\":true,\"valueName\":\"search_term_string\"}}],\"inLanguage\":\"fr-FR\"}]}<\/script>\r\n<!-- \/ Yoast SEO plugin. -->","yoast_head_json":{"title":"BIODERMA OFFRE PHOTODERM AR SPF 50+ 30 ML + EAU MICELLAIRE 100ML OFFERT - Paracherkaoui.ma","robots":{"index":"index","follow":"follow","max-snippet":"max-snippet:-1","max-image-preview":"max-image-preview:large","max-video-preview":"max-video-preview:-1"},"canonical":"https:\/\/paracherkaoui.ma\/index.php\/produit\/bioderma-offre-photoderm-ar-spf-50-30-ml-eau-micellaire-100ml-offert\/","og_locale":"fr_FR","og_type":"article","og_title":"BIODERMA OFFRE PHOTODERM AR SPF 50+ 30 ML + EAU MICELLAIRE 100ML OFFERT - Paracherkaoui.ma","og_description":"INDICATIONS : Le brevet exclusif Rosactiv\u00ae contenu dans Photoderm AR agit directement sur le VEGF, l&rsquo;un des principaux facteurs responsables","og_url":"https:\/\/paracherkaoui.ma\/index.php\/produit\/bioderma-offre-photoderm-ar-spf-50-30-ml-eau-micellaire-100ml-offert\/","og_site_name":"Paracherkaoui.ma","article_modified_time":"2025-12-12T16:45:31+00:00","og_image":[{"width":700,"height":700,"url":"https:\/\/paracherkaoui.ma\/wp-content\/uploads\/2025\/12\/bioderma-offre-photoderm-ar-spf-50-30-ml-eau-micellaire-100ml-offert.jpg","type":"image\/jpeg"}],"twitter_card":"summary_large_image","twitter_misc":{"Dur\u00e9e de lecture estim\u00e9e":"1 minute"},"schema":{"@context":"https:\/\/schema.org","@graph":[{"@type":"WebPage","@id":"https:\/\/paracherkaoui.ma\/index.php\/produit\/bioderma-offre-photoderm-ar-spf-50-30-ml-eau-micellaire-100ml-offert\/","url":"https:\/\/paracherkaoui.ma\/index.php\/produit\/bioderma-offre-photoderm-ar-spf-50-30-ml-eau-micellaire-100ml-offert\/","name":"BIODERMA OFFRE PHOTODERM AR SPF 50+ 30 ML + EAU MICELLAIRE 100ML OFFERT - Paracherkaoui.ma","isPartOf":{"@id":"https:\/\/paracherkaoui.ma\/#website"},"primaryImageOfPage":{"@id":"https:\/\/paracherkaoui.ma\/index.php\/produit\/bioderma-offre-photoderm-ar-spf-50-30-ml-eau-micellaire-100ml-offert\/#primaryimage"},"image":{"@id":"https:\/\/paracherkaoui.ma\/index.php\/produit\/bioderma-offre-photoderm-ar-spf-50-30-ml-eau-micellaire-100ml-offert\/#primaryimage"},"thumbnailUrl":"https:\/\/paracherkaoui.ma\/wp-content\/uploads\/2025\/12\/bioderma-offre-photoderm-ar-spf-50-30-ml-eau-micellaire-100ml-offert.jpg","datePublished":"2025-12-12T16:45:28+00:00","dateModified":"2025-12-12T16:45:31+00:00","breadcrumb":{"@id":"https:\/\/paracherkaoui.ma\/index.php\/produit\/bioderma-offre-photoderm-ar-spf-50-30-ml-eau-micellaire-100ml-offert\/#breadcrumb"},"inLanguage":"fr-FR","potentialAction":[{"@type":"ReadAction","target":["https:\/\/paracherkaoui.ma\/index.php\/produit\/bioderma-offre-photoderm-ar-spf-50-30-ml-eau-micellaire-100ml-offert\/"]}]},{"@type":"ImageObject","inLanguage":"fr-FR","@id":"https:\/\/paracherkaoui.ma\/index.php\/produit\/bioderma-offre-photoderm-ar-spf-50-30-ml-eau-micellaire-100ml-offert\/#primaryimage","url":"https:\/\/paracherkaoui.ma\/wp-content\/uploads\/2025\/12\/bioderma-offre-photoderm-ar-spf-50-30-ml-eau-micellaire-100ml-offert.jpg","contentUrl":"https:\/\/paracherkaoui.ma\/wp-content\/uploads\/2025\/12\/bioderma-offre-photoderm-ar-spf-50-30-ml-eau-micellaire-100ml-offert.jpg","width":700,"height":700},{"@type":"BreadcrumbList","@id":"https:\/\/paracherkaoui.ma\/index.php\/produit\/bioderma-offre-photoderm-ar-spf-50-30-ml-eau-micellaire-100ml-offert\/#breadcrumb","itemListElement":[{"@type":"ListItem","position":1,"name":"Accueil","item":"https:\/\/paracherkaoui.ma\/"},{"@type":"ListItem","position":2,"name":"Boutique","item":"https:\/\/paracherkaoui.ma\/index.php\/boutique\/"},{"@type":"ListItem","position":3,"name":"BIODERMA OFFRE PHOTODERM AR SPF 50+ 30 ML + EAU MICELLAIRE 100ML OFFERT"}]},{"@type":"WebSite","@id":"https:\/\/paracherkaoui.ma\/#website","url":"https:\/\/paracherkaoui.ma\/","name":"Paracherkaoui.ma","description":"Achetez en ligne sur Paracherkaoui.ma","potentialAction":[{"@type":"SearchAction","target":{"@type":"EntryPoint","urlTemplate":"https:\/\/paracherkaoui.ma\/?s={search_term_string}"},"query-input":{"@type":"PropertyValueSpecification","valueRequired":true,"valueName":"search_term_string"}}],"inLanguage":"fr-FR"}]}},"_links":{"self":[{"href":"https:\/\/paracherkaoui.ma\/index.php\/wp-json\/wp\/v2\/product\/11936","targetHints":{"allow":["GET"]}}],"collection":[{"href":"https:\/\/paracherkaoui.ma\/index.php\/wp-json\/wp\/v2\/product"}],"about":[{"href":"https:\/\/paracherkaoui.ma\/index.php\/wp-json\/wp\/v2\/types\/product"}],"replies":[{"embeddable":true,"href":"https:\/\/paracherkaoui.ma\/index.php\/wp-json\/wp\/v2\/comments?post=11936"}],"version-history":[{"count":1,"href":"https:\/\/paracherkaoui.ma\/index.php\/wp-json\/wp\/v2\/product\/11936\/revisions"}],"predecessor-version":[{"id":11977,"href":"https:\/\/paracherkaoui.ma\/index.php\/wp-json\/wp\/v2\/product\/11936\/revisions\/11977"}],"wp:featuredmedia":[{"embeddable":true,"href":"https:\/\/paracherkaoui.ma\/index.php\/wp-json\/wp\/v2\/media\/11976"}],"wp:attachment":[{"href":"https:\/\/paracherkaoui.ma\/index.php\/wp-json\/wp\/v2\/media?parent=11936"}],"wp:term":[{"taxonomy":"product_brand","embeddable":true,"href":"https:\/\/paracherkaoui.ma\/index.php\/wp-json\/wp\/v2\/product_brand?post=11936"},{"taxonomy":"product_cat","embeddable":true,"href":"https:\/\/paracherkaoui.ma\/index.php\/wp-json\/wp\/v2\/product_cat?post=11936"},{"taxonomy":"product_tag","embeddable":true,"href":"https:\/\/paracherkaoui.ma\/index.php\/wp-json\/wp\/v2\/product_tag?post=11936"}],"curies":[{"name":"wp","href":"https:\/\/api.w.org\/{rel}","templated":true}]}}