{"id":11931,"date":"2025-12-12T17:45:28","date_gmt":"2025-12-12T16:45:28","guid":{"rendered":"https:\/\/test.ecbeaute.com\/?post_type=product&#038;p=11931"},"modified":"2025-12-12T17:45:30","modified_gmt":"2025-12-12T16:45:30","slug":"cetaphil-creme-eclaircissant-jour-spf15","status":"publish","type":"product","link":"https:\/\/paracherkaoui.ma\/index.php\/produit\/cetaphil-creme-eclaircissant-jour-spf15\/","title":{"rendered":"CETAPHIL CREME ECLAIRCISSANT JOUR SPF15"},"content":{"rendered":"<p>Cr\u00e8me de jour protectrice \u00e9claircissante Cetaphil Bright Healthy Radiance<br \/>\nLes principaux composants sont le Niacinamide ou vitamine B3 et des extraits naturels de fleurs de Jonquille de Mer.<br \/>\ncaract\u00e9ristique<br \/>\n&#8211; Aide \u00e0 estomper les taches brunes<br \/>\n&#8211; Ajustez la couleur de la peau pour qu&rsquo;elle soit uniforme sur toute la peau. La peau est plus radieuse. hydratant Pr\u00eat \u00e0 r\u00e9v\u00e9ler la peau et \u00e0 para\u00eetre radieux de l&rsquo;int\u00e9rieur.<br \/>\n&#8211; Aide la peau \u00e0 \u00eatre naturellement lumineuse et belle<br \/>\n&#8211; Prot\u00e8ge la peau du soleil, qui provoque des taches brunes avec SPF15.<br \/>\n&#8211; Aide \u00e0 \u00e9quilibrer le teint de la peau<\/p>\n","protected":false},"excerpt":{"rendered":"<p>Cr\u00e8me de jour protectrice \u00e9claircissante Cetaphil Bright Healthy Radiance Les principaux composants sont le Niacinamide ou vitamine B3 et des<\/p>\n","protected":false},"featured_media":11967,"comment_status":"open","ping_status":"closed","template":"","meta":[],"product_brand":[150],"product_cat":[153],"product_tag":[],"class_list":{"0":"post-11931","1":"product","2":"type-product","3":"status-publish","4":"has-post-thumbnail","6":"product_brand-cetaphil","7":"product_cat-taches-pigmentaires","9":"first","10":"instock","11":"sale","12":"shipping-taxable","13":"purchasable","14":"product-type-simple"},"yoast_head":"<!-- This site is optimized with the Yoast SEO plugin v26.6 - https:\/\/yoast.com\/wordpress\/plugins\/seo\/ -->\r\n<title>CETAPHIL CREME ECLAIRCISSANT JOUR SPF15 - Paracherkaoui.ma<\/title>\r\n<meta name=\"robots\" content=\"index, follow, max-snippet:-1, max-image-preview:large, max-video-preview:-1\" \/>\r\n<link rel=\"canonical\" href=\"https:\/\/paracherkaoui.ma\/index.php\/produit\/cetaphil-creme-eclaircissant-jour-spf15\/\" \/>\r\n<meta property=\"og:locale\" content=\"fr_FR\" \/>\r\n<meta property=\"og:type\" content=\"article\" \/>\r\n<meta property=\"og:title\" content=\"CETAPHIL CREME ECLAIRCISSANT JOUR SPF15 - Paracherkaoui.ma\" \/>\r\n<meta property=\"og:description\" content=\"Cr\u00e8me de jour protectrice \u00e9claircissante Cetaphil Bright Healthy Radiance Les principaux composants sont le Niacinamide ou vitamine B3 et des\" \/>\r\n<meta property=\"og:url\" content=\"https:\/\/paracherkaoui.ma\/index.php\/produit\/cetaphil-creme-eclaircissant-jour-spf15\/\" \/>\r\n<meta property=\"og:site_name\" content=\"Paracherkaoui.ma\" \/>\r\n<meta property=\"article:modified_time\" content=\"2025-12-12T16:45:30+00:00\" \/>\r\n<meta property=\"og:image\" content=\"https:\/\/paracherkaoui.ma\/wp-content\/uploads\/2025\/12\/cetaphil-cetaphil-creme-eclaircissant-jour-spf15-peaux-matures.jpg\" \/>\r\n\t<meta property=\"og:image:width\" content=\"700\" \/>\r\n\t<meta property=\"og:image:height\" content=\"700\" \/>\r\n\t<meta property=\"og:image:type\" content=\"image\/jpeg\" \/>\r\n<meta name=\"twitter:card\" content=\"summary_large_image\" \/>\r\n<meta name=\"twitter:label1\" content=\"Dur\u00e9e de lecture estim\u00e9e\" \/>\n\t<meta name=\"twitter:data1\" content=\"1 minute\" \/>\r\n<script type=\"application\/ld+json\" class=\"yoast-schema-graph\">{\"@context\":\"https:\/\/schema.org\",\"@graph\":[{\"@type\":\"WebPage\",\"@id\":\"https:\/\/paracherkaoui.ma\/index.php\/produit\/cetaphil-creme-eclaircissant-jour-spf15\/\",\"url\":\"https:\/\/paracherkaoui.ma\/index.php\/produit\/cetaphil-creme-eclaircissant-jour-spf15\/\",\"name\":\"CETAPHIL CREME ECLAIRCISSANT JOUR SPF15 - Paracherkaoui.ma\",\"isPartOf\":{\"@id\":\"https:\/\/paracherkaoui.ma\/#website\"},\"primaryImageOfPage\":{\"@id\":\"https:\/\/paracherkaoui.ma\/index.php\/produit\/cetaphil-creme-eclaircissant-jour-spf15\/#primaryimage\"},\"image\":{\"@id\":\"https:\/\/paracherkaoui.ma\/index.php\/produit\/cetaphil-creme-eclaircissant-jour-spf15\/#primaryimage\"},\"thumbnailUrl\":\"https:\/\/paracherkaoui.ma\/wp-content\/uploads\/2025\/12\/cetaphil-cetaphil-creme-eclaircissant-jour-spf15-peaux-matures.jpg\",\"datePublished\":\"2025-12-12T16:45:28+00:00\",\"dateModified\":\"2025-12-12T16:45:30+00:00\",\"breadcrumb\":{\"@id\":\"https:\/\/paracherkaoui.ma\/index.php\/produit\/cetaphil-creme-eclaircissant-jour-spf15\/#breadcrumb\"},\"inLanguage\":\"fr-FR\",\"potentialAction\":[{\"@type\":\"ReadAction\",\"target\":[\"https:\/\/paracherkaoui.ma\/index.php\/produit\/cetaphil-creme-eclaircissant-jour-spf15\/\"]}]},{\"@type\":\"ImageObject\",\"inLanguage\":\"fr-FR\",\"@id\":\"https:\/\/paracherkaoui.ma\/index.php\/produit\/cetaphil-creme-eclaircissant-jour-spf15\/#primaryimage\",\"url\":\"https:\/\/paracherkaoui.ma\/wp-content\/uploads\/2025\/12\/cetaphil-cetaphil-creme-eclaircissant-jour-spf15-peaux-matures.jpg\",\"contentUrl\":\"https:\/\/paracherkaoui.ma\/wp-content\/uploads\/2025\/12\/cetaphil-cetaphil-creme-eclaircissant-jour-spf15-peaux-matures.jpg\",\"width\":700,\"height\":700},{\"@type\":\"BreadcrumbList\",\"@id\":\"https:\/\/paracherkaoui.ma\/index.php\/produit\/cetaphil-creme-eclaircissant-jour-spf15\/#breadcrumb\",\"itemListElement\":[{\"@type\":\"ListItem\",\"position\":1,\"name\":\"Accueil\",\"item\":\"https:\/\/paracherkaoui.ma\/\"},{\"@type\":\"ListItem\",\"position\":2,\"name\":\"Boutique\",\"item\":\"https:\/\/paracherkaoui.ma\/index.php\/boutique\/\"},{\"@type\":\"ListItem\",\"position\":3,\"name\":\"CETAPHIL CREME ECLAIRCISSANT JOUR SPF15\"}]},{\"@type\":\"WebSite\",\"@id\":\"https:\/\/paracherkaoui.ma\/#website\",\"url\":\"https:\/\/paracherkaoui.ma\/\",\"name\":\"Paracherkaoui.ma\",\"description\":\"Achetez en ligne sur Paracherkaoui.ma\",\"potentialAction\":[{\"@type\":\"SearchAction\",\"target\":{\"@type\":\"EntryPoint\",\"urlTemplate\":\"https:\/\/paracherkaoui.ma\/?s={search_term_string}\"},\"query-input\":{\"@type\":\"PropertyValueSpecification\",\"valueRequired\":true,\"valueName\":\"search_term_string\"}}],\"inLanguage\":\"fr-FR\"}]}<\/script>\r\n<!-- \/ Yoast SEO plugin. -->","yoast_head_json":{"title":"CETAPHIL CREME ECLAIRCISSANT JOUR SPF15 - Paracherkaoui.ma","robots":{"index":"index","follow":"follow","max-snippet":"max-snippet:-1","max-image-preview":"max-image-preview:large","max-video-preview":"max-video-preview:-1"},"canonical":"https:\/\/paracherkaoui.ma\/index.php\/produit\/cetaphil-creme-eclaircissant-jour-spf15\/","og_locale":"fr_FR","og_type":"article","og_title":"CETAPHIL CREME ECLAIRCISSANT JOUR SPF15 - Paracherkaoui.ma","og_description":"Cr\u00e8me de jour protectrice \u00e9claircissante Cetaphil Bright Healthy Radiance Les principaux composants sont le Niacinamide ou vitamine B3 et des","og_url":"https:\/\/paracherkaoui.ma\/index.php\/produit\/cetaphil-creme-eclaircissant-jour-spf15\/","og_site_name":"Paracherkaoui.ma","article_modified_time":"2025-12-12T16:45:30+00:00","og_image":[{"width":700,"height":700,"url":"https:\/\/paracherkaoui.ma\/wp-content\/uploads\/2025\/12\/cetaphil-cetaphil-creme-eclaircissant-jour-spf15-peaux-matures.jpg","type":"image\/jpeg"}],"twitter_card":"summary_large_image","twitter_misc":{"Dur\u00e9e de lecture estim\u00e9e":"1 minute"},"schema":{"@context":"https:\/\/schema.org","@graph":[{"@type":"WebPage","@id":"https:\/\/paracherkaoui.ma\/index.php\/produit\/cetaphil-creme-eclaircissant-jour-spf15\/","url":"https:\/\/paracherkaoui.ma\/index.php\/produit\/cetaphil-creme-eclaircissant-jour-spf15\/","name":"CETAPHIL CREME ECLAIRCISSANT JOUR SPF15 - Paracherkaoui.ma","isPartOf":{"@id":"https:\/\/paracherkaoui.ma\/#website"},"primaryImageOfPage":{"@id":"https:\/\/paracherkaoui.ma\/index.php\/produit\/cetaphil-creme-eclaircissant-jour-spf15\/#primaryimage"},"image":{"@id":"https:\/\/paracherkaoui.ma\/index.php\/produit\/cetaphil-creme-eclaircissant-jour-spf15\/#primaryimage"},"thumbnailUrl":"https:\/\/paracherkaoui.ma\/wp-content\/uploads\/2025\/12\/cetaphil-cetaphil-creme-eclaircissant-jour-spf15-peaux-matures.jpg","datePublished":"2025-12-12T16:45:28+00:00","dateModified":"2025-12-12T16:45:30+00:00","breadcrumb":{"@id":"https:\/\/paracherkaoui.ma\/index.php\/produit\/cetaphil-creme-eclaircissant-jour-spf15\/#breadcrumb"},"inLanguage":"fr-FR","potentialAction":[{"@type":"ReadAction","target":["https:\/\/paracherkaoui.ma\/index.php\/produit\/cetaphil-creme-eclaircissant-jour-spf15\/"]}]},{"@type":"ImageObject","inLanguage":"fr-FR","@id":"https:\/\/paracherkaoui.ma\/index.php\/produit\/cetaphil-creme-eclaircissant-jour-spf15\/#primaryimage","url":"https:\/\/paracherkaoui.ma\/wp-content\/uploads\/2025\/12\/cetaphil-cetaphil-creme-eclaircissant-jour-spf15-peaux-matures.jpg","contentUrl":"https:\/\/paracherkaoui.ma\/wp-content\/uploads\/2025\/12\/cetaphil-cetaphil-creme-eclaircissant-jour-spf15-peaux-matures.jpg","width":700,"height":700},{"@type":"BreadcrumbList","@id":"https:\/\/paracherkaoui.ma\/index.php\/produit\/cetaphil-creme-eclaircissant-jour-spf15\/#breadcrumb","itemListElement":[{"@type":"ListItem","position":1,"name":"Accueil","item":"https:\/\/paracherkaoui.ma\/"},{"@type":"ListItem","position":2,"name":"Boutique","item":"https:\/\/paracherkaoui.ma\/index.php\/boutique\/"},{"@type":"ListItem","position":3,"name":"CETAPHIL CREME ECLAIRCISSANT JOUR SPF15"}]},{"@type":"WebSite","@id":"https:\/\/paracherkaoui.ma\/#website","url":"https:\/\/paracherkaoui.ma\/","name":"Paracherkaoui.ma","description":"Achetez en ligne sur Paracherkaoui.ma","potentialAction":[{"@type":"SearchAction","target":{"@type":"EntryPoint","urlTemplate":"https:\/\/paracherkaoui.ma\/?s={search_term_string}"},"query-input":{"@type":"PropertyValueSpecification","valueRequired":true,"valueName":"search_term_string"}}],"inLanguage":"fr-FR"}]}},"_links":{"self":[{"href":"https:\/\/paracherkaoui.ma\/index.php\/wp-json\/wp\/v2\/product\/11931","targetHints":{"allow":["GET"]}}],"collection":[{"href":"https:\/\/paracherkaoui.ma\/index.php\/wp-json\/wp\/v2\/product"}],"about":[{"href":"https:\/\/paracherkaoui.ma\/index.php\/wp-json\/wp\/v2\/types\/product"}],"replies":[{"embeddable":true,"href":"https:\/\/paracherkaoui.ma\/index.php\/wp-json\/wp\/v2\/comments?post=11931"}],"version-history":[{"count":1,"href":"https:\/\/paracherkaoui.ma\/index.php\/wp-json\/wp\/v2\/product\/11931\/revisions"}],"predecessor-version":[{"id":11968,"href":"https:\/\/paracherkaoui.ma\/index.php\/wp-json\/wp\/v2\/product\/11931\/revisions\/11968"}],"wp:featuredmedia":[{"embeddable":true,"href":"https:\/\/paracherkaoui.ma\/index.php\/wp-json\/wp\/v2\/media\/11967"}],"wp:attachment":[{"href":"https:\/\/paracherkaoui.ma\/index.php\/wp-json\/wp\/v2\/media?parent=11931"}],"wp:term":[{"taxonomy":"product_brand","embeddable":true,"href":"https:\/\/paracherkaoui.ma\/index.php\/wp-json\/wp\/v2\/product_brand?post=11931"},{"taxonomy":"product_cat","embeddable":true,"href":"https:\/\/paracherkaoui.ma\/index.php\/wp-json\/wp\/v2\/product_cat?post=11931"},{"taxonomy":"product_tag","embeddable":true,"href":"https:\/\/paracherkaoui.ma\/index.php\/wp-json\/wp\/v2\/product_tag?post=11931"}],"curies":[{"name":"wp","href":"https:\/\/api.w.org\/{rel}","templated":true}]}}